{"id":29649,"date":"2025-09-11T00:57:26","date_gmt":"2025-09-11T00:57:26","guid":{"rendered":"https:\/\/www.orto24.lt\/3d-foot-scanning\/"},"modified":"2025-10-01T13:29:19","modified_gmt":"2025-10-01T13:29:19","slug":"3d-foot-scanning","status":"publish","type":"page","link":"https:\/\/www.orto24.lt\/en\/3d-foot-scanning\/","title":{"rendered":"3D Foot Scanning"},"content":{"rendered":"\t\t<div data-elementor-type=\"wp-page\" data-elementor-id=\"29649\" class=\"elementor elementor-29649 elementor-29326\" data-elementor-post-type=\"page\">\n\t\t\t\t<div class=\"wd-negative-gap elementor-element elementor-element-2c899c8 e-flex e-con-boxed e-con e-parent\" data-id=\"2c899c8\" data-element_type=\"container\">\n\t\t\t\t\t<div class=\"e-con-inner\">\n\t\t<div class=\"elementor-element elementor-element-be35822 e-con-full e-flex e-con e-child\" data-id=\"be35822\" data-element_type=\"container\">\n\t\t\t\t<div class=\"elementor-element elementor-element-1fb4b8b elementor-widget elementor-widget-image\" data-id=\"1fb4b8b\" data-element_type=\"widget\" data-widget_type=\"image.default\">\n\t\t\t\t\t\t\t\t\t\t\t\t\t\t\t<img fetchpriority=\"high\" decoding=\"async\" width=\"728\" height=\"397\" src=\"https:\/\/www.orto24.lt\/wp-content\/uploads\/2025\/09\/xpod.png\" class=\"attachment-large size-large wp-image-29614\" alt=\"\" srcset=\"https:\/\/www.orto24.lt\/wp-content\/uploads\/2025\/09\/xpod.png 728w, https:\/\/www.orto24.lt\/wp-content\/uploads\/2025\/09\/xpod-150x82.png 150w, https:\/\/www.orto24.lt\/wp-content\/uploads\/2025\/09\/xpod-500x273.png 500w, https:\/\/www.orto24.lt\/wp-content\/uploads\/2025\/09\/xpod-400x218.png 400w\" sizes=\"(max-width: 728px) 100vw, 728px\" \/>\t\t\t\t\t\t\t\t\t\t\t\t\t\t\t<\/div>\n\t\t\t\t<\/div>\n\t\t<div class=\"elementor-element elementor-element-72a5d7c e-con-full e-flex e-con e-child\" data-id=\"72a5d7c\" data-element_type=\"container\">\n\t\t\t\t<div class=\"elementor-element elementor-element-e60f9dc color-scheme-inherit text-left elementor-widget elementor-widget-text-editor\" data-id=\"e60f9dc\" data-element_type=\"widget\" data-widget_type=\"text-editor.default\">\n\t\t\t\t\t\t\t\t\t<h2>3D Foot Scanning \u2013 for Healthy and Comfortable Feet<\/h2>\n    <p>\nDo you feel foot fatigue, pain, or discomfort? In our clinic, we perform next-generation <strong>3D foot scanning<\/strong>, which allows us to accurately determine your foot position, load distribution, and identify issues that may cause pain in the knees, hips, or back.\n    <\/p>\n    <p>\n Based on the scanning data, we create custom-made orthopedic insoles that not only provide comfort but also help prevent long-term health problems.\n    <\/p>\t\t\t\t\t\t\t\t<\/div>\n\t\t\t\t<\/div>\n\t\t\t\t\t<\/div>\n\t\t\t\t<\/div>\n\t\t<div class=\"wd-negative-gap elementor-element elementor-element-e07c12e e-flex e-con-boxed e-con e-parent\" data-id=\"e07c12e\" data-element_type=\"container\">\n\t\t\t\t\t<div class=\"e-con-inner\">\n\t\t<div class=\"elementor-element elementor-element-0a2d534 e-con-full e-flex e-con e-child\" data-id=\"0a2d534\" data-element_type=\"container\">\n\t\t\t\t<div class=\"elementor-element elementor-element-0e2e0fb color-scheme-inherit text-left elementor-widget elementor-widget-text-editor\" data-id=\"0e2e0fb\" data-element_type=\"widget\" data-widget_type=\"text-editor.default\">\n\t\t\t\t\t\t\t\t\t<h3>Why choose custom insoles?<\/h3><ul><li>Corrects foot alignment<\/li><li>Reduces stress on joints and the back<\/li><li>Provides comfort in daily life and during sports activities<\/li><li>Suitable for both children and adults<\/li><\/ul><p><strong>Invest in your health \u2013 every step should be light and comfortable!<\/strong><\/p>\t\t\t\t\t\t\t\t<\/div>\n\t\t\t\t<\/div>\n\t\t<div class=\"elementor-element elementor-element-11a443f e-con-full e-flex e-con e-child\" data-id=\"11a443f\" data-element_type=\"container\">\n\t\t\t\t<div class=\"elementor-element elementor-element-6942424 color-scheme-inherit text-left elementor-widget elementor-widget-text-editor\" data-id=\"6942424\" data-element_type=\"widget\" data-widget_type=\"text-editor.default\">\n\t\t\t\t\t\t\t\t\t<h3>Where is 3D foot scanning performed?<\/h3><p><strong>In Vilnius<\/strong>: A. Juozapavi\u010diaus St. 9A-170<br><strong>In Utena<\/strong>: Sodo St. 5<\/p><p><strong>Register for a 3D foot scan today and feel the difference!<\/strong><\/p>\t\t\t\t\t\t\t\t<\/div>\n\t\t\t\t<\/div>\n\t\t\t\t\t<\/div>\n\t\t\t\t<\/div>\n\t\t\t\t<\/div>\n\t\t","protected":false},"excerpt":{"rendered":"<p>3D Foot Scanning \u2013 for Healthy and Comfortable Feet Do you feel foot fatigue, pain, or discomfort? In our clinic,<\/p>\n","protected":false},"author":1,"featured_media":0,"parent":0,"menu_order":0,"comment_status":"closed","ping_status":"closed","template":"","meta":{"footnotes":""},"class_list":["post-29649","page","type-page","status-publish","hentry"],"yoast_head":"<!-- This site is optimized with the Yoast SEO plugin v26.0 - https:\/\/yoast.com\/wordpress\/plugins\/seo\/ -->\n<title>3D Foot Scanning - Ortopedini\u0173 preki\u0173 parduotuv\u0117 - orto24.lt<\/title>\n<meta name=\"robots\" content=\"index, follow, max-snippet:-1, max-image-preview:large, max-video-preview:-1\" \/>\n<link rel=\"canonical\" href=\"https:\/\/www.orto24.lt\/en\/3d-foot-scanning\/\" \/>\n<meta property=\"og:locale\" content=\"en_US\" \/>\n<meta property=\"og:type\" content=\"article\" \/>\n<meta property=\"og:title\" content=\"3D Foot Scanning - Ortopedini\u0173 preki\u0173 parduotuv\u0117 - orto24.lt\" \/>\n<meta property=\"og:description\" content=\"3D Foot Scanning \u2013 for Healthy and Comfortable Feet Do you feel foot fatigue, pain, or discomfort? In our clinic,\" \/>\n<meta property=\"og:url\" content=\"https:\/\/www.orto24.lt\/en\/3d-foot-scanning\/\" \/>\n<meta property=\"og:site_name\" content=\"Ortopedini\u0173 preki\u0173 parduotuv\u0117 - orto24.lt\" \/>\n<meta property=\"article:publisher\" content=\"https:\/\/www.facebook.com\/mtsprendimai\/\" \/>\n<meta property=\"article:modified_time\" content=\"2025-10-01T13:29:19+00:00\" \/>\n<meta property=\"og:image\" content=\"https:\/\/www.orto24.lt\/wp-content\/uploads\/2025\/09\/xpod.png\" \/>\n\t<meta property=\"og:image:width\" content=\"728\" \/>\n\t<meta property=\"og:image:height\" content=\"397\" \/>\n\t<meta property=\"og:image:type\" content=\"image\/png\" \/>\n<meta name=\"twitter:card\" content=\"summary_large_image\" \/>\n<meta name=\"twitter:label1\" content=\"Est. reading time\" \/>\n\t<meta name=\"twitter:data1\" content=\"1 minute\" \/>\n<script type=\"application\/ld+json\" class=\"yoast-schema-graph\">{\"@context\":\"https:\/\/schema.org\",\"@graph\":[{\"@type\":\"WebPage\",\"@id\":\"https:\/\/www.orto24.lt\/en\/3d-foot-scanning\/\",\"url\":\"https:\/\/www.orto24.lt\/en\/3d-foot-scanning\/\",\"name\":\"3D Foot Scanning - Ortopedini\u0173 preki\u0173 parduotuv\u0117 - orto24.lt\",\"isPartOf\":{\"@id\":\"https:\/\/www.orto24.lt\/en\/#website\"},\"primaryImageOfPage\":{\"@id\":\"https:\/\/www.orto24.lt\/en\/3d-foot-scanning\/#primaryimage\"},\"image\":{\"@id\":\"https:\/\/www.orto24.lt\/en\/3d-foot-scanning\/#primaryimage\"},\"thumbnailUrl\":\"https:\/\/www.orto24.lt\/wp-content\/uploads\/2025\/09\/xpod.png\",\"datePublished\":\"2025-09-11T00:57:26+00:00\",\"dateModified\":\"2025-10-01T13:29:19+00:00\",\"breadcrumb\":{\"@id\":\"https:\/\/www.orto24.lt\/en\/3d-foot-scanning\/#breadcrumb\"},\"inLanguage\":\"en-US\",\"potentialAction\":[{\"@type\":\"ReadAction\",\"target\":[\"https:\/\/www.orto24.lt\/en\/3d-foot-scanning\/\"]}]},{\"@type\":\"ImageObject\",\"inLanguage\":\"en-US\",\"@id\":\"https:\/\/www.orto24.lt\/en\/3d-foot-scanning\/#primaryimage\",\"url\":\"https:\/\/www.orto24.lt\/wp-content\/uploads\/2025\/09\/xpod.png\",\"contentUrl\":\"https:\/\/www.orto24.lt\/wp-content\/uploads\/2025\/09\/xpod.png\"},{\"@type\":\"BreadcrumbList\",\"@id\":\"https:\/\/www.orto24.lt\/en\/3d-foot-scanning\/#breadcrumb\",\"itemListElement\":[{\"@type\":\"ListItem\",\"position\":1,\"name\":\"Home\",\"item\":\"https:\/\/www.orto24.lt\/en\/\"},{\"@type\":\"ListItem\",\"position\":2,\"name\":\"3D Foot Scanning\"}]},{\"@type\":\"WebSite\",\"@id\":\"https:\/\/www.orto24.lt\/en\/#website\",\"url\":\"https:\/\/www.orto24.lt\/en\/\",\"name\":\"Ortopedini\u0173 preki\u0173 parduotuv\u0117 - orto24.lt\",\"description\":\"| orto24.lt\",\"potentialAction\":[{\"@type\":\"SearchAction\",\"target\":{\"@type\":\"EntryPoint\",\"urlTemplate\":\"https:\/\/www.orto24.lt\/en\/?s={search_term_string}\"},\"query-input\":{\"@type\":\"PropertyValueSpecification\",\"valueRequired\":true,\"valueName\":\"search_term_string\"}}],\"inLanguage\":\"en-US\"}]}<\/script>\n<!-- \/ Yoast SEO plugin. -->","yoast_head_json":{"title":"3D Foot Scanning - Ortopedini\u0173 preki\u0173 parduotuv\u0117 - orto24.lt","robots":{"index":"index","follow":"follow","max-snippet":"max-snippet:-1","max-image-preview":"max-image-preview:large","max-video-preview":"max-video-preview:-1"},"canonical":"https:\/\/www.orto24.lt\/en\/3d-foot-scanning\/","og_locale":"en_US","og_type":"article","og_title":"3D Foot Scanning - Ortopedini\u0173 preki\u0173 parduotuv\u0117 - orto24.lt","og_description":"3D Foot Scanning \u2013 for Healthy and Comfortable Feet Do you feel foot fatigue, pain, or discomfort? In our clinic,","og_url":"https:\/\/www.orto24.lt\/en\/3d-foot-scanning\/","og_site_name":"Ortopedini\u0173 preki\u0173 parduotuv\u0117 - orto24.lt","article_publisher":"https:\/\/www.facebook.com\/mtsprendimai\/","article_modified_time":"2025-10-01T13:29:19+00:00","og_image":[{"width":728,"height":397,"url":"https:\/\/www.orto24.lt\/wp-content\/uploads\/2025\/09\/xpod.png","type":"image\/png"}],"twitter_card":"summary_large_image","twitter_misc":{"Est. reading time":"1 minute"},"schema":{"@context":"https:\/\/schema.org","@graph":[{"@type":"WebPage","@id":"https:\/\/www.orto24.lt\/en\/3d-foot-scanning\/","url":"https:\/\/www.orto24.lt\/en\/3d-foot-scanning\/","name":"3D Foot Scanning - Ortopedini\u0173 preki\u0173 parduotuv\u0117 - orto24.lt","isPartOf":{"@id":"https:\/\/www.orto24.lt\/en\/#website"},"primaryImageOfPage":{"@id":"https:\/\/www.orto24.lt\/en\/3d-foot-scanning\/#primaryimage"},"image":{"@id":"https:\/\/www.orto24.lt\/en\/3d-foot-scanning\/#primaryimage"},"thumbnailUrl":"https:\/\/www.orto24.lt\/wp-content\/uploads\/2025\/09\/xpod.png","datePublished":"2025-09-11T00:57:26+00:00","dateModified":"2025-10-01T13:29:19+00:00","breadcrumb":{"@id":"https:\/\/www.orto24.lt\/en\/3d-foot-scanning\/#breadcrumb"},"inLanguage":"en-US","potentialAction":[{"@type":"ReadAction","target":["https:\/\/www.orto24.lt\/en\/3d-foot-scanning\/"]}]},{"@type":"ImageObject","inLanguage":"en-US","@id":"https:\/\/www.orto24.lt\/en\/3d-foot-scanning\/#primaryimage","url":"https:\/\/www.orto24.lt\/wp-content\/uploads\/2025\/09\/xpod.png","contentUrl":"https:\/\/www.orto24.lt\/wp-content\/uploads\/2025\/09\/xpod.png"},{"@type":"BreadcrumbList","@id":"https:\/\/www.orto24.lt\/en\/3d-foot-scanning\/#breadcrumb","itemListElement":[{"@type":"ListItem","position":1,"name":"Home","item":"https:\/\/www.orto24.lt\/en\/"},{"@type":"ListItem","position":2,"name":"3D Foot Scanning"}]},{"@type":"WebSite","@id":"https:\/\/www.orto24.lt\/en\/#website","url":"https:\/\/www.orto24.lt\/en\/","name":"Ortopedini\u0173 preki\u0173 parduotuv\u0117 - orto24.lt","description":"| orto24.lt","potentialAction":[{"@type":"SearchAction","target":{"@type":"EntryPoint","urlTemplate":"https:\/\/www.orto24.lt\/en\/?s={search_term_string}"},"query-input":{"@type":"PropertyValueSpecification","valueRequired":true,"valueName":"search_term_string"}}],"inLanguage":"en-US"}]}},"_hostinger_reach_plugin_has_subscription_block":false,"_hostinger_reach_plugin_is_elementor":false,"_links":{"self":[{"href":"https:\/\/www.orto24.lt\/en\/wp-json\/wp\/v2\/pages\/29649","targetHints":{"allow":["GET"]}}],"collection":[{"href":"https:\/\/www.orto24.lt\/en\/wp-json\/wp\/v2\/pages"}],"about":[{"href":"https:\/\/www.orto24.lt\/en\/wp-json\/wp\/v2\/types\/page"}],"author":[{"embeddable":true,"href":"https:\/\/www.orto24.lt\/en\/wp-json\/wp\/v2\/users\/1"}],"replies":[{"embeddable":true,"href":"https:\/\/www.orto24.lt\/en\/wp-json\/wp\/v2\/comments?post=29649"}],"version-history":[{"count":2,"href":"https:\/\/www.orto24.lt\/en\/wp-json\/wp\/v2\/pages\/29649\/revisions"}],"predecessor-version":[{"id":30875,"href":"https:\/\/www.orto24.lt\/en\/wp-json\/wp\/v2\/pages\/29649\/revisions\/30875"}],"wp:attachment":[{"href":"https:\/\/www.orto24.lt\/en\/wp-json\/wp\/v2\/media?parent=29649"}],"curies":[{"name":"wp","href":"https:\/\/api.w.org\/{rel}","templated":true}]}}