{"id":29665,"date":"2015-03-30T13:41:11","date_gmt":"2015-03-30T13:41:11","guid":{"rendered":"https:\/\/www.orto24.lt\/produktas\/prim-wrist-splint-long\/"},"modified":"2026-04-25T17:04:38","modified_gmt":"2026-04-25T17:04:38","slug":"prim-wrist-splint-long","status":"publish","type":"product","link":"https:\/\/www.orto24.lt\/en\/produktas\/prim-wrist-splint-long\/","title":{"rendered":"PRIM wrist splint (long)"},"content":{"rendered":"<p>Wrist splint with metal bands for fixation, reinforcement and immobilisation.<\/p>\n<p>&nbsp;<\/p>\n<p><img fetchpriority=\"high\" decoding=\"async\" class=\"size-full wp-image-6533 alignright\" src=\"https:\/\/www.orto24.lt\/wp-content\/uploads\/2016\/03\/Ref.TLS256_TLS255.jpg\" alt=\"Ref.TLS256_TLS255\" width=\"300\" height=\"300\" srcset=\"https:\/\/www.orto24.lt\/wp-content\/uploads\/2016\/03\/Ref.TLS256_TLS255.jpg 300w, https:\/\/www.orto24.lt\/wp-content\/uploads\/2016\/03\/Ref.TLS256_TLS255-150x150.jpg 150w, https:\/\/www.orto24.lt\/wp-content\/uploads\/2016\/03\/Ref.TLS256_TLS255-100x100.jpg 100w, https:\/\/www.orto24.lt\/wp-content\/uploads\/2016\/03\/Ref.TLS256_TLS255-24x24.jpg 24w, https:\/\/www.orto24.lt\/wp-content\/uploads\/2016\/03\/Ref.TLS256_TLS255-36x36.jpg 36w, https:\/\/www.orto24.lt\/wp-content\/uploads\/2016\/03\/Ref.TLS256_TLS255-48x48.jpg 48w\" sizes=\"(max-width: 300px) 100vw, 300px\" \/><\/p>\n<p>&nbsp;<\/p>\n<ul>\n<li>Breathable, triple-layered, skin-friendly material;<\/li>\n<li>Metal straps anatomically moulded for a perfect fit;<\/li>\n<li>The central strap allows you to adjust to your desired position.<\/li>\n<\/ul>\n<p>&nbsp;<\/p>\n<p><img decoding=\"async\" class=\"aligncenter wp-image-6542 size-large\" src=\"https:\/\/www.orto24.lt\/wp-content\/uploads\/2016\/03\/7psl-1024x724.png\" alt=\"7psl\" width=\"1024\" height=\"724\" srcset=\"https:\/\/www.orto24.lt\/wp-content\/uploads\/2016\/03\/7psl-1024x724.png 1024w, https:\/\/www.orto24.lt\/wp-content\/uploads\/2016\/03\/7psl-150x106.png 150w, https:\/\/www.orto24.lt\/wp-content\/uploads\/2016\/03\/7psl-500x354.png 500w, https:\/\/www.orto24.lt\/wp-content\/uploads\/2016\/03\/7psl-300x212.png 300w, https:\/\/www.orto24.lt\/wp-content\/uploads\/2016\/03\/7psl-768x543.png 768w, https:\/\/www.orto24.lt\/wp-content\/uploads\/2016\/03\/7psl-510x361.png 510w, https:\/\/www.orto24.lt\/wp-content\/uploads\/2016\/03\/7psl-24x17.png 24w, https:\/\/www.orto24.lt\/wp-content\/uploads\/2016\/03\/7psl-36x25.png 36w, https:\/\/www.orto24.lt\/wp-content\/uploads\/2016\/03\/7psl-48x34.png 48w, https:\/\/www.orto24.lt\/wp-content\/uploads\/2016\/03\/7psl.png 1169w\" sizes=\"(max-width: 1024px) 100vw, 1024px\" \/><\/p>\n<p>&nbsp;<\/p>\n<p>&nbsp;<\/p>\n","protected":false},"excerpt":{"rendered":"<p>&nbsp;<\/p>\n<p>Wrist splint with metal bands for fixation, reinforcement and immobilisation.<\/p>\n<p><img decoding=\"async\" class=\"alignnone size-full wp-image-6530\" src=\"https:\/\/www.orto24.lt\/wp-content\/uploads\/2016\/03\/primlog.png\" alt=\"primlog\" width=\"325\" height=\"227\" srcset=\"https:\/\/www.orto24.lt\/wp-content\/uploads\/2016\/03\/primlog.png 325w, https:\/\/www.orto24.lt\/wp-content\/uploads\/2016\/03\/primlog-150x105.png 150w, https:\/\/www.orto24.lt\/wp-content\/uploads\/2016\/03\/primlog-300x210.png 300w, https:\/\/www.orto24.lt\/wp-content\/uploads\/2016\/03\/primlog-24x17.png 24w, https:\/\/www.orto24.lt\/wp-content\/uploads\/2016\/03\/primlog-36x25.png 36w, https:\/\/www.orto24.lt\/wp-content\/uploads\/2016\/03\/primlog-48x34.png 48w\" sizes=\"(max-width: 325px) 100vw, 325px\" \/><\/p>\n<p>&nbsp;<\/p>\n","protected":false},"featured_media":29671,"comment_status":"open","ping_status":"closed","template":"","meta":[],"product_brand":[],"product_cat":[1101,1109],"product_tag":[1108,1114,1118,1103,1119,1116,1112,1102,1120,1106,1117],"class_list":{"0":"post-29665","1":"product","2":"type-product","3":"status-publish","4":"has-post-thumbnail","6":"product_cat-braces","7":"product_cat-wrist-and-finger-splints","8":"product_tag-address","9":"product_tag-breathing","10":"product_tag-carpal-tunnel-syndrome","11":"product_tag-for-the-wrist","12":"product_tag-immobilising","13":"product_tag-pain","14":"product_tag-see","15":"product_tag-splint","16":"product_tag-stable","17":"product_tag-trauma","18":"product_tag-wrist-splint","20":"first","21":"instock","22":"taxable","23":"shipping-taxable","24":"purchasable","25":"product-type-variable"},"yoast_head":"<!-- This site is optimized with the Yoast SEO plugin v26.0 - https:\/\/yoast.com\/wordpress\/plugins\/seo\/ -->\n<title>PRIM wrist splint (long) - Ortopedini\u0173 preki\u0173 parduotuv\u0117 - orto24.lt<\/title>\n<meta name=\"robots\" content=\"index, follow, max-snippet:-1, max-image-preview:large, max-video-preview:-1\" \/>\n<link rel=\"canonical\" href=\"https:\/\/www.orto24.lt\/en\/produktas\/prim-wrist-splint-long\/\" \/>\n<meta property=\"og:locale\" content=\"en_US\" \/>\n<meta property=\"og:type\" content=\"article\" \/>\n<meta property=\"og:title\" content=\"PRIM wrist splint (long) - Ortopedini\u0173 preki\u0173 parduotuv\u0117 - orto24.lt\" \/>\n<meta property=\"og:description\" content=\"&nbsp; Wrist splint with metal bands for fixation, reinforcement and immobilisation.  &nbsp;\" \/>\n<meta property=\"og:url\" content=\"https:\/\/www.orto24.lt\/en\/produktas\/prim-wrist-splint-long\/\" \/>\n<meta property=\"og:site_name\" content=\"Ortopedini\u0173 preki\u0173 parduotuv\u0117 - orto24.lt\" \/>\n<meta property=\"article:publisher\" content=\"https:\/\/www.facebook.com\/mtsprendimai\/\" \/>\n<meta property=\"article:modified_time\" content=\"2026-04-25T17:04:38+00:00\" \/>\n<meta property=\"og:image\" content=\"https:\/\/www.orto24.lt\/wp-content\/uploads\/2015\/03\/204abu.png\" \/>\n\t<meta property=\"og:image:width\" content=\"699\" \/>\n\t<meta property=\"og:image:height\" content=\"699\" \/>\n\t<meta property=\"og:image:type\" content=\"image\/png\" \/>\n<meta name=\"twitter:card\" content=\"summary_large_image\" \/>\n<script type=\"application\/ld+json\" class=\"yoast-schema-graph\">{\"@context\":\"https:\/\/schema.org\",\"@graph\":[{\"@type\":\"WebPage\",\"@id\":\"https:\/\/www.orto24.lt\/en\/produktas\/prim-wrist-splint-long\/\",\"url\":\"https:\/\/www.orto24.lt\/en\/produktas\/prim-wrist-splint-long\/\",\"name\":\"PRIM wrist splint (long) - Ortopedini\u0173 preki\u0173 parduotuv\u0117 - orto24.lt\",\"isPartOf\":{\"@id\":\"https:\/\/www.orto24.lt\/en\/#website\"},\"primaryImageOfPage\":{\"@id\":\"https:\/\/www.orto24.lt\/en\/produktas\/prim-wrist-splint-long\/#primaryimage\"},\"image\":{\"@id\":\"https:\/\/www.orto24.lt\/en\/produktas\/prim-wrist-splint-long\/#primaryimage\"},\"thumbnailUrl\":\"https:\/\/www.orto24.lt\/wp-content\/uploads\/2015\/03\/204abu.png\",\"datePublished\":\"2015-03-30T13:41:11+00:00\",\"dateModified\":\"2026-04-25T17:04:38+00:00\",\"breadcrumb\":{\"@id\":\"https:\/\/www.orto24.lt\/en\/produktas\/prim-wrist-splint-long\/#breadcrumb\"},\"inLanguage\":\"en-US\",\"potentialAction\":[{\"@type\":\"ReadAction\",\"target\":[\"https:\/\/www.orto24.lt\/en\/produktas\/prim-wrist-splint-long\/\"]}]},{\"@type\":\"ImageObject\",\"inLanguage\":\"en-US\",\"@id\":\"https:\/\/www.orto24.lt\/en\/produktas\/prim-wrist-splint-long\/#primaryimage\",\"url\":\"https:\/\/www.orto24.lt\/wp-content\/uploads\/2015\/03\/204abu.png\",\"contentUrl\":\"https:\/\/www.orto24.lt\/wp-content\/uploads\/2015\/03\/204abu.png\",\"width\":699,\"height\":699,\"caption\":\"PRIM wrist splint (long)\"},{\"@type\":\"BreadcrumbList\",\"@id\":\"https:\/\/www.orto24.lt\/en\/produktas\/prim-wrist-splint-long\/#breadcrumb\",\"itemListElement\":[{\"@type\":\"ListItem\",\"position\":1,\"name\":\"Home\",\"item\":\"https:\/\/www.orto24.lt\/en\/\"},{\"@type\":\"ListItem\",\"position\":2,\"name\":\"Shop\",\"item\":\"https:\/\/www.orto24.lt\/en\/shop\/\"},{\"@type\":\"ListItem\",\"position\":3,\"name\":\"PRIM wrist splint (long)\"}]},{\"@type\":\"WebSite\",\"@id\":\"https:\/\/www.orto24.lt\/en\/#website\",\"url\":\"https:\/\/www.orto24.lt\/en\/\",\"name\":\"Ortopedini\u0173 preki\u0173 parduotuv\u0117 - orto24.lt\",\"description\":\"| orto24.lt\",\"potentialAction\":[{\"@type\":\"SearchAction\",\"target\":{\"@type\":\"EntryPoint\",\"urlTemplate\":\"https:\/\/www.orto24.lt\/en\/?s={search_term_string}\"},\"query-input\":{\"@type\":\"PropertyValueSpecification\",\"valueRequired\":true,\"valueName\":\"search_term_string\"}}],\"inLanguage\":\"en-US\"}]}<\/script>\n<!-- \/ Yoast SEO plugin. -->","yoast_head_json":{"title":"PRIM wrist splint (long) - Ortopedini\u0173 preki\u0173 parduotuv\u0117 - orto24.lt","robots":{"index":"index","follow":"follow","max-snippet":"max-snippet:-1","max-image-preview":"max-image-preview:large","max-video-preview":"max-video-preview:-1"},"canonical":"https:\/\/www.orto24.lt\/en\/produktas\/prim-wrist-splint-long\/","og_locale":"en_US","og_type":"article","og_title":"PRIM wrist splint (long) - Ortopedini\u0173 preki\u0173 parduotuv\u0117 - orto24.lt","og_description":"&nbsp; Wrist splint with metal bands for fixation, reinforcement and immobilisation.  &nbsp;","og_url":"https:\/\/www.orto24.lt\/en\/produktas\/prim-wrist-splint-long\/","og_site_name":"Ortopedini\u0173 preki\u0173 parduotuv\u0117 - orto24.lt","article_publisher":"https:\/\/www.facebook.com\/mtsprendimai\/","article_modified_time":"2026-04-25T17:04:38+00:00","og_image":[{"width":699,"height":699,"url":"https:\/\/www.orto24.lt\/wp-content\/uploads\/2015\/03\/204abu.png","type":"image\/png"}],"twitter_card":"summary_large_image","schema":{"@context":"https:\/\/schema.org","@graph":[{"@type":"WebPage","@id":"https:\/\/www.orto24.lt\/en\/produktas\/prim-wrist-splint-long\/","url":"https:\/\/www.orto24.lt\/en\/produktas\/prim-wrist-splint-long\/","name":"PRIM wrist splint (long) - Ortopedini\u0173 preki\u0173 parduotuv\u0117 - orto24.lt","isPartOf":{"@id":"https:\/\/www.orto24.lt\/en\/#website"},"primaryImageOfPage":{"@id":"https:\/\/www.orto24.lt\/en\/produktas\/prim-wrist-splint-long\/#primaryimage"},"image":{"@id":"https:\/\/www.orto24.lt\/en\/produktas\/prim-wrist-splint-long\/#primaryimage"},"thumbnailUrl":"https:\/\/www.orto24.lt\/wp-content\/uploads\/2015\/03\/204abu.png","datePublished":"2015-03-30T13:41:11+00:00","dateModified":"2026-04-25T17:04:38+00:00","breadcrumb":{"@id":"https:\/\/www.orto24.lt\/en\/produktas\/prim-wrist-splint-long\/#breadcrumb"},"inLanguage":"en-US","potentialAction":[{"@type":"ReadAction","target":["https:\/\/www.orto24.lt\/en\/produktas\/prim-wrist-splint-long\/"]}]},{"@type":"ImageObject","inLanguage":"en-US","@id":"https:\/\/www.orto24.lt\/en\/produktas\/prim-wrist-splint-long\/#primaryimage","url":"https:\/\/www.orto24.lt\/wp-content\/uploads\/2015\/03\/204abu.png","contentUrl":"https:\/\/www.orto24.lt\/wp-content\/uploads\/2015\/03\/204abu.png","width":699,"height":699,"caption":"PRIM wrist splint (long)"},{"@type":"BreadcrumbList","@id":"https:\/\/www.orto24.lt\/en\/produktas\/prim-wrist-splint-long\/#breadcrumb","itemListElement":[{"@type":"ListItem","position":1,"name":"Home","item":"https:\/\/www.orto24.lt\/en\/"},{"@type":"ListItem","position":2,"name":"Shop","item":"https:\/\/www.orto24.lt\/en\/shop\/"},{"@type":"ListItem","position":3,"name":"PRIM wrist splint (long)"}]},{"@type":"WebSite","@id":"https:\/\/www.orto24.lt\/en\/#website","url":"https:\/\/www.orto24.lt\/en\/","name":"Ortopedini\u0173 preki\u0173 parduotuv\u0117 - orto24.lt","description":"| orto24.lt","potentialAction":[{"@type":"SearchAction","target":{"@type":"EntryPoint","urlTemplate":"https:\/\/www.orto24.lt\/en\/?s={search_term_string}"},"query-input":{"@type":"PropertyValueSpecification","valueRequired":true,"valueName":"search_term_string"}}],"inLanguage":"en-US"}]}},"_links":{"self":[{"href":"https:\/\/www.orto24.lt\/en\/wp-json\/wp\/v2\/product\/29665","targetHints":{"allow":["GET"]}}],"collection":[{"href":"https:\/\/www.orto24.lt\/en\/wp-json\/wp\/v2\/product"}],"about":[{"href":"https:\/\/www.orto24.lt\/en\/wp-json\/wp\/v2\/types\/product"}],"replies":[{"embeddable":true,"href":"https:\/\/www.orto24.lt\/en\/wp-json\/wp\/v2\/comments?post=29665"}],"version-history":[{"count":0,"href":"https:\/\/www.orto24.lt\/en\/wp-json\/wp\/v2\/product\/29665\/revisions"}],"wp:featuredmedia":[{"embeddable":true,"href":"https:\/\/www.orto24.lt\/en\/wp-json\/wp\/v2\/media\/29671"}],"wp:attachment":[{"href":"https:\/\/www.orto24.lt\/en\/wp-json\/wp\/v2\/media?parent=29665"}],"wp:term":[{"taxonomy":"product_brand","embeddable":true,"href":"https:\/\/www.orto24.lt\/en\/wp-json\/wp\/v2\/product_brand?post=29665"},{"taxonomy":"product_cat","embeddable":true,"href":"https:\/\/www.orto24.lt\/en\/wp-json\/wp\/v2\/product_cat?post=29665"},{"taxonomy":"product_tag","embeddable":true,"href":"https:\/\/www.orto24.lt\/en\/wp-json\/wp\/v2\/product_tag?post=29665"}],"curies":[{"name":"wp","href":"https:\/\/api.w.org\/{rel}","templated":true}]}}