{"id":29672,"date":"2015-10-27T07:16:24","date_gmt":"2015-10-27T07:16:24","guid":{"rendered":"https:\/\/www.orto24.lt\/produktas\/qmed-lumbar-splint\/"},"modified":"2015-10-27T07:16:24","modified_gmt":"2015-10-27T07:16:24","slug":"qmed-lumbar-splint","status":"publish","type":"product","link":"https:\/\/www.orto24.lt\/en\/produktas\/qmed-lumbar-splint\/","title":{"rendered":"Qmed\u00ae Lumbar Splint"},"content":{"rendered":"<p>&nbsp;<\/p>\n<ul>\n<li>Made of elastic bands;<\/li>\n<li>Two adjustable straps allow you to adjust the back compression (depending on the trauma\/injury) and control the dynamic posture correction;<\/li>\n<li>Durable metal hinges provide passive stabilisation.<\/li>\n<\/ul>\n<p>&nbsp;<\/p>\n<p>The height of the railing is 24 cm.<\/p>\n","protected":false},"excerpt":{"rendered":"<ul>\n<li>Made of elastic bands;<\/li>\n<li>Two adjustable straps allow you to adjust the back compression (depending on the trauma\/injury) and control the dynamic posture correction;<\/li>\n<li>Durable metal hinges provide passive stabilisation.<\/li>\n<\/ul>\n<p>&nbsp;<\/p>\n<p>The height of the railing is 24 cm.<\/p>\n<p><img decoding=\"async\" class=\"alignleft wp-image-242\" src=\"https:\/\/www.orto24.lt\/wp-content\/uploads\/2015\/10\/logoQmed-e13d0235aa51aa8e31d149e6c2b7c3ff.png\" alt=\"logoQmed-e13d0235aa51aa8e31d149e6c2b7c3ff\" width=\"143\" height=\"35\" srcset=\"https:\/\/www.orto24.lt\/wp-content\/uploads\/2015\/10\/logoQmed-e13d0235aa51aa8e31d149e6c2b7c3ff.png 236w, https:\/\/www.orto24.lt\/wp-content\/uploads\/2015\/10\/logoQmed-e13d0235aa51aa8e31d149e6c2b7c3ff-150x37.png 150w, https:\/\/www.orto24.lt\/wp-content\/uploads\/2015\/10\/logoQmed-e13d0235aa51aa8e31d149e6c2b7c3ff-24x6.png 24w, https:\/\/www.orto24.lt\/wp-content\/uploads\/2015\/10\/logoQmed-e13d0235aa51aa8e31d149e6c2b7c3ff-36x9.png 36w, https:\/\/www.orto24.lt\/wp-content\/uploads\/2015\/10\/logoQmed-e13d0235aa51aa8e31d149e6c2b7c3ff-48x12.png 48w\" sizes=\"(max-width: 143px) 100vw, 143px\" \/><\/p>\n<p>&nbsp;<\/p>\n<p>&nbsp;<\/p>\n<p>&nbsp;<\/p>\n","protected":false},"featured_media":29682,"comment_status":"open","ping_status":"closed","template":"","meta":[],"product_brand":[],"product_cat":[1124,1101],"product_tag":[1126,1125,1123,1104,1121,1110,1102,1122],"class_list":{"0":"post-29672","1":"product","2":"type-product","3":"status-publish","4":"has-post-thumbnail","6":"product_cat-back-splints","7":"product_cat-braces","8":"product_tag-back-pain","9":"product_tag-back-splint","10":"product_tag-corset","11":"product_tag-for-your-back","12":"product_tag-lumbar-pain","13":"product_tag-qmed","14":"product_tag-splint","15":"product_tag-waist","17":"first","18":"instock","19":"taxable","20":"shipping-taxable","21":"purchasable","22":"product-type-variable"},"yoast_head":"<!-- This site is optimized with the Yoast SEO plugin v26.0 - https:\/\/yoast.com\/wordpress\/plugins\/seo\/ -->\n<title>Qmed\u00ae Lumbar Splint - Ortopedini\u0173 preki\u0173 parduotuv\u0117 - orto24.lt<\/title>\n<meta name=\"robots\" content=\"index, follow, max-snippet:-1, max-image-preview:large, max-video-preview:-1\" \/>\n<link rel=\"canonical\" href=\"https:\/\/www.orto24.lt\/en\/produktas\/qmed-lumbar-splint\/\" \/>\n<meta property=\"og:locale\" content=\"en_US\" \/>\n<meta property=\"og:type\" content=\"article\" \/>\n<meta property=\"og:title\" content=\"Qmed\u00ae Lumbar Splint - Ortopedini\u0173 preki\u0173 parduotuv\u0117 - orto24.lt\" \/>\n<meta property=\"og:description\" content=\"Made of elastic bands;  Two adjustable straps allow you to adjust the back compression (depending on the trauma\/injury) and control the dynamic posture correction;  Durable metal hinges provide passive stabilisation. &nbsp; The height of the railing is 24 cm.  &nbsp; &nbsp; &nbsp;\" \/>\n<meta property=\"og:url\" content=\"https:\/\/www.orto24.lt\/en\/produktas\/qmed-lumbar-splint\/\" \/>\n<meta property=\"og:site_name\" content=\"Ortopedini\u0173 preki\u0173 parduotuv\u0117 - orto24.lt\" \/>\n<meta property=\"article:publisher\" content=\"https:\/\/www.facebook.com\/mtsprendimai\/\" \/>\n<meta property=\"og:image\" content=\"https:\/\/www.orto24.lt\/wp-content\/uploads\/2015\/10\/juosmens-itvaras.jpg\" \/>\n\t<meta property=\"og:image:width\" content=\"800\" \/>\n\t<meta property=\"og:image:height\" content=\"800\" \/>\n\t<meta property=\"og:image:type\" content=\"image\/jpeg\" \/>\n<meta name=\"twitter:card\" content=\"summary_large_image\" \/>\n<script type=\"application\/ld+json\" class=\"yoast-schema-graph\">{\"@context\":\"https:\/\/schema.org\",\"@graph\":[{\"@type\":\"WebPage\",\"@id\":\"https:\/\/www.orto24.lt\/en\/produktas\/qmed-lumbar-splint\/\",\"url\":\"https:\/\/www.orto24.lt\/en\/produktas\/qmed-lumbar-splint\/\",\"name\":\"Qmed\u00ae Lumbar Splint - Ortopedini\u0173 preki\u0173 parduotuv\u0117 - orto24.lt\",\"isPartOf\":{\"@id\":\"https:\/\/www.orto24.lt\/en\/#website\"},\"primaryImageOfPage\":{\"@id\":\"https:\/\/www.orto24.lt\/en\/produktas\/qmed-lumbar-splint\/#primaryimage\"},\"image\":{\"@id\":\"https:\/\/www.orto24.lt\/en\/produktas\/qmed-lumbar-splint\/#primaryimage\"},\"thumbnailUrl\":\"https:\/\/www.orto24.lt\/wp-content\/uploads\/2015\/10\/juosmens-itvaras.jpg\",\"datePublished\":\"2015-10-27T07:16:24+00:00\",\"breadcrumb\":{\"@id\":\"https:\/\/www.orto24.lt\/en\/produktas\/qmed-lumbar-splint\/#breadcrumb\"},\"inLanguage\":\"en-US\",\"potentialAction\":[{\"@type\":\"ReadAction\",\"target\":[\"https:\/\/www.orto24.lt\/en\/produktas\/qmed-lumbar-splint\/\"]}]},{\"@type\":\"ImageObject\",\"inLanguage\":\"en-US\",\"@id\":\"https:\/\/www.orto24.lt\/en\/produktas\/qmed-lumbar-splint\/#primaryimage\",\"url\":\"https:\/\/www.orto24.lt\/wp-content\/uploads\/2015\/10\/juosmens-itvaras.jpg\",\"contentUrl\":\"https:\/\/www.orto24.lt\/wp-content\/uploads\/2015\/10\/juosmens-itvaras.jpg\",\"width\":800,\"height\":800,\"caption\":\"Qmed\u00ae Lumbar Splint\"},{\"@type\":\"BreadcrumbList\",\"@id\":\"https:\/\/www.orto24.lt\/en\/produktas\/qmed-lumbar-splint\/#breadcrumb\",\"itemListElement\":[{\"@type\":\"ListItem\",\"position\":1,\"name\":\"Home\",\"item\":\"https:\/\/www.orto24.lt\/en\/\"},{\"@type\":\"ListItem\",\"position\":2,\"name\":\"Shop\",\"item\":\"https:\/\/www.orto24.lt\/en\/shop\/\"},{\"@type\":\"ListItem\",\"position\":3,\"name\":\"Qmed\u00ae Lumbar Splint\"}]},{\"@type\":\"WebSite\",\"@id\":\"https:\/\/www.orto24.lt\/en\/#website\",\"url\":\"https:\/\/www.orto24.lt\/en\/\",\"name\":\"Ortopedini\u0173 preki\u0173 parduotuv\u0117 - orto24.lt\",\"description\":\"| orto24.lt\",\"potentialAction\":[{\"@type\":\"SearchAction\",\"target\":{\"@type\":\"EntryPoint\",\"urlTemplate\":\"https:\/\/www.orto24.lt\/en\/?s={search_term_string}\"},\"query-input\":{\"@type\":\"PropertyValueSpecification\",\"valueRequired\":true,\"valueName\":\"search_term_string\"}}],\"inLanguage\":\"en-US\"}]}<\/script>\n<!-- \/ Yoast SEO plugin. -->","yoast_head_json":{"title":"Qmed\u00ae Lumbar Splint - Ortopedini\u0173 preki\u0173 parduotuv\u0117 - orto24.lt","robots":{"index":"index","follow":"follow","max-snippet":"max-snippet:-1","max-image-preview":"max-image-preview:large","max-video-preview":"max-video-preview:-1"},"canonical":"https:\/\/www.orto24.lt\/en\/produktas\/qmed-lumbar-splint\/","og_locale":"en_US","og_type":"article","og_title":"Qmed\u00ae Lumbar Splint - Ortopedini\u0173 preki\u0173 parduotuv\u0117 - orto24.lt","og_description":"Made of elastic bands;  Two adjustable straps allow you to adjust the back compression (depending on the trauma\/injury) and control the dynamic posture correction;  Durable metal hinges provide passive stabilisation. &nbsp; The height of the railing is 24 cm.  &nbsp; &nbsp; &nbsp;","og_url":"https:\/\/www.orto24.lt\/en\/produktas\/qmed-lumbar-splint\/","og_site_name":"Ortopedini\u0173 preki\u0173 parduotuv\u0117 - orto24.lt","article_publisher":"https:\/\/www.facebook.com\/mtsprendimai\/","og_image":[{"width":800,"height":800,"url":"https:\/\/www.orto24.lt\/wp-content\/uploads\/2015\/10\/juosmens-itvaras.jpg","type":"image\/jpeg"}],"twitter_card":"summary_large_image","schema":{"@context":"https:\/\/schema.org","@graph":[{"@type":"WebPage","@id":"https:\/\/www.orto24.lt\/en\/produktas\/qmed-lumbar-splint\/","url":"https:\/\/www.orto24.lt\/en\/produktas\/qmed-lumbar-splint\/","name":"Qmed\u00ae Lumbar Splint - Ortopedini\u0173 preki\u0173 parduotuv\u0117 - orto24.lt","isPartOf":{"@id":"https:\/\/www.orto24.lt\/en\/#website"},"primaryImageOfPage":{"@id":"https:\/\/www.orto24.lt\/en\/produktas\/qmed-lumbar-splint\/#primaryimage"},"image":{"@id":"https:\/\/www.orto24.lt\/en\/produktas\/qmed-lumbar-splint\/#primaryimage"},"thumbnailUrl":"https:\/\/www.orto24.lt\/wp-content\/uploads\/2015\/10\/juosmens-itvaras.jpg","datePublished":"2015-10-27T07:16:24+00:00","breadcrumb":{"@id":"https:\/\/www.orto24.lt\/en\/produktas\/qmed-lumbar-splint\/#breadcrumb"},"inLanguage":"en-US","potentialAction":[{"@type":"ReadAction","target":["https:\/\/www.orto24.lt\/en\/produktas\/qmed-lumbar-splint\/"]}]},{"@type":"ImageObject","inLanguage":"en-US","@id":"https:\/\/www.orto24.lt\/en\/produktas\/qmed-lumbar-splint\/#primaryimage","url":"https:\/\/www.orto24.lt\/wp-content\/uploads\/2015\/10\/juosmens-itvaras.jpg","contentUrl":"https:\/\/www.orto24.lt\/wp-content\/uploads\/2015\/10\/juosmens-itvaras.jpg","width":800,"height":800,"caption":"Qmed\u00ae Lumbar Splint"},{"@type":"BreadcrumbList","@id":"https:\/\/www.orto24.lt\/en\/produktas\/qmed-lumbar-splint\/#breadcrumb","itemListElement":[{"@type":"ListItem","position":1,"name":"Home","item":"https:\/\/www.orto24.lt\/en\/"},{"@type":"ListItem","position":2,"name":"Shop","item":"https:\/\/www.orto24.lt\/en\/shop\/"},{"@type":"ListItem","position":3,"name":"Qmed\u00ae Lumbar Splint"}]},{"@type":"WebSite","@id":"https:\/\/www.orto24.lt\/en\/#website","url":"https:\/\/www.orto24.lt\/en\/","name":"Ortopedini\u0173 preki\u0173 parduotuv\u0117 - orto24.lt","description":"| orto24.lt","potentialAction":[{"@type":"SearchAction","target":{"@type":"EntryPoint","urlTemplate":"https:\/\/www.orto24.lt\/en\/?s={search_term_string}"},"query-input":{"@type":"PropertyValueSpecification","valueRequired":true,"valueName":"search_term_string"}}],"inLanguage":"en-US"}]}},"_links":{"self":[{"href":"https:\/\/www.orto24.lt\/en\/wp-json\/wp\/v2\/product\/29672","targetHints":{"allow":["GET"]}}],"collection":[{"href":"https:\/\/www.orto24.lt\/en\/wp-json\/wp\/v2\/product"}],"about":[{"href":"https:\/\/www.orto24.lt\/en\/wp-json\/wp\/v2\/types\/product"}],"replies":[{"embeddable":true,"href":"https:\/\/www.orto24.lt\/en\/wp-json\/wp\/v2\/comments?post=29672"}],"version-history":[{"count":0,"href":"https:\/\/www.orto24.lt\/en\/wp-json\/wp\/v2\/product\/29672\/revisions"}],"wp:featuredmedia":[{"embeddable":true,"href":"https:\/\/www.orto24.lt\/en\/wp-json\/wp\/v2\/media\/29682"}],"wp:attachment":[{"href":"https:\/\/www.orto24.lt\/en\/wp-json\/wp\/v2\/media?parent=29672"}],"wp:term":[{"taxonomy":"product_brand","embeddable":true,"href":"https:\/\/www.orto24.lt\/en\/wp-json\/wp\/v2\/product_brand?post=29672"},{"taxonomy":"product_cat","embeddable":true,"href":"https:\/\/www.orto24.lt\/en\/wp-json\/wp\/v2\/product_cat?post=29672"},{"taxonomy":"product_tag","embeddable":true,"href":"https:\/\/www.orto24.lt\/en\/wp-json\/wp\/v2\/product_tag?post=29672"}],"curies":[{"name":"wp","href":"https:\/\/api.w.org\/{rel}","templated":true}]}}