{"id":29698,"date":"2015-03-31T11:24:21","date_gmt":"2015-03-31T11:24:21","guid":{"rendered":"https:\/\/www.orto24.lt\/produktas\/prim-thumb-splint\/"},"modified":"2015-03-31T11:24:21","modified_gmt":"2015-03-31T11:24:21","slug":"prim-thumb-splint","status":"publish","type":"product","link":"https:\/\/www.orto24.lt\/en\/produktas\/prim-thumb-splint\/","title":{"rendered":"PRIM thumb splint"},"content":{"rendered":"<p>Fixing, strengthening and immobilising thumb splint.<\/p>\n<p>&nbsp;<\/p>\n<p><img fetchpriority=\"high\" decoding=\"async\" class=\"size-full wp-image-6533 alignright\" src=\"https:\/\/www.orto24.lt\/wp-content\/uploads\/2016\/03\/Ref.TLS256_TLS255.jpg\" alt=\"Ref.TLS256_TLS255\" width=\"300\" height=\"300\" srcset=\"https:\/\/www.orto24.lt\/wp-content\/uploads\/2016\/03\/Ref.TLS256_TLS255.jpg 300w, https:\/\/www.orto24.lt\/wp-content\/uploads\/2016\/03\/Ref.TLS256_TLS255-150x150.jpg 150w, https:\/\/www.orto24.lt\/wp-content\/uploads\/2016\/03\/Ref.TLS256_TLS255-100x100.jpg 100w, https:\/\/www.orto24.lt\/wp-content\/uploads\/2016\/03\/Ref.TLS256_TLS255-24x24.jpg 24w, https:\/\/www.orto24.lt\/wp-content\/uploads\/2016\/03\/Ref.TLS256_TLS255-36x36.jpg 36w, https:\/\/www.orto24.lt\/wp-content\/uploads\/2016\/03\/Ref.TLS256_TLS255-48x48.jpg 48w\" sizes=\"(max-width: 300px) 100vw, 300px\" \/><\/p>\n<p>&nbsp;<\/p>\n<ul>\n<li>Breathable, triple-layered, skin-friendly material;<\/li>\n<li>Flexible aluminium bands can be shaped according to the patient&#8217;s morphology;<\/li>\n<li>Suitable for both left and right thumb.<\/li>\n<\/ul>\n<p>&nbsp;<\/p>\n<p>&nbsp;<\/p>\n<p>&nbsp;<\/p>\n<p><img decoding=\"async\" class=\"alignnone size-large wp-image-6558\" src=\"https:\/\/www.orto24.lt\/wp-content\/uploads\/2016\/03\/8psl-1024x724.png\" alt=\"8psl\" width=\"1024\" height=\"724\" srcset=\"https:\/\/www.orto24.lt\/wp-content\/uploads\/2016\/03\/8psl-1024x724.png 1024w, https:\/\/www.orto24.lt\/wp-content\/uploads\/2016\/03\/8psl-150x106.png 150w, https:\/\/www.orto24.lt\/wp-content\/uploads\/2016\/03\/8psl-500x354.png 500w, https:\/\/www.orto24.lt\/wp-content\/uploads\/2016\/03\/8psl-300x212.png 300w, https:\/\/www.orto24.lt\/wp-content\/uploads\/2016\/03\/8psl-768x543.png 768w, https:\/\/www.orto24.lt\/wp-content\/uploads\/2016\/03\/8psl-510x361.png 510w, https:\/\/www.orto24.lt\/wp-content\/uploads\/2016\/03\/8psl-24x17.png 24w, https:\/\/www.orto24.lt\/wp-content\/uploads\/2016\/03\/8psl-36x25.png 36w, https:\/\/www.orto24.lt\/wp-content\/uploads\/2016\/03\/8psl-48x34.png 48w, https:\/\/www.orto24.lt\/wp-content\/uploads\/2016\/03\/8psl.png 1169w\" sizes=\"(max-width: 1024px) 100vw, 1024px\" \/><\/p>\n","protected":false},"excerpt":{"rendered":"<p>&nbsp;<\/p>\n<p>Fixing, strengthening and immobilising thumb splint.<\/p>\n<p><img decoding=\"async\" class=\"alignnone size-full wp-image-6530\" src=\"https:\/\/www.orto24.lt\/wp-content\/uploads\/2016\/03\/primlog.png\" alt=\"primlog\" width=\"325\" height=\"227\" srcset=\"https:\/\/www.orto24.lt\/wp-content\/uploads\/2016\/03\/primlog.png 325w, https:\/\/www.orto24.lt\/wp-content\/uploads\/2016\/03\/primlog-150x105.png 150w, https:\/\/www.orto24.lt\/wp-content\/uploads\/2016\/03\/primlog-300x210.png 300w, https:\/\/www.orto24.lt\/wp-content\/uploads\/2016\/03\/primlog-24x17.png 24w, https:\/\/www.orto24.lt\/wp-content\/uploads\/2016\/03\/primlog-36x25.png 36w, https:\/\/www.orto24.lt\/wp-content\/uploads\/2016\/03\/primlog-48x34.png 48w\" sizes=\"(max-width: 325px) 100vw, 325px\" \/><\/p>\n<p>&nbsp;<\/p>\n","protected":false},"featured_media":29702,"comment_status":"open","ping_status":"closed","template":"","meta":[],"product_brand":[],"product_cat":[1101,1109],"product_tag":[1108,1134,1112,1102,1136],"class_list":{"0":"post-29698","1":"product","2":"type-product","3":"status-publish","4":"has-post-thumbnail","6":"product_cat-braces","7":"product_cat-wrist-and-finger-splints","8":"product_tag-address","9":"product_tag-for-the-thumb","10":"product_tag-see","11":"product_tag-splint","12":"product_tag-thumb","14":"first","15":"outofstock","16":"taxable","17":"shipping-taxable","18":"purchasable","19":"product-type-variable"},"yoast_head":"<!-- This site is optimized with the Yoast SEO plugin v26.0 - https:\/\/yoast.com\/wordpress\/plugins\/seo\/ -->\n<title>PRIM thumb splint - Ortopedini\u0173 preki\u0173 parduotuv\u0117 - orto24.lt<\/title>\n<meta name=\"robots\" content=\"index, follow, max-snippet:-1, max-image-preview:large, max-video-preview:-1\" \/>\n<link rel=\"canonical\" href=\"https:\/\/www.orto24.lt\/en\/produktas\/prim-thumb-splint\/\" \/>\n<meta property=\"og:locale\" content=\"en_US\" \/>\n<meta property=\"og:type\" content=\"article\" \/>\n<meta property=\"og:title\" content=\"PRIM thumb splint - Ortopedini\u0173 preki\u0173 parduotuv\u0117 - orto24.lt\" \/>\n<meta property=\"og:description\" content=\"&nbsp; Fixing, strengthening and immobilising thumb splint.  &nbsp;\" \/>\n<meta property=\"og:url\" content=\"https:\/\/www.orto24.lt\/en\/produktas\/prim-thumb-splint\/\" \/>\n<meta property=\"og:site_name\" content=\"Ortopedini\u0173 preki\u0173 parduotuv\u0117 - orto24.lt\" \/>\n<meta property=\"article:publisher\" content=\"https:\/\/www.facebook.com\/mtsprendimai\/\" \/>\n<meta property=\"og:image\" content=\"https:\/\/www.orto24.lt\/wp-content\/uploads\/2015\/03\/am202abu1.jpg\" \/>\n\t<meta property=\"og:image:width\" content=\"400\" \/>\n\t<meta property=\"og:image:height\" content=\"400\" \/>\n\t<meta property=\"og:image:type\" content=\"image\/jpeg\" \/>\n<meta name=\"twitter:card\" content=\"summary_large_image\" \/>\n<script type=\"application\/ld+json\" class=\"yoast-schema-graph\">{\"@context\":\"https:\/\/schema.org\",\"@graph\":[{\"@type\":\"WebPage\",\"@id\":\"https:\/\/www.orto24.lt\/en\/produktas\/prim-thumb-splint\/\",\"url\":\"https:\/\/www.orto24.lt\/en\/produktas\/prim-thumb-splint\/\",\"name\":\"PRIM thumb splint - Ortopedini\u0173 preki\u0173 parduotuv\u0117 - orto24.lt\",\"isPartOf\":{\"@id\":\"https:\/\/www.orto24.lt\/en\/#website\"},\"primaryImageOfPage\":{\"@id\":\"https:\/\/www.orto24.lt\/en\/produktas\/prim-thumb-splint\/#primaryimage\"},\"image\":{\"@id\":\"https:\/\/www.orto24.lt\/en\/produktas\/prim-thumb-splint\/#primaryimage\"},\"thumbnailUrl\":\"https:\/\/www.orto24.lt\/wp-content\/uploads\/2015\/03\/am202abu1.jpg\",\"datePublished\":\"2015-03-31T11:24:21+00:00\",\"breadcrumb\":{\"@id\":\"https:\/\/www.orto24.lt\/en\/produktas\/prim-thumb-splint\/#breadcrumb\"},\"inLanguage\":\"en-US\",\"potentialAction\":[{\"@type\":\"ReadAction\",\"target\":[\"https:\/\/www.orto24.lt\/en\/produktas\/prim-thumb-splint\/\"]}]},{\"@type\":\"ImageObject\",\"inLanguage\":\"en-US\",\"@id\":\"https:\/\/www.orto24.lt\/en\/produktas\/prim-thumb-splint\/#primaryimage\",\"url\":\"https:\/\/www.orto24.lt\/wp-content\/uploads\/2015\/03\/am202abu1.jpg\",\"contentUrl\":\"https:\/\/www.orto24.lt\/wp-content\/uploads\/2015\/03\/am202abu1.jpg\",\"width\":400,\"height\":400,\"caption\":\"PRIM thumb splint\"},{\"@type\":\"BreadcrumbList\",\"@id\":\"https:\/\/www.orto24.lt\/en\/produktas\/prim-thumb-splint\/#breadcrumb\",\"itemListElement\":[{\"@type\":\"ListItem\",\"position\":1,\"name\":\"Home\",\"item\":\"https:\/\/www.orto24.lt\/en\/\"},{\"@type\":\"ListItem\",\"position\":2,\"name\":\"Shop\",\"item\":\"https:\/\/www.orto24.lt\/en\/shop\/\"},{\"@type\":\"ListItem\",\"position\":3,\"name\":\"PRIM thumb splint\"}]},{\"@type\":\"WebSite\",\"@id\":\"https:\/\/www.orto24.lt\/en\/#website\",\"url\":\"https:\/\/www.orto24.lt\/en\/\",\"name\":\"Ortopedini\u0173 preki\u0173 parduotuv\u0117 - orto24.lt\",\"description\":\"| orto24.lt\",\"potentialAction\":[{\"@type\":\"SearchAction\",\"target\":{\"@type\":\"EntryPoint\",\"urlTemplate\":\"https:\/\/www.orto24.lt\/en\/?s={search_term_string}\"},\"query-input\":{\"@type\":\"PropertyValueSpecification\",\"valueRequired\":true,\"valueName\":\"search_term_string\"}}],\"inLanguage\":\"en-US\"}]}<\/script>\n<!-- \/ Yoast SEO plugin. -->","yoast_head_json":{"title":"PRIM thumb splint - Ortopedini\u0173 preki\u0173 parduotuv\u0117 - orto24.lt","robots":{"index":"index","follow":"follow","max-snippet":"max-snippet:-1","max-image-preview":"max-image-preview:large","max-video-preview":"max-video-preview:-1"},"canonical":"https:\/\/www.orto24.lt\/en\/produktas\/prim-thumb-splint\/","og_locale":"en_US","og_type":"article","og_title":"PRIM thumb splint - Ortopedini\u0173 preki\u0173 parduotuv\u0117 - orto24.lt","og_description":"&nbsp; Fixing, strengthening and immobilising thumb splint.  &nbsp;","og_url":"https:\/\/www.orto24.lt\/en\/produktas\/prim-thumb-splint\/","og_site_name":"Ortopedini\u0173 preki\u0173 parduotuv\u0117 - orto24.lt","article_publisher":"https:\/\/www.facebook.com\/mtsprendimai\/","og_image":[{"width":400,"height":400,"url":"https:\/\/www.orto24.lt\/wp-content\/uploads\/2015\/03\/am202abu1.jpg","type":"image\/jpeg"}],"twitter_card":"summary_large_image","schema":{"@context":"https:\/\/schema.org","@graph":[{"@type":"WebPage","@id":"https:\/\/www.orto24.lt\/en\/produktas\/prim-thumb-splint\/","url":"https:\/\/www.orto24.lt\/en\/produktas\/prim-thumb-splint\/","name":"PRIM thumb splint - Ortopedini\u0173 preki\u0173 parduotuv\u0117 - orto24.lt","isPartOf":{"@id":"https:\/\/www.orto24.lt\/en\/#website"},"primaryImageOfPage":{"@id":"https:\/\/www.orto24.lt\/en\/produktas\/prim-thumb-splint\/#primaryimage"},"image":{"@id":"https:\/\/www.orto24.lt\/en\/produktas\/prim-thumb-splint\/#primaryimage"},"thumbnailUrl":"https:\/\/www.orto24.lt\/wp-content\/uploads\/2015\/03\/am202abu1.jpg","datePublished":"2015-03-31T11:24:21+00:00","breadcrumb":{"@id":"https:\/\/www.orto24.lt\/en\/produktas\/prim-thumb-splint\/#breadcrumb"},"inLanguage":"en-US","potentialAction":[{"@type":"ReadAction","target":["https:\/\/www.orto24.lt\/en\/produktas\/prim-thumb-splint\/"]}]},{"@type":"ImageObject","inLanguage":"en-US","@id":"https:\/\/www.orto24.lt\/en\/produktas\/prim-thumb-splint\/#primaryimage","url":"https:\/\/www.orto24.lt\/wp-content\/uploads\/2015\/03\/am202abu1.jpg","contentUrl":"https:\/\/www.orto24.lt\/wp-content\/uploads\/2015\/03\/am202abu1.jpg","width":400,"height":400,"caption":"PRIM thumb splint"},{"@type":"BreadcrumbList","@id":"https:\/\/www.orto24.lt\/en\/produktas\/prim-thumb-splint\/#breadcrumb","itemListElement":[{"@type":"ListItem","position":1,"name":"Home","item":"https:\/\/www.orto24.lt\/en\/"},{"@type":"ListItem","position":2,"name":"Shop","item":"https:\/\/www.orto24.lt\/en\/shop\/"},{"@type":"ListItem","position":3,"name":"PRIM thumb splint"}]},{"@type":"WebSite","@id":"https:\/\/www.orto24.lt\/en\/#website","url":"https:\/\/www.orto24.lt\/en\/","name":"Ortopedini\u0173 preki\u0173 parduotuv\u0117 - orto24.lt","description":"| orto24.lt","potentialAction":[{"@type":"SearchAction","target":{"@type":"EntryPoint","urlTemplate":"https:\/\/www.orto24.lt\/en\/?s={search_term_string}"},"query-input":{"@type":"PropertyValueSpecification","valueRequired":true,"valueName":"search_term_string"}}],"inLanguage":"en-US"}]}},"_links":{"self":[{"href":"https:\/\/www.orto24.lt\/en\/wp-json\/wp\/v2\/product\/29698","targetHints":{"allow":["GET"]}}],"collection":[{"href":"https:\/\/www.orto24.lt\/en\/wp-json\/wp\/v2\/product"}],"about":[{"href":"https:\/\/www.orto24.lt\/en\/wp-json\/wp\/v2\/types\/product"}],"replies":[{"embeddable":true,"href":"https:\/\/www.orto24.lt\/en\/wp-json\/wp\/v2\/comments?post=29698"}],"version-history":[{"count":0,"href":"https:\/\/www.orto24.lt\/en\/wp-json\/wp\/v2\/product\/29698\/revisions"}],"wp:featuredmedia":[{"embeddable":true,"href":"https:\/\/www.orto24.lt\/en\/wp-json\/wp\/v2\/media\/29702"}],"wp:attachment":[{"href":"https:\/\/www.orto24.lt\/en\/wp-json\/wp\/v2\/media?parent=29698"}],"wp:term":[{"taxonomy":"product_brand","embeddable":true,"href":"https:\/\/www.orto24.lt\/en\/wp-json\/wp\/v2\/product_brand?post=29698"},{"taxonomy":"product_cat","embeddable":true,"href":"https:\/\/www.orto24.lt\/en\/wp-json\/wp\/v2\/product_cat?post=29698"},{"taxonomy":"product_tag","embeddable":true,"href":"https:\/\/www.orto24.lt\/en\/wp-json\/wp\/v2\/product_tag?post=29698"}],"curies":[{"name":"wp","href":"https:\/\/api.w.org\/{rel}","templated":true}]}}