{"id":29715,"date":"2016-02-10T07:00:55","date_gmt":"2016-02-10T07:00:55","guid":{"rendered":"https:\/\/www.orto24.lt\/produktas\/bort-silicone-spacer-with-ring-for-hallux-valgus-correction\/"},"modified":"2016-02-10T07:00:55","modified_gmt":"2016-02-10T07:00:55","slug":"bort-silicone-spacer-with-ring-for-hallux-valgus-correction","status":"publish","type":"product","link":"https:\/\/www.orto24.lt\/en\/produktas\/bort-silicone-spacer-with-ring-for-hallux-valgus-correction\/","title":{"rendered":"BORT silicone spacer with ring for Hallux Valgus correction"},"content":{"rendered":"<p>The silicone grommet with ring is easy to put on, holds the grommet securely in place and is suitable for Hallux Valgus correction.<\/p>\n<p>Prevents friction between the fingers and between the forearms. For use after finger surgery.  Silicone spacers shall be washed with soap and water and dried with a towel.<\/p>\n<p> <strong> It is recommended<\/strong> to sprinkle talcum powder on the surface to reduce sweating and sticking to the foot.<\/p>\n<p><span style=\"font-family: 'Times New Roman'; font-size: 11px; line-height: normal; white-space: pre-wrap;\"> <\/span><\/p>\n<p><span style=\"color: #000000; font-family: 'Times New Roman'; font-size: 11px; line-height: normal; white-space: pre-wrap;\"> <\/span><\/p>\n<p><span style=\"color: #000000; font-family: 'Times New Roman'; font-size: 11px; line-height: normal; white-space: pre-wrap;\"> <\/span><\/p>\n<p><span style=\"color: #000000; font-family: 'Times New Roman'; font-size: 11px; line-height: normal; white-space: pre-wrap;\"> <\/span><\/p>\n","protected":false},"excerpt":{"rendered":"<p>The silicone grommet with ring is easy to put on, holds the grommet securely in place and is suitable for Hallux Valgus correction.<\/p>\n<p> Warning<strong>&#8211; This product is non-returnable and non-exchangeable.<\/strong><\/p>\n[caption id=\"attachment_5184\" align=\"alignnone\" width=\"298\"]<img decoding=\"async\" class=\"wp-image-5184 size-full\" src=\"https:\/\/www.orto24.lt\/wp-content\/uploads\/2016\/02\/BORT_Logo_De.png\" alt=\"\" width=\"298\" height=\"89\" srcset=\"https:\/\/www.orto24.lt\/wp-content\/uploads\/2016\/02\/BORT_Logo_De.png 298w, https:\/\/www.orto24.lt\/wp-content\/uploads\/2016\/02\/BORT_Logo_De-150x45.png 150w, https:\/\/www.orto24.lt\/wp-content\/uploads\/2016\/02\/BORT_Logo_De-24x7.png 24w, https:\/\/www.orto24.lt\/wp-content\/uploads\/2016\/02\/BORT_Logo_De-36x11.png 36w, https:\/\/www.orto24.lt\/wp-content\/uploads\/2016\/02\/BORT_Logo_De-48x14.png 48w\" sizes=\"(max-width: 298px) 100vw, 298px\" \/> Made in Germany[\/caption]\n","protected":false},"featured_media":29718,"comment_status":"open","ping_status":"closed","template":"","meta":[],"product_brand":[],"product_cat":[1155,1128,1138],"product_tag":[1129,1157,1133,1147,1154,1153,1151,1156,1132,1149,1421,1158],"class_list":{"0":"post-29715","1":"product","2":"type-product","3":"status-publish","4":"has-post-thumbnail","6":"product_cat-for-hallux-valgus-correction","7":"product_cat-measures-for-feet","8":"product_cat-silicone-soles","9":"product_tag-bort","10":"product_tag-correction","11":"product_tag-foot-care-products","12":"product_tag-foot-measures","13":"product_tag-hallux","14":"product_tag-hallux-valgus","15":"product_tag-interfingers","16":"product_tag-interweb","17":"product_tag-orthopaedics","18":"product_tag-ring","19":"product_tag-silicone-5","20":"product_tag-with-ring","22":"first","23":"instock","24":"taxable","25":"shipping-taxable","26":"purchasable","27":"product-type-variable"},"yoast_head":"<!-- This site is optimized with the Yoast SEO plugin v26.0 - https:\/\/yoast.com\/wordpress\/plugins\/seo\/ -->\n<title>BORT silicone spacer with ring for Hallux Valgus correction - Ortopedini\u0173 preki\u0173 parduotuv\u0117 - orto24.lt<\/title>\n<meta name=\"description\" content=\"For the correction of Hallux Valgus, it is held stably in the perineum.\" \/>\n<meta name=\"robots\" content=\"index, follow, max-snippet:-1, max-image-preview:large, max-video-preview:-1\" \/>\n<link rel=\"canonical\" href=\"https:\/\/www.orto24.lt\/en\/produktas\/bort-silicone-spacer-with-ring-for-hallux-valgus-correction\/\" \/>\n<meta property=\"og:locale\" content=\"en_US\" \/>\n<meta property=\"og:type\" content=\"article\" \/>\n<meta property=\"og:title\" content=\"BORT silicone spacer with ring for Hallux Valgus correction - Ortopedini\u0173 preki\u0173 parduotuv\u0117 - orto24.lt\" \/>\n<meta property=\"og:description\" content=\"For the correction of Hallux Valgus, it is held stably in the perineum.\" \/>\n<meta property=\"og:url\" content=\"https:\/\/www.orto24.lt\/en\/produktas\/bort-silicone-spacer-with-ring-for-hallux-valgus-correction\/\" \/>\n<meta property=\"og:site_name\" content=\"Ortopedini\u0173 preki\u0173 parduotuv\u0117 - orto24.lt\" \/>\n<meta property=\"article:publisher\" content=\"https:\/\/www.facebook.com\/mtsprendimai\/\" \/>\n<meta property=\"og:image\" content=\"https:\/\/www.orto24.lt\/wp-content\/uploads\/2016\/05\/107630.jpg\" \/>\n\t<meta property=\"og:image:width\" content=\"1181\" \/>\n\t<meta property=\"og:image:height\" content=\"1181\" \/>\n\t<meta property=\"og:image:type\" content=\"image\/jpeg\" \/>\n<meta name=\"twitter:card\" content=\"summary_large_image\" \/>\n<script type=\"application\/ld+json\" class=\"yoast-schema-graph\">{\"@context\":\"https:\/\/schema.org\",\"@graph\":[{\"@type\":\"WebPage\",\"@id\":\"https:\/\/www.orto24.lt\/en\/produktas\/bort-silicone-spacer-with-ring-for-hallux-valgus-correction\/\",\"url\":\"https:\/\/www.orto24.lt\/en\/produktas\/bort-silicone-spacer-with-ring-for-hallux-valgus-correction\/\",\"name\":\"BORT silicone spacer with ring for Hallux Valgus correction - Ortopedini\u0173 preki\u0173 parduotuv\u0117 - orto24.lt\",\"isPartOf\":{\"@id\":\"https:\/\/www.orto24.lt\/en\/#website\"},\"primaryImageOfPage\":{\"@id\":\"https:\/\/www.orto24.lt\/en\/produktas\/bort-silicone-spacer-with-ring-for-hallux-valgus-correction\/#primaryimage\"},\"image\":{\"@id\":\"https:\/\/www.orto24.lt\/en\/produktas\/bort-silicone-spacer-with-ring-for-hallux-valgus-correction\/#primaryimage\"},\"thumbnailUrl\":\"https:\/\/www.orto24.lt\/wp-content\/uploads\/2016\/05\/107630.jpg\",\"datePublished\":\"2016-02-10T07:00:55+00:00\",\"description\":\"For the correction of Hallux Valgus, it is held stably in the perineum.\",\"breadcrumb\":{\"@id\":\"https:\/\/www.orto24.lt\/en\/produktas\/bort-silicone-spacer-with-ring-for-hallux-valgus-correction\/#breadcrumb\"},\"inLanguage\":\"en-US\",\"potentialAction\":[{\"@type\":\"ReadAction\",\"target\":[\"https:\/\/www.orto24.lt\/en\/produktas\/bort-silicone-spacer-with-ring-for-hallux-valgus-correction\/\"]}]},{\"@type\":\"ImageObject\",\"inLanguage\":\"en-US\",\"@id\":\"https:\/\/www.orto24.lt\/en\/produktas\/bort-silicone-spacer-with-ring-for-hallux-valgus-correction\/#primaryimage\",\"url\":\"https:\/\/www.orto24.lt\/wp-content\/uploads\/2016\/05\/107630.jpg\",\"contentUrl\":\"https:\/\/www.orto24.lt\/wp-content\/uploads\/2016\/05\/107630.jpg\",\"width\":1181,\"height\":1181,\"caption\":\"BORT silicone spacer with ring for Hallux Valgus correction\"},{\"@type\":\"BreadcrumbList\",\"@id\":\"https:\/\/www.orto24.lt\/en\/produktas\/bort-silicone-spacer-with-ring-for-hallux-valgus-correction\/#breadcrumb\",\"itemListElement\":[{\"@type\":\"ListItem\",\"position\":1,\"name\":\"Home\",\"item\":\"https:\/\/www.orto24.lt\/en\/\"},{\"@type\":\"ListItem\",\"position\":2,\"name\":\"Shop\",\"item\":\"https:\/\/www.orto24.lt\/en\/shop\/\"},{\"@type\":\"ListItem\",\"position\":3,\"name\":\"BORT silicone spacer with ring for Hallux Valgus correction\"}]},{\"@type\":\"WebSite\",\"@id\":\"https:\/\/www.orto24.lt\/en\/#website\",\"url\":\"https:\/\/www.orto24.lt\/en\/\",\"name\":\"Ortopedini\u0173 preki\u0173 parduotuv\u0117 - orto24.lt\",\"description\":\"| orto24.lt\",\"potentialAction\":[{\"@type\":\"SearchAction\",\"target\":{\"@type\":\"EntryPoint\",\"urlTemplate\":\"https:\/\/www.orto24.lt\/en\/?s={search_term_string}\"},\"query-input\":{\"@type\":\"PropertyValueSpecification\",\"valueRequired\":true,\"valueName\":\"search_term_string\"}}],\"inLanguage\":\"en-US\"}]}<\/script>\n<!-- \/ Yoast SEO plugin. -->","yoast_head_json":{"title":"BORT silicone spacer with ring for Hallux Valgus correction - Ortopedini\u0173 preki\u0173 parduotuv\u0117 - orto24.lt","description":"For the correction of Hallux Valgus, it is held stably in the perineum.","robots":{"index":"index","follow":"follow","max-snippet":"max-snippet:-1","max-image-preview":"max-image-preview:large","max-video-preview":"max-video-preview:-1"},"canonical":"https:\/\/www.orto24.lt\/en\/produktas\/bort-silicone-spacer-with-ring-for-hallux-valgus-correction\/","og_locale":"en_US","og_type":"article","og_title":"BORT silicone spacer with ring for Hallux Valgus correction - Ortopedini\u0173 preki\u0173 parduotuv\u0117 - orto24.lt","og_description":"For the correction of Hallux Valgus, it is held stably in the perineum.","og_url":"https:\/\/www.orto24.lt\/en\/produktas\/bort-silicone-spacer-with-ring-for-hallux-valgus-correction\/","og_site_name":"Ortopedini\u0173 preki\u0173 parduotuv\u0117 - orto24.lt","article_publisher":"https:\/\/www.facebook.com\/mtsprendimai\/","og_image":[{"width":1181,"height":1181,"url":"https:\/\/www.orto24.lt\/wp-content\/uploads\/2016\/05\/107630.jpg","type":"image\/jpeg"}],"twitter_card":"summary_large_image","schema":{"@context":"https:\/\/schema.org","@graph":[{"@type":"WebPage","@id":"https:\/\/www.orto24.lt\/en\/produktas\/bort-silicone-spacer-with-ring-for-hallux-valgus-correction\/","url":"https:\/\/www.orto24.lt\/en\/produktas\/bort-silicone-spacer-with-ring-for-hallux-valgus-correction\/","name":"BORT silicone spacer with ring for Hallux Valgus correction - Ortopedini\u0173 preki\u0173 parduotuv\u0117 - orto24.lt","isPartOf":{"@id":"https:\/\/www.orto24.lt\/en\/#website"},"primaryImageOfPage":{"@id":"https:\/\/www.orto24.lt\/en\/produktas\/bort-silicone-spacer-with-ring-for-hallux-valgus-correction\/#primaryimage"},"image":{"@id":"https:\/\/www.orto24.lt\/en\/produktas\/bort-silicone-spacer-with-ring-for-hallux-valgus-correction\/#primaryimage"},"thumbnailUrl":"https:\/\/www.orto24.lt\/wp-content\/uploads\/2016\/05\/107630.jpg","datePublished":"2016-02-10T07:00:55+00:00","description":"For the correction of Hallux Valgus, it is held stably in the perineum.","breadcrumb":{"@id":"https:\/\/www.orto24.lt\/en\/produktas\/bort-silicone-spacer-with-ring-for-hallux-valgus-correction\/#breadcrumb"},"inLanguage":"en-US","potentialAction":[{"@type":"ReadAction","target":["https:\/\/www.orto24.lt\/en\/produktas\/bort-silicone-spacer-with-ring-for-hallux-valgus-correction\/"]}]},{"@type":"ImageObject","inLanguage":"en-US","@id":"https:\/\/www.orto24.lt\/en\/produktas\/bort-silicone-spacer-with-ring-for-hallux-valgus-correction\/#primaryimage","url":"https:\/\/www.orto24.lt\/wp-content\/uploads\/2016\/05\/107630.jpg","contentUrl":"https:\/\/www.orto24.lt\/wp-content\/uploads\/2016\/05\/107630.jpg","width":1181,"height":1181,"caption":"BORT silicone spacer with ring for Hallux Valgus correction"},{"@type":"BreadcrumbList","@id":"https:\/\/www.orto24.lt\/en\/produktas\/bort-silicone-spacer-with-ring-for-hallux-valgus-correction\/#breadcrumb","itemListElement":[{"@type":"ListItem","position":1,"name":"Home","item":"https:\/\/www.orto24.lt\/en\/"},{"@type":"ListItem","position":2,"name":"Shop","item":"https:\/\/www.orto24.lt\/en\/shop\/"},{"@type":"ListItem","position":3,"name":"BORT silicone spacer with ring for Hallux Valgus correction"}]},{"@type":"WebSite","@id":"https:\/\/www.orto24.lt\/en\/#website","url":"https:\/\/www.orto24.lt\/en\/","name":"Ortopedini\u0173 preki\u0173 parduotuv\u0117 - orto24.lt","description":"| orto24.lt","potentialAction":[{"@type":"SearchAction","target":{"@type":"EntryPoint","urlTemplate":"https:\/\/www.orto24.lt\/en\/?s={search_term_string}"},"query-input":{"@type":"PropertyValueSpecification","valueRequired":true,"valueName":"search_term_string"}}],"inLanguage":"en-US"}]}},"_links":{"self":[{"href":"https:\/\/www.orto24.lt\/en\/wp-json\/wp\/v2\/product\/29715","targetHints":{"allow":["GET"]}}],"collection":[{"href":"https:\/\/www.orto24.lt\/en\/wp-json\/wp\/v2\/product"}],"about":[{"href":"https:\/\/www.orto24.lt\/en\/wp-json\/wp\/v2\/types\/product"}],"replies":[{"embeddable":true,"href":"https:\/\/www.orto24.lt\/en\/wp-json\/wp\/v2\/comments?post=29715"}],"version-history":[{"count":0,"href":"https:\/\/www.orto24.lt\/en\/wp-json\/wp\/v2\/product\/29715\/revisions"}],"wp:featuredmedia":[{"embeddable":true,"href":"https:\/\/www.orto24.lt\/en\/wp-json\/wp\/v2\/media\/29718"}],"wp:attachment":[{"href":"https:\/\/www.orto24.lt\/en\/wp-json\/wp\/v2\/media?parent=29715"}],"wp:term":[{"taxonomy":"product_brand","embeddable":true,"href":"https:\/\/www.orto24.lt\/en\/wp-json\/wp\/v2\/product_brand?post=29715"},{"taxonomy":"product_cat","embeddable":true,"href":"https:\/\/www.orto24.lt\/en\/wp-json\/wp\/v2\/product_cat?post=29715"},{"taxonomy":"product_tag","embeddable":true,"href":"https:\/\/www.orto24.lt\/en\/wp-json\/wp\/v2\/product_tag?post=29715"}],"curies":[{"name":"wp","href":"https:\/\/api.w.org\/{rel}","templated":true}]}}