{"id":29753,"date":"2016-02-10T12:24:52","date_gmt":"2016-02-10T12:24:52","guid":{"rendered":"https:\/\/www.orto24.lt\/produktas\/bort-i-toe-and-forefoot-gel-protection\/"},"modified":"2016-02-10T12:24:52","modified_gmt":"2016-02-10T12:24:52","slug":"bort-i-toe-and-forefoot-gel-protection","status":"publish","type":"product","link":"https:\/\/www.orto24.lt\/en\/produktas\/bort-i-toe-and-forefoot-gel-protection\/","title":{"rendered":"BORT I toe and forefoot gel protection"},"content":{"rendered":"<p>The gel protector reduces pressure and pain in the forefoot while protecting the 1st toe joint.<\/p>\n<p>The strips are flesh-coloured and therefore inconspicuous. Do not use in case of open play, diabetes mellitus, inflammation or other circulatory diseases. The gel protectors shall be washed with soap and water, towel dried and left to dry.  <\/p>\n<p><span style=\"font-family: 'Times New Roman'; font-size: 11px; line-height: normal; white-space: pre-wrap;\"> <\/span><\/p>\n<p><span style=\"color: #000000; font-family: 'Times New Roman'; font-size: 11px; line-height: normal; white-space: pre-wrap;\"> <\/span><\/p>\n<p><span style=\"color: #000000; font-family: 'Times New Roman'; font-size: 11px; line-height: normal; white-space: pre-wrap;\"> <\/span><\/p>\n<p><span style=\"color: #000000; font-family: 'Times New Roman'; font-size: 11px; line-height: normal; white-space: pre-wrap;\"> <\/span><\/p>\n<p><span style=\"color: #000000; font-family: 'Times New Roman'; font-size: 11px; line-height: normal; white-space: pre-wrap;\"> <\/span><\/p>\n<p><span style=\"color: #000000; font-family: 'Times New Roman'; font-size: 11px; line-height: normal; white-space: pre-wrap;\"> <\/span><\/p>\n","protected":false},"excerpt":{"rendered":"<p>The gel protector reduces pressure and pain in the forefoot while protecting the 1st toe joint.<\/p>\n<p><strong>Please note that the product cannot be returned or exchanged.<\/strong><\/p>\n[caption id=\"attachment_5184\" align=\"alignnone\" width=\"298\"]<img decoding=\"async\" class=\"wp-image-5184 size-full\" src=\"https:\/\/www.orto24.lt\/wp-content\/uploads\/2016\/02\/BORT_Logo_De.png\" alt=\"\" width=\"298\" height=\"89\" srcset=\"https:\/\/www.orto24.lt\/wp-content\/uploads\/2016\/02\/BORT_Logo_De.png 298w, https:\/\/www.orto24.lt\/wp-content\/uploads\/2016\/02\/BORT_Logo_De-150x45.png 150w, https:\/\/www.orto24.lt\/wp-content\/uploads\/2016\/02\/BORT_Logo_De-24x7.png 24w, https:\/\/www.orto24.lt\/wp-content\/uploads\/2016\/02\/BORT_Logo_De-36x11.png 36w, https:\/\/www.orto24.lt\/wp-content\/uploads\/2016\/02\/BORT_Logo_De-48x14.png 48w\" sizes=\"(max-width: 298px) 100vw, 298px\" \/>  Made in Germany[\/caption]\n","protected":false},"featured_media":29757,"comment_status":"open","ping_status":"closed","template":"","meta":[],"product_brand":[],"product_cat":[1155,1128,1167],"product_tag":[1129,1170,1133,1147,1173,1166,1164,1132,1171],"class_list":{"0":"post-29753","1":"product","2":"type-product","3":"status-publish","4":"has-post-thumbnail","6":"product_cat-for-hallux-valgus-correction","7":"product_cat-measures-for-feet","8":"product_cat-textile-foot-protection","9":"product_tag-bort","10":"product_tag-elastic","11":"product_tag-foot-care-products","12":"product_tag-foot-measures","13":"product_tag-forefoot","14":"product_tag-gel","15":"product_tag-material","16":"product_tag-orthopaedics","17":"product_tag-tapes","19":"first","20":"instock","21":"taxable","22":"shipping-taxable","23":"purchasable","24":"product-type-variable"},"yoast_head":"<!-- This site is optimized with the Yoast SEO plugin v26.0 - https:\/\/yoast.com\/wordpress\/plugins\/seo\/ -->\n<title>BORT I toe and forefoot gel protection - Ortopedini\u0173 preki\u0173 parduotuv\u0117 - orto24.lt<\/title>\n<meta name=\"description\" content=\"The gel protector reduces pressure and pain in the forefoot while protecting the 1st toe joint.\" \/>\n<meta name=\"robots\" content=\"index, follow, max-snippet:-1, max-image-preview:large, max-video-preview:-1\" \/>\n<link rel=\"canonical\" href=\"https:\/\/www.orto24.lt\/en\/produktas\/bort-i-toe-and-forefoot-gel-protection\/\" \/>\n<meta property=\"og:locale\" content=\"en_US\" \/>\n<meta property=\"og:type\" content=\"article\" \/>\n<meta property=\"og:title\" content=\"BORT I toe and forefoot gel protection - Ortopedini\u0173 preki\u0173 parduotuv\u0117 - orto24.lt\" \/>\n<meta property=\"og:description\" content=\"The gel protector reduces pressure and pain in the forefoot while protecting the 1st toe joint.\" \/>\n<meta property=\"og:url\" content=\"https:\/\/www.orto24.lt\/en\/produktas\/bort-i-toe-and-forefoot-gel-protection\/\" \/>\n<meta property=\"og:site_name\" content=\"Ortopedini\u0173 preki\u0173 parduotuv\u0117 - orto24.lt\" \/>\n<meta property=\"article:publisher\" content=\"https:\/\/www.facebook.com\/mtsprendimai\/\" \/>\n<meta property=\"og:image\" content=\"https:\/\/www.orto24.lt\/wp-content\/uploads\/2016\/02\/137040.jpg\" \/>\n\t<meta property=\"og:image:width\" content=\"1181\" \/>\n\t<meta property=\"og:image:height\" content=\"1181\" \/>\n\t<meta property=\"og:image:type\" content=\"image\/jpeg\" \/>\n<meta name=\"twitter:card\" content=\"summary_large_image\" \/>\n<script type=\"application\/ld+json\" class=\"yoast-schema-graph\">{\"@context\":\"https:\/\/schema.org\",\"@graph\":[{\"@type\":\"WebPage\",\"@id\":\"https:\/\/www.orto24.lt\/en\/produktas\/bort-i-toe-and-forefoot-gel-protection\/\",\"url\":\"https:\/\/www.orto24.lt\/en\/produktas\/bort-i-toe-and-forefoot-gel-protection\/\",\"name\":\"BORT I toe and forefoot gel protection - Ortopedini\u0173 preki\u0173 parduotuv\u0117 - orto24.lt\",\"isPartOf\":{\"@id\":\"https:\/\/www.orto24.lt\/en\/#website\"},\"primaryImageOfPage\":{\"@id\":\"https:\/\/www.orto24.lt\/en\/produktas\/bort-i-toe-and-forefoot-gel-protection\/#primaryimage\"},\"image\":{\"@id\":\"https:\/\/www.orto24.lt\/en\/produktas\/bort-i-toe-and-forefoot-gel-protection\/#primaryimage\"},\"thumbnailUrl\":\"https:\/\/www.orto24.lt\/wp-content\/uploads\/2016\/02\/137040.jpg\",\"datePublished\":\"2016-02-10T12:24:52+00:00\",\"description\":\"The gel protector reduces pressure and pain in the forefoot while protecting the 1st toe joint.\",\"breadcrumb\":{\"@id\":\"https:\/\/www.orto24.lt\/en\/produktas\/bort-i-toe-and-forefoot-gel-protection\/#breadcrumb\"},\"inLanguage\":\"en-US\",\"potentialAction\":[{\"@type\":\"ReadAction\",\"target\":[\"https:\/\/www.orto24.lt\/en\/produktas\/bort-i-toe-and-forefoot-gel-protection\/\"]}]},{\"@type\":\"ImageObject\",\"inLanguage\":\"en-US\",\"@id\":\"https:\/\/www.orto24.lt\/en\/produktas\/bort-i-toe-and-forefoot-gel-protection\/#primaryimage\",\"url\":\"https:\/\/www.orto24.lt\/wp-content\/uploads\/2016\/02\/137040.jpg\",\"contentUrl\":\"https:\/\/www.orto24.lt\/wp-content\/uploads\/2016\/02\/137040.jpg\",\"width\":1181,\"height\":1181,\"caption\":\"Gel protection for the first toe and forefoot\"},{\"@type\":\"BreadcrumbList\",\"@id\":\"https:\/\/www.orto24.lt\/en\/produktas\/bort-i-toe-and-forefoot-gel-protection\/#breadcrumb\",\"itemListElement\":[{\"@type\":\"ListItem\",\"position\":1,\"name\":\"Home\",\"item\":\"https:\/\/www.orto24.lt\/en\/\"},{\"@type\":\"ListItem\",\"position\":2,\"name\":\"Shop\",\"item\":\"https:\/\/www.orto24.lt\/en\/shop\/\"},{\"@type\":\"ListItem\",\"position\":3,\"name\":\"BORT I toe and forefoot gel protection\"}]},{\"@type\":\"WebSite\",\"@id\":\"https:\/\/www.orto24.lt\/en\/#website\",\"url\":\"https:\/\/www.orto24.lt\/en\/\",\"name\":\"Ortopedini\u0173 preki\u0173 parduotuv\u0117 - orto24.lt\",\"description\":\"| orto24.lt\",\"potentialAction\":[{\"@type\":\"SearchAction\",\"target\":{\"@type\":\"EntryPoint\",\"urlTemplate\":\"https:\/\/www.orto24.lt\/en\/?s={search_term_string}\"},\"query-input\":{\"@type\":\"PropertyValueSpecification\",\"valueRequired\":true,\"valueName\":\"search_term_string\"}}],\"inLanguage\":\"en-US\"}]}<\/script>\n<!-- \/ Yoast SEO plugin. -->","yoast_head_json":{"title":"BORT I toe and forefoot gel protection - Ortopedini\u0173 preki\u0173 parduotuv\u0117 - orto24.lt","description":"The gel protector reduces pressure and pain in the forefoot while protecting the 1st toe joint.","robots":{"index":"index","follow":"follow","max-snippet":"max-snippet:-1","max-image-preview":"max-image-preview:large","max-video-preview":"max-video-preview:-1"},"canonical":"https:\/\/www.orto24.lt\/en\/produktas\/bort-i-toe-and-forefoot-gel-protection\/","og_locale":"en_US","og_type":"article","og_title":"BORT I toe and forefoot gel protection - Ortopedini\u0173 preki\u0173 parduotuv\u0117 - orto24.lt","og_description":"The gel protector reduces pressure and pain in the forefoot while protecting the 1st toe joint.","og_url":"https:\/\/www.orto24.lt\/en\/produktas\/bort-i-toe-and-forefoot-gel-protection\/","og_site_name":"Ortopedini\u0173 preki\u0173 parduotuv\u0117 - orto24.lt","article_publisher":"https:\/\/www.facebook.com\/mtsprendimai\/","og_image":[{"width":1181,"height":1181,"url":"https:\/\/www.orto24.lt\/wp-content\/uploads\/2016\/02\/137040.jpg","type":"image\/jpeg"}],"twitter_card":"summary_large_image","schema":{"@context":"https:\/\/schema.org","@graph":[{"@type":"WebPage","@id":"https:\/\/www.orto24.lt\/en\/produktas\/bort-i-toe-and-forefoot-gel-protection\/","url":"https:\/\/www.orto24.lt\/en\/produktas\/bort-i-toe-and-forefoot-gel-protection\/","name":"BORT I toe and forefoot gel protection - Ortopedini\u0173 preki\u0173 parduotuv\u0117 - orto24.lt","isPartOf":{"@id":"https:\/\/www.orto24.lt\/en\/#website"},"primaryImageOfPage":{"@id":"https:\/\/www.orto24.lt\/en\/produktas\/bort-i-toe-and-forefoot-gel-protection\/#primaryimage"},"image":{"@id":"https:\/\/www.orto24.lt\/en\/produktas\/bort-i-toe-and-forefoot-gel-protection\/#primaryimage"},"thumbnailUrl":"https:\/\/www.orto24.lt\/wp-content\/uploads\/2016\/02\/137040.jpg","datePublished":"2016-02-10T12:24:52+00:00","description":"The gel protector reduces pressure and pain in the forefoot while protecting the 1st toe joint.","breadcrumb":{"@id":"https:\/\/www.orto24.lt\/en\/produktas\/bort-i-toe-and-forefoot-gel-protection\/#breadcrumb"},"inLanguage":"en-US","potentialAction":[{"@type":"ReadAction","target":["https:\/\/www.orto24.lt\/en\/produktas\/bort-i-toe-and-forefoot-gel-protection\/"]}]},{"@type":"ImageObject","inLanguage":"en-US","@id":"https:\/\/www.orto24.lt\/en\/produktas\/bort-i-toe-and-forefoot-gel-protection\/#primaryimage","url":"https:\/\/www.orto24.lt\/wp-content\/uploads\/2016\/02\/137040.jpg","contentUrl":"https:\/\/www.orto24.lt\/wp-content\/uploads\/2016\/02\/137040.jpg","width":1181,"height":1181,"caption":"Gel protection for the first toe and forefoot"},{"@type":"BreadcrumbList","@id":"https:\/\/www.orto24.lt\/en\/produktas\/bort-i-toe-and-forefoot-gel-protection\/#breadcrumb","itemListElement":[{"@type":"ListItem","position":1,"name":"Home","item":"https:\/\/www.orto24.lt\/en\/"},{"@type":"ListItem","position":2,"name":"Shop","item":"https:\/\/www.orto24.lt\/en\/shop\/"},{"@type":"ListItem","position":3,"name":"BORT I toe and forefoot gel protection"}]},{"@type":"WebSite","@id":"https:\/\/www.orto24.lt\/en\/#website","url":"https:\/\/www.orto24.lt\/en\/","name":"Ortopedini\u0173 preki\u0173 parduotuv\u0117 - orto24.lt","description":"| orto24.lt","potentialAction":[{"@type":"SearchAction","target":{"@type":"EntryPoint","urlTemplate":"https:\/\/www.orto24.lt\/en\/?s={search_term_string}"},"query-input":{"@type":"PropertyValueSpecification","valueRequired":true,"valueName":"search_term_string"}}],"inLanguage":"en-US"}]}},"_links":{"self":[{"href":"https:\/\/www.orto24.lt\/en\/wp-json\/wp\/v2\/product\/29753","targetHints":{"allow":["GET"]}}],"collection":[{"href":"https:\/\/www.orto24.lt\/en\/wp-json\/wp\/v2\/product"}],"about":[{"href":"https:\/\/www.orto24.lt\/en\/wp-json\/wp\/v2\/types\/product"}],"replies":[{"embeddable":true,"href":"https:\/\/www.orto24.lt\/en\/wp-json\/wp\/v2\/comments?post=29753"}],"version-history":[{"count":0,"href":"https:\/\/www.orto24.lt\/en\/wp-json\/wp\/v2\/product\/29753\/revisions"}],"wp:featuredmedia":[{"embeddable":true,"href":"https:\/\/www.orto24.lt\/en\/wp-json\/wp\/v2\/media\/29757"}],"wp:attachment":[{"href":"https:\/\/www.orto24.lt\/en\/wp-json\/wp\/v2\/media?parent=29753"}],"wp:term":[{"taxonomy":"product_brand","embeddable":true,"href":"https:\/\/www.orto24.lt\/en\/wp-json\/wp\/v2\/product_brand?post=29753"},{"taxonomy":"product_cat","embeddable":true,"href":"https:\/\/www.orto24.lt\/en\/wp-json\/wp\/v2\/product_cat?post=29753"},{"taxonomy":"product_tag","embeddable":true,"href":"https:\/\/www.orto24.lt\/en\/wp-json\/wp\/v2\/product_tag?post=29753"}],"curies":[{"name":"wp","href":"https:\/\/api.w.org\/{rel}","templated":true}]}}