{"id":29761,"date":"2016-02-10T12:27:32","date_gmt":"2016-02-10T12:27:32","guid":{"rendered":"https:\/\/www.orto24.lt\/produktas\/bort-elastic-thimble-with-gel\/"},"modified":"2016-02-10T12:27:32","modified_gmt":"2016-02-10T12:27:32","slug":"bort-elastic-thimble-with-gel","status":"publish","type":"product","link":"https:\/\/www.orto24.lt\/en\/produktas\/bort-elastic-thimble-with-gel\/","title":{"rendered":"BORT elastic thimble with gel"},"content":{"rendered":"<p>The gel elastic thimble is designed to protect against abrasion, blisters and pressure from footwear.<\/p>\n<p>Recommended for deformed hammertoes or stubbed toes. Wear the gel protector under the sock. The elasticated thimble is washed with soap and water, dried and left to dry. Do not use in the presence of open wounds, diabetes mellitus, inflammation or other circulatory diseases.   <\/p>\n<p><span style=\"font-family: 'Times New Roman'; font-size: 11px; line-height: normal; white-space: pre-wrap;\"> <\/span><\/p>\n<p><span style=\"color: #000000; font-family: 'Times New Roman'; font-size: 11px; line-height: normal; white-space: pre-wrap;\"> <\/span><\/p>\n<p><span style=\"color: #000000; font-family: 'Times New Roman'; font-size: 11px; line-height: normal; white-space: pre-wrap;\"> <\/span><\/p>\n<p><span style=\"color: #000000; font-family: 'Times New Roman'; font-size: 11px; line-height: normal; white-space: pre-wrap;\"> <\/span><\/p>\n<p><span style=\"color: #000000; font-family: 'Times New Roman'; font-size: 11px; line-height: normal; white-space: pre-wrap;\"> <\/span><\/p>\n<p><span style=\"color: #000000; font-family: 'Times New Roman'; font-size: 11px; line-height: normal; white-space: pre-wrap;\"> <\/span><\/p>\n","protected":false},"excerpt":{"rendered":"<p>The gel elastic thimble is designed to protect against abrasion, blisters and pressure from footwear.<\/p>\n[caption id=\"attachment_5184\" align=\"alignnone\" width=\"298\"]<img decoding=\"async\" class=\"wp-image-5184 size-full\" src=\"https:\/\/www.orto24.lt\/wp-content\/uploads\/2016\/02\/BORT_Logo_De.png\" alt=\"\" width=\"298\" height=\"89\" srcset=\"https:\/\/www.orto24.lt\/wp-content\/uploads\/2016\/02\/BORT_Logo_De.png 298w, https:\/\/www.orto24.lt\/wp-content\/uploads\/2016\/02\/BORT_Logo_De-150x45.png 150w, https:\/\/www.orto24.lt\/wp-content\/uploads\/2016\/02\/BORT_Logo_De-24x7.png 24w, https:\/\/www.orto24.lt\/wp-content\/uploads\/2016\/02\/BORT_Logo_De-36x11.png 36w, https:\/\/www.orto24.lt\/wp-content\/uploads\/2016\/02\/BORT_Logo_De-48x14.png 48w\" sizes=\"(max-width: 298px) 100vw, 298px\" \/>  Made in Germany[\/caption]\n","protected":false},"featured_media":29762,"comment_status":"open","ping_status":"closed","template":"","meta":[],"product_brand":[],"product_cat":[1128,1167],"product_tag":[1129,1179,1133,1147,1166,1164,1132,1171,1174],"class_list":{"0":"post-29761","1":"product","2":"type-product","3":"status-publish","4":"has-post-thumbnail","6":"product_cat-measures-for-feet","7":"product_cat-textile-foot-protection","8":"product_tag-bort","9":"product_tag-elastic-2","10":"product_tag-foot-care-products","11":"product_tag-foot-measures","12":"product_tag-gel","13":"product_tag-material","14":"product_tag-orthopaedics","15":"product_tag-tapes","16":"product_tag-thimble","18":"first","19":"outofstock","20":"taxable","21":"shipping-taxable","22":"purchasable","23":"product-type-variable"},"yoast_head":"<!-- This site is optimized with the Yoast SEO plugin v26.0 - https:\/\/yoast.com\/wordpress\/plugins\/seo\/ -->\n<title>BORT elastic thimble with gel - Ortopedini\u0173 preki\u0173 parduotuv\u0117 - orto24.lt<\/title>\n<meta name=\"robots\" content=\"index, follow, max-snippet:-1, max-image-preview:large, max-video-preview:-1\" \/>\n<link rel=\"canonical\" href=\"https:\/\/www.orto24.lt\/en\/produktas\/bort-elastic-thimble-with-gel\/\" \/>\n<meta property=\"og:locale\" content=\"en_US\" \/>\n<meta property=\"og:type\" content=\"article\" \/>\n<meta property=\"og:title\" content=\"BORT elastic thimble with gel - Ortopedini\u0173 preki\u0173 parduotuv\u0117 - orto24.lt\" \/>\n<meta property=\"og:description\" content=\"The gel elastic thimble is designed to protect against abrasion, blisters and pressure from footwear.\" \/>\n<meta property=\"og:url\" content=\"https:\/\/www.orto24.lt\/en\/produktas\/bort-elastic-thimble-with-gel\/\" \/>\n<meta property=\"og:site_name\" content=\"Ortopedini\u0173 preki\u0173 parduotuv\u0117 - orto24.lt\" \/>\n<meta property=\"article:publisher\" content=\"https:\/\/www.facebook.com\/mtsprendimai\/\" \/>\n<meta property=\"og:image\" content=\"https:\/\/www.orto24.lt\/wp-content\/uploads\/2016\/02\/137050.jpg\" \/>\n\t<meta property=\"og:image:width\" content=\"1181\" \/>\n\t<meta property=\"og:image:height\" content=\"1181\" \/>\n\t<meta property=\"og:image:type\" content=\"image\/jpeg\" \/>\n<meta name=\"twitter:card\" content=\"summary_large_image\" \/>\n<script type=\"application\/ld+json\" class=\"yoast-schema-graph\">{\"@context\":\"https:\/\/schema.org\",\"@graph\":[{\"@type\":\"WebPage\",\"@id\":\"https:\/\/www.orto24.lt\/en\/produktas\/bort-elastic-thimble-with-gel\/\",\"url\":\"https:\/\/www.orto24.lt\/en\/produktas\/bort-elastic-thimble-with-gel\/\",\"name\":\"BORT elastic thimble with gel - Ortopedini\u0173 preki\u0173 parduotuv\u0117 - orto24.lt\",\"isPartOf\":{\"@id\":\"https:\/\/www.orto24.lt\/en\/#website\"},\"primaryImageOfPage\":{\"@id\":\"https:\/\/www.orto24.lt\/en\/produktas\/bort-elastic-thimble-with-gel\/#primaryimage\"},\"image\":{\"@id\":\"https:\/\/www.orto24.lt\/en\/produktas\/bort-elastic-thimble-with-gel\/#primaryimage\"},\"thumbnailUrl\":\"https:\/\/www.orto24.lt\/wp-content\/uploads\/2016\/02\/137050.jpg\",\"datePublished\":\"2016-02-10T12:27:32+00:00\",\"breadcrumb\":{\"@id\":\"https:\/\/www.orto24.lt\/en\/produktas\/bort-elastic-thimble-with-gel\/#breadcrumb\"},\"inLanguage\":\"en-US\",\"potentialAction\":[{\"@type\":\"ReadAction\",\"target\":[\"https:\/\/www.orto24.lt\/en\/produktas\/bort-elastic-thimble-with-gel\/\"]}]},{\"@type\":\"ImageObject\",\"inLanguage\":\"en-US\",\"@id\":\"https:\/\/www.orto24.lt\/en\/produktas\/bort-elastic-thimble-with-gel\/#primaryimage\",\"url\":\"https:\/\/www.orto24.lt\/wp-content\/uploads\/2016\/02\/137050.jpg\",\"contentUrl\":\"https:\/\/www.orto24.lt\/wp-content\/uploads\/2016\/02\/137050.jpg\",\"width\":1181,\"height\":1181,\"caption\":\"Elastic thimble with gel\"},{\"@type\":\"BreadcrumbList\",\"@id\":\"https:\/\/www.orto24.lt\/en\/produktas\/bort-elastic-thimble-with-gel\/#breadcrumb\",\"itemListElement\":[{\"@type\":\"ListItem\",\"position\":1,\"name\":\"Home\",\"item\":\"https:\/\/www.orto24.lt\/en\/\"},{\"@type\":\"ListItem\",\"position\":2,\"name\":\"Shop\",\"item\":\"https:\/\/www.orto24.lt\/en\/shop\/\"},{\"@type\":\"ListItem\",\"position\":3,\"name\":\"BORT elastic thimble with gel\"}]},{\"@type\":\"WebSite\",\"@id\":\"https:\/\/www.orto24.lt\/en\/#website\",\"url\":\"https:\/\/www.orto24.lt\/en\/\",\"name\":\"Ortopedini\u0173 preki\u0173 parduotuv\u0117 - orto24.lt\",\"description\":\"| orto24.lt\",\"potentialAction\":[{\"@type\":\"SearchAction\",\"target\":{\"@type\":\"EntryPoint\",\"urlTemplate\":\"https:\/\/www.orto24.lt\/en\/?s={search_term_string}\"},\"query-input\":{\"@type\":\"PropertyValueSpecification\",\"valueRequired\":true,\"valueName\":\"search_term_string\"}}],\"inLanguage\":\"en-US\"}]}<\/script>\n<!-- \/ Yoast SEO plugin. -->","yoast_head_json":{"title":"BORT elastic thimble with gel - Ortopedini\u0173 preki\u0173 parduotuv\u0117 - orto24.lt","robots":{"index":"index","follow":"follow","max-snippet":"max-snippet:-1","max-image-preview":"max-image-preview:large","max-video-preview":"max-video-preview:-1"},"canonical":"https:\/\/www.orto24.lt\/en\/produktas\/bort-elastic-thimble-with-gel\/","og_locale":"en_US","og_type":"article","og_title":"BORT elastic thimble with gel - Ortopedini\u0173 preki\u0173 parduotuv\u0117 - orto24.lt","og_description":"The gel elastic thimble is designed to protect against abrasion, blisters and pressure from footwear.","og_url":"https:\/\/www.orto24.lt\/en\/produktas\/bort-elastic-thimble-with-gel\/","og_site_name":"Ortopedini\u0173 preki\u0173 parduotuv\u0117 - orto24.lt","article_publisher":"https:\/\/www.facebook.com\/mtsprendimai\/","og_image":[{"width":1181,"height":1181,"url":"https:\/\/www.orto24.lt\/wp-content\/uploads\/2016\/02\/137050.jpg","type":"image\/jpeg"}],"twitter_card":"summary_large_image","schema":{"@context":"https:\/\/schema.org","@graph":[{"@type":"WebPage","@id":"https:\/\/www.orto24.lt\/en\/produktas\/bort-elastic-thimble-with-gel\/","url":"https:\/\/www.orto24.lt\/en\/produktas\/bort-elastic-thimble-with-gel\/","name":"BORT elastic thimble with gel - Ortopedini\u0173 preki\u0173 parduotuv\u0117 - orto24.lt","isPartOf":{"@id":"https:\/\/www.orto24.lt\/en\/#website"},"primaryImageOfPage":{"@id":"https:\/\/www.orto24.lt\/en\/produktas\/bort-elastic-thimble-with-gel\/#primaryimage"},"image":{"@id":"https:\/\/www.orto24.lt\/en\/produktas\/bort-elastic-thimble-with-gel\/#primaryimage"},"thumbnailUrl":"https:\/\/www.orto24.lt\/wp-content\/uploads\/2016\/02\/137050.jpg","datePublished":"2016-02-10T12:27:32+00:00","breadcrumb":{"@id":"https:\/\/www.orto24.lt\/en\/produktas\/bort-elastic-thimble-with-gel\/#breadcrumb"},"inLanguage":"en-US","potentialAction":[{"@type":"ReadAction","target":["https:\/\/www.orto24.lt\/en\/produktas\/bort-elastic-thimble-with-gel\/"]}]},{"@type":"ImageObject","inLanguage":"en-US","@id":"https:\/\/www.orto24.lt\/en\/produktas\/bort-elastic-thimble-with-gel\/#primaryimage","url":"https:\/\/www.orto24.lt\/wp-content\/uploads\/2016\/02\/137050.jpg","contentUrl":"https:\/\/www.orto24.lt\/wp-content\/uploads\/2016\/02\/137050.jpg","width":1181,"height":1181,"caption":"Elastic thimble with gel"},{"@type":"BreadcrumbList","@id":"https:\/\/www.orto24.lt\/en\/produktas\/bort-elastic-thimble-with-gel\/#breadcrumb","itemListElement":[{"@type":"ListItem","position":1,"name":"Home","item":"https:\/\/www.orto24.lt\/en\/"},{"@type":"ListItem","position":2,"name":"Shop","item":"https:\/\/www.orto24.lt\/en\/shop\/"},{"@type":"ListItem","position":3,"name":"BORT elastic thimble with gel"}]},{"@type":"WebSite","@id":"https:\/\/www.orto24.lt\/en\/#website","url":"https:\/\/www.orto24.lt\/en\/","name":"Ortopedini\u0173 preki\u0173 parduotuv\u0117 - orto24.lt","description":"| orto24.lt","potentialAction":[{"@type":"SearchAction","target":{"@type":"EntryPoint","urlTemplate":"https:\/\/www.orto24.lt\/en\/?s={search_term_string}"},"query-input":{"@type":"PropertyValueSpecification","valueRequired":true,"valueName":"search_term_string"}}],"inLanguage":"en-US"}]}},"_links":{"self":[{"href":"https:\/\/www.orto24.lt\/en\/wp-json\/wp\/v2\/product\/29761","targetHints":{"allow":["GET"]}}],"collection":[{"href":"https:\/\/www.orto24.lt\/en\/wp-json\/wp\/v2\/product"}],"about":[{"href":"https:\/\/www.orto24.lt\/en\/wp-json\/wp\/v2\/types\/product"}],"replies":[{"embeddable":true,"href":"https:\/\/www.orto24.lt\/en\/wp-json\/wp\/v2\/comments?post=29761"}],"version-history":[{"count":0,"href":"https:\/\/www.orto24.lt\/en\/wp-json\/wp\/v2\/product\/29761\/revisions"}],"wp:featuredmedia":[{"embeddable":true,"href":"https:\/\/www.orto24.lt\/en\/wp-json\/wp\/v2\/media\/29762"}],"wp:attachment":[{"href":"https:\/\/www.orto24.lt\/en\/wp-json\/wp\/v2\/media?parent=29761"}],"wp:term":[{"taxonomy":"product_brand","embeddable":true,"href":"https:\/\/www.orto24.lt\/en\/wp-json\/wp\/v2\/product_brand?post=29761"},{"taxonomy":"product_cat","embeddable":true,"href":"https:\/\/www.orto24.lt\/en\/wp-json\/wp\/v2\/product_cat?post=29761"},{"taxonomy":"product_tag","embeddable":true,"href":"https:\/\/www.orto24.lt\/en\/wp-json\/wp\/v2\/product_tag?post=29761"}],"curies":[{"name":"wp","href":"https:\/\/api.w.org\/{rel}","templated":true}]}}