{"id":29787,"date":"2016-02-11T08:54:17","date_gmt":"2016-02-11T08:54:17","guid":{"rendered":"https:\/\/www.orto24.lt\/produktas\/bort-activecolor-textile-wrist-splint\/"},"modified":"2016-02-11T08:54:17","modified_gmt":"2016-02-11T08:54:17","slug":"bort-activecolor-textile-wrist-splint","status":"publish","type":"product","link":"https:\/\/www.orto24.lt\/en\/produktas\/bort-activecolor-textile-wrist-splint\/","title":{"rendered":"BORT ActiveColor textile wrist splint"},"content":{"rendered":"<p>The wrist splint with adjustable <em>velcro<\/em> locking strap is made of elastic material, which provides excellent fixation and warms the wrist joint.<\/p>\n<p>The Velcro strap allows you to adjust the wrist strapping.<\/p>\n<p>Recommended:<\/p>\n<ul>\n<li>in carpal tunnel syndrome,<\/li>\n<li>after a sprain of the wrist ligaments and tendons,<\/li>\n<li>for arthrosis of the wrist joint,<\/li>\n<li>injury prevention.<\/li>\n<\/ul>\n<p>The splint is washed with soap and water, drained and left to dry.<\/p>\n<p><span style=\"color: #000000; font-family: 'Times New Roman'; font-size: 11px; line-height: normal; white-space: pre-wrap;\"> <\/span><\/p>\n<div id=\"attachment_5337\" style=\"width: 210px\" class=\"wp-caption alignnone\"><img decoding=\"async\" aria-describedby=\"caption-attachment-5337\" class=\"wp-image-5337 size-full\" src=\"https:\/\/www.orto24.lt\/wp-content\/uploads\/2016\/02\/riesas.jpg\" alt=\"riesas\" width=\"200\" height=\"129\" srcset=\"https:\/\/www.orto24.lt\/wp-content\/uploads\/2016\/02\/riesas.jpg 200w, https:\/\/www.orto24.lt\/wp-content\/uploads\/2016\/02\/riesas-150x97.jpg 150w, https:\/\/www.orto24.lt\/wp-content\/uploads\/2016\/02\/riesas-24x15.jpg 24w, https:\/\/www.orto24.lt\/wp-content\/uploads\/2016\/02\/riesas-36x23.jpg 36w, https:\/\/www.orto24.lt\/wp-content\/uploads\/2016\/02\/riesas-48x31.jpg 48w\" sizes=\"(max-width: 200px) 100vw, 200px\" \/><p id=\"caption-attachment-5337\" class=\"wp-caption-text\">For size selection, measure the specified area<\/p><\/div>\n<p><span style=\"color: #000000; font-family: 'Times New Roman'; font-size: 11px; line-height: normal; white-space: pre-wrap;\"> <\/span><\/p>\n","protected":false},"excerpt":{"rendered":"<p>The wrist splint with adjustable <em>velcro<\/em> locking strap is made of elastic material, which provides excellent fixation and warms the wrist joint.<\/p>\n[caption id=\"attachment_5184\" align=\"alignnone\" width=\"298\"]<img decoding=\"async\" class=\"wp-image-5184 size-full\" src=\"https:\/\/www.orto24.lt\/wp-content\/uploads\/2016\/02\/BORT_Logo_De.png\" alt=\"\" width=\"298\" height=\"89\" srcset=\"https:\/\/www.orto24.lt\/wp-content\/uploads\/2016\/02\/BORT_Logo_De.png 298w, https:\/\/www.orto24.lt\/wp-content\/uploads\/2016\/02\/BORT_Logo_De-150x45.png 150w, https:\/\/www.orto24.lt\/wp-content\/uploads\/2016\/02\/BORT_Logo_De-24x7.png 24w, https:\/\/www.orto24.lt\/wp-content\/uploads\/2016\/02\/BORT_Logo_De-36x11.png 36w, https:\/\/www.orto24.lt\/wp-content\/uploads\/2016\/02\/BORT_Logo_De-48x14.png 48w\" sizes=\"(max-width: 298px) 100vw, 298px\" \/>  Made in Germany[\/caption]\n<div class=\"single-product-description\">\n<form class=\"variations_form cart\" style=\"box-sizing: border-box; float: left; color: #666666; font-family: Raleway, sans-serif; font-size: 13px; font-style: normal; font-variant: normal; font-weight: 300; letter-spacing: normal; line-height: 24.7px; orphans: auto; text-align: start; text-indent: 0px; text-transform: none; white-space: normal; widows: 1; word-spacing: 0px; -webkit-text-stroke-width: 0px; background-color: #ffffff;\" enctype=\"multipart\/form-data\" method=\"post\" data-product_id=\"5343\" data-product_variations=\"[{\"variation_id\":5348,\"variation_is_visible\":true,\"variation_is_active\":true,\"is_purchasable\":true,\"display_price\":11.9,\"display_regular_price\":11.9,\"attributes\":{\"attribute_dydis\":\"S (iki 32 cm)\"},\"image_src\":\"\",\"image_link\":\"\",\"image_title\":\"\",\"image_alt\":\"\",\"image_caption\":\"\",\"image_srcset\":\"\",\"image_sizes\":\"\",\"price_html\":\"\",\"availability_html\":\"&lt;p class=\"stock in-stock\"&gt;Turime&lt;\/p&gt;\",\"sku\":\"MTB 1440\",\"weight\":\" kg\",\"dimensions\":\"\",\"min_qty\":1,\"max_qty\":6,\"backorders_allowed\":false,\"is_in_stock\":true,\"is_downloadable\":false,\"is_virtual\":false,\"is_sold_individually\":\"no\",\"variation_description\":\"\",\"image_magnifier\":\"\"},{\"variation_id\":5347,\"variation_is_visible\":true,\"variation_is_active\":true,\"is_purchasable\":true,\"display_price\":11.9,\"display_regular_price\":11.9,\"attributes\":{\"attribute_dydis\":\"M (32-37 cm)\"},\"image_src\":\"\",\"image_link\":\"\",\"image_title\":\"\",\"image_alt\":\"\",\"image_caption\":\"\",\"image_srcset\":\"\",\"image_sizes\":\"\",\"price_html\":\"\",\"availability_html\":\"&lt;p class=\"stock in-stock\"&gt;Turime&lt;\/p&gt;\",\"sku\":\"MTB 1440\",\"weight\":\" kg\",\"dimensions\":\"\",\"min_qty\":1,\"max_qty\":8,\"backorders_allowed\":false,\"is_in_stock\":true,\"is_downloadable\":false,\"is_virtual\":false,\"is_sold_individually\":\"no\",\"variation_description\":\"\",\"image_magnifier\":\"\"},{\"variation_id\":5346,\"variation_is_visible\":true,\"variation_is_active\":true,\"is_purchasable\":true,\"display_price\":11.9,\"display_regular_price\":11.9,\"attributes\":{\"attribute_dydis\":\"L (37-42 cm)\"},\"image_src\":\"\",\"image_link\":\"\",\"image_title\":\"\",\"image_alt\":\"\",\"image_caption\":\"\",\"image_srcset\":\"\",\"image_sizes\":\"\",\"price_html\":\"\",\"availability_html\":\"&lt;p class=\"stock in-stock\"&gt;Turime&lt;\/p&gt;\",\"sku\":\"MTB 1440\",\"weight\":\" kg\",\"dimensions\":\"\",\"min_qty\":1,\"max_qty\":7,\"backorders_allowed\":false,\"is_in_stock\":true,\"is_downloadable\":false,\"is_virtual\":false,\"is_sold_individually\":\"no\",\"variation_description\":\"\",\"image_magnifier\":\"\"},{\"variation_id\":5345,\"variation_is_visible\":true,\"variation_is_active\":true,\"is_purchasable\":true,\"display_price\":11.9,\"display_regular_price\":11.9,\"attributes\":{\"attribute_dydis\":\"XL - (42-47 cm)\"},\"image_src\":\"\",\"image_link\":\"\",\"image_title\":\"\",\"image_alt\":\"\",\"image_caption\":\"\",\"image_srcset\":\"\",\"image_sizes\":\"\",\"price_html\":\"\",\"availability_html\":\"&lt;p class=\"stock in-stock\"&gt;Turime&lt;\/p&gt;\",\"sku\":\"MTB 1440\",\"weight\":\" kg\",\"dimensions\":\"\",\"min_qty\":1,\"max_qty\":6,\"backorders_allowed\":false,\"is_in_stock\":true,\"is_downloadable\":false,\"is_virtual\":false,\"is_sold_individually\":\"no\",\"variation_description\":\"\",\"image_magnifier\":\"\"},{\"variation_id\":5344,\"variation_is_visible\":true,\"variation_is_active\":true,\"is_purchasable\":true,\"display_price\":11.9,\"display_regular_price\":11.9,\"attributes\":{\"attribute_dydis\":\"XXL - (47-52 cm)\"},\"image_src\":\"\",\"image_link\":\"\",\"image_title\":\"\",\"image_alt\":\"\",\"image_caption\":\"\",\"image_srcset\":\"\",\"image_sizes\":\"\",\"price_html\":\"\",\"availability_html\":\"&lt;p class=\"stock in-stock\"&gt;Turime&lt;\/p&gt;\",\"sku\":\"MTB 1440\",\"weight\":\" kg\",\"dimensions\":\"\",\"min_qty\":1,\"max_qty\":6,\"backorders_allowed\":false,\"is_in_stock\":true,\"is_downloadable\":false,\"is_virtual\":false,\"is_sold_individually\":\"no\",\"variation_description\":\"\",\"image_magnifier\":\"\"}]\">\n<div class=\"table-responsive\"><\/div>\n<\/form>\n<\/div>\n<form class=\"variations_form cart\" style=\"box-sizing: border-box; float: left; color: #666666; font-family: Raleway, sans-serif; font-size: 13px; font-style: normal; font-variant: normal; font-weight: 300; letter-spacing: normal; line-height: 24.7px; orphans: auto; text-align: start; text-indent: 0px; text-transform: none; white-space: normal; widows: 1; word-spacing: 0px; -webkit-text-stroke-width: 0px; background-color: #ffffff;\" enctype=\"multipart\/form-data\" method=\"post\" data-product_id=\"5351\" data-product_variations=\"[{\"variation_id\":5361,\"variation_is_visible\":true,\"variation_is_active\":true,\"is_purchasable\":true,\"display_price\":11.9,\"display_regular_price\":11.9,\"attributes\":{\"attribute_dydis\":\"M (21-23 cm)\"},\"image_src\":\"\",\"image_link\":\"\",\"image_title\":\"\",\"image_alt\":\"\",\"image_caption\":\"\",\"image_srcset\":\"\",\"image_sizes\":\"\",\"price_html\":\"\",\"availability_html\":\"&lt;p class=\"stock in-stock\"&gt;Turime&lt;\/p&gt;\",\"sku\":\"MTB 1450\",\"weight\":\" kg\",\"dimensions\":\"\",\"min_qty\":1,\"max_qty\":7,\"backorders_allowed\":false,\"is_in_stock\":true,\"is_downloadable\":false,\"is_virtual\":false,\"is_sold_individually\":\"no\",\"variation_description\":\"\",\"image_magnifier\":\"\"},{\"variation_id\":5360,\"variation_is_visible\":true,\"variation_is_active\":true,\"is_purchasable\":true,\"display_price\":11.9,\"display_regular_price\":11.9,\"attributes\":{\"attribute_dydis\":\"L (23-25 cm)\"},\"image_src\":\"\",\"image_link\":\"\",\"image_title\":\"\",\"image_alt\":\"\",\"image_caption\":\"\",\"image_srcset\":\"\",\"image_sizes\":\"\",\"price_html\":\"\",\"availability_html\":\"&lt;p class=\"stock in-stock\"&gt;Turime&lt;\/p&gt;\",\"sku\":\"MTB 1450\",\"weight\":\" kg\",\"dimensions\":\"\",\"min_qty\":1,\"max_qty\":7,\"backorders_allowed\":false,\"is_in_stock\":true,\"is_downloadable\":false,\"is_virtual\":false,\"is_sold_individually\":\"no\",\"variation_description\":\"\",\"image_magnifier\":\"\"},{\"variation_id\":5359,\"variation_is_visible\":true,\"variation_is_active\":true,\"is_purchasable\":true,\"display_price\":11.9,\"display_regular_price\":11.9,\"attributes\":{\"attribute_dydis\":\"XL - (25-27 cm)\"},\"image_src\":\"\",\"image_link\":\"\",\"image_title\":\"\",\"image_alt\":\"\",\"image_caption\":\"\",\"image_srcset\":\"\",\"image_sizes\":\"\",\"price_html\":\"\",\"availability_html\":\"&lt;p class=\"stock in-stock\"&gt;Turime&lt;\/p&gt;\",\"sku\":\"MTB 1450\",\"weight\":\" kg\",\"dimensions\":\"\",\"min_qty\":1,\"max_qty\":6,\"backorders_allowed\":false,\"is_in_stock\":true,\"is_downloadable\":false,\"is_virtual\":false,\"is_sold_individually\":\"no\",\"variation_description\":\"\",\"image_magnifier\":\"\"},{\"variation_id\":5358,\"variation_is_visible\":true,\"variation_is_active\":true,\"is_purchasable\":true,\"display_price\":11.9,\"display_regular_price\":11.9,\"attributes\":{\"attribute_dydis\":\"XXL - (27-29 cm)\"},\"image_src\":\"\",\"image_link\":\"\",\"image_title\":\"\",\"image_alt\":\"\",\"image_caption\":\"\",\"image_srcset\":\"\",\"image_sizes\":\"\",\"price_html\":\"\",\"availability_html\":\"&lt;p class=\"stock in-stock\"&gt;Turime&lt;\/p&gt;\",\"sku\":\"MTB 1450\",\"weight\":\" kg\",\"dimensions\":\"\",\"min_qty\":1,\"max_qty\":6,\"backorders_allowed\":false,\"is_in_stock\":true,\"is_downloadable\":false,\"is_virtual\":false,\"is_sold_individually\":\"no\",\"variation_description\":\"\",\"image_magnifier\":\"\"},{\"variation_id\":5362,\"variation_is_visible\":true,\"variation_is_active\":true,\"is_purchasable\":true,\"display_price\":11.9,\"display_regular_price\":11.9,\"attributes\":{\"attribute_dydis\":\"S (iki 21 cm)\"},\"image_src\":\"\",\"image_link\":\"\",\"image_title\":\"\",\"image_alt\":\"\",\"image_caption\":\"\",\"image_srcset\":\"\",\"image_sizes\":\"\",\"price_html\":\"\",\"availability_html\":\"&lt;p class=\"stock in-stock\"&gt;Turime&lt;\/p&gt;\",\"sku\":\"MTB 1450\",\"weight\":\" kg\",\"dimensions\":\"\",\"min_qty\":1,\"max_qty\":7,\"backorders_allowed\":false,\"is_in_stock\":true,\"is_downloadable\":false,\"is_virtual\":false,\"is_sold_individually\":\"no\",\"variation_description\":\"\",\"image_magnifier\":\"\"}]\">\n<div class=\"table-responsive\"><\/div>\n<\/form>\n","protected":false},"featured_media":31790,"comment_status":"open","ping_status":"closed","template":"","meta":[],"product_brand":[],"product_cat":[1101,1109],"product_tag":[1185,1129,1103,1186,1188,1132,1102,1187],"class_list":{"0":"post-29787","1":"product","2":"type-product","3":"status-publish","4":"has-post-thumbnail","6":"product_cat-braces","7":"product_cat-wrist-and-finger-splints","8":"product_tag-atrosis","9":"product_tag-bort","10":"product_tag-for-the-wrist","11":"product_tag-injury-prevention","12":"product_tag-joint-canal","13":"product_tag-orthopaedics","14":"product_tag-splint","15":"product_tag-sprain","17":"first","18":"instock","19":"taxable","20":"shipping-taxable","21":"purchasable","22":"product-type-variable"},"yoast_head":"<!-- This site is optimized with the Yoast SEO plugin v26.0 - https:\/\/yoast.com\/wordpress\/plugins\/seo\/ -->\n<title>BORT ActiveColor textile wrist splint - Ortopedini\u0173 preki\u0173 parduotuv\u0117 - orto24.lt<\/title>\n<meta name=\"description\" content=\"The wrist splint with adjustable velcro locking strap is made of elastic material, which provides excellent fixation and warms the wrist joint.\" \/>\n<meta name=\"robots\" content=\"index, follow, max-snippet:-1, max-image-preview:large, max-video-preview:-1\" \/>\n<link rel=\"canonical\" href=\"https:\/\/www.orto24.lt\/en\/produktas\/bort-activecolor-textile-wrist-splint\/\" \/>\n<meta property=\"og:locale\" content=\"en_US\" \/>\n<meta property=\"og:type\" content=\"article\" \/>\n<meta property=\"og:title\" content=\"BORT ActiveColor textile wrist splint - Ortopedini\u0173 preki\u0173 parduotuv\u0117 - orto24.lt\" \/>\n<meta property=\"og:description\" content=\"The wrist splint with adjustable velcro locking strap is made of elastic material, which provides excellent fixation and warms the wrist joint.\" \/>\n<meta property=\"og:url\" content=\"https:\/\/www.orto24.lt\/en\/produktas\/bort-activecolor-textile-wrist-splint\/\" \/>\n<meta property=\"og:site_name\" content=\"Ortopedini\u0173 preki\u0173 parduotuv\u0117 - orto24.lt\" \/>\n<meta property=\"article:publisher\" content=\"https:\/\/www.facebook.com\/mtsprendimai\/\" \/>\n<meta property=\"og:image\" content=\"https:\/\/www.orto24.lt\/wp-content\/uploads\/2016\/02\/0002414_activecolor-wrist-support-1410.jpeg\" \/>\n\t<meta property=\"og:image:width\" content=\"600\" \/>\n\t<meta property=\"og:image:height\" content=\"599\" \/>\n\t<meta property=\"og:image:type\" content=\"image\/jpeg\" \/>\n<meta name=\"twitter:card\" content=\"summary_large_image\" \/>\n<script type=\"application\/ld+json\" class=\"yoast-schema-graph\">{\"@context\":\"https:\/\/schema.org\",\"@graph\":[{\"@type\":\"WebPage\",\"@id\":\"https:\/\/www.orto24.lt\/en\/produktas\/bort-activecolor-textile-wrist-splint\/\",\"url\":\"https:\/\/www.orto24.lt\/en\/produktas\/bort-activecolor-textile-wrist-splint\/\",\"name\":\"BORT ActiveColor textile wrist splint - Ortopedini\u0173 preki\u0173 parduotuv\u0117 - orto24.lt\",\"isPartOf\":{\"@id\":\"https:\/\/www.orto24.lt\/en\/#website\"},\"primaryImageOfPage\":{\"@id\":\"https:\/\/www.orto24.lt\/en\/produktas\/bort-activecolor-textile-wrist-splint\/#primaryimage\"},\"image\":{\"@id\":\"https:\/\/www.orto24.lt\/en\/produktas\/bort-activecolor-textile-wrist-splint\/#primaryimage\"},\"thumbnailUrl\":\"https:\/\/www.orto24.lt\/wp-content\/uploads\/2016\/02\/1410_haut.jpg\",\"datePublished\":\"2016-02-11T08:54:17+00:00\",\"description\":\"The wrist splint with adjustable velcro locking strap is made of elastic material, which provides excellent fixation and warms the wrist joint.\",\"breadcrumb\":{\"@id\":\"https:\/\/www.orto24.lt\/en\/produktas\/bort-activecolor-textile-wrist-splint\/#breadcrumb\"},\"inLanguage\":\"en-US\",\"potentialAction\":[{\"@type\":\"ReadAction\",\"target\":[\"https:\/\/www.orto24.lt\/en\/produktas\/bort-activecolor-textile-wrist-splint\/\"]}]},{\"@type\":\"ImageObject\",\"inLanguage\":\"en-US\",\"@id\":\"https:\/\/www.orto24.lt\/en\/produktas\/bort-activecolor-textile-wrist-splint\/#primaryimage\",\"url\":\"https:\/\/www.orto24.lt\/wp-content\/uploads\/2016\/02\/1410_haut.jpg\",\"contentUrl\":\"https:\/\/www.orto24.lt\/wp-content\/uploads\/2016\/02\/1410_haut.jpg\",\"width\":500,\"height\":500},{\"@type\":\"BreadcrumbList\",\"@id\":\"https:\/\/www.orto24.lt\/en\/produktas\/bort-activecolor-textile-wrist-splint\/#breadcrumb\",\"itemListElement\":[{\"@type\":\"ListItem\",\"position\":1,\"name\":\"Home\",\"item\":\"https:\/\/www.orto24.lt\/en\/\"},{\"@type\":\"ListItem\",\"position\":2,\"name\":\"Shop\",\"item\":\"https:\/\/www.orto24.lt\/en\/shop\/\"},{\"@type\":\"ListItem\",\"position\":3,\"name\":\"BORT ActiveColor textile wrist splint\"}]},{\"@type\":\"WebSite\",\"@id\":\"https:\/\/www.orto24.lt\/en\/#website\",\"url\":\"https:\/\/www.orto24.lt\/en\/\",\"name\":\"Ortopedini\u0173 preki\u0173 parduotuv\u0117 - orto24.lt\",\"description\":\"| orto24.lt\",\"potentialAction\":[{\"@type\":\"SearchAction\",\"target\":{\"@type\":\"EntryPoint\",\"urlTemplate\":\"https:\/\/www.orto24.lt\/en\/?s={search_term_string}\"},\"query-input\":{\"@type\":\"PropertyValueSpecification\",\"valueRequired\":true,\"valueName\":\"search_term_string\"}}],\"inLanguage\":\"en-US\"}]}<\/script>\n<!-- \/ Yoast SEO plugin. -->","yoast_head_json":{"title":"BORT ActiveColor textile wrist splint - Ortopedini\u0173 preki\u0173 parduotuv\u0117 - orto24.lt","description":"The wrist splint with adjustable velcro locking strap is made of elastic material, which provides excellent fixation and warms the wrist joint.","robots":{"index":"index","follow":"follow","max-snippet":"max-snippet:-1","max-image-preview":"max-image-preview:large","max-video-preview":"max-video-preview:-1"},"canonical":"https:\/\/www.orto24.lt\/en\/produktas\/bort-activecolor-textile-wrist-splint\/","og_locale":"en_US","og_type":"article","og_title":"BORT ActiveColor textile wrist splint - Ortopedini\u0173 preki\u0173 parduotuv\u0117 - orto24.lt","og_description":"The wrist splint with adjustable velcro locking strap is made of elastic material, which provides excellent fixation and warms the wrist joint.","og_url":"https:\/\/www.orto24.lt\/en\/produktas\/bort-activecolor-textile-wrist-splint\/","og_site_name":"Ortopedini\u0173 preki\u0173 parduotuv\u0117 - orto24.lt","article_publisher":"https:\/\/www.facebook.com\/mtsprendimai\/","og_image":[{"width":600,"height":599,"url":"https:\/\/www.orto24.lt\/wp-content\/uploads\/2016\/02\/0002414_activecolor-wrist-support-1410.jpeg","type":"image\/jpeg"}],"twitter_card":"summary_large_image","schema":{"@context":"https:\/\/schema.org","@graph":[{"@type":"WebPage","@id":"https:\/\/www.orto24.lt\/en\/produktas\/bort-activecolor-textile-wrist-splint\/","url":"https:\/\/www.orto24.lt\/en\/produktas\/bort-activecolor-textile-wrist-splint\/","name":"BORT ActiveColor textile wrist splint - Ortopedini\u0173 preki\u0173 parduotuv\u0117 - orto24.lt","isPartOf":{"@id":"https:\/\/www.orto24.lt\/en\/#website"},"primaryImageOfPage":{"@id":"https:\/\/www.orto24.lt\/en\/produktas\/bort-activecolor-textile-wrist-splint\/#primaryimage"},"image":{"@id":"https:\/\/www.orto24.lt\/en\/produktas\/bort-activecolor-textile-wrist-splint\/#primaryimage"},"thumbnailUrl":"https:\/\/www.orto24.lt\/wp-content\/uploads\/2016\/02\/1410_haut.jpg","datePublished":"2016-02-11T08:54:17+00:00","description":"The wrist splint with adjustable velcro locking strap is made of elastic material, which provides excellent fixation and warms the wrist joint.","breadcrumb":{"@id":"https:\/\/www.orto24.lt\/en\/produktas\/bort-activecolor-textile-wrist-splint\/#breadcrumb"},"inLanguage":"en-US","potentialAction":[{"@type":"ReadAction","target":["https:\/\/www.orto24.lt\/en\/produktas\/bort-activecolor-textile-wrist-splint\/"]}]},{"@type":"ImageObject","inLanguage":"en-US","@id":"https:\/\/www.orto24.lt\/en\/produktas\/bort-activecolor-textile-wrist-splint\/#primaryimage","url":"https:\/\/www.orto24.lt\/wp-content\/uploads\/2016\/02\/1410_haut.jpg","contentUrl":"https:\/\/www.orto24.lt\/wp-content\/uploads\/2016\/02\/1410_haut.jpg","width":500,"height":500},{"@type":"BreadcrumbList","@id":"https:\/\/www.orto24.lt\/en\/produktas\/bort-activecolor-textile-wrist-splint\/#breadcrumb","itemListElement":[{"@type":"ListItem","position":1,"name":"Home","item":"https:\/\/www.orto24.lt\/en\/"},{"@type":"ListItem","position":2,"name":"Shop","item":"https:\/\/www.orto24.lt\/en\/shop\/"},{"@type":"ListItem","position":3,"name":"BORT ActiveColor textile wrist splint"}]},{"@type":"WebSite","@id":"https:\/\/www.orto24.lt\/en\/#website","url":"https:\/\/www.orto24.lt\/en\/","name":"Ortopedini\u0173 preki\u0173 parduotuv\u0117 - orto24.lt","description":"| orto24.lt","potentialAction":[{"@type":"SearchAction","target":{"@type":"EntryPoint","urlTemplate":"https:\/\/www.orto24.lt\/en\/?s={search_term_string}"},"query-input":{"@type":"PropertyValueSpecification","valueRequired":true,"valueName":"search_term_string"}}],"inLanguage":"en-US"}]}},"_links":{"self":[{"href":"https:\/\/www.orto24.lt\/en\/wp-json\/wp\/v2\/product\/29787","targetHints":{"allow":["GET"]}}],"collection":[{"href":"https:\/\/www.orto24.lt\/en\/wp-json\/wp\/v2\/product"}],"about":[{"href":"https:\/\/www.orto24.lt\/en\/wp-json\/wp\/v2\/types\/product"}],"replies":[{"embeddable":true,"href":"https:\/\/www.orto24.lt\/en\/wp-json\/wp\/v2\/comments?post=29787"}],"version-history":[{"count":0,"href":"https:\/\/www.orto24.lt\/en\/wp-json\/wp\/v2\/product\/29787\/revisions"}],"wp:featuredmedia":[{"embeddable":true,"href":"https:\/\/www.orto24.lt\/en\/wp-json\/wp\/v2\/media\/31790"}],"wp:attachment":[{"href":"https:\/\/www.orto24.lt\/en\/wp-json\/wp\/v2\/media?parent=29787"}],"wp:term":[{"taxonomy":"product_brand","embeddable":true,"href":"https:\/\/www.orto24.lt\/en\/wp-json\/wp\/v2\/product_brand?post=29787"},{"taxonomy":"product_cat","embeddable":true,"href":"https:\/\/www.orto24.lt\/en\/wp-json\/wp\/v2\/product_cat?post=29787"},{"taxonomy":"product_tag","embeddable":true,"href":"https:\/\/www.orto24.lt\/en\/wp-json\/wp\/v2\/product_tag?post=29787"}],"curies":[{"name":"wp","href":"https:\/\/api.w.org\/{rel}","templated":true}]}}