{"id":29848,"date":"2016-02-11T12:10:49","date_gmt":"2016-02-11T12:10:49","guid":{"rendered":"https:\/\/www.orto24.lt\/produktas\/bort-activecolor-knee-splint\/"},"modified":"2016-02-11T12:10:49","modified_gmt":"2016-02-11T12:10:49","slug":"bort-activecolor-knee-splint","status":"publish","type":"product","link":"https:\/\/www.orto24.lt\/en\/produktas\/bort-activecolor-knee-splint\/","title":{"rendered":"BORT ActiveColor\u00ae knee splint"},"content":{"rendered":"<p>The anatomically shaped knitted splint provides optimal cushioning and easy reinforcement of the knee joint.<\/p>\n<p>The brace is extremely thin, elastic and breathable, making it suitable for sports and rehabilitation.<\/p>\n<p>Recommended:<\/p>\n<ul>\n<li>For sprains and strains in the ligaments and muscles of the knee joint;<\/li>\n<li>for knee pain;<\/li>\n<li>arthrosis of the knee joint;<\/li>\n<li>osteoarthritis;<\/li>\n<li>synovitis;<\/li>\n<li>inflammation of the tendons and joint capsules (bursae) in the knee joint;<\/li>\n<li>lateral ligament instability;<\/li>\n<li>kneecap instability;<\/li>\n<li>osteochondropathy;<\/li>\n<li>faulty kneecap position;<\/li>\n<li>diseases of the articular cartilage;<\/li>\n<li>injury prevention.<\/li>\n<\/ul>\n<p>ATTENTION! It is not recommended to wear the splint when you are at rest (e.g. sleeping). <\/p>\n<p>The splint is washed with soap and water, drained and left to dry.<\/p>\n<p>&nbsp;<\/p>\n<div id=\"attachment_5349\" style=\"width: 207px\" class=\"wp-caption alignnone\"><img decoding=\"async\" aria-describedby=\"caption-attachment-5349\" class=\"wp-image-5349 size-full\" src=\"https:\/\/www.orto24.lt\/wp-content\/uploads\/2016\/02\/kelias.jpg\" alt=\"Directions\" width=\"197\" height=\"222\" srcset=\"https:\/\/www.orto24.lt\/wp-content\/uploads\/2016\/02\/kelias.jpg 197w, https:\/\/www.orto24.lt\/wp-content\/uploads\/2016\/02\/kelias-150x169.jpg 150w, https:\/\/www.orto24.lt\/wp-content\/uploads\/2016\/02\/kelias-21x24.jpg 21w, https:\/\/www.orto24.lt\/wp-content\/uploads\/2016\/02\/kelias-32x36.jpg 32w, https:\/\/www.orto24.lt\/wp-content\/uploads\/2016\/02\/kelias-43x48.jpg 43w\" sizes=\"(max-width: 197px) 100vw, 197px\" \/><p id=\"caption-attachment-5349\" class=\"wp-caption-text\">For size selection, measure the specified area<\/p><\/div>\n","protected":false},"excerpt":{"rendered":"<p>&nbsp;<\/p>\n<p>The anatomically shaped knitted splint provides optimal cushioning and easy reinforcement of the knee joint.<\/p>\n<p>&nbsp;<\/p>\n[caption id=\"attachment_5184\" align=\"alignnone\" width=\"298\"]<img decoding=\"async\" class=\"wp-image-5184 size-full\" src=\"https:\/\/www.orto24.lt\/wp-content\/uploads\/2016\/02\/BORT_Logo_De.png\" alt=\"\" width=\"298\" height=\"89\" srcset=\"https:\/\/www.orto24.lt\/wp-content\/uploads\/2016\/02\/BORT_Logo_De.png 298w, https:\/\/www.orto24.lt\/wp-content\/uploads\/2016\/02\/BORT_Logo_De-150x45.png 150w, https:\/\/www.orto24.lt\/wp-content\/uploads\/2016\/02\/BORT_Logo_De-24x7.png 24w, https:\/\/www.orto24.lt\/wp-content\/uploads\/2016\/02\/BORT_Logo_De-36x11.png 36w, https:\/\/www.orto24.lt\/wp-content\/uploads\/2016\/02\/BORT_Logo_De-48x14.png 48w\" sizes=\"(max-width: 298px) 100vw, 298px\" \/>  Made in Germany[\/caption]\n","protected":false},"featured_media":31768,"comment_status":"open","ping_status":"closed","template":"","meta":[],"product_brand":[],"product_cat":[1101,1201],"product_tag":[1206,1129,1203,1205,1204,1186,1193,1202,1207,1198,1199,1132,1102,1187,1200],"class_list":{"0":"post-29848","1":"product","2":"type-product","3":"status-publish","4":"has-post-thumbnail","6":"product_cat-braces","7":"product_cat-knee-and-thigh-splints","8":"product_tag-articular-cartilage","9":"product_tag-bort","10":"product_tag-for-osteoarthritis","11":"product_tag-for-osteochondropathy","12":"product_tag-for-sinovita","13":"product_tag-injury-prevention","14":"product_tag-joint-inflammation","15":"product_tag-knee-pain","16":"product_tag-knees","17":"product_tag-muscle-pathology","18":"product_tag-muscle-tears","19":"product_tag-orthopaedics","20":"product_tag-splint","21":"product_tag-sprain","22":"product_tag-thighs","24":"first","25":"instock","26":"taxable","27":"shipping-taxable","28":"purchasable","29":"product-type-variable"},"yoast_head":"<!-- This site is optimized with the Yoast SEO plugin v26.0 - https:\/\/yoast.com\/wordpress\/plugins\/seo\/ -->\n<title>BORT ActiveColor\u00ae knee splint - Ortopedini\u0173 preki\u0173 parduotuv\u0117 - orto24.lt<\/title>\n<meta name=\"description\" content=\"The anatomically shaped knitted splint provides optimal cushioning and easy reinforcement of the knee joint.\" \/>\n<meta name=\"robots\" content=\"index, follow, max-snippet:-1, max-image-preview:large, max-video-preview:-1\" \/>\n<link rel=\"canonical\" href=\"https:\/\/www.orto24.lt\/en\/produktas\/bort-activecolor-knee-splint\/\" \/>\n<meta property=\"og:locale\" content=\"en_US\" \/>\n<meta property=\"og:type\" content=\"article\" \/>\n<meta property=\"og:title\" content=\"BORT ActiveColor\u00ae knee splint - Ortopedini\u0173 preki\u0173 parduotuv\u0117 - orto24.lt\" \/>\n<meta property=\"og:description\" content=\"The anatomically shaped knitted splint provides optimal cushioning and easy reinforcement of the knee joint.\" \/>\n<meta property=\"og:url\" content=\"https:\/\/www.orto24.lt\/en\/produktas\/bort-activecolor-knee-splint\/\" \/>\n<meta property=\"og:site_name\" content=\"Ortopedini\u0173 preki\u0173 parduotuv\u0117 - orto24.lt\" \/>\n<meta property=\"article:publisher\" content=\"https:\/\/www.facebook.com\/mtsprendimai\/\" \/>\n<meta property=\"og:image\" content=\"https:\/\/www.orto24.lt\/wp-content\/uploads\/2016\/02\/61wYsZgeXLL._SL1000_.jpg\" \/>\n\t<meta property=\"og:image:width\" content=\"1000\" \/>\n\t<meta property=\"og:image:height\" content=\"1000\" \/>\n\t<meta property=\"og:image:type\" content=\"image\/jpeg\" \/>\n<meta name=\"twitter:card\" content=\"summary_large_image\" \/>\n<meta name=\"twitter:label1\" content=\"Est. reading time\" \/>\n\t<meta name=\"twitter:data1\" content=\"1 minute\" \/>\n<script type=\"application\/ld+json\" class=\"yoast-schema-graph\">{\"@context\":\"https:\/\/schema.org\",\"@graph\":[{\"@type\":\"WebPage\",\"@id\":\"https:\/\/www.orto24.lt\/en\/produktas\/bort-activecolor-knee-splint\/\",\"url\":\"https:\/\/www.orto24.lt\/en\/produktas\/bort-activecolor-knee-splint\/\",\"name\":\"BORT ActiveColor\u00ae knee splint - Ortopedini\u0173 preki\u0173 parduotuv\u0117 - orto24.lt\",\"isPartOf\":{\"@id\":\"https:\/\/www.orto24.lt\/en\/#website\"},\"primaryImageOfPage\":{\"@id\":\"https:\/\/www.orto24.lt\/en\/produktas\/bort-activecolor-knee-splint\/#primaryimage\"},\"image\":{\"@id\":\"https:\/\/www.orto24.lt\/en\/produktas\/bort-activecolor-knee-splint\/#primaryimage\"},\"thumbnailUrl\":\"https:\/\/www.orto24.lt\/wp-content\/uploads\/2016\/02\/1440_haut.jpg\",\"datePublished\":\"2016-02-11T12:10:49+00:00\",\"description\":\"The anatomically shaped knitted splint provides optimal cushioning and easy reinforcement of the knee joint.\",\"breadcrumb\":{\"@id\":\"https:\/\/www.orto24.lt\/en\/produktas\/bort-activecolor-knee-splint\/#breadcrumb\"},\"inLanguage\":\"en-US\",\"potentialAction\":[{\"@type\":\"ReadAction\",\"target\":[\"https:\/\/www.orto24.lt\/en\/produktas\/bort-activecolor-knee-splint\/\"]}]},{\"@type\":\"ImageObject\",\"inLanguage\":\"en-US\",\"@id\":\"https:\/\/www.orto24.lt\/en\/produktas\/bort-activecolor-knee-splint\/#primaryimage\",\"url\":\"https:\/\/www.orto24.lt\/wp-content\/uploads\/2016\/02\/1440_haut.jpg\",\"contentUrl\":\"https:\/\/www.orto24.lt\/wp-content\/uploads\/2016\/02\/1440_haut.jpg\",\"width\":500,\"height\":500},{\"@type\":\"BreadcrumbList\",\"@id\":\"https:\/\/www.orto24.lt\/en\/produktas\/bort-activecolor-knee-splint\/#breadcrumb\",\"itemListElement\":[{\"@type\":\"ListItem\",\"position\":1,\"name\":\"Home\",\"item\":\"https:\/\/www.orto24.lt\/en\/\"},{\"@type\":\"ListItem\",\"position\":2,\"name\":\"Shop\",\"item\":\"https:\/\/www.orto24.lt\/en\/shop\/\"},{\"@type\":\"ListItem\",\"position\":3,\"name\":\"BORT ActiveColor\u00ae knee splint\"}]},{\"@type\":\"WebSite\",\"@id\":\"https:\/\/www.orto24.lt\/en\/#website\",\"url\":\"https:\/\/www.orto24.lt\/en\/\",\"name\":\"Ortopedini\u0173 preki\u0173 parduotuv\u0117 - orto24.lt\",\"description\":\"| orto24.lt\",\"potentialAction\":[{\"@type\":\"SearchAction\",\"target\":{\"@type\":\"EntryPoint\",\"urlTemplate\":\"https:\/\/www.orto24.lt\/en\/?s={search_term_string}\"},\"query-input\":{\"@type\":\"PropertyValueSpecification\",\"valueRequired\":true,\"valueName\":\"search_term_string\"}}],\"inLanguage\":\"en-US\"}]}<\/script>\n<!-- \/ Yoast SEO plugin. -->","yoast_head_json":{"title":"BORT ActiveColor\u00ae knee splint - Ortopedini\u0173 preki\u0173 parduotuv\u0117 - orto24.lt","description":"The anatomically shaped knitted splint provides optimal cushioning and easy reinforcement of the knee joint.","robots":{"index":"index","follow":"follow","max-snippet":"max-snippet:-1","max-image-preview":"max-image-preview:large","max-video-preview":"max-video-preview:-1"},"canonical":"https:\/\/www.orto24.lt\/en\/produktas\/bort-activecolor-knee-splint\/","og_locale":"en_US","og_type":"article","og_title":"BORT ActiveColor\u00ae knee splint - Ortopedini\u0173 preki\u0173 parduotuv\u0117 - orto24.lt","og_description":"The anatomically shaped knitted splint provides optimal cushioning and easy reinforcement of the knee joint.","og_url":"https:\/\/www.orto24.lt\/en\/produktas\/bort-activecolor-knee-splint\/","og_site_name":"Ortopedini\u0173 preki\u0173 parduotuv\u0117 - orto24.lt","article_publisher":"https:\/\/www.facebook.com\/mtsprendimai\/","og_image":[{"width":1000,"height":1000,"url":"https:\/\/www.orto24.lt\/wp-content\/uploads\/2016\/02\/61wYsZgeXLL._SL1000_.jpg","type":"image\/jpeg"}],"twitter_card":"summary_large_image","twitter_misc":{"Est. reading time":"1 minute"},"schema":{"@context":"https:\/\/schema.org","@graph":[{"@type":"WebPage","@id":"https:\/\/www.orto24.lt\/en\/produktas\/bort-activecolor-knee-splint\/","url":"https:\/\/www.orto24.lt\/en\/produktas\/bort-activecolor-knee-splint\/","name":"BORT ActiveColor\u00ae knee splint - Ortopedini\u0173 preki\u0173 parduotuv\u0117 - orto24.lt","isPartOf":{"@id":"https:\/\/www.orto24.lt\/en\/#website"},"primaryImageOfPage":{"@id":"https:\/\/www.orto24.lt\/en\/produktas\/bort-activecolor-knee-splint\/#primaryimage"},"image":{"@id":"https:\/\/www.orto24.lt\/en\/produktas\/bort-activecolor-knee-splint\/#primaryimage"},"thumbnailUrl":"https:\/\/www.orto24.lt\/wp-content\/uploads\/2016\/02\/1440_haut.jpg","datePublished":"2016-02-11T12:10:49+00:00","description":"The anatomically shaped knitted splint provides optimal cushioning and easy reinforcement of the knee joint.","breadcrumb":{"@id":"https:\/\/www.orto24.lt\/en\/produktas\/bort-activecolor-knee-splint\/#breadcrumb"},"inLanguage":"en-US","potentialAction":[{"@type":"ReadAction","target":["https:\/\/www.orto24.lt\/en\/produktas\/bort-activecolor-knee-splint\/"]}]},{"@type":"ImageObject","inLanguage":"en-US","@id":"https:\/\/www.orto24.lt\/en\/produktas\/bort-activecolor-knee-splint\/#primaryimage","url":"https:\/\/www.orto24.lt\/wp-content\/uploads\/2016\/02\/1440_haut.jpg","contentUrl":"https:\/\/www.orto24.lt\/wp-content\/uploads\/2016\/02\/1440_haut.jpg","width":500,"height":500},{"@type":"BreadcrumbList","@id":"https:\/\/www.orto24.lt\/en\/produktas\/bort-activecolor-knee-splint\/#breadcrumb","itemListElement":[{"@type":"ListItem","position":1,"name":"Home","item":"https:\/\/www.orto24.lt\/en\/"},{"@type":"ListItem","position":2,"name":"Shop","item":"https:\/\/www.orto24.lt\/en\/shop\/"},{"@type":"ListItem","position":3,"name":"BORT ActiveColor\u00ae knee splint"}]},{"@type":"WebSite","@id":"https:\/\/www.orto24.lt\/en\/#website","url":"https:\/\/www.orto24.lt\/en\/","name":"Ortopedini\u0173 preki\u0173 parduotuv\u0117 - orto24.lt","description":"| orto24.lt","potentialAction":[{"@type":"SearchAction","target":{"@type":"EntryPoint","urlTemplate":"https:\/\/www.orto24.lt\/en\/?s={search_term_string}"},"query-input":{"@type":"PropertyValueSpecification","valueRequired":true,"valueName":"search_term_string"}}],"inLanguage":"en-US"}]}},"_links":{"self":[{"href":"https:\/\/www.orto24.lt\/en\/wp-json\/wp\/v2\/product\/29848","targetHints":{"allow":["GET"]}}],"collection":[{"href":"https:\/\/www.orto24.lt\/en\/wp-json\/wp\/v2\/product"}],"about":[{"href":"https:\/\/www.orto24.lt\/en\/wp-json\/wp\/v2\/types\/product"}],"replies":[{"embeddable":true,"href":"https:\/\/www.orto24.lt\/en\/wp-json\/wp\/v2\/comments?post=29848"}],"version-history":[{"count":0,"href":"https:\/\/www.orto24.lt\/en\/wp-json\/wp\/v2\/product\/29848\/revisions"}],"wp:featuredmedia":[{"embeddable":true,"href":"https:\/\/www.orto24.lt\/en\/wp-json\/wp\/v2\/media\/31768"}],"wp:attachment":[{"href":"https:\/\/www.orto24.lt\/en\/wp-json\/wp\/v2\/media?parent=29848"}],"wp:term":[{"taxonomy":"product_brand","embeddable":true,"href":"https:\/\/www.orto24.lt\/en\/wp-json\/wp\/v2\/product_brand?post=29848"},{"taxonomy":"product_cat","embeddable":true,"href":"https:\/\/www.orto24.lt\/en\/wp-json\/wp\/v2\/product_cat?post=29848"},{"taxonomy":"product_tag","embeddable":true,"href":"https:\/\/www.orto24.lt\/en\/wp-json\/wp\/v2\/product_tag?post=29848"}],"curies":[{"name":"wp","href":"https:\/\/api.w.org\/{rel}","templated":true}]}}