{"id":29928,"date":"2016-02-12T11:29:53","date_gmt":"2016-02-12T11:29:53","guid":{"rendered":"https:\/\/www.orto24.lt\/produktas\/bort-sports-ankle-splint\/"},"modified":"2016-02-12T11:29:53","modified_gmt":"2016-02-12T11:29:53","slug":"bort-sports-ankle-splint","status":"publish","type":"product","link":"https:\/\/www.orto24.lt\/en\/produktas\/bort-sports-ankle-splint\/","title":{"rendered":"BORT Sports ankle splint"},"content":{"rendered":"<p>NOTE: S and XL girth design as in the second product photo.<\/p>\n<p>The anatomically moulded knitted splint with silicone caps optimally cushions and strengthens the ankle joint.<br \/>\n<span style=\"line-height: 1.5;\">The brace is extremely thin, elastic and breathable, making it suitable for sports and rehabilitation.<\/span><\/p>\n<p>BORT sport stabilising splints have moisture-regulating properties thanks to the special COOLMAX high-tech fibre. Innovative materials and modern development technologies enable the design of splints with optimal properties for therapeutic effects and sports. BORT Quality products ensure a faster healing process for orthopaedic injuries, post-surgery, rehabilitation periods and sports.  <\/p>\n<p>&nbsp;<\/p>\n<p><img fetchpriority=\"high\" decoding=\"async\" class=\"aligncenter wp-image-5471 size-large\" src=\"https:\/\/www.orto24.lt\/wp-content\/uploads\/2016\/02\/ciurna1-1024x751.png\" alt=\"fart1\" width=\"1024\" height=\"751\" srcset=\"https:\/\/www.orto24.lt\/wp-content\/uploads\/2016\/02\/ciurna1-1024x751.png 1024w, https:\/\/www.orto24.lt\/wp-content\/uploads\/2016\/02\/ciurna1-150x110.png 150w, https:\/\/www.orto24.lt\/wp-content\/uploads\/2016\/02\/ciurna1-500x367.png 500w, https:\/\/www.orto24.lt\/wp-content\/uploads\/2016\/02\/ciurna1-300x220.png 300w, https:\/\/www.orto24.lt\/wp-content\/uploads\/2016\/02\/ciurna1-768x563.png 768w, https:\/\/www.orto24.lt\/wp-content\/uploads\/2016\/02\/ciurna1-510x374.png 510w, https:\/\/www.orto24.lt\/wp-content\/uploads\/2016\/02\/ciurna1-24x18.png 24w, https:\/\/www.orto24.lt\/wp-content\/uploads\/2016\/02\/ciurna1-36x26.png 36w, https:\/\/www.orto24.lt\/wp-content\/uploads\/2016\/02\/ciurna1-48x35.png 48w\" sizes=\"(max-width: 1024px) 100vw, 1024px\" \/><\/p>\n<p><img decoding=\"async\" class=\"alignnone size-full wp-image-11081\" src=\"https:\/\/www.orto24.lt\/wp-content\/uploads\/2016\/02\/bort-sportinis-alk%C5%ABn%C4%97s-%C4%AFtvaras-apr-1.jpg\" alt=\"\" width=\"988\" height=\"698\"><\/p>\n<p><strong>Recommended<\/strong>:<\/p>\n<ul>\n<li>for swelling caused by arthrosis and arthritis,<\/li>\n<li>tendomyopathies,<\/li>\n<li>During an Achilles tendon injury,<\/li>\n<li>in case of damage to the ligaments, tendons, muscles of the ankle joint or mild instability of the joint,<\/li>\n<li>after surgery,<\/li>\n<li>injury prevention.<\/li>\n<\/ul>\n<p>&nbsp;<\/p>\n<p>Contraindications:<\/p>\n<ul>\n<li>peripheral circulatory disorders,<\/li>\n<li>Lymphatic disorders,<\/li>\n<li>Reduced tissue sensitivity,<\/li>\n<li>Local skin diseases,<\/li>\n<li>increased sensitivity to raw material components.<\/li>\n<\/ul>\n<p>&nbsp;<\/p>\n<p>Additional instructions:It is not recommended to wear the splint during the night to avoid disturbing blood circulation. It is recommended to remove the splint as soon as possible in case of numbness.  It is not recommended to use creams and ointments when using the splint, as they can damage the splint material. The splint is washed with soap and water, drained and left to dry.<\/p>\n<p>&nbsp;<\/p>\n<div id=\"attachment_5557\" style=\"width: 185px\" class=\"wp-caption alignnone\"><img decoding=\"async\" aria-describedby=\"caption-attachment-5557\" class=\"wp-image-5557 size-full\" src=\"https:\/\/www.orto24.lt\/wp-content\/uploads\/2016\/02\/ciurnai.jpg\" alt=\"Sorghum\" width=\"175\" height=\"158\" srcset=\"https:\/\/www.orto24.lt\/wp-content\/uploads\/2016\/02\/ciurnai.jpg 175w, https:\/\/www.orto24.lt\/wp-content\/uploads\/2016\/02\/ciurnai-150x135.jpg 150w, https:\/\/www.orto24.lt\/wp-content\/uploads\/2016\/02\/ciurnai-24x22.jpg 24w, https:\/\/www.orto24.lt\/wp-content\/uploads\/2016\/02\/ciurnai-36x33.jpg 36w, https:\/\/www.orto24.lt\/wp-content\/uploads\/2016\/02\/ciurnai-48x43.jpg 48w\" sizes=\"(max-width: 175px) 100vw, 175px\" \/><p id=\"caption-attachment-5557\" class=\"wp-caption-text\">For sizing, measure the specified area<\/p><\/div>\n","protected":false},"excerpt":{"rendered":"<p>&nbsp;<\/p>\n<p>The anatomically moulded knitted splint with silicone caps optimally cushions and strengthens the ankle joint.<\/p>\n<p>&nbsp;<\/p>\n[caption id=\"attachment_5184\" align=\"alignnone\" width=\"298\"]<img loading=\"lazy\" decoding=\"async\" class=\"wp-image-5184 size-full\" src=\"https:\/\/www.orto24.lt\/wp-content\/uploads\/2016\/02\/BORT_Logo_De.png\" alt=\"\" width=\"298\" height=\"89\" srcset=\"https:\/\/www.orto24.lt\/wp-content\/uploads\/2016\/02\/BORT_Logo_De.png 298w, https:\/\/www.orto24.lt\/wp-content\/uploads\/2016\/02\/BORT_Logo_De-150x45.png 150w, https:\/\/www.orto24.lt\/wp-content\/uploads\/2016\/02\/BORT_Logo_De-24x7.png 24w, https:\/\/www.orto24.lt\/wp-content\/uploads\/2016\/02\/BORT_Logo_De-36x11.png 36w, https:\/\/www.orto24.lt\/wp-content\/uploads\/2016\/02\/BORT_Logo_De-48x14.png 48w\" sizes=\"(max-width: 298px) 100vw, 298px\" \/>  Made in Germany[\/caption]\n","protected":false},"featured_media":29932,"comment_status":"open","ping_status":"closed","template":"","meta":[],"product_brand":[],"product_cat":[1145,1148,1101,1144],"product_tag":[1231,1143,1129,1213,1142,1132,1102,1233,1229,1106],"class_list":{"0":"post-29928","1":"product","2":"type-product","3":"status-publish","4":"has-post-thumbnail","6":"product_cat-ankle-and-lower-leg-splints","7":"product_cat-ankle-and-shin-splints-for-sports","8":"product_cat-braces","9":"product_cat-braces-for-sport","10":"product_tag-ankle-trauma","11":"product_tag-ankles","12":"product_tag-bort","13":"product_tag-chirna","14":"product_tag-for-sport","15":"product_tag-orthopaedics","16":"product_tag-splint","17":"product_tag-sports-splint","18":"product_tag-sweater","19":"product_tag-trauma","21":"first","22":"instock","23":"taxable","24":"shipping-taxable","25":"purchasable","26":"product-type-variable"},"yoast_head":"<!-- This site is optimized with the Yoast SEO plugin v26.0 - https:\/\/yoast.com\/wordpress\/plugins\/seo\/ -->\n<title>BORT Sports ankle splint - Ortopedini\u0173 preki\u0173 parduotuv\u0117 - orto24.lt<\/title>\n<meta name=\"robots\" content=\"index, follow, max-snippet:-1, max-image-preview:large, max-video-preview:-1\" \/>\n<link rel=\"canonical\" href=\"https:\/\/www.orto24.lt\/en\/produktas\/bort-sports-ankle-splint\/\" \/>\n<meta property=\"og:locale\" content=\"en_US\" \/>\n<meta property=\"og:type\" content=\"article\" \/>\n<meta property=\"og:title\" content=\"BORT Sports ankle splint - Ortopedini\u0173 preki\u0173 parduotuv\u0117 - orto24.lt\" \/>\n<meta property=\"og:description\" content=\"&nbsp; The anatomically moulded knitted splint with silicone caps optimally cushions and strengthens the ankle joint. &nbsp;\" \/>\n<meta property=\"og:url\" content=\"https:\/\/www.orto24.lt\/en\/produktas\/bort-sports-ankle-splint\/\" \/>\n<meta property=\"og:site_name\" content=\"Ortopedini\u0173 preki\u0173 parduotuv\u0117 - orto24.lt\" \/>\n<meta property=\"article:publisher\" content=\"https:\/\/www.facebook.com\/mtsprendimai\/\" \/>\n<meta property=\"og:image\" content=\"https:\/\/www.orto24.lt\/wp-content\/uploads\/2016\/02\/bort-sportinis-\u010diurnos-\u012ftvaras.jpg\" \/>\n\t<meta property=\"og:image:width\" content=\"500\" \/>\n\t<meta property=\"og:image:height\" content=\"500\" \/>\n\t<meta property=\"og:image:type\" content=\"image\/jpeg\" \/>\n<meta name=\"twitter:card\" content=\"summary_large_image\" \/>\n<meta name=\"twitter:label1\" content=\"Est. reading time\" \/>\n\t<meta name=\"twitter:data1\" content=\"1 minute\" \/>\n<script type=\"application\/ld+json\" class=\"yoast-schema-graph\">{\"@context\":\"https:\/\/schema.org\",\"@graph\":[{\"@type\":\"WebPage\",\"@id\":\"https:\/\/www.orto24.lt\/en\/produktas\/bort-sports-ankle-splint\/\",\"url\":\"https:\/\/www.orto24.lt\/en\/produktas\/bort-sports-ankle-splint\/\",\"name\":\"BORT Sports ankle splint - Ortopedini\u0173 preki\u0173 parduotuv\u0117 - orto24.lt\",\"isPartOf\":{\"@id\":\"https:\/\/www.orto24.lt\/en\/#website\"},\"primaryImageOfPage\":{\"@id\":\"https:\/\/www.orto24.lt\/en\/produktas\/bort-sports-ankle-splint\/#primaryimage\"},\"image\":{\"@id\":\"https:\/\/www.orto24.lt\/en\/produktas\/bort-sports-ankle-splint\/#primaryimage\"},\"thumbnailUrl\":\"https:\/\/www.orto24.lt\/wp-content\/uploads\/2016\/02\/bort-sportinis-\u010diurnos-\u012ftvaras.jpg\",\"datePublished\":\"2016-02-12T11:29:53+00:00\",\"breadcrumb\":{\"@id\":\"https:\/\/www.orto24.lt\/en\/produktas\/bort-sports-ankle-splint\/#breadcrumb\"},\"inLanguage\":\"en-US\",\"potentialAction\":[{\"@type\":\"ReadAction\",\"target\":[\"https:\/\/www.orto24.lt\/en\/produktas\/bort-sports-ankle-splint\/\"]}]},{\"@type\":\"ImageObject\",\"inLanguage\":\"en-US\",\"@id\":\"https:\/\/www.orto24.lt\/en\/produktas\/bort-sports-ankle-splint\/#primaryimage\",\"url\":\"https:\/\/www.orto24.lt\/wp-content\/uploads\/2016\/02\/bort-sportinis-\u010diurnos-\u012ftvaras.jpg\",\"contentUrl\":\"https:\/\/www.orto24.lt\/wp-content\/uploads\/2016\/02\/bort-sportinis-\u010diurnos-\u012ftvaras.jpg\",\"width\":500,\"height\":500,\"caption\":\"BORT Sports ankle splint 1\"},{\"@type\":\"BreadcrumbList\",\"@id\":\"https:\/\/www.orto24.lt\/en\/produktas\/bort-sports-ankle-splint\/#breadcrumb\",\"itemListElement\":[{\"@type\":\"ListItem\",\"position\":1,\"name\":\"Home\",\"item\":\"https:\/\/www.orto24.lt\/en\/\"},{\"@type\":\"ListItem\",\"position\":2,\"name\":\"Shop\",\"item\":\"https:\/\/www.orto24.lt\/en\/shop\/\"},{\"@type\":\"ListItem\",\"position\":3,\"name\":\"BORT Sports ankle splint\"}]},{\"@type\":\"WebSite\",\"@id\":\"https:\/\/www.orto24.lt\/en\/#website\",\"url\":\"https:\/\/www.orto24.lt\/en\/\",\"name\":\"Ortopedini\u0173 preki\u0173 parduotuv\u0117 - orto24.lt\",\"description\":\"| orto24.lt\",\"potentialAction\":[{\"@type\":\"SearchAction\",\"target\":{\"@type\":\"EntryPoint\",\"urlTemplate\":\"https:\/\/www.orto24.lt\/en\/?s={search_term_string}\"},\"query-input\":{\"@type\":\"PropertyValueSpecification\",\"valueRequired\":true,\"valueName\":\"search_term_string\"}}],\"inLanguage\":\"en-US\"}]}<\/script>\n<!-- \/ Yoast SEO plugin. -->","yoast_head_json":{"title":"BORT Sports ankle splint - Ortopedini\u0173 preki\u0173 parduotuv\u0117 - orto24.lt","robots":{"index":"index","follow":"follow","max-snippet":"max-snippet:-1","max-image-preview":"max-image-preview:large","max-video-preview":"max-video-preview:-1"},"canonical":"https:\/\/www.orto24.lt\/en\/produktas\/bort-sports-ankle-splint\/","og_locale":"en_US","og_type":"article","og_title":"BORT Sports ankle splint - Ortopedini\u0173 preki\u0173 parduotuv\u0117 - orto24.lt","og_description":"&nbsp; The anatomically moulded knitted splint with silicone caps optimally cushions and strengthens the ankle joint. &nbsp;","og_url":"https:\/\/www.orto24.lt\/en\/produktas\/bort-sports-ankle-splint\/","og_site_name":"Ortopedini\u0173 preki\u0173 parduotuv\u0117 - orto24.lt","article_publisher":"https:\/\/www.facebook.com\/mtsprendimai\/","og_image":[{"width":500,"height":500,"url":"https:\/\/www.orto24.lt\/wp-content\/uploads\/2016\/02\/bort-sportinis-\u010diurnos-\u012ftvaras.jpg","type":"image\/jpeg"}],"twitter_card":"summary_large_image","twitter_misc":{"Est. reading time":"1 minute"},"schema":{"@context":"https:\/\/schema.org","@graph":[{"@type":"WebPage","@id":"https:\/\/www.orto24.lt\/en\/produktas\/bort-sports-ankle-splint\/","url":"https:\/\/www.orto24.lt\/en\/produktas\/bort-sports-ankle-splint\/","name":"BORT Sports ankle splint - Ortopedini\u0173 preki\u0173 parduotuv\u0117 - orto24.lt","isPartOf":{"@id":"https:\/\/www.orto24.lt\/en\/#website"},"primaryImageOfPage":{"@id":"https:\/\/www.orto24.lt\/en\/produktas\/bort-sports-ankle-splint\/#primaryimage"},"image":{"@id":"https:\/\/www.orto24.lt\/en\/produktas\/bort-sports-ankle-splint\/#primaryimage"},"thumbnailUrl":"https:\/\/www.orto24.lt\/wp-content\/uploads\/2016\/02\/bort-sportinis-\u010diurnos-\u012ftvaras.jpg","datePublished":"2016-02-12T11:29:53+00:00","breadcrumb":{"@id":"https:\/\/www.orto24.lt\/en\/produktas\/bort-sports-ankle-splint\/#breadcrumb"},"inLanguage":"en-US","potentialAction":[{"@type":"ReadAction","target":["https:\/\/www.orto24.lt\/en\/produktas\/bort-sports-ankle-splint\/"]}]},{"@type":"ImageObject","inLanguage":"en-US","@id":"https:\/\/www.orto24.lt\/en\/produktas\/bort-sports-ankle-splint\/#primaryimage","url":"https:\/\/www.orto24.lt\/wp-content\/uploads\/2016\/02\/bort-sportinis-\u010diurnos-\u012ftvaras.jpg","contentUrl":"https:\/\/www.orto24.lt\/wp-content\/uploads\/2016\/02\/bort-sportinis-\u010diurnos-\u012ftvaras.jpg","width":500,"height":500,"caption":"BORT Sports ankle splint 1"},{"@type":"BreadcrumbList","@id":"https:\/\/www.orto24.lt\/en\/produktas\/bort-sports-ankle-splint\/#breadcrumb","itemListElement":[{"@type":"ListItem","position":1,"name":"Home","item":"https:\/\/www.orto24.lt\/en\/"},{"@type":"ListItem","position":2,"name":"Shop","item":"https:\/\/www.orto24.lt\/en\/shop\/"},{"@type":"ListItem","position":3,"name":"BORT Sports ankle splint"}]},{"@type":"WebSite","@id":"https:\/\/www.orto24.lt\/en\/#website","url":"https:\/\/www.orto24.lt\/en\/","name":"Ortopedini\u0173 preki\u0173 parduotuv\u0117 - orto24.lt","description":"| orto24.lt","potentialAction":[{"@type":"SearchAction","target":{"@type":"EntryPoint","urlTemplate":"https:\/\/www.orto24.lt\/en\/?s={search_term_string}"},"query-input":{"@type":"PropertyValueSpecification","valueRequired":true,"valueName":"search_term_string"}}],"inLanguage":"en-US"}]}},"_links":{"self":[{"href":"https:\/\/www.orto24.lt\/en\/wp-json\/wp\/v2\/product\/29928","targetHints":{"allow":["GET"]}}],"collection":[{"href":"https:\/\/www.orto24.lt\/en\/wp-json\/wp\/v2\/product"}],"about":[{"href":"https:\/\/www.orto24.lt\/en\/wp-json\/wp\/v2\/types\/product"}],"replies":[{"embeddable":true,"href":"https:\/\/www.orto24.lt\/en\/wp-json\/wp\/v2\/comments?post=29928"}],"version-history":[{"count":0,"href":"https:\/\/www.orto24.lt\/en\/wp-json\/wp\/v2\/product\/29928\/revisions"}],"wp:featuredmedia":[{"embeddable":true,"href":"https:\/\/www.orto24.lt\/en\/wp-json\/wp\/v2\/media\/29932"}],"wp:attachment":[{"href":"https:\/\/www.orto24.lt\/en\/wp-json\/wp\/v2\/media?parent=29928"}],"wp:term":[{"taxonomy":"product_brand","embeddable":true,"href":"https:\/\/www.orto24.lt\/en\/wp-json\/wp\/v2\/product_brand?post=29928"},{"taxonomy":"product_cat","embeddable":true,"href":"https:\/\/www.orto24.lt\/en\/wp-json\/wp\/v2\/product_cat?post=29928"},{"taxonomy":"product_tag","embeddable":true,"href":"https:\/\/www.orto24.lt\/en\/wp-json\/wp\/v2\/product_tag?post=29928"}],"curies":[{"name":"wp","href":"https:\/\/api.w.org\/{rel}","templated":true}]}}