{"id":29945,"date":"2016-02-12T14:06:53","date_gmt":"2016-02-12T14:06:53","guid":{"rendered":"https:\/\/www.orto24.lt\/produktas\/bort-sports-elbow-splint\/"},"modified":"2016-02-12T14:06:53","modified_gmt":"2016-02-12T14:06:53","slug":"bort-sports-elbow-splint","status":"publish","type":"product","link":"https:\/\/www.orto24.lt\/en\/produktas\/bort-sports-elbow-splint\/","title":{"rendered":"BORT sports elbow splint"},"content":{"rendered":"<p>An elbow splint is used after various injuries to bone, ligament and cartilage tissues.<br \/>\nThe material of the splint with lateral pelots optimally clamps and lightly reinforces the elbow joint.<span style=\"line-height: 1.5;\">The splint has a compressive effect, which promotes faster healing of the elbow tissues and distributes the load and pressure on the elbow.  <\/span><\/p>\n<p>BORT sport stabilising splints have moisture-regulating properties thanks to the special COOLMAX high-tech fibre. Innovative materials and modern development technologies enable the design of splints with optimal properties for therapeutic effects and sports. BORT Quality products ensure a faster healing process for orthopaedic injuries, post-surgery, rehabilitation periods and sports.  <\/p>\n<p>&nbsp;<\/p>\n<p><img fetchpriority=\"high\" decoding=\"async\" class=\"alignnone size-full wp-image-11082\" src=\"https:\/\/www.orto24.lt\/wp-content\/uploads\/2016\/02\/sportine-alkune.jpg\" alt=\"\" width=\"780\" height=\"544\" srcset=\"https:\/\/www.orto24.lt\/wp-content\/uploads\/2016\/02\/sportine-alkune.jpg 780w, https:\/\/www.orto24.lt\/wp-content\/uploads\/2016\/02\/sportine-alkune-150x105.jpg 150w, https:\/\/www.orto24.lt\/wp-content\/uploads\/2016\/02\/sportine-alkune-500x349.jpg 500w, https:\/\/www.orto24.lt\/wp-content\/uploads\/2016\/02\/sportine-alkune-300x209.jpg 300w, https:\/\/www.orto24.lt\/wp-content\/uploads\/2016\/02\/sportine-alkune-768x536.jpg 768w, https:\/\/www.orto24.lt\/wp-content\/uploads\/2016\/02\/sportine-alkune-24x17.jpg 24w, https:\/\/www.orto24.lt\/wp-content\/uploads\/2016\/02\/sportine-alkune-36x25.jpg 36w, https:\/\/www.orto24.lt\/wp-content\/uploads\/2016\/02\/sportine-alkune-48x33.jpg 48w, https:\/\/www.orto24.lt\/wp-content\/uploads\/2016\/02\/sportine-alkune-510x356.jpg 510w\" sizes=\"(max-width: 780px) 100vw, 780px\" \/><\/p>\n<p>&nbsp;<\/p>\n<p><iframe title=\"The sporty side of BORT \u2013 Corporate video\" width=\"500\" height=\"281\" src=\"https:\/\/www.youtube.com\/embed\/qMnA2c7zL7M?feature=oembed\" frameborder=\"0\" allow=\"accelerometer; autoplay; clipboard-write; encrypted-media; gyroscope; picture-in-picture; web-share\" referrerpolicy=\"strict-origin-when-cross-origin\" allowfullscreen><\/iframe><\/p>\n<p><strong>Recommended:<\/strong><\/p>\n<ul>\n<li>In epicondylitis (tennis elbow, golfer&#8217;s elbow),<\/li>\n<li>osteoarthritis, arthritis,<\/li>\n<li>for the prevention of injuries after injuries and operations,<\/li>\n<li>when working or playing sport.<\/li>\n<\/ul>\n<p>Contraindications:<\/p>\n<ul>\n<li>peripheral circulatory disorders,<\/li>\n<li>Lymphatic disorders,<\/li>\n<li>Reduced tissue sensitivity,<\/li>\n<li>Local skin diseases,<\/li>\n<li>Increased sensitivity to raw material components.<\/li>\n<\/ul>\n<p>Additional instructions:It is not recommended to wear the splint during the night to avoid disturbing blood circulation. Unless your doctor prescribes wearing the splint for a longer period of time. In case of numbness, it is recommended to remove the splint as soon as possible.   It is not recommended to use creams and ointments when using the splint, as they can damage the splint material. The splint is washed with soap and water, drained and left to dry.<\/p>\n<div id=\"attachment_5559\" style=\"width: 127px\" class=\"wp-caption alignnone\"><img decoding=\"async\" aria-describedby=\"caption-attachment-5559\" class=\"wp-image-5559 size-full\" src=\"https:\/\/www.orto24.lt\/wp-content\/uploads\/2016\/02\/alkune-1.jpg\" alt=\"alkune\" width=\"117\" height=\"125\" srcset=\"https:\/\/www.orto24.lt\/wp-content\/uploads\/2016\/02\/alkune-1.jpg 117w, https:\/\/www.orto24.lt\/wp-content\/uploads\/2016\/02\/alkune-1-22x24.jpg 22w, https:\/\/www.orto24.lt\/wp-content\/uploads\/2016\/02\/alkune-1-34x36.jpg 34w, https:\/\/www.orto24.lt\/wp-content\/uploads\/2016\/02\/alkune-1-45x48.jpg 45w\" sizes=\"(max-width: 117px) 100vw, 117px\" \/><p id=\"caption-attachment-5559\" class=\"wp-caption-text\">For sizing, measure the circumference of the forearm 5 cm below the elbow joint<\/p><\/div>\n","protected":false},"excerpt":{"rendered":"<p>&nbsp;<\/p>\n<p>An elbow splint is used after various injuries to bone, ligament and cartilage tissues.<br \/>\nThe material of the splint with lateral pelots optimally clamps and lightly reinforces the elbow joint.<\/p>\n<p>&nbsp;<\/p>\n[caption id=\"attachment_5184\" align=\"alignnone\" width=\"298\"]<img decoding=\"async\" class=\"wp-image-5184 size-full\" src=\"https:\/\/www.orto24.lt\/wp-content\/uploads\/2016\/02\/BORT_Logo_De.png\" alt=\"\" width=\"298\" height=\"89\" srcset=\"https:\/\/www.orto24.lt\/wp-content\/uploads\/2016\/02\/BORT_Logo_De.png 298w, https:\/\/www.orto24.lt\/wp-content\/uploads\/2016\/02\/BORT_Logo_De-150x45.png 150w, https:\/\/www.orto24.lt\/wp-content\/uploads\/2016\/02\/BORT_Logo_De-24x7.png 24w, https:\/\/www.orto24.lt\/wp-content\/uploads\/2016\/02\/BORT_Logo_De-36x11.png 36w, https:\/\/www.orto24.lt\/wp-content\/uploads\/2016\/02\/BORT_Logo_De-48x14.png 48w\" sizes=\"(max-width: 298px) 100vw, 298px\" \/>  Made in Germany[\/caption]\n","protected":false},"featured_media":29953,"comment_status":"open","ping_status":"closed","template":"","meta":[],"product_brand":[],"product_cat":[1101,1144,1197,1248],"product_tag":[1129,1241,1245,1196,1249,1142,1132,1243,1102,1229,1247,1246],"class_list":{"0":"post-29945","1":"product","2":"type-product","3":"status-publish","4":"has-post-thumbnail","6":"product_cat-braces","7":"product_cat-braces-for-sport","8":"product_cat-elbow-splints","9":"product_cat-elbow-splints-for-sports","10":"product_tag-bort","11":"product_tag-elbows","12":"product_tag-epicondylitis","13":"product_tag-for-elbow","14":"product_tag-for-epicondilitis","15":"product_tag-for-sport","16":"product_tag-orthopaedics","17":"product_tag-reinforce","18":"product_tag-splint","19":"product_tag-sweater","20":"product_tag-tennis-elbow","21":"product_tag-tennis-players-ribbon","23":"first","24":"instock","25":"taxable","26":"shipping-taxable","27":"purchasable","28":"product-type-variable"},"yoast_head":"<!-- This site is optimized with the Yoast SEO plugin v26.0 - https:\/\/yoast.com\/wordpress\/plugins\/seo\/ -->\n<title>BORT sports elbow splint - Ortopedini\u0173 preki\u0173 parduotuv\u0117 - orto24.lt<\/title>\n<meta name=\"description\" content=\"An elbow splint is used after various injuries to bone, ligament and cartilage tissues. The material of the splint with lateral pelots optimally clamps and easily strengthens the elbow joint.\" \/>\n<meta name=\"robots\" content=\"index, follow, max-snippet:-1, max-image-preview:large, max-video-preview:-1\" \/>\n<link rel=\"canonical\" href=\"https:\/\/www.orto24.lt\/en\/produktas\/bort-sports-elbow-splint\/\" \/>\n<meta property=\"og:locale\" content=\"en_US\" \/>\n<meta property=\"og:type\" content=\"article\" \/>\n<meta property=\"og:title\" content=\"BORT sports elbow splint - Ortopedini\u0173 preki\u0173 parduotuv\u0117 - orto24.lt\" \/>\n<meta property=\"og:description\" content=\"An elbow splint is used after various injuries to bone, ligament and cartilage tissues. The material of the splint with lateral pelots optimally clamps and easily strengthens the elbow joint.\" \/>\n<meta property=\"og:url\" content=\"https:\/\/www.orto24.lt\/en\/produktas\/bort-sports-elbow-splint\/\" \/>\n<meta property=\"og:site_name\" content=\"Ortopedini\u0173 preki\u0173 parduotuv\u0117 - orto24.lt\" \/>\n<meta property=\"article:publisher\" content=\"https:\/\/www.facebook.com\/mtsprendimai\/\" \/>\n<meta property=\"og:image\" content=\"https:\/\/www.orto24.lt\/wp-content\/uploads\/2016\/02\/bort-sportinis-alk\u016bn\u0117s-\u012ftvaras.jpg\" \/>\n\t<meta property=\"og:image:width\" content=\"500\" \/>\n\t<meta property=\"og:image:height\" content=\"500\" \/>\n\t<meta property=\"og:image:type\" content=\"image\/jpeg\" \/>\n<meta name=\"twitter:card\" content=\"summary_large_image\" \/>\n<meta name=\"twitter:label1\" content=\"Est. reading time\" \/>\n\t<meta name=\"twitter:data1\" content=\"1 minute\" \/>\n<script type=\"application\/ld+json\" class=\"yoast-schema-graph\">{\"@context\":\"https:\/\/schema.org\",\"@graph\":[{\"@type\":\"WebPage\",\"@id\":\"https:\/\/www.orto24.lt\/en\/produktas\/bort-sports-elbow-splint\/\",\"url\":\"https:\/\/www.orto24.lt\/en\/produktas\/bort-sports-elbow-splint\/\",\"name\":\"BORT sports elbow splint - Ortopedini\u0173 preki\u0173 parduotuv\u0117 - orto24.lt\",\"isPartOf\":{\"@id\":\"https:\/\/www.orto24.lt\/en\/#website\"},\"primaryImageOfPage\":{\"@id\":\"https:\/\/www.orto24.lt\/en\/produktas\/bort-sports-elbow-splint\/#primaryimage\"},\"image\":{\"@id\":\"https:\/\/www.orto24.lt\/en\/produktas\/bort-sports-elbow-splint\/#primaryimage\"},\"thumbnailUrl\":\"https:\/\/www.orto24.lt\/wp-content\/uploads\/2016\/02\/bort-sportinis-alk\u016bn\u0117s-\u012ftvaras.jpg\",\"datePublished\":\"2016-02-12T14:06:53+00:00\",\"description\":\"An elbow splint is used after various injuries to bone, ligament and cartilage tissues. The material of the splint with lateral pelots optimally clamps and easily strengthens the elbow joint.\",\"breadcrumb\":{\"@id\":\"https:\/\/www.orto24.lt\/en\/produktas\/bort-sports-elbow-splint\/#breadcrumb\"},\"inLanguage\":\"en-US\",\"potentialAction\":[{\"@type\":\"ReadAction\",\"target\":[\"https:\/\/www.orto24.lt\/en\/produktas\/bort-sports-elbow-splint\/\"]}]},{\"@type\":\"ImageObject\",\"inLanguage\":\"en-US\",\"@id\":\"https:\/\/www.orto24.lt\/en\/produktas\/bort-sports-elbow-splint\/#primaryimage\",\"url\":\"https:\/\/www.orto24.lt\/wp-content\/uploads\/2016\/02\/bort-sportinis-alk\u016bn\u0117s-\u012ftvaras.jpg\",\"contentUrl\":\"https:\/\/www.orto24.lt\/wp-content\/uploads\/2016\/02\/bort-sportinis-alk\u016bn\u0117s-\u012ftvaras.jpg\",\"width\":500,\"height\":500,\"caption\":\"BORT sports elbow splint\"},{\"@type\":\"BreadcrumbList\",\"@id\":\"https:\/\/www.orto24.lt\/en\/produktas\/bort-sports-elbow-splint\/#breadcrumb\",\"itemListElement\":[{\"@type\":\"ListItem\",\"position\":1,\"name\":\"Home\",\"item\":\"https:\/\/www.orto24.lt\/en\/\"},{\"@type\":\"ListItem\",\"position\":2,\"name\":\"Shop\",\"item\":\"https:\/\/www.orto24.lt\/en\/shop\/\"},{\"@type\":\"ListItem\",\"position\":3,\"name\":\"BORT sports elbow splint\"}]},{\"@type\":\"WebSite\",\"@id\":\"https:\/\/www.orto24.lt\/en\/#website\",\"url\":\"https:\/\/www.orto24.lt\/en\/\",\"name\":\"Ortopedini\u0173 preki\u0173 parduotuv\u0117 - orto24.lt\",\"description\":\"| orto24.lt\",\"potentialAction\":[{\"@type\":\"SearchAction\",\"target\":{\"@type\":\"EntryPoint\",\"urlTemplate\":\"https:\/\/www.orto24.lt\/en\/?s={search_term_string}\"},\"query-input\":{\"@type\":\"PropertyValueSpecification\",\"valueRequired\":true,\"valueName\":\"search_term_string\"}}],\"inLanguage\":\"en-US\"}]}<\/script>\n<!-- \/ Yoast SEO plugin. -->","yoast_head_json":{"title":"BORT sports elbow splint - Ortopedini\u0173 preki\u0173 parduotuv\u0117 - orto24.lt","description":"An elbow splint is used after various injuries to bone, ligament and cartilage tissues. The material of the splint with lateral pelots optimally clamps and easily strengthens the elbow joint.","robots":{"index":"index","follow":"follow","max-snippet":"max-snippet:-1","max-image-preview":"max-image-preview:large","max-video-preview":"max-video-preview:-1"},"canonical":"https:\/\/www.orto24.lt\/en\/produktas\/bort-sports-elbow-splint\/","og_locale":"en_US","og_type":"article","og_title":"BORT sports elbow splint - Ortopedini\u0173 preki\u0173 parduotuv\u0117 - orto24.lt","og_description":"An elbow splint is used after various injuries to bone, ligament and cartilage tissues. The material of the splint with lateral pelots optimally clamps and easily strengthens the elbow joint.","og_url":"https:\/\/www.orto24.lt\/en\/produktas\/bort-sports-elbow-splint\/","og_site_name":"Ortopedini\u0173 preki\u0173 parduotuv\u0117 - orto24.lt","article_publisher":"https:\/\/www.facebook.com\/mtsprendimai\/","og_image":[{"width":500,"height":500,"url":"https:\/\/www.orto24.lt\/wp-content\/uploads\/2016\/02\/bort-sportinis-alk\u016bn\u0117s-\u012ftvaras.jpg","type":"image\/jpeg"}],"twitter_card":"summary_large_image","twitter_misc":{"Est. reading time":"1 minute"},"schema":{"@context":"https:\/\/schema.org","@graph":[{"@type":"WebPage","@id":"https:\/\/www.orto24.lt\/en\/produktas\/bort-sports-elbow-splint\/","url":"https:\/\/www.orto24.lt\/en\/produktas\/bort-sports-elbow-splint\/","name":"BORT sports elbow splint - Ortopedini\u0173 preki\u0173 parduotuv\u0117 - orto24.lt","isPartOf":{"@id":"https:\/\/www.orto24.lt\/en\/#website"},"primaryImageOfPage":{"@id":"https:\/\/www.orto24.lt\/en\/produktas\/bort-sports-elbow-splint\/#primaryimage"},"image":{"@id":"https:\/\/www.orto24.lt\/en\/produktas\/bort-sports-elbow-splint\/#primaryimage"},"thumbnailUrl":"https:\/\/www.orto24.lt\/wp-content\/uploads\/2016\/02\/bort-sportinis-alk\u016bn\u0117s-\u012ftvaras.jpg","datePublished":"2016-02-12T14:06:53+00:00","description":"An elbow splint is used after various injuries to bone, ligament and cartilage tissues. The material of the splint with lateral pelots optimally clamps and easily strengthens the elbow joint.","breadcrumb":{"@id":"https:\/\/www.orto24.lt\/en\/produktas\/bort-sports-elbow-splint\/#breadcrumb"},"inLanguage":"en-US","potentialAction":[{"@type":"ReadAction","target":["https:\/\/www.orto24.lt\/en\/produktas\/bort-sports-elbow-splint\/"]}]},{"@type":"ImageObject","inLanguage":"en-US","@id":"https:\/\/www.orto24.lt\/en\/produktas\/bort-sports-elbow-splint\/#primaryimage","url":"https:\/\/www.orto24.lt\/wp-content\/uploads\/2016\/02\/bort-sportinis-alk\u016bn\u0117s-\u012ftvaras.jpg","contentUrl":"https:\/\/www.orto24.lt\/wp-content\/uploads\/2016\/02\/bort-sportinis-alk\u016bn\u0117s-\u012ftvaras.jpg","width":500,"height":500,"caption":"BORT sports elbow splint"},{"@type":"BreadcrumbList","@id":"https:\/\/www.orto24.lt\/en\/produktas\/bort-sports-elbow-splint\/#breadcrumb","itemListElement":[{"@type":"ListItem","position":1,"name":"Home","item":"https:\/\/www.orto24.lt\/en\/"},{"@type":"ListItem","position":2,"name":"Shop","item":"https:\/\/www.orto24.lt\/en\/shop\/"},{"@type":"ListItem","position":3,"name":"BORT sports elbow splint"}]},{"@type":"WebSite","@id":"https:\/\/www.orto24.lt\/en\/#website","url":"https:\/\/www.orto24.lt\/en\/","name":"Ortopedini\u0173 preki\u0173 parduotuv\u0117 - orto24.lt","description":"| orto24.lt","potentialAction":[{"@type":"SearchAction","target":{"@type":"EntryPoint","urlTemplate":"https:\/\/www.orto24.lt\/en\/?s={search_term_string}"},"query-input":{"@type":"PropertyValueSpecification","valueRequired":true,"valueName":"search_term_string"}}],"inLanguage":"en-US"}]}},"_links":{"self":[{"href":"https:\/\/www.orto24.lt\/en\/wp-json\/wp\/v2\/product\/29945","targetHints":{"allow":["GET"]}}],"collection":[{"href":"https:\/\/www.orto24.lt\/en\/wp-json\/wp\/v2\/product"}],"about":[{"href":"https:\/\/www.orto24.lt\/en\/wp-json\/wp\/v2\/types\/product"}],"replies":[{"embeddable":true,"href":"https:\/\/www.orto24.lt\/en\/wp-json\/wp\/v2\/comments?post=29945"}],"version-history":[{"count":0,"href":"https:\/\/www.orto24.lt\/en\/wp-json\/wp\/v2\/product\/29945\/revisions"}],"wp:featuredmedia":[{"embeddable":true,"href":"https:\/\/www.orto24.lt\/en\/wp-json\/wp\/v2\/media\/29953"}],"wp:attachment":[{"href":"https:\/\/www.orto24.lt\/en\/wp-json\/wp\/v2\/media?parent=29945"}],"wp:term":[{"taxonomy":"product_brand","embeddable":true,"href":"https:\/\/www.orto24.lt\/en\/wp-json\/wp\/v2\/product_brand?post=29945"},{"taxonomy":"product_cat","embeddable":true,"href":"https:\/\/www.orto24.lt\/en\/wp-json\/wp\/v2\/product_cat?post=29945"},{"taxonomy":"product_tag","embeddable":true,"href":"https:\/\/www.orto24.lt\/en\/wp-json\/wp\/v2\/product_tag?post=29945"}],"curies":[{"name":"wp","href":"https:\/\/api.w.org\/{rel}","templated":true}]}}