{"id":29963,"date":"2016-02-15T08:15:55","date_gmt":"2016-02-15T08:15:55","guid":{"rendered":"https:\/\/www.orto24.lt\/produktas\/bort-sports-wrist-splint\/"},"modified":"2016-02-15T08:15:55","modified_gmt":"2016-02-15T08:15:55","slug":"bort-sports-wrist-splint","status":"publish","type":"product","link":"https:\/\/www.orto24.lt\/en\/produktas\/bort-sports-wrist-splint\/","title":{"rendered":"BORT sports wrist splint"},"content":{"rendered":"<p>&nbsp;<\/p>\n<p>A wrist splint is used after various injuries to bone, ligament and cartilage tissues.<\/p>\n<p>The splint is made of elastic material with a removable metal plate. Optimal cushioning and the Velcro strap additionally strengthens the wrist joint. This splint has a compressive effect which promotes faster tissue healing and ensures the correct position of the wrist joint.  <\/p>\n<p>BORT stabilising splints for sports have moisture-regulating properties thanks to the special COOLMAX high-tech fibre. Innovative materials and modern development technologies enable the design of splints with optimal properties for therapeutic effects and sports. BORT Quality products ensure a faster healing process for orthopaedic injuries, post-surgery, rehabilitation periods and sports.  <\/p>\n<p><img fetchpriority=\"high\" decoding=\"async\" class=\"alignnone wp-image-5531 size-large\" src=\"https:\/\/www.orto24.lt\/wp-content\/uploads\/2016\/02\/rieso-1024x732.jpg\" alt=\"rieso\" width=\"1024\" height=\"732\" srcset=\"https:\/\/www.orto24.lt\/wp-content\/uploads\/2016\/02\/rieso-1024x732.jpg 1024w, https:\/\/www.orto24.lt\/wp-content\/uploads\/2016\/02\/rieso-150x107.jpg 150w, https:\/\/www.orto24.lt\/wp-content\/uploads\/2016\/02\/rieso-500x357.jpg 500w, https:\/\/www.orto24.lt\/wp-content\/uploads\/2016\/02\/rieso-300x214.jpg 300w, https:\/\/www.orto24.lt\/wp-content\/uploads\/2016\/02\/rieso-768x549.jpg 768w, https:\/\/www.orto24.lt\/wp-content\/uploads\/2016\/02\/rieso-510x364.jpg 510w, https:\/\/www.orto24.lt\/wp-content\/uploads\/2016\/02\/rieso-24x17.jpg 24w, https:\/\/www.orto24.lt\/wp-content\/uploads\/2016\/02\/rieso-36x26.jpg 36w, https:\/\/www.orto24.lt\/wp-content\/uploads\/2016\/02\/rieso-48x34.jpg 48w\" sizes=\"(max-width: 1024px) 100vw, 1024px\" \/><\/p>\n<p>&nbsp;<\/p>\n<p><strong>Recommendations:  <\/strong><\/p>\n<ul>\n<li>In cases of wrist fractures;<\/li>\n<li>For inflammation of the forearm tendons;<\/li>\n<li>For carpal tunnel syndrome;<\/li>\n<li>During a wrist sprain;<\/li>\n<li>Rheumatoid polyarthritis of the wrist;<\/li>\n<li>For deforming arthrosis.<\/li>\n<\/ul>\n<p>&nbsp;<\/p>\n<p>Contraindications:<\/p>\n<ul>\n<li>peripheral circulatory disorders,<\/li>\n<li>Lymphatic disorders,<\/li>\n<li>Reduced tissue sensitivity,<\/li>\n<li>Local skin diseases,<\/li>\n<li>increased sensitivity to raw material components.<\/li>\n<\/ul>\n<p>&nbsp;<\/p>\n<p>Additional instructions:It is not recommended to wear the splint at night to avoid disturbing blood circulation (unless your doctor prescribes wearing the splint for a longer period of time). In case of numbness, it is recommended to remove the splint as soon as possible. It is not recommended to use creams and ointments when using the splint, as they may damage the splint material.  <\/p>\n<div id=\"attachment_5337\" style=\"width: 210px\" class=\"wp-caption alignnone\"><img decoding=\"async\" aria-describedby=\"caption-attachment-5337\" class=\"wp-image-5337 size-full\" src=\"https:\/\/www.orto24.lt\/wp-content\/uploads\/2016\/02\/riesas.jpg\" alt=\"riesas\" width=\"200\" height=\"129\" srcset=\"https:\/\/www.orto24.lt\/wp-content\/uploads\/2016\/02\/riesas.jpg 200w, https:\/\/www.orto24.lt\/wp-content\/uploads\/2016\/02\/riesas-150x97.jpg 150w, https:\/\/www.orto24.lt\/wp-content\/uploads\/2016\/02\/riesas-24x15.jpg 24w, https:\/\/www.orto24.lt\/wp-content\/uploads\/2016\/02\/riesas-36x23.jpg 36w, https:\/\/www.orto24.lt\/wp-content\/uploads\/2016\/02\/riesas-48x31.jpg 48w\" sizes=\"(max-width: 200px) 100vw, 200px\" \/><p id=\"caption-attachment-5337\" class=\"wp-caption-text\">For sizing, measure the specified area<\/p><\/div>\n<p><span style=\"color: #000000; font-family: 'Times New Roman'; font-size: 11px; line-height: normal; white-space: pre-wrap;\"> <\/span><\/p>\n","protected":false},"excerpt":{"rendered":"<p>&nbsp;<\/p>\n<p>A wrist splint is used after various injuries to bone, ligament and cartilage tissues.<\/p>\n<p>&nbsp;<\/p>\n[caption id=\"attachment_5184\" align=\"alignnone\" width=\"298\"]<img decoding=\"async\" class=\"wp-image-5184 size-full\" src=\"https:\/\/www.orto24.lt\/wp-content\/uploads\/2016\/02\/BORT_Logo_De.png\" alt=\"\" width=\"298\" height=\"89\" srcset=\"https:\/\/www.orto24.lt\/wp-content\/uploads\/2016\/02\/BORT_Logo_De.png 298w, https:\/\/www.orto24.lt\/wp-content\/uploads\/2016\/02\/BORT_Logo_De-150x45.png 150w, https:\/\/www.orto24.lt\/wp-content\/uploads\/2016\/02\/BORT_Logo_De-24x7.png 24w, https:\/\/www.orto24.lt\/wp-content\/uploads\/2016\/02\/BORT_Logo_De-36x11.png 36w, https:\/\/www.orto24.lt\/wp-content\/uploads\/2016\/02\/BORT_Logo_De-48x14.png 48w\" sizes=\"(max-width: 298px) 100vw, 298px\" \/>  Made in Germany[\/caption]\n","protected":false},"featured_media":31759,"comment_status":"open","ping_status":"closed","template":"","meta":[],"product_brand":[],"product_cat":[1101,1144,1109,1257],"product_tag":[1108,1209,1129,1142,1256,1132,1243,1102,1229,1255,1117],"class_list":{"0":"post-29963","1":"product","2":"type-product","3":"status-publish","4":"has-post-thumbnail","6":"product_cat-braces","7":"product_cat-braces-for-sport","8":"product_cat-wrist-and-finger-splints","9":"product_cat-wrist-splints-for-sports","10":"product_tag-address","11":"product_tag-arthrosis","12":"product_tag-bort","13":"product_tag-for-sport","14":"product_tag-for-the-joint","15":"product_tag-orthopaedics","16":"product_tag-reinforce","17":"product_tag-splint","18":"product_tag-sweater","19":"product_tag-wrist-forearm","20":"product_tag-wrist-splint","22":"first","23":"instock","24":"taxable","25":"shipping-taxable","26":"purchasable","27":"product-type-variable"},"yoast_head":"<!-- This site is optimized with the Yoast SEO plugin v26.0 - https:\/\/yoast.com\/wordpress\/plugins\/seo\/ -->\n<title>BORT sports wrist splint - Ortopedini\u0173 preki\u0173 parduotuv\u0117 - orto24.lt<\/title>\n<meta name=\"robots\" content=\"index, follow, max-snippet:-1, max-image-preview:large, max-video-preview:-1\" \/>\n<link rel=\"canonical\" href=\"https:\/\/www.orto24.lt\/en\/produktas\/bort-sports-wrist-splint\/\" \/>\n<meta property=\"og:locale\" content=\"en_US\" \/>\n<meta property=\"og:type\" content=\"article\" \/>\n<meta property=\"og:title\" content=\"BORT sports wrist splint - Ortopedini\u0173 preki\u0173 parduotuv\u0117 - orto24.lt\" \/>\n<meta property=\"og:description\" content=\"&nbsp; A wrist splint is used after various injuries to bone, ligament and cartilage tissues. &nbsp;\" \/>\n<meta property=\"og:url\" content=\"https:\/\/www.orto24.lt\/en\/produktas\/bort-sports-wrist-splint\/\" \/>\n<meta property=\"og:site_name\" content=\"Ortopedini\u0173 preki\u0173 parduotuv\u0117 - orto24.lt\" \/>\n<meta property=\"article:publisher\" content=\"https:\/\/www.facebook.com\/mtsprendimai\/\" \/>\n<meta property=\"og:image\" content=\"https:\/\/www.orto24.lt\/wp-content\/uploads\/2016\/02\/112920_Sport.jpg\" \/>\n\t<meta property=\"og:image:width\" content=\"1181\" \/>\n\t<meta property=\"og:image:height\" content=\"1181\" \/>\n\t<meta property=\"og:image:type\" content=\"image\/jpeg\" \/>\n<meta name=\"twitter:card\" content=\"summary_large_image\" \/>\n<meta name=\"twitter:label1\" content=\"Est. reading time\" \/>\n\t<meta name=\"twitter:data1\" content=\"1 minute\" \/>\n<script type=\"application\/ld+json\" class=\"yoast-schema-graph\">{\"@context\":\"https:\/\/schema.org\",\"@graph\":[{\"@type\":\"WebPage\",\"@id\":\"https:\/\/www.orto24.lt\/en\/produktas\/bort-sports-wrist-splint\/\",\"url\":\"https:\/\/www.orto24.lt\/en\/produktas\/bort-sports-wrist-splint\/\",\"name\":\"BORT sports wrist splint - Ortopedini\u0173 preki\u0173 parduotuv\u0117 - orto24.lt\",\"isPartOf\":{\"@id\":\"https:\/\/www.orto24.lt\/en\/#website\"},\"primaryImageOfPage\":{\"@id\":\"https:\/\/www.orto24.lt\/en\/produktas\/bort-sports-wrist-splint\/#primaryimage\"},\"image\":{\"@id\":\"https:\/\/www.orto24.lt\/en\/produktas\/bort-sports-wrist-splint\/#primaryimage\"},\"thumbnailUrl\":\"https:\/\/www.orto24.lt\/wp-content\/uploads\/2016\/02\/112920_Sport-1.jpg\",\"datePublished\":\"2016-02-15T08:15:55+00:00\",\"breadcrumb\":{\"@id\":\"https:\/\/www.orto24.lt\/en\/produktas\/bort-sports-wrist-splint\/#breadcrumb\"},\"inLanguage\":\"en-US\",\"potentialAction\":[{\"@type\":\"ReadAction\",\"target\":[\"https:\/\/www.orto24.lt\/en\/produktas\/bort-sports-wrist-splint\/\"]}]},{\"@type\":\"ImageObject\",\"inLanguage\":\"en-US\",\"@id\":\"https:\/\/www.orto24.lt\/en\/produktas\/bort-sports-wrist-splint\/#primaryimage\",\"url\":\"https:\/\/www.orto24.lt\/wp-content\/uploads\/2016\/02\/112920_Sport-1.jpg\",\"contentUrl\":\"https:\/\/www.orto24.lt\/wp-content\/uploads\/2016\/02\/112920_Sport-1.jpg\",\"width\":500,\"height\":500},{\"@type\":\"BreadcrumbList\",\"@id\":\"https:\/\/www.orto24.lt\/en\/produktas\/bort-sports-wrist-splint\/#breadcrumb\",\"itemListElement\":[{\"@type\":\"ListItem\",\"position\":1,\"name\":\"Home\",\"item\":\"https:\/\/www.orto24.lt\/en\/\"},{\"@type\":\"ListItem\",\"position\":2,\"name\":\"Shop\",\"item\":\"https:\/\/www.orto24.lt\/en\/shop\/\"},{\"@type\":\"ListItem\",\"position\":3,\"name\":\"BORT sports wrist splint\"}]},{\"@type\":\"WebSite\",\"@id\":\"https:\/\/www.orto24.lt\/en\/#website\",\"url\":\"https:\/\/www.orto24.lt\/en\/\",\"name\":\"Ortopedini\u0173 preki\u0173 parduotuv\u0117 - orto24.lt\",\"description\":\"| orto24.lt\",\"potentialAction\":[{\"@type\":\"SearchAction\",\"target\":{\"@type\":\"EntryPoint\",\"urlTemplate\":\"https:\/\/www.orto24.lt\/en\/?s={search_term_string}\"},\"query-input\":{\"@type\":\"PropertyValueSpecification\",\"valueRequired\":true,\"valueName\":\"search_term_string\"}}],\"inLanguage\":\"en-US\"}]}<\/script>\n<!-- \/ Yoast SEO plugin. -->","yoast_head_json":{"title":"BORT sports wrist splint - Ortopedini\u0173 preki\u0173 parduotuv\u0117 - orto24.lt","robots":{"index":"index","follow":"follow","max-snippet":"max-snippet:-1","max-image-preview":"max-image-preview:large","max-video-preview":"max-video-preview:-1"},"canonical":"https:\/\/www.orto24.lt\/en\/produktas\/bort-sports-wrist-splint\/","og_locale":"en_US","og_type":"article","og_title":"BORT sports wrist splint - Ortopedini\u0173 preki\u0173 parduotuv\u0117 - orto24.lt","og_description":"&nbsp; A wrist splint is used after various injuries to bone, ligament and cartilage tissues. &nbsp;","og_url":"https:\/\/www.orto24.lt\/en\/produktas\/bort-sports-wrist-splint\/","og_site_name":"Ortopedini\u0173 preki\u0173 parduotuv\u0117 - orto24.lt","article_publisher":"https:\/\/www.facebook.com\/mtsprendimai\/","og_image":[{"width":1181,"height":1181,"url":"https:\/\/www.orto24.lt\/wp-content\/uploads\/2016\/02\/112920_Sport.jpg","type":"image\/jpeg"}],"twitter_card":"summary_large_image","twitter_misc":{"Est. reading time":"1 minute"},"schema":{"@context":"https:\/\/schema.org","@graph":[{"@type":"WebPage","@id":"https:\/\/www.orto24.lt\/en\/produktas\/bort-sports-wrist-splint\/","url":"https:\/\/www.orto24.lt\/en\/produktas\/bort-sports-wrist-splint\/","name":"BORT sports wrist splint - Ortopedini\u0173 preki\u0173 parduotuv\u0117 - orto24.lt","isPartOf":{"@id":"https:\/\/www.orto24.lt\/en\/#website"},"primaryImageOfPage":{"@id":"https:\/\/www.orto24.lt\/en\/produktas\/bort-sports-wrist-splint\/#primaryimage"},"image":{"@id":"https:\/\/www.orto24.lt\/en\/produktas\/bort-sports-wrist-splint\/#primaryimage"},"thumbnailUrl":"https:\/\/www.orto24.lt\/wp-content\/uploads\/2016\/02\/112920_Sport-1.jpg","datePublished":"2016-02-15T08:15:55+00:00","breadcrumb":{"@id":"https:\/\/www.orto24.lt\/en\/produktas\/bort-sports-wrist-splint\/#breadcrumb"},"inLanguage":"en-US","potentialAction":[{"@type":"ReadAction","target":["https:\/\/www.orto24.lt\/en\/produktas\/bort-sports-wrist-splint\/"]}]},{"@type":"ImageObject","inLanguage":"en-US","@id":"https:\/\/www.orto24.lt\/en\/produktas\/bort-sports-wrist-splint\/#primaryimage","url":"https:\/\/www.orto24.lt\/wp-content\/uploads\/2016\/02\/112920_Sport-1.jpg","contentUrl":"https:\/\/www.orto24.lt\/wp-content\/uploads\/2016\/02\/112920_Sport-1.jpg","width":500,"height":500},{"@type":"BreadcrumbList","@id":"https:\/\/www.orto24.lt\/en\/produktas\/bort-sports-wrist-splint\/#breadcrumb","itemListElement":[{"@type":"ListItem","position":1,"name":"Home","item":"https:\/\/www.orto24.lt\/en\/"},{"@type":"ListItem","position":2,"name":"Shop","item":"https:\/\/www.orto24.lt\/en\/shop\/"},{"@type":"ListItem","position":3,"name":"BORT sports wrist splint"}]},{"@type":"WebSite","@id":"https:\/\/www.orto24.lt\/en\/#website","url":"https:\/\/www.orto24.lt\/en\/","name":"Ortopedini\u0173 preki\u0173 parduotuv\u0117 - orto24.lt","description":"| orto24.lt","potentialAction":[{"@type":"SearchAction","target":{"@type":"EntryPoint","urlTemplate":"https:\/\/www.orto24.lt\/en\/?s={search_term_string}"},"query-input":{"@type":"PropertyValueSpecification","valueRequired":true,"valueName":"search_term_string"}}],"inLanguage":"en-US"}]}},"_links":{"self":[{"href":"https:\/\/www.orto24.lt\/en\/wp-json\/wp\/v2\/product\/29963","targetHints":{"allow":["GET"]}}],"collection":[{"href":"https:\/\/www.orto24.lt\/en\/wp-json\/wp\/v2\/product"}],"about":[{"href":"https:\/\/www.orto24.lt\/en\/wp-json\/wp\/v2\/types\/product"}],"replies":[{"embeddable":true,"href":"https:\/\/www.orto24.lt\/en\/wp-json\/wp\/v2\/comments?post=29963"}],"version-history":[{"count":0,"href":"https:\/\/www.orto24.lt\/en\/wp-json\/wp\/v2\/product\/29963\/revisions"}],"wp:featuredmedia":[{"embeddable":true,"href":"https:\/\/www.orto24.lt\/en\/wp-json\/wp\/v2\/media\/31759"}],"wp:attachment":[{"href":"https:\/\/www.orto24.lt\/en\/wp-json\/wp\/v2\/media?parent=29963"}],"wp:term":[{"taxonomy":"product_brand","embeddable":true,"href":"https:\/\/www.orto24.lt\/en\/wp-json\/wp\/v2\/product_brand?post=29963"},{"taxonomy":"product_cat","embeddable":true,"href":"https:\/\/www.orto24.lt\/en\/wp-json\/wp\/v2\/product_cat?post=29963"},{"taxonomy":"product_tag","embeddable":true,"href":"https:\/\/www.orto24.lt\/en\/wp-json\/wp\/v2\/product_tag?post=29963"}],"curies":[{"name":"wp","href":"https:\/\/api.w.org\/{rel}","templated":true}]}}