{"id":29978,"date":"2016-02-15T08:39:50","date_gmt":"2016-02-15T08:39:50","guid":{"rendered":"https:\/\/www.orto24.lt\/produktas\/bort-sports-knee-splint\/"},"modified":"2016-02-15T08:39:50","modified_gmt":"2016-02-15T08:39:50","slug":"bort-sports-knee-splint","status":"publish","type":"product","link":"https:\/\/www.orto24.lt\/en\/produktas\/bort-sports-knee-splint\/","title":{"rendered":"BORT sports knee splint"},"content":{"rendered":"<p>The knee brace with silicone ring stabilises the kneecap in the correct position, while the lateral fixators clamp and easily reinforce the knee joint.<\/p>\n<p>Textile 3D mandrel properties:<\/p>\n<ul>\n<li>does not slip during movement;<\/li>\n<li>the combination of splint shape and material has an effective therapeutic effect;<\/li>\n<li>the splint is highly elastic and close-fitting, so it does not restrict movement.<\/li>\n<\/ul>\n<p><a href=\"https:\/\/www.orto24.lt\/wp-content\/uploads\/2016\/02\/bort-kelias.png\"><img fetchpriority=\"high\" decoding=\"async\" class=\"alignnone size-full wp-image-11367\" src=\"https:\/\/www.orto24.lt\/wp-content\/uploads\/2016\/02\/bort-kelias.png\" alt=\"\" width=\"987\" height=\"696\" srcset=\"https:\/\/www.orto24.lt\/wp-content\/uploads\/2016\/02\/bort-kelias.png 987w, https:\/\/www.orto24.lt\/wp-content\/uploads\/2016\/02\/bort-kelias-150x106.png 150w, https:\/\/www.orto24.lt\/wp-content\/uploads\/2016\/02\/bort-kelias-500x353.png 500w, https:\/\/www.orto24.lt\/wp-content\/uploads\/2016\/02\/bort-kelias-300x212.png 300w, https:\/\/www.orto24.lt\/wp-content\/uploads\/2016\/02\/bort-kelias-768x542.png 768w, https:\/\/www.orto24.lt\/wp-content\/uploads\/2016\/02\/bort-kelias-980x691.png 980w, https:\/\/www.orto24.lt\/wp-content\/uploads\/2016\/02\/bort-kelias-480x338.png 480w, https:\/\/www.orto24.lt\/wp-content\/uploads\/2016\/02\/bort-kelias-510x360.png 510w\" sizes=\"(max-width: 987px) 100vw, 987px\" \/><\/a><\/p>\n<p><strong>Recommended<\/strong>:<\/p>\n<ul>\n<li>For sprains and strains of the ligaments and muscles in the knee joint,<\/li>\n<li>For knee pain,<\/li>\n<li>For arthrosis of the knee joint,<\/li>\n<li>Osteoarthritis,<\/li>\n<li>In the case of Sinovito,<\/li>\n<li>Inflammation of tendons and joint capsules (bursae) in the knee joint area,<\/li>\n<li>for treating instability of the lateral ligaments,<\/li>\n<li>Instability of the pelvis, osteochondropathy,<\/li>\n<li>To correct the position of the kneecap.<\/li>\n<li>For diseases of articular cartilage.<\/li>\n<li>For injury prevention.<\/li>\n<\/ul>\n<p>&nbsp;<\/p>\n<p>Contraindications:<\/p>\n<ul>\n<li>peripheral circulatory disorders,<\/li>\n<li>Lymphatic disorders,<\/li>\n<li>Reduced tissue sensitivity,<\/li>\n<li>Local skin diseases,<\/li>\n<li>Increased sensitivity to raw material components.<\/li>\n<\/ul>\n<p>&nbsp;<\/p>\n<p>Additional instructions:<\/p>\n<p>&nbsp;<\/p>\n<p>It is not recommended to wear the splint at night to avoid disturbing blood circulation. Unless your doctor prescribes wearing the splint for a longer period of time. <\/p>\n<p>It is recommended to remove the splint as soon as possible in case of numbness.<\/p>\n<p>It is not recommended to use creams and ointments when using the splint, as this can damage the splint material.<\/p>\n<p>The splint is washed with soap and water, drained and left to dry.<\/p>\n<p>&nbsp;<\/p>\n<div id=\"attachment_5561\" style=\"width: 133px\" class=\"wp-caption alignnone\"><img decoding=\"async\" aria-describedby=\"caption-attachment-5561\" class=\"wp-image-5561 size-full\" src=\"https:\/\/www.orto24.lt\/wp-content\/uploads\/2016\/02\/kelio-ismatavimai.jpg\" alt=\"track dimensions\" width=\"123\" height=\"129\" srcset=\"https:\/\/www.orto24.lt\/wp-content\/uploads\/2016\/02\/kelio-ismatavimai.jpg 123w, https:\/\/www.orto24.lt\/wp-content\/uploads\/2016\/02\/kelio-ismatavimai-24x24.jpg 24w, https:\/\/www.orto24.lt\/wp-content\/uploads\/2016\/02\/kelio-ismatavimai-34x36.jpg 34w, https:\/\/www.orto24.lt\/wp-content\/uploads\/2016\/02\/kelio-ismatavimai-46x48.jpg 46w\" sizes=\"(max-width: 123px) 100vw, 123px\" \/><p id=\"caption-attachment-5561\" class=\"wp-caption-text\">For sizing, measure the indicated areas<\/p><\/div>\n","protected":false},"excerpt":{"rendered":"<p>&nbsp;<\/p>\n<p>The knee brace with silicone ring stabilises the kneecap in the correct position, while the lateral fixators clamp and easily reinforce the knee joint.<\/p>\n<p>&nbsp;<\/p>\n[caption id=\"attachment_5184\" align=\"alignnone\" width=\"298\"]<img decoding=\"async\" class=\"wp-image-5184 size-full\" src=\"https:\/\/www.orto24.lt\/wp-content\/uploads\/2016\/02\/BORT_Logo_De.png\" alt=\"\" width=\"298\" height=\"89\" srcset=\"https:\/\/www.orto24.lt\/wp-content\/uploads\/2016\/02\/BORT_Logo_De.png 298w, https:\/\/www.orto24.lt\/wp-content\/uploads\/2016\/02\/BORT_Logo_De-150x45.png 150w, https:\/\/www.orto24.lt\/wp-content\/uploads\/2016\/02\/BORT_Logo_De-24x7.png 24w, https:\/\/www.orto24.lt\/wp-content\/uploads\/2016\/02\/BORT_Logo_De-36x11.png 36w, https:\/\/www.orto24.lt\/wp-content\/uploads\/2016\/02\/BORT_Logo_De-48x14.png 48w\" sizes=\"(max-width: 298px) 100vw, 298px\" \/>  Made in Germany[\/caption]\n","protected":false},"featured_media":29989,"comment_status":"open","ping_status":"closed","template":"","meta":[],"product_brand":[],"product_cat":[1101,1144,1201,1263],"product_tag":[1261,1129,1265,1259,1142,1256,1352,1262,1260,1264,1215,1132,1243,1102,1150,1195,1229],"class_list":{"0":"post-29978","1":"product","2":"type-product","3":"status-publish","4":"has-post-thumbnail","6":"product_cat-braces","7":"product_cat-braces-for-sport","8":"product_cat-knee-and-thigh-splints","9":"product_cat-knee-and-thigh-splints-for-sports","10":"product_tag-artistic","11":"product_tag-bort","12":"product_tag-cap","13":"product_tag-directions","14":"product_tag-for-sport","15":"product_tag-for-the-joint","16":"product_tag-for-the-kneecap-2","17":"product_tag-for-the-kneecap","18":"product_tag-for-the-road","19":"product_tag-kneecaps","20":"product_tag-ligaments","21":"product_tag-orthopaedics","22":"product_tag-reinforce","23":"product_tag-splint","24":"product_tag-sports","25":"product_tag-sprain-of-ligaments","26":"product_tag-sweater","28":"first","29":"instock","30":"taxable","31":"shipping-taxable","32":"purchasable","33":"product-type-variable"},"yoast_head":"<!-- This site is optimized with the Yoast SEO plugin v26.0 - https:\/\/yoast.com\/wordpress\/plugins\/seo\/ -->\n<title>BORT sports knee splint - Ortopedini\u0173 preki\u0173 parduotuv\u0117 - orto24.lt<\/title>\n<meta name=\"description\" content=\"The knee brace with silicone ring stabilises the kneecap in the correct position, while the lateral fixators clamp and easily reinforce the knee joint.\" \/>\n<meta name=\"robots\" content=\"index, follow, max-snippet:-1, max-image-preview:large, max-video-preview:-1\" \/>\n<link rel=\"canonical\" href=\"https:\/\/www.orto24.lt\/en\/produktas\/bort-sports-knee-splint\/\" \/>\n<meta property=\"og:locale\" content=\"en_US\" \/>\n<meta property=\"og:type\" content=\"article\" \/>\n<meta property=\"og:title\" content=\"BORT sports knee splint - Ortopedini\u0173 preki\u0173 parduotuv\u0117 - orto24.lt\" \/>\n<meta property=\"og:description\" content=\"The knee brace with silicone ring stabilises the kneecap in the correct position, while the lateral fixators clamp and easily reinforce the knee joint.\" \/>\n<meta property=\"og:url\" content=\"https:\/\/www.orto24.lt\/en\/produktas\/bort-sports-knee-splint\/\" \/>\n<meta property=\"og:site_name\" content=\"Ortopedini\u0173 preki\u0173 parduotuv\u0117 - orto24.lt\" \/>\n<meta property=\"article:publisher\" content=\"https:\/\/www.facebook.com\/mtsprendimai\/\" \/>\n<meta property=\"og:image\" content=\"https:\/\/www.orto24.lt\/wp-content\/uploads\/2016\/02\/Bort-sportinis-kelio-\u012ftvaras.jpg\" \/>\n\t<meta property=\"og:image:width\" content=\"500\" \/>\n\t<meta property=\"og:image:height\" content=\"500\" \/>\n\t<meta property=\"og:image:type\" content=\"image\/jpeg\" \/>\n<meta name=\"twitter:card\" content=\"summary_large_image\" \/>\n<meta name=\"twitter:label1\" content=\"Est. reading time\" \/>\n\t<meta name=\"twitter:data1\" content=\"1 minute\" \/>\n<script type=\"application\/ld+json\" class=\"yoast-schema-graph\">{\"@context\":\"https:\/\/schema.org\",\"@graph\":[{\"@type\":\"WebPage\",\"@id\":\"https:\/\/www.orto24.lt\/en\/produktas\/bort-sports-knee-splint\/\",\"url\":\"https:\/\/www.orto24.lt\/en\/produktas\/bort-sports-knee-splint\/\",\"name\":\"BORT sports knee splint - Ortopedini\u0173 preki\u0173 parduotuv\u0117 - orto24.lt\",\"isPartOf\":{\"@id\":\"https:\/\/www.orto24.lt\/en\/#website\"},\"primaryImageOfPage\":{\"@id\":\"https:\/\/www.orto24.lt\/en\/produktas\/bort-sports-knee-splint\/#primaryimage\"},\"image\":{\"@id\":\"https:\/\/www.orto24.lt\/en\/produktas\/bort-sports-knee-splint\/#primaryimage\"},\"thumbnailUrl\":\"https:\/\/www.orto24.lt\/wp-content\/uploads\/2016\/02\/Bort-sportinis-kelio-\u012ftvaras.jpg\",\"datePublished\":\"2016-02-15T08:39:50+00:00\",\"description\":\"The knee brace with silicone ring stabilises the kneecap in the correct position, while the lateral fixators clamp and easily reinforce the knee joint.\",\"breadcrumb\":{\"@id\":\"https:\/\/www.orto24.lt\/en\/produktas\/bort-sports-knee-splint\/#breadcrumb\"},\"inLanguage\":\"en-US\",\"potentialAction\":[{\"@type\":\"ReadAction\",\"target\":[\"https:\/\/www.orto24.lt\/en\/produktas\/bort-sports-knee-splint\/\"]}]},{\"@type\":\"ImageObject\",\"inLanguage\":\"en-US\",\"@id\":\"https:\/\/www.orto24.lt\/en\/produktas\/bort-sports-knee-splint\/#primaryimage\",\"url\":\"https:\/\/www.orto24.lt\/wp-content\/uploads\/2016\/02\/Bort-sportinis-kelio-\u012ftvaras.jpg\",\"contentUrl\":\"https:\/\/www.orto24.lt\/wp-content\/uploads\/2016\/02\/Bort-sportinis-kelio-\u012ftvaras.jpg\",\"width\":500,\"height\":500,\"caption\":\"BORT sports knee splint 1\"},{\"@type\":\"BreadcrumbList\",\"@id\":\"https:\/\/www.orto24.lt\/en\/produktas\/bort-sports-knee-splint\/#breadcrumb\",\"itemListElement\":[{\"@type\":\"ListItem\",\"position\":1,\"name\":\"Home\",\"item\":\"https:\/\/www.orto24.lt\/en\/\"},{\"@type\":\"ListItem\",\"position\":2,\"name\":\"Shop\",\"item\":\"https:\/\/www.orto24.lt\/en\/shop\/\"},{\"@type\":\"ListItem\",\"position\":3,\"name\":\"BORT sports knee splint\"}]},{\"@type\":\"WebSite\",\"@id\":\"https:\/\/www.orto24.lt\/en\/#website\",\"url\":\"https:\/\/www.orto24.lt\/en\/\",\"name\":\"Ortopedini\u0173 preki\u0173 parduotuv\u0117 - orto24.lt\",\"description\":\"| orto24.lt\",\"potentialAction\":[{\"@type\":\"SearchAction\",\"target\":{\"@type\":\"EntryPoint\",\"urlTemplate\":\"https:\/\/www.orto24.lt\/en\/?s={search_term_string}\"},\"query-input\":{\"@type\":\"PropertyValueSpecification\",\"valueRequired\":true,\"valueName\":\"search_term_string\"}}],\"inLanguage\":\"en-US\"}]}<\/script>\n<!-- \/ Yoast SEO plugin. -->","yoast_head_json":{"title":"BORT sports knee splint - Ortopedini\u0173 preki\u0173 parduotuv\u0117 - orto24.lt","description":"The knee brace with silicone ring stabilises the kneecap in the correct position, while the lateral fixators clamp and easily reinforce the knee joint.","robots":{"index":"index","follow":"follow","max-snippet":"max-snippet:-1","max-image-preview":"max-image-preview:large","max-video-preview":"max-video-preview:-1"},"canonical":"https:\/\/www.orto24.lt\/en\/produktas\/bort-sports-knee-splint\/","og_locale":"en_US","og_type":"article","og_title":"BORT sports knee splint - Ortopedini\u0173 preki\u0173 parduotuv\u0117 - orto24.lt","og_description":"The knee brace with silicone ring stabilises the kneecap in the correct position, while the lateral fixators clamp and easily reinforce the knee joint.","og_url":"https:\/\/www.orto24.lt\/en\/produktas\/bort-sports-knee-splint\/","og_site_name":"Ortopedini\u0173 preki\u0173 parduotuv\u0117 - orto24.lt","article_publisher":"https:\/\/www.facebook.com\/mtsprendimai\/","og_image":[{"width":500,"height":500,"url":"https:\/\/www.orto24.lt\/wp-content\/uploads\/2016\/02\/Bort-sportinis-kelio-\u012ftvaras.jpg","type":"image\/jpeg"}],"twitter_card":"summary_large_image","twitter_misc":{"Est. reading time":"1 minute"},"schema":{"@context":"https:\/\/schema.org","@graph":[{"@type":"WebPage","@id":"https:\/\/www.orto24.lt\/en\/produktas\/bort-sports-knee-splint\/","url":"https:\/\/www.orto24.lt\/en\/produktas\/bort-sports-knee-splint\/","name":"BORT sports knee splint - Ortopedini\u0173 preki\u0173 parduotuv\u0117 - orto24.lt","isPartOf":{"@id":"https:\/\/www.orto24.lt\/en\/#website"},"primaryImageOfPage":{"@id":"https:\/\/www.orto24.lt\/en\/produktas\/bort-sports-knee-splint\/#primaryimage"},"image":{"@id":"https:\/\/www.orto24.lt\/en\/produktas\/bort-sports-knee-splint\/#primaryimage"},"thumbnailUrl":"https:\/\/www.orto24.lt\/wp-content\/uploads\/2016\/02\/Bort-sportinis-kelio-\u012ftvaras.jpg","datePublished":"2016-02-15T08:39:50+00:00","description":"The knee brace with silicone ring stabilises the kneecap in the correct position, while the lateral fixators clamp and easily reinforce the knee joint.","breadcrumb":{"@id":"https:\/\/www.orto24.lt\/en\/produktas\/bort-sports-knee-splint\/#breadcrumb"},"inLanguage":"en-US","potentialAction":[{"@type":"ReadAction","target":["https:\/\/www.orto24.lt\/en\/produktas\/bort-sports-knee-splint\/"]}]},{"@type":"ImageObject","inLanguage":"en-US","@id":"https:\/\/www.orto24.lt\/en\/produktas\/bort-sports-knee-splint\/#primaryimage","url":"https:\/\/www.orto24.lt\/wp-content\/uploads\/2016\/02\/Bort-sportinis-kelio-\u012ftvaras.jpg","contentUrl":"https:\/\/www.orto24.lt\/wp-content\/uploads\/2016\/02\/Bort-sportinis-kelio-\u012ftvaras.jpg","width":500,"height":500,"caption":"BORT sports knee splint 1"},{"@type":"BreadcrumbList","@id":"https:\/\/www.orto24.lt\/en\/produktas\/bort-sports-knee-splint\/#breadcrumb","itemListElement":[{"@type":"ListItem","position":1,"name":"Home","item":"https:\/\/www.orto24.lt\/en\/"},{"@type":"ListItem","position":2,"name":"Shop","item":"https:\/\/www.orto24.lt\/en\/shop\/"},{"@type":"ListItem","position":3,"name":"BORT sports knee splint"}]},{"@type":"WebSite","@id":"https:\/\/www.orto24.lt\/en\/#website","url":"https:\/\/www.orto24.lt\/en\/","name":"Ortopedini\u0173 preki\u0173 parduotuv\u0117 - orto24.lt","description":"| orto24.lt","potentialAction":[{"@type":"SearchAction","target":{"@type":"EntryPoint","urlTemplate":"https:\/\/www.orto24.lt\/en\/?s={search_term_string}"},"query-input":{"@type":"PropertyValueSpecification","valueRequired":true,"valueName":"search_term_string"}}],"inLanguage":"en-US"}]}},"_links":{"self":[{"href":"https:\/\/www.orto24.lt\/en\/wp-json\/wp\/v2\/product\/29978","targetHints":{"allow":["GET"]}}],"collection":[{"href":"https:\/\/www.orto24.lt\/en\/wp-json\/wp\/v2\/product"}],"about":[{"href":"https:\/\/www.orto24.lt\/en\/wp-json\/wp\/v2\/types\/product"}],"replies":[{"embeddable":true,"href":"https:\/\/www.orto24.lt\/en\/wp-json\/wp\/v2\/comments?post=29978"}],"version-history":[{"count":0,"href":"https:\/\/www.orto24.lt\/en\/wp-json\/wp\/v2\/product\/29978\/revisions"}],"wp:featuredmedia":[{"embeddable":true,"href":"https:\/\/www.orto24.lt\/en\/wp-json\/wp\/v2\/media\/29989"}],"wp:attachment":[{"href":"https:\/\/www.orto24.lt\/en\/wp-json\/wp\/v2\/media?parent=29978"}],"wp:term":[{"taxonomy":"product_brand","embeddable":true,"href":"https:\/\/www.orto24.lt\/en\/wp-json\/wp\/v2\/product_brand?post=29978"},{"taxonomy":"product_cat","embeddable":true,"href":"https:\/\/www.orto24.lt\/en\/wp-json\/wp\/v2\/product_cat?post=29978"},{"taxonomy":"product_tag","embeddable":true,"href":"https:\/\/www.orto24.lt\/en\/wp-json\/wp\/v2\/product_tag?post=29978"}],"curies":[{"name":"wp","href":"https:\/\/api.w.org\/{rel}","templated":true}]}}