{"id":29979,"date":"2016-03-09T09:16:00","date_gmt":"2016-03-09T09:16:00","guid":{"rendered":"https:\/\/www.orto24.lt\/produktas\/select-epiplus-elbow-splint\/"},"modified":"2016-03-09T09:16:00","modified_gmt":"2016-03-09T09:16:00","slug":"select-epiplus-elbow-splint","status":"publish","type":"product","link":"https:\/\/www.orto24.lt\/en\/produktas\/select-epiplus-elbow-splint\/","title":{"rendered":"Select\u00ae EpiPlus\u00ae elbow splint"},"content":{"rendered":"<p>Epicondylitis splint with elastic band for individual fitting. Inside the splint, moulded silicone pads (universal for left and right hand) are inserted to provide the necessary pressure. Easily adjustable elastic and fastening parts. An additional strap fixes the tendon attachment point to the outer humerus, thus reducing pain during movement (the strap can be removed). Recommended for outdoor tennis players, golfers, massage therapists.    <\/p>\n<p>&nbsp;<\/p>\n<p><strong>Recommended:<\/strong><\/p>\n<ul>\n<li>Epicondylitis;<\/li>\n<li>Tendon and ligament sprains;<\/li>\n<li>Inflammation of the elbow joint and surrounding tissues;<\/li>\n<li>Bursitas;<\/li>\n<li>Post-operative period;<\/li>\n<li>Pain during work or sport (tennis\/golf player&#8217;s elbow).<\/li>\n<\/ul>\n<p>&nbsp;<\/p>\n<p><strong>Contraindications:<\/strong><\/p>\n<ul>\n<li>Peripheral circulatory disorders;<\/li>\n<li>Lymphatic disorders;<\/li>\n<li>Reduced tissue sensitivity;<\/li>\n<li>Local skin diseases;<\/li>\n<li>Increased sensitivity to raw material components.<\/li>\n<\/ul>\n<p>&nbsp;<\/p>\n<p><strong>Further instructions:<br \/>\n<\/strong><br \/>\n It is not recommended to wear the splint at night to avoid impaired blood circulation. Unless your doctor prescribes wearing the splint for a longer period of time.  It is recommended to remove the splint as soon as possible in case of numbness. It is not recommended to use creams and ointments when using the splint, as they can damage the splint material. The splint is washed with soap and water, drained and left to dry.<\/p>\n<p>&nbsp;<\/p>\n<div id=\"attachment_5559\" style=\"width: 127px\" class=\"wp-caption alignnone\"><img decoding=\"async\" aria-describedby=\"caption-attachment-5559\" class=\"wp-image-5559 size-full\" src=\"https:\/\/www.orto24.lt\/wp-content\/uploads\/2016\/02\/alkune-1.jpg\" alt=\"alkune\" width=\"117\" height=\"125\" srcset=\"https:\/\/www.orto24.lt\/wp-content\/uploads\/2016\/02\/alkune-1.jpg 117w, https:\/\/www.orto24.lt\/wp-content\/uploads\/2016\/02\/alkune-1-22x24.jpg 22w, https:\/\/www.orto24.lt\/wp-content\/uploads\/2016\/02\/alkune-1-34x36.jpg 34w, https:\/\/www.orto24.lt\/wp-content\/uploads\/2016\/02\/alkune-1-45x48.jpg 45w\" sizes=\"(max-width: 117px) 100vw, 117px\" \/><p id=\"caption-attachment-5559\" class=\"wp-caption-text\">For sizing, measure the circumference of the forearm 5 cm below the elbow joint<\/p><\/div>\n","protected":false},"excerpt":{"rendered":"<p>An elbow splint is used after various injuries to bone, ligament and cartilage tissues.<br \/>\nThe material of the splint with lateral pelots optimally clamps and lightly reinforces the elbow joint.<\/p>\n[caption id=\"attachment_5184\" align=\"alignnone\" width=\"298\"]<img decoding=\"async\" class=\"wp-image-5184 size-full\" src=\"https:\/\/www.orto24.lt\/wp-content\/uploads\/2016\/02\/BORT_Logo_De.png\" alt=\"\" width=\"298\" height=\"89\" srcset=\"https:\/\/www.orto24.lt\/wp-content\/uploads\/2016\/02\/BORT_Logo_De.png 298w, https:\/\/www.orto24.lt\/wp-content\/uploads\/2016\/02\/BORT_Logo_De-150x45.png 150w, https:\/\/www.orto24.lt\/wp-content\/uploads\/2016\/02\/BORT_Logo_De-24x7.png 24w, https:\/\/www.orto24.lt\/wp-content\/uploads\/2016\/02\/BORT_Logo_De-36x11.png 36w, https:\/\/www.orto24.lt\/wp-content\/uploads\/2016\/02\/BORT_Logo_De-48x14.png 48w\" sizes=\"(max-width: 298px) 100vw, 298px\" \/>  Made in Germany[\/caption]\n","protected":false},"featured_media":29980,"comment_status":"open","ping_status":"closed","template":"","meta":[],"product_brand":[],"product_cat":[1101,1197],"product_tag":[1129,1241,1245,1196,1249,1132,1243,1102,1258,1229,1247,1246],"class_list":{"0":"post-29979","1":"product","2":"type-product","3":"status-publish","4":"has-post-thumbnail","6":"product_cat-braces","7":"product_cat-elbow-splints","8":"product_tag-bort","9":"product_tag-elbows","10":"product_tag-epicondylitis","11":"product_tag-for-elbow","12":"product_tag-for-epicondilitis","13":"product_tag-orthopaedics","14":"product_tag-reinforce","15":"product_tag-splint","16":"product_tag-sport","17":"product_tag-sweater","18":"product_tag-tennis-elbow","19":"product_tag-tennis-players-ribbon","21":"first","22":"instock","23":"taxable","24":"shipping-taxable","25":"purchasable","26":"product-type-variable"},"yoast_head":"<!-- This site is optimized with the Yoast SEO plugin v26.0 - https:\/\/yoast.com\/wordpress\/plugins\/seo\/ -->\n<title>Select\u00ae EpiPlus\u00ae elbow splint - Ortopedini\u0173 preki\u0173 parduotuv\u0117 - orto24.lt<\/title>\n<meta name=\"description\" content=\"An elbow splint is used after various injuries to bone, ligament and cartilage tissues.\" \/>\n<meta name=\"robots\" content=\"index, follow, max-snippet:-1, max-image-preview:large, max-video-preview:-1\" \/>\n<link rel=\"canonical\" href=\"https:\/\/www.orto24.lt\/en\/produktas\/select-epiplus-elbow-splint\/\" \/>\n<meta property=\"og:locale\" content=\"en_US\" \/>\n<meta property=\"og:type\" content=\"article\" \/>\n<meta property=\"og:title\" content=\"Select\u00ae EpiPlus\u00ae elbow splint - Ortopedini\u0173 preki\u0173 parduotuv\u0117 - orto24.lt\" \/>\n<meta property=\"og:description\" content=\"An elbow splint is used after various injuries to bone, ligament and cartilage tissues.\" \/>\n<meta property=\"og:url\" content=\"https:\/\/www.orto24.lt\/en\/produktas\/select-epiplus-elbow-splint\/\" \/>\n<meta property=\"og:site_name\" content=\"Ortopedini\u0173 preki\u0173 parduotuv\u0117 - orto24.lt\" \/>\n<meta property=\"article:publisher\" content=\"https:\/\/www.facebook.com\/mtsprendimai\/\" \/>\n<meta property=\"og:image\" content=\"https:\/\/www.orto24.lt\/wp-content\/uploads\/2016\/03\/122700_silber.jpg\" \/>\n\t<meta property=\"og:image:width\" content=\"1181\" \/>\n\t<meta property=\"og:image:height\" content=\"1181\" \/>\n\t<meta property=\"og:image:type\" content=\"image\/jpeg\" \/>\n<meta name=\"twitter:card\" content=\"summary_large_image\" \/>\n<meta name=\"twitter:label1\" content=\"Est. reading time\" \/>\n\t<meta name=\"twitter:data1\" content=\"1 minute\" \/>\n<script type=\"application\/ld+json\" class=\"yoast-schema-graph\">{\"@context\":\"https:\/\/schema.org\",\"@graph\":[{\"@type\":\"WebPage\",\"@id\":\"https:\/\/www.orto24.lt\/en\/produktas\/select-epiplus-elbow-splint\/\",\"url\":\"https:\/\/www.orto24.lt\/en\/produktas\/select-epiplus-elbow-splint\/\",\"name\":\"Select\u00ae EpiPlus\u00ae elbow splint - Ortopedini\u0173 preki\u0173 parduotuv\u0117 - orto24.lt\",\"isPartOf\":{\"@id\":\"https:\/\/www.orto24.lt\/en\/#website\"},\"primaryImageOfPage\":{\"@id\":\"https:\/\/www.orto24.lt\/en\/produktas\/select-epiplus-elbow-splint\/#primaryimage\"},\"image\":{\"@id\":\"https:\/\/www.orto24.lt\/en\/produktas\/select-epiplus-elbow-splint\/#primaryimage\"},\"thumbnailUrl\":\"https:\/\/www.orto24.lt\/wp-content\/uploads\/2016\/03\/122700_silber.jpg\",\"datePublished\":\"2016-03-09T09:16:00+00:00\",\"description\":\"An elbow splint is used after various injuries to bone, ligament and cartilage tissues.\",\"breadcrumb\":{\"@id\":\"https:\/\/www.orto24.lt\/en\/produktas\/select-epiplus-elbow-splint\/#breadcrumb\"},\"inLanguage\":\"en-US\",\"potentialAction\":[{\"@type\":\"ReadAction\",\"target\":[\"https:\/\/www.orto24.lt\/en\/produktas\/select-epiplus-elbow-splint\/\"]}]},{\"@type\":\"ImageObject\",\"inLanguage\":\"en-US\",\"@id\":\"https:\/\/www.orto24.lt\/en\/produktas\/select-epiplus-elbow-splint\/#primaryimage\",\"url\":\"https:\/\/www.orto24.lt\/wp-content\/uploads\/2016\/03\/122700_silber.jpg\",\"contentUrl\":\"https:\/\/www.orto24.lt\/wp-content\/uploads\/2016\/03\/122700_silber.jpg\",\"width\":1181,\"height\":1181,\"caption\":\"Select\u00ae EpiPlus\u00ae elbow splint\"},{\"@type\":\"BreadcrumbList\",\"@id\":\"https:\/\/www.orto24.lt\/en\/produktas\/select-epiplus-elbow-splint\/#breadcrumb\",\"itemListElement\":[{\"@type\":\"ListItem\",\"position\":1,\"name\":\"Home\",\"item\":\"https:\/\/www.orto24.lt\/en\/\"},{\"@type\":\"ListItem\",\"position\":2,\"name\":\"Shop\",\"item\":\"https:\/\/www.orto24.lt\/en\/shop\/\"},{\"@type\":\"ListItem\",\"position\":3,\"name\":\"Select\u00ae EpiPlus\u00ae elbow splint\"}]},{\"@type\":\"WebSite\",\"@id\":\"https:\/\/www.orto24.lt\/en\/#website\",\"url\":\"https:\/\/www.orto24.lt\/en\/\",\"name\":\"Ortopedini\u0173 preki\u0173 parduotuv\u0117 - orto24.lt\",\"description\":\"| orto24.lt\",\"potentialAction\":[{\"@type\":\"SearchAction\",\"target\":{\"@type\":\"EntryPoint\",\"urlTemplate\":\"https:\/\/www.orto24.lt\/en\/?s={search_term_string}\"},\"query-input\":{\"@type\":\"PropertyValueSpecification\",\"valueRequired\":true,\"valueName\":\"search_term_string\"}}],\"inLanguage\":\"en-US\"}]}<\/script>\n<!-- \/ Yoast SEO plugin. -->","yoast_head_json":{"title":"Select\u00ae EpiPlus\u00ae elbow splint - Ortopedini\u0173 preki\u0173 parduotuv\u0117 - orto24.lt","description":"An elbow splint is used after various injuries to bone, ligament and cartilage tissues.","robots":{"index":"index","follow":"follow","max-snippet":"max-snippet:-1","max-image-preview":"max-image-preview:large","max-video-preview":"max-video-preview:-1"},"canonical":"https:\/\/www.orto24.lt\/en\/produktas\/select-epiplus-elbow-splint\/","og_locale":"en_US","og_type":"article","og_title":"Select\u00ae EpiPlus\u00ae elbow splint - Ortopedini\u0173 preki\u0173 parduotuv\u0117 - orto24.lt","og_description":"An elbow splint is used after various injuries to bone, ligament and cartilage tissues.","og_url":"https:\/\/www.orto24.lt\/en\/produktas\/select-epiplus-elbow-splint\/","og_site_name":"Ortopedini\u0173 preki\u0173 parduotuv\u0117 - orto24.lt","article_publisher":"https:\/\/www.facebook.com\/mtsprendimai\/","og_image":[{"width":1181,"height":1181,"url":"https:\/\/www.orto24.lt\/wp-content\/uploads\/2016\/03\/122700_silber.jpg","type":"image\/jpeg"}],"twitter_card":"summary_large_image","twitter_misc":{"Est. reading time":"1 minute"},"schema":{"@context":"https:\/\/schema.org","@graph":[{"@type":"WebPage","@id":"https:\/\/www.orto24.lt\/en\/produktas\/select-epiplus-elbow-splint\/","url":"https:\/\/www.orto24.lt\/en\/produktas\/select-epiplus-elbow-splint\/","name":"Select\u00ae EpiPlus\u00ae elbow splint - Ortopedini\u0173 preki\u0173 parduotuv\u0117 - orto24.lt","isPartOf":{"@id":"https:\/\/www.orto24.lt\/en\/#website"},"primaryImageOfPage":{"@id":"https:\/\/www.orto24.lt\/en\/produktas\/select-epiplus-elbow-splint\/#primaryimage"},"image":{"@id":"https:\/\/www.orto24.lt\/en\/produktas\/select-epiplus-elbow-splint\/#primaryimage"},"thumbnailUrl":"https:\/\/www.orto24.lt\/wp-content\/uploads\/2016\/03\/122700_silber.jpg","datePublished":"2016-03-09T09:16:00+00:00","description":"An elbow splint is used after various injuries to bone, ligament and cartilage tissues.","breadcrumb":{"@id":"https:\/\/www.orto24.lt\/en\/produktas\/select-epiplus-elbow-splint\/#breadcrumb"},"inLanguage":"en-US","potentialAction":[{"@type":"ReadAction","target":["https:\/\/www.orto24.lt\/en\/produktas\/select-epiplus-elbow-splint\/"]}]},{"@type":"ImageObject","inLanguage":"en-US","@id":"https:\/\/www.orto24.lt\/en\/produktas\/select-epiplus-elbow-splint\/#primaryimage","url":"https:\/\/www.orto24.lt\/wp-content\/uploads\/2016\/03\/122700_silber.jpg","contentUrl":"https:\/\/www.orto24.lt\/wp-content\/uploads\/2016\/03\/122700_silber.jpg","width":1181,"height":1181,"caption":"Select\u00ae EpiPlus\u00ae elbow splint"},{"@type":"BreadcrumbList","@id":"https:\/\/www.orto24.lt\/en\/produktas\/select-epiplus-elbow-splint\/#breadcrumb","itemListElement":[{"@type":"ListItem","position":1,"name":"Home","item":"https:\/\/www.orto24.lt\/en\/"},{"@type":"ListItem","position":2,"name":"Shop","item":"https:\/\/www.orto24.lt\/en\/shop\/"},{"@type":"ListItem","position":3,"name":"Select\u00ae EpiPlus\u00ae elbow splint"}]},{"@type":"WebSite","@id":"https:\/\/www.orto24.lt\/en\/#website","url":"https:\/\/www.orto24.lt\/en\/","name":"Ortopedini\u0173 preki\u0173 parduotuv\u0117 - orto24.lt","description":"| orto24.lt","potentialAction":[{"@type":"SearchAction","target":{"@type":"EntryPoint","urlTemplate":"https:\/\/www.orto24.lt\/en\/?s={search_term_string}"},"query-input":{"@type":"PropertyValueSpecification","valueRequired":true,"valueName":"search_term_string"}}],"inLanguage":"en-US"}]}},"_links":{"self":[{"href":"https:\/\/www.orto24.lt\/en\/wp-json\/wp\/v2\/product\/29979","targetHints":{"allow":["GET"]}}],"collection":[{"href":"https:\/\/www.orto24.lt\/en\/wp-json\/wp\/v2\/product"}],"about":[{"href":"https:\/\/www.orto24.lt\/en\/wp-json\/wp\/v2\/types\/product"}],"replies":[{"embeddable":true,"href":"https:\/\/www.orto24.lt\/en\/wp-json\/wp\/v2\/comments?post=29979"}],"version-history":[{"count":0,"href":"https:\/\/www.orto24.lt\/en\/wp-json\/wp\/v2\/product\/29979\/revisions"}],"wp:featuredmedia":[{"embeddable":true,"href":"https:\/\/www.orto24.lt\/en\/wp-json\/wp\/v2\/media\/29980"}],"wp:attachment":[{"href":"https:\/\/www.orto24.lt\/en\/wp-json\/wp\/v2\/media?parent=29979"}],"wp:term":[{"taxonomy":"product_brand","embeddable":true,"href":"https:\/\/www.orto24.lt\/en\/wp-json\/wp\/v2\/product_brand?post=29979"},{"taxonomy":"product_cat","embeddable":true,"href":"https:\/\/www.orto24.lt\/en\/wp-json\/wp\/v2\/product_cat?post=29979"},{"taxonomy":"product_tag","embeddable":true,"href":"https:\/\/www.orto24.lt\/en\/wp-json\/wp\/v2\/product_tag?post=29979"}],"curies":[{"name":"wp","href":"https:\/\/api.w.org\/{rel}","templated":true}]}}