{"id":29991,"date":"2016-03-09T09:33:03","date_gmt":"2016-03-09T09:33:03","guid":{"rendered":"https:\/\/www.orto24.lt\/produktas\/select-talostabil-plus-ankle-splint\/"},"modified":"2016-03-09T09:33:03","modified_gmt":"2016-03-09T09:33:03","slug":"select-talostabil-plus-ankle-splint","status":"publish","type":"product","link":"https:\/\/www.orto24.lt\/en\/produktas\/select-talostabil-plus-ankle-splint\/","title":{"rendered":"Select\u00ae TaloStabil\u00ae Plus Ankle Splint"},"content":{"rendered":"<p>The anatomically moulded knitted splint with silicone pelots optimally cushions and strengthens the ankle joint. Thanks to an additional strap, the joint can be adjusted to lock from the inside or the outside (see picture). The brace is thin, elastic and breathable, making it suitable for sports. A special sleeve is attached to the splint to make it easier to close the splint. First, the foot is inserted into the sleeve and then the splint is pulled through it. Once the splint is in the correct position, the sleeve is pulled out.     <\/p>\n<p>&nbsp;<\/p>\n<p><strong>Fixation of the outer side of the ankle joint:<\/strong><\/p>\n<p>&nbsp;<\/p>\n<ol>\n<li>The tape is attached with a sticker on the back of the lower leg so that its direction is towards the outside of the ankle joint. The tape shall be applied diagonally across the top of the foot. <\/li>\n<li>Put the tape over the bottom of the foot.<\/li>\n<li>Pull the tape diagonally towards the inner side of the ankle joint.<\/li>\n<li>Fix the end of the tape on the back of the calf at the soft Velchro.<\/li>\n<\/ol>\n<p>&nbsp;<\/p>\n<p><strong>Fixation of the inner side of the ankle joint:<\/strong><\/p>\n<p>&nbsp;<\/p>\n<ol>\n<li>The tape is attached with a sticker on the back of the lower leg so that its direction is towards the inner side of the ankle joint. The tape shall be applied diagonally across the top of the foot. <\/li>\n<li>Put the tape over the bottom of the foot.<\/li>\n<li>Pull the tape diagonally towards the outer side of the ankle joint.<\/li>\n<li>Fix the end of the tape on the back of the calf at the soft Velchro.<\/li>\n<\/ol>\n<p>&nbsp;<\/p>\n<p><strong>Recommended:<br \/>\n<\/strong><\/p>\n<ul>\n<li>For swelling caused by arthrosis and arthritis;<\/li>\n<li>Tendomyopathies;<\/li>\n<li>Damage to the ligaments, tendons, muscles of the ankle joint or mild instability of the joint;<\/li>\n<li>After ankle surgery;<\/li>\n<li>For injury prevention.<\/li>\n<\/ul>\n<p>&nbsp;<\/p>\n<p><strong>Contraindications:<\/strong><\/p>\n<ul>\n<li>Peripheral circulatory disorders;<\/li>\n<li>Lymphatic disorders;<\/li>\n<li>Reduced tissue sensitivity;<\/li>\n<li>Local skin diseases;<\/li>\n<li>Increased sensitivity to raw material components.<\/li>\n<\/ul>\n<p>&nbsp;<\/p>\n<p><strong>Additional instructions:<\/strong><\/p>\n<p>&nbsp;<\/p>\n<p>It is not recommended to wear the splint at night to avoid disturbing blood circulation. It is recommended to remove the splint as soon as possible in case of numbness. It is not recommended to use creams and ointments when using the splint, as they can damage the splint material. The splint is washed with soap and water, drained and left to dry.<\/p>\n<p>&nbsp;<\/p>\n<div id=\"attachment_5557\" style=\"width: 185px\" class=\"wp-caption alignnone\"><img decoding=\"async\" aria-describedby=\"caption-attachment-5557\" class=\"wp-image-5557 size-full\" src=\"https:\/\/www.orto24.lt\/wp-content\/uploads\/2016\/02\/ciurnai.jpg\" alt=\"ciurnai\" width=\"175\" height=\"158\" srcset=\"https:\/\/www.orto24.lt\/wp-content\/uploads\/2016\/02\/ciurnai.jpg 175w, https:\/\/www.orto24.lt\/wp-content\/uploads\/2016\/02\/ciurnai-150x135.jpg 150w, https:\/\/www.orto24.lt\/wp-content\/uploads\/2016\/02\/ciurnai-24x22.jpg 24w, https:\/\/www.orto24.lt\/wp-content\/uploads\/2016\/02\/ciurnai-36x33.jpg 36w, https:\/\/www.orto24.lt\/wp-content\/uploads\/2016\/02\/ciurnai-48x43.jpg 48w\" sizes=\"(max-width: 175px) 100vw, 175px\" \/><p id=\"caption-attachment-5557\" class=\"wp-caption-text\">For sizing, measure the specified area<\/p><\/div>\n","protected":false},"excerpt":{"rendered":"<p>The anatomically moulded knitted splint with silicone caps optimally cushions and strengthens the ankle joint.<\/p>\n[caption id=\"attachment_5184\" align=\"alignnone\" width=\"298\"]<img decoding=\"async\" class=\"wp-image-5184 size-full\" src=\"https:\/\/www.orto24.lt\/wp-content\/uploads\/2016\/02\/BORT_Logo_De.png\" alt=\"\" width=\"298\" height=\"89\" srcset=\"https:\/\/www.orto24.lt\/wp-content\/uploads\/2016\/02\/BORT_Logo_De.png 298w, https:\/\/www.orto24.lt\/wp-content\/uploads\/2016\/02\/BORT_Logo_De-150x45.png 150w, https:\/\/www.orto24.lt\/wp-content\/uploads\/2016\/02\/BORT_Logo_De-24x7.png 24w, https:\/\/www.orto24.lt\/wp-content\/uploads\/2016\/02\/BORT_Logo_De-36x11.png 36w, https:\/\/www.orto24.lt\/wp-content\/uploads\/2016\/02\/BORT_Logo_De-48x14.png 48w\" sizes=\"(max-width: 298px) 100vw, 298px\" \/>  Made in Germany[\/caption]\n","protected":false},"featured_media":29998,"comment_status":"open","ping_status":"closed","template":"","meta":[],"product_brand":[],"product_cat":[1145,1101],"product_tag":[1231,1143,1209,1129,1213,1266,1132,1102,1258,1195,1229,1106],"class_list":{"0":"post-29991","1":"product","2":"type-product","3":"status-publish","4":"has-post-thumbnail","6":"product_cat-ankle-and-lower-leg-splints","7":"product_cat-braces","8":"product_tag-ankle-trauma","9":"product_tag-ankles","10":"product_tag-arthrosis","11":"product_tag-bort","12":"product_tag-chirna","13":"product_tag-ciurnos","14":"product_tag-orthopaedics","15":"product_tag-splint","16":"product_tag-sport","17":"product_tag-sprain-of-ligaments","18":"product_tag-sweater","19":"product_tag-trauma","21":"first","22":"instock","23":"taxable","24":"shipping-taxable","25":"purchasable","26":"product-type-variable"},"yoast_head":"<!-- This site is optimized with the Yoast SEO plugin v26.0 - https:\/\/yoast.com\/wordpress\/plugins\/seo\/ -->\n<title>Select\u00ae TaloStabil\u00ae Plus Ankle Splint - Ortopedini\u0173 preki\u0173 parduotuv\u0117 - orto24.lt<\/title>\n<meta name=\"robots\" content=\"index, follow, max-snippet:-1, max-image-preview:large, max-video-preview:-1\" \/>\n<link rel=\"canonical\" href=\"https:\/\/www.orto24.lt\/en\/produktas\/select-talostabil-plus-ankle-splint\/\" \/>\n<meta property=\"og:locale\" content=\"en_US\" \/>\n<meta property=\"og:type\" content=\"article\" \/>\n<meta property=\"og:title\" content=\"Select\u00ae TaloStabil\u00ae Plus Ankle Splint - Ortopedini\u0173 preki\u0173 parduotuv\u0117 - orto24.lt\" \/>\n<meta property=\"og:description\" content=\"The anatomically moulded knitted splint with silicone caps optimally cushions and strengthens the ankle joint.\" \/>\n<meta property=\"og:url\" content=\"https:\/\/www.orto24.lt\/en\/produktas\/select-talostabil-plus-ankle-splint\/\" \/>\n<meta property=\"og:site_name\" content=\"Ortopedini\u0173 preki\u0173 parduotuv\u0117 - orto24.lt\" \/>\n<meta property=\"article:publisher\" content=\"https:\/\/www.facebook.com\/mtsprendimai\/\" \/>\n<meta property=\"og:image\" content=\"https:\/\/www.orto24.lt\/wp-content\/uploads\/2016\/03\/054100_silber.jpg\" \/>\n\t<meta property=\"og:image:width\" content=\"1181\" \/>\n\t<meta property=\"og:image:height\" content=\"1181\" \/>\n\t<meta property=\"og:image:type\" content=\"image\/jpeg\" \/>\n<meta name=\"twitter:card\" content=\"summary_large_image\" \/>\n<meta name=\"twitter:label1\" content=\"Est. reading time\" \/>\n\t<meta name=\"twitter:data1\" content=\"2 minutes\" \/>\n<script type=\"application\/ld+json\" class=\"yoast-schema-graph\">{\"@context\":\"https:\/\/schema.org\",\"@graph\":[{\"@type\":\"WebPage\",\"@id\":\"https:\/\/www.orto24.lt\/en\/produktas\/select-talostabil-plus-ankle-splint\/\",\"url\":\"https:\/\/www.orto24.lt\/en\/produktas\/select-talostabil-plus-ankle-splint\/\",\"name\":\"Select\u00ae TaloStabil\u00ae Plus Ankle Splint - Ortopedini\u0173 preki\u0173 parduotuv\u0117 - orto24.lt\",\"isPartOf\":{\"@id\":\"https:\/\/www.orto24.lt\/en\/#website\"},\"primaryImageOfPage\":{\"@id\":\"https:\/\/www.orto24.lt\/en\/produktas\/select-talostabil-plus-ankle-splint\/#primaryimage\"},\"image\":{\"@id\":\"https:\/\/www.orto24.lt\/en\/produktas\/select-talostabil-plus-ankle-splint\/#primaryimage\"},\"thumbnailUrl\":\"https:\/\/www.orto24.lt\/wp-content\/uploads\/2016\/03\/054100_silber.jpg\",\"datePublished\":\"2016-03-09T09:33:03+00:00\",\"breadcrumb\":{\"@id\":\"https:\/\/www.orto24.lt\/en\/produktas\/select-talostabil-plus-ankle-splint\/#breadcrumb\"},\"inLanguage\":\"en-US\",\"potentialAction\":[{\"@type\":\"ReadAction\",\"target\":[\"https:\/\/www.orto24.lt\/en\/produktas\/select-talostabil-plus-ankle-splint\/\"]}]},{\"@type\":\"ImageObject\",\"inLanguage\":\"en-US\",\"@id\":\"https:\/\/www.orto24.lt\/en\/produktas\/select-talostabil-plus-ankle-splint\/#primaryimage\",\"url\":\"https:\/\/www.orto24.lt\/wp-content\/uploads\/2016\/03\/054100_silber.jpg\",\"contentUrl\":\"https:\/\/www.orto24.lt\/wp-content\/uploads\/2016\/03\/054100_silber.jpg\",\"width\":1181,\"height\":1181,\"caption\":\"Select\u00ae TaloStabil\u00ae Plus Ankle Splint\"},{\"@type\":\"BreadcrumbList\",\"@id\":\"https:\/\/www.orto24.lt\/en\/produktas\/select-talostabil-plus-ankle-splint\/#breadcrumb\",\"itemListElement\":[{\"@type\":\"ListItem\",\"position\":1,\"name\":\"Home\",\"item\":\"https:\/\/www.orto24.lt\/en\/\"},{\"@type\":\"ListItem\",\"position\":2,\"name\":\"Shop\",\"item\":\"https:\/\/www.orto24.lt\/en\/shop\/\"},{\"@type\":\"ListItem\",\"position\":3,\"name\":\"Select\u00ae TaloStabil\u00ae Plus Ankle Splint\"}]},{\"@type\":\"WebSite\",\"@id\":\"https:\/\/www.orto24.lt\/en\/#website\",\"url\":\"https:\/\/www.orto24.lt\/en\/\",\"name\":\"Ortopedini\u0173 preki\u0173 parduotuv\u0117 - orto24.lt\",\"description\":\"| orto24.lt\",\"potentialAction\":[{\"@type\":\"SearchAction\",\"target\":{\"@type\":\"EntryPoint\",\"urlTemplate\":\"https:\/\/www.orto24.lt\/en\/?s={search_term_string}\"},\"query-input\":{\"@type\":\"PropertyValueSpecification\",\"valueRequired\":true,\"valueName\":\"search_term_string\"}}],\"inLanguage\":\"en-US\"}]}<\/script>\n<!-- \/ Yoast SEO plugin. -->","yoast_head_json":{"title":"Select\u00ae TaloStabil\u00ae Plus Ankle Splint - Ortopedini\u0173 preki\u0173 parduotuv\u0117 - orto24.lt","robots":{"index":"index","follow":"follow","max-snippet":"max-snippet:-1","max-image-preview":"max-image-preview:large","max-video-preview":"max-video-preview:-1"},"canonical":"https:\/\/www.orto24.lt\/en\/produktas\/select-talostabil-plus-ankle-splint\/","og_locale":"en_US","og_type":"article","og_title":"Select\u00ae TaloStabil\u00ae Plus Ankle Splint - Ortopedini\u0173 preki\u0173 parduotuv\u0117 - orto24.lt","og_description":"The anatomically moulded knitted splint with silicone caps optimally cushions and strengthens the ankle joint.","og_url":"https:\/\/www.orto24.lt\/en\/produktas\/select-talostabil-plus-ankle-splint\/","og_site_name":"Ortopedini\u0173 preki\u0173 parduotuv\u0117 - orto24.lt","article_publisher":"https:\/\/www.facebook.com\/mtsprendimai\/","og_image":[{"width":1181,"height":1181,"url":"https:\/\/www.orto24.lt\/wp-content\/uploads\/2016\/03\/054100_silber.jpg","type":"image\/jpeg"}],"twitter_card":"summary_large_image","twitter_misc":{"Est. reading time":"2 minutes"},"schema":{"@context":"https:\/\/schema.org","@graph":[{"@type":"WebPage","@id":"https:\/\/www.orto24.lt\/en\/produktas\/select-talostabil-plus-ankle-splint\/","url":"https:\/\/www.orto24.lt\/en\/produktas\/select-talostabil-plus-ankle-splint\/","name":"Select\u00ae TaloStabil\u00ae Plus Ankle Splint - Ortopedini\u0173 preki\u0173 parduotuv\u0117 - orto24.lt","isPartOf":{"@id":"https:\/\/www.orto24.lt\/en\/#website"},"primaryImageOfPage":{"@id":"https:\/\/www.orto24.lt\/en\/produktas\/select-talostabil-plus-ankle-splint\/#primaryimage"},"image":{"@id":"https:\/\/www.orto24.lt\/en\/produktas\/select-talostabil-plus-ankle-splint\/#primaryimage"},"thumbnailUrl":"https:\/\/www.orto24.lt\/wp-content\/uploads\/2016\/03\/054100_silber.jpg","datePublished":"2016-03-09T09:33:03+00:00","breadcrumb":{"@id":"https:\/\/www.orto24.lt\/en\/produktas\/select-talostabil-plus-ankle-splint\/#breadcrumb"},"inLanguage":"en-US","potentialAction":[{"@type":"ReadAction","target":["https:\/\/www.orto24.lt\/en\/produktas\/select-talostabil-plus-ankle-splint\/"]}]},{"@type":"ImageObject","inLanguage":"en-US","@id":"https:\/\/www.orto24.lt\/en\/produktas\/select-talostabil-plus-ankle-splint\/#primaryimage","url":"https:\/\/www.orto24.lt\/wp-content\/uploads\/2016\/03\/054100_silber.jpg","contentUrl":"https:\/\/www.orto24.lt\/wp-content\/uploads\/2016\/03\/054100_silber.jpg","width":1181,"height":1181,"caption":"Select\u00ae TaloStabil\u00ae Plus Ankle Splint"},{"@type":"BreadcrumbList","@id":"https:\/\/www.orto24.lt\/en\/produktas\/select-talostabil-plus-ankle-splint\/#breadcrumb","itemListElement":[{"@type":"ListItem","position":1,"name":"Home","item":"https:\/\/www.orto24.lt\/en\/"},{"@type":"ListItem","position":2,"name":"Shop","item":"https:\/\/www.orto24.lt\/en\/shop\/"},{"@type":"ListItem","position":3,"name":"Select\u00ae TaloStabil\u00ae Plus Ankle Splint"}]},{"@type":"WebSite","@id":"https:\/\/www.orto24.lt\/en\/#website","url":"https:\/\/www.orto24.lt\/en\/","name":"Ortopedini\u0173 preki\u0173 parduotuv\u0117 - orto24.lt","description":"| orto24.lt","potentialAction":[{"@type":"SearchAction","target":{"@type":"EntryPoint","urlTemplate":"https:\/\/www.orto24.lt\/en\/?s={search_term_string}"},"query-input":{"@type":"PropertyValueSpecification","valueRequired":true,"valueName":"search_term_string"}}],"inLanguage":"en-US"}]}},"_links":{"self":[{"href":"https:\/\/www.orto24.lt\/en\/wp-json\/wp\/v2\/product\/29991","targetHints":{"allow":["GET"]}}],"collection":[{"href":"https:\/\/www.orto24.lt\/en\/wp-json\/wp\/v2\/product"}],"about":[{"href":"https:\/\/www.orto24.lt\/en\/wp-json\/wp\/v2\/types\/product"}],"replies":[{"embeddable":true,"href":"https:\/\/www.orto24.lt\/en\/wp-json\/wp\/v2\/comments?post=29991"}],"version-history":[{"count":0,"href":"https:\/\/www.orto24.lt\/en\/wp-json\/wp\/v2\/product\/29991\/revisions"}],"wp:featuredmedia":[{"embeddable":true,"href":"https:\/\/www.orto24.lt\/en\/wp-json\/wp\/v2\/media\/29998"}],"wp:attachment":[{"href":"https:\/\/www.orto24.lt\/en\/wp-json\/wp\/v2\/media?parent=29991"}],"wp:term":[{"taxonomy":"product_brand","embeddable":true,"href":"https:\/\/www.orto24.lt\/en\/wp-json\/wp\/v2\/product_brand?post=29991"},{"taxonomy":"product_cat","embeddable":true,"href":"https:\/\/www.orto24.lt\/en\/wp-json\/wp\/v2\/product_cat?post=29991"},{"taxonomy":"product_tag","embeddable":true,"href":"https:\/\/www.orto24.lt\/en\/wp-json\/wp\/v2\/product_tag?post=29991"}],"curies":[{"name":"wp","href":"https:\/\/api.w.org\/{rel}","templated":true}]}}