{"id":30000,"date":"2016-03-07T18:05:08","date_gmt":"2016-03-07T18:05:08","guid":{"rendered":"https:\/\/www.orto24.lt\/produktas\/bort-elbow-strap-for-epicondylitis-with-buckle\/"},"modified":"2016-03-07T18:05:08","modified_gmt":"2016-03-07T18:05:08","slug":"bort-elbow-strap-for-epicondylitis-with-buckle","status":"publish","type":"product","link":"https:\/\/www.orto24.lt\/en\/produktas\/bort-elbow-strap-for-epicondylitis-with-buckle\/","title":{"rendered":"Bort elbow strap for epicondylitis with buckle"},"content":{"rendered":"<p>The elbow band for epicondylitis is made of plastic material with an elastic band for individual adjustment. Inside the elbow strip for epicondylitis, moulded pads are inserted to provide the necessary pressure. Easily adjustable elastic and fastening parts. The epicondylitis elbow strap correctly locks the tendon attachment to the outer humeral condyle, thus reducing pain during movement. Recommended for outdoor tennis players, golfers and massage therapists.    <\/p>\n<p><strong>Recommended<\/strong>:<\/p>\n<ul>\n<li>Epicondylitis;<\/li>\n<li>Tendon and ligament sprains;<\/li>\n<li>Inflammation of the elbow joint and surrounding tissues;<\/li>\n<li>Bursitas;<\/li>\n<li>Pain during work or sport (tennis\/golf player&#8217;s elbow).<\/li>\n<\/ul>\n<p><strong>Indications<\/strong>:<\/p>\n<ul>\n<li>Peripheral circulatory disorders;<\/li>\n<li>Lymphatic disorders;<\/li>\n<li>Reduced tissue sensitivity;<\/li>\n<li>Local skin diseases;<\/li>\n<li>Increased sensitivity to raw material components.<\/li>\n<\/ul>\n<p>&nbsp;<\/p>\n<p><strong>Further instructions<\/strong>:<br \/>\nIt is not recommended to wear the splint at night to avoid impaired blood circulation. Unless your doctor prescribes the elbow brace for epicondylitis to be worn for longer periods of time. In case of numbness, it is recommended to remove the epicondylitis elbow band as soon as possible. The use of creams and ointments is not recommended when using the epicondylitis elbow band, as they may damage the material of the band. The epicondylitis elbow band shall be washed with soap and water, then drained and allowed to dry.    <\/p>\n<p>&nbsp;<\/p>\n","protected":false},"excerpt":{"rendered":"<p>The elbow band for epicondylitis is made of plastic material with an elastic band for individual adjustment.<\/p>\n[caption id=\"attachment_5184\" align=\"alignnone\" width=\"298\"]<img decoding=\"async\" class=\"wp-image-5184 size-full\" src=\"https:\/\/www.orto24.lt\/wp-content\/uploads\/2016\/02\/BORT_Logo_De.png\" alt=\"\" width=\"298\" height=\"89\" srcset=\"https:\/\/www.orto24.lt\/wp-content\/uploads\/2016\/02\/BORT_Logo_De.png 298w, https:\/\/www.orto24.lt\/wp-content\/uploads\/2016\/02\/BORT_Logo_De-150x45.png 150w, https:\/\/www.orto24.lt\/wp-content\/uploads\/2016\/02\/BORT_Logo_De-24x7.png 24w, https:\/\/www.orto24.lt\/wp-content\/uploads\/2016\/02\/BORT_Logo_De-36x11.png 36w, https:\/\/www.orto24.lt\/wp-content\/uploads\/2016\/02\/BORT_Logo_De-48x14.png 48w\" sizes=\"(max-width: 298px) 100vw, 298px\" \/>  Made in Germany[\/caption]\n","protected":false},"featured_media":30008,"comment_status":"open","ping_status":"closed","template":"","meta":[],"product_brand":[],"product_cat":[1101,1197],"product_tag":[1129,1267,1245,1196,1186,1132,1102,1187,1195,1269,1191,1268,1247,1246],"class_list":{"0":"post-30000","1":"product","2":"type-product","3":"status-publish","4":"has-post-thumbnail","6":"product_cat-braces","7":"product_cat-elbow-splints","8":"product_tag-bort","9":"product_tag-elbow","10":"product_tag-epicondylitis","11":"product_tag-for-elbow","12":"product_tag-injury-prevention","13":"product_tag-orthopaedics","14":"product_tag-splint","15":"product_tag-sprain","16":"product_tag-sprain-of-ligaments","17":"product_tag-strip","18":"product_tag-tendon-sprain","19":"product_tag-tennis","20":"product_tag-tennis-elbow","21":"product_tag-tennis-players-ribbon","23":"first","24":"instock","25":"taxable","26":"shipping-taxable","27":"purchasable","28":"product-type-variable"},"yoast_head":"<!-- This site is optimized with the Yoast SEO plugin v26.0 - https:\/\/yoast.com\/wordpress\/plugins\/seo\/ -->\n<title>Bort elbow strap for epicondylitis with buckle - Ortopedini\u0173 preki\u0173 parduotuv\u0117 - orto24.lt<\/title>\n<meta name=\"robots\" content=\"index, follow, max-snippet:-1, max-image-preview:large, max-video-preview:-1\" \/>\n<link rel=\"canonical\" href=\"https:\/\/www.orto24.lt\/en\/produktas\/bort-elbow-strap-for-epicondylitis-with-buckle\/\" \/>\n<meta property=\"og:locale\" content=\"en_US\" \/>\n<meta property=\"og:type\" content=\"article\" \/>\n<meta property=\"og:title\" content=\"Bort elbow strap for epicondylitis with buckle - Ortopedini\u0173 preki\u0173 parduotuv\u0117 - orto24.lt\" \/>\n<meta property=\"og:description\" content=\"The elbow band for epicondylitis is made of plastic material with an elastic band for individual adjustment.\" \/>\n<meta property=\"og:url\" content=\"https:\/\/www.orto24.lt\/en\/produktas\/bort-elbow-strap-for-epicondylitis-with-buckle\/\" \/>\n<meta property=\"og:site_name\" content=\"Ortopedini\u0173 preki\u0173 parduotuv\u0117 - orto24.lt\" \/>\n<meta property=\"article:publisher\" content=\"https:\/\/www.facebook.com\/mtsprendimai\/\" \/>\n<meta property=\"og:image\" content=\"https:\/\/www.orto24.lt\/wp-content\/uploads\/2016\/03\/122580.jpg\" \/>\n\t<meta property=\"og:image:width\" content=\"1181\" \/>\n\t<meta property=\"og:image:height\" content=\"1181\" \/>\n\t<meta property=\"og:image:type\" content=\"image\/jpeg\" \/>\n<meta name=\"twitter:card\" content=\"summary_large_image\" \/>\n<meta name=\"twitter:label1\" content=\"Est. reading time\" \/>\n\t<meta name=\"twitter:data1\" content=\"1 minute\" \/>\n<script type=\"application\/ld+json\" class=\"yoast-schema-graph\">{\"@context\":\"https:\/\/schema.org\",\"@graph\":[{\"@type\":\"WebPage\",\"@id\":\"https:\/\/www.orto24.lt\/en\/produktas\/bort-elbow-strap-for-epicondylitis-with-buckle\/\",\"url\":\"https:\/\/www.orto24.lt\/en\/produktas\/bort-elbow-strap-for-epicondylitis-with-buckle\/\",\"name\":\"Bort elbow strap for epicondylitis with buckle - Ortopedini\u0173 preki\u0173 parduotuv\u0117 - orto24.lt\",\"isPartOf\":{\"@id\":\"https:\/\/www.orto24.lt\/en\/#website\"},\"primaryImageOfPage\":{\"@id\":\"https:\/\/www.orto24.lt\/en\/produktas\/bort-elbow-strap-for-epicondylitis-with-buckle\/#primaryimage\"},\"image\":{\"@id\":\"https:\/\/www.orto24.lt\/en\/produktas\/bort-elbow-strap-for-epicondylitis-with-buckle\/#primaryimage\"},\"thumbnailUrl\":\"https:\/\/www.orto24.lt\/wp-content\/uploads\/2016\/03\/122580.jpg\",\"datePublished\":\"2016-03-07T18:05:08+00:00\",\"breadcrumb\":{\"@id\":\"https:\/\/www.orto24.lt\/en\/produktas\/bort-elbow-strap-for-epicondylitis-with-buckle\/#breadcrumb\"},\"inLanguage\":\"en-US\",\"potentialAction\":[{\"@type\":\"ReadAction\",\"target\":[\"https:\/\/www.orto24.lt\/en\/produktas\/bort-elbow-strap-for-epicondylitis-with-buckle\/\"]}]},{\"@type\":\"ImageObject\",\"inLanguage\":\"en-US\",\"@id\":\"https:\/\/www.orto24.lt\/en\/produktas\/bort-elbow-strap-for-epicondylitis-with-buckle\/#primaryimage\",\"url\":\"https:\/\/www.orto24.lt\/wp-content\/uploads\/2016\/03\/122580.jpg\",\"contentUrl\":\"https:\/\/www.orto24.lt\/wp-content\/uploads\/2016\/03\/122580.jpg\",\"width\":1181,\"height\":1181,\"caption\":\"Bort elbow strap for epicondylitis with buckle\"},{\"@type\":\"BreadcrumbList\",\"@id\":\"https:\/\/www.orto24.lt\/en\/produktas\/bort-elbow-strap-for-epicondylitis-with-buckle\/#breadcrumb\",\"itemListElement\":[{\"@type\":\"ListItem\",\"position\":1,\"name\":\"Home\",\"item\":\"https:\/\/www.orto24.lt\/en\/\"},{\"@type\":\"ListItem\",\"position\":2,\"name\":\"Shop\",\"item\":\"https:\/\/www.orto24.lt\/en\/shop\/\"},{\"@type\":\"ListItem\",\"position\":3,\"name\":\"Bort elbow strap for epicondylitis with buckle\"}]},{\"@type\":\"WebSite\",\"@id\":\"https:\/\/www.orto24.lt\/en\/#website\",\"url\":\"https:\/\/www.orto24.lt\/en\/\",\"name\":\"Ortopedini\u0173 preki\u0173 parduotuv\u0117 - orto24.lt\",\"description\":\"| orto24.lt\",\"potentialAction\":[{\"@type\":\"SearchAction\",\"target\":{\"@type\":\"EntryPoint\",\"urlTemplate\":\"https:\/\/www.orto24.lt\/en\/?s={search_term_string}\"},\"query-input\":{\"@type\":\"PropertyValueSpecification\",\"valueRequired\":true,\"valueName\":\"search_term_string\"}}],\"inLanguage\":\"en-US\"}]}<\/script>\n<!-- \/ Yoast SEO plugin. -->","yoast_head_json":{"title":"Bort elbow strap for epicondylitis with buckle - Ortopedini\u0173 preki\u0173 parduotuv\u0117 - orto24.lt","robots":{"index":"index","follow":"follow","max-snippet":"max-snippet:-1","max-image-preview":"max-image-preview:large","max-video-preview":"max-video-preview:-1"},"canonical":"https:\/\/www.orto24.lt\/en\/produktas\/bort-elbow-strap-for-epicondylitis-with-buckle\/","og_locale":"en_US","og_type":"article","og_title":"Bort elbow strap for epicondylitis with buckle - Ortopedini\u0173 preki\u0173 parduotuv\u0117 - orto24.lt","og_description":"The elbow band for epicondylitis is made of plastic material with an elastic band for individual adjustment.","og_url":"https:\/\/www.orto24.lt\/en\/produktas\/bort-elbow-strap-for-epicondylitis-with-buckle\/","og_site_name":"Ortopedini\u0173 preki\u0173 parduotuv\u0117 - orto24.lt","article_publisher":"https:\/\/www.facebook.com\/mtsprendimai\/","og_image":[{"width":1181,"height":1181,"url":"https:\/\/www.orto24.lt\/wp-content\/uploads\/2016\/03\/122580.jpg","type":"image\/jpeg"}],"twitter_card":"summary_large_image","twitter_misc":{"Est. reading time":"1 minute"},"schema":{"@context":"https:\/\/schema.org","@graph":[{"@type":"WebPage","@id":"https:\/\/www.orto24.lt\/en\/produktas\/bort-elbow-strap-for-epicondylitis-with-buckle\/","url":"https:\/\/www.orto24.lt\/en\/produktas\/bort-elbow-strap-for-epicondylitis-with-buckle\/","name":"Bort elbow strap for epicondylitis with buckle - Ortopedini\u0173 preki\u0173 parduotuv\u0117 - orto24.lt","isPartOf":{"@id":"https:\/\/www.orto24.lt\/en\/#website"},"primaryImageOfPage":{"@id":"https:\/\/www.orto24.lt\/en\/produktas\/bort-elbow-strap-for-epicondylitis-with-buckle\/#primaryimage"},"image":{"@id":"https:\/\/www.orto24.lt\/en\/produktas\/bort-elbow-strap-for-epicondylitis-with-buckle\/#primaryimage"},"thumbnailUrl":"https:\/\/www.orto24.lt\/wp-content\/uploads\/2016\/03\/122580.jpg","datePublished":"2016-03-07T18:05:08+00:00","breadcrumb":{"@id":"https:\/\/www.orto24.lt\/en\/produktas\/bort-elbow-strap-for-epicondylitis-with-buckle\/#breadcrumb"},"inLanguage":"en-US","potentialAction":[{"@type":"ReadAction","target":["https:\/\/www.orto24.lt\/en\/produktas\/bort-elbow-strap-for-epicondylitis-with-buckle\/"]}]},{"@type":"ImageObject","inLanguage":"en-US","@id":"https:\/\/www.orto24.lt\/en\/produktas\/bort-elbow-strap-for-epicondylitis-with-buckle\/#primaryimage","url":"https:\/\/www.orto24.lt\/wp-content\/uploads\/2016\/03\/122580.jpg","contentUrl":"https:\/\/www.orto24.lt\/wp-content\/uploads\/2016\/03\/122580.jpg","width":1181,"height":1181,"caption":"Bort elbow strap for epicondylitis with buckle"},{"@type":"BreadcrumbList","@id":"https:\/\/www.orto24.lt\/en\/produktas\/bort-elbow-strap-for-epicondylitis-with-buckle\/#breadcrumb","itemListElement":[{"@type":"ListItem","position":1,"name":"Home","item":"https:\/\/www.orto24.lt\/en\/"},{"@type":"ListItem","position":2,"name":"Shop","item":"https:\/\/www.orto24.lt\/en\/shop\/"},{"@type":"ListItem","position":3,"name":"Bort elbow strap for epicondylitis with buckle"}]},{"@type":"WebSite","@id":"https:\/\/www.orto24.lt\/en\/#website","url":"https:\/\/www.orto24.lt\/en\/","name":"Ortopedini\u0173 preki\u0173 parduotuv\u0117 - orto24.lt","description":"| orto24.lt","potentialAction":[{"@type":"SearchAction","target":{"@type":"EntryPoint","urlTemplate":"https:\/\/www.orto24.lt\/en\/?s={search_term_string}"},"query-input":{"@type":"PropertyValueSpecification","valueRequired":true,"valueName":"search_term_string"}}],"inLanguage":"en-US"}]}},"_links":{"self":[{"href":"https:\/\/www.orto24.lt\/en\/wp-json\/wp\/v2\/product\/30000","targetHints":{"allow":["GET"]}}],"collection":[{"href":"https:\/\/www.orto24.lt\/en\/wp-json\/wp\/v2\/product"}],"about":[{"href":"https:\/\/www.orto24.lt\/en\/wp-json\/wp\/v2\/types\/product"}],"replies":[{"embeddable":true,"href":"https:\/\/www.orto24.lt\/en\/wp-json\/wp\/v2\/comments?post=30000"}],"version-history":[{"count":0,"href":"https:\/\/www.orto24.lt\/en\/wp-json\/wp\/v2\/product\/30000\/revisions"}],"wp:featuredmedia":[{"embeddable":true,"href":"https:\/\/www.orto24.lt\/en\/wp-json\/wp\/v2\/media\/30008"}],"wp:attachment":[{"href":"https:\/\/www.orto24.lt\/en\/wp-json\/wp\/v2\/media?parent=30000"}],"wp:term":[{"taxonomy":"product_brand","embeddable":true,"href":"https:\/\/www.orto24.lt\/en\/wp-json\/wp\/v2\/product_brand?post=30000"},{"taxonomy":"product_cat","embeddable":true,"href":"https:\/\/www.orto24.lt\/en\/wp-json\/wp\/v2\/product_cat?post=30000"},{"taxonomy":"product_tag","embeddable":true,"href":"https:\/\/www.orto24.lt\/en\/wp-json\/wp\/v2\/product_tag?post=30000"}],"curies":[{"name":"wp","href":"https:\/\/api.w.org\/{rel}","templated":true}]}}