{"id":30009,"date":"2016-03-09T13:25:05","date_gmt":"2016-03-09T13:25:05","guid":{"rendered":"https:\/\/www.orto24.lt\/produktas\/wrist-splint-select-manuzip\/"},"modified":"2016-03-09T13:25:05","modified_gmt":"2016-03-09T13:25:05","slug":"wrist-splint-select-manuzip","status":"publish","type":"product","link":"https:\/\/www.orto24.lt\/en\/produktas\/wrist-splint-select-manuzip\/","title":{"rendered":"Wrist splint select\u00ae ManuZip\u00ae"},"content":{"rendered":"<p>A wrist splint is used after various injuries to bone, ligament and cartilage tissues. The splint is knitted using a special technology. A silicone pellet is used for the wrist splint to follow the anatomy of the wrist. The removable metal plate optimally reinforces the wrist joint while keeping the fingers free. This splint has a compressive effect and ensures the correct position of the wrist joint. An elastic Velcro strap is used for additional fixation.     <\/p>\n<p>&nbsp;<\/p>\n<p><strong>Recommendations:<\/strong><\/p>\n<ul>\n<li>Wrist fractures (after plaster cast);<\/li>\n<li>Inflammation of the forearm tendons;<\/li>\n<li>Carpal tunnel syndrome;<\/li>\n<li>Sprain of the wrist joint;<\/li>\n<li>Rheumatoid polyarthritis of the wrist;<\/li>\n<li>Deforming arthrosis;<\/li>\n<li>the post-operative period.<\/li>\n<\/ul>\n<p>&nbsp;<\/p>\n<p><strong>Contraindications<\/strong><\/p>\n<ul>\n<li>Peripheral circulatory disorders;<\/li>\n<li>Lymphatic disorders;<\/li>\n<li>Reduced tissue sensitivity;<\/li>\n<li>Local skin diseases;<\/li>\n<li>Increased sensitivity to raw material components.<\/li>\n<\/ul>\n<p>&nbsp;<\/p>\n<p><strong>Further instructions:<br \/>\n<\/strong><br \/>\n It is not recommended to wear the splint at night to avoid impaired blood circulation. Unless your doctor prescribes wearing the splint for a longer period of time.  It is recommended to remove the splint as soon as possible in case of numbness. It is not recommended to use creams and ointments when using the splint, as they can damage the splint material. The metal plate must be removed before washing. The splint is washed with soap and water, drained and left to dry.<\/p>\n<div id=\"attachment_5337\" style=\"width: 210px\" class=\"wp-caption alignnone\"><img decoding=\"async\" aria-describedby=\"caption-attachment-5337\" class=\"wp-image-5337 size-full\" src=\"https:\/\/www.orto24.lt\/wp-content\/uploads\/2016\/02\/riesas.jpg\" alt=\"riesas\" width=\"200\" height=\"129\" srcset=\"https:\/\/www.orto24.lt\/wp-content\/uploads\/2016\/02\/riesas.jpg 200w, https:\/\/www.orto24.lt\/wp-content\/uploads\/2016\/02\/riesas-150x97.jpg 150w, https:\/\/www.orto24.lt\/wp-content\/uploads\/2016\/02\/riesas-24x15.jpg 24w, https:\/\/www.orto24.lt\/wp-content\/uploads\/2016\/02\/riesas-36x23.jpg 36w, https:\/\/www.orto24.lt\/wp-content\/uploads\/2016\/02\/riesas-48x31.jpg 48w\" sizes=\"(max-width: 200px) 100vw, 200px\" \/><p id=\"caption-attachment-5337\" class=\"wp-caption-text\">For sizing, measure the specified area<\/p><\/div>\n<p><span style=\"color: #000000; font-family: 'Times New Roman'; font-size: 11px; line-height: normal; white-space: pre-wrap;\"> <\/span><\/p>\n","protected":false},"excerpt":{"rendered":"<p>A wrist splint is used after various injuries to bone, ligament and cartilage tissues.<\/p>\n[caption id=\"attachment_5184\" align=\"alignnone\" width=\"298\"]<img decoding=\"async\" class=\"wp-image-5184 size-full\" src=\"https:\/\/www.orto24.lt\/wp-content\/uploads\/2016\/02\/BORT_Logo_De.png\" alt=\"\" width=\"298\" height=\"89\" srcset=\"https:\/\/www.orto24.lt\/wp-content\/uploads\/2016\/02\/BORT_Logo_De.png 298w, https:\/\/www.orto24.lt\/wp-content\/uploads\/2016\/02\/BORT_Logo_De-150x45.png 150w, https:\/\/www.orto24.lt\/wp-content\/uploads\/2016\/02\/BORT_Logo_De-24x7.png 24w, https:\/\/www.orto24.lt\/wp-content\/uploads\/2016\/02\/BORT_Logo_De-36x11.png 36w, https:\/\/www.orto24.lt\/wp-content\/uploads\/2016\/02\/BORT_Logo_De-48x14.png 48w\" sizes=\"(max-width: 298px) 100vw, 298px\" \/>  Made in Germany[\/caption]\n","protected":false},"featured_media":30012,"comment_status":"open","ping_status":"closed","template":"","meta":[],"product_brand":[],"product_cat":[1101,1109],"product_tag":[1108,1209,1129,1256,1132,1243,1102,1258,1229,1255],"class_list":{"0":"post-30009","1":"product","2":"type-product","3":"status-publish","4":"has-post-thumbnail","6":"product_cat-braces","7":"product_cat-wrist-and-finger-splints","8":"product_tag-address","9":"product_tag-arthrosis","10":"product_tag-bort","11":"product_tag-for-the-joint","12":"product_tag-orthopaedics","13":"product_tag-reinforce","14":"product_tag-splint","15":"product_tag-sport","16":"product_tag-sweater","17":"product_tag-wrist-forearm","19":"first","20":"instock","21":"taxable","22":"shipping-taxable","23":"purchasable","24":"product-type-variable"},"yoast_head":"<!-- This site is optimized with the Yoast SEO plugin v26.0 - https:\/\/yoast.com\/wordpress\/plugins\/seo\/ -->\n<title>Wrist splint select\u00ae ManuZip\u00ae - Ortopedini\u0173 preki\u0173 parduotuv\u0117 - orto24.lt<\/title>\n<meta name=\"robots\" content=\"index, follow, max-snippet:-1, max-image-preview:large, max-video-preview:-1\" \/>\n<link rel=\"canonical\" href=\"https:\/\/www.orto24.lt\/en\/produktas\/wrist-splint-select-manuzip\/\" \/>\n<meta property=\"og:locale\" content=\"en_US\" \/>\n<meta property=\"og:type\" content=\"article\" \/>\n<meta property=\"og:title\" content=\"Wrist splint select\u00ae ManuZip\u00ae - Ortopedini\u0173 preki\u0173 parduotuv\u0117 - orto24.lt\" \/>\n<meta property=\"og:description\" content=\"A wrist splint is used after various injuries to bone, ligament and cartilage tissues.\" \/>\n<meta property=\"og:url\" content=\"https:\/\/www.orto24.lt\/en\/produktas\/wrist-splint-select-manuzip\/\" \/>\n<meta property=\"og:site_name\" content=\"Ortopedini\u0173 preki\u0173 parduotuv\u0117 - orto24.lt\" \/>\n<meta property=\"article:publisher\" content=\"https:\/\/www.facebook.com\/mtsprendimai\/\" \/>\n<meta property=\"og:image\" content=\"https:\/\/www.orto24.lt\/wp-content\/uploads\/2016\/03\/112220_silber.jpg\" \/>\n\t<meta property=\"og:image:width\" content=\"1181\" \/>\n\t<meta property=\"og:image:height\" content=\"1181\" \/>\n\t<meta property=\"og:image:type\" content=\"image\/jpeg\" \/>\n<meta name=\"twitter:card\" content=\"summary_large_image\" \/>\n<meta name=\"twitter:label1\" content=\"Est. reading time\" \/>\n\t<meta name=\"twitter:data1\" content=\"1 minute\" \/>\n<script type=\"application\/ld+json\" class=\"yoast-schema-graph\">{\"@context\":\"https:\/\/schema.org\",\"@graph\":[{\"@type\":\"WebPage\",\"@id\":\"https:\/\/www.orto24.lt\/en\/produktas\/wrist-splint-select-manuzip\/\",\"url\":\"https:\/\/www.orto24.lt\/en\/produktas\/wrist-splint-select-manuzip\/\",\"name\":\"Wrist splint select\u00ae ManuZip\u00ae - Ortopedini\u0173 preki\u0173 parduotuv\u0117 - orto24.lt\",\"isPartOf\":{\"@id\":\"https:\/\/www.orto24.lt\/en\/#website\"},\"primaryImageOfPage\":{\"@id\":\"https:\/\/www.orto24.lt\/en\/produktas\/wrist-splint-select-manuzip\/#primaryimage\"},\"image\":{\"@id\":\"https:\/\/www.orto24.lt\/en\/produktas\/wrist-splint-select-manuzip\/#primaryimage\"},\"thumbnailUrl\":\"https:\/\/www.orto24.lt\/wp-content\/uploads\/2016\/03\/112220_silber.jpg\",\"datePublished\":\"2016-03-09T13:25:05+00:00\",\"breadcrumb\":{\"@id\":\"https:\/\/www.orto24.lt\/en\/produktas\/wrist-splint-select-manuzip\/#breadcrumb\"},\"inLanguage\":\"en-US\",\"potentialAction\":[{\"@type\":\"ReadAction\",\"target\":[\"https:\/\/www.orto24.lt\/en\/produktas\/wrist-splint-select-manuzip\/\"]}]},{\"@type\":\"ImageObject\",\"inLanguage\":\"en-US\",\"@id\":\"https:\/\/www.orto24.lt\/en\/produktas\/wrist-splint-select-manuzip\/#primaryimage\",\"url\":\"https:\/\/www.orto24.lt\/wp-content\/uploads\/2016\/03\/112220_silber.jpg\",\"contentUrl\":\"https:\/\/www.orto24.lt\/wp-content\/uploads\/2016\/03\/112220_silber.jpg\",\"width\":1181,\"height\":1181,\"caption\":\"Wrist splint select\u00ae ManuZip\u00ae\"},{\"@type\":\"BreadcrumbList\",\"@id\":\"https:\/\/www.orto24.lt\/en\/produktas\/wrist-splint-select-manuzip\/#breadcrumb\",\"itemListElement\":[{\"@type\":\"ListItem\",\"position\":1,\"name\":\"Home\",\"item\":\"https:\/\/www.orto24.lt\/en\/\"},{\"@type\":\"ListItem\",\"position\":2,\"name\":\"Shop\",\"item\":\"https:\/\/www.orto24.lt\/en\/shop\/\"},{\"@type\":\"ListItem\",\"position\":3,\"name\":\"Wrist splint select\u00ae ManuZip\u00ae\"}]},{\"@type\":\"WebSite\",\"@id\":\"https:\/\/www.orto24.lt\/en\/#website\",\"url\":\"https:\/\/www.orto24.lt\/en\/\",\"name\":\"Ortopedini\u0173 preki\u0173 parduotuv\u0117 - orto24.lt\",\"description\":\"| orto24.lt\",\"potentialAction\":[{\"@type\":\"SearchAction\",\"target\":{\"@type\":\"EntryPoint\",\"urlTemplate\":\"https:\/\/www.orto24.lt\/en\/?s={search_term_string}\"},\"query-input\":{\"@type\":\"PropertyValueSpecification\",\"valueRequired\":true,\"valueName\":\"search_term_string\"}}],\"inLanguage\":\"en-US\"}]}<\/script>\n<!-- \/ Yoast SEO plugin. -->","yoast_head_json":{"title":"Wrist splint select\u00ae ManuZip\u00ae - Ortopedini\u0173 preki\u0173 parduotuv\u0117 - orto24.lt","robots":{"index":"index","follow":"follow","max-snippet":"max-snippet:-1","max-image-preview":"max-image-preview:large","max-video-preview":"max-video-preview:-1"},"canonical":"https:\/\/www.orto24.lt\/en\/produktas\/wrist-splint-select-manuzip\/","og_locale":"en_US","og_type":"article","og_title":"Wrist splint select\u00ae ManuZip\u00ae - Ortopedini\u0173 preki\u0173 parduotuv\u0117 - orto24.lt","og_description":"A wrist splint is used after various injuries to bone, ligament and cartilage tissues.","og_url":"https:\/\/www.orto24.lt\/en\/produktas\/wrist-splint-select-manuzip\/","og_site_name":"Ortopedini\u0173 preki\u0173 parduotuv\u0117 - orto24.lt","article_publisher":"https:\/\/www.facebook.com\/mtsprendimai\/","og_image":[{"width":1181,"height":1181,"url":"https:\/\/www.orto24.lt\/wp-content\/uploads\/2016\/03\/112220_silber.jpg","type":"image\/jpeg"}],"twitter_card":"summary_large_image","twitter_misc":{"Est. reading time":"1 minute"},"schema":{"@context":"https:\/\/schema.org","@graph":[{"@type":"WebPage","@id":"https:\/\/www.orto24.lt\/en\/produktas\/wrist-splint-select-manuzip\/","url":"https:\/\/www.orto24.lt\/en\/produktas\/wrist-splint-select-manuzip\/","name":"Wrist splint select\u00ae ManuZip\u00ae - Ortopedini\u0173 preki\u0173 parduotuv\u0117 - orto24.lt","isPartOf":{"@id":"https:\/\/www.orto24.lt\/en\/#website"},"primaryImageOfPage":{"@id":"https:\/\/www.orto24.lt\/en\/produktas\/wrist-splint-select-manuzip\/#primaryimage"},"image":{"@id":"https:\/\/www.orto24.lt\/en\/produktas\/wrist-splint-select-manuzip\/#primaryimage"},"thumbnailUrl":"https:\/\/www.orto24.lt\/wp-content\/uploads\/2016\/03\/112220_silber.jpg","datePublished":"2016-03-09T13:25:05+00:00","breadcrumb":{"@id":"https:\/\/www.orto24.lt\/en\/produktas\/wrist-splint-select-manuzip\/#breadcrumb"},"inLanguage":"en-US","potentialAction":[{"@type":"ReadAction","target":["https:\/\/www.orto24.lt\/en\/produktas\/wrist-splint-select-manuzip\/"]}]},{"@type":"ImageObject","inLanguage":"en-US","@id":"https:\/\/www.orto24.lt\/en\/produktas\/wrist-splint-select-manuzip\/#primaryimage","url":"https:\/\/www.orto24.lt\/wp-content\/uploads\/2016\/03\/112220_silber.jpg","contentUrl":"https:\/\/www.orto24.lt\/wp-content\/uploads\/2016\/03\/112220_silber.jpg","width":1181,"height":1181,"caption":"Wrist splint select\u00ae ManuZip\u00ae"},{"@type":"BreadcrumbList","@id":"https:\/\/www.orto24.lt\/en\/produktas\/wrist-splint-select-manuzip\/#breadcrumb","itemListElement":[{"@type":"ListItem","position":1,"name":"Home","item":"https:\/\/www.orto24.lt\/en\/"},{"@type":"ListItem","position":2,"name":"Shop","item":"https:\/\/www.orto24.lt\/en\/shop\/"},{"@type":"ListItem","position":3,"name":"Wrist splint select\u00ae ManuZip\u00ae"}]},{"@type":"WebSite","@id":"https:\/\/www.orto24.lt\/en\/#website","url":"https:\/\/www.orto24.lt\/en\/","name":"Ortopedini\u0173 preki\u0173 parduotuv\u0117 - orto24.lt","description":"| orto24.lt","potentialAction":[{"@type":"SearchAction","target":{"@type":"EntryPoint","urlTemplate":"https:\/\/www.orto24.lt\/en\/?s={search_term_string}"},"query-input":{"@type":"PropertyValueSpecification","valueRequired":true,"valueName":"search_term_string"}}],"inLanguage":"en-US"}]}},"_links":{"self":[{"href":"https:\/\/www.orto24.lt\/en\/wp-json\/wp\/v2\/product\/30009","targetHints":{"allow":["GET"]}}],"collection":[{"href":"https:\/\/www.orto24.lt\/en\/wp-json\/wp\/v2\/product"}],"about":[{"href":"https:\/\/www.orto24.lt\/en\/wp-json\/wp\/v2\/types\/product"}],"replies":[{"embeddable":true,"href":"https:\/\/www.orto24.lt\/en\/wp-json\/wp\/v2\/comments?post=30009"}],"version-history":[{"count":0,"href":"https:\/\/www.orto24.lt\/en\/wp-json\/wp\/v2\/product\/30009\/revisions"}],"wp:featuredmedia":[{"embeddable":true,"href":"https:\/\/www.orto24.lt\/en\/wp-json\/wp\/v2\/media\/30012"}],"wp:attachment":[{"href":"https:\/\/www.orto24.lt\/en\/wp-json\/wp\/v2\/media?parent=30009"}],"wp:term":[{"taxonomy":"product_brand","embeddable":true,"href":"https:\/\/www.orto24.lt\/en\/wp-json\/wp\/v2\/product_brand?post=30009"},{"taxonomy":"product_cat","embeddable":true,"href":"https:\/\/www.orto24.lt\/en\/wp-json\/wp\/v2\/product_cat?post=30009"},{"taxonomy":"product_tag","embeddable":true,"href":"https:\/\/www.orto24.lt\/en\/wp-json\/wp\/v2\/product_tag?post=30009"}],"curies":[{"name":"wp","href":"https:\/\/api.w.org\/{rel}","templated":true}]}}