{"id":30020,"date":"2016-03-08T09:32:58","date_gmt":"2016-03-08T09:32:58","guid":{"rendered":"https:\/\/www.orto24.lt\/produktas\/bort-elbow-band-for-epicondylitis-with-2-pads\/"},"modified":"2016-03-08T09:32:58","modified_gmt":"2016-03-08T09:32:58","slug":"bort-elbow-band-for-epicondylitis-with-2-pads","status":"publish","type":"product","link":"https:\/\/www.orto24.lt\/en\/produktas\/bort-elbow-band-for-epicondylitis-with-2-pads\/","title":{"rendered":"Bort elbow band for epicondylitis with 2 pads"},"content":{"rendered":"<p>Elbow strap for epicondylitis with 2 cushions made of textile material with an elastic band for individual adjustment. Inside the brace, moulded silicone pads (universal for left and right arm, by changing the position of the silicone pads) are inserted to provide the necessary pressure. Easily adjustable elastic and fastening parts. The elbow strap for epicondylitis with 2 pads correctly locates the tendon attachment to the outer humeral condyle, thus reducing pain during movement. Recommended for outdoor tennis players, golfers, massage therapists.    <\/p>\n<p><strong>Recommended for<\/strong>:<br \/>\nEpicondylitis;<br \/>\nTendon and ligament sprains;<br \/>\nInflammation of the elbow joint and surrounding tissues;<br \/>\nBursitis;<br \/>\nPain during work or sport (tennis\/ golf elbow).<\/p>\n<p><strong>Contraindications<\/strong>:<br \/>\nPeripheral circulatory disorders;<br \/>\nLymphatic disorders;<br \/>\nTissue hypersensitivity;<br \/>\nLocal skin diseases;<br \/>\nHypersensitivity to raw material components.<\/p>\n<p><strong>Further instructions<\/strong>:<br \/>\nIt is not recommended to wear the splint at night to avoid impaired blood circulation. Unless your doctor prescribes wearing the splint for a longer period of time. In case of numbness, it is recommended to remove the splint as soon as possible.<br \/>\nCreams and ointments are not recommended to be used during the use of the splint, as they can damage the material of the splint. It is recommended to remove the silicone pad(s) before washing.    The splint is washed with soap and water, drained and left to dry.<\/p>\n<p>&nbsp;<\/p>\n","protected":false},"excerpt":{"rendered":"<p>Elbow strap for epicondylitis with 2 cushions made of textile material with an elastic band for individual adjustment. Inside the brace, moulded silicone pads (universal for left and right arm, by changing the position of the silicone pads) are inserted to provide the necessary pressure. <\/p>\n[caption id=\"attachment_5184\" align=\"alignnone\" width=\"298\"]<img decoding=\"async\" class=\"wp-image-5184 size-full\" src=\"https:\/\/www.orto24.lt\/wp-content\/uploads\/2016\/02\/BORT_Logo_De.png\" alt=\"\" width=\"298\" height=\"89\" srcset=\"https:\/\/www.orto24.lt\/wp-content\/uploads\/2016\/02\/BORT_Logo_De.png 298w, https:\/\/www.orto24.lt\/wp-content\/uploads\/2016\/02\/BORT_Logo_De-150x45.png 150w, https:\/\/www.orto24.lt\/wp-content\/uploads\/2016\/02\/BORT_Logo_De-24x7.png 24w, https:\/\/www.orto24.lt\/wp-content\/uploads\/2016\/02\/BORT_Logo_De-36x11.png 36w, https:\/\/www.orto24.lt\/wp-content\/uploads\/2016\/02\/BORT_Logo_De-48x14.png 48w\" sizes=\"(max-width: 298px) 100vw, 298px\" \/>  Made in Germany[\/caption]\n","protected":false},"featured_media":30024,"comment_status":"open","ping_status":"closed","template":"","meta":[],"product_brand":[],"product_cat":[1101,1197],"product_tag":[1129,1267,1245,1196,1186,1132,1102,1187,1195,1269,1191,1268,1247,1246],"class_list":{"0":"post-30020","1":"product","2":"type-product","3":"status-publish","4":"has-post-thumbnail","6":"product_cat-braces","7":"product_cat-elbow-splints","8":"product_tag-bort","9":"product_tag-elbow","10":"product_tag-epicondylitis","11":"product_tag-for-elbow","12":"product_tag-injury-prevention","13":"product_tag-orthopaedics","14":"product_tag-splint","15":"product_tag-sprain","16":"product_tag-sprain-of-ligaments","17":"product_tag-strip","18":"product_tag-tendon-sprain","19":"product_tag-tennis","20":"product_tag-tennis-elbow","21":"product_tag-tennis-players-ribbon","23":"first","24":"instock","25":"taxable","26":"shipping-taxable","27":"purchasable","28":"product-type-variable"},"yoast_head":"<!-- This site is optimized with the Yoast SEO plugin v26.0 - https:\/\/yoast.com\/wordpress\/plugins\/seo\/ -->\n<title>Bort elbow band for epicondylitis with 2 pads - Ortopedini\u0173 preki\u0173 parduotuv\u0117 - orto24.lt<\/title>\n<meta name=\"robots\" content=\"index, follow, max-snippet:-1, max-image-preview:large, max-video-preview:-1\" \/>\n<link rel=\"canonical\" href=\"https:\/\/www.orto24.lt\/en\/produktas\/bort-elbow-band-for-epicondylitis-with-2-pads\/\" \/>\n<meta property=\"og:locale\" content=\"en_US\" \/>\n<meta property=\"og:type\" content=\"article\" \/>\n<meta property=\"og:title\" content=\"Bort elbow band for epicondylitis with 2 pads - Ortopedini\u0173 preki\u0173 parduotuv\u0117 - orto24.lt\" \/>\n<meta property=\"og:description\" content=\"Elbow strap for epicondylitis with 2 cushions made of textile material with an elastic band for individual adjustment. Inside the brace, moulded silicone pads (universal for left and right arm, by changing the position of the silicone pads) are inserted to provide the necessary pressure.\" \/>\n<meta property=\"og:url\" content=\"https:\/\/www.orto24.lt\/en\/produktas\/bort-elbow-band-for-epicondylitis-with-2-pads\/\" \/>\n<meta property=\"og:site_name\" content=\"Ortopedini\u0173 preki\u0173 parduotuv\u0117 - orto24.lt\" \/>\n<meta property=\"article:publisher\" content=\"https:\/\/www.facebook.com\/mtsprendimai\/\" \/>\n<meta property=\"og:image\" content=\"https:\/\/www.orto24.lt\/wp-content\/uploads\/2016\/03\/bort-juostele-su-2-pagalvelemis-k\u016bno-sp.jpg\" \/>\n\t<meta property=\"og:image:width\" content=\"500\" \/>\n\t<meta property=\"og:image:height\" content=\"500\" \/>\n\t<meta property=\"og:image:type\" content=\"image\/jpeg\" \/>\n<meta name=\"twitter:card\" content=\"summary_large_image\" \/>\n<meta name=\"twitter:label1\" content=\"Est. reading time\" \/>\n\t<meta name=\"twitter:data1\" content=\"1 minute\" \/>\n<script type=\"application\/ld+json\" class=\"yoast-schema-graph\">{\"@context\":\"https:\/\/schema.org\",\"@graph\":[{\"@type\":\"WebPage\",\"@id\":\"https:\/\/www.orto24.lt\/en\/produktas\/bort-elbow-band-for-epicondylitis-with-2-pads\/\",\"url\":\"https:\/\/www.orto24.lt\/en\/produktas\/bort-elbow-band-for-epicondylitis-with-2-pads\/\",\"name\":\"Bort elbow band for epicondylitis with 2 pads - Ortopedini\u0173 preki\u0173 parduotuv\u0117 - orto24.lt\",\"isPartOf\":{\"@id\":\"https:\/\/www.orto24.lt\/en\/#website\"},\"primaryImageOfPage\":{\"@id\":\"https:\/\/www.orto24.lt\/en\/produktas\/bort-elbow-band-for-epicondylitis-with-2-pads\/#primaryimage\"},\"image\":{\"@id\":\"https:\/\/www.orto24.lt\/en\/produktas\/bort-elbow-band-for-epicondylitis-with-2-pads\/#primaryimage\"},\"thumbnailUrl\":\"https:\/\/www.orto24.lt\/wp-content\/uploads\/2016\/03\/bort-juostele-su-2-pagalvelemis-k\u016bno-sp.jpg\",\"datePublished\":\"2016-03-08T09:32:58+00:00\",\"breadcrumb\":{\"@id\":\"https:\/\/www.orto24.lt\/en\/produktas\/bort-elbow-band-for-epicondylitis-with-2-pads\/#breadcrumb\"},\"inLanguage\":\"en-US\",\"potentialAction\":[{\"@type\":\"ReadAction\",\"target\":[\"https:\/\/www.orto24.lt\/en\/produktas\/bort-elbow-band-for-epicondylitis-with-2-pads\/\"]}]},{\"@type\":\"ImageObject\",\"inLanguage\":\"en-US\",\"@id\":\"https:\/\/www.orto24.lt\/en\/produktas\/bort-elbow-band-for-epicondylitis-with-2-pads\/#primaryimage\",\"url\":\"https:\/\/www.orto24.lt\/wp-content\/uploads\/2016\/03\/bort-juostele-su-2-pagalvelemis-k\u016bno-sp.jpg\",\"contentUrl\":\"https:\/\/www.orto24.lt\/wp-content\/uploads\/2016\/03\/bort-juostele-su-2-pagalvelemis-k\u016bno-sp.jpg\",\"width\":500,\"height\":500,\"caption\":\"Bort elbow band for epicondylitis with 2 pads\"},{\"@type\":\"BreadcrumbList\",\"@id\":\"https:\/\/www.orto24.lt\/en\/produktas\/bort-elbow-band-for-epicondylitis-with-2-pads\/#breadcrumb\",\"itemListElement\":[{\"@type\":\"ListItem\",\"position\":1,\"name\":\"Home\",\"item\":\"https:\/\/www.orto24.lt\/en\/\"},{\"@type\":\"ListItem\",\"position\":2,\"name\":\"Shop\",\"item\":\"https:\/\/www.orto24.lt\/en\/shop\/\"},{\"@type\":\"ListItem\",\"position\":3,\"name\":\"Bort elbow band for epicondylitis with 2 pads\"}]},{\"@type\":\"WebSite\",\"@id\":\"https:\/\/www.orto24.lt\/en\/#website\",\"url\":\"https:\/\/www.orto24.lt\/en\/\",\"name\":\"Ortopedini\u0173 preki\u0173 parduotuv\u0117 - orto24.lt\",\"description\":\"| orto24.lt\",\"potentialAction\":[{\"@type\":\"SearchAction\",\"target\":{\"@type\":\"EntryPoint\",\"urlTemplate\":\"https:\/\/www.orto24.lt\/en\/?s={search_term_string}\"},\"query-input\":{\"@type\":\"PropertyValueSpecification\",\"valueRequired\":true,\"valueName\":\"search_term_string\"}}],\"inLanguage\":\"en-US\"}]}<\/script>\n<!-- \/ Yoast SEO plugin. -->","yoast_head_json":{"title":"Bort elbow band for epicondylitis with 2 pads - Ortopedini\u0173 preki\u0173 parduotuv\u0117 - orto24.lt","robots":{"index":"index","follow":"follow","max-snippet":"max-snippet:-1","max-image-preview":"max-image-preview:large","max-video-preview":"max-video-preview:-1"},"canonical":"https:\/\/www.orto24.lt\/en\/produktas\/bort-elbow-band-for-epicondylitis-with-2-pads\/","og_locale":"en_US","og_type":"article","og_title":"Bort elbow band for epicondylitis with 2 pads - Ortopedini\u0173 preki\u0173 parduotuv\u0117 - orto24.lt","og_description":"Elbow strap for epicondylitis with 2 cushions made of textile material with an elastic band for individual adjustment. Inside the brace, moulded silicone pads (universal for left and right arm, by changing the position of the silicone pads) are inserted to provide the necessary pressure.","og_url":"https:\/\/www.orto24.lt\/en\/produktas\/bort-elbow-band-for-epicondylitis-with-2-pads\/","og_site_name":"Ortopedini\u0173 preki\u0173 parduotuv\u0117 - orto24.lt","article_publisher":"https:\/\/www.facebook.com\/mtsprendimai\/","og_image":[{"width":500,"height":500,"url":"https:\/\/www.orto24.lt\/wp-content\/uploads\/2016\/03\/bort-juostele-su-2-pagalvelemis-k\u016bno-sp.jpg","type":"image\/jpeg"}],"twitter_card":"summary_large_image","twitter_misc":{"Est. reading time":"1 minute"},"schema":{"@context":"https:\/\/schema.org","@graph":[{"@type":"WebPage","@id":"https:\/\/www.orto24.lt\/en\/produktas\/bort-elbow-band-for-epicondylitis-with-2-pads\/","url":"https:\/\/www.orto24.lt\/en\/produktas\/bort-elbow-band-for-epicondylitis-with-2-pads\/","name":"Bort elbow band for epicondylitis with 2 pads - Ortopedini\u0173 preki\u0173 parduotuv\u0117 - orto24.lt","isPartOf":{"@id":"https:\/\/www.orto24.lt\/en\/#website"},"primaryImageOfPage":{"@id":"https:\/\/www.orto24.lt\/en\/produktas\/bort-elbow-band-for-epicondylitis-with-2-pads\/#primaryimage"},"image":{"@id":"https:\/\/www.orto24.lt\/en\/produktas\/bort-elbow-band-for-epicondylitis-with-2-pads\/#primaryimage"},"thumbnailUrl":"https:\/\/www.orto24.lt\/wp-content\/uploads\/2016\/03\/bort-juostele-su-2-pagalvelemis-k\u016bno-sp.jpg","datePublished":"2016-03-08T09:32:58+00:00","breadcrumb":{"@id":"https:\/\/www.orto24.lt\/en\/produktas\/bort-elbow-band-for-epicondylitis-with-2-pads\/#breadcrumb"},"inLanguage":"en-US","potentialAction":[{"@type":"ReadAction","target":["https:\/\/www.orto24.lt\/en\/produktas\/bort-elbow-band-for-epicondylitis-with-2-pads\/"]}]},{"@type":"ImageObject","inLanguage":"en-US","@id":"https:\/\/www.orto24.lt\/en\/produktas\/bort-elbow-band-for-epicondylitis-with-2-pads\/#primaryimage","url":"https:\/\/www.orto24.lt\/wp-content\/uploads\/2016\/03\/bort-juostele-su-2-pagalvelemis-k\u016bno-sp.jpg","contentUrl":"https:\/\/www.orto24.lt\/wp-content\/uploads\/2016\/03\/bort-juostele-su-2-pagalvelemis-k\u016bno-sp.jpg","width":500,"height":500,"caption":"Bort elbow band for epicondylitis with 2 pads"},{"@type":"BreadcrumbList","@id":"https:\/\/www.orto24.lt\/en\/produktas\/bort-elbow-band-for-epicondylitis-with-2-pads\/#breadcrumb","itemListElement":[{"@type":"ListItem","position":1,"name":"Home","item":"https:\/\/www.orto24.lt\/en\/"},{"@type":"ListItem","position":2,"name":"Shop","item":"https:\/\/www.orto24.lt\/en\/shop\/"},{"@type":"ListItem","position":3,"name":"Bort elbow band for epicondylitis with 2 pads"}]},{"@type":"WebSite","@id":"https:\/\/www.orto24.lt\/en\/#website","url":"https:\/\/www.orto24.lt\/en\/","name":"Ortopedini\u0173 preki\u0173 parduotuv\u0117 - orto24.lt","description":"| orto24.lt","potentialAction":[{"@type":"SearchAction","target":{"@type":"EntryPoint","urlTemplate":"https:\/\/www.orto24.lt\/en\/?s={search_term_string}"},"query-input":{"@type":"PropertyValueSpecification","valueRequired":true,"valueName":"search_term_string"}}],"inLanguage":"en-US"}]}},"_links":{"self":[{"href":"https:\/\/www.orto24.lt\/en\/wp-json\/wp\/v2\/product\/30020","targetHints":{"allow":["GET"]}}],"collection":[{"href":"https:\/\/www.orto24.lt\/en\/wp-json\/wp\/v2\/product"}],"about":[{"href":"https:\/\/www.orto24.lt\/en\/wp-json\/wp\/v2\/types\/product"}],"replies":[{"embeddable":true,"href":"https:\/\/www.orto24.lt\/en\/wp-json\/wp\/v2\/comments?post=30020"}],"version-history":[{"count":0,"href":"https:\/\/www.orto24.lt\/en\/wp-json\/wp\/v2\/product\/30020\/revisions"}],"wp:featuredmedia":[{"embeddable":true,"href":"https:\/\/www.orto24.lt\/en\/wp-json\/wp\/v2\/media\/30024"}],"wp:attachment":[{"href":"https:\/\/www.orto24.lt\/en\/wp-json\/wp\/v2\/media?parent=30020"}],"wp:term":[{"taxonomy":"product_brand","embeddable":true,"href":"https:\/\/www.orto24.lt\/en\/wp-json\/wp\/v2\/product_brand?post=30020"},{"taxonomy":"product_cat","embeddable":true,"href":"https:\/\/www.orto24.lt\/en\/wp-json\/wp\/v2\/product_cat?post=30020"},{"taxonomy":"product_tag","embeddable":true,"href":"https:\/\/www.orto24.lt\/en\/wp-json\/wp\/v2\/product_tag?post=30020"}],"curies":[{"name":"wp","href":"https:\/\/api.w.org\/{rel}","templated":true}]}}