{"id":30029,"date":"2016-03-09T14:39:24","date_gmt":"2016-03-09T14:39:24","guid":{"rendered":"https:\/\/www.orto24.lt\/produktas\/stabilopro-knee-splint-with-adjustable-hinges\/"},"modified":"2016-03-09T14:39:24","modified_gmt":"2016-03-09T14:39:24","slug":"stabilopro-knee-splint-with-adjustable-hinges","status":"publish","type":"product","link":"https:\/\/www.orto24.lt\/en\/produktas\/stabilopro-knee-splint-with-adjustable-hinges\/","title":{"rendered":"StabiloPro\u00ae knee splint with adjustable hinges"},"content":{"rendered":"<p>The knee brace is made of textile material with adjustable angle hinges that reinforce the knee joint on the medial and lateral sides. The hinges of the splint can be adjusted to the required angle during the course of treatment. <\/p>\n<p><strong>Instructions for use:<\/strong><\/p>\n<p>Before fitting the splint, determine the correct angle of flexion and extension of the knee joint. Extension may be set<sup>at 00\u00b0 <\/sup>and flexion may be unrestricted. If the knee joint movement angle needs to be limited, then the lateral hinges shall be removed from the splint. The package includes the included adjustable angle parts with angle degrees, 2 screws and a spanner. Once the angles of the lateral hinge have been set, the screws are secured and the hinges are placed back into the splint. To put the splint on, unfasten the Velcro straps and then adjust the splint to the knee joint so that the kneecap is centred in the splint. Once the knee splint is in the correct position, the stickers are fastened and the additional straps are locked in place to ensure that the splint firmly locks the knee joint. The hinges of the splint can be adjusted to the required angle during the treatment.       <\/p>\n<p>&nbsp;<\/p>\n<p><strong>Recommended:<\/strong><\/p>\n<ul>\n<li>After knee injuries;<\/li>\n<li>In case of inflammation, sprains and tears in ligaments and tendons;<\/li>\n<li>Haemarthrosis;<\/li>\n<li>Gonarthrosis;<\/li>\n<li>After knee surgery.<\/li>\n<\/ul>\n<p>&nbsp;<\/p>\n<p><strong>Contraindications:<\/strong><\/p>\n<ul>\n<li>Peripheral circulatory disorders;<\/li>\n<li>Lymphatic disorders;<\/li>\n<li>Reduced tissue sensitivity;<\/li>\n<li>Local skin diseases;<\/li>\n<li>Hypersensitivity to the components of the splint material.<\/li>\n<\/ul>\n<p>&nbsp;<\/p>\n<p><strong>Further instructions:<br \/>\n<\/strong><br \/>\n It is not recommended to wear the splint at night to avoid impaired blood circulation. Unless your doctor prescribes wearing the splint for a longer period of time.  It is recommended to remove the splint as soon as possible in case of numbness. It is not recommended to use creams and\/or ointments when using the splint, as they can damage the splint material. The splint is washed with soap and water, drained and left to dry.<\/p>\n<div id=\"attachment_5561\" style=\"width: 133px\" class=\"wp-caption alignnone\"><img decoding=\"async\" aria-describedby=\"caption-attachment-5561\" class=\"wp-image-5561 size-full\" src=\"https:\/\/www.orto24.lt\/wp-content\/uploads\/2016\/02\/kelio-ismatavimai.jpg\" alt=\"track dimensions\" width=\"123\" height=\"129\" srcset=\"https:\/\/www.orto24.lt\/wp-content\/uploads\/2016\/02\/kelio-ismatavimai.jpg 123w, https:\/\/www.orto24.lt\/wp-content\/uploads\/2016\/02\/kelio-ismatavimai-24x24.jpg 24w, https:\/\/www.orto24.lt\/wp-content\/uploads\/2016\/02\/kelio-ismatavimai-34x36.jpg 34w, https:\/\/www.orto24.lt\/wp-content\/uploads\/2016\/02\/kelio-ismatavimai-46x48.jpg 46w\" sizes=\"(max-width: 123px) 100vw, 123px\" \/><p id=\"caption-attachment-5561\" class=\"wp-caption-text\">For sizing, measure the indicated areas<\/p><\/div>\n","protected":false},"excerpt":{"rendered":"<p>The knee brace is made of textile material with adjustable angle hinges that reinforce the knee joint on the medial and lateral sides. The hinges of the splint can be adjusted to the required angle during the course of treatment. <\/p>\n<p><span style=\"font-family: 'Arial Black', Gadget, sans-serif; font-size: 10pt; color: #c23c3c;\">Delivery up to 14 working days<\/span><\/p>\n<p>&nbsp;<\/p>\n[caption id=\"attachment_5184\" align=\"alignnone\" width=\"298\"]<img decoding=\"async\" class=\"wp-image-5184 size-full\" src=\"https:\/\/www.orto24.lt\/wp-content\/uploads\/2016\/02\/BORT_Logo_De.png\" alt=\"\" width=\"298\" height=\"89\" srcset=\"https:\/\/www.orto24.lt\/wp-content\/uploads\/2016\/02\/BORT_Logo_De.png 298w, https:\/\/www.orto24.lt\/wp-content\/uploads\/2016\/02\/BORT_Logo_De-150x45.png 150w, https:\/\/www.orto24.lt\/wp-content\/uploads\/2016\/02\/BORT_Logo_De-24x7.png 24w, https:\/\/www.orto24.lt\/wp-content\/uploads\/2016\/02\/BORT_Logo_De-36x11.png 36w, https:\/\/www.orto24.lt\/wp-content\/uploads\/2016\/02\/BORT_Logo_De-48x14.png 48w\" sizes=\"(max-width: 298px) 100vw, 298px\" \/>  Made in Germany[\/caption]\n","protected":false},"featured_media":30030,"comment_status":"open","ping_status":"closed","template":"","meta":[],"product_brand":[],"product_cat":[1101,1201],"product_tag":[1261,1129,1259,1256,1260,1215,1132,1243,1102,1258,1195,1229],"class_list":{"0":"post-30029","1":"product","2":"type-product","3":"status-publish","4":"has-post-thumbnail","6":"product_cat-braces","7":"product_cat-knee-and-thigh-splints","8":"product_tag-artistic","9":"product_tag-bort","10":"product_tag-directions","11":"product_tag-for-the-joint","12":"product_tag-for-the-road","13":"product_tag-ligaments","14":"product_tag-orthopaedics","15":"product_tag-reinforce","16":"product_tag-splint","17":"product_tag-sport","18":"product_tag-sprain-of-ligaments","19":"product_tag-sweater","21":"first","22":"instock","23":"sale","24":"taxable","25":"shipping-taxable","26":"purchasable","27":"product-type-variable"},"yoast_head":"<!-- This site is optimized with the Yoast SEO plugin v26.0 - https:\/\/yoast.com\/wordpress\/plugins\/seo\/ -->\n<title>StabiloPro\u00ae knee splint with adjustable hinges - Ortopedini\u0173 preki\u0173 parduotuv\u0117 - orto24.lt<\/title>\n<meta name=\"robots\" content=\"index, follow, max-snippet:-1, max-image-preview:large, max-video-preview:-1\" \/>\n<link rel=\"canonical\" href=\"https:\/\/www.orto24.lt\/en\/produktas\/stabilopro-knee-splint-with-adjustable-hinges\/\" \/>\n<meta property=\"og:locale\" content=\"en_US\" \/>\n<meta property=\"og:type\" content=\"article\" \/>\n<meta property=\"og:title\" content=\"StabiloPro\u00ae knee splint with adjustable hinges - Ortopedini\u0173 preki\u0173 parduotuv\u0117 - orto24.lt\" \/>\n<meta property=\"og:description\" content=\"The knee brace is made of textile material with adjustable angle hinges that reinforce the knee joint on the medial and lateral sides. The hinges of the splint can be adjusted to the required angle during the course of treatment.  Delivery up to 14 working days &nbsp;\" \/>\n<meta property=\"og:url\" content=\"https:\/\/www.orto24.lt\/en\/produktas\/stabilopro-knee-splint-with-adjustable-hinges\/\" \/>\n<meta property=\"og:site_name\" content=\"Ortopedini\u0173 preki\u0173 parduotuv\u0117 - orto24.lt\" \/>\n<meta property=\"article:publisher\" content=\"https:\/\/www.facebook.com\/mtsprendimai\/\" \/>\n<meta property=\"og:image\" content=\"https:\/\/www.orto24.lt\/wp-content\/uploads\/2016\/03\/182300-scaled.jpg\" \/>\n\t<meta property=\"og:image:width\" content=\"1576\" \/>\n\t<meta property=\"og:image:height\" content=\"2560\" \/>\n\t<meta property=\"og:image:type\" content=\"image\/jpeg\" \/>\n<meta name=\"twitter:card\" content=\"summary_large_image\" \/>\n<meta name=\"twitter:label1\" content=\"Est. reading time\" \/>\n\t<meta name=\"twitter:data1\" content=\"2 minutes\" \/>\n<script type=\"application\/ld+json\" class=\"yoast-schema-graph\">{\"@context\":\"https:\/\/schema.org\",\"@graph\":[{\"@type\":\"WebPage\",\"@id\":\"https:\/\/www.orto24.lt\/en\/produktas\/stabilopro-knee-splint-with-adjustable-hinges\/\",\"url\":\"https:\/\/www.orto24.lt\/en\/produktas\/stabilopro-knee-splint-with-adjustable-hinges\/\",\"name\":\"StabiloPro\u00ae knee splint with adjustable hinges - Ortopedini\u0173 preki\u0173 parduotuv\u0117 - orto24.lt\",\"isPartOf\":{\"@id\":\"https:\/\/www.orto24.lt\/en\/#website\"},\"primaryImageOfPage\":{\"@id\":\"https:\/\/www.orto24.lt\/en\/produktas\/stabilopro-knee-splint-with-adjustable-hinges\/#primaryimage\"},\"image\":{\"@id\":\"https:\/\/www.orto24.lt\/en\/produktas\/stabilopro-knee-splint-with-adjustable-hinges\/#primaryimage\"},\"thumbnailUrl\":\"https:\/\/www.orto24.lt\/wp-content\/uploads\/2016\/03\/182300-scaled.jpg\",\"datePublished\":\"2016-03-09T14:39:24+00:00\",\"breadcrumb\":{\"@id\":\"https:\/\/www.orto24.lt\/en\/produktas\/stabilopro-knee-splint-with-adjustable-hinges\/#breadcrumb\"},\"inLanguage\":\"en-US\",\"potentialAction\":[{\"@type\":\"ReadAction\",\"target\":[\"https:\/\/www.orto24.lt\/en\/produktas\/stabilopro-knee-splint-with-adjustable-hinges\/\"]}]},{\"@type\":\"ImageObject\",\"inLanguage\":\"en-US\",\"@id\":\"https:\/\/www.orto24.lt\/en\/produktas\/stabilopro-knee-splint-with-adjustable-hinges\/#primaryimage\",\"url\":\"https:\/\/www.orto24.lt\/wp-content\/uploads\/2016\/03\/182300-scaled.jpg\",\"contentUrl\":\"https:\/\/www.orto24.lt\/wp-content\/uploads\/2016\/03\/182300-scaled.jpg\",\"width\":1576,\"height\":2560,\"caption\":\"StabiloPro\u00ae knee splint with adjustable hinges\"},{\"@type\":\"BreadcrumbList\",\"@id\":\"https:\/\/www.orto24.lt\/en\/produktas\/stabilopro-knee-splint-with-adjustable-hinges\/#breadcrumb\",\"itemListElement\":[{\"@type\":\"ListItem\",\"position\":1,\"name\":\"Home\",\"item\":\"https:\/\/www.orto24.lt\/en\/\"},{\"@type\":\"ListItem\",\"position\":2,\"name\":\"Shop\",\"item\":\"https:\/\/www.orto24.lt\/en\/shop\/\"},{\"@type\":\"ListItem\",\"position\":3,\"name\":\"StabiloPro\u00ae knee splint with adjustable hinges\"}]},{\"@type\":\"WebSite\",\"@id\":\"https:\/\/www.orto24.lt\/en\/#website\",\"url\":\"https:\/\/www.orto24.lt\/en\/\",\"name\":\"Ortopedini\u0173 preki\u0173 parduotuv\u0117 - orto24.lt\",\"description\":\"| orto24.lt\",\"potentialAction\":[{\"@type\":\"SearchAction\",\"target\":{\"@type\":\"EntryPoint\",\"urlTemplate\":\"https:\/\/www.orto24.lt\/en\/?s={search_term_string}\"},\"query-input\":{\"@type\":\"PropertyValueSpecification\",\"valueRequired\":true,\"valueName\":\"search_term_string\"}}],\"inLanguage\":\"en-US\"}]}<\/script>\n<!-- \/ Yoast SEO plugin. -->","yoast_head_json":{"title":"StabiloPro\u00ae knee splint with adjustable hinges - Ortopedini\u0173 preki\u0173 parduotuv\u0117 - orto24.lt","robots":{"index":"index","follow":"follow","max-snippet":"max-snippet:-1","max-image-preview":"max-image-preview:large","max-video-preview":"max-video-preview:-1"},"canonical":"https:\/\/www.orto24.lt\/en\/produktas\/stabilopro-knee-splint-with-adjustable-hinges\/","og_locale":"en_US","og_type":"article","og_title":"StabiloPro\u00ae knee splint with adjustable hinges - Ortopedini\u0173 preki\u0173 parduotuv\u0117 - orto24.lt","og_description":"The knee brace is made of textile material with adjustable angle hinges that reinforce the knee joint on the medial and lateral sides. The hinges of the splint can be adjusted to the required angle during the course of treatment.  Delivery up to 14 working days &nbsp;","og_url":"https:\/\/www.orto24.lt\/en\/produktas\/stabilopro-knee-splint-with-adjustable-hinges\/","og_site_name":"Ortopedini\u0173 preki\u0173 parduotuv\u0117 - orto24.lt","article_publisher":"https:\/\/www.facebook.com\/mtsprendimai\/","og_image":[{"width":1576,"height":2560,"url":"https:\/\/www.orto24.lt\/wp-content\/uploads\/2016\/03\/182300-scaled.jpg","type":"image\/jpeg"}],"twitter_card":"summary_large_image","twitter_misc":{"Est. reading time":"2 minutes"},"schema":{"@context":"https:\/\/schema.org","@graph":[{"@type":"WebPage","@id":"https:\/\/www.orto24.lt\/en\/produktas\/stabilopro-knee-splint-with-adjustable-hinges\/","url":"https:\/\/www.orto24.lt\/en\/produktas\/stabilopro-knee-splint-with-adjustable-hinges\/","name":"StabiloPro\u00ae knee splint with adjustable hinges - Ortopedini\u0173 preki\u0173 parduotuv\u0117 - orto24.lt","isPartOf":{"@id":"https:\/\/www.orto24.lt\/en\/#website"},"primaryImageOfPage":{"@id":"https:\/\/www.orto24.lt\/en\/produktas\/stabilopro-knee-splint-with-adjustable-hinges\/#primaryimage"},"image":{"@id":"https:\/\/www.orto24.lt\/en\/produktas\/stabilopro-knee-splint-with-adjustable-hinges\/#primaryimage"},"thumbnailUrl":"https:\/\/www.orto24.lt\/wp-content\/uploads\/2016\/03\/182300-scaled.jpg","datePublished":"2016-03-09T14:39:24+00:00","breadcrumb":{"@id":"https:\/\/www.orto24.lt\/en\/produktas\/stabilopro-knee-splint-with-adjustable-hinges\/#breadcrumb"},"inLanguage":"en-US","potentialAction":[{"@type":"ReadAction","target":["https:\/\/www.orto24.lt\/en\/produktas\/stabilopro-knee-splint-with-adjustable-hinges\/"]}]},{"@type":"ImageObject","inLanguage":"en-US","@id":"https:\/\/www.orto24.lt\/en\/produktas\/stabilopro-knee-splint-with-adjustable-hinges\/#primaryimage","url":"https:\/\/www.orto24.lt\/wp-content\/uploads\/2016\/03\/182300-scaled.jpg","contentUrl":"https:\/\/www.orto24.lt\/wp-content\/uploads\/2016\/03\/182300-scaled.jpg","width":1576,"height":2560,"caption":"StabiloPro\u00ae knee splint with adjustable hinges"},{"@type":"BreadcrumbList","@id":"https:\/\/www.orto24.lt\/en\/produktas\/stabilopro-knee-splint-with-adjustable-hinges\/#breadcrumb","itemListElement":[{"@type":"ListItem","position":1,"name":"Home","item":"https:\/\/www.orto24.lt\/en\/"},{"@type":"ListItem","position":2,"name":"Shop","item":"https:\/\/www.orto24.lt\/en\/shop\/"},{"@type":"ListItem","position":3,"name":"StabiloPro\u00ae knee splint with adjustable hinges"}]},{"@type":"WebSite","@id":"https:\/\/www.orto24.lt\/en\/#website","url":"https:\/\/www.orto24.lt\/en\/","name":"Ortopedini\u0173 preki\u0173 parduotuv\u0117 - orto24.lt","description":"| orto24.lt","potentialAction":[{"@type":"SearchAction","target":{"@type":"EntryPoint","urlTemplate":"https:\/\/www.orto24.lt\/en\/?s={search_term_string}"},"query-input":{"@type":"PropertyValueSpecification","valueRequired":true,"valueName":"search_term_string"}}],"inLanguage":"en-US"}]}},"_links":{"self":[{"href":"https:\/\/www.orto24.lt\/en\/wp-json\/wp\/v2\/product\/30029","targetHints":{"allow":["GET"]}}],"collection":[{"href":"https:\/\/www.orto24.lt\/en\/wp-json\/wp\/v2\/product"}],"about":[{"href":"https:\/\/www.orto24.lt\/en\/wp-json\/wp\/v2\/types\/product"}],"replies":[{"embeddable":true,"href":"https:\/\/www.orto24.lt\/en\/wp-json\/wp\/v2\/comments?post=30029"}],"version-history":[{"count":0,"href":"https:\/\/www.orto24.lt\/en\/wp-json\/wp\/v2\/product\/30029\/revisions"}],"wp:featuredmedia":[{"embeddable":true,"href":"https:\/\/www.orto24.lt\/en\/wp-json\/wp\/v2\/media\/30030"}],"wp:attachment":[{"href":"https:\/\/www.orto24.lt\/en\/wp-json\/wp\/v2\/media?parent=30029"}],"wp:term":[{"taxonomy":"product_brand","embeddable":true,"href":"https:\/\/www.orto24.lt\/en\/wp-json\/wp\/v2\/product_brand?post=30029"},{"taxonomy":"product_cat","embeddable":true,"href":"https:\/\/www.orto24.lt\/en\/wp-json\/wp\/v2\/product_cat?post=30029"},{"taxonomy":"product_tag","embeddable":true,"href":"https:\/\/www.orto24.lt\/en\/wp-json\/wp\/v2\/product_tag?post=30029"}],"curies":[{"name":"wp","href":"https:\/\/api.w.org\/{rel}","templated":true}]}}