{"id":30033,"date":"2016-03-10T09:09:53","date_gmt":"2016-03-10T09:09:53","guid":{"rendered":"https:\/\/www.orto24.lt\/produktas\/bort-medical-belt-for-pregnant-women\/"},"modified":"2016-03-10T09:09:53","modified_gmt":"2016-03-10T09:09:53","slug":"bort-medical-belt-for-pregnant-women","status":"publish","type":"product","link":"https:\/\/www.orto24.lt\/en\/produktas\/bort-medical-belt-for-pregnant-women\/","title":{"rendered":"Bort medical belt for pregnant women"},"content":{"rendered":"<p>The Pregnancy Belt gently supports the abdomen and reduces the strain on the back, distributing the weight evenly along the back to prevent pain and prevent muscle strain. The metal plates on the back help to maintain correct posture and active movement (the metal plates can be removed if uncomfortable). <\/p>\n<p>&nbsp;<\/p>\n<p><strong>To use:<\/strong> the wide part of the belt is attached at the back waist, then the front part of the belt is stretched towards the right side and locked in place with Velcro. This is followed by the additional straps on the sides, which will give a more supportive effect on the abdomen. <\/p>\n<p>&nbsp;<\/p>\n<p><strong>Recommended:<\/strong><\/p>\n<ul>\n<li>Eliminate the strain on the lower back and hold the abdomen during pregnancy.<\/li>\n<li>Also suitable for use during an accident to take strain off the lower back<\/li>\n<li>Contraindications:<\/li>\n<li>peripheral circulatory disorders,<\/li>\n<li>Lymphatic disorders,<\/li>\n<li>Reduced tissue sensitivity,<\/li>\n<li>Local skin diseases,<\/li>\n<li>increased sensitivity to raw material components<\/li>\n<\/ul>\n<p>&nbsp;<\/p>\n<p><strong>Further instructions:<\/strong><br \/>\nIt is not recommended to wear the splint at night to avoid disturbing blood circulation. Unless your doctor prescribes wearing the splint for a longer period of time. In case of numbness, it is recommended to remove the splint as soon as possible.  <\/p>\n<p>It is not recommended to use creams and ointments when using the splint, as they can damage the splint material.<\/p>\n<p>The 4 metal plates should be removed before washing the belt. The belt shall be washed with soap and water, dried and left to dry. <\/p>\n<div id=\"attachment_5391\" style=\"width: 231px\" class=\"wp-caption alignnone\"><img decoding=\"async\" aria-describedby=\"caption-attachment-5391\" class=\"wp-image-5391 size-full\" src=\"https:\/\/www.orto24.lt\/wp-content\/uploads\/2016\/02\/nugara.jpg\" alt=\"spin\" width=\"221\" height=\"185\" srcset=\"https:\/\/www.orto24.lt\/wp-content\/uploads\/2016\/02\/nugara.jpg 221w, https:\/\/www.orto24.lt\/wp-content\/uploads\/2016\/02\/nugara-150x126.jpg 150w, https:\/\/www.orto24.lt\/wp-content\/uploads\/2016\/02\/nugara-24x20.jpg 24w, https:\/\/www.orto24.lt\/wp-content\/uploads\/2016\/02\/nugara-36x30.jpg 36w, https:\/\/www.orto24.lt\/wp-content\/uploads\/2016\/02\/nugara-48x40.jpg 48w\" sizes=\"(max-width: 221px) 100vw, 221px\" \/><p id=\"caption-attachment-5391\" class=\"wp-caption-text\">For sizing, measure the specified area<\/p><\/div>\n","protected":false},"excerpt":{"rendered":"<p>The Pregnancy Belt gently supports the abdomen and reduces the strain on the back, distributing the weight evenly along the back to prevent pain and prevent muscle strain.<\/p>\n<p>&nbsp;<\/p>\n[caption id=\"attachment_5184\" align=\"alignnone\" width=\"298\"]<img decoding=\"async\" class=\"wp-image-5184 size-full\" src=\"https:\/\/www.orto24.lt\/wp-content\/uploads\/2016\/02\/BORT_Logo_De.png\" alt=\"\" width=\"298\" height=\"89\" srcset=\"https:\/\/www.orto24.lt\/wp-content\/uploads\/2016\/02\/BORT_Logo_De.png 298w, https:\/\/www.orto24.lt\/wp-content\/uploads\/2016\/02\/BORT_Logo_De-150x45.png 150w, https:\/\/www.orto24.lt\/wp-content\/uploads\/2016\/02\/BORT_Logo_De-24x7.png 24w, https:\/\/www.orto24.lt\/wp-content\/uploads\/2016\/02\/BORT_Logo_De-36x11.png 36w, https:\/\/www.orto24.lt\/wp-content\/uploads\/2016\/02\/BORT_Logo_De-48x14.png 48w\" sizes=\"(max-width: 298px) 100vw, 298px\" \/>  Made in Germany[\/caption]\n","protected":false},"featured_media":30045,"comment_status":"open","ping_status":"closed","template":"","meta":[],"product_brand":[],"product_cat":[1251,1101],"product_tag":[1274,1129,1276,1275,1277,1104,1102],"class_list":{"0":"post-30033","1":"product","2":"type-product","3":"status-publish","4":"has-post-thumbnail","6":"product_cat-abdominal-splints","7":"product_cat-braces","8":"product_tag-belt","9":"product_tag-bort","10":"product_tag-bust","11":"product_tag-for-pregnant-women","12":"product_tag-for-the-abdomen","13":"product_tag-for-your-back","14":"product_tag-splint","16":"first","17":"instock","18":"taxable","19":"shipping-taxable","20":"purchasable","21":"product-type-variable"},"yoast_head":"<!-- This site is optimized with the Yoast SEO plugin v26.0 - https:\/\/yoast.com\/wordpress\/plugins\/seo\/ -->\n<title>Bort medical belt for pregnant women - Ortopedini\u0173 preki\u0173 parduotuv\u0117 - orto24.lt<\/title>\n<meta name=\"description\" content=\"The Pregnancy Belt gently supports the abdomen and reduces the strain on the back, distributing the weight evenly along the back to prevent pain and prevent muscle strain.\" \/>\n<meta name=\"robots\" content=\"index, follow, max-snippet:-1, max-image-preview:large, max-video-preview:-1\" \/>\n<link rel=\"canonical\" href=\"https:\/\/www.orto24.lt\/en\/produktas\/bort-medical-belt-for-pregnant-women\/\" \/>\n<meta property=\"og:locale\" content=\"en_US\" \/>\n<meta property=\"og:type\" content=\"article\" \/>\n<meta property=\"og:title\" content=\"Bort medical belt for pregnant women - Ortopedini\u0173 preki\u0173 parduotuv\u0117 - orto24.lt\" \/>\n<meta property=\"og:description\" content=\"The Pregnancy Belt gently supports the abdomen and reduces the strain on the back, distributing the weight evenly along the back to prevent pain and prevent muscle strain.\" \/>\n<meta property=\"og:url\" content=\"https:\/\/www.orto24.lt\/en\/produktas\/bort-medical-belt-for-pregnant-women\/\" \/>\n<meta property=\"og:site_name\" content=\"Ortopedini\u0173 preki\u0173 parduotuv\u0117 - orto24.lt\" \/>\n<meta property=\"article:publisher\" content=\"https:\/\/www.facebook.com\/mtsprendimai\/\" \/>\n<meta property=\"og:image\" content=\"https:\/\/www.orto24.lt\/wp-content\/uploads\/2016\/03\/bort-nesciuju-dirzas.jpg\" \/>\n\t<meta property=\"og:image:width\" content=\"500\" \/>\n\t<meta property=\"og:image:height\" content=\"500\" \/>\n\t<meta property=\"og:image:type\" content=\"image\/jpeg\" \/>\n<meta name=\"twitter:card\" content=\"summary_large_image\" \/>\n<meta name=\"twitter:label1\" content=\"Est. reading time\" \/>\n\t<meta name=\"twitter:data1\" content=\"1 minute\" \/>\n<script type=\"application\/ld+json\" class=\"yoast-schema-graph\">{\"@context\":\"https:\/\/schema.org\",\"@graph\":[{\"@type\":\"WebPage\",\"@id\":\"https:\/\/www.orto24.lt\/en\/produktas\/bort-medical-belt-for-pregnant-women\/\",\"url\":\"https:\/\/www.orto24.lt\/en\/produktas\/bort-medical-belt-for-pregnant-women\/\",\"name\":\"Bort medical belt for pregnant women - Ortopedini\u0173 preki\u0173 parduotuv\u0117 - orto24.lt\",\"isPartOf\":{\"@id\":\"https:\/\/www.orto24.lt\/en\/#website\"},\"primaryImageOfPage\":{\"@id\":\"https:\/\/www.orto24.lt\/en\/produktas\/bort-medical-belt-for-pregnant-women\/#primaryimage\"},\"image\":{\"@id\":\"https:\/\/www.orto24.lt\/en\/produktas\/bort-medical-belt-for-pregnant-women\/#primaryimage\"},\"thumbnailUrl\":\"https:\/\/www.orto24.lt\/wp-content\/uploads\/2016\/03\/bort-nesciuju-dirzas.jpg\",\"datePublished\":\"2016-03-10T09:09:53+00:00\",\"description\":\"The Pregnancy Belt gently supports the abdomen and reduces the strain on the back, distributing the weight evenly along the back to prevent pain and prevent muscle strain.\",\"breadcrumb\":{\"@id\":\"https:\/\/www.orto24.lt\/en\/produktas\/bort-medical-belt-for-pregnant-women\/#breadcrumb\"},\"inLanguage\":\"en-US\",\"potentialAction\":[{\"@type\":\"ReadAction\",\"target\":[\"https:\/\/www.orto24.lt\/en\/produktas\/bort-medical-belt-for-pregnant-women\/\"]}]},{\"@type\":\"ImageObject\",\"inLanguage\":\"en-US\",\"@id\":\"https:\/\/www.orto24.lt\/en\/produktas\/bort-medical-belt-for-pregnant-women\/#primaryimage\",\"url\":\"https:\/\/www.orto24.lt\/wp-content\/uploads\/2016\/03\/bort-nesciuju-dirzas.jpg\",\"contentUrl\":\"https:\/\/www.orto24.lt\/wp-content\/uploads\/2016\/03\/bort-nesciuju-dirzas.jpg\",\"width\":500,\"height\":500,\"caption\":\"Bort medical belt for pregnant women 1\"},{\"@type\":\"BreadcrumbList\",\"@id\":\"https:\/\/www.orto24.lt\/en\/produktas\/bort-medical-belt-for-pregnant-women\/#breadcrumb\",\"itemListElement\":[{\"@type\":\"ListItem\",\"position\":1,\"name\":\"Home\",\"item\":\"https:\/\/www.orto24.lt\/en\/\"},{\"@type\":\"ListItem\",\"position\":2,\"name\":\"Shop\",\"item\":\"https:\/\/www.orto24.lt\/en\/shop\/\"},{\"@type\":\"ListItem\",\"position\":3,\"name\":\"Bort medical belt for pregnant women\"}]},{\"@type\":\"WebSite\",\"@id\":\"https:\/\/www.orto24.lt\/en\/#website\",\"url\":\"https:\/\/www.orto24.lt\/en\/\",\"name\":\"Ortopedini\u0173 preki\u0173 parduotuv\u0117 - orto24.lt\",\"description\":\"| orto24.lt\",\"potentialAction\":[{\"@type\":\"SearchAction\",\"target\":{\"@type\":\"EntryPoint\",\"urlTemplate\":\"https:\/\/www.orto24.lt\/en\/?s={search_term_string}\"},\"query-input\":{\"@type\":\"PropertyValueSpecification\",\"valueRequired\":true,\"valueName\":\"search_term_string\"}}],\"inLanguage\":\"en-US\"}]}<\/script>\n<!-- \/ Yoast SEO plugin. -->","yoast_head_json":{"title":"Bort medical belt for pregnant women - Ortopedini\u0173 preki\u0173 parduotuv\u0117 - orto24.lt","description":"The Pregnancy Belt gently supports the abdomen and reduces the strain on the back, distributing the weight evenly along the back to prevent pain and prevent muscle strain.","robots":{"index":"index","follow":"follow","max-snippet":"max-snippet:-1","max-image-preview":"max-image-preview:large","max-video-preview":"max-video-preview:-1"},"canonical":"https:\/\/www.orto24.lt\/en\/produktas\/bort-medical-belt-for-pregnant-women\/","og_locale":"en_US","og_type":"article","og_title":"Bort medical belt for pregnant women - Ortopedini\u0173 preki\u0173 parduotuv\u0117 - orto24.lt","og_description":"The Pregnancy Belt gently supports the abdomen and reduces the strain on the back, distributing the weight evenly along the back to prevent pain and prevent muscle strain.","og_url":"https:\/\/www.orto24.lt\/en\/produktas\/bort-medical-belt-for-pregnant-women\/","og_site_name":"Ortopedini\u0173 preki\u0173 parduotuv\u0117 - orto24.lt","article_publisher":"https:\/\/www.facebook.com\/mtsprendimai\/","og_image":[{"width":500,"height":500,"url":"https:\/\/www.orto24.lt\/wp-content\/uploads\/2016\/03\/bort-nesciuju-dirzas.jpg","type":"image\/jpeg"}],"twitter_card":"summary_large_image","twitter_misc":{"Est. reading time":"1 minute"},"schema":{"@context":"https:\/\/schema.org","@graph":[{"@type":"WebPage","@id":"https:\/\/www.orto24.lt\/en\/produktas\/bort-medical-belt-for-pregnant-women\/","url":"https:\/\/www.orto24.lt\/en\/produktas\/bort-medical-belt-for-pregnant-women\/","name":"Bort medical belt for pregnant women - Ortopedini\u0173 preki\u0173 parduotuv\u0117 - orto24.lt","isPartOf":{"@id":"https:\/\/www.orto24.lt\/en\/#website"},"primaryImageOfPage":{"@id":"https:\/\/www.orto24.lt\/en\/produktas\/bort-medical-belt-for-pregnant-women\/#primaryimage"},"image":{"@id":"https:\/\/www.orto24.lt\/en\/produktas\/bort-medical-belt-for-pregnant-women\/#primaryimage"},"thumbnailUrl":"https:\/\/www.orto24.lt\/wp-content\/uploads\/2016\/03\/bort-nesciuju-dirzas.jpg","datePublished":"2016-03-10T09:09:53+00:00","description":"The Pregnancy Belt gently supports the abdomen and reduces the strain on the back, distributing the weight evenly along the back to prevent pain and prevent muscle strain.","breadcrumb":{"@id":"https:\/\/www.orto24.lt\/en\/produktas\/bort-medical-belt-for-pregnant-women\/#breadcrumb"},"inLanguage":"en-US","potentialAction":[{"@type":"ReadAction","target":["https:\/\/www.orto24.lt\/en\/produktas\/bort-medical-belt-for-pregnant-women\/"]}]},{"@type":"ImageObject","inLanguage":"en-US","@id":"https:\/\/www.orto24.lt\/en\/produktas\/bort-medical-belt-for-pregnant-women\/#primaryimage","url":"https:\/\/www.orto24.lt\/wp-content\/uploads\/2016\/03\/bort-nesciuju-dirzas.jpg","contentUrl":"https:\/\/www.orto24.lt\/wp-content\/uploads\/2016\/03\/bort-nesciuju-dirzas.jpg","width":500,"height":500,"caption":"Bort medical belt for pregnant women 1"},{"@type":"BreadcrumbList","@id":"https:\/\/www.orto24.lt\/en\/produktas\/bort-medical-belt-for-pregnant-women\/#breadcrumb","itemListElement":[{"@type":"ListItem","position":1,"name":"Home","item":"https:\/\/www.orto24.lt\/en\/"},{"@type":"ListItem","position":2,"name":"Shop","item":"https:\/\/www.orto24.lt\/en\/shop\/"},{"@type":"ListItem","position":3,"name":"Bort medical belt for pregnant women"}]},{"@type":"WebSite","@id":"https:\/\/www.orto24.lt\/en\/#website","url":"https:\/\/www.orto24.lt\/en\/","name":"Ortopedini\u0173 preki\u0173 parduotuv\u0117 - orto24.lt","description":"| orto24.lt","potentialAction":[{"@type":"SearchAction","target":{"@type":"EntryPoint","urlTemplate":"https:\/\/www.orto24.lt\/en\/?s={search_term_string}"},"query-input":{"@type":"PropertyValueSpecification","valueRequired":true,"valueName":"search_term_string"}}],"inLanguage":"en-US"}]}},"_links":{"self":[{"href":"https:\/\/www.orto24.lt\/en\/wp-json\/wp\/v2\/product\/30033","targetHints":{"allow":["GET"]}}],"collection":[{"href":"https:\/\/www.orto24.lt\/en\/wp-json\/wp\/v2\/product"}],"about":[{"href":"https:\/\/www.orto24.lt\/en\/wp-json\/wp\/v2\/types\/product"}],"replies":[{"embeddable":true,"href":"https:\/\/www.orto24.lt\/en\/wp-json\/wp\/v2\/comments?post=30033"}],"version-history":[{"count":0,"href":"https:\/\/www.orto24.lt\/en\/wp-json\/wp\/v2\/product\/30033\/revisions"}],"wp:featuredmedia":[{"embeddable":true,"href":"https:\/\/www.orto24.lt\/en\/wp-json\/wp\/v2\/media\/30045"}],"wp:attachment":[{"href":"https:\/\/www.orto24.lt\/en\/wp-json\/wp\/v2\/media?parent=30033"}],"wp:term":[{"taxonomy":"product_brand","embeddable":true,"href":"https:\/\/www.orto24.lt\/en\/wp-json\/wp\/v2\/product_brand?post=30033"},{"taxonomy":"product_cat","embeddable":true,"href":"https:\/\/www.orto24.lt\/en\/wp-json\/wp\/v2\/product_cat?post=30033"},{"taxonomy":"product_tag","embeddable":true,"href":"https:\/\/www.orto24.lt\/en\/wp-json\/wp\/v2\/product_tag?post=30033"}],"curies":[{"name":"wp","href":"https:\/\/api.w.org\/{rel}","templated":true}]}}