{"id":30051,"date":"2016-03-08T11:34:17","date_gmt":"2016-03-08T11:34:17","guid":{"rendered":"https:\/\/www.orto24.lt\/produktas\/select-stabilogen-knee-splint\/"},"modified":"2016-03-08T11:34:17","modified_gmt":"2016-03-08T11:34:17","slug":"select-stabilogen-knee-splint","status":"publish","type":"product","link":"https:\/\/www.orto24.lt\/en\/produktas\/select-stabilogen-knee-splint\/","title":{"rendered":"Select\u00ae StabiloGen\u00ae knee splint"},"content":{"rendered":"<p>The knee brace with silicone ring stabilises the kneecap in the correct position, while the double lateral fixators clamp and easily fix the knee joint. The shape and material combination of the splint has an effective therapeutic effect and the special silicone threads prevent slipping during movement. The brace is highly elastic and close-fitting, so it does not restrict movement.  <\/p>\n<p>&nbsp;<\/p>\n<p><strong>Recommended<\/strong><strong>:<\/strong><\/p>\n<ul>\n<li>Sprains of the ligaments and muscles of the knee joint;<\/li>\n<li>Knee pain;<\/li>\n<li>Arthrosis of the knee joint;<\/li>\n<li>Osteoarthritis;<\/li>\n<li>Sinovit;<\/li>\n<li>Inflammation of the tendons and joint capsules (bursae) in the knee joint;<\/li>\n<li>Lateral ligament instability;<\/li>\n<li>Instability of the pelvis, osteochondropathies;<\/li>\n<li>Malposition of the kneecap;<\/li>\n<li>Diseases of articular cartilage;<\/li>\n<li>For injury prevention.<\/li>\n<\/ul>\n<p><strong>Contraindications:<\/strong><\/p>\n<ul>\n<li>Peripheral circulatory disorders;<\/li>\n<li>Lymphatic disorders;<\/li>\n<li>Reduced tissue sensitivity;<\/li>\n<li>Local skin diseases;<\/li>\n<li>Increased sensitivity to raw material components.<\/li>\n<\/ul>\n<p><strong>Additional instructions:<\/strong><\/p>\n<p>It is not recommended to wear the splint at night to avoid disturbing blood circulation. Unless your doctor prescribes wearing the splint for a longer period of time. <\/p>\n<p>It is recommended to remove the splint as soon as possible in case of numbness.<\/p>\n<p>It is not recommended to use creams and ointments when using the splint, as this can damage the splint material.<\/p>\n<p>The splint is washed with soap and water, drained and left to dry.<\/p>\n<p>&nbsp;<\/p>\n<div id=\"attachment_5561\" style=\"width: 133px\" class=\"wp-caption alignnone\"><img decoding=\"async\" aria-describedby=\"caption-attachment-5561\" class=\"wp-image-5561 size-full\" src=\"https:\/\/www.orto24.lt\/wp-content\/uploads\/2016\/02\/kelio-ismatavimai.jpg\" alt=\"track dimensions\" width=\"123\" height=\"129\" srcset=\"https:\/\/www.orto24.lt\/wp-content\/uploads\/2016\/02\/kelio-ismatavimai.jpg 123w, https:\/\/www.orto24.lt\/wp-content\/uploads\/2016\/02\/kelio-ismatavimai-24x24.jpg 24w, https:\/\/www.orto24.lt\/wp-content\/uploads\/2016\/02\/kelio-ismatavimai-34x36.jpg 34w, https:\/\/www.orto24.lt\/wp-content\/uploads\/2016\/02\/kelio-ismatavimai-46x48.jpg 46w\" sizes=\"(max-width: 123px) 100vw, 123px\" \/><p id=\"caption-attachment-5561\" class=\"wp-caption-text\">For sizing, measure the indicated areas<\/p><\/div>\n","protected":false},"excerpt":{"rendered":"<p>&nbsp;<\/p>\n<p>The knee brace with silicone ring stabilises the kneecap in the correct position, while the lateral fixators clamp and easily reinforce the knee joint.<\/p>\n<p>&nbsp;<\/p>\n[caption id=\"attachment_5184\" align=\"alignnone\" width=\"298\"]<img decoding=\"async\" class=\"wp-image-5184 size-full\" src=\"https:\/\/www.orto24.lt\/wp-content\/uploads\/2016\/02\/BORT_Logo_De.png\" alt=\"\" width=\"298\" height=\"89\" srcset=\"https:\/\/www.orto24.lt\/wp-content\/uploads\/2016\/02\/BORT_Logo_De.png 298w, https:\/\/www.orto24.lt\/wp-content\/uploads\/2016\/02\/BORT_Logo_De-150x45.png 150w, https:\/\/www.orto24.lt\/wp-content\/uploads\/2016\/02\/BORT_Logo_De-24x7.png 24w, https:\/\/www.orto24.lt\/wp-content\/uploads\/2016\/02\/BORT_Logo_De-36x11.png 36w, https:\/\/www.orto24.lt\/wp-content\/uploads\/2016\/02\/BORT_Logo_De-48x14.png 48w\" sizes=\"(max-width: 298px) 100vw, 298px\" \/>  Made in Germany[\/caption]\n","protected":false},"featured_media":30055,"comment_status":"open","ping_status":"closed","template":"","meta":[],"product_brand":[],"product_cat":[1101,1201],"product_tag":[1211,1209,1261,1129,1265,1259,1256,1260,1193,1279,1215,1132,1278,1243,1102,1258,1195,1229],"class_list":{"0":"post-30051","1":"product","2":"type-product","3":"status-publish","4":"has-post-thumbnail","6":"product_cat-braces","7":"product_cat-knee-and-thigh-splints","8":"product_tag-arthritis","9":"product_tag-arthrosis","10":"product_tag-artistic","11":"product_tag-bort","12":"product_tag-cap","13":"product_tag-directions","14":"product_tag-for-the-joint","15":"product_tag-for-the-road","16":"product_tag-joint-inflammation","17":"product_tag-knee-injury","18":"product_tag-ligaments","19":"product_tag-orthopaedics","20":"product_tag-osteoarthritis","21":"product_tag-reinforce","22":"product_tag-splint","23":"product_tag-sport","24":"product_tag-sprain-of-ligaments","25":"product_tag-sweater","27":"first","28":"instock","29":"taxable","30":"shipping-taxable","31":"purchasable","32":"product-type-variable"},"yoast_head":"<!-- This site is optimized with the Yoast SEO plugin v26.0 - https:\/\/yoast.com\/wordpress\/plugins\/seo\/ -->\n<title>Select\u00ae StabiloGen\u00ae knee splint - Ortopedini\u0173 preki\u0173 parduotuv\u0117 - orto24.lt<\/title>\n<meta name=\"robots\" content=\"index, follow, max-snippet:-1, max-image-preview:large, max-video-preview:-1\" \/>\n<link rel=\"canonical\" href=\"https:\/\/www.orto24.lt\/en\/produktas\/select-stabilogen-knee-splint\/\" \/>\n<meta property=\"og:locale\" content=\"en_US\" \/>\n<meta property=\"og:type\" content=\"article\" \/>\n<meta property=\"og:title\" content=\"Select\u00ae StabiloGen\u00ae knee splint - Ortopedini\u0173 preki\u0173 parduotuv\u0117 - orto24.lt\" \/>\n<meta property=\"og:description\" content=\"&nbsp; The knee brace with silicone ring stabilises the kneecap in the correct position, while the lateral fixators clamp and easily reinforce the knee joint. &nbsp;\" \/>\n<meta property=\"og:url\" content=\"https:\/\/www.orto24.lt\/en\/produktas\/select-stabilogen-knee-splint\/\" \/>\n<meta property=\"og:site_name\" content=\"Ortopedini\u0173 preki\u0173 parduotuv\u0117 - orto24.lt\" \/>\n<meta property=\"article:publisher\" content=\"https:\/\/www.facebook.com\/mtsprendimai\/\" \/>\n<meta property=\"og:image\" content=\"https:\/\/www.orto24.lt\/wp-content\/uploads\/2016\/03\/BORT-select-StabiloGen-pilkas.jpg\" \/>\n\t<meta property=\"og:image:width\" content=\"500\" \/>\n\t<meta property=\"og:image:height\" content=\"500\" \/>\n\t<meta property=\"og:image:type\" content=\"image\/jpeg\" \/>\n<meta name=\"twitter:card\" content=\"summary_large_image\" \/>\n<meta name=\"twitter:label1\" content=\"Est. reading time\" \/>\n\t<meta name=\"twitter:data1\" content=\"1 minute\" \/>\n<script type=\"application\/ld+json\" class=\"yoast-schema-graph\">{\"@context\":\"https:\/\/schema.org\",\"@graph\":[{\"@type\":\"WebPage\",\"@id\":\"https:\/\/www.orto24.lt\/en\/produktas\/select-stabilogen-knee-splint\/\",\"url\":\"https:\/\/www.orto24.lt\/en\/produktas\/select-stabilogen-knee-splint\/\",\"name\":\"Select\u00ae StabiloGen\u00ae knee splint - Ortopedini\u0173 preki\u0173 parduotuv\u0117 - orto24.lt\",\"isPartOf\":{\"@id\":\"https:\/\/www.orto24.lt\/en\/#website\"},\"primaryImageOfPage\":{\"@id\":\"https:\/\/www.orto24.lt\/en\/produktas\/select-stabilogen-knee-splint\/#primaryimage\"},\"image\":{\"@id\":\"https:\/\/www.orto24.lt\/en\/produktas\/select-stabilogen-knee-splint\/#primaryimage\"},\"thumbnailUrl\":\"https:\/\/www.orto24.lt\/wp-content\/uploads\/2016\/03\/BORT-select-StabiloGen-pilkas.jpg\",\"datePublished\":\"2016-03-08T11:34:17+00:00\",\"breadcrumb\":{\"@id\":\"https:\/\/www.orto24.lt\/en\/produktas\/select-stabilogen-knee-splint\/#breadcrumb\"},\"inLanguage\":\"en-US\",\"potentialAction\":[{\"@type\":\"ReadAction\",\"target\":[\"https:\/\/www.orto24.lt\/en\/produktas\/select-stabilogen-knee-splint\/\"]}]},{\"@type\":\"ImageObject\",\"inLanguage\":\"en-US\",\"@id\":\"https:\/\/www.orto24.lt\/en\/produktas\/select-stabilogen-knee-splint\/#primaryimage\",\"url\":\"https:\/\/www.orto24.lt\/wp-content\/uploads\/2016\/03\/BORT-select-StabiloGen-pilkas.jpg\",\"contentUrl\":\"https:\/\/www.orto24.lt\/wp-content\/uploads\/2016\/03\/BORT-select-StabiloGen-pilkas.jpg\",\"width\":500,\"height\":500,\"caption\":\"Select\u00ae StabiloGen\u00ae 1 knee splint\"},{\"@type\":\"BreadcrumbList\",\"@id\":\"https:\/\/www.orto24.lt\/en\/produktas\/select-stabilogen-knee-splint\/#breadcrumb\",\"itemListElement\":[{\"@type\":\"ListItem\",\"position\":1,\"name\":\"Home\",\"item\":\"https:\/\/www.orto24.lt\/en\/\"},{\"@type\":\"ListItem\",\"position\":2,\"name\":\"Shop\",\"item\":\"https:\/\/www.orto24.lt\/en\/shop\/\"},{\"@type\":\"ListItem\",\"position\":3,\"name\":\"Select\u00ae StabiloGen\u00ae knee splint\"}]},{\"@type\":\"WebSite\",\"@id\":\"https:\/\/www.orto24.lt\/en\/#website\",\"url\":\"https:\/\/www.orto24.lt\/en\/\",\"name\":\"Ortopedini\u0173 preki\u0173 parduotuv\u0117 - orto24.lt\",\"description\":\"| orto24.lt\",\"potentialAction\":[{\"@type\":\"SearchAction\",\"target\":{\"@type\":\"EntryPoint\",\"urlTemplate\":\"https:\/\/www.orto24.lt\/en\/?s={search_term_string}\"},\"query-input\":{\"@type\":\"PropertyValueSpecification\",\"valueRequired\":true,\"valueName\":\"search_term_string\"}}],\"inLanguage\":\"en-US\"}]}<\/script>\n<!-- \/ Yoast SEO plugin. -->","yoast_head_json":{"title":"Select\u00ae StabiloGen\u00ae knee splint - Ortopedini\u0173 preki\u0173 parduotuv\u0117 - orto24.lt","robots":{"index":"index","follow":"follow","max-snippet":"max-snippet:-1","max-image-preview":"max-image-preview:large","max-video-preview":"max-video-preview:-1"},"canonical":"https:\/\/www.orto24.lt\/en\/produktas\/select-stabilogen-knee-splint\/","og_locale":"en_US","og_type":"article","og_title":"Select\u00ae StabiloGen\u00ae knee splint - Ortopedini\u0173 preki\u0173 parduotuv\u0117 - orto24.lt","og_description":"&nbsp; The knee brace with silicone ring stabilises the kneecap in the correct position, while the lateral fixators clamp and easily reinforce the knee joint. &nbsp;","og_url":"https:\/\/www.orto24.lt\/en\/produktas\/select-stabilogen-knee-splint\/","og_site_name":"Ortopedini\u0173 preki\u0173 parduotuv\u0117 - orto24.lt","article_publisher":"https:\/\/www.facebook.com\/mtsprendimai\/","og_image":[{"width":500,"height":500,"url":"https:\/\/www.orto24.lt\/wp-content\/uploads\/2016\/03\/BORT-select-StabiloGen-pilkas.jpg","type":"image\/jpeg"}],"twitter_card":"summary_large_image","twitter_misc":{"Est. reading time":"1 minute"},"schema":{"@context":"https:\/\/schema.org","@graph":[{"@type":"WebPage","@id":"https:\/\/www.orto24.lt\/en\/produktas\/select-stabilogen-knee-splint\/","url":"https:\/\/www.orto24.lt\/en\/produktas\/select-stabilogen-knee-splint\/","name":"Select\u00ae StabiloGen\u00ae knee splint - Ortopedini\u0173 preki\u0173 parduotuv\u0117 - orto24.lt","isPartOf":{"@id":"https:\/\/www.orto24.lt\/en\/#website"},"primaryImageOfPage":{"@id":"https:\/\/www.orto24.lt\/en\/produktas\/select-stabilogen-knee-splint\/#primaryimage"},"image":{"@id":"https:\/\/www.orto24.lt\/en\/produktas\/select-stabilogen-knee-splint\/#primaryimage"},"thumbnailUrl":"https:\/\/www.orto24.lt\/wp-content\/uploads\/2016\/03\/BORT-select-StabiloGen-pilkas.jpg","datePublished":"2016-03-08T11:34:17+00:00","breadcrumb":{"@id":"https:\/\/www.orto24.lt\/en\/produktas\/select-stabilogen-knee-splint\/#breadcrumb"},"inLanguage":"en-US","potentialAction":[{"@type":"ReadAction","target":["https:\/\/www.orto24.lt\/en\/produktas\/select-stabilogen-knee-splint\/"]}]},{"@type":"ImageObject","inLanguage":"en-US","@id":"https:\/\/www.orto24.lt\/en\/produktas\/select-stabilogen-knee-splint\/#primaryimage","url":"https:\/\/www.orto24.lt\/wp-content\/uploads\/2016\/03\/BORT-select-StabiloGen-pilkas.jpg","contentUrl":"https:\/\/www.orto24.lt\/wp-content\/uploads\/2016\/03\/BORT-select-StabiloGen-pilkas.jpg","width":500,"height":500,"caption":"Select\u00ae StabiloGen\u00ae 1 knee splint"},{"@type":"BreadcrumbList","@id":"https:\/\/www.orto24.lt\/en\/produktas\/select-stabilogen-knee-splint\/#breadcrumb","itemListElement":[{"@type":"ListItem","position":1,"name":"Home","item":"https:\/\/www.orto24.lt\/en\/"},{"@type":"ListItem","position":2,"name":"Shop","item":"https:\/\/www.orto24.lt\/en\/shop\/"},{"@type":"ListItem","position":3,"name":"Select\u00ae StabiloGen\u00ae knee splint"}]},{"@type":"WebSite","@id":"https:\/\/www.orto24.lt\/en\/#website","url":"https:\/\/www.orto24.lt\/en\/","name":"Ortopedini\u0173 preki\u0173 parduotuv\u0117 - orto24.lt","description":"| orto24.lt","potentialAction":[{"@type":"SearchAction","target":{"@type":"EntryPoint","urlTemplate":"https:\/\/www.orto24.lt\/en\/?s={search_term_string}"},"query-input":{"@type":"PropertyValueSpecification","valueRequired":true,"valueName":"search_term_string"}}],"inLanguage":"en-US"}]}},"_links":{"self":[{"href":"https:\/\/www.orto24.lt\/en\/wp-json\/wp\/v2\/product\/30051","targetHints":{"allow":["GET"]}}],"collection":[{"href":"https:\/\/www.orto24.lt\/en\/wp-json\/wp\/v2\/product"}],"about":[{"href":"https:\/\/www.orto24.lt\/en\/wp-json\/wp\/v2\/types\/product"}],"replies":[{"embeddable":true,"href":"https:\/\/www.orto24.lt\/en\/wp-json\/wp\/v2\/comments?post=30051"}],"version-history":[{"count":0,"href":"https:\/\/www.orto24.lt\/en\/wp-json\/wp\/v2\/product\/30051\/revisions"}],"wp:featuredmedia":[{"embeddable":true,"href":"https:\/\/www.orto24.lt\/en\/wp-json\/wp\/v2\/media\/30055"}],"wp:attachment":[{"href":"https:\/\/www.orto24.lt\/en\/wp-json\/wp\/v2\/media?parent=30051"}],"wp:term":[{"taxonomy":"product_brand","embeddable":true,"href":"https:\/\/www.orto24.lt\/en\/wp-json\/wp\/v2\/product_brand?post=30051"},{"taxonomy":"product_cat","embeddable":true,"href":"https:\/\/www.orto24.lt\/en\/wp-json\/wp\/v2\/product_cat?post=30051"},{"taxonomy":"product_tag","embeddable":true,"href":"https:\/\/www.orto24.lt\/en\/wp-json\/wp\/v2\/product_tag?post=30051"}],"curies":[{"name":"wp","href":"https:\/\/api.w.org\/{rel}","templated":true}]}}