{"id":30067,"date":"2016-04-01T12:19:40","date_gmt":"2016-04-01T12:19:40","guid":{"rendered":"https:\/\/www.orto24.lt\/produktas\/prim-max-semi-flexible-lumbar-splint\/"},"modified":"2016-04-01T12:19:40","modified_gmt":"2016-04-01T12:19:40","slug":"prim-max-semi-flexible-lumbar-splint","status":"publish","type":"product","link":"https:\/\/www.orto24.lt\/en\/produktas\/prim-max-semi-flexible-lumbar-splint\/","title":{"rendered":"PRIM Max semi-flexible lumbar splint"},"content":{"rendered":"<p>Semi-flexible lumbar splint made of double-layer stretch fabric. Comfortable, lightweight and thanks to the dense and elastic material it adapts perfectly to the body shape. <\/p>\n<p>Front height: 20cm<br \/>\nRear height: 33cm.<\/p>\n<p>&nbsp;<\/p>\n<p>&nbsp;<\/p>\n<p><img fetchpriority=\"high\" decoding=\"async\" class=\"alignnone size-large wp-image-6583\" src=\"https:\/\/www.orto24.lt\/wp-content\/uploads\/2016\/04\/6033-1024x735.jpg\" alt=\"6033\" width=\"1024\" height=\"735\" srcset=\"https:\/\/www.orto24.lt\/wp-content\/uploads\/2016\/04\/6033-1024x735.jpg 1024w, https:\/\/www.orto24.lt\/wp-content\/uploads\/2016\/04\/6033-scaled-150x108.jpg 150w, https:\/\/www.orto24.lt\/wp-content\/uploads\/2016\/04\/6033-scaled-500x359.jpg 500w, https:\/\/www.orto24.lt\/wp-content\/uploads\/2016\/04\/6033-300x215.jpg 300w, https:\/\/www.orto24.lt\/wp-content\/uploads\/2016\/04\/6033-768x551.jpg 768w, https:\/\/www.orto24.lt\/wp-content\/uploads\/2016\/04\/6033-510x366.jpg 510w, https:\/\/www.orto24.lt\/wp-content\/uploads\/2016\/04\/6033-24x17.jpg 24w, https:\/\/www.orto24.lt\/wp-content\/uploads\/2016\/04\/6033-36x26.jpg 36w, https:\/\/www.orto24.lt\/wp-content\/uploads\/2016\/04\/6033-48x34.jpg 48w\" sizes=\"(max-width: 1024px) 100vw, 1024px\" \/><\/p>\n<p>&nbsp;<\/p>\n<p>&nbsp;<\/p>\n","protected":false},"excerpt":{"rendered":"<p>&nbsp;<\/p>\n<p>Semi-flexible lumbar splint made of double-layer stretch fabric. Comfortable, lightweight and thanks to the dense and elastic material it adapts perfectly to the body shape. <\/p>\n<p>Front height: 20cm<br \/>\nRear height: 33cm.<\/p>\n<p><img decoding=\"async\" class=\"alignnone size-full wp-image-6530\" src=\"https:\/\/www.orto24.lt\/wp-content\/uploads\/2016\/03\/primlog.png\" alt=\"primlog\" width=\"325\" height=\"227\" srcset=\"https:\/\/www.orto24.lt\/wp-content\/uploads\/2016\/03\/primlog.png 325w, https:\/\/www.orto24.lt\/wp-content\/uploads\/2016\/03\/primlog-150x105.png 150w, https:\/\/www.orto24.lt\/wp-content\/uploads\/2016\/03\/primlog-300x210.png 300w, https:\/\/www.orto24.lt\/wp-content\/uploads\/2016\/03\/primlog-24x17.png 24w, https:\/\/www.orto24.lt\/wp-content\/uploads\/2016\/03\/primlog-36x25.png 36w, https:\/\/www.orto24.lt\/wp-content\/uploads\/2016\/03\/primlog-48x34.png 48w\" sizes=\"(max-width: 325px) 100vw, 325px\" \/><\/p>\n<p>&nbsp;<\/p>\n","protected":false},"featured_media":30081,"comment_status":"open","ping_status":"closed","template":"","meta":[],"product_brand":[],"product_cat":[1124,1101],"product_tag":[1287,1289,1283,1280,1290,1285,1112,1292,1291,1102,1122],"class_list":{"0":"post-30067","1":"product","2":"type-product","3":"status-publish","4":"has-post-thumbnail","6":"product_cat-back-splints","7":"product_cat-braces","8":"product_tag-arthrosis-of-the-spinal-discs","9":"product_tag-herniated-discs-in-the-spine","10":"product_tag-installation","11":"product_tag-lumbago","12":"product_tag-osteoporosis","13":"product_tag-pain-in-the-lumbar-region","14":"product_tag-see","15":"product_tag-spinal-hernia","16":"product_tag-spinal-surgery","17":"product_tag-splint","18":"product_tag-waist","20":"first","21":"instock","22":"taxable","23":"shipping-taxable","24":"purchasable","25":"product-type-variable"},"yoast_head":"<!-- This site is optimized with the Yoast SEO plugin v26.0 - https:\/\/yoast.com\/wordpress\/plugins\/seo\/ -->\n<title>PRIM Max semi-flexible lumbar splint - Ortopedini\u0173 preki\u0173 parduotuv\u0117 - orto24.lt<\/title>\n<meta name=\"description\" content=\"Semi-flexible lumbar splint made of double-layer stretch fabric. Comfortable, lightweight and thanks to the dense and elastic material it adapts perfectly to the body shape.\" \/>\n<meta name=\"robots\" content=\"index, follow, max-snippet:-1, max-image-preview:large, max-video-preview:-1\" \/>\n<link rel=\"canonical\" href=\"https:\/\/www.orto24.lt\/en\/produktas\/prim-max-semi-flexible-lumbar-splint\/\" \/>\n<meta property=\"og:locale\" content=\"en_US\" \/>\n<meta property=\"og:type\" content=\"article\" \/>\n<meta property=\"og:title\" content=\"PRIM Max semi-flexible lumbar splint - Ortopedini\u0173 preki\u0173 parduotuv\u0117 - orto24.lt\" \/>\n<meta property=\"og:description\" content=\"Semi-flexible lumbar splint made of double-layer stretch fabric. Comfortable, lightweight and thanks to the dense and elastic material it adapts perfectly to the body shape.\" \/>\n<meta property=\"og:url\" content=\"https:\/\/www.orto24.lt\/en\/produktas\/prim-max-semi-flexible-lumbar-splint\/\" \/>\n<meta property=\"og:site_name\" content=\"Ortopedini\u0173 preki\u0173 parduotuv\u0117 - orto24.lt\" \/>\n<meta property=\"article:publisher\" content=\"https:\/\/www.facebook.com\/mtsprendimai\/\" \/>\n<meta property=\"og:image\" content=\"https:\/\/www.orto24.lt\/wp-content\/uploads\/2016\/04\/6033-1.jpg\" \/>\n\t<meta property=\"og:image:width\" content=\"1200\" \/>\n\t<meta property=\"og:image:height\" content=\"1100\" \/>\n\t<meta property=\"og:image:type\" content=\"image\/jpeg\" \/>\n<meta name=\"twitter:card\" content=\"summary_large_image\" \/>\n<script type=\"application\/ld+json\" class=\"yoast-schema-graph\">{\"@context\":\"https:\/\/schema.org\",\"@graph\":[{\"@type\":\"WebPage\",\"@id\":\"https:\/\/www.orto24.lt\/en\/produktas\/prim-max-semi-flexible-lumbar-splint\/\",\"url\":\"https:\/\/www.orto24.lt\/en\/produktas\/prim-max-semi-flexible-lumbar-splint\/\",\"name\":\"PRIM Max semi-flexible lumbar splint - Ortopedini\u0173 preki\u0173 parduotuv\u0117 - orto24.lt\",\"isPartOf\":{\"@id\":\"https:\/\/www.orto24.lt\/en\/#website\"},\"primaryImageOfPage\":{\"@id\":\"https:\/\/www.orto24.lt\/en\/produktas\/prim-max-semi-flexible-lumbar-splint\/#primaryimage\"},\"image\":{\"@id\":\"https:\/\/www.orto24.lt\/en\/produktas\/prim-max-semi-flexible-lumbar-splint\/#primaryimage\"},\"thumbnailUrl\":\"https:\/\/www.orto24.lt\/wp-content\/uploads\/2016\/04\/6033-1.jpg\",\"datePublished\":\"2016-04-01T12:19:40+00:00\",\"description\":\"Semi-flexible lumbar splint made of double-layer stretch fabric. Comfortable, lightweight and thanks to the dense and elastic material it adapts perfectly to the body shape.\",\"breadcrumb\":{\"@id\":\"https:\/\/www.orto24.lt\/en\/produktas\/prim-max-semi-flexible-lumbar-splint\/#breadcrumb\"},\"inLanguage\":\"en-US\",\"potentialAction\":[{\"@type\":\"ReadAction\",\"target\":[\"https:\/\/www.orto24.lt\/en\/produktas\/prim-max-semi-flexible-lumbar-splint\/\"]}]},{\"@type\":\"ImageObject\",\"inLanguage\":\"en-US\",\"@id\":\"https:\/\/www.orto24.lt\/en\/produktas\/prim-max-semi-flexible-lumbar-splint\/#primaryimage\",\"url\":\"https:\/\/www.orto24.lt\/wp-content\/uploads\/2016\/04\/6033-1.jpg\",\"contentUrl\":\"https:\/\/www.orto24.lt\/wp-content\/uploads\/2016\/04\/6033-1.jpg\",\"width\":1200,\"height\":1100,\"caption\":\"PRIM Max semi-flexible lumbar splint\"},{\"@type\":\"BreadcrumbList\",\"@id\":\"https:\/\/www.orto24.lt\/en\/produktas\/prim-max-semi-flexible-lumbar-splint\/#breadcrumb\",\"itemListElement\":[{\"@type\":\"ListItem\",\"position\":1,\"name\":\"Home\",\"item\":\"https:\/\/www.orto24.lt\/en\/\"},{\"@type\":\"ListItem\",\"position\":2,\"name\":\"Shop\",\"item\":\"https:\/\/www.orto24.lt\/en\/shop\/\"},{\"@type\":\"ListItem\",\"position\":3,\"name\":\"PRIM Max semi-flexible lumbar splint\"}]},{\"@type\":\"WebSite\",\"@id\":\"https:\/\/www.orto24.lt\/en\/#website\",\"url\":\"https:\/\/www.orto24.lt\/en\/\",\"name\":\"Ortopedini\u0173 preki\u0173 parduotuv\u0117 - orto24.lt\",\"description\":\"| orto24.lt\",\"potentialAction\":[{\"@type\":\"SearchAction\",\"target\":{\"@type\":\"EntryPoint\",\"urlTemplate\":\"https:\/\/www.orto24.lt\/en\/?s={search_term_string}\"},\"query-input\":{\"@type\":\"PropertyValueSpecification\",\"valueRequired\":true,\"valueName\":\"search_term_string\"}}],\"inLanguage\":\"en-US\"}]}<\/script>\n<!-- \/ Yoast SEO plugin. -->","yoast_head_json":{"title":"PRIM Max semi-flexible lumbar splint - Ortopedini\u0173 preki\u0173 parduotuv\u0117 - orto24.lt","description":"Semi-flexible lumbar splint made of double-layer stretch fabric. Comfortable, lightweight and thanks to the dense and elastic material it adapts perfectly to the body shape.","robots":{"index":"index","follow":"follow","max-snippet":"max-snippet:-1","max-image-preview":"max-image-preview:large","max-video-preview":"max-video-preview:-1"},"canonical":"https:\/\/www.orto24.lt\/en\/produktas\/prim-max-semi-flexible-lumbar-splint\/","og_locale":"en_US","og_type":"article","og_title":"PRIM Max semi-flexible lumbar splint - Ortopedini\u0173 preki\u0173 parduotuv\u0117 - orto24.lt","og_description":"Semi-flexible lumbar splint made of double-layer stretch fabric. Comfortable, lightweight and thanks to the dense and elastic material it adapts perfectly to the body shape.","og_url":"https:\/\/www.orto24.lt\/en\/produktas\/prim-max-semi-flexible-lumbar-splint\/","og_site_name":"Ortopedini\u0173 preki\u0173 parduotuv\u0117 - orto24.lt","article_publisher":"https:\/\/www.facebook.com\/mtsprendimai\/","og_image":[{"width":1200,"height":1100,"url":"https:\/\/www.orto24.lt\/wp-content\/uploads\/2016\/04\/6033-1.jpg","type":"image\/jpeg"}],"twitter_card":"summary_large_image","schema":{"@context":"https:\/\/schema.org","@graph":[{"@type":"WebPage","@id":"https:\/\/www.orto24.lt\/en\/produktas\/prim-max-semi-flexible-lumbar-splint\/","url":"https:\/\/www.orto24.lt\/en\/produktas\/prim-max-semi-flexible-lumbar-splint\/","name":"PRIM Max semi-flexible lumbar splint - Ortopedini\u0173 preki\u0173 parduotuv\u0117 - orto24.lt","isPartOf":{"@id":"https:\/\/www.orto24.lt\/en\/#website"},"primaryImageOfPage":{"@id":"https:\/\/www.orto24.lt\/en\/produktas\/prim-max-semi-flexible-lumbar-splint\/#primaryimage"},"image":{"@id":"https:\/\/www.orto24.lt\/en\/produktas\/prim-max-semi-flexible-lumbar-splint\/#primaryimage"},"thumbnailUrl":"https:\/\/www.orto24.lt\/wp-content\/uploads\/2016\/04\/6033-1.jpg","datePublished":"2016-04-01T12:19:40+00:00","description":"Semi-flexible lumbar splint made of double-layer stretch fabric. Comfortable, lightweight and thanks to the dense and elastic material it adapts perfectly to the body shape.","breadcrumb":{"@id":"https:\/\/www.orto24.lt\/en\/produktas\/prim-max-semi-flexible-lumbar-splint\/#breadcrumb"},"inLanguage":"en-US","potentialAction":[{"@type":"ReadAction","target":["https:\/\/www.orto24.lt\/en\/produktas\/prim-max-semi-flexible-lumbar-splint\/"]}]},{"@type":"ImageObject","inLanguage":"en-US","@id":"https:\/\/www.orto24.lt\/en\/produktas\/prim-max-semi-flexible-lumbar-splint\/#primaryimage","url":"https:\/\/www.orto24.lt\/wp-content\/uploads\/2016\/04\/6033-1.jpg","contentUrl":"https:\/\/www.orto24.lt\/wp-content\/uploads\/2016\/04\/6033-1.jpg","width":1200,"height":1100,"caption":"PRIM Max semi-flexible lumbar splint"},{"@type":"BreadcrumbList","@id":"https:\/\/www.orto24.lt\/en\/produktas\/prim-max-semi-flexible-lumbar-splint\/#breadcrumb","itemListElement":[{"@type":"ListItem","position":1,"name":"Home","item":"https:\/\/www.orto24.lt\/en\/"},{"@type":"ListItem","position":2,"name":"Shop","item":"https:\/\/www.orto24.lt\/en\/shop\/"},{"@type":"ListItem","position":3,"name":"PRIM Max semi-flexible lumbar splint"}]},{"@type":"WebSite","@id":"https:\/\/www.orto24.lt\/en\/#website","url":"https:\/\/www.orto24.lt\/en\/","name":"Ortopedini\u0173 preki\u0173 parduotuv\u0117 - orto24.lt","description":"| orto24.lt","potentialAction":[{"@type":"SearchAction","target":{"@type":"EntryPoint","urlTemplate":"https:\/\/www.orto24.lt\/en\/?s={search_term_string}"},"query-input":{"@type":"PropertyValueSpecification","valueRequired":true,"valueName":"search_term_string"}}],"inLanguage":"en-US"}]}},"_links":{"self":[{"href":"https:\/\/www.orto24.lt\/en\/wp-json\/wp\/v2\/product\/30067","targetHints":{"allow":["GET"]}}],"collection":[{"href":"https:\/\/www.orto24.lt\/en\/wp-json\/wp\/v2\/product"}],"about":[{"href":"https:\/\/www.orto24.lt\/en\/wp-json\/wp\/v2\/types\/product"}],"replies":[{"embeddable":true,"href":"https:\/\/www.orto24.lt\/en\/wp-json\/wp\/v2\/comments?post=30067"}],"version-history":[{"count":0,"href":"https:\/\/www.orto24.lt\/en\/wp-json\/wp\/v2\/product\/30067\/revisions"}],"wp:featuredmedia":[{"embeddable":true,"href":"https:\/\/www.orto24.lt\/en\/wp-json\/wp\/v2\/media\/30081"}],"wp:attachment":[{"href":"https:\/\/www.orto24.lt\/en\/wp-json\/wp\/v2\/media?parent=30067"}],"wp:term":[{"taxonomy":"product_brand","embeddable":true,"href":"https:\/\/www.orto24.lt\/en\/wp-json\/wp\/v2\/product_brand?post=30067"},{"taxonomy":"product_cat","embeddable":true,"href":"https:\/\/www.orto24.lt\/en\/wp-json\/wp\/v2\/product_cat?post=30067"},{"taxonomy":"product_tag","embeddable":true,"href":"https:\/\/www.orto24.lt\/en\/wp-json\/wp\/v2\/product_tag?post=30067"}],"curies":[{"name":"wp","href":"https:\/\/api.w.org\/{rel}","templated":true}]}}