{"id":30088,"date":"2016-03-10T12:01:15","date_gmt":"2016-03-10T12:01:15","guid":{"rendered":"https:\/\/www.orto24.lt\/produktas\/stabilogen-latex-free-knee-splint\/"},"modified":"2016-03-10T12:01:15","modified_gmt":"2016-03-10T12:01:15","slug":"stabilogen-latex-free-knee-splint","status":"publish","type":"product","link":"https:\/\/www.orto24.lt\/en\/produktas\/stabilogen-latex-free-knee-splint\/","title":{"rendered":"StabiloGen\u00ae latex-free knee splint"},"content":{"rendered":"<p>&nbsp;<\/p>\n<p>The knee brace with silicone ring stabilises the kneecap in the correct position, while the lateral fixators clamp and lightly reinforce the knee joint to prevent the risk of injury. The splint is softer in the knee flexion area and therefore does not irritate the tendons in the knee during movement. <\/p>\n<p>&nbsp;<\/p>\n<p><strong>Recommended:<\/strong><\/p>\n<ul>\n<li>Sprains of the ligaments and muscles of the knee joint.<\/li>\n<li>Knee pain.<\/li>\n<li>Arthrosis of the knee joint.<\/li>\n<li>Osteoarthritis.<\/li>\n<li>Sinovit.<\/li>\n<li>Inflammation of the tendons and joint capsules (bursae) in the knee joint.<\/li>\n<li>instability of the lateral ligaments,<\/li>\n<li>Instability of the pelvis, osteochondropathies. Malposition of the kneecap. <\/li>\n<li>Diseases of articular cartilage.<\/li>\n<li>For injury prevention.<\/li>\n<\/ul>\n<p>&nbsp;<\/p>\n<p><strong>Contraindications:<\/strong><\/p>\n<ul>\n<li>peripheral circulatory disorders,<\/li>\n<li>Lymphatic disorders,<\/li>\n<li>Reduced tissue sensitivity,<\/li>\n<li>Local skin diseases,<\/li>\n<li>hypersensitivity to the components of the splint material.<\/li>\n<\/ul>\n<p>&nbsp;<\/p>\n<p><strong>Further instructions:<\/strong><br \/>\nIt is not recommended to wear the splint at night to avoid disturbing blood circulation. Unless your doctor prescribes wearing the splint for a longer period of time. In case of numbness, it is recommended to remove the splint as soon as possible.  <\/p>\n<p>It is not recommended to use creams and ointments when using the splint, as they can damage the splint material.<\/p>\n<p>The splint is washed with soap and water, drained and left to dry.<\/p>\n<div id=\"attachment_5561\" style=\"width: 133px\" class=\"wp-caption alignnone\"><img decoding=\"async\" aria-describedby=\"caption-attachment-5561\" class=\"wp-image-5561 size-full\" src=\"https:\/\/www.orto24.lt\/wp-content\/uploads\/2016\/02\/kelio-ismatavimai.jpg\" alt=\"track dimensions\" width=\"123\" height=\"129\" srcset=\"https:\/\/www.orto24.lt\/wp-content\/uploads\/2016\/02\/kelio-ismatavimai.jpg 123w, https:\/\/www.orto24.lt\/wp-content\/uploads\/2016\/02\/kelio-ismatavimai-24x24.jpg 24w, https:\/\/www.orto24.lt\/wp-content\/uploads\/2016\/02\/kelio-ismatavimai-34x36.jpg 34w, https:\/\/www.orto24.lt\/wp-content\/uploads\/2016\/02\/kelio-ismatavimai-46x48.jpg 46w\" sizes=\"(max-width: 123px) 100vw, 123px\" \/><p id=\"caption-attachment-5561\" class=\"wp-caption-text\">For sizing, measure the indicated areas<\/p><\/div>\n","protected":false},"excerpt":{"rendered":"<p>The knee brace with silicone ring stabilises the kneecap in the correct position, while the lateral fixators clamp and lightly reinforce the knee joint to prevent the risk of injury.<\/p>\n[caption id=\"attachment_5184\" align=\"alignnone\" width=\"298\"]<img decoding=\"async\" class=\"wp-image-5184 size-full\" src=\"https:\/\/www.orto24.lt\/wp-content\/uploads\/2016\/02\/BORT_Logo_De.png\" alt=\"\" width=\"298\" height=\"89\" srcset=\"https:\/\/www.orto24.lt\/wp-content\/uploads\/2016\/02\/BORT_Logo_De.png 298w, https:\/\/www.orto24.lt\/wp-content\/uploads\/2016\/02\/BORT_Logo_De-150x45.png 150w, https:\/\/www.orto24.lt\/wp-content\/uploads\/2016\/02\/BORT_Logo_De-24x7.png 24w, https:\/\/www.orto24.lt\/wp-content\/uploads\/2016\/02\/BORT_Logo_De-36x11.png 36w, https:\/\/www.orto24.lt\/wp-content\/uploads\/2016\/02\/BORT_Logo_De-48x14.png 48w\" sizes=\"(max-width: 298px) 100vw, 298px\" \/>  Made in Germany[\/caption]\n","protected":false},"featured_media":29619,"comment_status":"open","ping_status":"closed","template":"","meta":[],"product_brand":[],"product_cat":[1101,1201],"product_tag":[1211,1284,1129,1262,1260,1297,1299,1294,1278,1282,1102,1293,1106],"class_list":{"0":"post-30088","1":"product","2":"type-product","3":"status-publish","4":"has-post-thumbnail","6":"product_cat-braces","7":"product_cat-knee-and-thigh-splints","8":"product_tag-arthritis","9":"product_tag-articular-cartilage-2","10":"product_tag-bort","11":"product_tag-for-the-kneecap","12":"product_tag-for-the-road","13":"product_tag-knee-splint","14":"product_tag-latex-free","15":"product_tag-legs","16":"product_tag-osteoarthritis","17":"product_tag-sinovite","18":"product_tag-splint","19":"product_tag-sprains","20":"product_tag-trauma","22":"first","23":"instock","24":"taxable","25":"shipping-taxable","26":"purchasable","27":"product-type-variable"},"yoast_head":"<!-- This site is optimized with the Yoast SEO plugin v26.0 - https:\/\/yoast.com\/wordpress\/plugins\/seo\/ -->\n<title>StabiloGen\u00ae latex-free knee splint - Ortopedini\u0173 preki\u0173 parduotuv\u0117 - orto24.lt<\/title>\n<meta name=\"robots\" content=\"index, follow, max-snippet:-1, max-image-preview:large, max-video-preview:-1\" \/>\n<link rel=\"canonical\" href=\"https:\/\/www.orto24.lt\/en\/produktas\/stabilogen-latex-free-knee-splint\/\" \/>\n<meta property=\"og:locale\" content=\"en_US\" \/>\n<meta property=\"og:type\" content=\"article\" \/>\n<meta property=\"og:title\" content=\"StabiloGen\u00ae latex-free knee splint - Ortopedini\u0173 preki\u0173 parduotuv\u0117 - orto24.lt\" \/>\n<meta property=\"og:description\" content=\"The knee brace with silicone ring stabilises the kneecap in the correct position, while the lateral fixators clamp and lightly reinforce the knee joint to prevent the risk of injury.\" \/>\n<meta property=\"og:url\" content=\"https:\/\/www.orto24.lt\/en\/produktas\/stabilogen-latex-free-knee-splint\/\" \/>\n<meta property=\"og:site_name\" content=\"Ortopedini\u0173 preki\u0173 parduotuv\u0117 - orto24.lt\" \/>\n<meta property=\"article:publisher\" content=\"https:\/\/www.facebook.com\/mtsprendimai\/\" \/>\n<meta property=\"og:image\" content=\"https:\/\/www.orto24.lt\/wp-content\/uploads\/2016\/03\/bort-be-latekso-juodas.jpg\" \/>\n\t<meta property=\"og:image:width\" content=\"500\" \/>\n\t<meta property=\"og:image:height\" content=\"500\" \/>\n\t<meta property=\"og:image:type\" content=\"image\/jpeg\" \/>\n<meta name=\"twitter:card\" content=\"summary_large_image\" \/>\n<meta name=\"twitter:label1\" content=\"Est. reading time\" \/>\n\t<meta name=\"twitter:data1\" content=\"1 minute\" \/>\n<script type=\"application\/ld+json\" class=\"yoast-schema-graph\">{\"@context\":\"https:\/\/schema.org\",\"@graph\":[{\"@type\":\"WebPage\",\"@id\":\"https:\/\/www.orto24.lt\/en\/produktas\/stabilogen-latex-free-knee-splint\/\",\"url\":\"https:\/\/www.orto24.lt\/en\/produktas\/stabilogen-latex-free-knee-splint\/\",\"name\":\"StabiloGen\u00ae latex-free knee splint - Ortopedini\u0173 preki\u0173 parduotuv\u0117 - orto24.lt\",\"isPartOf\":{\"@id\":\"https:\/\/www.orto24.lt\/en\/#website\"},\"primaryImageOfPage\":{\"@id\":\"https:\/\/www.orto24.lt\/en\/produktas\/stabilogen-latex-free-knee-splint\/#primaryimage\"},\"image\":{\"@id\":\"https:\/\/www.orto24.lt\/en\/produktas\/stabilogen-latex-free-knee-splint\/#primaryimage\"},\"thumbnailUrl\":\"https:\/\/www.orto24.lt\/wp-content\/uploads\/2016\/03\/bort-be-latekso-juodas.jpg\",\"datePublished\":\"2016-03-10T12:01:15+00:00\",\"breadcrumb\":{\"@id\":\"https:\/\/www.orto24.lt\/en\/produktas\/stabilogen-latex-free-knee-splint\/#breadcrumb\"},\"inLanguage\":\"en-US\",\"potentialAction\":[{\"@type\":\"ReadAction\",\"target\":[\"https:\/\/www.orto24.lt\/en\/produktas\/stabilogen-latex-free-knee-splint\/\"]}]},{\"@type\":\"ImageObject\",\"inLanguage\":\"en-US\",\"@id\":\"https:\/\/www.orto24.lt\/en\/produktas\/stabilogen-latex-free-knee-splint\/#primaryimage\",\"url\":\"https:\/\/www.orto24.lt\/wp-content\/uploads\/2016\/03\/bort-be-latekso-juodas.jpg\",\"contentUrl\":\"https:\/\/www.orto24.lt\/wp-content\/uploads\/2016\/03\/bort-be-latekso-juodas.jpg\",\"width\":500,\"height\":500,\"caption\":\"StabiloGen\u00ae latex-free knee splint\"},{\"@type\":\"BreadcrumbList\",\"@id\":\"https:\/\/www.orto24.lt\/en\/produktas\/stabilogen-latex-free-knee-splint\/#breadcrumb\",\"itemListElement\":[{\"@type\":\"ListItem\",\"position\":1,\"name\":\"Home\",\"item\":\"https:\/\/www.orto24.lt\/en\/\"},{\"@type\":\"ListItem\",\"position\":2,\"name\":\"Shop\",\"item\":\"https:\/\/www.orto24.lt\/en\/shop\/\"},{\"@type\":\"ListItem\",\"position\":3,\"name\":\"StabiloGen\u00ae latex-free knee splint\"}]},{\"@type\":\"WebSite\",\"@id\":\"https:\/\/www.orto24.lt\/en\/#website\",\"url\":\"https:\/\/www.orto24.lt\/en\/\",\"name\":\"Ortopedini\u0173 preki\u0173 parduotuv\u0117 - orto24.lt\",\"description\":\"| orto24.lt\",\"potentialAction\":[{\"@type\":\"SearchAction\",\"target\":{\"@type\":\"EntryPoint\",\"urlTemplate\":\"https:\/\/www.orto24.lt\/en\/?s={search_term_string}\"},\"query-input\":{\"@type\":\"PropertyValueSpecification\",\"valueRequired\":true,\"valueName\":\"search_term_string\"}}],\"inLanguage\":\"en-US\"}]}<\/script>\n<!-- \/ Yoast SEO plugin. -->","yoast_head_json":{"title":"StabiloGen\u00ae latex-free knee splint - Ortopedini\u0173 preki\u0173 parduotuv\u0117 - orto24.lt","robots":{"index":"index","follow":"follow","max-snippet":"max-snippet:-1","max-image-preview":"max-image-preview:large","max-video-preview":"max-video-preview:-1"},"canonical":"https:\/\/www.orto24.lt\/en\/produktas\/stabilogen-latex-free-knee-splint\/","og_locale":"en_US","og_type":"article","og_title":"StabiloGen\u00ae latex-free knee splint - Ortopedini\u0173 preki\u0173 parduotuv\u0117 - orto24.lt","og_description":"The knee brace with silicone ring stabilises the kneecap in the correct position, while the lateral fixators clamp and lightly reinforce the knee joint to prevent the risk of injury.","og_url":"https:\/\/www.orto24.lt\/en\/produktas\/stabilogen-latex-free-knee-splint\/","og_site_name":"Ortopedini\u0173 preki\u0173 parduotuv\u0117 - orto24.lt","article_publisher":"https:\/\/www.facebook.com\/mtsprendimai\/","og_image":[{"width":500,"height":500,"url":"https:\/\/www.orto24.lt\/wp-content\/uploads\/2016\/03\/bort-be-latekso-juodas.jpg","type":"image\/jpeg"}],"twitter_card":"summary_large_image","twitter_misc":{"Est. reading time":"1 minute"},"schema":{"@context":"https:\/\/schema.org","@graph":[{"@type":"WebPage","@id":"https:\/\/www.orto24.lt\/en\/produktas\/stabilogen-latex-free-knee-splint\/","url":"https:\/\/www.orto24.lt\/en\/produktas\/stabilogen-latex-free-knee-splint\/","name":"StabiloGen\u00ae latex-free knee splint - Ortopedini\u0173 preki\u0173 parduotuv\u0117 - orto24.lt","isPartOf":{"@id":"https:\/\/www.orto24.lt\/en\/#website"},"primaryImageOfPage":{"@id":"https:\/\/www.orto24.lt\/en\/produktas\/stabilogen-latex-free-knee-splint\/#primaryimage"},"image":{"@id":"https:\/\/www.orto24.lt\/en\/produktas\/stabilogen-latex-free-knee-splint\/#primaryimage"},"thumbnailUrl":"https:\/\/www.orto24.lt\/wp-content\/uploads\/2016\/03\/bort-be-latekso-juodas.jpg","datePublished":"2016-03-10T12:01:15+00:00","breadcrumb":{"@id":"https:\/\/www.orto24.lt\/en\/produktas\/stabilogen-latex-free-knee-splint\/#breadcrumb"},"inLanguage":"en-US","potentialAction":[{"@type":"ReadAction","target":["https:\/\/www.orto24.lt\/en\/produktas\/stabilogen-latex-free-knee-splint\/"]}]},{"@type":"ImageObject","inLanguage":"en-US","@id":"https:\/\/www.orto24.lt\/en\/produktas\/stabilogen-latex-free-knee-splint\/#primaryimage","url":"https:\/\/www.orto24.lt\/wp-content\/uploads\/2016\/03\/bort-be-latekso-juodas.jpg","contentUrl":"https:\/\/www.orto24.lt\/wp-content\/uploads\/2016\/03\/bort-be-latekso-juodas.jpg","width":500,"height":500,"caption":"StabiloGen\u00ae latex-free knee splint"},{"@type":"BreadcrumbList","@id":"https:\/\/www.orto24.lt\/en\/produktas\/stabilogen-latex-free-knee-splint\/#breadcrumb","itemListElement":[{"@type":"ListItem","position":1,"name":"Home","item":"https:\/\/www.orto24.lt\/en\/"},{"@type":"ListItem","position":2,"name":"Shop","item":"https:\/\/www.orto24.lt\/en\/shop\/"},{"@type":"ListItem","position":3,"name":"StabiloGen\u00ae latex-free knee splint"}]},{"@type":"WebSite","@id":"https:\/\/www.orto24.lt\/en\/#website","url":"https:\/\/www.orto24.lt\/en\/","name":"Ortopedini\u0173 preki\u0173 parduotuv\u0117 - orto24.lt","description":"| orto24.lt","potentialAction":[{"@type":"SearchAction","target":{"@type":"EntryPoint","urlTemplate":"https:\/\/www.orto24.lt\/en\/?s={search_term_string}"},"query-input":{"@type":"PropertyValueSpecification","valueRequired":true,"valueName":"search_term_string"}}],"inLanguage":"en-US"}]}},"_links":{"self":[{"href":"https:\/\/www.orto24.lt\/en\/wp-json\/wp\/v2\/product\/30088","targetHints":{"allow":["GET"]}}],"collection":[{"href":"https:\/\/www.orto24.lt\/en\/wp-json\/wp\/v2\/product"}],"about":[{"href":"https:\/\/www.orto24.lt\/en\/wp-json\/wp\/v2\/types\/product"}],"replies":[{"embeddable":true,"href":"https:\/\/www.orto24.lt\/en\/wp-json\/wp\/v2\/comments?post=30088"}],"version-history":[{"count":0,"href":"https:\/\/www.orto24.lt\/en\/wp-json\/wp\/v2\/product\/30088\/revisions"}],"wp:featuredmedia":[{"embeddable":true,"href":"https:\/\/www.orto24.lt\/en\/wp-json\/wp\/v2\/media\/29619"}],"wp:attachment":[{"href":"https:\/\/www.orto24.lt\/en\/wp-json\/wp\/v2\/media?parent=30088"}],"wp:term":[{"taxonomy":"product_brand","embeddable":true,"href":"https:\/\/www.orto24.lt\/en\/wp-json\/wp\/v2\/product_brand?post=30088"},{"taxonomy":"product_cat","embeddable":true,"href":"https:\/\/www.orto24.lt\/en\/wp-json\/wp\/v2\/product_cat?post=30088"},{"taxonomy":"product_tag","embeddable":true,"href":"https:\/\/www.orto24.lt\/en\/wp-json\/wp\/v2\/product_tag?post=30088"}],"curies":[{"name":"wp","href":"https:\/\/api.w.org\/{rel}","templated":true}]}}