{"id":30111,"date":"2016-03-10T13:05:33","date_gmt":"2016-03-10T13:05:33","guid":{"rendered":"https:\/\/www.orto24.lt\/produktas\/stabilofix-posture-corrector\/"},"modified":"2016-03-10T13:05:33","modified_gmt":"2016-03-10T13:05:33","slug":"stabilofix-posture-corrector","status":"publish","type":"product","link":"https:\/\/www.orto24.lt\/en\/produktas\/stabilofix-posture-corrector\/","title":{"rendered":"StabiloFix\u00ae Posture Corrector"},"content":{"rendered":"<p>The Universal Back Brace corrects your posture by bringing your shoulders and shoulder blades back into the correct position. Recommended to be worn for a maximum of 3-4 hours per day. <strong> <\/strong><\/p>\n<p>&nbsp;<\/p>\n<p><strong>Usage:  <\/strong><\/p>\n<ol>\n<li>Unpack the hard Velcro (keep it for fastening in step 6)<\/li>\n<li>Insert the fixing straps through the loops on the back (first one strap and then the other) to form the shoulder straps. Then put the braces on so that the spine is in the centre of the back. <\/li>\n<li>Stretch your hips forward until you feel that your back is in the correct position<\/li>\n<li>Tighten the straps to cover the shoulders firmly<\/li>\n<li>If the bands are too long, shorten them with scissors according to your body measurements.<\/li>\n<li>Fasten the tapes together with hard Velcro<\/li>\n<\/ol>\n<p>&nbsp;<\/p>\n<p><strong>Recommended:<\/strong><\/p>\n<ul>\n<li>In case of dorsalgia,<\/li>\n<li>correcting kyphotic posture<\/li>\n<li>For the prevention of thoracic kyphosis (from hunchback)<\/li>\n<\/ul>\n<p><strong> <\/strong><\/p>\n<p><strong>Contraindications:<\/strong><\/p>\n<ul>\n<li>peripheral circulatory disorders,<\/li>\n<li>Lymphatic disorders,<\/li>\n<li>Reduced tissue sensitivity,<\/li>\n<li>Local skin diseases,<\/li>\n<li>increased sensitivity to raw material components.<\/li>\n<\/ul>\n<p>&nbsp;<\/p>\n<p>&nbsp;<\/p>\n<p><strong>Further instructions:<\/strong><br \/>\nIt is not recommended to wear the splint at night to avoid disturbing blood circulation. Unless your doctor prescribes wearing the splint for a longer period of time. In case of numbness, it is recommended to remove the splint as soon as possible.  <\/p>\n<p>It is not recommended to use creams and ointments when using the splint, as they can damage the splint material.<\/p>\n<p>The splint is washed with soap and water, drained and left to dry.<\/p>\n<p>&nbsp;<\/p>\n<div id=\"attachment_6137\" style=\"width: 180px\" class=\"wp-caption alignnone\"><img decoding=\"async\" aria-describedby=\"caption-attachment-6137\" class=\"wp-image-6137 size-full\" src=\"https:\/\/www.orto24.lt\/wp-content\/uploads\/2016\/03\/krutine.jpg\" alt=\"Krutine\" width=\"170\" height=\"145\" srcset=\"https:\/\/www.orto24.lt\/wp-content\/uploads\/2016\/03\/krutine.jpg 170w, https:\/\/www.orto24.lt\/wp-content\/uploads\/2016\/03\/krutine-150x128.jpg 150w, https:\/\/www.orto24.lt\/wp-content\/uploads\/2016\/03\/krutine-24x20.jpg 24w, https:\/\/www.orto24.lt\/wp-content\/uploads\/2016\/03\/krutine-36x31.jpg 36w, https:\/\/www.orto24.lt\/wp-content\/uploads\/2016\/03\/krutine-48x41.jpg 48w\" sizes=\"(max-width: 170px) 100vw, 170px\" \/><p id=\"caption-attachment-6137\" class=\"wp-caption-text\">For sizing, measure the specified area<\/p><\/div>\n","protected":false},"excerpt":{"rendered":"<p>The Universal Back Brace corrects your posture by bringing your shoulders and shoulder blades back into the correct position. Recommended to be worn for a maximum of 3-4 hours per day. <strong> <\/strong><\/p>\n<p>&nbsp;<\/p>\n[caption id=\"attachment_5184\" align=\"alignnone\" width=\"298\"]<img decoding=\"async\" class=\"wp-image-5184 size-full\" src=\"https:\/\/www.orto24.lt\/wp-content\/uploads\/2016\/02\/BORT_Logo_De.png\" alt=\"\" width=\"298\" height=\"89\" srcset=\"https:\/\/www.orto24.lt\/wp-content\/uploads\/2016\/02\/BORT_Logo_De.png 298w, https:\/\/www.orto24.lt\/wp-content\/uploads\/2016\/02\/BORT_Logo_De-150x45.png 150w, https:\/\/www.orto24.lt\/wp-content\/uploads\/2016\/02\/BORT_Logo_De-24x7.png 24w, https:\/\/www.orto24.lt\/wp-content\/uploads\/2016\/02\/BORT_Logo_De-36x11.png 36w, https:\/\/www.orto24.lt\/wp-content\/uploads\/2016\/02\/BORT_Logo_De-48x14.png 48w\" sizes=\"(max-width: 298px) 100vw, 298px\" \/>  Made in Germany[\/caption]\n","protected":false},"featured_media":30117,"comment_status":"open","ping_status":"closed","template":"","meta":[],"product_brand":[],"product_cat":[1101,1115,1302],"product_tag":[1301,1129,1303,1232,1304,1104,1270,1305,1102,1105],"class_list":{"0":"post-30111","1":"product","2":"type-product","3":"status-publish","4":"has-post-thumbnail","6":"product_cat-braces","7":"product_cat-posture-correctors","8":"product_cat-splints-for-children","9":"product_tag-backpacking","10":"product_tag-bort","11":"product_tag-childrens","12":"product_tag-dorsalgia","13":"product_tag-for-child","14":"product_tag-for-your-back","15":"product_tag-proofreader","16":"product_tag-spider-adjuster","17":"product_tag-splint","18":"product_tag-universal","20":"first","21":"instock","22":"taxable","23":"shipping-taxable","24":"purchasable","25":"product-type-variable","26":"has-default-attributes"},"yoast_head":"<!-- This site is optimized with the Yoast SEO plugin v26.0 - https:\/\/yoast.com\/wordpress\/plugins\/seo\/ -->\n<title>StabiloFix\u00ae Posture Corrector - Ortopedini\u0173 preki\u0173 parduotuv\u0117 - orto24.lt<\/title>\n<meta name=\"description\" content=\"The Universal Back Brace corrects your posture by bringing your shoulders and shoulder blades back into the correct position. Recommended to be worn for a maximum of 3-4 hours per day.\" \/>\n<meta name=\"robots\" content=\"index, follow, max-snippet:-1, max-image-preview:large, max-video-preview:-1\" \/>\n<link rel=\"canonical\" href=\"https:\/\/www.orto24.lt\/en\/produktas\/stabilofix-posture-corrector\/\" \/>\n<meta property=\"og:locale\" content=\"en_US\" \/>\n<meta property=\"og:type\" content=\"article\" \/>\n<meta property=\"og:title\" content=\"StabiloFix\u00ae Posture Corrector - Ortopedini\u0173 preki\u0173 parduotuv\u0117 - orto24.lt\" \/>\n<meta property=\"og:description\" content=\"The Universal Back Brace corrects your posture by bringing your shoulders and shoulder blades back into the correct position. Recommended to be worn for a maximum of 3-4 hours per day.\" \/>\n<meta property=\"og:url\" content=\"https:\/\/www.orto24.lt\/en\/produktas\/stabilofix-posture-corrector\/\" \/>\n<meta property=\"og:site_name\" content=\"Ortopedini\u0173 preki\u0173 parduotuv\u0117 - orto24.lt\" \/>\n<meta property=\"article:publisher\" content=\"https:\/\/www.facebook.com\/mtsprendimai\/\" \/>\n<meta property=\"og:image\" content=\"https:\/\/www.orto24.lt\/wp-content\/uploads\/2016\/03\/104600_blau_hinten.jpg\" \/>\n\t<meta property=\"og:image:width\" content=\"1181\" \/>\n\t<meta property=\"og:image:height\" content=\"1181\" \/>\n\t<meta property=\"og:image:type\" content=\"image\/jpeg\" \/>\n<meta name=\"twitter:card\" content=\"summary_large_image\" \/>\n<meta name=\"twitter:label1\" content=\"Est. reading time\" \/>\n\t<meta name=\"twitter:data1\" content=\"1 minute\" \/>\n<script type=\"application\/ld+json\" class=\"yoast-schema-graph\">{\"@context\":\"https:\/\/schema.org\",\"@graph\":[{\"@type\":\"WebPage\",\"@id\":\"https:\/\/www.orto24.lt\/en\/produktas\/stabilofix-posture-corrector\/\",\"url\":\"https:\/\/www.orto24.lt\/en\/produktas\/stabilofix-posture-corrector\/\",\"name\":\"StabiloFix\u00ae Posture Corrector - Ortopedini\u0173 preki\u0173 parduotuv\u0117 - orto24.lt\",\"isPartOf\":{\"@id\":\"https:\/\/www.orto24.lt\/en\/#website\"},\"primaryImageOfPage\":{\"@id\":\"https:\/\/www.orto24.lt\/en\/produktas\/stabilofix-posture-corrector\/#primaryimage\"},\"image\":{\"@id\":\"https:\/\/www.orto24.lt\/en\/produktas\/stabilofix-posture-corrector\/#primaryimage\"},\"thumbnailUrl\":\"https:\/\/www.orto24.lt\/wp-content\/uploads\/2016\/03\/104600_blau_hinten.jpg\",\"datePublished\":\"2016-03-10T13:05:33+00:00\",\"description\":\"The Universal Back Brace corrects your posture by bringing your shoulders and shoulder blades back into the correct position. Recommended to be worn for a maximum of 3-4 hours per day.\",\"breadcrumb\":{\"@id\":\"https:\/\/www.orto24.lt\/en\/produktas\/stabilofix-posture-corrector\/#breadcrumb\"},\"inLanguage\":\"en-US\",\"potentialAction\":[{\"@type\":\"ReadAction\",\"target\":[\"https:\/\/www.orto24.lt\/en\/produktas\/stabilofix-posture-corrector\/\"]}]},{\"@type\":\"ImageObject\",\"inLanguage\":\"en-US\",\"@id\":\"https:\/\/www.orto24.lt\/en\/produktas\/stabilofix-posture-corrector\/#primaryimage\",\"url\":\"https:\/\/www.orto24.lt\/wp-content\/uploads\/2016\/03\/104600_blau_hinten.jpg\",\"contentUrl\":\"https:\/\/www.orto24.lt\/wp-content\/uploads\/2016\/03\/104600_blau_hinten.jpg\",\"width\":1181,\"height\":1181,\"caption\":\"StabiloFix\u00ae 1 posture corrector\"},{\"@type\":\"BreadcrumbList\",\"@id\":\"https:\/\/www.orto24.lt\/en\/produktas\/stabilofix-posture-corrector\/#breadcrumb\",\"itemListElement\":[{\"@type\":\"ListItem\",\"position\":1,\"name\":\"Home\",\"item\":\"https:\/\/www.orto24.lt\/en\/\"},{\"@type\":\"ListItem\",\"position\":2,\"name\":\"Shop\",\"item\":\"https:\/\/www.orto24.lt\/en\/shop\/\"},{\"@type\":\"ListItem\",\"position\":3,\"name\":\"StabiloFix\u00ae Posture Corrector\"}]},{\"@type\":\"WebSite\",\"@id\":\"https:\/\/www.orto24.lt\/en\/#website\",\"url\":\"https:\/\/www.orto24.lt\/en\/\",\"name\":\"Ortopedini\u0173 preki\u0173 parduotuv\u0117 - orto24.lt\",\"description\":\"| orto24.lt\",\"potentialAction\":[{\"@type\":\"SearchAction\",\"target\":{\"@type\":\"EntryPoint\",\"urlTemplate\":\"https:\/\/www.orto24.lt\/en\/?s={search_term_string}\"},\"query-input\":{\"@type\":\"PropertyValueSpecification\",\"valueRequired\":true,\"valueName\":\"search_term_string\"}}],\"inLanguage\":\"en-US\"}]}<\/script>\n<!-- \/ Yoast SEO plugin. -->","yoast_head_json":{"title":"StabiloFix\u00ae Posture Corrector - Ortopedini\u0173 preki\u0173 parduotuv\u0117 - orto24.lt","description":"The Universal Back Brace corrects your posture by bringing your shoulders and shoulder blades back into the correct position. Recommended to be worn for a maximum of 3-4 hours per day.","robots":{"index":"index","follow":"follow","max-snippet":"max-snippet:-1","max-image-preview":"max-image-preview:large","max-video-preview":"max-video-preview:-1"},"canonical":"https:\/\/www.orto24.lt\/en\/produktas\/stabilofix-posture-corrector\/","og_locale":"en_US","og_type":"article","og_title":"StabiloFix\u00ae Posture Corrector - Ortopedini\u0173 preki\u0173 parduotuv\u0117 - orto24.lt","og_description":"The Universal Back Brace corrects your posture by bringing your shoulders and shoulder blades back into the correct position. Recommended to be worn for a maximum of 3-4 hours per day.","og_url":"https:\/\/www.orto24.lt\/en\/produktas\/stabilofix-posture-corrector\/","og_site_name":"Ortopedini\u0173 preki\u0173 parduotuv\u0117 - orto24.lt","article_publisher":"https:\/\/www.facebook.com\/mtsprendimai\/","og_image":[{"width":1181,"height":1181,"url":"https:\/\/www.orto24.lt\/wp-content\/uploads\/2016\/03\/104600_blau_hinten.jpg","type":"image\/jpeg"}],"twitter_card":"summary_large_image","twitter_misc":{"Est. reading time":"1 minute"},"schema":{"@context":"https:\/\/schema.org","@graph":[{"@type":"WebPage","@id":"https:\/\/www.orto24.lt\/en\/produktas\/stabilofix-posture-corrector\/","url":"https:\/\/www.orto24.lt\/en\/produktas\/stabilofix-posture-corrector\/","name":"StabiloFix\u00ae Posture Corrector - Ortopedini\u0173 preki\u0173 parduotuv\u0117 - orto24.lt","isPartOf":{"@id":"https:\/\/www.orto24.lt\/en\/#website"},"primaryImageOfPage":{"@id":"https:\/\/www.orto24.lt\/en\/produktas\/stabilofix-posture-corrector\/#primaryimage"},"image":{"@id":"https:\/\/www.orto24.lt\/en\/produktas\/stabilofix-posture-corrector\/#primaryimage"},"thumbnailUrl":"https:\/\/www.orto24.lt\/wp-content\/uploads\/2016\/03\/104600_blau_hinten.jpg","datePublished":"2016-03-10T13:05:33+00:00","description":"The Universal Back Brace corrects your posture by bringing your shoulders and shoulder blades back into the correct position. Recommended to be worn for a maximum of 3-4 hours per day.","breadcrumb":{"@id":"https:\/\/www.orto24.lt\/en\/produktas\/stabilofix-posture-corrector\/#breadcrumb"},"inLanguage":"en-US","potentialAction":[{"@type":"ReadAction","target":["https:\/\/www.orto24.lt\/en\/produktas\/stabilofix-posture-corrector\/"]}]},{"@type":"ImageObject","inLanguage":"en-US","@id":"https:\/\/www.orto24.lt\/en\/produktas\/stabilofix-posture-corrector\/#primaryimage","url":"https:\/\/www.orto24.lt\/wp-content\/uploads\/2016\/03\/104600_blau_hinten.jpg","contentUrl":"https:\/\/www.orto24.lt\/wp-content\/uploads\/2016\/03\/104600_blau_hinten.jpg","width":1181,"height":1181,"caption":"StabiloFix\u00ae 1 posture corrector"},{"@type":"BreadcrumbList","@id":"https:\/\/www.orto24.lt\/en\/produktas\/stabilofix-posture-corrector\/#breadcrumb","itemListElement":[{"@type":"ListItem","position":1,"name":"Home","item":"https:\/\/www.orto24.lt\/en\/"},{"@type":"ListItem","position":2,"name":"Shop","item":"https:\/\/www.orto24.lt\/en\/shop\/"},{"@type":"ListItem","position":3,"name":"StabiloFix\u00ae Posture Corrector"}]},{"@type":"WebSite","@id":"https:\/\/www.orto24.lt\/en\/#website","url":"https:\/\/www.orto24.lt\/en\/","name":"Ortopedini\u0173 preki\u0173 parduotuv\u0117 - orto24.lt","description":"| orto24.lt","potentialAction":[{"@type":"SearchAction","target":{"@type":"EntryPoint","urlTemplate":"https:\/\/www.orto24.lt\/en\/?s={search_term_string}"},"query-input":{"@type":"PropertyValueSpecification","valueRequired":true,"valueName":"search_term_string"}}],"inLanguage":"en-US"}]}},"_links":{"self":[{"href":"https:\/\/www.orto24.lt\/en\/wp-json\/wp\/v2\/product\/30111","targetHints":{"allow":["GET"]}}],"collection":[{"href":"https:\/\/www.orto24.lt\/en\/wp-json\/wp\/v2\/product"}],"about":[{"href":"https:\/\/www.orto24.lt\/en\/wp-json\/wp\/v2\/types\/product"}],"replies":[{"embeddable":true,"href":"https:\/\/www.orto24.lt\/en\/wp-json\/wp\/v2\/comments?post=30111"}],"version-history":[{"count":0,"href":"https:\/\/www.orto24.lt\/en\/wp-json\/wp\/v2\/product\/30111\/revisions"}],"wp:featuredmedia":[{"embeddable":true,"href":"https:\/\/www.orto24.lt\/en\/wp-json\/wp\/v2\/media\/30117"}],"wp:attachment":[{"href":"https:\/\/www.orto24.lt\/en\/wp-json\/wp\/v2\/media?parent=30111"}],"wp:term":[{"taxonomy":"product_brand","embeddable":true,"href":"https:\/\/www.orto24.lt\/en\/wp-json\/wp\/v2\/product_brand?post=30111"},{"taxonomy":"product_cat","embeddable":true,"href":"https:\/\/www.orto24.lt\/en\/wp-json\/wp\/v2\/product_cat?post=30111"},{"taxonomy":"product_tag","embeddable":true,"href":"https:\/\/www.orto24.lt\/en\/wp-json\/wp\/v2\/product_tag?post=30111"}],"curies":[{"name":"wp","href":"https:\/\/api.w.org\/{rel}","templated":true}]}}