{"id":30116,"date":"2016-06-28T11:07:51","date_gmt":"2016-06-28T11:07:51","guid":{"rendered":"https:\/\/www.orto24.lt\/produktas\/spenco-for-her-shoe-inserts-for-women\/"},"modified":"2016-06-28T11:07:51","modified_gmt":"2016-06-28T11:07:51","slug":"spenco-for-her-shoe-inserts-for-women","status":"publish","type":"product","link":"https:\/\/www.orto24.lt\/en\/produktas\/spenco-for-her-shoe-inserts-for-women\/","title":{"rendered":"SPENCO FOR HER: shoe inserts for women"},"content":{"rendered":"<h1>SPENCO FOR HER: shoe inserts for women<\/h1>\n<p>Shoe inserts for women that can do what conventional insoles for men can&#8217;t &#8211; address the <strong>increased angle of the quadriceps muscle<\/strong> in every natural step a woman takes.<\/p>\n<p>When a woman runs, the impact of the foot causes supination (outward rotation of the foot) and pronation (inward distribution of weight). Over time, these conflicting forces can develop into potentially dangerous strains in the foot, ankle and knee. <\/p>\n<p>Based on Q Factor\u00ae technology from American manufacturer Spenco, the Q Factor\u00ae outsole helps to direct the natural gait into a centred and balanced trajectory. During wear, the insoles will adapt to the shape of your foot while extending the life of your footwear. <\/p>\n<p>&nbsp;<\/p>\n<h3 class=\"heading-md margin-bottom-20\"><span style=\"font-family: 'Arial Black', Gadget, sans-serif; color: #008000;\">Advantages over other liners:<\/span><\/h3>\n<div><span style=\"font-size: 14pt;\">&#8211; Comfortable and deep heel cup;<\/span><\/div>\n<div><span style=\"font-size: 14pt;\">&#8211; Semi-rigid arch support (reduces forefoot pain);<\/span><\/div>\n<div><span style=\"font-size: 14pt;\">&#8211; <sup>3-Pod\u2122<\/sup> patented shock absorption system;<\/span><\/div>\n<div><span style=\"font-size: 14pt;\">&#8211; An antibacterial agent prevents bad odours;<\/span><\/div>\n<div><span style=\"font-size: 14pt;\">&#8211; Forefoot lining;<\/span><\/div>\n<div><\/div>\n<div><\/div>\n<div><\/div>\n<div><\/div>\n<p><iframe src=\"https:\/\/www.youtube.com\/embed\/VV_k5kbICUc?rel=0&amp;showinfo=0\" width=\"560\" height=\"315\" frameborder=\"0\" allowfullscreen=\"allowfullscreen\"><\/iframe><br \/>\n<iframe src=\"https:\/\/www.youtube.com\/embed\/56T3TFUoMe8?rel=0&amp;showinfo=0\" width=\"560\" height=\"315\" frameborder=\"0\" allowfullscreen=\"allowfullscreen\"><\/iframe><\/p>\n<p>&nbsp;<\/p>\n<p><a href=\"https:\/\/www.orto24.lt\/wp-content\/uploads\/2016\/06\/26_HerTotalSupport-712x1024.jpg\"><img fetchpriority=\"high\" decoding=\"async\" class=\"alignnone size-large wp-image-7645\" src=\"https:\/\/www.orto24.lt\/wp-content\/uploads\/2016\/06\/26_HerTotalSupport-712x1024.jpg\" alt=\"26_HerTotalSupport\" width=\"712\" height=\"1024\" srcset=\"https:\/\/www.orto24.lt\/wp-content\/uploads\/2016\/06\/26_HerTotalSupport-712x1024.jpg 712w, https:\/\/www.orto24.lt\/wp-content\/uploads\/2016\/06\/26_HerTotalSupport-scaled-150x216.jpg 150w, https:\/\/www.orto24.lt\/wp-content\/uploads\/2016\/06\/26_HerTotalSupport-scaled-500x719.jpg 500w, https:\/\/www.orto24.lt\/wp-content\/uploads\/2016\/06\/26_HerTotalSupport-209x300.jpg 209w, https:\/\/www.orto24.lt\/wp-content\/uploads\/2016\/06\/26_HerTotalSupport-768x1104.jpg 768w, https:\/\/www.orto24.lt\/wp-content\/uploads\/2016\/06\/26_HerTotalSupport-510x733.jpg 510w, https:\/\/www.orto24.lt\/wp-content\/uploads\/2016\/06\/26_HerTotalSupport-17x24.jpg 17w, https:\/\/www.orto24.lt\/wp-content\/uploads\/2016\/06\/26_HerTotalSupport-25x36.jpg 25w, https:\/\/www.orto24.lt\/wp-content\/uploads\/2016\/06\/26_HerTotalSupport-33x48.jpg 33w, https:\/\/www.orto24.lt\/wp-content\/uploads\/2016\/06\/26_HerTotalSupport-scaled.jpg 1781w\" sizes=\"(max-width: 712px) 100vw, 712px\" \/><\/a><\/p>\n","protected":false},"excerpt":{"rendered":"<p>Insoles that can do what conventional insoles for men do not &#8211; address the <strong>increased angle of the quadriceps muscle<\/strong> in every natural step of a woman.<\/p>\n<p>&nbsp;<\/p>\n<p>&nbsp;<\/p>\n<p><img decoding=\"async\" class=\"wp-image-7626 alignleft\" src=\"https:\/\/www.orto24.lt\/wp-content\/uploads\/2016\/06\/icon-APMA.gif\" alt=\"icon-APMA\" width=\"138\" height=\"134\"><br \/>\n<img decoding=\"async\" class=\" wp-image-7621 alignleft\" src=\"https:\/\/www.orto24.lt\/wp-content\/uploads\/2016\/06\/spenco-logo-1024x294.png\" alt=\"spenco logo\" width=\"306\" height=\"88\" srcset=\"https:\/\/www.orto24.lt\/wp-content\/uploads\/2016\/06\/spenco-logo-1024x294.png 1024w, https:\/\/www.orto24.lt\/wp-content\/uploads\/2016\/06\/spenco-logo-150x43.png 150w, https:\/\/www.orto24.lt\/wp-content\/uploads\/2016\/06\/spenco-logo-500x144.png 500w, https:\/\/www.orto24.lt\/wp-content\/uploads\/2016\/06\/spenco-logo-300x86.png 300w, https:\/\/www.orto24.lt\/wp-content\/uploads\/2016\/06\/spenco-logo-768x221.png 768w, https:\/\/www.orto24.lt\/wp-content\/uploads\/2016\/06\/spenco-logo-510x147.png 510w, https:\/\/www.orto24.lt\/wp-content\/uploads\/2016\/06\/spenco-logo-24x7.png 24w, https:\/\/www.orto24.lt\/wp-content\/uploads\/2016\/06\/spenco-logo-36x10.png 36w, https:\/\/www.orto24.lt\/wp-content\/uploads\/2016\/06\/spenco-logo-48x14.png 48w, https:\/\/www.orto24.lt\/wp-content\/uploads\/2016\/06\/spenco-logo.png 1280w\" sizes=\"(max-width: 306px) 100vw, 306px\" \/><\/p>\n","protected":false},"featured_media":30129,"comment_status":"open","ping_status":"closed","template":"","meta":[],"product_brand":[],"product_cat":[1137],"product_tag":[1319,1309,1313,1308,1139,1311,1310,1307,1315,1306,1312,1314,1317],"class_list":{"0":"post-30116","1":"product","2":"type-product","3":"status-publish","4":"has-post-thumbnail","6":"product_cat-orthopaedic-inserts","7":"product_tag-flatfoot","8":"product_tag-footwear","9":"product_tag-for-women","10":"product_tag-inserts","11":"product_tag-insoles","12":"product_tag-medical","13":"product_tag-orthopaedic","14":"product_tag-pads","15":"product_tag-pronation","16":"product_tag-rocker-arms","17":"product_tag-spenco","18":"product_tag-supination","19":"product_tag-vault","21":"first","22":"outofstock","23":"taxable","24":"shipping-taxable","25":"purchasable","26":"product-type-variable"},"yoast_head":"<!-- This site is optimized with the Yoast SEO plugin v26.0 - https:\/\/yoast.com\/wordpress\/plugins\/seo\/ -->\n<title>American shoe inserts for women<\/title>\n<meta name=\"description\" content=\"Shoe inserts for women can do what conventional insoles for men can&#039;t - address increased quadriceps angle.\" \/>\n<meta name=\"robots\" content=\"index, follow, max-snippet:-1, max-image-preview:large, max-video-preview:-1\" \/>\n<link rel=\"canonical\" href=\"https:\/\/www.orto24.lt\/en\/produktas\/spenco-for-her-shoe-inserts-for-women\/\" \/>\n<meta property=\"og:locale\" content=\"en_US\" \/>\n<meta property=\"og:type\" content=\"article\" \/>\n<meta property=\"og:title\" content=\"American shoe inserts for women\" \/>\n<meta property=\"og:description\" content=\"Shoe inserts for women can do what conventional insoles for men can&#039;t - address increased quadriceps angle.\" \/>\n<meta property=\"og:url\" content=\"https:\/\/www.orto24.lt\/en\/produktas\/spenco-for-her-shoe-inserts-for-women\/\" \/>\n<meta property=\"og:site_name\" content=\"Ortopedini\u0173 preki\u0173 parduotuv\u0117 - orto24.lt\" \/>\n<meta property=\"article:publisher\" content=\"https:\/\/www.facebook.com\/mtsprendimai\/\" \/>\n<meta property=\"og:image\" content=\"https:\/\/www.orto24.lt\/wp-content\/uploads\/2016\/06\/for-her.jpg\" \/>\n\t<meta property=\"og:image:width\" content=\"305\" \/>\n\t<meta property=\"og:image:height\" content=\"621\" \/>\n\t<meta property=\"og:image:type\" content=\"image\/jpeg\" \/>\n<meta name=\"twitter:card\" content=\"summary_large_image\" \/>\n<meta name=\"twitter:label1\" content=\"Est. reading time\" \/>\n\t<meta name=\"twitter:data1\" content=\"1 minute\" \/>\n<script type=\"application\/ld+json\" class=\"yoast-schema-graph\">{\"@context\":\"https:\/\/schema.org\",\"@graph\":[{\"@type\":\"WebPage\",\"@id\":\"https:\/\/www.orto24.lt\/en\/produktas\/spenco-for-her-shoe-inserts-for-women\/\",\"url\":\"https:\/\/www.orto24.lt\/en\/produktas\/spenco-for-her-shoe-inserts-for-women\/\",\"name\":\"American shoe inserts for women\",\"isPartOf\":{\"@id\":\"https:\/\/www.orto24.lt\/en\/#website\"},\"primaryImageOfPage\":{\"@id\":\"https:\/\/www.orto24.lt\/en\/produktas\/spenco-for-her-shoe-inserts-for-women\/#primaryimage\"},\"image\":{\"@id\":\"https:\/\/www.orto24.lt\/en\/produktas\/spenco-for-her-shoe-inserts-for-women\/#primaryimage\"},\"thumbnailUrl\":\"https:\/\/www.orto24.lt\/wp-content\/uploads\/2016\/06\/for-her.jpg\",\"datePublished\":\"2016-06-28T11:07:51+00:00\",\"description\":\"Shoe inserts for women can do what conventional insoles for men can't - address increased quadriceps angle.\",\"breadcrumb\":{\"@id\":\"https:\/\/www.orto24.lt\/en\/produktas\/spenco-for-her-shoe-inserts-for-women\/#breadcrumb\"},\"inLanguage\":\"en-US\",\"potentialAction\":[{\"@type\":\"ReadAction\",\"target\":[\"https:\/\/www.orto24.lt\/en\/produktas\/spenco-for-her-shoe-inserts-for-women\/\"]}]},{\"@type\":\"ImageObject\",\"inLanguage\":\"en-US\",\"@id\":\"https:\/\/www.orto24.lt\/en\/produktas\/spenco-for-her-shoe-inserts-for-women\/#primaryimage\",\"url\":\"https:\/\/www.orto24.lt\/wp-content\/uploads\/2016\/06\/for-her.jpg\",\"contentUrl\":\"https:\/\/www.orto24.lt\/wp-content\/uploads\/2016\/06\/for-her.jpg\",\"width\":1200,\"height\":900,\"caption\":\"SPENCO FOR HER: shoe inserts for women 1\"},{\"@type\":\"BreadcrumbList\",\"@id\":\"https:\/\/www.orto24.lt\/en\/produktas\/spenco-for-her-shoe-inserts-for-women\/#breadcrumb\",\"itemListElement\":[{\"@type\":\"ListItem\",\"position\":1,\"name\":\"Home\",\"item\":\"https:\/\/www.orto24.lt\/en\/\"},{\"@type\":\"ListItem\",\"position\":2,\"name\":\"Shop\",\"item\":\"https:\/\/www.orto24.lt\/en\/shop\/\"},{\"@type\":\"ListItem\",\"position\":3,\"name\":\"SPENCO FOR HER: shoe inserts for women\"}]},{\"@type\":\"WebSite\",\"@id\":\"https:\/\/www.orto24.lt\/en\/#website\",\"url\":\"https:\/\/www.orto24.lt\/en\/\",\"name\":\"Ortopedini\u0173 preki\u0173 parduotuv\u0117 - orto24.lt\",\"description\":\"| orto24.lt\",\"potentialAction\":[{\"@type\":\"SearchAction\",\"target\":{\"@type\":\"EntryPoint\",\"urlTemplate\":\"https:\/\/www.orto24.lt\/en\/?s={search_term_string}\"},\"query-input\":{\"@type\":\"PropertyValueSpecification\",\"valueRequired\":true,\"valueName\":\"search_term_string\"}}],\"inLanguage\":\"en-US\"}]}<\/script>\n<!-- \/ Yoast SEO plugin. -->","yoast_head_json":{"title":"American shoe inserts for women","description":"Shoe inserts for women can do what conventional insoles for men can't - address increased quadriceps angle.","robots":{"index":"index","follow":"follow","max-snippet":"max-snippet:-1","max-image-preview":"max-image-preview:large","max-video-preview":"max-video-preview:-1"},"canonical":"https:\/\/www.orto24.lt\/en\/produktas\/spenco-for-her-shoe-inserts-for-women\/","og_locale":"en_US","og_type":"article","og_title":"American shoe inserts for women","og_description":"Shoe inserts for women can do what conventional insoles for men can't - address increased quadriceps angle.","og_url":"https:\/\/www.orto24.lt\/en\/produktas\/spenco-for-her-shoe-inserts-for-women\/","og_site_name":"Ortopedini\u0173 preki\u0173 parduotuv\u0117 - orto24.lt","article_publisher":"https:\/\/www.facebook.com\/mtsprendimai\/","og_image":[{"width":305,"height":621,"url":"https:\/\/www.orto24.lt\/wp-content\/uploads\/2016\/06\/for-her.jpg","type":"image\/jpeg"}],"twitter_card":"summary_large_image","twitter_misc":{"Est. reading time":"1 minute"},"schema":{"@context":"https:\/\/schema.org","@graph":[{"@type":"WebPage","@id":"https:\/\/www.orto24.lt\/en\/produktas\/spenco-for-her-shoe-inserts-for-women\/","url":"https:\/\/www.orto24.lt\/en\/produktas\/spenco-for-her-shoe-inserts-for-women\/","name":"American shoe inserts for women","isPartOf":{"@id":"https:\/\/www.orto24.lt\/en\/#website"},"primaryImageOfPage":{"@id":"https:\/\/www.orto24.lt\/en\/produktas\/spenco-for-her-shoe-inserts-for-women\/#primaryimage"},"image":{"@id":"https:\/\/www.orto24.lt\/en\/produktas\/spenco-for-her-shoe-inserts-for-women\/#primaryimage"},"thumbnailUrl":"https:\/\/www.orto24.lt\/wp-content\/uploads\/2016\/06\/for-her.jpg","datePublished":"2016-06-28T11:07:51+00:00","description":"Shoe inserts for women can do what conventional insoles for men can't - address increased quadriceps angle.","breadcrumb":{"@id":"https:\/\/www.orto24.lt\/en\/produktas\/spenco-for-her-shoe-inserts-for-women\/#breadcrumb"},"inLanguage":"en-US","potentialAction":[{"@type":"ReadAction","target":["https:\/\/www.orto24.lt\/en\/produktas\/spenco-for-her-shoe-inserts-for-women\/"]}]},{"@type":"ImageObject","inLanguage":"en-US","@id":"https:\/\/www.orto24.lt\/en\/produktas\/spenco-for-her-shoe-inserts-for-women\/#primaryimage","url":"https:\/\/www.orto24.lt\/wp-content\/uploads\/2016\/06\/for-her.jpg","contentUrl":"https:\/\/www.orto24.lt\/wp-content\/uploads\/2016\/06\/for-her.jpg","width":1200,"height":900,"caption":"SPENCO FOR HER: shoe inserts for women 1"},{"@type":"BreadcrumbList","@id":"https:\/\/www.orto24.lt\/en\/produktas\/spenco-for-her-shoe-inserts-for-women\/#breadcrumb","itemListElement":[{"@type":"ListItem","position":1,"name":"Home","item":"https:\/\/www.orto24.lt\/en\/"},{"@type":"ListItem","position":2,"name":"Shop","item":"https:\/\/www.orto24.lt\/en\/shop\/"},{"@type":"ListItem","position":3,"name":"SPENCO FOR HER: shoe inserts for women"}]},{"@type":"WebSite","@id":"https:\/\/www.orto24.lt\/en\/#website","url":"https:\/\/www.orto24.lt\/en\/","name":"Ortopedini\u0173 preki\u0173 parduotuv\u0117 - orto24.lt","description":"| orto24.lt","potentialAction":[{"@type":"SearchAction","target":{"@type":"EntryPoint","urlTemplate":"https:\/\/www.orto24.lt\/en\/?s={search_term_string}"},"query-input":{"@type":"PropertyValueSpecification","valueRequired":true,"valueName":"search_term_string"}}],"inLanguage":"en-US"}]}},"_links":{"self":[{"href":"https:\/\/www.orto24.lt\/en\/wp-json\/wp\/v2\/product\/30116","targetHints":{"allow":["GET"]}}],"collection":[{"href":"https:\/\/www.orto24.lt\/en\/wp-json\/wp\/v2\/product"}],"about":[{"href":"https:\/\/www.orto24.lt\/en\/wp-json\/wp\/v2\/types\/product"}],"replies":[{"embeddable":true,"href":"https:\/\/www.orto24.lt\/en\/wp-json\/wp\/v2\/comments?post=30116"}],"version-history":[{"count":0,"href":"https:\/\/www.orto24.lt\/en\/wp-json\/wp\/v2\/product\/30116\/revisions"}],"wp:featuredmedia":[{"embeddable":true,"href":"https:\/\/www.orto24.lt\/en\/wp-json\/wp\/v2\/media\/30129"}],"wp:attachment":[{"href":"https:\/\/www.orto24.lt\/en\/wp-json\/wp\/v2\/media?parent=30116"}],"wp:term":[{"taxonomy":"product_brand","embeddable":true,"href":"https:\/\/www.orto24.lt\/en\/wp-json\/wp\/v2\/product_brand?post=30116"},{"taxonomy":"product_cat","embeddable":true,"href":"https:\/\/www.orto24.lt\/en\/wp-json\/wp\/v2\/product_cat?post=30116"},{"taxonomy":"product_tag","embeddable":true,"href":"https:\/\/www.orto24.lt\/en\/wp-json\/wp\/v2\/product_tag?post=30116"}],"curies":[{"name":"wp","href":"https:\/\/api.w.org\/{rel}","templated":true}]}}