{"id":30138,"date":"2016-07-07T13:00:12","date_gmt":"2016-07-07T13:00:12","guid":{"rendered":"https:\/\/www.orto24.lt\/produktas\/bort-sports-kneecap-splint\/"},"modified":"2016-07-07T13:00:12","modified_gmt":"2016-07-07T13:00:12","slug":"bort-sports-kneecap-splint","status":"publish","type":"product","link":"https:\/\/www.orto24.lt\/en\/produktas\/bort-sports-kneecap-splint\/","title":{"rendered":"BORT sports kneecap splint"},"content":{"rendered":"<p>Sports kneecap with a knee brace with pressure pad under the knee.<\/p>\n<p>&nbsp;<\/p>\n<p><strong>Recommended<\/strong>:<\/p>\n<ul>\n<li>Instability of the pelvis, osteochondropathy,<\/li>\n<li>To correct the position of the kneecap.<\/li>\n<li>Recommended for use during rehabilitation, it stabilises the kneecap, fixes and warms the knee joint.<\/li>\n<li>The brace does not interfere with movement, reduces the likelihood of injury, and is designed to be worn during sports and mobility.<\/li>\n<li>For road stabilisation.<\/li>\n<li>A special splint support fixes the kneecap brace.<\/li>\n<li>For injury prevention.<\/li>\n<\/ul>\n<p>&nbsp;<\/p>\n<p>Indications:<\/p>\n<ul>\n<li>Osteochondropathy of the tibial tuberosity (Osgood-Schlatter disease).<\/li>\n<li>Sprain of the patellar ligament.<\/li>\n<\/ul>\n<p>&nbsp;<\/p>\n<p>Additional instructions:<\/p>\n<p>&nbsp;<\/p>\n<p>It is not recommended to wear the splint at night to avoid disturbing blood circulation. Unless your doctor prescribes wearing the splint for a longer period of time. <\/p>\n<p>It is recommended to remove the splint as soon as possible in case of numbness.<\/p>\n<p>It is not recommended to use creams and ointments when using the splint, as this can damage the splint material.<\/p>\n<p>The splint is washed with soap and water, drained and left to dry.<\/p>\n<p>&nbsp;<\/p>\n<div id=\"attachment_5561\" style=\"width: 133px\" class=\"wp-caption alignnone\"><img decoding=\"async\" aria-describedby=\"caption-attachment-5561\" class=\"wp-image-5561 size-full\" src=\"https:\/\/www.orto24.lt\/wp-content\/uploads\/2016\/02\/kelio-ismatavimai.jpg\" alt=\"track dimensions\" width=\"123\" height=\"129\" srcset=\"https:\/\/www.orto24.lt\/wp-content\/uploads\/2016\/02\/kelio-ismatavimai.jpg 123w, https:\/\/www.orto24.lt\/wp-content\/uploads\/2016\/02\/kelio-ismatavimai-24x24.jpg 24w, https:\/\/www.orto24.lt\/wp-content\/uploads\/2016\/02\/kelio-ismatavimai-34x36.jpg 34w, https:\/\/www.orto24.lt\/wp-content\/uploads\/2016\/02\/kelio-ismatavimai-46x48.jpg 46w\" sizes=\"(max-width: 123px) 100vw, 123px\" \/><p id=\"caption-attachment-5561\" class=\"wp-caption-text\">For sizing, measure the indicated areas<\/p><\/div>\n","protected":false},"excerpt":{"rendered":"<p>Sports kneecap splint with pressure pad under the knee.<\/p>\n[caption id=\"attachment_5184\" align=\"alignnone\" width=\"298\"]<img decoding=\"async\" class=\"wp-image-5184 size-full\" src=\"https:\/\/www.orto24.lt\/wp-content\/uploads\/2016\/02\/BORT_Logo_De.png\" alt=\"\" width=\"298\" height=\"89\" srcset=\"https:\/\/www.orto24.lt\/wp-content\/uploads\/2016\/02\/BORT_Logo_De.png 298w, https:\/\/www.orto24.lt\/wp-content\/uploads\/2016\/02\/BORT_Logo_De-150x45.png 150w, https:\/\/www.orto24.lt\/wp-content\/uploads\/2016\/02\/BORT_Logo_De-24x7.png 24w, https:\/\/www.orto24.lt\/wp-content\/uploads\/2016\/02\/BORT_Logo_De-36x11.png 36w, https:\/\/www.orto24.lt\/wp-content\/uploads\/2016\/02\/BORT_Logo_De-48x14.png 48w\" sizes=\"(max-width: 298px) 100vw, 298px\" \/>  Made in Germany[\/caption]\n","protected":false},"featured_media":30139,"comment_status":"open","ping_status":"closed","template":"","meta":[],"product_brand":[],"product_cat":[1101,1144,1201,1263],"product_tag":[1129,1205,1325,1142,1256,1262,1260,1186,1132,1243,1102,1150,1233],"class_list":{"0":"post-30138","1":"product","2":"type-product","3":"status-publish","4":"has-post-thumbnail","6":"product_cat-braces","7":"product_cat-braces-for-sport","8":"product_cat-knee-and-thigh-splints","9":"product_cat-knee-and-thigh-splints-for-sports","10":"product_tag-bort","11":"product_tag-for-osteochondropathy","12":"product_tag-for-road-stabilisation","13":"product_tag-for-sport","14":"product_tag-for-the-joint","15":"product_tag-for-the-kneecap","16":"product_tag-for-the-road","17":"product_tag-injury-prevention","18":"product_tag-orthopaedics","19":"product_tag-reinforce","20":"product_tag-splint","21":"product_tag-sports","22":"product_tag-sports-splint","24":"first","25":"instock","26":"taxable","27":"shipping-taxable","28":"purchasable","29":"product-type-variable"},"yoast_head":"<!-- This site is optimized with the Yoast SEO plugin v26.0 - https:\/\/yoast.com\/wordpress\/plugins\/seo\/ -->\n<title>BORT sports kneecap splint - Ortopedini\u0173 preki\u0173 parduotuv\u0117 - orto24.lt<\/title>\n<meta name=\"description\" content=\"Sports kneecap splint with pressure pad under the knee.\" \/>\n<meta name=\"robots\" content=\"index, follow, max-snippet:-1, max-image-preview:large, max-video-preview:-1\" \/>\n<link rel=\"canonical\" href=\"https:\/\/www.orto24.lt\/en\/produktas\/bort-sports-kneecap-splint\/\" \/>\n<meta property=\"og:locale\" content=\"en_US\" \/>\n<meta property=\"og:type\" content=\"article\" \/>\n<meta property=\"og:title\" content=\"BORT sports kneecap splint - Ortopedini\u0173 preki\u0173 parduotuv\u0117 - orto24.lt\" \/>\n<meta property=\"og:description\" content=\"Sports kneecap splint with pressure pad under the knee.\" \/>\n<meta property=\"og:url\" content=\"https:\/\/www.orto24.lt\/en\/produktas\/bort-sports-kneecap-splint\/\" \/>\n<meta property=\"og:site_name\" content=\"Ortopedini\u0173 preki\u0173 parduotuv\u0117 - orto24.lt\" \/>\n<meta property=\"article:publisher\" content=\"https:\/\/www.facebook.com\/mtsprendimai\/\" \/>\n<meta property=\"og:image\" content=\"https:\/\/www.orto24.lt\/wp-content\/uploads\/2016\/07\/114010_Sport.jpg\" \/>\n\t<meta property=\"og:image:width\" content=\"1181\" \/>\n\t<meta property=\"og:image:height\" content=\"1181\" \/>\n\t<meta property=\"og:image:type\" content=\"image\/jpeg\" \/>\n<meta name=\"twitter:card\" content=\"summary_large_image\" \/>\n<meta name=\"twitter:label1\" content=\"Est. reading time\" \/>\n\t<meta name=\"twitter:data1\" content=\"1 minute\" \/>\n<script type=\"application\/ld+json\" class=\"yoast-schema-graph\">{\"@context\":\"https:\/\/schema.org\",\"@graph\":[{\"@type\":\"WebPage\",\"@id\":\"https:\/\/www.orto24.lt\/en\/produktas\/bort-sports-kneecap-splint\/\",\"url\":\"https:\/\/www.orto24.lt\/en\/produktas\/bort-sports-kneecap-splint\/\",\"name\":\"BORT sports kneecap splint - Ortopedini\u0173 preki\u0173 parduotuv\u0117 - orto24.lt\",\"isPartOf\":{\"@id\":\"https:\/\/www.orto24.lt\/en\/#website\"},\"primaryImageOfPage\":{\"@id\":\"https:\/\/www.orto24.lt\/en\/produktas\/bort-sports-kneecap-splint\/#primaryimage\"},\"image\":{\"@id\":\"https:\/\/www.orto24.lt\/en\/produktas\/bort-sports-kneecap-splint\/#primaryimage\"},\"thumbnailUrl\":\"https:\/\/www.orto24.lt\/wp-content\/uploads\/2016\/07\/114010_Sport.jpg\",\"datePublished\":\"2016-07-07T13:00:12+00:00\",\"description\":\"Sports kneecap splint with pressure pad under the knee.\",\"breadcrumb\":{\"@id\":\"https:\/\/www.orto24.lt\/en\/produktas\/bort-sports-kneecap-splint\/#breadcrumb\"},\"inLanguage\":\"en-US\",\"potentialAction\":[{\"@type\":\"ReadAction\",\"target\":[\"https:\/\/www.orto24.lt\/en\/produktas\/bort-sports-kneecap-splint\/\"]}]},{\"@type\":\"ImageObject\",\"inLanguage\":\"en-US\",\"@id\":\"https:\/\/www.orto24.lt\/en\/produktas\/bort-sports-kneecap-splint\/#primaryimage\",\"url\":\"https:\/\/www.orto24.lt\/wp-content\/uploads\/2016\/07\/114010_Sport.jpg\",\"contentUrl\":\"https:\/\/www.orto24.lt\/wp-content\/uploads\/2016\/07\/114010_Sport.jpg\",\"width\":1181,\"height\":1181,\"caption\":\"BORT sports kneecap splint 1\"},{\"@type\":\"BreadcrumbList\",\"@id\":\"https:\/\/www.orto24.lt\/en\/produktas\/bort-sports-kneecap-splint\/#breadcrumb\",\"itemListElement\":[{\"@type\":\"ListItem\",\"position\":1,\"name\":\"Home\",\"item\":\"https:\/\/www.orto24.lt\/en\/\"},{\"@type\":\"ListItem\",\"position\":2,\"name\":\"Shop\",\"item\":\"https:\/\/www.orto24.lt\/en\/shop\/\"},{\"@type\":\"ListItem\",\"position\":3,\"name\":\"BORT sports kneecap splint\"}]},{\"@type\":\"WebSite\",\"@id\":\"https:\/\/www.orto24.lt\/en\/#website\",\"url\":\"https:\/\/www.orto24.lt\/en\/\",\"name\":\"Ortopedini\u0173 preki\u0173 parduotuv\u0117 - orto24.lt\",\"description\":\"| orto24.lt\",\"potentialAction\":[{\"@type\":\"SearchAction\",\"target\":{\"@type\":\"EntryPoint\",\"urlTemplate\":\"https:\/\/www.orto24.lt\/en\/?s={search_term_string}\"},\"query-input\":{\"@type\":\"PropertyValueSpecification\",\"valueRequired\":true,\"valueName\":\"search_term_string\"}}],\"inLanguage\":\"en-US\"}]}<\/script>\n<!-- \/ Yoast SEO plugin. -->","yoast_head_json":{"title":"BORT sports kneecap splint - Ortopedini\u0173 preki\u0173 parduotuv\u0117 - orto24.lt","description":"Sports kneecap splint with pressure pad under the knee.","robots":{"index":"index","follow":"follow","max-snippet":"max-snippet:-1","max-image-preview":"max-image-preview:large","max-video-preview":"max-video-preview:-1"},"canonical":"https:\/\/www.orto24.lt\/en\/produktas\/bort-sports-kneecap-splint\/","og_locale":"en_US","og_type":"article","og_title":"BORT sports kneecap splint - Ortopedini\u0173 preki\u0173 parduotuv\u0117 - orto24.lt","og_description":"Sports kneecap splint with pressure pad under the knee.","og_url":"https:\/\/www.orto24.lt\/en\/produktas\/bort-sports-kneecap-splint\/","og_site_name":"Ortopedini\u0173 preki\u0173 parduotuv\u0117 - orto24.lt","article_publisher":"https:\/\/www.facebook.com\/mtsprendimai\/","og_image":[{"width":1181,"height":1181,"url":"https:\/\/www.orto24.lt\/wp-content\/uploads\/2016\/07\/114010_Sport.jpg","type":"image\/jpeg"}],"twitter_card":"summary_large_image","twitter_misc":{"Est. reading time":"1 minute"},"schema":{"@context":"https:\/\/schema.org","@graph":[{"@type":"WebPage","@id":"https:\/\/www.orto24.lt\/en\/produktas\/bort-sports-kneecap-splint\/","url":"https:\/\/www.orto24.lt\/en\/produktas\/bort-sports-kneecap-splint\/","name":"BORT sports kneecap splint - Ortopedini\u0173 preki\u0173 parduotuv\u0117 - orto24.lt","isPartOf":{"@id":"https:\/\/www.orto24.lt\/en\/#website"},"primaryImageOfPage":{"@id":"https:\/\/www.orto24.lt\/en\/produktas\/bort-sports-kneecap-splint\/#primaryimage"},"image":{"@id":"https:\/\/www.orto24.lt\/en\/produktas\/bort-sports-kneecap-splint\/#primaryimage"},"thumbnailUrl":"https:\/\/www.orto24.lt\/wp-content\/uploads\/2016\/07\/114010_Sport.jpg","datePublished":"2016-07-07T13:00:12+00:00","description":"Sports kneecap splint with pressure pad under the knee.","breadcrumb":{"@id":"https:\/\/www.orto24.lt\/en\/produktas\/bort-sports-kneecap-splint\/#breadcrumb"},"inLanguage":"en-US","potentialAction":[{"@type":"ReadAction","target":["https:\/\/www.orto24.lt\/en\/produktas\/bort-sports-kneecap-splint\/"]}]},{"@type":"ImageObject","inLanguage":"en-US","@id":"https:\/\/www.orto24.lt\/en\/produktas\/bort-sports-kneecap-splint\/#primaryimage","url":"https:\/\/www.orto24.lt\/wp-content\/uploads\/2016\/07\/114010_Sport.jpg","contentUrl":"https:\/\/www.orto24.lt\/wp-content\/uploads\/2016\/07\/114010_Sport.jpg","width":1181,"height":1181,"caption":"BORT sports kneecap splint 1"},{"@type":"BreadcrumbList","@id":"https:\/\/www.orto24.lt\/en\/produktas\/bort-sports-kneecap-splint\/#breadcrumb","itemListElement":[{"@type":"ListItem","position":1,"name":"Home","item":"https:\/\/www.orto24.lt\/en\/"},{"@type":"ListItem","position":2,"name":"Shop","item":"https:\/\/www.orto24.lt\/en\/shop\/"},{"@type":"ListItem","position":3,"name":"BORT sports kneecap splint"}]},{"@type":"WebSite","@id":"https:\/\/www.orto24.lt\/en\/#website","url":"https:\/\/www.orto24.lt\/en\/","name":"Ortopedini\u0173 preki\u0173 parduotuv\u0117 - orto24.lt","description":"| orto24.lt","potentialAction":[{"@type":"SearchAction","target":{"@type":"EntryPoint","urlTemplate":"https:\/\/www.orto24.lt\/en\/?s={search_term_string}"},"query-input":{"@type":"PropertyValueSpecification","valueRequired":true,"valueName":"search_term_string"}}],"inLanguage":"en-US"}]}},"_links":{"self":[{"href":"https:\/\/www.orto24.lt\/en\/wp-json\/wp\/v2\/product\/30138","targetHints":{"allow":["GET"]}}],"collection":[{"href":"https:\/\/www.orto24.lt\/en\/wp-json\/wp\/v2\/product"}],"about":[{"href":"https:\/\/www.orto24.lt\/en\/wp-json\/wp\/v2\/types\/product"}],"replies":[{"embeddable":true,"href":"https:\/\/www.orto24.lt\/en\/wp-json\/wp\/v2\/comments?post=30138"}],"version-history":[{"count":0,"href":"https:\/\/www.orto24.lt\/en\/wp-json\/wp\/v2\/product\/30138\/revisions"}],"wp:featuredmedia":[{"embeddable":true,"href":"https:\/\/www.orto24.lt\/en\/wp-json\/wp\/v2\/media\/30139"}],"wp:attachment":[{"href":"https:\/\/www.orto24.lt\/en\/wp-json\/wp\/v2\/media?parent=30138"}],"wp:term":[{"taxonomy":"product_brand","embeddable":true,"href":"https:\/\/www.orto24.lt\/en\/wp-json\/wp\/v2\/product_brand?post=30138"},{"taxonomy":"product_cat","embeddable":true,"href":"https:\/\/www.orto24.lt\/en\/wp-json\/wp\/v2\/product_cat?post=30138"},{"taxonomy":"product_tag","embeddable":true,"href":"https:\/\/www.orto24.lt\/en\/wp-json\/wp\/v2\/product_tag?post=30138"}],"curies":[{"name":"wp","href":"https:\/\/api.w.org\/{rel}","templated":true}]}}