{"id":30143,"date":"2016-03-14T14:31:11","date_gmt":"2016-03-14T14:31:11","guid":{"rendered":"https:\/\/www.orto24.lt\/produktas\/bort-medical-wrist-splint-with-aluminium-hinge\/"},"modified":"2016-03-14T14:31:11","modified_gmt":"2016-03-14T14:31:11","slug":"bort-medical-wrist-splint-with-aluminium-hinge","status":"publish","type":"product","link":"https:\/\/www.orto24.lt\/en\/produktas\/bort-medical-wrist-splint-with-aluminium-hinge\/","title":{"rendered":"BORT Medical wrist splint with aluminium hinge"},"content":{"rendered":"<p>A wrist splint is used after various injuries to bone, ligament and cartilage tissues. Made of elastic material with a removable metal plate, the splint optimally clamps and strengthens the wrist joint while keeping the fingers free. This splint has a compressive effect and ensures the correct position of the wrist joint.  <\/p>\n<p>&nbsp;<\/p>\n<p><strong>Recommendations:<\/strong><\/p>\n<ul>\n<li>Fractures of the wrist bones,<\/li>\n<li>Inflammation of the forearm tendons,<\/li>\n<li>Carpal tunnel syndrome,<\/li>\n<li>Sprain of the wrist joint,<\/li>\n<li>Rheumatoid polyarthritis of the wrist,<\/li>\n<li>Deforming arthrosis,<\/li>\n<li>Post-operative period.<\/li>\n<\/ul>\n<p>&nbsp;<\/p>\n<p><strong>Contraindications:<\/strong><\/p>\n<ul>\n<li>peripheral circulatory disorders,<\/li>\n<li>Lymphatic disorders,<\/li>\n<li>Reduced tissue sensitivity,<\/li>\n<li>Local skin diseases,<\/li>\n<li>increased sensitivity to raw material components<\/li>\n<\/ul>\n<p>&nbsp;<\/p>\n<p><strong>Further instructions:<\/strong><br \/>\nIt is not recommended to wear the splint at night to avoid disturbing blood circulation. Unless your doctor prescribes wearing the splint for a longer period of time. In case of numbness, it is recommended to remove the splint as soon as possible.  <\/p>\n<p>It is not recommended to use creams and ointments when using the splint, as they can damage the splint material. The metal plate must be removed before washing. The splint is washed with soap and water, drained and left to dry.<\/p>\n<p>&nbsp;<\/p>\n<div id=\"attachment_5337\" style=\"width: 210px\" class=\"wp-caption alignnone\"><img decoding=\"async\" aria-describedby=\"caption-attachment-5337\" class=\"wp-image-5337 size-full\" src=\"https:\/\/www.orto24.lt\/wp-content\/uploads\/2016\/02\/riesas.jpg\" alt=\"riesas\" width=\"200\" height=\"129\" srcset=\"https:\/\/www.orto24.lt\/wp-content\/uploads\/2016\/02\/riesas.jpg 200w, https:\/\/www.orto24.lt\/wp-content\/uploads\/2016\/02\/riesas-150x97.jpg 150w, https:\/\/www.orto24.lt\/wp-content\/uploads\/2016\/02\/riesas-24x15.jpg 24w, https:\/\/www.orto24.lt\/wp-content\/uploads\/2016\/02\/riesas-36x23.jpg 36w, https:\/\/www.orto24.lt\/wp-content\/uploads\/2016\/02\/riesas-48x31.jpg 48w\" sizes=\"(max-width: 200px) 100vw, 200px\" \/><p id=\"caption-attachment-5337\" class=\"wp-caption-text\">For sizing, measure the specified area<\/p><\/div>\n","protected":false},"excerpt":{"rendered":"<p>A wrist splint is used after various injuries to bone, ligament and cartilage tissues. Made of elastic material with a removable metal plate, the splint optimally clamps and strengthens the wrist joint while keeping the fingers free. This splint has a compressive effect and ensures the correct position of the wrist joint.  <\/p>\n[caption id=\"attachment_5184\" align=\"alignnone\" width=\"298\"]<img decoding=\"async\" class=\"wp-image-5184 size-full\" src=\"https:\/\/www.orto24.lt\/wp-content\/uploads\/2016\/02\/BORT_Logo_De.png\" alt=\"\" width=\"298\" height=\"89\" srcset=\"https:\/\/www.orto24.lt\/wp-content\/uploads\/2016\/02\/BORT_Logo_De.png 298w, https:\/\/www.orto24.lt\/wp-content\/uploads\/2016\/02\/BORT_Logo_De-150x45.png 150w, https:\/\/www.orto24.lt\/wp-content\/uploads\/2016\/02\/BORT_Logo_De-24x7.png 24w, https:\/\/www.orto24.lt\/wp-content\/uploads\/2016\/02\/BORT_Logo_De-36x11.png 36w, https:\/\/www.orto24.lt\/wp-content\/uploads\/2016\/02\/BORT_Logo_De-48x14.png 48w\" sizes=\"(max-width: 298px) 100vw, 298px\" \/>  Made in Germany[\/caption]\n","protected":false},"featured_media":30147,"comment_status":"open","ping_status":"closed","template":"","meta":[],"product_brand":[],"product_cat":[1101,1109],"product_tag":[1129,1179,1103,1327,1326,1102,1117],"class_list":{"0":"post-30143","1":"product","2":"type-product","3":"status-publish","4":"has-post-thumbnail","6":"product_cat-braces","7":"product_cat-wrist-and-finger-splints","8":"product_tag-bort","9":"product_tag-elastic-2","10":"product_tag-for-the-wrist","11":"product_tag-hands","12":"product_tag-hinge","13":"product_tag-splint","14":"product_tag-wrist-splint","16":"first","17":"instock","18":"taxable","19":"shipping-taxable","20":"purchasable","21":"product-type-variable"},"yoast_head":"<!-- This site is optimized with the Yoast SEO plugin v26.0 - https:\/\/yoast.com\/wordpress\/plugins\/seo\/ -->\n<title>BORT Medical wrist splint with aluminium hinge - Ortopedini\u0173 preki\u0173 parduotuv\u0117 - orto24.lt<\/title>\n<meta name=\"description\" content=\"A wrist splint is used after various injuries to bone, ligament and cartilage tissues. Made of elastic material with a removable metal plate, the splint optimally clamps and strengthens the wrist joint while keeping the fingers free.\" \/>\n<meta name=\"robots\" content=\"index, follow, max-snippet:-1, max-image-preview:large, max-video-preview:-1\" \/>\n<link rel=\"canonical\" href=\"https:\/\/www.orto24.lt\/en\/produktas\/bort-medical-wrist-splint-with-aluminium-hinge\/\" \/>\n<meta property=\"og:locale\" content=\"en_US\" \/>\n<meta property=\"og:type\" content=\"article\" \/>\n<meta property=\"og:title\" content=\"BORT Medical wrist splint with aluminium hinge - Ortopedini\u0173 preki\u0173 parduotuv\u0117 - orto24.lt\" \/>\n<meta property=\"og:description\" content=\"A wrist splint is used after various injuries to bone, ligament and cartilage tissues. Made of elastic material with a removable metal plate, the splint optimally clamps and strengthens the wrist joint while keeping the fingers free.\" \/>\n<meta property=\"og:url\" content=\"https:\/\/www.orto24.lt\/en\/produktas\/bort-medical-wrist-splint-with-aluminium-hinge\/\" \/>\n<meta property=\"og:site_name\" content=\"Ortopedini\u0173 preki\u0173 parduotuv\u0117 - orto24.lt\" \/>\n<meta property=\"article:publisher\" content=\"https:\/\/www.facebook.com\/mtsprendimai\/\" \/>\n<meta property=\"og:image\" content=\"https:\/\/www.orto24.lt\/wp-content\/uploads\/2016\/03\/bort-rie\u0161o-\u012ftvaras-\u0161viesus.jpg\" \/>\n\t<meta property=\"og:image:width\" content=\"500\" \/>\n\t<meta property=\"og:image:height\" content=\"500\" \/>\n\t<meta property=\"og:image:type\" content=\"image\/jpeg\" \/>\n<meta name=\"twitter:card\" content=\"summary_large_image\" \/>\n<meta name=\"twitter:label1\" content=\"Est. reading time\" \/>\n\t<meta name=\"twitter:data1\" content=\"1 minute\" \/>\n<script type=\"application\/ld+json\" class=\"yoast-schema-graph\">{\"@context\":\"https:\/\/schema.org\",\"@graph\":[{\"@type\":\"WebPage\",\"@id\":\"https:\/\/www.orto24.lt\/en\/produktas\/bort-medical-wrist-splint-with-aluminium-hinge\/\",\"url\":\"https:\/\/www.orto24.lt\/en\/produktas\/bort-medical-wrist-splint-with-aluminium-hinge\/\",\"name\":\"BORT Medical wrist splint with aluminium hinge - Ortopedini\u0173 preki\u0173 parduotuv\u0117 - orto24.lt\",\"isPartOf\":{\"@id\":\"https:\/\/www.orto24.lt\/en\/#website\"},\"primaryImageOfPage\":{\"@id\":\"https:\/\/www.orto24.lt\/en\/produktas\/bort-medical-wrist-splint-with-aluminium-hinge\/#primaryimage\"},\"image\":{\"@id\":\"https:\/\/www.orto24.lt\/en\/produktas\/bort-medical-wrist-splint-with-aluminium-hinge\/#primaryimage\"},\"thumbnailUrl\":\"https:\/\/www.orto24.lt\/wp-content\/uploads\/2016\/03\/bort-rie\u0161o-\u012ftvaras-\u0161viesus.jpg\",\"datePublished\":\"2016-03-14T14:31:11+00:00\",\"description\":\"A wrist splint is used after various injuries to bone, ligament and cartilage tissues. Made of elastic material with a removable metal plate, the splint optimally clamps and strengthens the wrist joint while keeping the fingers free.\",\"breadcrumb\":{\"@id\":\"https:\/\/www.orto24.lt\/en\/produktas\/bort-medical-wrist-splint-with-aluminium-hinge\/#breadcrumb\"},\"inLanguage\":\"en-US\",\"potentialAction\":[{\"@type\":\"ReadAction\",\"target\":[\"https:\/\/www.orto24.lt\/en\/produktas\/bort-medical-wrist-splint-with-aluminium-hinge\/\"]}]},{\"@type\":\"ImageObject\",\"inLanguage\":\"en-US\",\"@id\":\"https:\/\/www.orto24.lt\/en\/produktas\/bort-medical-wrist-splint-with-aluminium-hinge\/#primaryimage\",\"url\":\"https:\/\/www.orto24.lt\/wp-content\/uploads\/2016\/03\/bort-rie\u0161o-\u012ftvaras-\u0161viesus.jpg\",\"contentUrl\":\"https:\/\/www.orto24.lt\/wp-content\/uploads\/2016\/03\/bort-rie\u0161o-\u012ftvaras-\u0161viesus.jpg\",\"width\":500,\"height\":500,\"caption\":\"BORT Medical wrist splint with aluminium hinge 1\"},{\"@type\":\"BreadcrumbList\",\"@id\":\"https:\/\/www.orto24.lt\/en\/produktas\/bort-medical-wrist-splint-with-aluminium-hinge\/#breadcrumb\",\"itemListElement\":[{\"@type\":\"ListItem\",\"position\":1,\"name\":\"Home\",\"item\":\"https:\/\/www.orto24.lt\/en\/\"},{\"@type\":\"ListItem\",\"position\":2,\"name\":\"Shop\",\"item\":\"https:\/\/www.orto24.lt\/en\/shop\/\"},{\"@type\":\"ListItem\",\"position\":3,\"name\":\"BORT Medical wrist splint with aluminium hinge\"}]},{\"@type\":\"WebSite\",\"@id\":\"https:\/\/www.orto24.lt\/en\/#website\",\"url\":\"https:\/\/www.orto24.lt\/en\/\",\"name\":\"Ortopedini\u0173 preki\u0173 parduotuv\u0117 - orto24.lt\",\"description\":\"| orto24.lt\",\"potentialAction\":[{\"@type\":\"SearchAction\",\"target\":{\"@type\":\"EntryPoint\",\"urlTemplate\":\"https:\/\/www.orto24.lt\/en\/?s={search_term_string}\"},\"query-input\":{\"@type\":\"PropertyValueSpecification\",\"valueRequired\":true,\"valueName\":\"search_term_string\"}}],\"inLanguage\":\"en-US\"}]}<\/script>\n<!-- \/ Yoast SEO plugin. -->","yoast_head_json":{"title":"BORT Medical wrist splint with aluminium hinge - Ortopedini\u0173 preki\u0173 parduotuv\u0117 - orto24.lt","description":"A wrist splint is used after various injuries to bone, ligament and cartilage tissues. Made of elastic material with a removable metal plate, the splint optimally clamps and strengthens the wrist joint while keeping the fingers free.","robots":{"index":"index","follow":"follow","max-snippet":"max-snippet:-1","max-image-preview":"max-image-preview:large","max-video-preview":"max-video-preview:-1"},"canonical":"https:\/\/www.orto24.lt\/en\/produktas\/bort-medical-wrist-splint-with-aluminium-hinge\/","og_locale":"en_US","og_type":"article","og_title":"BORT Medical wrist splint with aluminium hinge - Ortopedini\u0173 preki\u0173 parduotuv\u0117 - orto24.lt","og_description":"A wrist splint is used after various injuries to bone, ligament and cartilage tissues. Made of elastic material with a removable metal plate, the splint optimally clamps and strengthens the wrist joint while keeping the fingers free.","og_url":"https:\/\/www.orto24.lt\/en\/produktas\/bort-medical-wrist-splint-with-aluminium-hinge\/","og_site_name":"Ortopedini\u0173 preki\u0173 parduotuv\u0117 - orto24.lt","article_publisher":"https:\/\/www.facebook.com\/mtsprendimai\/","og_image":[{"width":500,"height":500,"url":"https:\/\/www.orto24.lt\/wp-content\/uploads\/2016\/03\/bort-rie\u0161o-\u012ftvaras-\u0161viesus.jpg","type":"image\/jpeg"}],"twitter_card":"summary_large_image","twitter_misc":{"Est. reading time":"1 minute"},"schema":{"@context":"https:\/\/schema.org","@graph":[{"@type":"WebPage","@id":"https:\/\/www.orto24.lt\/en\/produktas\/bort-medical-wrist-splint-with-aluminium-hinge\/","url":"https:\/\/www.orto24.lt\/en\/produktas\/bort-medical-wrist-splint-with-aluminium-hinge\/","name":"BORT Medical wrist splint with aluminium hinge - Ortopedini\u0173 preki\u0173 parduotuv\u0117 - orto24.lt","isPartOf":{"@id":"https:\/\/www.orto24.lt\/en\/#website"},"primaryImageOfPage":{"@id":"https:\/\/www.orto24.lt\/en\/produktas\/bort-medical-wrist-splint-with-aluminium-hinge\/#primaryimage"},"image":{"@id":"https:\/\/www.orto24.lt\/en\/produktas\/bort-medical-wrist-splint-with-aluminium-hinge\/#primaryimage"},"thumbnailUrl":"https:\/\/www.orto24.lt\/wp-content\/uploads\/2016\/03\/bort-rie\u0161o-\u012ftvaras-\u0161viesus.jpg","datePublished":"2016-03-14T14:31:11+00:00","description":"A wrist splint is used after various injuries to bone, ligament and cartilage tissues. Made of elastic material with a removable metal plate, the splint optimally clamps and strengthens the wrist joint while keeping the fingers free.","breadcrumb":{"@id":"https:\/\/www.orto24.lt\/en\/produktas\/bort-medical-wrist-splint-with-aluminium-hinge\/#breadcrumb"},"inLanguage":"en-US","potentialAction":[{"@type":"ReadAction","target":["https:\/\/www.orto24.lt\/en\/produktas\/bort-medical-wrist-splint-with-aluminium-hinge\/"]}]},{"@type":"ImageObject","inLanguage":"en-US","@id":"https:\/\/www.orto24.lt\/en\/produktas\/bort-medical-wrist-splint-with-aluminium-hinge\/#primaryimage","url":"https:\/\/www.orto24.lt\/wp-content\/uploads\/2016\/03\/bort-rie\u0161o-\u012ftvaras-\u0161viesus.jpg","contentUrl":"https:\/\/www.orto24.lt\/wp-content\/uploads\/2016\/03\/bort-rie\u0161o-\u012ftvaras-\u0161viesus.jpg","width":500,"height":500,"caption":"BORT Medical wrist splint with aluminium hinge 1"},{"@type":"BreadcrumbList","@id":"https:\/\/www.orto24.lt\/en\/produktas\/bort-medical-wrist-splint-with-aluminium-hinge\/#breadcrumb","itemListElement":[{"@type":"ListItem","position":1,"name":"Home","item":"https:\/\/www.orto24.lt\/en\/"},{"@type":"ListItem","position":2,"name":"Shop","item":"https:\/\/www.orto24.lt\/en\/shop\/"},{"@type":"ListItem","position":3,"name":"BORT Medical wrist splint with aluminium hinge"}]},{"@type":"WebSite","@id":"https:\/\/www.orto24.lt\/en\/#website","url":"https:\/\/www.orto24.lt\/en\/","name":"Ortopedini\u0173 preki\u0173 parduotuv\u0117 - orto24.lt","description":"| orto24.lt","potentialAction":[{"@type":"SearchAction","target":{"@type":"EntryPoint","urlTemplate":"https:\/\/www.orto24.lt\/en\/?s={search_term_string}"},"query-input":{"@type":"PropertyValueSpecification","valueRequired":true,"valueName":"search_term_string"}}],"inLanguage":"en-US"}]}},"_links":{"self":[{"href":"https:\/\/www.orto24.lt\/en\/wp-json\/wp\/v2\/product\/30143","targetHints":{"allow":["GET"]}}],"collection":[{"href":"https:\/\/www.orto24.lt\/en\/wp-json\/wp\/v2\/product"}],"about":[{"href":"https:\/\/www.orto24.lt\/en\/wp-json\/wp\/v2\/types\/product"}],"replies":[{"embeddable":true,"href":"https:\/\/www.orto24.lt\/en\/wp-json\/wp\/v2\/comments?post=30143"}],"version-history":[{"count":0,"href":"https:\/\/www.orto24.lt\/en\/wp-json\/wp\/v2\/product\/30143\/revisions"}],"wp:featuredmedia":[{"embeddable":true,"href":"https:\/\/www.orto24.lt\/en\/wp-json\/wp\/v2\/media\/30147"}],"wp:attachment":[{"href":"https:\/\/www.orto24.lt\/en\/wp-json\/wp\/v2\/media?parent=30143"}],"wp:term":[{"taxonomy":"product_brand","embeddable":true,"href":"https:\/\/www.orto24.lt\/en\/wp-json\/wp\/v2\/product_brand?post=30143"},{"taxonomy":"product_cat","embeddable":true,"href":"https:\/\/www.orto24.lt\/en\/wp-json\/wp\/v2\/product_cat?post=30143"},{"taxonomy":"product_tag","embeddable":true,"href":"https:\/\/www.orto24.lt\/en\/wp-json\/wp\/v2\/product_tag?post=30143"}],"curies":[{"name":"wp","href":"https:\/\/api.w.org\/{rel}","templated":true}]}}