{"id":30165,"date":"2017-01-04T12:55:11","date_gmt":"2017-01-04T12:55:11","guid":{"rendered":"https:\/\/www.orto24.lt\/produktas\/airtex-breathable-ankle-brace-universal-size\/"},"modified":"2017-01-04T12:55:11","modified_gmt":"2017-01-04T12:55:11","slug":"airtex-breathable-ankle-brace-universal-size","status":"publish","type":"product","link":"https:\/\/www.orto24.lt\/en\/produktas\/airtex-breathable-ankle-brace-universal-size\/","title":{"rendered":"AIRTEX breathable ankle brace (universal size)"},"content":{"rendered":"<h1><\/h1>\n<h1>AIRTEX breathable ankle brace (universal size)<\/h1>\n<p>The AirTex ankle brace is made with advanced technology that allows the skin of the ankle area to breathe while wearing the brace for longer periods of time. The anatomically moulded splint allows for a universal fit to your foot. Ideal for pain relief or for treating injuries, sprains and tendinitis.  <\/p>\n<p>&nbsp;<\/p>\n<h1><\/h1>\n<h2>AIRTEX line of breathable splints<\/h2>\n<p>&nbsp;<\/p>\n<p><img decoding=\"async\" class=\"wp-image-7996 alignleft\" src=\"https:\/\/www.orto24.lt\/wp-content\/uploads\/2017\/01\/1.png\" alt=\"\" width=\"79\" height=\"70\"><\/p>\n<p>&nbsp;<\/p>\n<p><span style=\"font-size: 14pt;\">Fabric for comfort and breathability without sweating;<\/span><\/p>\n<p>&nbsp;<\/p>\n<p><img decoding=\"async\" class=\"wp-image-7997 alignleft\" src=\"https:\/\/www.orto24.lt\/wp-content\/uploads\/2017\/01\/2.jpg\" alt=\"\" width=\"78\" height=\"79\" srcset=\"https:\/\/www.orto24.lt\/wp-content\/uploads\/2017\/01\/2.jpg 215w, https:\/\/www.orto24.lt\/wp-content\/uploads\/2017\/01\/2-150x150.jpg 150w, https:\/\/www.orto24.lt\/wp-content\/uploads\/2017\/01\/2-100x100.jpg 100w, https:\/\/www.orto24.lt\/wp-content\/uploads\/2017\/01\/2-24x24.jpg 24w, https:\/\/www.orto24.lt\/wp-content\/uploads\/2017\/01\/2-36x36.jpg 36w, https:\/\/www.orto24.lt\/wp-content\/uploads\/2017\/01\/2-48x48.jpg 48w\" sizes=\"(max-width: 78px) 100vw, 78px\" \/><\/p>\n<p>&nbsp;<\/p>\n<p><span style=\"font-size: 14pt;\">Highly resilient elasticity to adapt to dynamic changes;<\/span><\/p>\n<p>&nbsp;<\/p>\n<p><img decoding=\"async\" class=\" wp-image-7998 alignleft\" src=\"https:\/\/www.orto24.lt\/wp-content\/uploads\/2017\/01\/3.jpg\" alt=\"\" width=\"76\" height=\"79\" srcset=\"https:\/\/www.orto24.lt\/wp-content\/uploads\/2017\/01\/3-24x24.jpg 24w, https:\/\/www.orto24.lt\/wp-content\/uploads\/2017\/01\/3-36x36.jpg 36w\" sizes=\"(max-width: 76px) 100vw, 76px\" \/><\/p>\n<p>&nbsp;<\/p>\n<p><span style=\"font-size: 14pt;\">  anatomically shaped seams for a comfortable fit and retention;<\/span><\/p>\n<p>&nbsp;<\/p>\n<p><img loading=\"lazy\" decoding=\"async\" class=\" wp-image-8000 alignleft\" src=\"https:\/\/www.orto24.lt\/wp-content\/uploads\/2017\/01\/4-1.jpg\" alt=\"\" width=\"83\" height=\"83\" srcset=\"https:\/\/www.orto24.lt\/wp-content\/uploads\/2017\/01\/4-1.jpg 227w, https:\/\/www.orto24.lt\/wp-content\/uploads\/2017\/01\/4-1-150x150.jpg 150w, https:\/\/www.orto24.lt\/wp-content\/uploads\/2017\/01\/4-1-100x100.jpg 100w, https:\/\/www.orto24.lt\/wp-content\/uploads\/2017\/01\/4-1-24x24.jpg 24w, https:\/\/www.orto24.lt\/wp-content\/uploads\/2017\/01\/4-1-36x36.jpg 36w, https:\/\/www.orto24.lt\/wp-content\/uploads\/2017\/01\/4-1-48x48.jpg 48w\" sizes=\"(max-width: 83px) 100vw, 83px\" \/><\/p>\n<p>&nbsp;<\/p>\n<p><span style=\"font-size: 14pt;\">1,2 or 3 fastening system to adapt to each shape;<\/span><\/p>\n<p>&nbsp;<\/p>\n<p><img loading=\"lazy\" decoding=\"async\" class=\"wp-image-8001 alignleft\" src=\"https:\/\/www.orto24.lt\/wp-content\/uploads\/2017\/01\/5.jpg\" alt=\"\" width=\"76\" height=\"109\" srcset=\"https:\/\/www.orto24.lt\/wp-content\/uploads\/2017\/01\/5.jpg 186w, https:\/\/www.orto24.lt\/wp-content\/uploads\/2017\/01\/5-150x215.jpg 150w, https:\/\/www.orto24.lt\/wp-content\/uploads\/2017\/01\/5-17x24.jpg 17w, https:\/\/www.orto24.lt\/wp-content\/uploads\/2017\/01\/5-25x36.jpg 25w, https:\/\/www.orto24.lt\/wp-content\/uploads\/2017\/01\/5-33x48.jpg 33w\" sizes=\"(max-width: 76px) 100vw, 76px\" \/><\/p>\n<p><span style=\"font-size: 14pt;\"> <\/span><\/p>\n<p><span style=\"font-size: 14pt;\">one, universal size<\/span><\/p>\n<p>&nbsp;<\/p>\n<p>&nbsp;<\/p>\n<p>&nbsp;<\/p>\n<p>&nbsp;<\/p>\n","protected":false},"excerpt":{"rendered":"<ul>\n<li>Octagonal locking system for a more efficient fit;<\/li>\n<li>Open heel area without restricting joint movement;<\/li>\n<li>One size fits all, one size fits all.<\/li>\n<\/ul>\n<p>&nbsp;<\/p>\n<p><img loading=\"lazy\" decoding=\"async\" class=\"alignnone size-full wp-image-6530\" src=\"https:\/\/www.orto24.lt\/wp-content\/uploads\/2016\/03\/primlog.png\" alt=\"\" width=\"325\" height=\"227\" srcset=\"https:\/\/www.orto24.lt\/wp-content\/uploads\/2016\/03\/primlog.png 325w, https:\/\/www.orto24.lt\/wp-content\/uploads\/2016\/03\/primlog-150x105.png 150w, https:\/\/www.orto24.lt\/wp-content\/uploads\/2016\/03\/primlog-300x210.png 300w, https:\/\/www.orto24.lt\/wp-content\/uploads\/2016\/03\/primlog-24x17.png 24w, https:\/\/www.orto24.lt\/wp-content\/uploads\/2016\/03\/primlog-36x25.png 36w, https:\/\/www.orto24.lt\/wp-content\/uploads\/2016\/03\/primlog-48x34.png 48w\" sizes=\"(max-width: 325px) 100vw, 325px\" \/><\/p>\n","protected":false},"featured_media":30177,"comment_status":"open","ping_status":"closed","template":"","meta":[],"product_brand":[],"product_cat":[1145,1101,1334,1111],"product_tag":[1330,1231,1143,1114,1328,1338,1332,1337,1102,1195,1105,1336],"class_list":{"0":"post-30165","1":"product","2":"type-product","3":"status-publish","4":"has-post-thumbnail","6":"product_cat-ankle-and-lower-leg-splints","7":"product_cat-braces","8":"product_cat-breathable-splints","9":"product_cat-universal-size-splints","10":"product_tag-airtex","11":"product_tag-ankle-trauma","12":"product_tag-ankles","13":"product_tag-breathing","14":"product_tag-culprits","15":"product_tag-for-injuries","16":"product_tag-for-pain","17":"product_tag-for-the-leg","18":"product_tag-splint","19":"product_tag-sprain-of-ligaments","20":"product_tag-universal","21":"product_tag-universal-splint","23":"first","24":"instock","25":"taxable","26":"shipping-taxable","27":"purchasable","28":"product-type-simple"},"yoast_head":"<!-- This site is optimized with the Yoast SEO plugin v26.0 - https:\/\/yoast.com\/wordpress\/plugins\/seo\/ -->\n<title>AIRTEX breathable ankle brace (universal size) - Ortopedini\u0173 preki\u0173 parduotuv\u0117 - orto24.lt<\/title>\n<meta name=\"description\" content=\"The AirTex Ankle Splint is ideal for pain relief or for treating injuries, sprains and tendinitis.\" \/>\n<meta name=\"robots\" content=\"index, follow, max-snippet:-1, max-image-preview:large, max-video-preview:-1\" \/>\n<link rel=\"canonical\" href=\"https:\/\/www.orto24.lt\/en\/produktas\/airtex-breathable-ankle-brace-universal-size\/\" \/>\n<meta property=\"og:locale\" content=\"en_US\" \/>\n<meta property=\"og:type\" content=\"article\" \/>\n<meta property=\"og:title\" content=\"AIRTEX breathable ankle brace (universal size) - Ortopedini\u0173 preki\u0173 parduotuv\u0117 - orto24.lt\" \/>\n<meta property=\"og:description\" content=\"The AirTex Ankle Splint is ideal for pain relief or for treating injuries, sprains and tendinitis.\" \/>\n<meta property=\"og:url\" content=\"https:\/\/www.orto24.lt\/en\/produktas\/airtex-breathable-ankle-brace-universal-size\/\" \/>\n<meta property=\"og:site_name\" content=\"Ortopedini\u0173 preki\u0173 parduotuv\u0117 - orto24.lt\" \/>\n<meta property=\"article:publisher\" content=\"https:\/\/www.facebook.com\/mtsprendimai\/\" \/>\n<meta property=\"og:image\" content=\"https:\/\/www.orto24.lt\/wp-content\/uploads\/2017\/01\/atxos800.jpg\" \/>\n\t<meta property=\"og:image:width\" content=\"876\" \/>\n\t<meta property=\"og:image:height\" content=\"876\" \/>\n\t<meta property=\"og:image:type\" content=\"image\/jpeg\" \/>\n<meta name=\"twitter:card\" content=\"summary_large_image\" \/>\n<meta name=\"twitter:label1\" content=\"Est. reading time\" \/>\n\t<meta name=\"twitter:data1\" content=\"1 minute\" \/>\n<script type=\"application\/ld+json\" class=\"yoast-schema-graph\">{\"@context\":\"https:\/\/schema.org\",\"@graph\":[{\"@type\":\"WebPage\",\"@id\":\"https:\/\/www.orto24.lt\/en\/produktas\/airtex-breathable-ankle-brace-universal-size\/\",\"url\":\"https:\/\/www.orto24.lt\/en\/produktas\/airtex-breathable-ankle-brace-universal-size\/\",\"name\":\"AIRTEX breathable ankle brace (universal size) - Ortopedini\u0173 preki\u0173 parduotuv\u0117 - orto24.lt\",\"isPartOf\":{\"@id\":\"https:\/\/www.orto24.lt\/en\/#website\"},\"primaryImageOfPage\":{\"@id\":\"https:\/\/www.orto24.lt\/en\/produktas\/airtex-breathable-ankle-brace-universal-size\/#primaryimage\"},\"image\":{\"@id\":\"https:\/\/www.orto24.lt\/en\/produktas\/airtex-breathable-ankle-brace-universal-size\/#primaryimage\"},\"thumbnailUrl\":\"https:\/\/www.orto24.lt\/wp-content\/uploads\/2017\/01\/atxos800.jpg\",\"datePublished\":\"2017-01-04T12:55:11+00:00\",\"description\":\"The AirTex Ankle Splint is ideal for pain relief or for treating injuries, sprains and tendinitis.\",\"breadcrumb\":{\"@id\":\"https:\/\/www.orto24.lt\/en\/produktas\/airtex-breathable-ankle-brace-universal-size\/#breadcrumb\"},\"inLanguage\":\"en-US\",\"potentialAction\":[{\"@type\":\"ReadAction\",\"target\":[\"https:\/\/www.orto24.lt\/en\/produktas\/airtex-breathable-ankle-brace-universal-size\/\"]}]},{\"@type\":\"ImageObject\",\"inLanguage\":\"en-US\",\"@id\":\"https:\/\/www.orto24.lt\/en\/produktas\/airtex-breathable-ankle-brace-universal-size\/#primaryimage\",\"url\":\"https:\/\/www.orto24.lt\/wp-content\/uploads\/2017\/01\/atxos800.jpg\",\"contentUrl\":\"https:\/\/www.orto24.lt\/wp-content\/uploads\/2017\/01\/atxos800.jpg\",\"width\":876,\"height\":876},{\"@type\":\"BreadcrumbList\",\"@id\":\"https:\/\/www.orto24.lt\/en\/produktas\/airtex-breathable-ankle-brace-universal-size\/#breadcrumb\",\"itemListElement\":[{\"@type\":\"ListItem\",\"position\":1,\"name\":\"Home\",\"item\":\"https:\/\/www.orto24.lt\/en\/\"},{\"@type\":\"ListItem\",\"position\":2,\"name\":\"Shop\",\"item\":\"https:\/\/www.orto24.lt\/en\/shop\/\"},{\"@type\":\"ListItem\",\"position\":3,\"name\":\"AIRTEX breathable ankle brace (universal size)\"}]},{\"@type\":\"WebSite\",\"@id\":\"https:\/\/www.orto24.lt\/en\/#website\",\"url\":\"https:\/\/www.orto24.lt\/en\/\",\"name\":\"Ortopedini\u0173 preki\u0173 parduotuv\u0117 - orto24.lt\",\"description\":\"| orto24.lt\",\"potentialAction\":[{\"@type\":\"SearchAction\",\"target\":{\"@type\":\"EntryPoint\",\"urlTemplate\":\"https:\/\/www.orto24.lt\/en\/?s={search_term_string}\"},\"query-input\":{\"@type\":\"PropertyValueSpecification\",\"valueRequired\":true,\"valueName\":\"search_term_string\"}}],\"inLanguage\":\"en-US\"}]}<\/script>\n<!-- \/ Yoast SEO plugin. -->","yoast_head_json":{"title":"AIRTEX breathable ankle brace (universal size) - Ortopedini\u0173 preki\u0173 parduotuv\u0117 - orto24.lt","description":"The AirTex Ankle Splint is ideal for pain relief or for treating injuries, sprains and tendinitis.","robots":{"index":"index","follow":"follow","max-snippet":"max-snippet:-1","max-image-preview":"max-image-preview:large","max-video-preview":"max-video-preview:-1"},"canonical":"https:\/\/www.orto24.lt\/en\/produktas\/airtex-breathable-ankle-brace-universal-size\/","og_locale":"en_US","og_type":"article","og_title":"AIRTEX breathable ankle brace (universal size) - Ortopedini\u0173 preki\u0173 parduotuv\u0117 - orto24.lt","og_description":"The AirTex Ankle Splint is ideal for pain relief or for treating injuries, sprains and tendinitis.","og_url":"https:\/\/www.orto24.lt\/en\/produktas\/airtex-breathable-ankle-brace-universal-size\/","og_site_name":"Ortopedini\u0173 preki\u0173 parduotuv\u0117 - orto24.lt","article_publisher":"https:\/\/www.facebook.com\/mtsprendimai\/","og_image":[{"width":876,"height":876,"url":"https:\/\/www.orto24.lt\/wp-content\/uploads\/2017\/01\/atxos800.jpg","type":"image\/jpeg"}],"twitter_card":"summary_large_image","twitter_misc":{"Est. reading time":"1 minute"},"schema":{"@context":"https:\/\/schema.org","@graph":[{"@type":"WebPage","@id":"https:\/\/www.orto24.lt\/en\/produktas\/airtex-breathable-ankle-brace-universal-size\/","url":"https:\/\/www.orto24.lt\/en\/produktas\/airtex-breathable-ankle-brace-universal-size\/","name":"AIRTEX breathable ankle brace (universal size) - Ortopedini\u0173 preki\u0173 parduotuv\u0117 - orto24.lt","isPartOf":{"@id":"https:\/\/www.orto24.lt\/en\/#website"},"primaryImageOfPage":{"@id":"https:\/\/www.orto24.lt\/en\/produktas\/airtex-breathable-ankle-brace-universal-size\/#primaryimage"},"image":{"@id":"https:\/\/www.orto24.lt\/en\/produktas\/airtex-breathable-ankle-brace-universal-size\/#primaryimage"},"thumbnailUrl":"https:\/\/www.orto24.lt\/wp-content\/uploads\/2017\/01\/atxos800.jpg","datePublished":"2017-01-04T12:55:11+00:00","description":"The AirTex Ankle Splint is ideal for pain relief or for treating injuries, sprains and tendinitis.","breadcrumb":{"@id":"https:\/\/www.orto24.lt\/en\/produktas\/airtex-breathable-ankle-brace-universal-size\/#breadcrumb"},"inLanguage":"en-US","potentialAction":[{"@type":"ReadAction","target":["https:\/\/www.orto24.lt\/en\/produktas\/airtex-breathable-ankle-brace-universal-size\/"]}]},{"@type":"ImageObject","inLanguage":"en-US","@id":"https:\/\/www.orto24.lt\/en\/produktas\/airtex-breathable-ankle-brace-universal-size\/#primaryimage","url":"https:\/\/www.orto24.lt\/wp-content\/uploads\/2017\/01\/atxos800.jpg","contentUrl":"https:\/\/www.orto24.lt\/wp-content\/uploads\/2017\/01\/atxos800.jpg","width":876,"height":876},{"@type":"BreadcrumbList","@id":"https:\/\/www.orto24.lt\/en\/produktas\/airtex-breathable-ankle-brace-universal-size\/#breadcrumb","itemListElement":[{"@type":"ListItem","position":1,"name":"Home","item":"https:\/\/www.orto24.lt\/en\/"},{"@type":"ListItem","position":2,"name":"Shop","item":"https:\/\/www.orto24.lt\/en\/shop\/"},{"@type":"ListItem","position":3,"name":"AIRTEX breathable ankle brace (universal size)"}]},{"@type":"WebSite","@id":"https:\/\/www.orto24.lt\/en\/#website","url":"https:\/\/www.orto24.lt\/en\/","name":"Ortopedini\u0173 preki\u0173 parduotuv\u0117 - orto24.lt","description":"| orto24.lt","potentialAction":[{"@type":"SearchAction","target":{"@type":"EntryPoint","urlTemplate":"https:\/\/www.orto24.lt\/en\/?s={search_term_string}"},"query-input":{"@type":"PropertyValueSpecification","valueRequired":true,"valueName":"search_term_string"}}],"inLanguage":"en-US"}]}},"_links":{"self":[{"href":"https:\/\/www.orto24.lt\/en\/wp-json\/wp\/v2\/product\/30165","targetHints":{"allow":["GET"]}}],"collection":[{"href":"https:\/\/www.orto24.lt\/en\/wp-json\/wp\/v2\/product"}],"about":[{"href":"https:\/\/www.orto24.lt\/en\/wp-json\/wp\/v2\/types\/product"}],"replies":[{"embeddable":true,"href":"https:\/\/www.orto24.lt\/en\/wp-json\/wp\/v2\/comments?post=30165"}],"version-history":[{"count":0,"href":"https:\/\/www.orto24.lt\/en\/wp-json\/wp\/v2\/product\/30165\/revisions"}],"wp:featuredmedia":[{"embeddable":true,"href":"https:\/\/www.orto24.lt\/en\/wp-json\/wp\/v2\/media\/30177"}],"wp:attachment":[{"href":"https:\/\/www.orto24.lt\/en\/wp-json\/wp\/v2\/media?parent=30165"}],"wp:term":[{"taxonomy":"product_brand","embeddable":true,"href":"https:\/\/www.orto24.lt\/en\/wp-json\/wp\/v2\/product_brand?post=30165"},{"taxonomy":"product_cat","embeddable":true,"href":"https:\/\/www.orto24.lt\/en\/wp-json\/wp\/v2\/product_cat?post=30165"},{"taxonomy":"product_tag","embeddable":true,"href":"https:\/\/www.orto24.lt\/en\/wp-json\/wp\/v2\/product_tag?post=30165"}],"curies":[{"name":"wp","href":"https:\/\/api.w.org\/{rel}","templated":true}]}}