{"id":30166,"date":"2016-07-08T10:07:23","date_gmt":"2016-07-08T10:07:23","guid":{"rendered":"https:\/\/www.orto24.lt\/produktas\/ironman-race-running-inserts\/"},"modified":"2016-07-08T10:07:23","modified_gmt":"2016-07-08T10:07:23","slug":"ironman-race-running-inserts","status":"publish","type":"product","link":"https:\/\/www.orto24.lt\/en\/produktas\/ironman-race-running-inserts\/","title":{"rendered":"IRONMAN RACE running inserts"},"content":{"rendered":"<h1>IRONMAN RACE running inserts<\/h1>\n<p><sup>Spenco\u00ae<\/sup> IRONMAN RACE running inserts &#8211; ultra-lightweight, with semi-folding vault support and guaranteed stability for training and race day!<\/p>\n<h3>See the difference after the first workout!<\/h3>\n<p>IRONMAN RACE inserts are based on more than 45 years of American company experience in the fields of insert design and medical research &#8211; allowing athletes, both professional and recreational, to outperform their competitors on the basketball court.<\/p>\n<p>Featuring TOTAL SUPPORT\u00ae technology and the patented 3-POD\u2122 modulation system, these running inserts are the best choice for professional and amateur runners. The unique combination of cushioning and stabilisers is ideally suited to overcome the challenges that running poses to the feet. Unlike the insoles that come with running shoes, these insoles are made from the highest quality materials.  <\/p>\n<p>&nbsp;<\/p>\n<p><img fetchpriority=\"high\" decoding=\"async\" class=\"alignnone size-large wp-image-7719\" src=\"https:\/\/www.orto24.lt\/wp-content\/uploads\/2016\/07\/ideklai-begimui-1-1024x777.jpg\" alt=\"ideklai for running\" width=\"1024\" height=\"777\" srcset=\"https:\/\/www.orto24.lt\/wp-content\/uploads\/2016\/07\/ideklai-begimui-1-1024x777.jpg 1024w, https:\/\/www.orto24.lt\/wp-content\/uploads\/2016\/07\/ideklai-begimui-1-150x114.jpg 150w, https:\/\/www.orto24.lt\/wp-content\/uploads\/2016\/07\/ideklai-begimui-1-500x379.jpg 500w, https:\/\/www.orto24.lt\/wp-content\/uploads\/2016\/07\/ideklai-begimui-1-300x228.jpg 300w, https:\/\/www.orto24.lt\/wp-content\/uploads\/2016\/07\/ideklai-begimui-1-768x583.jpg 768w, https:\/\/www.orto24.lt\/wp-content\/uploads\/2016\/07\/ideklai-begimui-1-510x387.jpg 510w, https:\/\/www.orto24.lt\/wp-content\/uploads\/2016\/07\/ideklai-begimui-1-24x18.jpg 24w, https:\/\/www.orto24.lt\/wp-content\/uploads\/2016\/07\/ideklai-begimui-1-36x27.jpg 36w, https:\/\/www.orto24.lt\/wp-content\/uploads\/2016\/07\/ideklai-begimui-1-48x36.jpg 48w\" sizes=\"(max-width: 1024px) 100vw, 1024px\" \/><\/p>\n","protected":false},"excerpt":{"rendered":"<p>&nbsp;<\/p>\n<p><sup>Spenco\u00ae<\/sup> IRONMAN RACE running inserts &#8211; ultra-lightweight, with semi-folding vault support and guaranteed stability for training and race day!<\/p>\n<p>&nbsp;<\/p>\n<p>&nbsp;<\/p>\n<p><img decoding=\"async\" class=\"wp-image-7626 alignleft\" src=\"https:\/\/www.orto24.lt\/wp-content\/uploads\/2016\/06\/icon-APMA.gif\" alt=\"icon-APMA\" width=\"138\" height=\"134\"><\/p>\n<p><img decoding=\"async\" class=\"wp-image-7713 alignleft\" src=\"https:\/\/www.orto24.lt\/wp-content\/uploads\/2016\/07\/150608_Ironman-logo-300x167.jpg\" alt=\"150608_Ironman-logo\" width=\"232\" height=\"107\"><br \/>\n<img loading=\"lazy\" decoding=\"async\" class=\" wp-image-7621 alignleft\" src=\"https:\/\/www.orto24.lt\/wp-content\/uploads\/2016\/06\/spenco-logo-1024x294.png\" alt=\"spenco logo\" width=\"306\" height=\"88\" srcset=\"https:\/\/www.orto24.lt\/wp-content\/uploads\/2016\/06\/spenco-logo-1024x294.png 1024w, https:\/\/www.orto24.lt\/wp-content\/uploads\/2016\/06\/spenco-logo-150x43.png 150w, https:\/\/www.orto24.lt\/wp-content\/uploads\/2016\/06\/spenco-logo-500x144.png 500w, https:\/\/www.orto24.lt\/wp-content\/uploads\/2016\/06\/spenco-logo-300x86.png 300w, https:\/\/www.orto24.lt\/wp-content\/uploads\/2016\/06\/spenco-logo-768x221.png 768w, https:\/\/www.orto24.lt\/wp-content\/uploads\/2016\/06\/spenco-logo-510x147.png 510w, https:\/\/www.orto24.lt\/wp-content\/uploads\/2016\/06\/spenco-logo-24x7.png 24w, https:\/\/www.orto24.lt\/wp-content\/uploads\/2016\/06\/spenco-logo-36x10.png 36w, https:\/\/www.orto24.lt\/wp-content\/uploads\/2016\/06\/spenco-logo-48x14.png 48w, https:\/\/www.orto24.lt\/wp-content\/uploads\/2016\/06\/spenco-logo.png 1280w\" sizes=\"(max-width: 306px) 100vw, 306px\" \/><\/p>\n","protected":false},"featured_media":30168,"comment_status":"open","ping_status":"closed","template":"","meta":[],"product_brand":[],"product_cat":[1137],"product_tag":[1309,1331,1329,1308,1139,1335,1310,1307,1315,1333,1306,1312,1314,1317],"class_list":{"0":"post-30166","1":"product","2":"type-product","3":"status-publish","4":"has-post-thumbnail","6":"product_cat-orthopaedic-inserts","7":"product_tag-footwear","8":"product_tag-for-jogging","9":"product_tag-for-running","10":"product_tag-inserts","11":"product_tag-insoles","12":"product_tag-ironman","13":"product_tag-orthopaedic","14":"product_tag-pads","15":"product_tag-pronation","16":"product_tag-race","17":"product_tag-rocker-arms","18":"product_tag-spenco","19":"product_tag-supination","20":"product_tag-vault","22":"first","23":"instock","24":"taxable","25":"shipping-taxable","26":"purchasable","27":"product-type-variable"},"yoast_head":"<!-- This site is optimized with the Yoast SEO plugin v26.0 - https:\/\/yoast.com\/wordpress\/plugins\/seo\/ -->\n<title>IRONMAN RACE running inserts<\/title>\n<meta name=\"description\" content=\"Spenco\u00ae IRONMAN RACE running inserts - ultra-lightweight, with semi-folding vault support and guaranteed stability for training and race day!\" \/>\n<meta name=\"robots\" content=\"index, follow, max-snippet:-1, max-image-preview:large, max-video-preview:-1\" \/>\n<link rel=\"canonical\" href=\"https:\/\/www.orto24.lt\/en\/produktas\/ironman-race-running-inserts\/\" \/>\n<meta property=\"og:locale\" content=\"en_US\" \/>\n<meta property=\"og:type\" content=\"article\" \/>\n<meta property=\"og:title\" content=\"IRONMAN RACE running inserts\" \/>\n<meta property=\"og:description\" content=\"Spenco\u00ae IRONMAN RACE running inserts - ultra-lightweight, with semi-folding vault support and guaranteed stability for training and race day!\" \/>\n<meta property=\"og:url\" content=\"https:\/\/www.orto24.lt\/en\/produktas\/ironman-race-running-inserts\/\" \/>\n<meta property=\"og:site_name\" content=\"Ortopedini\u0173 preki\u0173 parduotuv\u0117 - orto24.lt\" \/>\n<meta property=\"article:publisher\" content=\"https:\/\/www.facebook.com\/mtsprendimai\/\" \/>\n<meta property=\"og:image\" content=\"https:\/\/www.orto24.lt\/wp-content\/uploads\/2016\/07\/ideklai-begimui.jpg\" \/>\n\t<meta property=\"og:image:width\" content=\"330\" \/>\n\t<meta property=\"og:image:height\" content=\"667\" \/>\n\t<meta property=\"og:image:type\" content=\"image\/jpeg\" \/>\n<meta name=\"twitter:card\" content=\"summary_large_image\" \/>\n<meta name=\"twitter:label1\" content=\"Est. reading time\" \/>\n\t<meta name=\"twitter:data1\" content=\"1 minute\" \/>\n<script type=\"application\/ld+json\" class=\"yoast-schema-graph\">{\"@context\":\"https:\/\/schema.org\",\"@graph\":[{\"@type\":\"WebPage\",\"@id\":\"https:\/\/www.orto24.lt\/en\/produktas\/ironman-race-running-inserts\/\",\"url\":\"https:\/\/www.orto24.lt\/en\/produktas\/ironman-race-running-inserts\/\",\"name\":\"IRONMAN RACE running inserts\",\"isPartOf\":{\"@id\":\"https:\/\/www.orto24.lt\/en\/#website\"},\"primaryImageOfPage\":{\"@id\":\"https:\/\/www.orto24.lt\/en\/produktas\/ironman-race-running-inserts\/#primaryimage\"},\"image\":{\"@id\":\"https:\/\/www.orto24.lt\/en\/produktas\/ironman-race-running-inserts\/#primaryimage\"},\"thumbnailUrl\":\"https:\/\/www.orto24.lt\/wp-content\/uploads\/2016\/07\/ideklai-begimui.jpg\",\"datePublished\":\"2016-07-08T10:07:23+00:00\",\"description\":\"Spenco\u00ae IRONMAN RACE running inserts - ultra-lightweight, with semi-folding vault support and guaranteed stability for training and race day!\",\"breadcrumb\":{\"@id\":\"https:\/\/www.orto24.lt\/en\/produktas\/ironman-race-running-inserts\/#breadcrumb\"},\"inLanguage\":\"en-US\",\"potentialAction\":[{\"@type\":\"ReadAction\",\"target\":[\"https:\/\/www.orto24.lt\/en\/produktas\/ironman-race-running-inserts\/\"]}]},{\"@type\":\"ImageObject\",\"inLanguage\":\"en-US\",\"@id\":\"https:\/\/www.orto24.lt\/en\/produktas\/ironman-race-running-inserts\/#primaryimage\",\"url\":\"https:\/\/www.orto24.lt\/wp-content\/uploads\/2016\/07\/ideklai-begimui.jpg\",\"contentUrl\":\"https:\/\/www.orto24.lt\/wp-content\/uploads\/2016\/07\/ideklai-begimui.jpg\",\"width\":330,\"height\":667,\"caption\":\"IRONMAN RACE running inserts 1\"},{\"@type\":\"BreadcrumbList\",\"@id\":\"https:\/\/www.orto24.lt\/en\/produktas\/ironman-race-running-inserts\/#breadcrumb\",\"itemListElement\":[{\"@type\":\"ListItem\",\"position\":1,\"name\":\"Home\",\"item\":\"https:\/\/www.orto24.lt\/en\/\"},{\"@type\":\"ListItem\",\"position\":2,\"name\":\"Shop\",\"item\":\"https:\/\/www.orto24.lt\/en\/shop\/\"},{\"@type\":\"ListItem\",\"position\":3,\"name\":\"IRONMAN RACE running inserts\"}]},{\"@type\":\"WebSite\",\"@id\":\"https:\/\/www.orto24.lt\/en\/#website\",\"url\":\"https:\/\/www.orto24.lt\/en\/\",\"name\":\"Ortopedini\u0173 preki\u0173 parduotuv\u0117 - orto24.lt\",\"description\":\"| orto24.lt\",\"potentialAction\":[{\"@type\":\"SearchAction\",\"target\":{\"@type\":\"EntryPoint\",\"urlTemplate\":\"https:\/\/www.orto24.lt\/en\/?s={search_term_string}\"},\"query-input\":{\"@type\":\"PropertyValueSpecification\",\"valueRequired\":true,\"valueName\":\"search_term_string\"}}],\"inLanguage\":\"en-US\"}]}<\/script>\n<!-- \/ Yoast SEO plugin. -->","yoast_head_json":{"title":"IRONMAN RACE running inserts","description":"Spenco\u00ae IRONMAN RACE running inserts - ultra-lightweight, with semi-folding vault support and guaranteed stability for training and race day!","robots":{"index":"index","follow":"follow","max-snippet":"max-snippet:-1","max-image-preview":"max-image-preview:large","max-video-preview":"max-video-preview:-1"},"canonical":"https:\/\/www.orto24.lt\/en\/produktas\/ironman-race-running-inserts\/","og_locale":"en_US","og_type":"article","og_title":"IRONMAN RACE running inserts","og_description":"Spenco\u00ae IRONMAN RACE running inserts - ultra-lightweight, with semi-folding vault support and guaranteed stability for training and race day!","og_url":"https:\/\/www.orto24.lt\/en\/produktas\/ironman-race-running-inserts\/","og_site_name":"Ortopedini\u0173 preki\u0173 parduotuv\u0117 - orto24.lt","article_publisher":"https:\/\/www.facebook.com\/mtsprendimai\/","og_image":[{"width":330,"height":667,"url":"https:\/\/www.orto24.lt\/wp-content\/uploads\/2016\/07\/ideklai-begimui.jpg","type":"image\/jpeg"}],"twitter_card":"summary_large_image","twitter_misc":{"Est. reading time":"1 minute"},"schema":{"@context":"https:\/\/schema.org","@graph":[{"@type":"WebPage","@id":"https:\/\/www.orto24.lt\/en\/produktas\/ironman-race-running-inserts\/","url":"https:\/\/www.orto24.lt\/en\/produktas\/ironman-race-running-inserts\/","name":"IRONMAN RACE running inserts","isPartOf":{"@id":"https:\/\/www.orto24.lt\/en\/#website"},"primaryImageOfPage":{"@id":"https:\/\/www.orto24.lt\/en\/produktas\/ironman-race-running-inserts\/#primaryimage"},"image":{"@id":"https:\/\/www.orto24.lt\/en\/produktas\/ironman-race-running-inserts\/#primaryimage"},"thumbnailUrl":"https:\/\/www.orto24.lt\/wp-content\/uploads\/2016\/07\/ideklai-begimui.jpg","datePublished":"2016-07-08T10:07:23+00:00","description":"Spenco\u00ae IRONMAN RACE running inserts - ultra-lightweight, with semi-folding vault support and guaranteed stability for training and race day!","breadcrumb":{"@id":"https:\/\/www.orto24.lt\/en\/produktas\/ironman-race-running-inserts\/#breadcrumb"},"inLanguage":"en-US","potentialAction":[{"@type":"ReadAction","target":["https:\/\/www.orto24.lt\/en\/produktas\/ironman-race-running-inserts\/"]}]},{"@type":"ImageObject","inLanguage":"en-US","@id":"https:\/\/www.orto24.lt\/en\/produktas\/ironman-race-running-inserts\/#primaryimage","url":"https:\/\/www.orto24.lt\/wp-content\/uploads\/2016\/07\/ideklai-begimui.jpg","contentUrl":"https:\/\/www.orto24.lt\/wp-content\/uploads\/2016\/07\/ideklai-begimui.jpg","width":330,"height":667,"caption":"IRONMAN RACE running inserts 1"},{"@type":"BreadcrumbList","@id":"https:\/\/www.orto24.lt\/en\/produktas\/ironman-race-running-inserts\/#breadcrumb","itemListElement":[{"@type":"ListItem","position":1,"name":"Home","item":"https:\/\/www.orto24.lt\/en\/"},{"@type":"ListItem","position":2,"name":"Shop","item":"https:\/\/www.orto24.lt\/en\/shop\/"},{"@type":"ListItem","position":3,"name":"IRONMAN RACE running inserts"}]},{"@type":"WebSite","@id":"https:\/\/www.orto24.lt\/en\/#website","url":"https:\/\/www.orto24.lt\/en\/","name":"Ortopedini\u0173 preki\u0173 parduotuv\u0117 - orto24.lt","description":"| orto24.lt","potentialAction":[{"@type":"SearchAction","target":{"@type":"EntryPoint","urlTemplate":"https:\/\/www.orto24.lt\/en\/?s={search_term_string}"},"query-input":{"@type":"PropertyValueSpecification","valueRequired":true,"valueName":"search_term_string"}}],"inLanguage":"en-US"}]}},"_links":{"self":[{"href":"https:\/\/www.orto24.lt\/en\/wp-json\/wp\/v2\/product\/30166","targetHints":{"allow":["GET"]}}],"collection":[{"href":"https:\/\/www.orto24.lt\/en\/wp-json\/wp\/v2\/product"}],"about":[{"href":"https:\/\/www.orto24.lt\/en\/wp-json\/wp\/v2\/types\/product"}],"replies":[{"embeddable":true,"href":"https:\/\/www.orto24.lt\/en\/wp-json\/wp\/v2\/comments?post=30166"}],"version-history":[{"count":0,"href":"https:\/\/www.orto24.lt\/en\/wp-json\/wp\/v2\/product\/30166\/revisions"}],"wp:featuredmedia":[{"embeddable":true,"href":"https:\/\/www.orto24.lt\/en\/wp-json\/wp\/v2\/media\/30168"}],"wp:attachment":[{"href":"https:\/\/www.orto24.lt\/en\/wp-json\/wp\/v2\/media?parent=30166"}],"wp:term":[{"taxonomy":"product_brand","embeddable":true,"href":"https:\/\/www.orto24.lt\/en\/wp-json\/wp\/v2\/product_brand?post=30166"},{"taxonomy":"product_cat","embeddable":true,"href":"https:\/\/www.orto24.lt\/en\/wp-json\/wp\/v2\/product_cat?post=30166"},{"taxonomy":"product_tag","embeddable":true,"href":"https:\/\/www.orto24.lt\/en\/wp-json\/wp\/v2\/product_tag?post=30166"}],"curies":[{"name":"wp","href":"https:\/\/api.w.org\/{rel}","templated":true}]}}