{"id":30179,"date":"2016-07-13T08:22:44","date_gmt":"2016-07-13T08:22:44","guid":{"rendered":"https:\/\/www.orto24.lt\/produktas\/ironman-thin-ultra-thin-shoe-inserts\/"},"modified":"2016-07-13T08:22:44","modified_gmt":"2016-07-13T08:22:44","slug":"ironman-thin-ultra-thin-shoe-inserts","status":"publish","type":"product","link":"https:\/\/www.orto24.lt\/en\/produktas\/ironman-thin-ultra-thin-shoe-inserts\/","title":{"rendered":"IRONMAN THIN ultra-thin shoe inserts"},"content":{"rendered":"<h1>IRONMAN THIN ultra-thin shoe inserts<\/h1>\n<p>&nbsp;<\/p>\n<p>IRONMAN THIN ultra-thin shoe inserts are the perfect choice for athletes and amateurs who need performance inserts that fit into small or athletic shoes. Weighing just 54 grams! <\/p>\n<p>&nbsp;<\/p>\n<p>These tyres have all the best features of the original Total Support inserts, but are much thinner and extremely light. Perfect for those with running shoes. The patented <sup>3-POD\u00ae<\/sup> modulation system distinguishes them from other insoles: by positioning the different pads in the most important areas of the foot, these ultra-thin insoles modify the lower forces during movement. This allows athletes to improve performance while ensuring the highest level of comfort and reducing pronation problems &#8211; a common issue that causes foot, leg and back pain.   <\/p>\n<p>&nbsp;<\/p>\n<p><iframe title=\"Spenco Medical - Insoles (short)\" width=\"500\" height=\"281\" src=\"https:\/\/www.youtube.com\/embed\/VV_k5kbICUc?feature=oembed\" frameborder=\"0\" allow=\"accelerometer; autoplay; clipboard-write; encrypted-media; gyroscope; picture-in-picture; web-share\" referrerpolicy=\"strict-origin-when-cross-origin\" allowfullscreen><\/iframe><\/p>\n<p>&nbsp;<\/p>\n<p><img fetchpriority=\"high\" decoding=\"async\" class=\"alignnone size-large wp-image-7749\" src=\"https:\/\/www.orto24.lt\/wp-content\/uploads\/2016\/07\/115_TSThin_TechSheet-738x1024.jpg\" alt=\"115_TSThin_TechSheet\" width=\"738\" height=\"1024\" srcset=\"https:\/\/www.orto24.lt\/wp-content\/uploads\/2016\/07\/115_TSThin_TechSheet-738x1024.jpg 738w, https:\/\/www.orto24.lt\/wp-content\/uploads\/2016\/07\/115_TSThin_TechSheet-scaled-150x208.jpg 150w, https:\/\/www.orto24.lt\/wp-content\/uploads\/2016\/07\/115_TSThin_TechSheet-scaled-500x694.jpg 500w, https:\/\/www.orto24.lt\/wp-content\/uploads\/2016\/07\/115_TSThin_TechSheet-216x300.jpg 216w, https:\/\/www.orto24.lt\/wp-content\/uploads\/2016\/07\/115_TSThin_TechSheet-768x1065.jpg 768w, https:\/\/www.orto24.lt\/wp-content\/uploads\/2016\/07\/115_TSThin_TechSheet-510x708.jpg 510w, https:\/\/www.orto24.lt\/wp-content\/uploads\/2016\/07\/115_TSThin_TechSheet-17x24.jpg 17w, https:\/\/www.orto24.lt\/wp-content\/uploads\/2016\/07\/115_TSThin_TechSheet-26x36.jpg 26w, https:\/\/www.orto24.lt\/wp-content\/uploads\/2016\/07\/115_TSThin_TechSheet-35x48.jpg 35w, https:\/\/www.orto24.lt\/wp-content\/uploads\/2016\/07\/115_TSThin_TechSheet-scaled.jpg 1845w\" sizes=\"(max-width: 738px) 100vw, 738px\" \/><\/p>\n","protected":false},"excerpt":{"rendered":"<p>&nbsp;<\/p>\n<p>IRONMAN THIN ultra-thin shoe inserts are the perfect choice for athletes and amateurs who need performance inserts that fit into small or athletic shoes. Weighing just 54 grams! <\/p>\n<p>&nbsp;<\/p>\n<p>&nbsp;<\/p>\n<p><img decoding=\"async\" class=\"wp-image-7626 alignleft\" src=\"https:\/\/www.orto24.lt\/wp-content\/uploads\/2016\/06\/icon-APMA.gif\" alt=\"icon-APMA\" width=\"138\" height=\"134\"><\/p>\n<p><img decoding=\"async\" class=\"wp-image-7713 alignleft\" src=\"https:\/\/www.orto24.lt\/wp-content\/uploads\/2016\/07\/150608_Ironman-logo-300x167.jpg\" alt=\"150608_Ironman-logo\" width=\"232\" height=\"107\"><\/p>\n","protected":false},"featured_media":30183,"comment_status":"open","ping_status":"closed","template":"","meta":[],"product_brand":[],"product_cat":[1137],"product_tag":[1342,1319,1309,1329,1344,1308,1139,1343,1310,1307,1306,1312,1314,1317,1340],"class_list":{"0":"post-30179","1":"product","2":"type-product","3":"status-publish","4":"has-post-thumbnail","6":"product_cat-orthopaedic-inserts","7":"product_tag-especially","8":"product_tag-flatfoot","9":"product_tag-footwear","10":"product_tag-for-running","11":"product_tag-for-shoes","12":"product_tag-inserts","13":"product_tag-insoles","14":"product_tag-light","15":"product_tag-orthopaedic","16":"product_tag-pads","17":"product_tag-rocker-arms","18":"product_tag-spenco","19":"product_tag-supination","20":"product_tag-vault","21":"product_tag-yields","23":"first","24":"instock","25":"sale","26":"taxable","27":"shipping-taxable","28":"purchasable","29":"product-type-variable"},"yoast_head":"<!-- This site is optimized with the Yoast SEO plugin v26.0 - https:\/\/yoast.com\/wordpress\/plugins\/seo\/ -->\n<title>IRONMAN THIN ultra-thin shoe inserts<\/title>\n<meta name=\"description\" content=\"IRONMAN THIN ultra-thin shoe inserts are the perfect choice for those who need performance inserts that fit into small or athletic shoes.\" \/>\n<meta name=\"robots\" content=\"index, follow, max-snippet:-1, max-image-preview:large, max-video-preview:-1\" \/>\n<link rel=\"canonical\" href=\"https:\/\/www.orto24.lt\/en\/produktas\/ironman-thin-ultra-thin-shoe-inserts\/\" \/>\n<meta property=\"og:locale\" content=\"en_US\" \/>\n<meta property=\"og:type\" content=\"article\" \/>\n<meta property=\"og:title\" content=\"IRONMAN THIN ultra-thin shoe inserts\" \/>\n<meta property=\"og:description\" content=\"IRONMAN THIN ultra-thin shoe inserts are the perfect choice for those who need performance inserts that fit into small or athletic shoes.\" \/>\n<meta property=\"og:url\" content=\"https:\/\/www.orto24.lt\/en\/produktas\/ironman-thin-ultra-thin-shoe-inserts\/\" \/>\n<meta property=\"og:site_name\" content=\"Ortopedini\u0173 preki\u0173 parduotuv\u0117 - orto24.lt\" \/>\n<meta property=\"article:publisher\" content=\"https:\/\/www.facebook.com\/mtsprendimai\/\" \/>\n<meta property=\"og:image\" content=\"https:\/\/www.orto24.lt\/wp-content\/uploads\/2016\/07\/thin.png\" \/>\n\t<meta property=\"og:image:width\" content=\"330\" \/>\n\t<meta property=\"og:image:height\" content=\"667\" \/>\n\t<meta property=\"og:image:type\" content=\"image\/png\" \/>\n<meta name=\"twitter:card\" content=\"summary_large_image\" \/>\n<meta name=\"twitter:label1\" content=\"Est. reading time\" \/>\n\t<meta name=\"twitter:data1\" content=\"1 minute\" \/>\n<script type=\"application\/ld+json\" class=\"yoast-schema-graph\">{\"@context\":\"https:\/\/schema.org\",\"@graph\":[{\"@type\":\"WebPage\",\"@id\":\"https:\/\/www.orto24.lt\/en\/produktas\/ironman-thin-ultra-thin-shoe-inserts\/\",\"url\":\"https:\/\/www.orto24.lt\/en\/produktas\/ironman-thin-ultra-thin-shoe-inserts\/\",\"name\":\"IRONMAN THIN ultra-thin shoe inserts\",\"isPartOf\":{\"@id\":\"https:\/\/www.orto24.lt\/en\/#website\"},\"primaryImageOfPage\":{\"@id\":\"https:\/\/www.orto24.lt\/en\/produktas\/ironman-thin-ultra-thin-shoe-inserts\/#primaryimage\"},\"image\":{\"@id\":\"https:\/\/www.orto24.lt\/en\/produktas\/ironman-thin-ultra-thin-shoe-inserts\/#primaryimage\"},\"thumbnailUrl\":\"https:\/\/www.orto24.lt\/wp-content\/uploads\/2016\/07\/thin.png\",\"datePublished\":\"2016-07-13T08:22:44+00:00\",\"description\":\"IRONMAN THIN ultra-thin shoe inserts are the perfect choice for those who need performance inserts that fit into small or athletic shoes.\",\"breadcrumb\":{\"@id\":\"https:\/\/www.orto24.lt\/en\/produktas\/ironman-thin-ultra-thin-shoe-inserts\/#breadcrumb\"},\"inLanguage\":\"en-US\",\"potentialAction\":[{\"@type\":\"ReadAction\",\"target\":[\"https:\/\/www.orto24.lt\/en\/produktas\/ironman-thin-ultra-thin-shoe-inserts\/\"]}]},{\"@type\":\"ImageObject\",\"inLanguage\":\"en-US\",\"@id\":\"https:\/\/www.orto24.lt\/en\/produktas\/ironman-thin-ultra-thin-shoe-inserts\/#primaryimage\",\"url\":\"https:\/\/www.orto24.lt\/wp-content\/uploads\/2016\/07\/thin.png\",\"contentUrl\":\"https:\/\/www.orto24.lt\/wp-content\/uploads\/2016\/07\/thin.png\",\"width\":330,\"height\":667,\"caption\":\"IRONMAN THIN ultra-thin shoe inserts 1\"},{\"@type\":\"BreadcrumbList\",\"@id\":\"https:\/\/www.orto24.lt\/en\/produktas\/ironman-thin-ultra-thin-shoe-inserts\/#breadcrumb\",\"itemListElement\":[{\"@type\":\"ListItem\",\"position\":1,\"name\":\"Home\",\"item\":\"https:\/\/www.orto24.lt\/en\/\"},{\"@type\":\"ListItem\",\"position\":2,\"name\":\"Shop\",\"item\":\"https:\/\/www.orto24.lt\/en\/shop\/\"},{\"@type\":\"ListItem\",\"position\":3,\"name\":\"IRONMAN THIN ultra-thin shoe inserts\"}]},{\"@type\":\"WebSite\",\"@id\":\"https:\/\/www.orto24.lt\/en\/#website\",\"url\":\"https:\/\/www.orto24.lt\/en\/\",\"name\":\"Ortopedini\u0173 preki\u0173 parduotuv\u0117 - orto24.lt\",\"description\":\"| orto24.lt\",\"potentialAction\":[{\"@type\":\"SearchAction\",\"target\":{\"@type\":\"EntryPoint\",\"urlTemplate\":\"https:\/\/www.orto24.lt\/en\/?s={search_term_string}\"},\"query-input\":{\"@type\":\"PropertyValueSpecification\",\"valueRequired\":true,\"valueName\":\"search_term_string\"}}],\"inLanguage\":\"en-US\"}]}<\/script>\n<!-- \/ Yoast SEO plugin. -->","yoast_head_json":{"title":"IRONMAN THIN ultra-thin shoe inserts","description":"IRONMAN THIN ultra-thin shoe inserts are the perfect choice for those who need performance inserts that fit into small or athletic shoes.","robots":{"index":"index","follow":"follow","max-snippet":"max-snippet:-1","max-image-preview":"max-image-preview:large","max-video-preview":"max-video-preview:-1"},"canonical":"https:\/\/www.orto24.lt\/en\/produktas\/ironman-thin-ultra-thin-shoe-inserts\/","og_locale":"en_US","og_type":"article","og_title":"IRONMAN THIN ultra-thin shoe inserts","og_description":"IRONMAN THIN ultra-thin shoe inserts are the perfect choice for those who need performance inserts that fit into small or athletic shoes.","og_url":"https:\/\/www.orto24.lt\/en\/produktas\/ironman-thin-ultra-thin-shoe-inserts\/","og_site_name":"Ortopedini\u0173 preki\u0173 parduotuv\u0117 - orto24.lt","article_publisher":"https:\/\/www.facebook.com\/mtsprendimai\/","og_image":[{"width":330,"height":667,"url":"https:\/\/www.orto24.lt\/wp-content\/uploads\/2016\/07\/thin.png","type":"image\/png"}],"twitter_card":"summary_large_image","twitter_misc":{"Est. reading time":"1 minute"},"schema":{"@context":"https:\/\/schema.org","@graph":[{"@type":"WebPage","@id":"https:\/\/www.orto24.lt\/en\/produktas\/ironman-thin-ultra-thin-shoe-inserts\/","url":"https:\/\/www.orto24.lt\/en\/produktas\/ironman-thin-ultra-thin-shoe-inserts\/","name":"IRONMAN THIN ultra-thin shoe inserts","isPartOf":{"@id":"https:\/\/www.orto24.lt\/en\/#website"},"primaryImageOfPage":{"@id":"https:\/\/www.orto24.lt\/en\/produktas\/ironman-thin-ultra-thin-shoe-inserts\/#primaryimage"},"image":{"@id":"https:\/\/www.orto24.lt\/en\/produktas\/ironman-thin-ultra-thin-shoe-inserts\/#primaryimage"},"thumbnailUrl":"https:\/\/www.orto24.lt\/wp-content\/uploads\/2016\/07\/thin.png","datePublished":"2016-07-13T08:22:44+00:00","description":"IRONMAN THIN ultra-thin shoe inserts are the perfect choice for those who need performance inserts that fit into small or athletic shoes.","breadcrumb":{"@id":"https:\/\/www.orto24.lt\/en\/produktas\/ironman-thin-ultra-thin-shoe-inserts\/#breadcrumb"},"inLanguage":"en-US","potentialAction":[{"@type":"ReadAction","target":["https:\/\/www.orto24.lt\/en\/produktas\/ironman-thin-ultra-thin-shoe-inserts\/"]}]},{"@type":"ImageObject","inLanguage":"en-US","@id":"https:\/\/www.orto24.lt\/en\/produktas\/ironman-thin-ultra-thin-shoe-inserts\/#primaryimage","url":"https:\/\/www.orto24.lt\/wp-content\/uploads\/2016\/07\/thin.png","contentUrl":"https:\/\/www.orto24.lt\/wp-content\/uploads\/2016\/07\/thin.png","width":330,"height":667,"caption":"IRONMAN THIN ultra-thin shoe inserts 1"},{"@type":"BreadcrumbList","@id":"https:\/\/www.orto24.lt\/en\/produktas\/ironman-thin-ultra-thin-shoe-inserts\/#breadcrumb","itemListElement":[{"@type":"ListItem","position":1,"name":"Home","item":"https:\/\/www.orto24.lt\/en\/"},{"@type":"ListItem","position":2,"name":"Shop","item":"https:\/\/www.orto24.lt\/en\/shop\/"},{"@type":"ListItem","position":3,"name":"IRONMAN THIN ultra-thin shoe inserts"}]},{"@type":"WebSite","@id":"https:\/\/www.orto24.lt\/en\/#website","url":"https:\/\/www.orto24.lt\/en\/","name":"Ortopedini\u0173 preki\u0173 parduotuv\u0117 - orto24.lt","description":"| orto24.lt","potentialAction":[{"@type":"SearchAction","target":{"@type":"EntryPoint","urlTemplate":"https:\/\/www.orto24.lt\/en\/?s={search_term_string}"},"query-input":{"@type":"PropertyValueSpecification","valueRequired":true,"valueName":"search_term_string"}}],"inLanguage":"en-US"}]}},"_links":{"self":[{"href":"https:\/\/www.orto24.lt\/en\/wp-json\/wp\/v2\/product\/30179","targetHints":{"allow":["GET"]}}],"collection":[{"href":"https:\/\/www.orto24.lt\/en\/wp-json\/wp\/v2\/product"}],"about":[{"href":"https:\/\/www.orto24.lt\/en\/wp-json\/wp\/v2\/types\/product"}],"replies":[{"embeddable":true,"href":"https:\/\/www.orto24.lt\/en\/wp-json\/wp\/v2\/comments?post=30179"}],"version-history":[{"count":0,"href":"https:\/\/www.orto24.lt\/en\/wp-json\/wp\/v2\/product\/30179\/revisions"}],"wp:featuredmedia":[{"embeddable":true,"href":"https:\/\/www.orto24.lt\/en\/wp-json\/wp\/v2\/media\/30183"}],"wp:attachment":[{"href":"https:\/\/www.orto24.lt\/en\/wp-json\/wp\/v2\/media?parent=30179"}],"wp:term":[{"taxonomy":"product_brand","embeddable":true,"href":"https:\/\/www.orto24.lt\/en\/wp-json\/wp\/v2\/product_brand?post=30179"},{"taxonomy":"product_cat","embeddable":true,"href":"https:\/\/www.orto24.lt\/en\/wp-json\/wp\/v2\/product_cat?post=30179"},{"taxonomy":"product_tag","embeddable":true,"href":"https:\/\/www.orto24.lt\/en\/wp-json\/wp\/v2\/product_tag?post=30179"}],"curies":[{"name":"wp","href":"https:\/\/api.w.org\/{rel}","templated":true}]}}