{"id":30189,"date":"2016-07-14T08:44:13","date_gmt":"2016-07-14T08:44:13","guid":{"rendered":"https:\/\/www.orto24.lt\/produktas\/strenghtape-wrist-and-elbow-casts-set\/"},"modified":"2016-07-14T08:44:13","modified_gmt":"2016-07-14T08:44:13","slug":"strenghtape-wrist-and-elbow-casts-set","status":"publish","type":"product","link":"https:\/\/www.orto24.lt\/en\/produktas\/strenghtape-wrist-and-elbow-casts-set\/","title":{"rendered":"STRENGHTAPE wrist and elbow casts (set)"},"content":{"rendered":"<h1>STRENGHTAPE wrist and elbow casts (set)<\/h1>\n<p>&nbsp;<\/p>\n<p>STRENGTHTAPE\u00ae tapes are the official kinesiology tapes of the IRONMAN line due to their long-lasting properties and effectiveness against injuries. This tape can endure up to 3-5 days of water, sweat and mud challenges, protecting damaged muscles and tissues while allowing a full range of free movement. Made from breathable cotton and elastane. Contains <strong>no <\/strong>rubber latex.   <\/p>\n<p>&nbsp;<\/p>\n<p><iframe title=\"What is STRENGTHTAPE\u00ae?\" width=\"500\" height=\"281\" src=\"https:\/\/www.youtube.com\/embed\/rtNPLwgh5C0?feature=oembed\" frameborder=\"0\" allow=\"accelerometer; autoplay; clipboard-write; encrypted-media; gyroscope; picture-in-picture; web-share\" referrerpolicy=\"strict-origin-when-cross-origin\" allowfullscreen><\/iframe><\/p>\n<p>&nbsp;<\/p>\n<p>Teips are sticky-flexible patches that are applied to the body to relieve pain, improve circulation, correct posture or as a preventative measure to avoid injury. In professional sports, tapes are used not only as a rehabilitation accessory after injuries, but also as a means to move more freely. <\/p>\n<p>&nbsp;<\/p>\n<p>Correctly sealed, it can mobilise the joints into the correct position, thereby not only reducing the chance of injury during active sports, but also facilitating movement. It also improves lymphatic circulation, reduces muscle tension and strengthens the tone of weakened muscles. <\/p>\n<p>&nbsp;<\/p>\n<p>Kinesiotherapy is widely used abroad for pregnant women. Teiping stabilises the position of the foetus, strengthens the abdominal muscles and reduces possible pain. It also helps the back muscles to withstand the increased strain of the growing foetus. Reduces discomfort for pregnant women when sleeping.   <\/p>\n<p>&nbsp;<\/p>\n<p>Kinesiotherapy is widely used in paediatrics to help correct postural problems, repair weak muscles, address coordination problems, treat certain developmental problems, gait disorders and flat feet.<\/p>\n<p>&nbsp;<\/p>\n<p>&nbsp;<\/p>\n<h2>Wrist and elbow tapes (set)<\/h2>\n<p>This kit contains 2 ready-to-use kits specially cut for the wrist and elbow areas.<\/p>\n<p><img fetchpriority=\"high\" decoding=\"async\" class=\"alignnone size-full wp-image-7760\" src=\"https:\/\/www.orto24.lt\/wp-content\/uploads\/2016\/07\/instrukcija-teipai-1.jpg\" alt=\"instructions for teepees\" width=\"898\" height=\"323\" srcset=\"https:\/\/www.orto24.lt\/wp-content\/uploads\/2016\/07\/instrukcija-teipai-1.jpg 898w, https:\/\/www.orto24.lt\/wp-content\/uploads\/2016\/07\/instrukcija-teipai-1-150x54.jpg 150w, https:\/\/www.orto24.lt\/wp-content\/uploads\/2016\/07\/instrukcija-teipai-1-500x180.jpg 500w, https:\/\/www.orto24.lt\/wp-content\/uploads\/2016\/07\/instrukcija-teipai-1-300x108.jpg 300w, https:\/\/www.orto24.lt\/wp-content\/uploads\/2016\/07\/instrukcija-teipai-1-768x276.jpg 768w, https:\/\/www.orto24.lt\/wp-content\/uploads\/2016\/07\/instrukcija-teipai-1-510x183.jpg 510w, https:\/\/www.orto24.lt\/wp-content\/uploads\/2016\/07\/instrukcija-teipai-1-24x9.jpg 24w, https:\/\/www.orto24.lt\/wp-content\/uploads\/2016\/07\/instrukcija-teipai-1-36x13.jpg 36w, https:\/\/www.orto24.lt\/wp-content\/uploads\/2016\/07\/instrukcija-teipai-1-48x17.jpg 48w\" sizes=\"(max-width: 898px) 100vw, 898px\" \/><\/p>\n<p><iframe title=\"STRENGTHTAPE\u00ae | Kinesiology Tape | Tennis Elbow (Lateral Epicondyle)\" width=\"500\" height=\"281\" src=\"https:\/\/www.youtube.com\/embed\/4r1lfOO1fvY?feature=oembed\" frameborder=\"0\" allow=\"accelerometer; autoplay; clipboard-write; encrypted-media; gyroscope; picture-in-picture; web-share\" referrerpolicy=\"strict-origin-when-cross-origin\" allowfullscreen><\/iframe><\/p>\n<p><iframe title=\"STRENGTHTAPE\u00ae | Kinesiology Tape | Elbow General\" width=\"500\" height=\"281\" src=\"https:\/\/www.youtube.com\/embed\/6M7yNDN0qsY?feature=oembed\" frameborder=\"0\" allow=\"accelerometer; autoplay; clipboard-write; encrypted-media; gyroscope; picture-in-picture; web-share\" referrerpolicy=\"strict-origin-when-cross-origin\" allowfullscreen><\/iframe><\/p>\n<p>&nbsp;<\/p>\n<p>&nbsp;<\/p>\n<p>&nbsp;<\/p>\n","protected":false},"excerpt":{"rendered":"<p>STRENGTHTAPE\u00ae tees can withstand up to 7 days of water, sweat and mud challenges, protecting muscles and tissues while allowing free movement.<\/p>\n<p><strong>Please note that the product cannot be returned or exchanged.<\/strong><\/p>\n<p><img decoding=\"async\" class=\"alignnone size-full wp-image-7758\" src=\"https:\/\/www.orto24.lt\/wp-content\/uploads\/2016\/07\/strengthtape-logo.png\" alt=\"strengthtape-logo\" width=\"279\" height=\"58\" srcset=\"https:\/\/www.orto24.lt\/wp-content\/uploads\/2016\/07\/strengthtape-logo.png 279w, https:\/\/www.orto24.lt\/wp-content\/uploads\/2016\/07\/strengthtape-logo-150x31.png 150w, https:\/\/www.orto24.lt\/wp-content\/uploads\/2016\/07\/strengthtape-logo-24x5.png 24w, https:\/\/www.orto24.lt\/wp-content\/uploads\/2016\/07\/strengthtape-logo-36x7.png 36w, https:\/\/www.orto24.lt\/wp-content\/uploads\/2016\/07\/strengthtape-logo-48x10.png 48w\" sizes=\"(max-width: 279px) 100vw, 279px\" \/><\/p>\n","protected":false},"featured_media":30194,"comment_status":"open","ping_status":"closed","template":"","meta":[],"product_brand":[],"product_cat":[1348],"product_tag":[1196,1103,1335,1351,1353,1354,1312,1189,1171,1350,1349],"class_list":{"0":"post-30189","1":"product","2":"type-product","3":"status-publish","4":"has-post-thumbnail","6":"product_cat-kinesiology-teepees","7":"product_tag-for-elbow","8":"product_tag-for-the-wrist","9":"product_tag-ironman","10":"product_tag-kinesioteip","11":"product_tag-kinesioteips","12":"product_tag-plastering","13":"product_tag-spenco","14":"product_tag-tape","15":"product_tag-tapes","16":"product_tag-teepees","17":"product_tag-teipas","19":"first","20":"instock","21":"taxable","22":"shipping-taxable","23":"purchasable","24":"product-type-simple"},"yoast_head":"<!-- This site is optimized with the Yoast SEO plugin v26.0 - https:\/\/yoast.com\/wordpress\/plugins\/seo\/ -->\n<title>STRENGHTAPE wrist and elbow casts (set)<\/title>\n<meta name=\"description\" content=\"STRENGTHTAPE\u00ae wrist and elbow tapes - a kinesiotape kit that can withstand up to 7 days of water, sweat and mud challenges.\" \/>\n<meta name=\"robots\" content=\"index, follow, max-snippet:-1, max-image-preview:large, max-video-preview:-1\" \/>\n<link rel=\"canonical\" href=\"https:\/\/www.orto24.lt\/en\/produktas\/strenghtape-wrist-and-elbow-casts-set\/\" \/>\n<meta property=\"og:locale\" content=\"en_US\" \/>\n<meta property=\"og:type\" content=\"article\" \/>\n<meta property=\"og:title\" content=\"STRENGHTAPE wrist and elbow casts (set)\" \/>\n<meta property=\"og:description\" content=\"STRENGTHTAPE\u00ae wrist and elbow tapes - a kinesiotape kit that can withstand up to 7 days of water, sweat and mud challenges.\" \/>\n<meta property=\"og:url\" content=\"https:\/\/www.orto24.lt\/en\/produktas\/strenghtape-wrist-and-elbow-casts-set\/\" \/>\n<meta property=\"og:site_name\" content=\"Ortopedini\u0173 preki\u0173 parduotuv\u0117 - orto24.lt\" \/>\n<meta property=\"article:publisher\" content=\"https:\/\/www.facebook.com\/mtsprendimai\/\" \/>\n<meta property=\"og:image\" content=\"https:\/\/www.orto24.lt\/wp-content\/uploads\/2016\/07\/teipai-riesui.jpg\" \/>\n\t<meta property=\"og:image:width\" content=\"330\" \/>\n\t<meta property=\"og:image:height\" content=\"667\" \/>\n\t<meta property=\"og:image:type\" content=\"image\/jpeg\" \/>\n<meta name=\"twitter:card\" content=\"summary_large_image\" \/>\n<meta name=\"twitter:label1\" content=\"Est. reading time\" \/>\n\t<meta name=\"twitter:data1\" content=\"1 minute\" \/>\n<script type=\"application\/ld+json\" class=\"yoast-schema-graph\">{\"@context\":\"https:\/\/schema.org\",\"@graph\":[{\"@type\":\"WebPage\",\"@id\":\"https:\/\/www.orto24.lt\/en\/produktas\/strenghtape-wrist-and-elbow-casts-set\/\",\"url\":\"https:\/\/www.orto24.lt\/en\/produktas\/strenghtape-wrist-and-elbow-casts-set\/\",\"name\":\"STRENGHTAPE wrist and elbow casts (set)\",\"isPartOf\":{\"@id\":\"https:\/\/www.orto24.lt\/en\/#website\"},\"primaryImageOfPage\":{\"@id\":\"https:\/\/www.orto24.lt\/en\/produktas\/strenghtape-wrist-and-elbow-casts-set\/#primaryimage\"},\"image\":{\"@id\":\"https:\/\/www.orto24.lt\/en\/produktas\/strenghtape-wrist-and-elbow-casts-set\/#primaryimage\"},\"thumbnailUrl\":\"https:\/\/www.orto24.lt\/wp-content\/uploads\/2016\/07\/teipai-riesui.jpg\",\"datePublished\":\"2016-07-14T08:44:13+00:00\",\"description\":\"STRENGTHTAPE\u00ae wrist and elbow tapes - a kinesiotape kit that can withstand up to 7 days of water, sweat and mud challenges.\",\"breadcrumb\":{\"@id\":\"https:\/\/www.orto24.lt\/en\/produktas\/strenghtape-wrist-and-elbow-casts-set\/#breadcrumb\"},\"inLanguage\":\"en-US\",\"potentialAction\":[{\"@type\":\"ReadAction\",\"target\":[\"https:\/\/www.orto24.lt\/en\/produktas\/strenghtape-wrist-and-elbow-casts-set\/\"]}]},{\"@type\":\"ImageObject\",\"inLanguage\":\"en-US\",\"@id\":\"https:\/\/www.orto24.lt\/en\/produktas\/strenghtape-wrist-and-elbow-casts-set\/#primaryimage\",\"url\":\"https:\/\/www.orto24.lt\/wp-content\/uploads\/2016\/07\/teipai-riesui.jpg\",\"contentUrl\":\"https:\/\/www.orto24.lt\/wp-content\/uploads\/2016\/07\/teipai-riesui.jpg\",\"width\":330,\"height\":667,\"caption\":\"wrist teepees\"},{\"@type\":\"BreadcrumbList\",\"@id\":\"https:\/\/www.orto24.lt\/en\/produktas\/strenghtape-wrist-and-elbow-casts-set\/#breadcrumb\",\"itemListElement\":[{\"@type\":\"ListItem\",\"position\":1,\"name\":\"Home\",\"item\":\"https:\/\/www.orto24.lt\/en\/\"},{\"@type\":\"ListItem\",\"position\":2,\"name\":\"Shop\",\"item\":\"https:\/\/www.orto24.lt\/en\/shop\/\"},{\"@type\":\"ListItem\",\"position\":3,\"name\":\"STRENGHTAPE wrist and elbow casts (set)\"}]},{\"@type\":\"WebSite\",\"@id\":\"https:\/\/www.orto24.lt\/en\/#website\",\"url\":\"https:\/\/www.orto24.lt\/en\/\",\"name\":\"Ortopedini\u0173 preki\u0173 parduotuv\u0117 - orto24.lt\",\"description\":\"| orto24.lt\",\"potentialAction\":[{\"@type\":\"SearchAction\",\"target\":{\"@type\":\"EntryPoint\",\"urlTemplate\":\"https:\/\/www.orto24.lt\/en\/?s={search_term_string}\"},\"query-input\":{\"@type\":\"PropertyValueSpecification\",\"valueRequired\":true,\"valueName\":\"search_term_string\"}}],\"inLanguage\":\"en-US\"}]}<\/script>\n<!-- \/ Yoast SEO plugin. -->","yoast_head_json":{"title":"STRENGHTAPE wrist and elbow casts (set)","description":"STRENGTHTAPE\u00ae wrist and elbow tapes - a kinesiotape kit that can withstand up to 7 days of water, sweat and mud challenges.","robots":{"index":"index","follow":"follow","max-snippet":"max-snippet:-1","max-image-preview":"max-image-preview:large","max-video-preview":"max-video-preview:-1"},"canonical":"https:\/\/www.orto24.lt\/en\/produktas\/strenghtape-wrist-and-elbow-casts-set\/","og_locale":"en_US","og_type":"article","og_title":"STRENGHTAPE wrist and elbow casts (set)","og_description":"STRENGTHTAPE\u00ae wrist and elbow tapes - a kinesiotape kit that can withstand up to 7 days of water, sweat and mud challenges.","og_url":"https:\/\/www.orto24.lt\/en\/produktas\/strenghtape-wrist-and-elbow-casts-set\/","og_site_name":"Ortopedini\u0173 preki\u0173 parduotuv\u0117 - orto24.lt","article_publisher":"https:\/\/www.facebook.com\/mtsprendimai\/","og_image":[{"width":330,"height":667,"url":"https:\/\/www.orto24.lt\/wp-content\/uploads\/2016\/07\/teipai-riesui.jpg","type":"image\/jpeg"}],"twitter_card":"summary_large_image","twitter_misc":{"Est. reading time":"1 minute"},"schema":{"@context":"https:\/\/schema.org","@graph":[{"@type":"WebPage","@id":"https:\/\/www.orto24.lt\/en\/produktas\/strenghtape-wrist-and-elbow-casts-set\/","url":"https:\/\/www.orto24.lt\/en\/produktas\/strenghtape-wrist-and-elbow-casts-set\/","name":"STRENGHTAPE wrist and elbow casts (set)","isPartOf":{"@id":"https:\/\/www.orto24.lt\/en\/#website"},"primaryImageOfPage":{"@id":"https:\/\/www.orto24.lt\/en\/produktas\/strenghtape-wrist-and-elbow-casts-set\/#primaryimage"},"image":{"@id":"https:\/\/www.orto24.lt\/en\/produktas\/strenghtape-wrist-and-elbow-casts-set\/#primaryimage"},"thumbnailUrl":"https:\/\/www.orto24.lt\/wp-content\/uploads\/2016\/07\/teipai-riesui.jpg","datePublished":"2016-07-14T08:44:13+00:00","description":"STRENGTHTAPE\u00ae wrist and elbow tapes - a kinesiotape kit that can withstand up to 7 days of water, sweat and mud challenges.","breadcrumb":{"@id":"https:\/\/www.orto24.lt\/en\/produktas\/strenghtape-wrist-and-elbow-casts-set\/#breadcrumb"},"inLanguage":"en-US","potentialAction":[{"@type":"ReadAction","target":["https:\/\/www.orto24.lt\/en\/produktas\/strenghtape-wrist-and-elbow-casts-set\/"]}]},{"@type":"ImageObject","inLanguage":"en-US","@id":"https:\/\/www.orto24.lt\/en\/produktas\/strenghtape-wrist-and-elbow-casts-set\/#primaryimage","url":"https:\/\/www.orto24.lt\/wp-content\/uploads\/2016\/07\/teipai-riesui.jpg","contentUrl":"https:\/\/www.orto24.lt\/wp-content\/uploads\/2016\/07\/teipai-riesui.jpg","width":330,"height":667,"caption":"wrist teepees"},{"@type":"BreadcrumbList","@id":"https:\/\/www.orto24.lt\/en\/produktas\/strenghtape-wrist-and-elbow-casts-set\/#breadcrumb","itemListElement":[{"@type":"ListItem","position":1,"name":"Home","item":"https:\/\/www.orto24.lt\/en\/"},{"@type":"ListItem","position":2,"name":"Shop","item":"https:\/\/www.orto24.lt\/en\/shop\/"},{"@type":"ListItem","position":3,"name":"STRENGHTAPE wrist and elbow casts (set)"}]},{"@type":"WebSite","@id":"https:\/\/www.orto24.lt\/en\/#website","url":"https:\/\/www.orto24.lt\/en\/","name":"Ortopedini\u0173 preki\u0173 parduotuv\u0117 - orto24.lt","description":"| orto24.lt","potentialAction":[{"@type":"SearchAction","target":{"@type":"EntryPoint","urlTemplate":"https:\/\/www.orto24.lt\/en\/?s={search_term_string}"},"query-input":{"@type":"PropertyValueSpecification","valueRequired":true,"valueName":"search_term_string"}}],"inLanguage":"en-US"}]}},"_links":{"self":[{"href":"https:\/\/www.orto24.lt\/en\/wp-json\/wp\/v2\/product\/30189","targetHints":{"allow":["GET"]}}],"collection":[{"href":"https:\/\/www.orto24.lt\/en\/wp-json\/wp\/v2\/product"}],"about":[{"href":"https:\/\/www.orto24.lt\/en\/wp-json\/wp\/v2\/types\/product"}],"replies":[{"embeddable":true,"href":"https:\/\/www.orto24.lt\/en\/wp-json\/wp\/v2\/comments?post=30189"}],"version-history":[{"count":0,"href":"https:\/\/www.orto24.lt\/en\/wp-json\/wp\/v2\/product\/30189\/revisions"}],"wp:featuredmedia":[{"embeddable":true,"href":"https:\/\/www.orto24.lt\/en\/wp-json\/wp\/v2\/media\/30194"}],"wp:attachment":[{"href":"https:\/\/www.orto24.lt\/en\/wp-json\/wp\/v2\/media?parent=30189"}],"wp:term":[{"taxonomy":"product_brand","embeddable":true,"href":"https:\/\/www.orto24.lt\/en\/wp-json\/wp\/v2\/product_brand?post=30189"},{"taxonomy":"product_cat","embeddable":true,"href":"https:\/\/www.orto24.lt\/en\/wp-json\/wp\/v2\/product_cat?post=30189"},{"taxonomy":"product_tag","embeddable":true,"href":"https:\/\/www.orto24.lt\/en\/wp-json\/wp\/v2\/product_tag?post=30189"}],"curies":[{"name":"wp","href":"https:\/\/api.w.org\/{rel}","templated":true}]}}