{"id":30209,"date":"2019-09-20T07:06:57","date_gmt":"2019-09-20T07:06:57","guid":{"rendered":"https:\/\/www.orto24.lt\/produktas\/prim-mottio-universal-kneecap-splint\/"},"modified":"2019-09-20T07:06:57","modified_gmt":"2019-09-20T07:06:57","slug":"prim-mottio-universal-kneecap-splint","status":"publish","type":"product","link":"https:\/\/www.orto24.lt\/en\/produktas\/prim-mottio-universal-kneecap-splint\/","title":{"rendered":"PRIM Mottio universal kneecap splint"},"content":{"rendered":"<p><img decoding=\"async\" src=\"https:\/\/international.prim.es\/wp-content\/uploads\/2017\/12\/logo_mottio.jpg\"><\/p>\n<p><strong>Universal kneecap splint<\/strong><\/p>\n<p>Indications:<\/p>\n<ul>\n<li>Osgood-Schlater disease.<\/li>\n<li>Patellar tendinitis.<\/li>\n<li>Chondromalacia of the kneecap (runner&#8217;s knee).<\/li>\n<li>Nipple instability.<\/li>\n<\/ul>\n<p>Instructions for use:<\/p>\n<ul>\n<li>Loosen one part of the strip.<\/li>\n<li>Place a splint on the leg. The deep part of the splint is at the patellar tendon (under the kneecap). <\/li>\n<li>Fasten the loosened part of the strip.<\/li>\n<li>Try walking around and see if the splint is too loose or too tight. Adjust. <\/li>\n<li>You can cut off the ends of the ribbon. Only the two side darts can be cut. <\/li>\n<\/ul>\n<p>Washing instructions:<\/p>\n<ul>\n<li>The splint must be fastened when washing.<\/li>\n<li>Hand wash.<\/li>\n<li>Towel-dry the sleeve and allow to dry at room temperature.<\/li>\n<\/ul>\n<p>&nbsp;<\/p>\n<ul>\n<li>Do not bleach.<\/li>\n<li>Do not dry clean.<\/li>\n<li>Do not tumble dry, dry on a radiator or with a hairdryer.<\/li>\n<li>There is no comparison.<\/li>\n<\/ul>\n","protected":false},"excerpt":{"rendered":"<p>Universal size kneecap splint from the PRIM Mottio product line.<\/p>\n<p>Used for Osgood-Schlater disease, kneecap tendinitis, chondromalacia (runner&#8217;s knee) and instability of the kneecap.<\/p>\n<p><img fetchpriority=\"high\" decoding=\"async\" class=\"alignnone size-full wp-image-6530\" src=\"https:\/\/www.orto24.lt\/wp-content\/uploads\/2016\/03\/primlog.png\" alt=\"primlog\" width=\"325\" height=\"227\" srcset=\"https:\/\/www.orto24.lt\/wp-content\/uploads\/2016\/03\/primlog.png 325w, https:\/\/www.orto24.lt\/wp-content\/uploads\/2016\/03\/primlog-150x105.png 150w, https:\/\/www.orto24.lt\/wp-content\/uploads\/2016\/03\/primlog-300x210.png 300w, https:\/\/www.orto24.lt\/wp-content\/uploads\/2016\/03\/primlog-24x17.png 24w, https:\/\/www.orto24.lt\/wp-content\/uploads\/2016\/03\/primlog-36x25.png 36w, https:\/\/www.orto24.lt\/wp-content\/uploads\/2016\/03\/primlog-48x34.png 48w\" sizes=\"(max-width: 325px) 100vw, 325px\" \/><\/p>\n<p>&nbsp;<\/p>\n","protected":false},"featured_media":30212,"comment_status":"open","ping_status":"closed","template":"","meta":[],"product_brand":[],"product_cat":[1201,1263,1111],"product_tag":[1114,1205,1332,1325,1142,1256,1352,1262,1260,1186,1264,1132,1243,1112,1102,1150,1233,1269],"class_list":{"0":"post-30209","1":"product","2":"type-product","3":"status-publish","4":"has-post-thumbnail","6":"product_cat-knee-and-thigh-splints","7":"product_cat-knee-and-thigh-splints-for-sports","8":"product_cat-universal-size-splints","9":"product_tag-breathing","10":"product_tag-for-osteochondropathy","11":"product_tag-for-pain","12":"product_tag-for-road-stabilisation","13":"product_tag-for-sport","14":"product_tag-for-the-joint","15":"product_tag-for-the-kneecap-2","16":"product_tag-for-the-kneecap","17":"product_tag-for-the-road","18":"product_tag-injury-prevention","19":"product_tag-kneecaps","20":"product_tag-orthopaedics","21":"product_tag-reinforce","22":"product_tag-see","23":"product_tag-splint","24":"product_tag-sports","25":"product_tag-sports-splint","26":"product_tag-strip","28":"first","29":"instock","30":"taxable","31":"shipping-taxable","32":"purchasable","33":"product-type-simple"},"yoast_head":"<!-- This site is optimized with the Yoast SEO plugin v26.0 - https:\/\/yoast.com\/wordpress\/plugins\/seo\/ -->\n<title>PRIM Mottio universal kneecap splint - Ortopedini\u0173 preki\u0173 parduotuv\u0117 - orto24.lt<\/title>\n<meta name=\"robots\" content=\"index, follow, max-snippet:-1, max-image-preview:large, max-video-preview:-1\" \/>\n<link rel=\"canonical\" href=\"https:\/\/www.orto24.lt\/en\/produktas\/prim-mottio-universal-kneecap-splint\/\" \/>\n<meta property=\"og:locale\" content=\"en_US\" \/>\n<meta property=\"og:type\" content=\"article\" \/>\n<meta property=\"og:title\" content=\"PRIM Mottio universal kneecap splint - Ortopedini\u0173 preki\u0173 parduotuv\u0117 - orto24.lt\" \/>\n<meta property=\"og:description\" content=\"Universal size kneecap splint from the PRIM Mottio product line. Used for Osgood-Schlater disease, kneecap tendinitis, chondromalacia (runner&#039;s knee) and instability of the kneecap.  &nbsp;\" \/>\n<meta property=\"og:url\" content=\"https:\/\/www.orto24.lt\/en\/produktas\/prim-mottio-universal-kneecap-splint\/\" \/>\n<meta property=\"og:site_name\" content=\"Ortopedini\u0173 preki\u0173 parduotuv\u0117 - orto24.lt\" \/>\n<meta property=\"article:publisher\" content=\"https:\/\/www.facebook.com\/mtsprendimai\/\" \/>\n<meta property=\"og:image\" content=\"https:\/\/www.orto24.lt\/wp-content\/uploads\/2019\/09\/prim-mottio-kelio-juostel\u0117.jpg\" \/>\n\t<meta property=\"og:image:width\" content=\"482\" \/>\n\t<meta property=\"og:image:height\" content=\"471\" \/>\n\t<meta property=\"og:image:type\" content=\"image\/jpeg\" \/>\n<meta name=\"twitter:card\" content=\"summary_large_image\" \/>\n<meta name=\"twitter:label1\" content=\"Est. reading time\" \/>\n\t<meta name=\"twitter:data1\" content=\"1 minute\" \/>\n<script type=\"application\/ld+json\" class=\"yoast-schema-graph\">{\"@context\":\"https:\/\/schema.org\",\"@graph\":[{\"@type\":\"WebPage\",\"@id\":\"https:\/\/www.orto24.lt\/en\/produktas\/prim-mottio-universal-kneecap-splint\/\",\"url\":\"https:\/\/www.orto24.lt\/en\/produktas\/prim-mottio-universal-kneecap-splint\/\",\"name\":\"PRIM Mottio universal kneecap splint - Ortopedini\u0173 preki\u0173 parduotuv\u0117 - orto24.lt\",\"isPartOf\":{\"@id\":\"https:\/\/www.orto24.lt\/en\/#website\"},\"primaryImageOfPage\":{\"@id\":\"https:\/\/www.orto24.lt\/en\/produktas\/prim-mottio-universal-kneecap-splint\/#primaryimage\"},\"image\":{\"@id\":\"https:\/\/www.orto24.lt\/en\/produktas\/prim-mottio-universal-kneecap-splint\/#primaryimage\"},\"thumbnailUrl\":\"https:\/\/www.orto24.lt\/wp-content\/uploads\/2019\/09\/prim-mottio-kelio-juostel\u0117.jpg\",\"datePublished\":\"2019-09-20T07:06:57+00:00\",\"breadcrumb\":{\"@id\":\"https:\/\/www.orto24.lt\/en\/produktas\/prim-mottio-universal-kneecap-splint\/#breadcrumb\"},\"inLanguage\":\"en-US\",\"potentialAction\":[{\"@type\":\"ReadAction\",\"target\":[\"https:\/\/www.orto24.lt\/en\/produktas\/prim-mottio-universal-kneecap-splint\/\"]}]},{\"@type\":\"ImageObject\",\"inLanguage\":\"en-US\",\"@id\":\"https:\/\/www.orto24.lt\/en\/produktas\/prim-mottio-universal-kneecap-splint\/#primaryimage\",\"url\":\"https:\/\/www.orto24.lt\/wp-content\/uploads\/2019\/09\/prim-mottio-kelio-juostel\u0117.jpg\",\"contentUrl\":\"https:\/\/www.orto24.lt\/wp-content\/uploads\/2019\/09\/prim-mottio-kelio-juostel\u0117.jpg\",\"width\":482,\"height\":471,\"caption\":\"PRIM Mottio universal kneecap splint\"},{\"@type\":\"BreadcrumbList\",\"@id\":\"https:\/\/www.orto24.lt\/en\/produktas\/prim-mottio-universal-kneecap-splint\/#breadcrumb\",\"itemListElement\":[{\"@type\":\"ListItem\",\"position\":1,\"name\":\"Home\",\"item\":\"https:\/\/www.orto24.lt\/en\/\"},{\"@type\":\"ListItem\",\"position\":2,\"name\":\"Shop\",\"item\":\"https:\/\/www.orto24.lt\/en\/shop\/\"},{\"@type\":\"ListItem\",\"position\":3,\"name\":\"PRIM Mottio universal kneecap splint\"}]},{\"@type\":\"WebSite\",\"@id\":\"https:\/\/www.orto24.lt\/en\/#website\",\"url\":\"https:\/\/www.orto24.lt\/en\/\",\"name\":\"Ortopedini\u0173 preki\u0173 parduotuv\u0117 - orto24.lt\",\"description\":\"| orto24.lt\",\"potentialAction\":[{\"@type\":\"SearchAction\",\"target\":{\"@type\":\"EntryPoint\",\"urlTemplate\":\"https:\/\/www.orto24.lt\/en\/?s={search_term_string}\"},\"query-input\":{\"@type\":\"PropertyValueSpecification\",\"valueRequired\":true,\"valueName\":\"search_term_string\"}}],\"inLanguage\":\"en-US\"}]}<\/script>\n<!-- \/ Yoast SEO plugin. -->","yoast_head_json":{"title":"PRIM Mottio universal kneecap splint - Ortopedini\u0173 preki\u0173 parduotuv\u0117 - orto24.lt","robots":{"index":"index","follow":"follow","max-snippet":"max-snippet:-1","max-image-preview":"max-image-preview:large","max-video-preview":"max-video-preview:-1"},"canonical":"https:\/\/www.orto24.lt\/en\/produktas\/prim-mottio-universal-kneecap-splint\/","og_locale":"en_US","og_type":"article","og_title":"PRIM Mottio universal kneecap splint - Ortopedini\u0173 preki\u0173 parduotuv\u0117 - orto24.lt","og_description":"Universal size kneecap splint from the PRIM Mottio product line. Used for Osgood-Schlater disease, kneecap tendinitis, chondromalacia (runner's knee) and instability of the kneecap.  &nbsp;","og_url":"https:\/\/www.orto24.lt\/en\/produktas\/prim-mottio-universal-kneecap-splint\/","og_site_name":"Ortopedini\u0173 preki\u0173 parduotuv\u0117 - orto24.lt","article_publisher":"https:\/\/www.facebook.com\/mtsprendimai\/","og_image":[{"width":482,"height":471,"url":"https:\/\/www.orto24.lt\/wp-content\/uploads\/2019\/09\/prim-mottio-kelio-juostel\u0117.jpg","type":"image\/jpeg"}],"twitter_card":"summary_large_image","twitter_misc":{"Est. reading time":"1 minute"},"schema":{"@context":"https:\/\/schema.org","@graph":[{"@type":"WebPage","@id":"https:\/\/www.orto24.lt\/en\/produktas\/prim-mottio-universal-kneecap-splint\/","url":"https:\/\/www.orto24.lt\/en\/produktas\/prim-mottio-universal-kneecap-splint\/","name":"PRIM Mottio universal kneecap splint - Ortopedini\u0173 preki\u0173 parduotuv\u0117 - orto24.lt","isPartOf":{"@id":"https:\/\/www.orto24.lt\/en\/#website"},"primaryImageOfPage":{"@id":"https:\/\/www.orto24.lt\/en\/produktas\/prim-mottio-universal-kneecap-splint\/#primaryimage"},"image":{"@id":"https:\/\/www.orto24.lt\/en\/produktas\/prim-mottio-universal-kneecap-splint\/#primaryimage"},"thumbnailUrl":"https:\/\/www.orto24.lt\/wp-content\/uploads\/2019\/09\/prim-mottio-kelio-juostel\u0117.jpg","datePublished":"2019-09-20T07:06:57+00:00","breadcrumb":{"@id":"https:\/\/www.orto24.lt\/en\/produktas\/prim-mottio-universal-kneecap-splint\/#breadcrumb"},"inLanguage":"en-US","potentialAction":[{"@type":"ReadAction","target":["https:\/\/www.orto24.lt\/en\/produktas\/prim-mottio-universal-kneecap-splint\/"]}]},{"@type":"ImageObject","inLanguage":"en-US","@id":"https:\/\/www.orto24.lt\/en\/produktas\/prim-mottio-universal-kneecap-splint\/#primaryimage","url":"https:\/\/www.orto24.lt\/wp-content\/uploads\/2019\/09\/prim-mottio-kelio-juostel\u0117.jpg","contentUrl":"https:\/\/www.orto24.lt\/wp-content\/uploads\/2019\/09\/prim-mottio-kelio-juostel\u0117.jpg","width":482,"height":471,"caption":"PRIM Mottio universal kneecap splint"},{"@type":"BreadcrumbList","@id":"https:\/\/www.orto24.lt\/en\/produktas\/prim-mottio-universal-kneecap-splint\/#breadcrumb","itemListElement":[{"@type":"ListItem","position":1,"name":"Home","item":"https:\/\/www.orto24.lt\/en\/"},{"@type":"ListItem","position":2,"name":"Shop","item":"https:\/\/www.orto24.lt\/en\/shop\/"},{"@type":"ListItem","position":3,"name":"PRIM Mottio universal kneecap splint"}]},{"@type":"WebSite","@id":"https:\/\/www.orto24.lt\/en\/#website","url":"https:\/\/www.orto24.lt\/en\/","name":"Ortopedini\u0173 preki\u0173 parduotuv\u0117 - orto24.lt","description":"| orto24.lt","potentialAction":[{"@type":"SearchAction","target":{"@type":"EntryPoint","urlTemplate":"https:\/\/www.orto24.lt\/en\/?s={search_term_string}"},"query-input":{"@type":"PropertyValueSpecification","valueRequired":true,"valueName":"search_term_string"}}],"inLanguage":"en-US"}]}},"_links":{"self":[{"href":"https:\/\/www.orto24.lt\/en\/wp-json\/wp\/v2\/product\/30209","targetHints":{"allow":["GET"]}}],"collection":[{"href":"https:\/\/www.orto24.lt\/en\/wp-json\/wp\/v2\/product"}],"about":[{"href":"https:\/\/www.orto24.lt\/en\/wp-json\/wp\/v2\/types\/product"}],"replies":[{"embeddable":true,"href":"https:\/\/www.orto24.lt\/en\/wp-json\/wp\/v2\/comments?post=30209"}],"version-history":[{"count":0,"href":"https:\/\/www.orto24.lt\/en\/wp-json\/wp\/v2\/product\/30209\/revisions"}],"wp:featuredmedia":[{"embeddable":true,"href":"https:\/\/www.orto24.lt\/en\/wp-json\/wp\/v2\/media\/30212"}],"wp:attachment":[{"href":"https:\/\/www.orto24.lt\/en\/wp-json\/wp\/v2\/media?parent=30209"}],"wp:term":[{"taxonomy":"product_brand","embeddable":true,"href":"https:\/\/www.orto24.lt\/en\/wp-json\/wp\/v2\/product_brand?post=30209"},{"taxonomy":"product_cat","embeddable":true,"href":"https:\/\/www.orto24.lt\/en\/wp-json\/wp\/v2\/product_cat?post=30209"},{"taxonomy":"product_tag","embeddable":true,"href":"https:\/\/www.orto24.lt\/en\/wp-json\/wp\/v2\/product_tag?post=30209"}],"curies":[{"name":"wp","href":"https:\/\/api.w.org\/{rel}","templated":true}]}}