{"id":30217,"date":"2019-04-30T10:33:42","date_gmt":"2019-04-30T10:33:42","guid":{"rendered":"https:\/\/www.orto24.lt\/produktas\/bort-activecolor-compression-sports-socks\/"},"modified":"2019-04-30T10:33:42","modified_gmt":"2019-04-30T10:33:42","slug":"bort-activecolor-compression-sports-socks","status":"publish","type":"product","link":"https:\/\/www.orto24.lt\/en\/produktas\/bort-activecolor-compression-sports-socks\/","title":{"rendered":"BORT ActiveColor\u00ae compression sports socks"},"content":{"rendered":"<p>Recommended for leisure and sports use.<\/p>\n<p>Compression socks for sports are available in compression class 2 (23-32 mmHg).<\/p>\n<p>Care: hand wash, do not tumble dry.<\/p>\n<p>One pair of socks per pack.<\/p>\n","protected":false},"excerpt":{"rendered":"<p>Universal (suitable for women and men) compression knee-high socks for sports. Improves blood circulation and vascular function. Reduces muscle recovery time after sport. Special Aquarius material regulates moisture and allows the skin to breathe. Sold in pairs.    <\/p>\n<p><strong>Please note that the product cannot be returned or exchanged.<\/strong><\/p>\n[caption id=\"attachment_5184\" align=\"alignnone\" width=\"298\"]<img decoding=\"async\" class=\"wp-image-5184 size-full\" src=\"https:\/\/www.orto24.lt\/wp-content\/uploads\/2016\/02\/BORT_Logo_De.png\" alt=\"\" width=\"298\" height=\"89\" srcset=\"https:\/\/www.orto24.lt\/wp-content\/uploads\/2016\/02\/BORT_Logo_De.png 298w, https:\/\/www.orto24.lt\/wp-content\/uploads\/2016\/02\/BORT_Logo_De-150x45.png 150w, https:\/\/www.orto24.lt\/wp-content\/uploads\/2016\/02\/BORT_Logo_De-24x7.png 24w, https:\/\/www.orto24.lt\/wp-content\/uploads\/2016\/02\/BORT_Logo_De-36x11.png 36w, https:\/\/www.orto24.lt\/wp-content\/uploads\/2016\/02\/BORT_Logo_De-48x14.png 48w\" sizes=\"(max-width: 298px) 100vw, 298px\" \/>  Made in Germany[\/caption]\n","protected":false},"featured_media":30221,"comment_status":"open","ping_status":"closed","template":"","meta":[],"product_brand":[],"product_cat":[1145,1148,1144,1360,1167],"product_tag":[1367,1364,1129,1363,1361,1147,1135,1366,1329,1142,1365],"class_list":{"0":"post-30217","1":"product","2":"type-product","3":"status-publish","4":"has-post-thumbnail","6":"product_cat-ankle-and-lower-leg-splints","7":"product_cat-ankle-and-shin-splints-for-sports","8":"product_cat-braces-for-sport","9":"product_cat-compression-socks","10":"product_cat-textile-foot-protection","11":"product_tag-activecolor","12":"product_tag-blood-circulation","13":"product_tag-bort","14":"product_tag-compression","15":"product_tag-compression-stockings","16":"product_tag-foot-measures","17":"product_tag-for-legs","18":"product_tag-for-leisure","19":"product_tag-for-running","20":"product_tag-for-sport","21":"product_tag-muscle-recovery","23":"first","24":"instock","25":"taxable","26":"shipping-taxable","27":"purchasable","28":"product-type-variable"},"yoast_head":"<!-- This site is optimized with the Yoast SEO plugin v26.0 - https:\/\/yoast.com\/wordpress\/plugins\/seo\/ -->\n<title>BORT ActiveColor\u00ae compression sports socks - Ortopedini\u0173 preki\u0173 parduotuv\u0117 - orto24.lt<\/title>\n<meta name=\"robots\" content=\"index, follow, max-snippet:-1, max-image-preview:large, max-video-preview:-1\" \/>\n<link rel=\"canonical\" href=\"https:\/\/www.orto24.lt\/en\/produktas\/bort-activecolor-compression-sports-socks\/\" \/>\n<meta property=\"og:locale\" content=\"en_US\" \/>\n<meta property=\"og:type\" content=\"article\" \/>\n<meta property=\"og:title\" content=\"BORT ActiveColor\u00ae compression sports socks - Ortopedini\u0173 preki\u0173 parduotuv\u0117 - orto24.lt\" \/>\n<meta property=\"og:description\" content=\"Universal (suitable for women and men) compression knee-high socks for sports. Improves blood circulation and vascular function. Reduces muscle recovery time after sport. Special Aquarius material regulates moisture and allows the skin to breathe. Sold in pairs.   Please note that the product cannot be returned or exchanged.\" \/>\n<meta property=\"og:url\" content=\"https:\/\/www.orto24.lt\/en\/produktas\/bort-activecolor-compression-sports-socks\/\" \/>\n<meta property=\"og:site_name\" content=\"Ortopedini\u0173 preki\u0173 parduotuv\u0117 - orto24.lt\" \/>\n<meta property=\"article:publisher\" content=\"https:\/\/www.facebook.com\/mtsprendimai\/\" \/>\n<meta property=\"og:image\" content=\"https:\/\/www.orto24.lt\/wp-content\/uploads\/2019\/04\/kompresin\u0117s-kojin\u0117s-sportui.jpg\" \/>\n\t<meta property=\"og:image:width\" content=\"500\" \/>\n\t<meta property=\"og:image:height\" content=\"500\" \/>\n\t<meta property=\"og:image:type\" content=\"image\/jpeg\" \/>\n<meta name=\"twitter:card\" content=\"summary_large_image\" \/>\n<script type=\"application\/ld+json\" class=\"yoast-schema-graph\">{\"@context\":\"https:\/\/schema.org\",\"@graph\":[{\"@type\":\"WebPage\",\"@id\":\"https:\/\/www.orto24.lt\/en\/produktas\/bort-activecolor-compression-sports-socks\/\",\"url\":\"https:\/\/www.orto24.lt\/en\/produktas\/bort-activecolor-compression-sports-socks\/\",\"name\":\"BORT ActiveColor\u00ae compression sports socks - Ortopedini\u0173 preki\u0173 parduotuv\u0117 - orto24.lt\",\"isPartOf\":{\"@id\":\"https:\/\/www.orto24.lt\/en\/#website\"},\"primaryImageOfPage\":{\"@id\":\"https:\/\/www.orto24.lt\/en\/produktas\/bort-activecolor-compression-sports-socks\/#primaryimage\"},\"image\":{\"@id\":\"https:\/\/www.orto24.lt\/en\/produktas\/bort-activecolor-compression-sports-socks\/#primaryimage\"},\"thumbnailUrl\":\"https:\/\/www.orto24.lt\/wp-content\/uploads\/2019\/04\/kompresin\u0117s-kojin\u0117s-sportui.jpg\",\"datePublished\":\"2019-04-30T10:33:42+00:00\",\"breadcrumb\":{\"@id\":\"https:\/\/www.orto24.lt\/en\/produktas\/bort-activecolor-compression-sports-socks\/#breadcrumb\"},\"inLanguage\":\"en-US\",\"potentialAction\":[{\"@type\":\"ReadAction\",\"target\":[\"https:\/\/www.orto24.lt\/en\/produktas\/bort-activecolor-compression-sports-socks\/\"]}]},{\"@type\":\"ImageObject\",\"inLanguage\":\"en-US\",\"@id\":\"https:\/\/www.orto24.lt\/en\/produktas\/bort-activecolor-compression-sports-socks\/#primaryimage\",\"url\":\"https:\/\/www.orto24.lt\/wp-content\/uploads\/2019\/04\/kompresin\u0117s-kojin\u0117s-sportui.jpg\",\"contentUrl\":\"https:\/\/www.orto24.lt\/wp-content\/uploads\/2019\/04\/kompresin\u0117s-kojin\u0117s-sportui.jpg\",\"width\":500,\"height\":500,\"caption\":\"BORT ActiveColor\u00ae compression sports socks\"},{\"@type\":\"BreadcrumbList\",\"@id\":\"https:\/\/www.orto24.lt\/en\/produktas\/bort-activecolor-compression-sports-socks\/#breadcrumb\",\"itemListElement\":[{\"@type\":\"ListItem\",\"position\":1,\"name\":\"Home\",\"item\":\"https:\/\/www.orto24.lt\/en\/\"},{\"@type\":\"ListItem\",\"position\":2,\"name\":\"Shop\",\"item\":\"https:\/\/www.orto24.lt\/en\/shop\/\"},{\"@type\":\"ListItem\",\"position\":3,\"name\":\"BORT ActiveColor\u00ae compression sports socks\"}]},{\"@type\":\"WebSite\",\"@id\":\"https:\/\/www.orto24.lt\/en\/#website\",\"url\":\"https:\/\/www.orto24.lt\/en\/\",\"name\":\"Ortopedini\u0173 preki\u0173 parduotuv\u0117 - orto24.lt\",\"description\":\"| orto24.lt\",\"potentialAction\":[{\"@type\":\"SearchAction\",\"target\":{\"@type\":\"EntryPoint\",\"urlTemplate\":\"https:\/\/www.orto24.lt\/en\/?s={search_term_string}\"},\"query-input\":{\"@type\":\"PropertyValueSpecification\",\"valueRequired\":true,\"valueName\":\"search_term_string\"}}],\"inLanguage\":\"en-US\"}]}<\/script>\n<!-- \/ Yoast SEO plugin. -->","yoast_head_json":{"title":"BORT ActiveColor\u00ae compression sports socks - Ortopedini\u0173 preki\u0173 parduotuv\u0117 - orto24.lt","robots":{"index":"index","follow":"follow","max-snippet":"max-snippet:-1","max-image-preview":"max-image-preview:large","max-video-preview":"max-video-preview:-1"},"canonical":"https:\/\/www.orto24.lt\/en\/produktas\/bort-activecolor-compression-sports-socks\/","og_locale":"en_US","og_type":"article","og_title":"BORT ActiveColor\u00ae compression sports socks - Ortopedini\u0173 preki\u0173 parduotuv\u0117 - orto24.lt","og_description":"Universal (suitable for women and men) compression knee-high socks for sports. Improves blood circulation and vascular function. Reduces muscle recovery time after sport. Special Aquarius material regulates moisture and allows the skin to breathe. Sold in pairs.   Please note that the product cannot be returned or exchanged.","og_url":"https:\/\/www.orto24.lt\/en\/produktas\/bort-activecolor-compression-sports-socks\/","og_site_name":"Ortopedini\u0173 preki\u0173 parduotuv\u0117 - orto24.lt","article_publisher":"https:\/\/www.facebook.com\/mtsprendimai\/","og_image":[{"width":500,"height":500,"url":"https:\/\/www.orto24.lt\/wp-content\/uploads\/2019\/04\/kompresin\u0117s-kojin\u0117s-sportui.jpg","type":"image\/jpeg"}],"twitter_card":"summary_large_image","schema":{"@context":"https:\/\/schema.org","@graph":[{"@type":"WebPage","@id":"https:\/\/www.orto24.lt\/en\/produktas\/bort-activecolor-compression-sports-socks\/","url":"https:\/\/www.orto24.lt\/en\/produktas\/bort-activecolor-compression-sports-socks\/","name":"BORT ActiveColor\u00ae compression sports socks - Ortopedini\u0173 preki\u0173 parduotuv\u0117 - orto24.lt","isPartOf":{"@id":"https:\/\/www.orto24.lt\/en\/#website"},"primaryImageOfPage":{"@id":"https:\/\/www.orto24.lt\/en\/produktas\/bort-activecolor-compression-sports-socks\/#primaryimage"},"image":{"@id":"https:\/\/www.orto24.lt\/en\/produktas\/bort-activecolor-compression-sports-socks\/#primaryimage"},"thumbnailUrl":"https:\/\/www.orto24.lt\/wp-content\/uploads\/2019\/04\/kompresin\u0117s-kojin\u0117s-sportui.jpg","datePublished":"2019-04-30T10:33:42+00:00","breadcrumb":{"@id":"https:\/\/www.orto24.lt\/en\/produktas\/bort-activecolor-compression-sports-socks\/#breadcrumb"},"inLanguage":"en-US","potentialAction":[{"@type":"ReadAction","target":["https:\/\/www.orto24.lt\/en\/produktas\/bort-activecolor-compression-sports-socks\/"]}]},{"@type":"ImageObject","inLanguage":"en-US","@id":"https:\/\/www.orto24.lt\/en\/produktas\/bort-activecolor-compression-sports-socks\/#primaryimage","url":"https:\/\/www.orto24.lt\/wp-content\/uploads\/2019\/04\/kompresin\u0117s-kojin\u0117s-sportui.jpg","contentUrl":"https:\/\/www.orto24.lt\/wp-content\/uploads\/2019\/04\/kompresin\u0117s-kojin\u0117s-sportui.jpg","width":500,"height":500,"caption":"BORT ActiveColor\u00ae compression sports socks"},{"@type":"BreadcrumbList","@id":"https:\/\/www.orto24.lt\/en\/produktas\/bort-activecolor-compression-sports-socks\/#breadcrumb","itemListElement":[{"@type":"ListItem","position":1,"name":"Home","item":"https:\/\/www.orto24.lt\/en\/"},{"@type":"ListItem","position":2,"name":"Shop","item":"https:\/\/www.orto24.lt\/en\/shop\/"},{"@type":"ListItem","position":3,"name":"BORT ActiveColor\u00ae compression sports socks"}]},{"@type":"WebSite","@id":"https:\/\/www.orto24.lt\/en\/#website","url":"https:\/\/www.orto24.lt\/en\/","name":"Ortopedini\u0173 preki\u0173 parduotuv\u0117 - orto24.lt","description":"| orto24.lt","potentialAction":[{"@type":"SearchAction","target":{"@type":"EntryPoint","urlTemplate":"https:\/\/www.orto24.lt\/en\/?s={search_term_string}"},"query-input":{"@type":"PropertyValueSpecification","valueRequired":true,"valueName":"search_term_string"}}],"inLanguage":"en-US"}]}},"_links":{"self":[{"href":"https:\/\/www.orto24.lt\/en\/wp-json\/wp\/v2\/product\/30217","targetHints":{"allow":["GET"]}}],"collection":[{"href":"https:\/\/www.orto24.lt\/en\/wp-json\/wp\/v2\/product"}],"about":[{"href":"https:\/\/www.orto24.lt\/en\/wp-json\/wp\/v2\/types\/product"}],"replies":[{"embeddable":true,"href":"https:\/\/www.orto24.lt\/en\/wp-json\/wp\/v2\/comments?post=30217"}],"version-history":[{"count":0,"href":"https:\/\/www.orto24.lt\/en\/wp-json\/wp\/v2\/product\/30217\/revisions"}],"wp:featuredmedia":[{"embeddable":true,"href":"https:\/\/www.orto24.lt\/en\/wp-json\/wp\/v2\/media\/30221"}],"wp:attachment":[{"href":"https:\/\/www.orto24.lt\/en\/wp-json\/wp\/v2\/media?parent=30217"}],"wp:term":[{"taxonomy":"product_brand","embeddable":true,"href":"https:\/\/www.orto24.lt\/en\/wp-json\/wp\/v2\/product_brand?post=30217"},{"taxonomy":"product_cat","embeddable":true,"href":"https:\/\/www.orto24.lt\/en\/wp-json\/wp\/v2\/product_cat?post=30217"},{"taxonomy":"product_tag","embeddable":true,"href":"https:\/\/www.orto24.lt\/en\/wp-json\/wp\/v2\/product_tag?post=30217"}],"curies":[{"name":"wp","href":"https:\/\/api.w.org\/{rel}","templated":true}]}}