{"id":30243,"date":"2019-09-23T11:08:10","date_gmt":"2019-09-23T11:08:10","guid":{"rendered":"https:\/\/www.orto24.lt\/produktas\/bort-aktiven-trend-compression-knee-high-socks-2-k-kl\/"},"modified":"2019-09-23T11:08:10","modified_gmt":"2019-09-23T11:08:10","slug":"bort-aktiven-trend-compression-knee-high-socks-2-k-kl","status":"publish","type":"product","link":"https:\/\/www.orto24.lt\/en\/produktas\/bort-aktiven-trend-compression-knee-high-socks-2-k-kl\/","title":{"rendered":"BORT AktiVen\u00ae TREND compression knee-high socks 2 k.kl."},"content":{"rendered":"<p><strong>BORT AktiVen\u00ae &#8211; for an active life with healthy veins!<\/strong><\/p>\n<p>New from German manufacturer BORT &#8211; AktiVen\u00ae compression socks and tights. Made of the highest quality yarns according to the latest technology. BORT AktiVen\u00ae compression products are marked with the RAL quality mark awarded by the German medical compression hosiery community &#8220;G\u00fctezeichengemeinschaft Medizinische Kompressionsstr\u00fcmpfe e.V.&#8221;. The RAL quality mark is only awarded to products that meet the highest standards.   <\/p>\n<p>The Trend product line provides stylish and elegant compression for your feet.<\/p>\n<p>Features:<\/p>\n<ul>\n<li>Compression class 2 (23-32 mmHg) knee-high socks with closed and open toes.<\/li>\n<li>Attractive product appearance with the right level of compression.<\/li>\n<li>The appearance is almost indistinguishable from normal tights.<\/li>\n<li>The material is pleasantly close to the body.<\/li>\n<li>Helps prevent tired and heavy legs.<\/li>\n<li>Packing: pair.<\/li>\n<\/ul>\n<p>Indications:<\/p>\n<ul>\n<li>Varicose veins<\/li>\n<li>After operations<\/li>\n<li>Thromboembolism<\/li>\n<li>Thrombophlebitis<\/li>\n<li>Deep vein thrombosis<\/li>\n<li>Post-thrombotic syndrome<\/li>\n<li>Prevention of thromboses<\/li>\n<li>Treatment of venous ulcers<\/li>\n<li>Deep vein insufficiency<\/li>\n<li>Angiodysplasia<\/li>\n<li>Lymphoedema<\/li>\n<li>Edema<\/li>\n<li>Condition after burns<\/li>\n<li>For the treatment of scars<\/li>\n<li>Atritis and atresia of the foot and knee<\/li>\n<li>Chronic venous insufficiency of the legs (grade IV)<\/li>\n<li>Venous valve insufficiency<\/li>\n<li>After healing of a trophic ulcer<\/li>\n<li>Lymphostasis<\/li>\n<\/ul>\n<p>58% palyamide, 42% elastane.<\/p>\n<p>Size chart:<\/p>\n<p><a href=\"https:\/\/www.orto24.lt\/wp-content\/uploads\/2019\/09\/kompresini%C5%B3-dyd%C5%BEiai.png\"><img fetchpriority=\"high\" decoding=\"async\" class=\"size-full wp-image-11219 aligncenter\" src=\"https:\/\/www.orto24.lt\/wp-content\/uploads\/2019\/09\/kompresini%C5%B3-dyd%C5%BEiai.png\" alt=\"\" width=\"794\" height=\"343\"><\/a><\/p>\n","protected":false},"excerpt":{"rendered":"<p>2 compression socks up to the knee with closed and open toes.<\/p>\n<ul>\n<li>Attractive product appearance with the right level of compression.<\/li>\n<li>Almost indistinguishable from normal everyday tights.<\/li>\n<li>The material is pleasantly close to the body.<\/li>\n<li>Helps prevent tired and heavy legs.<\/li>\n<li>Packing: pair.<\/li>\n<\/ul>\n<p><strong>Please note that the product cannot be returned or exchanged.<\/strong><\/p>\n<p><img decoding=\"async\" class=\"wp-image-5184 size-full lazyloaded\" src=\"https:\/\/www.orto24.lt\/wp-content\/uploads\/2016\/02\/BORT_Logo_De.png\" alt=\"\" width=\"298\" height=\"89\" aria-describedby=\"caption-attachment-5184\" data-src=\"https:\/\/www.orto24.lt\/wp-content\/uploads\/2016\/02\/BORT_Logo_De.png\" srcset=\"https:\/\/www.orto24.lt\/wp-content\/uploads\/2016\/02\/BORT_Logo_De.png 298w, https:\/\/www.orto24.lt\/wp-content\/uploads\/2016\/02\/BORT_Logo_De-150x45.png 150w, https:\/\/www.orto24.lt\/wp-content\/uploads\/2016\/02\/BORT_Logo_De-24x7.png 24w, https:\/\/www.orto24.lt\/wp-content\/uploads\/2016\/02\/BORT_Logo_De-36x11.png 36w, https:\/\/www.orto24.lt\/wp-content\/uploads\/2016\/02\/BORT_Logo_De-48x14.png 48w\" sizes=\"(max-width: 298px) 100vw, 298px\" \/><\/p>\n<p id=\"caption-attachment-5184\" class=\"wp-caption-text\">Made in Germany<\/p>\n","protected":false},"featured_media":30247,"comment_status":"open","ping_status":"closed","template":"","meta":[],"product_brand":[],"product_cat":[1360],"product_tag":[1129,1363,1361,1384],"class_list":{"0":"post-30243","1":"product","2":"type-product","3":"status-publish","4":"has-post-thumbnail","6":"product_cat-compression-socks","7":"product_tag-bort","8":"product_tag-compression","9":"product_tag-compression-stockings","10":"product_tag-compression-tights","12":"first","13":"instock","14":"featured","15":"taxable","16":"shipping-taxable","17":"purchasable","18":"product-type-variable","19":"has-default-attributes"},"yoast_head":"<!-- This site is optimized with the Yoast SEO plugin v26.0 - https:\/\/yoast.com\/wordpress\/plugins\/seo\/ -->\n<title>BORT AktiVen\u00ae TREND compression knee-high socks 2 k.kl. - Ortopedini\u0173 preki\u0173 parduotuv\u0117 - orto24.lt<\/title>\n<meta name=\"description\" content=\"2 compression socks up to the knee with closed and open toes.\" \/>\n<meta name=\"robots\" content=\"index, follow, max-snippet:-1, max-image-preview:large, max-video-preview:-1\" \/>\n<link rel=\"canonical\" href=\"https:\/\/www.orto24.lt\/en\/produktas\/bort-aktiven-trend-compression-knee-high-socks-2-k-kl\/\" \/>\n<meta property=\"og:locale\" content=\"en_US\" \/>\n<meta property=\"og:type\" content=\"article\" \/>\n<meta property=\"og:title\" content=\"BORT AktiVen\u00ae TREND compression knee-high socks 2 k.kl. - Ortopedini\u0173 preki\u0173 parduotuv\u0117 - orto24.lt\" \/>\n<meta property=\"og:description\" content=\"2 compression socks up to the knee with closed and open toes.\" \/>\n<meta property=\"og:url\" content=\"https:\/\/www.orto24.lt\/en\/produktas\/bort-aktiven-trend-compression-knee-high-socks-2-k-kl\/\" \/>\n<meta property=\"og:site_name\" content=\"Ortopedini\u0173 preki\u0173 parduotuv\u0117 - orto24.lt\" \/>\n<meta property=\"article:publisher\" content=\"https:\/\/www.facebook.com\/mtsprendimai\/\" \/>\n<meta property=\"og:image\" content=\"https:\/\/www.orto24.lt\/wp-content\/uploads\/2019\/09\/bort-aktiven-trend.jpg\" \/>\n\t<meta property=\"og:image:width\" content=\"500\" \/>\n\t<meta property=\"og:image:height\" content=\"500\" \/>\n\t<meta property=\"og:image:type\" content=\"image\/jpeg\" \/>\n<meta name=\"twitter:card\" content=\"summary_large_image\" \/>\n<meta name=\"twitter:label1\" content=\"Est. reading time\" \/>\n\t<meta name=\"twitter:data1\" content=\"1 minute\" \/>\n<script type=\"application\/ld+json\" class=\"yoast-schema-graph\">{\"@context\":\"https:\/\/schema.org\",\"@graph\":[{\"@type\":\"WebPage\",\"@id\":\"https:\/\/www.orto24.lt\/en\/produktas\/bort-aktiven-trend-compression-knee-high-socks-2-k-kl\/\",\"url\":\"https:\/\/www.orto24.lt\/en\/produktas\/bort-aktiven-trend-compression-knee-high-socks-2-k-kl\/\",\"name\":\"BORT AktiVen\u00ae TREND compression knee-high socks 2 k.kl. - Ortopedini\u0173 preki\u0173 parduotuv\u0117 - orto24.lt\",\"isPartOf\":{\"@id\":\"https:\/\/www.orto24.lt\/en\/#website\"},\"primaryImageOfPage\":{\"@id\":\"https:\/\/www.orto24.lt\/en\/produktas\/bort-aktiven-trend-compression-knee-high-socks-2-k-kl\/#primaryimage\"},\"image\":{\"@id\":\"https:\/\/www.orto24.lt\/en\/produktas\/bort-aktiven-trend-compression-knee-high-socks-2-k-kl\/#primaryimage\"},\"thumbnailUrl\":\"https:\/\/www.orto24.lt\/wp-content\/uploads\/2019\/09\/bort-aktiven-trend.jpg\",\"datePublished\":\"2019-09-23T11:08:10+00:00\",\"description\":\"2 compression socks up to the knee with closed and open toes.\",\"breadcrumb\":{\"@id\":\"https:\/\/www.orto24.lt\/en\/produktas\/bort-aktiven-trend-compression-knee-high-socks-2-k-kl\/#breadcrumb\"},\"inLanguage\":\"en-US\",\"potentialAction\":[{\"@type\":\"ReadAction\",\"target\":[\"https:\/\/www.orto24.lt\/en\/produktas\/bort-aktiven-trend-compression-knee-high-socks-2-k-kl\/\"]}]},{\"@type\":\"ImageObject\",\"inLanguage\":\"en-US\",\"@id\":\"https:\/\/www.orto24.lt\/en\/produktas\/bort-aktiven-trend-compression-knee-high-socks-2-k-kl\/#primaryimage\",\"url\":\"https:\/\/www.orto24.lt\/wp-content\/uploads\/2019\/09\/bort-aktiven-trend.jpg\",\"contentUrl\":\"https:\/\/www.orto24.lt\/wp-content\/uploads\/2019\/09\/bort-aktiven-trend.jpg\",\"width\":500,\"height\":500,\"caption\":\"BORT AktiVen\u00ae TREND compression tights 2 k.kl.\"},{\"@type\":\"BreadcrumbList\",\"@id\":\"https:\/\/www.orto24.lt\/en\/produktas\/bort-aktiven-trend-compression-knee-high-socks-2-k-kl\/#breadcrumb\",\"itemListElement\":[{\"@type\":\"ListItem\",\"position\":1,\"name\":\"Home\",\"item\":\"https:\/\/www.orto24.lt\/en\/\"},{\"@type\":\"ListItem\",\"position\":2,\"name\":\"Shop\",\"item\":\"https:\/\/www.orto24.lt\/en\/shop\/\"},{\"@type\":\"ListItem\",\"position\":3,\"name\":\"BORT AktiVen\u00ae TREND compression knee-high socks 2 k.kl.\"}]},{\"@type\":\"WebSite\",\"@id\":\"https:\/\/www.orto24.lt\/en\/#website\",\"url\":\"https:\/\/www.orto24.lt\/en\/\",\"name\":\"Ortopedini\u0173 preki\u0173 parduotuv\u0117 - orto24.lt\",\"description\":\"| orto24.lt\",\"potentialAction\":[{\"@type\":\"SearchAction\",\"target\":{\"@type\":\"EntryPoint\",\"urlTemplate\":\"https:\/\/www.orto24.lt\/en\/?s={search_term_string}\"},\"query-input\":{\"@type\":\"PropertyValueSpecification\",\"valueRequired\":true,\"valueName\":\"search_term_string\"}}],\"inLanguage\":\"en-US\"}]}<\/script>\n<!-- \/ Yoast SEO plugin. -->","yoast_head_json":{"title":"BORT AktiVen\u00ae TREND compression knee-high socks 2 k.kl. - Ortopedini\u0173 preki\u0173 parduotuv\u0117 - orto24.lt","description":"2 compression socks up to the knee with closed and open toes.","robots":{"index":"index","follow":"follow","max-snippet":"max-snippet:-1","max-image-preview":"max-image-preview:large","max-video-preview":"max-video-preview:-1"},"canonical":"https:\/\/www.orto24.lt\/en\/produktas\/bort-aktiven-trend-compression-knee-high-socks-2-k-kl\/","og_locale":"en_US","og_type":"article","og_title":"BORT AktiVen\u00ae TREND compression knee-high socks 2 k.kl. - Ortopedini\u0173 preki\u0173 parduotuv\u0117 - orto24.lt","og_description":"2 compression socks up to the knee with closed and open toes.","og_url":"https:\/\/www.orto24.lt\/en\/produktas\/bort-aktiven-trend-compression-knee-high-socks-2-k-kl\/","og_site_name":"Ortopedini\u0173 preki\u0173 parduotuv\u0117 - orto24.lt","article_publisher":"https:\/\/www.facebook.com\/mtsprendimai\/","og_image":[{"width":500,"height":500,"url":"https:\/\/www.orto24.lt\/wp-content\/uploads\/2019\/09\/bort-aktiven-trend.jpg","type":"image\/jpeg"}],"twitter_card":"summary_large_image","twitter_misc":{"Est. reading time":"1 minute"},"schema":{"@context":"https:\/\/schema.org","@graph":[{"@type":"WebPage","@id":"https:\/\/www.orto24.lt\/en\/produktas\/bort-aktiven-trend-compression-knee-high-socks-2-k-kl\/","url":"https:\/\/www.orto24.lt\/en\/produktas\/bort-aktiven-trend-compression-knee-high-socks-2-k-kl\/","name":"BORT AktiVen\u00ae TREND compression knee-high socks 2 k.kl. - Ortopedini\u0173 preki\u0173 parduotuv\u0117 - orto24.lt","isPartOf":{"@id":"https:\/\/www.orto24.lt\/en\/#website"},"primaryImageOfPage":{"@id":"https:\/\/www.orto24.lt\/en\/produktas\/bort-aktiven-trend-compression-knee-high-socks-2-k-kl\/#primaryimage"},"image":{"@id":"https:\/\/www.orto24.lt\/en\/produktas\/bort-aktiven-trend-compression-knee-high-socks-2-k-kl\/#primaryimage"},"thumbnailUrl":"https:\/\/www.orto24.lt\/wp-content\/uploads\/2019\/09\/bort-aktiven-trend.jpg","datePublished":"2019-09-23T11:08:10+00:00","description":"2 compression socks up to the knee with closed and open toes.","breadcrumb":{"@id":"https:\/\/www.orto24.lt\/en\/produktas\/bort-aktiven-trend-compression-knee-high-socks-2-k-kl\/#breadcrumb"},"inLanguage":"en-US","potentialAction":[{"@type":"ReadAction","target":["https:\/\/www.orto24.lt\/en\/produktas\/bort-aktiven-trend-compression-knee-high-socks-2-k-kl\/"]}]},{"@type":"ImageObject","inLanguage":"en-US","@id":"https:\/\/www.orto24.lt\/en\/produktas\/bort-aktiven-trend-compression-knee-high-socks-2-k-kl\/#primaryimage","url":"https:\/\/www.orto24.lt\/wp-content\/uploads\/2019\/09\/bort-aktiven-trend.jpg","contentUrl":"https:\/\/www.orto24.lt\/wp-content\/uploads\/2019\/09\/bort-aktiven-trend.jpg","width":500,"height":500,"caption":"BORT AktiVen\u00ae TREND compression tights 2 k.kl."},{"@type":"BreadcrumbList","@id":"https:\/\/www.orto24.lt\/en\/produktas\/bort-aktiven-trend-compression-knee-high-socks-2-k-kl\/#breadcrumb","itemListElement":[{"@type":"ListItem","position":1,"name":"Home","item":"https:\/\/www.orto24.lt\/en\/"},{"@type":"ListItem","position":2,"name":"Shop","item":"https:\/\/www.orto24.lt\/en\/shop\/"},{"@type":"ListItem","position":3,"name":"BORT AktiVen\u00ae TREND compression knee-high socks 2 k.kl."}]},{"@type":"WebSite","@id":"https:\/\/www.orto24.lt\/en\/#website","url":"https:\/\/www.orto24.lt\/en\/","name":"Ortopedini\u0173 preki\u0173 parduotuv\u0117 - orto24.lt","description":"| orto24.lt","potentialAction":[{"@type":"SearchAction","target":{"@type":"EntryPoint","urlTemplate":"https:\/\/www.orto24.lt\/en\/?s={search_term_string}"},"query-input":{"@type":"PropertyValueSpecification","valueRequired":true,"valueName":"search_term_string"}}],"inLanguage":"en-US"}]}},"_links":{"self":[{"href":"https:\/\/www.orto24.lt\/en\/wp-json\/wp\/v2\/product\/30243","targetHints":{"allow":["GET"]}}],"collection":[{"href":"https:\/\/www.orto24.lt\/en\/wp-json\/wp\/v2\/product"}],"about":[{"href":"https:\/\/www.orto24.lt\/en\/wp-json\/wp\/v2\/types\/product"}],"replies":[{"embeddable":true,"href":"https:\/\/www.orto24.lt\/en\/wp-json\/wp\/v2\/comments?post=30243"}],"version-history":[{"count":0,"href":"https:\/\/www.orto24.lt\/en\/wp-json\/wp\/v2\/product\/30243\/revisions"}],"wp:featuredmedia":[{"embeddable":true,"href":"https:\/\/www.orto24.lt\/en\/wp-json\/wp\/v2\/media\/30247"}],"wp:attachment":[{"href":"https:\/\/www.orto24.lt\/en\/wp-json\/wp\/v2\/media?parent=30243"}],"wp:term":[{"taxonomy":"product_brand","embeddable":true,"href":"https:\/\/www.orto24.lt\/en\/wp-json\/wp\/v2\/product_brand?post=30243"},{"taxonomy":"product_cat","embeddable":true,"href":"https:\/\/www.orto24.lt\/en\/wp-json\/wp\/v2\/product_cat?post=30243"},{"taxonomy":"product_tag","embeddable":true,"href":"https:\/\/www.orto24.lt\/en\/wp-json\/wp\/v2\/product_tag?post=30243"}],"curies":[{"name":"wp","href":"https:\/\/api.w.org\/{rel}","templated":true}]}}