{"id":30310,"date":"2019-09-24T11:23:36","date_gmt":"2019-09-24T11:23:36","guid":{"rendered":"https:\/\/www.orto24.lt\/produktas\/braceid-wrist-and-thumb-splint\/"},"modified":"2019-09-24T11:23:36","modified_gmt":"2019-09-24T11:23:36","slug":"braceid-wrist-and-thumb-splint","status":"publish","type":"product","link":"https:\/\/www.orto24.lt\/en\/produktas\/braceid-wrist-and-thumb-splint\/","title":{"rendered":"BraceID wrist and thumb splint"},"content":{"rendered":"<p>Wrist and thumb splint from BraceID, a Belgian manufacturer, providing adequate stability.<\/p>\n<p>Features:<\/p>\n<ul>\n<li>The brace is designed to allow the skin to breathe.<\/li>\n<li>An aluminium strip inside the wrist provides stability.<\/li>\n<li>A shorter plastic thumb rest is included to adjust the thumb area for the necessary stability.<\/li>\n<\/ul>\n<p>Indications:<\/p>\n<ul>\n<li>Thumb ligament injuries.<\/li>\n<li>Tendinitis<\/li>\n<li>Arthritis.<\/li>\n<li>After fractures.<\/li>\n<li>After surgery.<\/li>\n<\/ul>\n","protected":false},"excerpt":{"rendered":"<p>&nbsp;<\/p>\n<p>The BraceID wrist and thumb splint from Belgian manufacturer BraceID provides adequate stability after injuries, sprains, tendinitis or other injuries and diseases.<\/p>\n<p>&nbsp;<\/p>\n<p>&nbsp;<\/p>\n","protected":false},"featured_media":30311,"comment_status":"open","ping_status":"closed","template":"","meta":[],"product_brand":[],"product_cat":[1109],"product_tag":[1108,1211,1389,1390,1102,1388,1136,1391,1106,1117],"class_list":{"0":"post-30310","1":"product","2":"type-product","3":"status-publish","4":"has-post-thumbnail","6":"product_cat-wrist-and-finger-splints","7":"product_tag-address","8":"product_tag-arthritis","9":"product_tag-braceid","10":"product_tag-finger-splint","11":"product_tag-splint","12":"product_tag-tendinitis","13":"product_tag-thumb","14":"product_tag-thumb-splint","15":"product_tag-trauma","16":"product_tag-wrist-splint","18":"first","19":"instock","20":"taxable","21":"shipping-taxable","22":"purchasable","23":"product-type-variable"},"yoast_head":"<!-- This site is optimized with the Yoast SEO plugin v26.0 - https:\/\/yoast.com\/wordpress\/plugins\/seo\/ -->\n<title>BraceID wrist and thumb splint - Ortopedini\u0173 preki\u0173 parduotuv\u0117 - orto24.lt<\/title>\n<meta name=\"robots\" content=\"index, follow, max-snippet:-1, max-image-preview:large, max-video-preview:-1\" \/>\n<link rel=\"canonical\" href=\"https:\/\/www.orto24.lt\/en\/produktas\/braceid-wrist-and-thumb-splint\/\" \/>\n<meta property=\"og:locale\" content=\"en_US\" \/>\n<meta property=\"og:type\" content=\"article\" \/>\n<meta property=\"og:title\" content=\"BraceID wrist and thumb splint - Ortopedini\u0173 preki\u0173 parduotuv\u0117 - orto24.lt\" \/>\n<meta property=\"og:description\" content=\"&nbsp; The BraceID wrist and thumb splint from Belgian manufacturer BraceID provides adequate stability after injuries, sprains, tendinitis or other injuries and diseases. &nbsp; &nbsp;\" \/>\n<meta property=\"og:url\" content=\"https:\/\/www.orto24.lt\/en\/produktas\/braceid-wrist-and-thumb-splint\/\" \/>\n<meta property=\"og:site_name\" content=\"Ortopedini\u0173 preki\u0173 parduotuv\u0117 - orto24.lt\" \/>\n<meta property=\"article:publisher\" content=\"https:\/\/www.facebook.com\/mtsprendimai\/\" \/>\n<meta property=\"og:image\" content=\"https:\/\/www.orto24.lt\/wp-content\/uploads\/2019\/09\/brace-id-rie\u0161o-\u012ftvaras-su-nyk\u0161\u010diu.jpg\" \/>\n\t<meta property=\"og:image:width\" content=\"1024\" \/>\n\t<meta property=\"og:image:height\" content=\"768\" \/>\n\t<meta property=\"og:image:type\" content=\"image\/jpeg\" \/>\n<meta name=\"twitter:card\" content=\"summary_large_image\" \/>\n<script type=\"application\/ld+json\" class=\"yoast-schema-graph\">{\"@context\":\"https:\/\/schema.org\",\"@graph\":[{\"@type\":\"WebPage\",\"@id\":\"https:\/\/www.orto24.lt\/en\/produktas\/braceid-wrist-and-thumb-splint\/\",\"url\":\"https:\/\/www.orto24.lt\/en\/produktas\/braceid-wrist-and-thumb-splint\/\",\"name\":\"BraceID wrist and thumb splint - Ortopedini\u0173 preki\u0173 parduotuv\u0117 - orto24.lt\",\"isPartOf\":{\"@id\":\"https:\/\/www.orto24.lt\/en\/#website\"},\"primaryImageOfPage\":{\"@id\":\"https:\/\/www.orto24.lt\/en\/produktas\/braceid-wrist-and-thumb-splint\/#primaryimage\"},\"image\":{\"@id\":\"https:\/\/www.orto24.lt\/en\/produktas\/braceid-wrist-and-thumb-splint\/#primaryimage\"},\"thumbnailUrl\":\"https:\/\/www.orto24.lt\/wp-content\/uploads\/2019\/09\/brace-id-rie\u0161o-\u012ftvaras-su-nyk\u0161\u010diu.jpg\",\"datePublished\":\"2019-09-24T11:23:36+00:00\",\"breadcrumb\":{\"@id\":\"https:\/\/www.orto24.lt\/en\/produktas\/braceid-wrist-and-thumb-splint\/#breadcrumb\"},\"inLanguage\":\"en-US\",\"potentialAction\":[{\"@type\":\"ReadAction\",\"target\":[\"https:\/\/www.orto24.lt\/en\/produktas\/braceid-wrist-and-thumb-splint\/\"]}]},{\"@type\":\"ImageObject\",\"inLanguage\":\"en-US\",\"@id\":\"https:\/\/www.orto24.lt\/en\/produktas\/braceid-wrist-and-thumb-splint\/#primaryimage\",\"url\":\"https:\/\/www.orto24.lt\/wp-content\/uploads\/2019\/09\/brace-id-rie\u0161o-\u012ftvaras-su-nyk\u0161\u010diu.jpg\",\"contentUrl\":\"https:\/\/www.orto24.lt\/wp-content\/uploads\/2019\/09\/brace-id-rie\u0161o-\u012ftvaras-su-nyk\u0161\u010diu.jpg\",\"width\":1024,\"height\":768,\"caption\":\"BraceID wrist and thumb splint 1\"},{\"@type\":\"BreadcrumbList\",\"@id\":\"https:\/\/www.orto24.lt\/en\/produktas\/braceid-wrist-and-thumb-splint\/#breadcrumb\",\"itemListElement\":[{\"@type\":\"ListItem\",\"position\":1,\"name\":\"Home\",\"item\":\"https:\/\/www.orto24.lt\/en\/\"},{\"@type\":\"ListItem\",\"position\":2,\"name\":\"Shop\",\"item\":\"https:\/\/www.orto24.lt\/en\/shop\/\"},{\"@type\":\"ListItem\",\"position\":3,\"name\":\"BraceID wrist and thumb splint\"}]},{\"@type\":\"WebSite\",\"@id\":\"https:\/\/www.orto24.lt\/en\/#website\",\"url\":\"https:\/\/www.orto24.lt\/en\/\",\"name\":\"Ortopedini\u0173 preki\u0173 parduotuv\u0117 - orto24.lt\",\"description\":\"| orto24.lt\",\"potentialAction\":[{\"@type\":\"SearchAction\",\"target\":{\"@type\":\"EntryPoint\",\"urlTemplate\":\"https:\/\/www.orto24.lt\/en\/?s={search_term_string}\"},\"query-input\":{\"@type\":\"PropertyValueSpecification\",\"valueRequired\":true,\"valueName\":\"search_term_string\"}}],\"inLanguage\":\"en-US\"}]}<\/script>\n<!-- \/ Yoast SEO plugin. -->","yoast_head_json":{"title":"BraceID wrist and thumb splint - Ortopedini\u0173 preki\u0173 parduotuv\u0117 - orto24.lt","robots":{"index":"index","follow":"follow","max-snippet":"max-snippet:-1","max-image-preview":"max-image-preview:large","max-video-preview":"max-video-preview:-1"},"canonical":"https:\/\/www.orto24.lt\/en\/produktas\/braceid-wrist-and-thumb-splint\/","og_locale":"en_US","og_type":"article","og_title":"BraceID wrist and thumb splint - Ortopedini\u0173 preki\u0173 parduotuv\u0117 - orto24.lt","og_description":"&nbsp; The BraceID wrist and thumb splint from Belgian manufacturer BraceID provides adequate stability after injuries, sprains, tendinitis or other injuries and diseases. &nbsp; &nbsp;","og_url":"https:\/\/www.orto24.lt\/en\/produktas\/braceid-wrist-and-thumb-splint\/","og_site_name":"Ortopedini\u0173 preki\u0173 parduotuv\u0117 - orto24.lt","article_publisher":"https:\/\/www.facebook.com\/mtsprendimai\/","og_image":[{"width":1024,"height":768,"url":"https:\/\/www.orto24.lt\/wp-content\/uploads\/2019\/09\/brace-id-rie\u0161o-\u012ftvaras-su-nyk\u0161\u010diu.jpg","type":"image\/jpeg"}],"twitter_card":"summary_large_image","schema":{"@context":"https:\/\/schema.org","@graph":[{"@type":"WebPage","@id":"https:\/\/www.orto24.lt\/en\/produktas\/braceid-wrist-and-thumb-splint\/","url":"https:\/\/www.orto24.lt\/en\/produktas\/braceid-wrist-and-thumb-splint\/","name":"BraceID wrist and thumb splint - Ortopedini\u0173 preki\u0173 parduotuv\u0117 - orto24.lt","isPartOf":{"@id":"https:\/\/www.orto24.lt\/en\/#website"},"primaryImageOfPage":{"@id":"https:\/\/www.orto24.lt\/en\/produktas\/braceid-wrist-and-thumb-splint\/#primaryimage"},"image":{"@id":"https:\/\/www.orto24.lt\/en\/produktas\/braceid-wrist-and-thumb-splint\/#primaryimage"},"thumbnailUrl":"https:\/\/www.orto24.lt\/wp-content\/uploads\/2019\/09\/brace-id-rie\u0161o-\u012ftvaras-su-nyk\u0161\u010diu.jpg","datePublished":"2019-09-24T11:23:36+00:00","breadcrumb":{"@id":"https:\/\/www.orto24.lt\/en\/produktas\/braceid-wrist-and-thumb-splint\/#breadcrumb"},"inLanguage":"en-US","potentialAction":[{"@type":"ReadAction","target":["https:\/\/www.orto24.lt\/en\/produktas\/braceid-wrist-and-thumb-splint\/"]}]},{"@type":"ImageObject","inLanguage":"en-US","@id":"https:\/\/www.orto24.lt\/en\/produktas\/braceid-wrist-and-thumb-splint\/#primaryimage","url":"https:\/\/www.orto24.lt\/wp-content\/uploads\/2019\/09\/brace-id-rie\u0161o-\u012ftvaras-su-nyk\u0161\u010diu.jpg","contentUrl":"https:\/\/www.orto24.lt\/wp-content\/uploads\/2019\/09\/brace-id-rie\u0161o-\u012ftvaras-su-nyk\u0161\u010diu.jpg","width":1024,"height":768,"caption":"BraceID wrist and thumb splint 1"},{"@type":"BreadcrumbList","@id":"https:\/\/www.orto24.lt\/en\/produktas\/braceid-wrist-and-thumb-splint\/#breadcrumb","itemListElement":[{"@type":"ListItem","position":1,"name":"Home","item":"https:\/\/www.orto24.lt\/en\/"},{"@type":"ListItem","position":2,"name":"Shop","item":"https:\/\/www.orto24.lt\/en\/shop\/"},{"@type":"ListItem","position":3,"name":"BraceID wrist and thumb splint"}]},{"@type":"WebSite","@id":"https:\/\/www.orto24.lt\/en\/#website","url":"https:\/\/www.orto24.lt\/en\/","name":"Ortopedini\u0173 preki\u0173 parduotuv\u0117 - orto24.lt","description":"| orto24.lt","potentialAction":[{"@type":"SearchAction","target":{"@type":"EntryPoint","urlTemplate":"https:\/\/www.orto24.lt\/en\/?s={search_term_string}"},"query-input":{"@type":"PropertyValueSpecification","valueRequired":true,"valueName":"search_term_string"}}],"inLanguage":"en-US"}]}},"_links":{"self":[{"href":"https:\/\/www.orto24.lt\/en\/wp-json\/wp\/v2\/product\/30310","targetHints":{"allow":["GET"]}}],"collection":[{"href":"https:\/\/www.orto24.lt\/en\/wp-json\/wp\/v2\/product"}],"about":[{"href":"https:\/\/www.orto24.lt\/en\/wp-json\/wp\/v2\/types\/product"}],"replies":[{"embeddable":true,"href":"https:\/\/www.orto24.lt\/en\/wp-json\/wp\/v2\/comments?post=30310"}],"version-history":[{"count":0,"href":"https:\/\/www.orto24.lt\/en\/wp-json\/wp\/v2\/product\/30310\/revisions"}],"wp:featuredmedia":[{"embeddable":true,"href":"https:\/\/www.orto24.lt\/en\/wp-json\/wp\/v2\/media\/30311"}],"wp:attachment":[{"href":"https:\/\/www.orto24.lt\/en\/wp-json\/wp\/v2\/media?parent=30310"}],"wp:term":[{"taxonomy":"product_brand","embeddable":true,"href":"https:\/\/www.orto24.lt\/en\/wp-json\/wp\/v2\/product_brand?post=30310"},{"taxonomy":"product_cat","embeddable":true,"href":"https:\/\/www.orto24.lt\/en\/wp-json\/wp\/v2\/product_cat?post=30310"},{"taxonomy":"product_tag","embeddable":true,"href":"https:\/\/www.orto24.lt\/en\/wp-json\/wp\/v2\/product_tag?post=30310"}],"curies":[{"name":"wp","href":"https:\/\/api.w.org\/{rel}","templated":true}]}}