{"id":30322,"date":"2019-09-25T12:02:15","date_gmt":"2019-09-25T12:02:15","guid":{"rendered":"https:\/\/www.orto24.lt\/produktas\/prim-neoprair-universal-wrist-arm-splint\/"},"modified":"2019-09-25T12:02:15","modified_gmt":"2019-09-25T12:02:15","slug":"prim-neoprair-universal-wrist-arm-splint","status":"publish","type":"product","link":"https:\/\/www.orto24.lt\/en\/produktas\/prim-neoprair-universal-wrist-arm-splint\/","title":{"rendered":"PRIM Neoprair universal wrist-arm splint"},"content":{"rendered":"<p>&nbsp;<\/p>\n<p>PRIM Neoprair wrist-arm splint is designed for active movement.<\/p>\n<ul>\n<li>Universal size.<\/li>\n<li>Easy to wrap around the wrist.<\/li>\n<li>Suitable for both left and right hand.<\/li>\n<li>The neoprene material with a special AirLock system allows the body to breathe, evaporate sweat more easily and keep warm at the same time.<\/li>\n<\/ul>\n<p>Indications:<\/p>\n<ul>\n<li>Osteoarthritis<\/li>\n<li>Arthritis<\/li>\n<li>Tendinitis<\/li>\n<li>Bursitas<\/li>\n<li>Sprains<\/li>\n<li>Minor joint injuries<\/li>\n<\/ul>\n","protected":false},"excerpt":{"rendered":"<p>&nbsp;<\/p>\n<p>PRIM Neoprair wrist-arm splint is designed for active movement.<\/p>\n<ul>\n<li>Universal size.<\/li>\n<li>Easy to wrap around the wrist.<\/li>\n<li>Suitable for both left and right hand.<\/li>\n<li>The neoprene material with a special AirLock system allows the body to breathe, evaporate sweat more easily and keep warm at the same time.<\/li>\n<\/ul>\n<p><img fetchpriority=\"high\" decoding=\"async\" class=\"alignnone size-full wp-image-6530\" src=\"https:\/\/www.orto24.lt\/wp-content\/uploads\/2016\/03\/primlog.png\" alt=\"primlog\" width=\"325\" height=\"227\" srcset=\"https:\/\/www.orto24.lt\/wp-content\/uploads\/2016\/03\/primlog.png 325w, https:\/\/www.orto24.lt\/wp-content\/uploads\/2016\/03\/primlog-150x105.png 150w, https:\/\/www.orto24.lt\/wp-content\/uploads\/2016\/03\/primlog-300x210.png 300w, https:\/\/www.orto24.lt\/wp-content\/uploads\/2016\/03\/primlog-24x17.png 24w, https:\/\/www.orto24.lt\/wp-content\/uploads\/2016\/03\/primlog-36x25.png 36w, https:\/\/www.orto24.lt\/wp-content\/uploads\/2016\/03\/primlog-48x34.png 48w\" sizes=\"(max-width: 325px) 100vw, 325px\" \/><\/p>\n","protected":false},"featured_media":30864,"comment_status":"open","ping_status":"closed","template":"","meta":[],"product_brand":[],"product_cat":[1334,1109,1257],"product_tag":[1114,1332,1103,1102],"class_list":{"0":"post-30322","1":"product","2":"type-product","3":"status-publish","4":"has-post-thumbnail","6":"product_cat-breathable-splints","7":"product_cat-wrist-and-finger-splints","8":"product_cat-wrist-splints-for-sports","9":"product_tag-breathing","10":"product_tag-for-pain","11":"product_tag-for-the-wrist","12":"product_tag-splint","14":"first","15":"instock","16":"taxable","17":"shipping-taxable","18":"purchasable","19":"product-type-simple"},"yoast_head":"<!-- This site is optimized with the Yoast SEO plugin v26.0 - https:\/\/yoast.com\/wordpress\/plugins\/seo\/ -->\n<title>PRIM Neoprair universal wrist-arm splint - Ortopedini\u0173 preki\u0173 parduotuv\u0117 - orto24.lt<\/title>\n<meta name=\"description\" content=\"PRIM Neoprair wrist-arm splint is designed for active movement.\" \/>\n<meta name=\"robots\" content=\"index, follow, max-snippet:-1, max-image-preview:large, max-video-preview:-1\" \/>\n<link rel=\"canonical\" href=\"https:\/\/www.orto24.lt\/en\/produktas\/prim-neoprair-universal-wrist-arm-splint\/\" \/>\n<meta property=\"og:locale\" content=\"en_US\" \/>\n<meta property=\"og:type\" content=\"article\" \/>\n<meta property=\"og:title\" content=\"PRIM Neoprair universal wrist-arm splint - Ortopedini\u0173 preki\u0173 parduotuv\u0117 - orto24.lt\" \/>\n<meta property=\"og:description\" content=\"PRIM Neoprair wrist-arm splint is designed for active movement.\" \/>\n<meta property=\"og:url\" content=\"https:\/\/www.orto24.lt\/en\/produktas\/prim-neoprair-universal-wrist-arm-splint\/\" \/>\n<meta property=\"og:site_name\" content=\"Ortopedini\u0173 preki\u0173 parduotuv\u0117 - orto24.lt\" \/>\n<meta property=\"article:publisher\" content=\"https:\/\/www.facebook.com\/mtsprendimai\/\" \/>\n<meta property=\"og:image\" content=\"https:\/\/www.orto24.lt\/wp-content\/uploads\/2019\/09\/prim-neoprair-rie\u0161o-\u012ftvarassu-vieta-nyk\u0161\u010diui.jpg\" \/>\n\t<meta property=\"og:image:width\" content=\"1181\" \/>\n\t<meta property=\"og:image:height\" content=\"1181\" \/>\n\t<meta property=\"og:image:type\" content=\"image\/jpeg\" \/>\n<meta name=\"twitter:card\" content=\"summary_large_image\" \/>\n<script type=\"application\/ld+json\" class=\"yoast-schema-graph\">{\"@context\":\"https:\/\/schema.org\",\"@graph\":[{\"@type\":\"WebPage\",\"@id\":\"https:\/\/www.orto24.lt\/en\/produktas\/prim-neoprair-universal-wrist-arm-splint\/\",\"url\":\"https:\/\/www.orto24.lt\/en\/produktas\/prim-neoprair-universal-wrist-arm-splint\/\",\"name\":\"PRIM Neoprair universal wrist-arm splint - Ortopedini\u0173 preki\u0173 parduotuv\u0117 - orto24.lt\",\"isPartOf\":{\"@id\":\"https:\/\/www.orto24.lt\/en\/#website\"},\"primaryImageOfPage\":{\"@id\":\"https:\/\/www.orto24.lt\/en\/produktas\/prim-neoprair-universal-wrist-arm-splint\/#primaryimage\"},\"image\":{\"@id\":\"https:\/\/www.orto24.lt\/en\/produktas\/prim-neoprair-universal-wrist-arm-splint\/#primaryimage\"},\"thumbnailUrl\":\"https:\/\/www.orto24.lt\/wp-content\/uploads\/2019\/09\/wrap_around_wrist_npos167_prim.jpg\",\"datePublished\":\"2019-09-25T12:02:15+00:00\",\"description\":\"PRIM Neoprair wrist-arm splint is designed for active movement.\",\"breadcrumb\":{\"@id\":\"https:\/\/www.orto24.lt\/en\/produktas\/prim-neoprair-universal-wrist-arm-splint\/#breadcrumb\"},\"inLanguage\":\"en-US\",\"potentialAction\":[{\"@type\":\"ReadAction\",\"target\":[\"https:\/\/www.orto24.lt\/en\/produktas\/prim-neoprair-universal-wrist-arm-splint\/\"]}]},{\"@type\":\"ImageObject\",\"inLanguage\":\"en-US\",\"@id\":\"https:\/\/www.orto24.lt\/en\/produktas\/prim-neoprair-universal-wrist-arm-splint\/#primaryimage\",\"url\":\"https:\/\/www.orto24.lt\/wp-content\/uploads\/2019\/09\/wrap_around_wrist_npos167_prim.jpg\",\"contentUrl\":\"https:\/\/www.orto24.lt\/wp-content\/uploads\/2019\/09\/wrap_around_wrist_npos167_prim.jpg\",\"width\":450,\"height\":450},{\"@type\":\"BreadcrumbList\",\"@id\":\"https:\/\/www.orto24.lt\/en\/produktas\/prim-neoprair-universal-wrist-arm-splint\/#breadcrumb\",\"itemListElement\":[{\"@type\":\"ListItem\",\"position\":1,\"name\":\"Home\",\"item\":\"https:\/\/www.orto24.lt\/en\/\"},{\"@type\":\"ListItem\",\"position\":2,\"name\":\"Shop\",\"item\":\"https:\/\/www.orto24.lt\/en\/shop\/\"},{\"@type\":\"ListItem\",\"position\":3,\"name\":\"PRIM Neoprair universal wrist-arm splint\"}]},{\"@type\":\"WebSite\",\"@id\":\"https:\/\/www.orto24.lt\/en\/#website\",\"url\":\"https:\/\/www.orto24.lt\/en\/\",\"name\":\"Ortopedini\u0173 preki\u0173 parduotuv\u0117 - orto24.lt\",\"description\":\"| orto24.lt\",\"potentialAction\":[{\"@type\":\"SearchAction\",\"target\":{\"@type\":\"EntryPoint\",\"urlTemplate\":\"https:\/\/www.orto24.lt\/en\/?s={search_term_string}\"},\"query-input\":{\"@type\":\"PropertyValueSpecification\",\"valueRequired\":true,\"valueName\":\"search_term_string\"}}],\"inLanguage\":\"en-US\"}]}<\/script>\n<!-- \/ Yoast SEO plugin. -->","yoast_head_json":{"title":"PRIM Neoprair universal wrist-arm splint - Ortopedini\u0173 preki\u0173 parduotuv\u0117 - orto24.lt","description":"PRIM Neoprair wrist-arm splint is designed for active movement.","robots":{"index":"index","follow":"follow","max-snippet":"max-snippet:-1","max-image-preview":"max-image-preview:large","max-video-preview":"max-video-preview:-1"},"canonical":"https:\/\/www.orto24.lt\/en\/produktas\/prim-neoprair-universal-wrist-arm-splint\/","og_locale":"en_US","og_type":"article","og_title":"PRIM Neoprair universal wrist-arm splint - Ortopedini\u0173 preki\u0173 parduotuv\u0117 - orto24.lt","og_description":"PRIM Neoprair wrist-arm splint is designed for active movement.","og_url":"https:\/\/www.orto24.lt\/en\/produktas\/prim-neoprair-universal-wrist-arm-splint\/","og_site_name":"Ortopedini\u0173 preki\u0173 parduotuv\u0117 - orto24.lt","article_publisher":"https:\/\/www.facebook.com\/mtsprendimai\/","og_image":[{"width":1181,"height":1181,"url":"https:\/\/www.orto24.lt\/wp-content\/uploads\/2019\/09\/prim-neoprair-rie\u0161o-\u012ftvarassu-vieta-nyk\u0161\u010diui.jpg","type":"image\/jpeg"}],"twitter_card":"summary_large_image","schema":{"@context":"https:\/\/schema.org","@graph":[{"@type":"WebPage","@id":"https:\/\/www.orto24.lt\/en\/produktas\/prim-neoprair-universal-wrist-arm-splint\/","url":"https:\/\/www.orto24.lt\/en\/produktas\/prim-neoprair-universal-wrist-arm-splint\/","name":"PRIM Neoprair universal wrist-arm splint - Ortopedini\u0173 preki\u0173 parduotuv\u0117 - orto24.lt","isPartOf":{"@id":"https:\/\/www.orto24.lt\/en\/#website"},"primaryImageOfPage":{"@id":"https:\/\/www.orto24.lt\/en\/produktas\/prim-neoprair-universal-wrist-arm-splint\/#primaryimage"},"image":{"@id":"https:\/\/www.orto24.lt\/en\/produktas\/prim-neoprair-universal-wrist-arm-splint\/#primaryimage"},"thumbnailUrl":"https:\/\/www.orto24.lt\/wp-content\/uploads\/2019\/09\/wrap_around_wrist_npos167_prim.jpg","datePublished":"2019-09-25T12:02:15+00:00","description":"PRIM Neoprair wrist-arm splint is designed for active movement.","breadcrumb":{"@id":"https:\/\/www.orto24.lt\/en\/produktas\/prim-neoprair-universal-wrist-arm-splint\/#breadcrumb"},"inLanguage":"en-US","potentialAction":[{"@type":"ReadAction","target":["https:\/\/www.orto24.lt\/en\/produktas\/prim-neoprair-universal-wrist-arm-splint\/"]}]},{"@type":"ImageObject","inLanguage":"en-US","@id":"https:\/\/www.orto24.lt\/en\/produktas\/prim-neoprair-universal-wrist-arm-splint\/#primaryimage","url":"https:\/\/www.orto24.lt\/wp-content\/uploads\/2019\/09\/wrap_around_wrist_npos167_prim.jpg","contentUrl":"https:\/\/www.orto24.lt\/wp-content\/uploads\/2019\/09\/wrap_around_wrist_npos167_prim.jpg","width":450,"height":450},{"@type":"BreadcrumbList","@id":"https:\/\/www.orto24.lt\/en\/produktas\/prim-neoprair-universal-wrist-arm-splint\/#breadcrumb","itemListElement":[{"@type":"ListItem","position":1,"name":"Home","item":"https:\/\/www.orto24.lt\/en\/"},{"@type":"ListItem","position":2,"name":"Shop","item":"https:\/\/www.orto24.lt\/en\/shop\/"},{"@type":"ListItem","position":3,"name":"PRIM Neoprair universal wrist-arm splint"}]},{"@type":"WebSite","@id":"https:\/\/www.orto24.lt\/en\/#website","url":"https:\/\/www.orto24.lt\/en\/","name":"Ortopedini\u0173 preki\u0173 parduotuv\u0117 - orto24.lt","description":"| orto24.lt","potentialAction":[{"@type":"SearchAction","target":{"@type":"EntryPoint","urlTemplate":"https:\/\/www.orto24.lt\/en\/?s={search_term_string}"},"query-input":{"@type":"PropertyValueSpecification","valueRequired":true,"valueName":"search_term_string"}}],"inLanguage":"en-US"}]}},"_links":{"self":[{"href":"https:\/\/www.orto24.lt\/en\/wp-json\/wp\/v2\/product\/30322","targetHints":{"allow":["GET"]}}],"collection":[{"href":"https:\/\/www.orto24.lt\/en\/wp-json\/wp\/v2\/product"}],"about":[{"href":"https:\/\/www.orto24.lt\/en\/wp-json\/wp\/v2\/types\/product"}],"replies":[{"embeddable":true,"href":"https:\/\/www.orto24.lt\/en\/wp-json\/wp\/v2\/comments?post=30322"}],"version-history":[{"count":0,"href":"https:\/\/www.orto24.lt\/en\/wp-json\/wp\/v2\/product\/30322\/revisions"}],"wp:featuredmedia":[{"embeddable":true,"href":"https:\/\/www.orto24.lt\/en\/wp-json\/wp\/v2\/media\/30864"}],"wp:attachment":[{"href":"https:\/\/www.orto24.lt\/en\/wp-json\/wp\/v2\/media?parent=30322"}],"wp:term":[{"taxonomy":"product_brand","embeddable":true,"href":"https:\/\/www.orto24.lt\/en\/wp-json\/wp\/v2\/product_brand?post=30322"},{"taxonomy":"product_cat","embeddable":true,"href":"https:\/\/www.orto24.lt\/en\/wp-json\/wp\/v2\/product_cat?post=30322"},{"taxonomy":"product_tag","embeddable":true,"href":"https:\/\/www.orto24.lt\/en\/wp-json\/wp\/v2\/product_tag?post=30322"}],"curies":[{"name":"wp","href":"https:\/\/api.w.org\/{rel}","templated":true}]}}