{"id":30323,"date":"2019-09-24T12:14:50","date_gmt":"2019-09-24T12:14:50","guid":{"rendered":"https:\/\/www.orto24.lt\/produktas\/qmed-neck-splint\/"},"modified":"2019-09-24T12:14:50","modified_gmt":"2019-09-24T12:14:50","slug":"qmed-neck-splint","status":"publish","type":"product","link":"https:\/\/www.orto24.lt\/en\/produktas\/qmed-neck-splint\/","title":{"rendered":"Qmed neck splint"},"content":{"rendered":"<p>A soft and lightweight neck brace for sprains and strains of the neck ligaments and muscles, after injuries or vertebral fractures. Made of foam material. <\/p>\n<p>Indications:<\/p>\n<ul>\n<li>Sprains of the neck ligaments and muscles.<\/li>\n<li>Injuries.<\/li>\n<li>Vertebral fractures of the neck.<\/li>\n<li>Neck deviation.<\/li>\n<li>Osteochondrosis.<\/li>\n<\/ul>\n","protected":false},"excerpt":{"rendered":"<p>&nbsp;<\/p>\n<p>A soft and lightweight neck brace for sprains and strains of the neck ligaments and muscles, after injuries or vertebral fractures. Made of foam material. <\/p>\n<p>ATTENTION &#8211; the colour of the mandrel is brown.<\/p>\n<p>&nbsp;<\/p>\n","protected":false},"featured_media":30329,"comment_status":"open","ping_status":"closed","template":"","meta":[],"product_brand":[],"product_cat":[1398],"product_tag":[1395,1396,1392,1397,1195,1393,1394],"class_list":{"0":"post-30323","1":"product","2":"type-product","3":"status-publish","4":"has-post-thumbnail","6":"product_cat-neck-splints","7":"product_tag-cervical-vertebrae","8":"product_tag-neck-deviation","9":"product_tag-neck-splint","10":"product_tag-osteochondrosis-2","11":"product_tag-sprain-of-ligaments","12":"product_tag-to-kaklui","13":"product_tag-vertebral-fractures","15":"first","16":"instock","17":"taxable","18":"shipping-taxable","19":"purchasable","20":"product-type-variable"},"yoast_head":"<!-- This site is optimized with the Yoast SEO plugin v26.0 - https:\/\/yoast.com\/wordpress\/plugins\/seo\/ -->\n<title>Qmed neck splint - Ortopedini\u0173 preki\u0173 parduotuv\u0117 - orto24.lt<\/title>\n<meta name=\"description\" content=\"A soft and lightweight neck brace for sprains and strains of the neck ligaments and muscles, after injuries or vertebral fractures.\" \/>\n<meta name=\"robots\" content=\"index, follow, max-snippet:-1, max-image-preview:large, max-video-preview:-1\" \/>\n<link rel=\"canonical\" href=\"https:\/\/www.orto24.lt\/en\/produktas\/qmed-neck-splint\/\" \/>\n<meta property=\"og:locale\" content=\"en_US\" \/>\n<meta property=\"og:type\" content=\"article\" \/>\n<meta property=\"og:title\" content=\"Qmed neck splint - Ortopedini\u0173 preki\u0173 parduotuv\u0117 - orto24.lt\" \/>\n<meta property=\"og:description\" content=\"A soft and lightweight neck brace for sprains and strains of the neck ligaments and muscles, after injuries or vertebral fractures.\" \/>\n<meta property=\"og:url\" content=\"https:\/\/www.orto24.lt\/en\/produktas\/qmed-neck-splint\/\" \/>\n<meta property=\"og:site_name\" content=\"Ortopedini\u0173 preki\u0173 parduotuv\u0117 - orto24.lt\" \/>\n<meta property=\"article:publisher\" content=\"https:\/\/www.facebook.com\/mtsprendimai\/\" \/>\n<meta property=\"og:image\" content=\"https:\/\/www.orto24.lt\/wp-content\/uploads\/2019\/09\/qmed-kaklo-\u012ftvaras-e1569406921116.jpg\" \/>\n\t<meta property=\"og:image:width\" content=\"796\" \/>\n\t<meta property=\"og:image:height\" content=\"900\" \/>\n\t<meta property=\"og:image:type\" content=\"image\/jpeg\" \/>\n<meta name=\"twitter:card\" content=\"summary_large_image\" \/>\n<script type=\"application\/ld+json\" class=\"yoast-schema-graph\">{\"@context\":\"https:\/\/schema.org\",\"@graph\":[{\"@type\":\"WebPage\",\"@id\":\"https:\/\/www.orto24.lt\/en\/produktas\/qmed-neck-splint\/\",\"url\":\"https:\/\/www.orto24.lt\/en\/produktas\/qmed-neck-splint\/\",\"name\":\"Qmed neck splint - Ortopedini\u0173 preki\u0173 parduotuv\u0117 - orto24.lt\",\"isPartOf\":{\"@id\":\"https:\/\/www.orto24.lt\/en\/#website\"},\"primaryImageOfPage\":{\"@id\":\"https:\/\/www.orto24.lt\/en\/produktas\/qmed-neck-splint\/#primaryimage\"},\"image\":{\"@id\":\"https:\/\/www.orto24.lt\/en\/produktas\/qmed-neck-splint\/#primaryimage\"},\"thumbnailUrl\":\"https:\/\/www.orto24.lt\/wp-content\/uploads\/2019\/09\/qmed-kaklo-\u012ftvaras-e1569406921116.jpg\",\"datePublished\":\"2019-09-24T12:14:50+00:00\",\"description\":\"A soft and lightweight neck brace for sprains and strains of the neck ligaments and muscles, after injuries or vertebral fractures.\",\"breadcrumb\":{\"@id\":\"https:\/\/www.orto24.lt\/en\/produktas\/qmed-neck-splint\/#breadcrumb\"},\"inLanguage\":\"en-US\",\"potentialAction\":[{\"@type\":\"ReadAction\",\"target\":[\"https:\/\/www.orto24.lt\/en\/produktas\/qmed-neck-splint\/\"]}]},{\"@type\":\"ImageObject\",\"inLanguage\":\"en-US\",\"@id\":\"https:\/\/www.orto24.lt\/en\/produktas\/qmed-neck-splint\/#primaryimage\",\"url\":\"https:\/\/www.orto24.lt\/wp-content\/uploads\/2019\/09\/qmed-kaklo-\u012ftvaras-e1569406921116.jpg\",\"contentUrl\":\"https:\/\/www.orto24.lt\/wp-content\/uploads\/2019\/09\/qmed-kaklo-\u012ftvaras-e1569406921116.jpg\",\"width\":796,\"height\":900,\"caption\":\"Qmed neck splint\"},{\"@type\":\"BreadcrumbList\",\"@id\":\"https:\/\/www.orto24.lt\/en\/produktas\/qmed-neck-splint\/#breadcrumb\",\"itemListElement\":[{\"@type\":\"ListItem\",\"position\":1,\"name\":\"Home\",\"item\":\"https:\/\/www.orto24.lt\/en\/\"},{\"@type\":\"ListItem\",\"position\":2,\"name\":\"Shop\",\"item\":\"https:\/\/www.orto24.lt\/en\/shop\/\"},{\"@type\":\"ListItem\",\"position\":3,\"name\":\"Qmed neck splint\"}]},{\"@type\":\"WebSite\",\"@id\":\"https:\/\/www.orto24.lt\/en\/#website\",\"url\":\"https:\/\/www.orto24.lt\/en\/\",\"name\":\"Ortopedini\u0173 preki\u0173 parduotuv\u0117 - orto24.lt\",\"description\":\"| orto24.lt\",\"potentialAction\":[{\"@type\":\"SearchAction\",\"target\":{\"@type\":\"EntryPoint\",\"urlTemplate\":\"https:\/\/www.orto24.lt\/en\/?s={search_term_string}\"},\"query-input\":{\"@type\":\"PropertyValueSpecification\",\"valueRequired\":true,\"valueName\":\"search_term_string\"}}],\"inLanguage\":\"en-US\"}]}<\/script>\n<!-- \/ Yoast SEO plugin. -->","yoast_head_json":{"title":"Qmed neck splint - Ortopedini\u0173 preki\u0173 parduotuv\u0117 - orto24.lt","description":"A soft and lightweight neck brace for sprains and strains of the neck ligaments and muscles, after injuries or vertebral fractures.","robots":{"index":"index","follow":"follow","max-snippet":"max-snippet:-1","max-image-preview":"max-image-preview:large","max-video-preview":"max-video-preview:-1"},"canonical":"https:\/\/www.orto24.lt\/en\/produktas\/qmed-neck-splint\/","og_locale":"en_US","og_type":"article","og_title":"Qmed neck splint - Ortopedini\u0173 preki\u0173 parduotuv\u0117 - orto24.lt","og_description":"A soft and lightweight neck brace for sprains and strains of the neck ligaments and muscles, after injuries or vertebral fractures.","og_url":"https:\/\/www.orto24.lt\/en\/produktas\/qmed-neck-splint\/","og_site_name":"Ortopedini\u0173 preki\u0173 parduotuv\u0117 - orto24.lt","article_publisher":"https:\/\/www.facebook.com\/mtsprendimai\/","og_image":[{"width":796,"height":900,"url":"https:\/\/www.orto24.lt\/wp-content\/uploads\/2019\/09\/qmed-kaklo-\u012ftvaras-e1569406921116.jpg","type":"image\/jpeg"}],"twitter_card":"summary_large_image","schema":{"@context":"https:\/\/schema.org","@graph":[{"@type":"WebPage","@id":"https:\/\/www.orto24.lt\/en\/produktas\/qmed-neck-splint\/","url":"https:\/\/www.orto24.lt\/en\/produktas\/qmed-neck-splint\/","name":"Qmed neck splint - Ortopedini\u0173 preki\u0173 parduotuv\u0117 - orto24.lt","isPartOf":{"@id":"https:\/\/www.orto24.lt\/en\/#website"},"primaryImageOfPage":{"@id":"https:\/\/www.orto24.lt\/en\/produktas\/qmed-neck-splint\/#primaryimage"},"image":{"@id":"https:\/\/www.orto24.lt\/en\/produktas\/qmed-neck-splint\/#primaryimage"},"thumbnailUrl":"https:\/\/www.orto24.lt\/wp-content\/uploads\/2019\/09\/qmed-kaklo-\u012ftvaras-e1569406921116.jpg","datePublished":"2019-09-24T12:14:50+00:00","description":"A soft and lightweight neck brace for sprains and strains of the neck ligaments and muscles, after injuries or vertebral fractures.","breadcrumb":{"@id":"https:\/\/www.orto24.lt\/en\/produktas\/qmed-neck-splint\/#breadcrumb"},"inLanguage":"en-US","potentialAction":[{"@type":"ReadAction","target":["https:\/\/www.orto24.lt\/en\/produktas\/qmed-neck-splint\/"]}]},{"@type":"ImageObject","inLanguage":"en-US","@id":"https:\/\/www.orto24.lt\/en\/produktas\/qmed-neck-splint\/#primaryimage","url":"https:\/\/www.orto24.lt\/wp-content\/uploads\/2019\/09\/qmed-kaklo-\u012ftvaras-e1569406921116.jpg","contentUrl":"https:\/\/www.orto24.lt\/wp-content\/uploads\/2019\/09\/qmed-kaklo-\u012ftvaras-e1569406921116.jpg","width":796,"height":900,"caption":"Qmed neck splint"},{"@type":"BreadcrumbList","@id":"https:\/\/www.orto24.lt\/en\/produktas\/qmed-neck-splint\/#breadcrumb","itemListElement":[{"@type":"ListItem","position":1,"name":"Home","item":"https:\/\/www.orto24.lt\/en\/"},{"@type":"ListItem","position":2,"name":"Shop","item":"https:\/\/www.orto24.lt\/en\/shop\/"},{"@type":"ListItem","position":3,"name":"Qmed neck splint"}]},{"@type":"WebSite","@id":"https:\/\/www.orto24.lt\/en\/#website","url":"https:\/\/www.orto24.lt\/en\/","name":"Ortopedini\u0173 preki\u0173 parduotuv\u0117 - orto24.lt","description":"| orto24.lt","potentialAction":[{"@type":"SearchAction","target":{"@type":"EntryPoint","urlTemplate":"https:\/\/www.orto24.lt\/en\/?s={search_term_string}"},"query-input":{"@type":"PropertyValueSpecification","valueRequired":true,"valueName":"search_term_string"}}],"inLanguage":"en-US"}]}},"_links":{"self":[{"href":"https:\/\/www.orto24.lt\/en\/wp-json\/wp\/v2\/product\/30323","targetHints":{"allow":["GET"]}}],"collection":[{"href":"https:\/\/www.orto24.lt\/en\/wp-json\/wp\/v2\/product"}],"about":[{"href":"https:\/\/www.orto24.lt\/en\/wp-json\/wp\/v2\/types\/product"}],"replies":[{"embeddable":true,"href":"https:\/\/www.orto24.lt\/en\/wp-json\/wp\/v2\/comments?post=30323"}],"version-history":[{"count":0,"href":"https:\/\/www.orto24.lt\/en\/wp-json\/wp\/v2\/product\/30323\/revisions"}],"wp:featuredmedia":[{"embeddable":true,"href":"https:\/\/www.orto24.lt\/en\/wp-json\/wp\/v2\/media\/30329"}],"wp:attachment":[{"href":"https:\/\/www.orto24.lt\/en\/wp-json\/wp\/v2\/media?parent=30323"}],"wp:term":[{"taxonomy":"product_brand","embeddable":true,"href":"https:\/\/www.orto24.lt\/en\/wp-json\/wp\/v2\/product_brand?post=30323"},{"taxonomy":"product_cat","embeddable":true,"href":"https:\/\/www.orto24.lt\/en\/wp-json\/wp\/v2\/product_cat?post=30323"},{"taxonomy":"product_tag","embeddable":true,"href":"https:\/\/www.orto24.lt\/en\/wp-json\/wp\/v2\/product_tag?post=30323"}],"curies":[{"name":"wp","href":"https:\/\/api.w.org\/{rel}","templated":true}]}}