{"id":30353,"date":"2019-09-25T10:56:32","date_gmt":"2019-09-25T10:56:32","guid":{"rendered":"https:\/\/www.orto24.lt\/produktas\/prim-neoprair-universal-epicondylitis-strip\/"},"modified":"2019-09-25T10:56:32","modified_gmt":"2019-09-25T10:56:32","slug":"prim-neoprair-universal-epicondylitis-strip","status":"publish","type":"product","link":"https:\/\/www.orto24.lt\/en\/produktas\/prim-neoprair-universal-epicondylitis-strip\/","title":{"rendered":"PRIM Neoprair universal epicondylitis strip"},"content":{"rendered":"<p>&nbsp;<\/p>\n<p>PRIM Neoprair epicondylitic splint for active movement.<\/p>\n<ul>\n<li>Universal size.<\/li>\n<li>A silicone cushion that compresses the tendon for pain relief.<\/li>\n<li>A silicone strip inside prevents the splint from rotating around the hand.<\/li>\n<li>The neoprene material with a special AirLock system allows the body to breathe, evaporate sweat more easily and keep warm at the same time.<\/li>\n<\/ul>\n<p>Indications:<\/p>\n<ul>\n<li>Lateral epicondylitis (tennis elbow).<\/li>\n<li>Medial epicondylitis (golfer&#8217;s elbow).<\/li>\n<\/ul>\n","protected":false},"excerpt":{"rendered":"<p>&nbsp;<\/p>\n<p>PRIM Neoprair epicondylitic splint for active movement.<\/p>\n<ul>\n<li>Universal size.<\/li>\n<li>A silicone cushion that compresses the tendon for pain relief.<\/li>\n<li>A silicone strip inside prevents the splint from rotating around the hand.<\/li>\n<li>The neoprene material with a special AirLock system allows the body to breathe, evaporate sweat more easily and keep warm at the same time.<\/li>\n<\/ul>\n<p><img fetchpriority=\"high\" decoding=\"async\" class=\"alignnone size-full wp-image-6530\" src=\"https:\/\/www.orto24.lt\/wp-content\/uploads\/2016\/03\/primlog.png\" alt=\"primlog\" width=\"325\" height=\"227\" srcset=\"https:\/\/www.orto24.lt\/wp-content\/uploads\/2016\/03\/primlog.png 325w, https:\/\/www.orto24.lt\/wp-content\/uploads\/2016\/03\/primlog-150x105.png 150w, https:\/\/www.orto24.lt\/wp-content\/uploads\/2016\/03\/primlog-300x210.png 300w, https:\/\/www.orto24.lt\/wp-content\/uploads\/2016\/03\/primlog-24x17.png 24w, https:\/\/www.orto24.lt\/wp-content\/uploads\/2016\/03\/primlog-36x25.png 36w, https:\/\/www.orto24.lt\/wp-content\/uploads\/2016\/03\/primlog-48x34.png 48w\" sizes=\"(max-width: 325px) 100vw, 325px\" \/><\/p>\n","protected":false},"featured_media":30857,"comment_status":"open","ping_status":"closed","template":"","meta":[],"product_brand":[],"product_cat":[1334,1197,1248],"product_tag":[1114,1245,1196,1249,1332,1116,1112,1102,1268,1247,1246,1105,1336],"class_list":{"0":"post-30353","1":"product","2":"type-product","3":"status-publish","4":"has-post-thumbnail","6":"product_cat-breathable-splints","7":"product_cat-elbow-splints","8":"product_cat-elbow-splints-for-sports","9":"product_tag-breathing","10":"product_tag-epicondylitis","11":"product_tag-for-elbow","12":"product_tag-for-epicondilitis","13":"product_tag-for-pain","14":"product_tag-pain","15":"product_tag-see","16":"product_tag-splint","17":"product_tag-tennis","18":"product_tag-tennis-elbow","19":"product_tag-tennis-players-ribbon","20":"product_tag-universal","21":"product_tag-universal-splint","23":"first","24":"outofstock","25":"taxable","26":"shipping-taxable","27":"purchasable","28":"product-type-simple"},"yoast_head":"<!-- This site is optimized with the Yoast SEO plugin v26.0 - https:\/\/yoast.com\/wordpress\/plugins\/seo\/ -->\n<title>PRIM Neoprair universal epicondylitis strip - Ortopedini\u0173 preki\u0173 parduotuv\u0117 - orto24.lt<\/title>\n<meta name=\"robots\" content=\"index, follow, max-snippet:-1, max-image-preview:large, max-video-preview:-1\" \/>\n<link rel=\"canonical\" href=\"https:\/\/www.orto24.lt\/en\/produktas\/prim-neoprair-universal-epicondylitis-strip\/\" \/>\n<meta property=\"og:locale\" content=\"en_US\" \/>\n<meta property=\"og:type\" content=\"article\" \/>\n<meta property=\"og:title\" content=\"PRIM Neoprair universal epicondylitis strip - Ortopedini\u0173 preki\u0173 parduotuv\u0117 - orto24.lt\" \/>\n<meta property=\"og:description\" content=\"&nbsp; PRIM Neoprair epicondylitic splint for active movement.  Universal size.  A silicone cushion that compresses the tendon for pain relief.  A silicone strip inside prevents the splint from rotating around the hand.  The neoprene material with a special AirLock system allows the body to breathe, evaporate sweat more easily and keep warm at the same time.\" \/>\n<meta property=\"og:url\" content=\"https:\/\/www.orto24.lt\/en\/produktas\/prim-neoprair-universal-epicondylitis-strip\/\" \/>\n<meta property=\"og:site_name\" content=\"Ortopedini\u0173 preki\u0173 parduotuv\u0117 - orto24.lt\" \/>\n<meta property=\"article:publisher\" content=\"https:\/\/www.facebook.com\/mtsprendimai\/\" \/>\n<meta property=\"og:image\" content=\"https:\/\/www.orto24.lt\/wp-content\/uploads\/2019\/09\/epycondilitis_strap_npos172_prim-1.jpg\" \/>\n\t<meta property=\"og:image:width\" content=\"450\" \/>\n\t<meta property=\"og:image:height\" content=\"450\" \/>\n\t<meta property=\"og:image:type\" content=\"image\/jpeg\" \/>\n<meta name=\"twitter:card\" content=\"summary_large_image\" \/>\n<script type=\"application\/ld+json\" class=\"yoast-schema-graph\">{\"@context\":\"https:\/\/schema.org\",\"@graph\":[{\"@type\":\"WebPage\",\"@id\":\"https:\/\/www.orto24.lt\/en\/produktas\/prim-neoprair-universal-epicondylitis-strip\/\",\"url\":\"https:\/\/www.orto24.lt\/en\/produktas\/prim-neoprair-universal-epicondylitis-strip\/\",\"name\":\"PRIM Neoprair universal epicondylitis strip - Ortopedini\u0173 preki\u0173 parduotuv\u0117 - orto24.lt\",\"isPartOf\":{\"@id\":\"https:\/\/www.orto24.lt\/en\/#website\"},\"primaryImageOfPage\":{\"@id\":\"https:\/\/www.orto24.lt\/en\/produktas\/prim-neoprair-universal-epicondylitis-strip\/#primaryimage\"},\"image\":{\"@id\":\"https:\/\/www.orto24.lt\/en\/produktas\/prim-neoprair-universal-epicondylitis-strip\/#primaryimage\"},\"thumbnailUrl\":\"https:\/\/www.orto24.lt\/wp-content\/uploads\/2019\/09\/epycondilitis_strap_npos172_prim-1.jpg\",\"datePublished\":\"2019-09-25T10:56:32+00:00\",\"breadcrumb\":{\"@id\":\"https:\/\/www.orto24.lt\/en\/produktas\/prim-neoprair-universal-epicondylitis-strip\/#breadcrumb\"},\"inLanguage\":\"en-US\",\"potentialAction\":[{\"@type\":\"ReadAction\",\"target\":[\"https:\/\/www.orto24.lt\/en\/produktas\/prim-neoprair-universal-epicondylitis-strip\/\"]}]},{\"@type\":\"ImageObject\",\"inLanguage\":\"en-US\",\"@id\":\"https:\/\/www.orto24.lt\/en\/produktas\/prim-neoprair-universal-epicondylitis-strip\/#primaryimage\",\"url\":\"https:\/\/www.orto24.lt\/wp-content\/uploads\/2019\/09\/epycondilitis_strap_npos172_prim-1.jpg\",\"contentUrl\":\"https:\/\/www.orto24.lt\/wp-content\/uploads\/2019\/09\/epycondilitis_strap_npos172_prim-1.jpg\",\"width\":450,\"height\":450},{\"@type\":\"BreadcrumbList\",\"@id\":\"https:\/\/www.orto24.lt\/en\/produktas\/prim-neoprair-universal-epicondylitis-strip\/#breadcrumb\",\"itemListElement\":[{\"@type\":\"ListItem\",\"position\":1,\"name\":\"Home\",\"item\":\"https:\/\/www.orto24.lt\/en\/\"},{\"@type\":\"ListItem\",\"position\":2,\"name\":\"Shop\",\"item\":\"https:\/\/www.orto24.lt\/en\/shop\/\"},{\"@type\":\"ListItem\",\"position\":3,\"name\":\"PRIM Neoprair universal epicondylitis strip\"}]},{\"@type\":\"WebSite\",\"@id\":\"https:\/\/www.orto24.lt\/en\/#website\",\"url\":\"https:\/\/www.orto24.lt\/en\/\",\"name\":\"Ortopedini\u0173 preki\u0173 parduotuv\u0117 - orto24.lt\",\"description\":\"| orto24.lt\",\"potentialAction\":[{\"@type\":\"SearchAction\",\"target\":{\"@type\":\"EntryPoint\",\"urlTemplate\":\"https:\/\/www.orto24.lt\/en\/?s={search_term_string}\"},\"query-input\":{\"@type\":\"PropertyValueSpecification\",\"valueRequired\":true,\"valueName\":\"search_term_string\"}}],\"inLanguage\":\"en-US\"}]}<\/script>\n<!-- \/ Yoast SEO plugin. -->","yoast_head_json":{"title":"PRIM Neoprair universal epicondylitis strip - Ortopedini\u0173 preki\u0173 parduotuv\u0117 - orto24.lt","robots":{"index":"index","follow":"follow","max-snippet":"max-snippet:-1","max-image-preview":"max-image-preview:large","max-video-preview":"max-video-preview:-1"},"canonical":"https:\/\/www.orto24.lt\/en\/produktas\/prim-neoprair-universal-epicondylitis-strip\/","og_locale":"en_US","og_type":"article","og_title":"PRIM Neoprair universal epicondylitis strip - Ortopedini\u0173 preki\u0173 parduotuv\u0117 - orto24.lt","og_description":"&nbsp; PRIM Neoprair epicondylitic splint for active movement.  Universal size.  A silicone cushion that compresses the tendon for pain relief.  A silicone strip inside prevents the splint from rotating around the hand.  The neoprene material with a special AirLock system allows the body to breathe, evaporate sweat more easily and keep warm at the same time.","og_url":"https:\/\/www.orto24.lt\/en\/produktas\/prim-neoprair-universal-epicondylitis-strip\/","og_site_name":"Ortopedini\u0173 preki\u0173 parduotuv\u0117 - orto24.lt","article_publisher":"https:\/\/www.facebook.com\/mtsprendimai\/","og_image":[{"width":450,"height":450,"url":"https:\/\/www.orto24.lt\/wp-content\/uploads\/2019\/09\/epycondilitis_strap_npos172_prim-1.jpg","type":"image\/jpeg"}],"twitter_card":"summary_large_image","schema":{"@context":"https:\/\/schema.org","@graph":[{"@type":"WebPage","@id":"https:\/\/www.orto24.lt\/en\/produktas\/prim-neoprair-universal-epicondylitis-strip\/","url":"https:\/\/www.orto24.lt\/en\/produktas\/prim-neoprair-universal-epicondylitis-strip\/","name":"PRIM Neoprair universal epicondylitis strip - Ortopedini\u0173 preki\u0173 parduotuv\u0117 - orto24.lt","isPartOf":{"@id":"https:\/\/www.orto24.lt\/en\/#website"},"primaryImageOfPage":{"@id":"https:\/\/www.orto24.lt\/en\/produktas\/prim-neoprair-universal-epicondylitis-strip\/#primaryimage"},"image":{"@id":"https:\/\/www.orto24.lt\/en\/produktas\/prim-neoprair-universal-epicondylitis-strip\/#primaryimage"},"thumbnailUrl":"https:\/\/www.orto24.lt\/wp-content\/uploads\/2019\/09\/epycondilitis_strap_npos172_prim-1.jpg","datePublished":"2019-09-25T10:56:32+00:00","breadcrumb":{"@id":"https:\/\/www.orto24.lt\/en\/produktas\/prim-neoprair-universal-epicondylitis-strip\/#breadcrumb"},"inLanguage":"en-US","potentialAction":[{"@type":"ReadAction","target":["https:\/\/www.orto24.lt\/en\/produktas\/prim-neoprair-universal-epicondylitis-strip\/"]}]},{"@type":"ImageObject","inLanguage":"en-US","@id":"https:\/\/www.orto24.lt\/en\/produktas\/prim-neoprair-universal-epicondylitis-strip\/#primaryimage","url":"https:\/\/www.orto24.lt\/wp-content\/uploads\/2019\/09\/epycondilitis_strap_npos172_prim-1.jpg","contentUrl":"https:\/\/www.orto24.lt\/wp-content\/uploads\/2019\/09\/epycondilitis_strap_npos172_prim-1.jpg","width":450,"height":450},{"@type":"BreadcrumbList","@id":"https:\/\/www.orto24.lt\/en\/produktas\/prim-neoprair-universal-epicondylitis-strip\/#breadcrumb","itemListElement":[{"@type":"ListItem","position":1,"name":"Home","item":"https:\/\/www.orto24.lt\/en\/"},{"@type":"ListItem","position":2,"name":"Shop","item":"https:\/\/www.orto24.lt\/en\/shop\/"},{"@type":"ListItem","position":3,"name":"PRIM Neoprair universal epicondylitis strip"}]},{"@type":"WebSite","@id":"https:\/\/www.orto24.lt\/en\/#website","url":"https:\/\/www.orto24.lt\/en\/","name":"Ortopedini\u0173 preki\u0173 parduotuv\u0117 - orto24.lt","description":"| orto24.lt","potentialAction":[{"@type":"SearchAction","target":{"@type":"EntryPoint","urlTemplate":"https:\/\/www.orto24.lt\/en\/?s={search_term_string}"},"query-input":{"@type":"PropertyValueSpecification","valueRequired":true,"valueName":"search_term_string"}}],"inLanguage":"en-US"}]}},"_links":{"self":[{"href":"https:\/\/www.orto24.lt\/en\/wp-json\/wp\/v2\/product\/30353","targetHints":{"allow":["GET"]}}],"collection":[{"href":"https:\/\/www.orto24.lt\/en\/wp-json\/wp\/v2\/product"}],"about":[{"href":"https:\/\/www.orto24.lt\/en\/wp-json\/wp\/v2\/types\/product"}],"replies":[{"embeddable":true,"href":"https:\/\/www.orto24.lt\/en\/wp-json\/wp\/v2\/comments?post=30353"}],"version-history":[{"count":0,"href":"https:\/\/www.orto24.lt\/en\/wp-json\/wp\/v2\/product\/30353\/revisions"}],"wp:featuredmedia":[{"embeddable":true,"href":"https:\/\/www.orto24.lt\/en\/wp-json\/wp\/v2\/media\/30857"}],"wp:attachment":[{"href":"https:\/\/www.orto24.lt\/en\/wp-json\/wp\/v2\/media?parent=30353"}],"wp:term":[{"taxonomy":"product_brand","embeddable":true,"href":"https:\/\/www.orto24.lt\/en\/wp-json\/wp\/v2\/product_brand?post=30353"},{"taxonomy":"product_cat","embeddable":true,"href":"https:\/\/www.orto24.lt\/en\/wp-json\/wp\/v2\/product_cat?post=30353"},{"taxonomy":"product_tag","embeddable":true,"href":"https:\/\/www.orto24.lt\/en\/wp-json\/wp\/v2\/product_tag?post=30353"}],"curies":[{"name":"wp","href":"https:\/\/api.w.org\/{rel}","templated":true}]}}