{"id":30368,"date":"2019-11-07T08:37:10","date_gmt":"2019-11-07T08:37:10","guid":{"rendered":"https:\/\/www.orto24.lt\/produktas\/bort-activecolor-sport-ankle-brace\/"},"modified":"2019-11-07T08:37:10","modified_gmt":"2019-11-07T08:37:10","slug":"bort-activecolor-sport-ankle-brace","status":"publish","type":"product","link":"https:\/\/www.orto24.lt\/en\/produktas\/bort-activecolor-sport-ankle-brace\/","title":{"rendered":"BORT ActiveColor\u00ae Sport ankle brace"},"content":{"rendered":"<ul>\n<li>The anatomically shaped sweater splint optimally clamps and easily supports the ankle joint.<\/li>\n<li>The sleeve is ultra-thin, elastic and breathable.<\/li>\n<li>The special AQUARIUS material regulates moisture.<\/li>\n<li>Suitable for sports and rehabilitation.<\/li>\n<\/ul>\n<p>Recommended:<\/p>\n<ul>\n<li>for swelling caused by arthrosis and arthritis;<\/li>\n<li>for tendomyopathies;<\/li>\n<li>in cases of ligament, tendon and muscle damage in the ankle joint or mild joint instability;<\/li>\n<li>injury prevention.<\/li>\n<\/ul>\n<p>&nbsp;<\/p>\n<p>The splint is washed with soap and water, drained and left to dry.<\/p>\n<div id=\"attachment_5357\" style=\"width: 216px\" class=\"wp-caption alignnone\"><img decoding=\"async\" aria-describedby=\"caption-attachment-5357\" class=\"wp-image-5357 size-full\" src=\"https:\/\/www.orto24.lt\/wp-content\/uploads\/2016\/02\/kulksnis.jpg\" alt=\"kulksnis\" width=\"206\" height=\"187\" srcset=\"https:\/\/www.orto24.lt\/wp-content\/uploads\/2016\/02\/kulksnis.jpg 206w, https:\/\/www.orto24.lt\/wp-content\/uploads\/2016\/02\/kulksnis-150x136.jpg 150w, https:\/\/www.orto24.lt\/wp-content\/uploads\/2016\/02\/kulksnis-24x22.jpg 24w, https:\/\/www.orto24.lt\/wp-content\/uploads\/2016\/02\/kulksnis-36x33.jpg 36w, https:\/\/www.orto24.lt\/wp-content\/uploads\/2016\/02\/kulksnis-48x44.jpg 48w\" sizes=\"(max-width: 206px) 100vw, 206px\" \/><p id=\"caption-attachment-5357\" class=\"wp-caption-text\">For sizing, measure the marked area<\/p><\/div>\n","protected":false},"excerpt":{"rendered":"<p>&nbsp;<\/p>\n<p>Sports ankle brace. The anatomically shaped knitted ankle brace optimally clamps and lightly reinforces the ankle joint. <\/p>\n<p>&nbsp;<\/p>\n[caption id=\"attachment_5184\" align=\"alignnone\" width=\"298\"]<img decoding=\"async\" class=\"wp-image-5184 size-full\" src=\"https:\/\/www.orto24.lt\/wp-content\/uploads\/2016\/02\/BORT_Logo_De.png\" alt=\"\" width=\"298\" height=\"89\" srcset=\"https:\/\/www.orto24.lt\/wp-content\/uploads\/2016\/02\/BORT_Logo_De.png 298w, https:\/\/www.orto24.lt\/wp-content\/uploads\/2016\/02\/BORT_Logo_De-150x45.png 150w, https:\/\/www.orto24.lt\/wp-content\/uploads\/2016\/02\/BORT_Logo_De-24x7.png 24w, https:\/\/www.orto24.lt\/wp-content\/uploads\/2016\/02\/BORT_Logo_De-36x11.png 36w, https:\/\/www.orto24.lt\/wp-content\/uploads\/2016\/02\/BORT_Logo_De-48x14.png 48w\" sizes=\"(max-width: 298px) 100vw, 298px\" \/>  Made in Germany[\/caption]\n<form class=\"variations_form cart\" style=\"box-sizing: border-box; float: left; color: #666666; font-family: Raleway, sans-serif; font-size: 13px; font-style: normal; font-variant: normal; font-weight: 300; letter-spacing: normal; line-height: 24.7px; orphans: auto; text-align: start; text-indent: 0px; text-transform: none; white-space: normal; widows: 1; word-spacing: 0px; -webkit-text-stroke-width: 0px; background-color: #ffffff;\" enctype=\"multipart\/form-data\" method=\"post\" data-product_id=\"5343\" data-product_variations=\"[{\"variation_id\":5348,\"variation_is_visible\":true,\"variation_is_active\":true,\"is_purchasable\":true,\"display_price\":11.9,\"display_regular_price\":11.9,\"attributes\":{\"attribute_dydis\":\"S (iki 32 cm)\"},\"image_src\":\"\",\"image_link\":\"\",\"image_title\":\"\",\"image_alt\":\"\",\"image_caption\":\"\",\"image_srcset\":\"\",\"image_sizes\":\"\",\"price_html\":\"\",\"availability_html\":\"&lt;p class=\"stock in-stock\"&gt;Turime&lt;\/p&gt;\",\"sku\":\"MTB 1440\",\"weight\":\" kg\",\"dimensions\":\"\",\"min_qty\":1,\"max_qty\":6,\"backorders_allowed\":false,\"is_in_stock\":true,\"is_downloadable\":false,\"is_virtual\":false,\"is_sold_individually\":\"no\",\"variation_description\":\"\",\"image_magnifier\":\"\"},{\"variation_id\":5347,\"variation_is_visible\":true,\"variation_is_active\":true,\"is_purchasable\":true,\"display_price\":11.9,\"display_regular_price\":11.9,\"attributes\":{\"attribute_dydis\":\"M (32-37 cm)\"},\"image_src\":\"\",\"image_link\":\"\",\"image_title\":\"\",\"image_alt\":\"\",\"image_caption\":\"\",\"image_srcset\":\"\",\"image_sizes\":\"\",\"price_html\":\"\",\"availability_html\":\"&lt;p class=\"stock in-stock\"&gt;Turime&lt;\/p&gt;\",\"sku\":\"MTB 1440\",\"weight\":\" kg\",\"dimensions\":\"\",\"min_qty\":1,\"max_qty\":8,\"backorders_allowed\":false,\"is_in_stock\":true,\"is_downloadable\":false,\"is_virtual\":false,\"is_sold_individually\":\"no\",\"variation_description\":\"\",\"image_magnifier\":\"\"},{\"variation_id\":5346,\"variation_is_visible\":true,\"variation_is_active\":true,\"is_purchasable\":true,\"display_price\":11.9,\"display_regular_price\":11.9,\"attributes\":{\"attribute_dydis\":\"L (37-42 cm)\"},\"image_src\":\"\",\"image_link\":\"\",\"image_title\":\"\",\"image_alt\":\"\",\"image_caption\":\"\",\"image_srcset\":\"\",\"image_sizes\":\"\",\"price_html\":\"\",\"availability_html\":\"&lt;p class=\"stock in-stock\"&gt;Turime&lt;\/p&gt;\",\"sku\":\"MTB 1440\",\"weight\":\" kg\",\"dimensions\":\"\",\"min_qty\":1,\"max_qty\":7,\"backorders_allowed\":false,\"is_in_stock\":true,\"is_downloadable\":false,\"is_virtual\":false,\"is_sold_individually\":\"no\",\"variation_description\":\"\",\"image_magnifier\":\"\"},{\"variation_id\":5345,\"variation_is_visible\":true,\"variation_is_active\":true,\"is_purchasable\":true,\"display_price\":11.9,\"display_regular_price\":11.9,\"attributes\":{\"attribute_dydis\":\"XL - (42-47 cm)\"},\"image_src\":\"\",\"image_link\":\"\",\"image_title\":\"\",\"image_alt\":\"\",\"image_caption\":\"\",\"image_srcset\":\"\",\"image_sizes\":\"\",\"price_html\":\"\",\"availability_html\":\"&lt;p class=\"stock in-stock\"&gt;Turime&lt;\/p&gt;\",\"sku\":\"MTB 1440\",\"weight\":\" kg\",\"dimensions\":\"\",\"min_qty\":1,\"max_qty\":6,\"backorders_allowed\":false,\"is_in_stock\":true,\"is_downloadable\":false,\"is_virtual\":false,\"is_sold_individually\":\"no\",\"variation_description\":\"\",\"image_magnifier\":\"\"},{\"variation_id\":5344,\"variation_is_visible\":true,\"variation_is_active\":true,\"is_purchasable\":true,\"display_price\":11.9,\"display_regular_price\":11.9,\"attributes\":{\"attribute_dydis\":\"XXL - (47-52 cm)\"},\"image_src\":\"\",\"image_link\":\"\",\"image_title\":\"\",\"image_alt\":\"\",\"image_caption\":\"\",\"image_srcset\":\"\",\"image_sizes\":\"\",\"price_html\":\"\",\"availability_html\":\"&lt;p class=\"stock in-stock\"&gt;Turime&lt;\/p&gt;\",\"sku\":\"MTB 1440\",\"weight\":\" kg\",\"dimensions\":\"\",\"min_qty\":1,\"max_qty\":6,\"backorders_allowed\":false,\"is_in_stock\":true,\"is_downloadable\":false,\"is_virtual\":false,\"is_sold_individually\":\"no\",\"variation_description\":\"\",\"image_magnifier\":\"\"}]\">\n<div class=\"table-responsive\"><\/div>\n<\/form>\n","protected":false},"featured_media":30369,"comment_status":"open","ping_status":"closed","template":"","meta":[],"product_brand":[],"product_cat":[1145,1148,1101],"product_tag":[1211,1209,1129,1213,1142,1215,1132,1102,1217],"class_list":{"0":"post-30368","1":"product","2":"type-product","3":"status-publish","4":"has-post-thumbnail","6":"product_cat-ankle-and-lower-leg-splints","7":"product_cat-ankle-and-shin-splints-for-sports","8":"product_cat-braces","9":"product_tag-arthritis","10":"product_tag-arthrosis","11":"product_tag-bort","12":"product_tag-chirna","13":"product_tag-for-sport","14":"product_tag-ligaments","15":"product_tag-orthopaedics","16":"product_tag-splint","17":"product_tag-tendomyopathy","19":"first","20":"instock","21":"taxable","22":"shipping-taxable","23":"purchasable","24":"product-type-variable"},"yoast_head":"<!-- This site is optimized with the Yoast SEO plugin v26.0 - https:\/\/yoast.com\/wordpress\/plugins\/seo\/ -->\n<title>BORT ActiveColor\u00ae Sport ankle brace - Ortopedini\u0173 preki\u0173 parduotuv\u0117 - orto24.lt<\/title>\n<meta name=\"description\" content=\"Sports ankle brace. The anatomically shaped knitted ankle brace optimally clamps and lightly reinforces the ankle joint.\" \/>\n<meta name=\"robots\" content=\"index, follow, max-snippet:-1, max-image-preview:large, max-video-preview:-1\" \/>\n<link rel=\"canonical\" href=\"https:\/\/www.orto24.lt\/en\/produktas\/bort-activecolor-sport-ankle-brace\/\" \/>\n<meta property=\"og:locale\" content=\"en_US\" \/>\n<meta property=\"og:type\" content=\"article\" \/>\n<meta property=\"og:title\" content=\"BORT ActiveColor\u00ae Sport ankle brace - Ortopedini\u0173 preki\u0173 parduotuv\u0117 - orto24.lt\" \/>\n<meta property=\"og:description\" content=\"Sports ankle brace. The anatomically shaped knitted ankle brace optimally clamps and lightly reinforces the ankle joint.\" \/>\n<meta property=\"og:url\" content=\"https:\/\/www.orto24.lt\/en\/produktas\/bort-activecolor-sport-ankle-brace\/\" \/>\n<meta property=\"og:site_name\" content=\"Ortopedini\u0173 preki\u0173 parduotuv\u0117 - orto24.lt\" \/>\n<meta property=\"article:publisher\" content=\"https:\/\/www.facebook.com\/mtsprendimai\/\" \/>\n<meta property=\"og:image\" content=\"https:\/\/www.orto24.lt\/wp-content\/uploads\/2019\/11\/1450SP.jpg\" \/>\n\t<meta property=\"og:image:width\" content=\"500\" \/>\n\t<meta property=\"og:image:height\" content=\"500\" \/>\n\t<meta property=\"og:image:type\" content=\"image\/jpeg\" \/>\n<meta name=\"twitter:card\" content=\"summary_large_image\" \/>\n<script type=\"application\/ld+json\" class=\"yoast-schema-graph\">{\"@context\":\"https:\/\/schema.org\",\"@graph\":[{\"@type\":\"WebPage\",\"@id\":\"https:\/\/www.orto24.lt\/en\/produktas\/bort-activecolor-sport-ankle-brace\/\",\"url\":\"https:\/\/www.orto24.lt\/en\/produktas\/bort-activecolor-sport-ankle-brace\/\",\"name\":\"BORT ActiveColor\u00ae Sport ankle brace - Ortopedini\u0173 preki\u0173 parduotuv\u0117 - orto24.lt\",\"isPartOf\":{\"@id\":\"https:\/\/www.orto24.lt\/en\/#website\"},\"primaryImageOfPage\":{\"@id\":\"https:\/\/www.orto24.lt\/en\/produktas\/bort-activecolor-sport-ankle-brace\/#primaryimage\"},\"image\":{\"@id\":\"https:\/\/www.orto24.lt\/en\/produktas\/bort-activecolor-sport-ankle-brace\/#primaryimage\"},\"thumbnailUrl\":\"https:\/\/www.orto24.lt\/wp-content\/uploads\/2019\/11\/1450SP.jpg\",\"datePublished\":\"2019-11-07T08:37:10+00:00\",\"description\":\"Sports ankle brace. The anatomically shaped knitted ankle brace optimally clamps and lightly reinforces the ankle joint.\",\"breadcrumb\":{\"@id\":\"https:\/\/www.orto24.lt\/en\/produktas\/bort-activecolor-sport-ankle-brace\/#breadcrumb\"},\"inLanguage\":\"en-US\",\"potentialAction\":[{\"@type\":\"ReadAction\",\"target\":[\"https:\/\/www.orto24.lt\/en\/produktas\/bort-activecolor-sport-ankle-brace\/\"]}]},{\"@type\":\"ImageObject\",\"inLanguage\":\"en-US\",\"@id\":\"https:\/\/www.orto24.lt\/en\/produktas\/bort-activecolor-sport-ankle-brace\/#primaryimage\",\"url\":\"https:\/\/www.orto24.lt\/wp-content\/uploads\/2019\/11\/1450SP.jpg\",\"contentUrl\":\"https:\/\/www.orto24.lt\/wp-content\/uploads\/2019\/11\/1450SP.jpg\",\"width\":500,\"height\":500,\"caption\":\"BORT ActiveColor\u00ae Sport ankle brace\"},{\"@type\":\"BreadcrumbList\",\"@id\":\"https:\/\/www.orto24.lt\/en\/produktas\/bort-activecolor-sport-ankle-brace\/#breadcrumb\",\"itemListElement\":[{\"@type\":\"ListItem\",\"position\":1,\"name\":\"Home\",\"item\":\"https:\/\/www.orto24.lt\/en\/\"},{\"@type\":\"ListItem\",\"position\":2,\"name\":\"Shop\",\"item\":\"https:\/\/www.orto24.lt\/en\/shop\/\"},{\"@type\":\"ListItem\",\"position\":3,\"name\":\"BORT ActiveColor\u00ae Sport ankle brace\"}]},{\"@type\":\"WebSite\",\"@id\":\"https:\/\/www.orto24.lt\/en\/#website\",\"url\":\"https:\/\/www.orto24.lt\/en\/\",\"name\":\"Ortopedini\u0173 preki\u0173 parduotuv\u0117 - orto24.lt\",\"description\":\"| orto24.lt\",\"potentialAction\":[{\"@type\":\"SearchAction\",\"target\":{\"@type\":\"EntryPoint\",\"urlTemplate\":\"https:\/\/www.orto24.lt\/en\/?s={search_term_string}\"},\"query-input\":{\"@type\":\"PropertyValueSpecification\",\"valueRequired\":true,\"valueName\":\"search_term_string\"}}],\"inLanguage\":\"en-US\"}]}<\/script>\n<!-- \/ Yoast SEO plugin. -->","yoast_head_json":{"title":"BORT ActiveColor\u00ae Sport ankle brace - Ortopedini\u0173 preki\u0173 parduotuv\u0117 - orto24.lt","description":"Sports ankle brace. The anatomically shaped knitted ankle brace optimally clamps and lightly reinforces the ankle joint.","robots":{"index":"index","follow":"follow","max-snippet":"max-snippet:-1","max-image-preview":"max-image-preview:large","max-video-preview":"max-video-preview:-1"},"canonical":"https:\/\/www.orto24.lt\/en\/produktas\/bort-activecolor-sport-ankle-brace\/","og_locale":"en_US","og_type":"article","og_title":"BORT ActiveColor\u00ae Sport ankle brace - Ortopedini\u0173 preki\u0173 parduotuv\u0117 - orto24.lt","og_description":"Sports ankle brace. The anatomically shaped knitted ankle brace optimally clamps and lightly reinforces the ankle joint.","og_url":"https:\/\/www.orto24.lt\/en\/produktas\/bort-activecolor-sport-ankle-brace\/","og_site_name":"Ortopedini\u0173 preki\u0173 parduotuv\u0117 - orto24.lt","article_publisher":"https:\/\/www.facebook.com\/mtsprendimai\/","og_image":[{"width":500,"height":500,"url":"https:\/\/www.orto24.lt\/wp-content\/uploads\/2019\/11\/1450SP.jpg","type":"image\/jpeg"}],"twitter_card":"summary_large_image","schema":{"@context":"https:\/\/schema.org","@graph":[{"@type":"WebPage","@id":"https:\/\/www.orto24.lt\/en\/produktas\/bort-activecolor-sport-ankle-brace\/","url":"https:\/\/www.orto24.lt\/en\/produktas\/bort-activecolor-sport-ankle-brace\/","name":"BORT ActiveColor\u00ae Sport ankle brace - Ortopedini\u0173 preki\u0173 parduotuv\u0117 - orto24.lt","isPartOf":{"@id":"https:\/\/www.orto24.lt\/en\/#website"},"primaryImageOfPage":{"@id":"https:\/\/www.orto24.lt\/en\/produktas\/bort-activecolor-sport-ankle-brace\/#primaryimage"},"image":{"@id":"https:\/\/www.orto24.lt\/en\/produktas\/bort-activecolor-sport-ankle-brace\/#primaryimage"},"thumbnailUrl":"https:\/\/www.orto24.lt\/wp-content\/uploads\/2019\/11\/1450SP.jpg","datePublished":"2019-11-07T08:37:10+00:00","description":"Sports ankle brace. The anatomically shaped knitted ankle brace optimally clamps and lightly reinforces the ankle joint.","breadcrumb":{"@id":"https:\/\/www.orto24.lt\/en\/produktas\/bort-activecolor-sport-ankle-brace\/#breadcrumb"},"inLanguage":"en-US","potentialAction":[{"@type":"ReadAction","target":["https:\/\/www.orto24.lt\/en\/produktas\/bort-activecolor-sport-ankle-brace\/"]}]},{"@type":"ImageObject","inLanguage":"en-US","@id":"https:\/\/www.orto24.lt\/en\/produktas\/bort-activecolor-sport-ankle-brace\/#primaryimage","url":"https:\/\/www.orto24.lt\/wp-content\/uploads\/2019\/11\/1450SP.jpg","contentUrl":"https:\/\/www.orto24.lt\/wp-content\/uploads\/2019\/11\/1450SP.jpg","width":500,"height":500,"caption":"BORT ActiveColor\u00ae Sport ankle brace"},{"@type":"BreadcrumbList","@id":"https:\/\/www.orto24.lt\/en\/produktas\/bort-activecolor-sport-ankle-brace\/#breadcrumb","itemListElement":[{"@type":"ListItem","position":1,"name":"Home","item":"https:\/\/www.orto24.lt\/en\/"},{"@type":"ListItem","position":2,"name":"Shop","item":"https:\/\/www.orto24.lt\/en\/shop\/"},{"@type":"ListItem","position":3,"name":"BORT ActiveColor\u00ae Sport ankle brace"}]},{"@type":"WebSite","@id":"https:\/\/www.orto24.lt\/en\/#website","url":"https:\/\/www.orto24.lt\/en\/","name":"Ortopedini\u0173 preki\u0173 parduotuv\u0117 - orto24.lt","description":"| orto24.lt","potentialAction":[{"@type":"SearchAction","target":{"@type":"EntryPoint","urlTemplate":"https:\/\/www.orto24.lt\/en\/?s={search_term_string}"},"query-input":{"@type":"PropertyValueSpecification","valueRequired":true,"valueName":"search_term_string"}}],"inLanguage":"en-US"}]}},"_links":{"self":[{"href":"https:\/\/www.orto24.lt\/en\/wp-json\/wp\/v2\/product\/30368","targetHints":{"allow":["GET"]}}],"collection":[{"href":"https:\/\/www.orto24.lt\/en\/wp-json\/wp\/v2\/product"}],"about":[{"href":"https:\/\/www.orto24.lt\/en\/wp-json\/wp\/v2\/types\/product"}],"replies":[{"embeddable":true,"href":"https:\/\/www.orto24.lt\/en\/wp-json\/wp\/v2\/comments?post=30368"}],"version-history":[{"count":0,"href":"https:\/\/www.orto24.lt\/en\/wp-json\/wp\/v2\/product\/30368\/revisions"}],"wp:featuredmedia":[{"embeddable":true,"href":"https:\/\/www.orto24.lt\/en\/wp-json\/wp\/v2\/media\/30369"}],"wp:attachment":[{"href":"https:\/\/www.orto24.lt\/en\/wp-json\/wp\/v2\/media?parent=30368"}],"wp:term":[{"taxonomy":"product_brand","embeddable":true,"href":"https:\/\/www.orto24.lt\/en\/wp-json\/wp\/v2\/product_brand?post=30368"},{"taxonomy":"product_cat","embeddable":true,"href":"https:\/\/www.orto24.lt\/en\/wp-json\/wp\/v2\/product_cat?post=30368"},{"taxonomy":"product_tag","embeddable":true,"href":"https:\/\/www.orto24.lt\/en\/wp-json\/wp\/v2\/product_tag?post=30368"}],"curies":[{"name":"wp","href":"https:\/\/api.w.org\/{rel}","templated":true}]}}