{"id":30413,"date":"2020-01-24T09:23:34","date_gmt":"2020-01-24T09:23:34","guid":{"rendered":"https:\/\/www.orto24.lt\/produktas\/myprim-kids-ankle-brace-for-children\/"},"modified":"2020-01-24T09:23:34","modified_gmt":"2020-01-24T09:23:34","slug":"myprim-kids-ankle-brace-for-children","status":"publish","type":"product","link":"https:\/\/www.orto24.lt\/en\/produktas\/myprim-kids-ankle-brace-for-children\/","title":{"rendered":"MyPrim Kids ankle brace for children"},"content":{"rendered":"<p>Children&#8217;s splint for stabilising and fitting the ankle joint.<\/p>\n<ul>\n<li>The anterior cruciate bands give stability to the ankle.<\/li>\n<li>The open heel gives a feeling of comfort, allows the splint to adapt more closely to the body and makes walking easier.<\/li>\n<li>&#8220;Velcro fasteners allow you to adjust the tension of the splint as needed.<\/li>\n<li>Suitable for both left and right foot.<\/li>\n<li>&#8220;Friendly Skin Technology is a seamless technology that provides maximum comfort and prevents abrasions.<\/li>\n<li>The splint is breathable.<\/li>\n<li>Latex-free.<\/li>\n<\/ul>\n<p>&nbsp;<\/p>\n<p>Ankle measurement location:<\/p>\n<p><a href=\"https:\/\/www.orto24.lt\/wp-content\/uploads\/2020\/01\/myprim-%C4%8Diuna.jpg\"><img decoding=\"async\" class=\"wp-image-11664 alignleft\" src=\"https:\/\/www.orto24.lt\/wp-content\/uploads\/2020\/01\/myprim-%C4%8Diuna.jpg\" alt=\"\" width=\"139\" height=\"147\"><\/a><\/p>\n<p>&nbsp;<\/p>\n<p>&nbsp;<\/p>\n<p>&nbsp;<\/p>\n<p>&nbsp;<\/p>\n<p>&nbsp;<\/p>\n","protected":false},"excerpt":{"rendered":"<p>&nbsp;<\/p>\n<p>Children&#8217;s splint to stabilise and support the ankle joint.<\/p>\n<p><img fetchpriority=\"high\" decoding=\"async\" class=\"alignnone size-full wp-image-6530\" src=\"https:\/\/www.orto24.lt\/wp-content\/uploads\/2016\/03\/primlog.png\" alt=\"\" width=\"325\" height=\"227\" srcset=\"https:\/\/www.orto24.lt\/wp-content\/uploads\/2016\/03\/primlog.png 325w, https:\/\/www.orto24.lt\/wp-content\/uploads\/2016\/03\/primlog-150x105.png 150w, https:\/\/www.orto24.lt\/wp-content\/uploads\/2016\/03\/primlog-300x210.png 300w, https:\/\/www.orto24.lt\/wp-content\/uploads\/2016\/03\/primlog-24x17.png 24w, https:\/\/www.orto24.lt\/wp-content\/uploads\/2016\/03\/primlog-36x25.png 36w, https:\/\/www.orto24.lt\/wp-content\/uploads\/2016\/03\/primlog-48x34.png 48w\" sizes=\"(max-width: 325px) 100vw, 325px\" \/><\/p>\n","protected":false},"featured_media":30419,"comment_status":"open","ping_status":"closed","template":"","meta":[],"product_brand":[],"product_cat":[1145,1101,1302],"product_tag":[1152,1143,1411,1303,1304,1413,1412,1112,1187,1195],"class_list":{"0":"post-30413","1":"product","2":"type-product","3":"status-publish","4":"has-post-thumbnail","6":"product_cat-ankle-and-lower-leg-splints","7":"product_cat-braces","8":"product_cat-splints-for-children","9":"product_tag-ankle-splint","10":"product_tag-ankles","11":"product_tag-children","12":"product_tag-childrens","13":"product_tag-for-child","14":"product_tag-for-sprain-and-strain","15":"product_tag-leg-splint","16":"product_tag-see","17":"product_tag-sprain","18":"product_tag-sprain-of-ligaments","20":"first","21":"instock","22":"taxable","23":"shipping-taxable","24":"purchasable","25":"product-type-variable"},"yoast_head":"<!-- This site is optimized with the Yoast SEO plugin v26.0 - https:\/\/yoast.com\/wordpress\/plugins\/seo\/ -->\n<title>MyPrim Kids ankle brace for children - Ortopedini\u0173 preki\u0173 parduotuv\u0117 - orto24.lt<\/title>\n<meta name=\"robots\" content=\"index, follow, max-snippet:-1, max-image-preview:large, max-video-preview:-1\" \/>\n<link rel=\"canonical\" href=\"https:\/\/www.orto24.lt\/en\/produktas\/myprim-kids-ankle-brace-for-children\/\" \/>\n<meta property=\"og:locale\" content=\"en_US\" \/>\n<meta property=\"og:type\" content=\"article\" \/>\n<meta property=\"og:title\" content=\"MyPrim Kids ankle brace for children - Ortopedini\u0173 preki\u0173 parduotuv\u0117 - orto24.lt\" \/>\n<meta property=\"og:description\" content=\"&nbsp; Children&#039;s splint to stabilise and support the ankle joint.\" \/>\n<meta property=\"og:url\" content=\"https:\/\/www.orto24.lt\/en\/produktas\/myprim-kids-ankle-brace-for-children\/\" \/>\n<meta property=\"og:site_name\" content=\"Ortopedini\u0173 preki\u0173 parduotuv\u0117 - orto24.lt\" \/>\n<meta property=\"article:publisher\" content=\"https:\/\/www.facebook.com\/mtsprendimai\/\" \/>\n<meta property=\"og:image\" content=\"https:\/\/www.orto24.lt\/wp-content\/uploads\/2020\/01\/primkids-\u010diurna-e1579854572402.jpg\" \/>\n\t<meta property=\"og:image:width\" content=\"1000\" \/>\n\t<meta property=\"og:image:height\" content=\"1000\" \/>\n\t<meta property=\"og:image:type\" content=\"image\/jpeg\" \/>\n<meta name=\"twitter:card\" content=\"summary_large_image\" \/>\n<script type=\"application\/ld+json\" class=\"yoast-schema-graph\">{\"@context\":\"https:\/\/schema.org\",\"@graph\":[{\"@type\":\"WebPage\",\"@id\":\"https:\/\/www.orto24.lt\/en\/produktas\/myprim-kids-ankle-brace-for-children\/\",\"url\":\"https:\/\/www.orto24.lt\/en\/produktas\/myprim-kids-ankle-brace-for-children\/\",\"name\":\"MyPrim Kids ankle brace for children - Ortopedini\u0173 preki\u0173 parduotuv\u0117 - orto24.lt\",\"isPartOf\":{\"@id\":\"https:\/\/www.orto24.lt\/en\/#website\"},\"primaryImageOfPage\":{\"@id\":\"https:\/\/www.orto24.lt\/en\/produktas\/myprim-kids-ankle-brace-for-children\/#primaryimage\"},\"image\":{\"@id\":\"https:\/\/www.orto24.lt\/en\/produktas\/myprim-kids-ankle-brace-for-children\/#primaryimage\"},\"thumbnailUrl\":\"https:\/\/www.orto24.lt\/wp-content\/uploads\/2020\/01\/primkids-\u010diurna-e1579854572402.jpg\",\"datePublished\":\"2020-01-24T09:23:34+00:00\",\"breadcrumb\":{\"@id\":\"https:\/\/www.orto24.lt\/en\/produktas\/myprim-kids-ankle-brace-for-children\/#breadcrumb\"},\"inLanguage\":\"en-US\",\"potentialAction\":[{\"@type\":\"ReadAction\",\"target\":[\"https:\/\/www.orto24.lt\/en\/produktas\/myprim-kids-ankle-brace-for-children\/\"]}]},{\"@type\":\"ImageObject\",\"inLanguage\":\"en-US\",\"@id\":\"https:\/\/www.orto24.lt\/en\/produktas\/myprim-kids-ankle-brace-for-children\/#primaryimage\",\"url\":\"https:\/\/www.orto24.lt\/wp-content\/uploads\/2020\/01\/primkids-\u010diurna-e1579854572402.jpg\",\"contentUrl\":\"https:\/\/www.orto24.lt\/wp-content\/uploads\/2020\/01\/primkids-\u010diurna-e1579854572402.jpg\",\"width\":1000,\"height\":1000,\"caption\":\"MyPrim Kids ankle brace for children\"},{\"@type\":\"BreadcrumbList\",\"@id\":\"https:\/\/www.orto24.lt\/en\/produktas\/myprim-kids-ankle-brace-for-children\/#breadcrumb\",\"itemListElement\":[{\"@type\":\"ListItem\",\"position\":1,\"name\":\"Home\",\"item\":\"https:\/\/www.orto24.lt\/en\/\"},{\"@type\":\"ListItem\",\"position\":2,\"name\":\"Shop\",\"item\":\"https:\/\/www.orto24.lt\/en\/shop\/\"},{\"@type\":\"ListItem\",\"position\":3,\"name\":\"MyPrim Kids ankle brace for children\"}]},{\"@type\":\"WebSite\",\"@id\":\"https:\/\/www.orto24.lt\/en\/#website\",\"url\":\"https:\/\/www.orto24.lt\/en\/\",\"name\":\"Ortopedini\u0173 preki\u0173 parduotuv\u0117 - orto24.lt\",\"description\":\"| orto24.lt\",\"potentialAction\":[{\"@type\":\"SearchAction\",\"target\":{\"@type\":\"EntryPoint\",\"urlTemplate\":\"https:\/\/www.orto24.lt\/en\/?s={search_term_string}\"},\"query-input\":{\"@type\":\"PropertyValueSpecification\",\"valueRequired\":true,\"valueName\":\"search_term_string\"}}],\"inLanguage\":\"en-US\"}]}<\/script>\n<!-- \/ Yoast SEO plugin. -->","yoast_head_json":{"title":"MyPrim Kids ankle brace for children - Ortopedini\u0173 preki\u0173 parduotuv\u0117 - orto24.lt","robots":{"index":"index","follow":"follow","max-snippet":"max-snippet:-1","max-image-preview":"max-image-preview:large","max-video-preview":"max-video-preview:-1"},"canonical":"https:\/\/www.orto24.lt\/en\/produktas\/myprim-kids-ankle-brace-for-children\/","og_locale":"en_US","og_type":"article","og_title":"MyPrim Kids ankle brace for children - Ortopedini\u0173 preki\u0173 parduotuv\u0117 - orto24.lt","og_description":"&nbsp; Children's splint to stabilise and support the ankle joint.","og_url":"https:\/\/www.orto24.lt\/en\/produktas\/myprim-kids-ankle-brace-for-children\/","og_site_name":"Ortopedini\u0173 preki\u0173 parduotuv\u0117 - orto24.lt","article_publisher":"https:\/\/www.facebook.com\/mtsprendimai\/","og_image":[{"width":1000,"height":1000,"url":"https:\/\/www.orto24.lt\/wp-content\/uploads\/2020\/01\/primkids-\u010diurna-e1579854572402.jpg","type":"image\/jpeg"}],"twitter_card":"summary_large_image","schema":{"@context":"https:\/\/schema.org","@graph":[{"@type":"WebPage","@id":"https:\/\/www.orto24.lt\/en\/produktas\/myprim-kids-ankle-brace-for-children\/","url":"https:\/\/www.orto24.lt\/en\/produktas\/myprim-kids-ankle-brace-for-children\/","name":"MyPrim Kids ankle brace for children - Ortopedini\u0173 preki\u0173 parduotuv\u0117 - orto24.lt","isPartOf":{"@id":"https:\/\/www.orto24.lt\/en\/#website"},"primaryImageOfPage":{"@id":"https:\/\/www.orto24.lt\/en\/produktas\/myprim-kids-ankle-brace-for-children\/#primaryimage"},"image":{"@id":"https:\/\/www.orto24.lt\/en\/produktas\/myprim-kids-ankle-brace-for-children\/#primaryimage"},"thumbnailUrl":"https:\/\/www.orto24.lt\/wp-content\/uploads\/2020\/01\/primkids-\u010diurna-e1579854572402.jpg","datePublished":"2020-01-24T09:23:34+00:00","breadcrumb":{"@id":"https:\/\/www.orto24.lt\/en\/produktas\/myprim-kids-ankle-brace-for-children\/#breadcrumb"},"inLanguage":"en-US","potentialAction":[{"@type":"ReadAction","target":["https:\/\/www.orto24.lt\/en\/produktas\/myprim-kids-ankle-brace-for-children\/"]}]},{"@type":"ImageObject","inLanguage":"en-US","@id":"https:\/\/www.orto24.lt\/en\/produktas\/myprim-kids-ankle-brace-for-children\/#primaryimage","url":"https:\/\/www.orto24.lt\/wp-content\/uploads\/2020\/01\/primkids-\u010diurna-e1579854572402.jpg","contentUrl":"https:\/\/www.orto24.lt\/wp-content\/uploads\/2020\/01\/primkids-\u010diurna-e1579854572402.jpg","width":1000,"height":1000,"caption":"MyPrim Kids ankle brace for children"},{"@type":"BreadcrumbList","@id":"https:\/\/www.orto24.lt\/en\/produktas\/myprim-kids-ankle-brace-for-children\/#breadcrumb","itemListElement":[{"@type":"ListItem","position":1,"name":"Home","item":"https:\/\/www.orto24.lt\/en\/"},{"@type":"ListItem","position":2,"name":"Shop","item":"https:\/\/www.orto24.lt\/en\/shop\/"},{"@type":"ListItem","position":3,"name":"MyPrim Kids ankle brace for children"}]},{"@type":"WebSite","@id":"https:\/\/www.orto24.lt\/en\/#website","url":"https:\/\/www.orto24.lt\/en\/","name":"Ortopedini\u0173 preki\u0173 parduotuv\u0117 - orto24.lt","description":"| orto24.lt","potentialAction":[{"@type":"SearchAction","target":{"@type":"EntryPoint","urlTemplate":"https:\/\/www.orto24.lt\/en\/?s={search_term_string}"},"query-input":{"@type":"PropertyValueSpecification","valueRequired":true,"valueName":"search_term_string"}}],"inLanguage":"en-US"}]}},"_links":{"self":[{"href":"https:\/\/www.orto24.lt\/en\/wp-json\/wp\/v2\/product\/30413","targetHints":{"allow":["GET"]}}],"collection":[{"href":"https:\/\/www.orto24.lt\/en\/wp-json\/wp\/v2\/product"}],"about":[{"href":"https:\/\/www.orto24.lt\/en\/wp-json\/wp\/v2\/types\/product"}],"replies":[{"embeddable":true,"href":"https:\/\/www.orto24.lt\/en\/wp-json\/wp\/v2\/comments?post=30413"}],"version-history":[{"count":0,"href":"https:\/\/www.orto24.lt\/en\/wp-json\/wp\/v2\/product\/30413\/revisions"}],"wp:featuredmedia":[{"embeddable":true,"href":"https:\/\/www.orto24.lt\/en\/wp-json\/wp\/v2\/media\/30419"}],"wp:attachment":[{"href":"https:\/\/www.orto24.lt\/en\/wp-json\/wp\/v2\/media?parent=30413"}],"wp:term":[{"taxonomy":"product_brand","embeddable":true,"href":"https:\/\/www.orto24.lt\/en\/wp-json\/wp\/v2\/product_brand?post=30413"},{"taxonomy":"product_cat","embeddable":true,"href":"https:\/\/www.orto24.lt\/en\/wp-json\/wp\/v2\/product_cat?post=30413"},{"taxonomy":"product_tag","embeddable":true,"href":"https:\/\/www.orto24.lt\/en\/wp-json\/wp\/v2\/product_tag?post=30413"}],"curies":[{"name":"wp","href":"https:\/\/api.w.org\/{rel}","templated":true}]}}