{"id":30429,"date":"2020-01-24T09:35:16","date_gmt":"2020-01-24T09:35:16","guid":{"rendered":"https:\/\/www.orto24.lt\/produktas\/myprim-kids-kids-posture-corrector\/"},"modified":"2020-01-24T09:35:16","modified_gmt":"2020-01-24T09:35:16","slug":"myprim-kids-kids-posture-corrector","status":"publish","type":"product","link":"https:\/\/www.orto24.lt\/en\/produktas\/myprim-kids-kids-posture-corrector\/","title":{"rendered":"MyPrim Kids Kids Posture Corrector"},"content":{"rendered":"<p>Children&#8217;s posture corrector that immobilises the shoulder blades and ensures correct posture.<\/p>\n<ul>\n<li>Extra padding at the underarms provides a comfortable fit and prevents chafing.<\/li>\n<li>&#8220;Velcro fasteners allow you to adjust the tension of the splint as needed.<\/li>\n<li>&#8220;Friendly Skin Technology is a seamless technology that provides maximum comfort and prevents abrasions.<\/li>\n<li>The splint is breathable.<\/li>\n<li>Latex-free.<\/li>\n<\/ul>\n<p>&nbsp;<\/p>\n<p>Chest measurement site:<\/p>\n<p><a href=\"https:\/\/www.orto24.lt\/wp-content\/uploads\/2020\/01\/myprim-korektorius.jpg\"><img decoding=\"async\" class=\"alignnone wp-image-11672\" src=\"https:\/\/www.orto24.lt\/wp-content\/uploads\/2020\/01\/myprim-korektorius.jpg\" alt=\"\" width=\"147\" height=\"155\" srcset=\"https:\/\/www.orto24.lt\/wp-content\/uploads\/2020\/01\/myprim-korektorius.jpg 1000w, https:\/\/www.orto24.lt\/wp-content\/uploads\/2020\/01\/myprim-korektorius-150x159.jpg 150w, https:\/\/www.orto24.lt\/wp-content\/uploads\/2020\/01\/myprim-korektorius-500x529.jpg 500w, https:\/\/www.orto24.lt\/wp-content\/uploads\/2020\/01\/myprim-korektorius-284x300.jpg 284w, https:\/\/www.orto24.lt\/wp-content\/uploads\/2020\/01\/myprim-korektorius-969x1024.jpg 969w, https:\/\/www.orto24.lt\/wp-content\/uploads\/2020\/01\/myprim-korektorius-768x812.jpg 768w, https:\/\/www.orto24.lt\/wp-content\/uploads\/2020\/01\/myprim-korektorius-980x1036.jpg 980w, https:\/\/www.orto24.lt\/wp-content\/uploads\/2020\/01\/myprim-korektorius-480x507.jpg 480w, https:\/\/www.orto24.lt\/wp-content\/uploads\/2020\/01\/myprim-korektorius-510x539.jpg 510w\" sizes=\"(max-width: 147px) 100vw, 147px\" \/><\/a><\/p>\n<p>&nbsp;<\/p>\n<p>&nbsp;<\/p>\n<p>&nbsp;<\/p>\n<p>&nbsp;<\/p>\n<p>&nbsp;<\/p>\n","protected":false},"excerpt":{"rendered":"<p>&nbsp;<\/p>\n<p>Children&#8217;s posture corrector that mobilises the shoulder blades and ensures correct posture.<\/p>\n<p><img fetchpriority=\"high\" decoding=\"async\" class=\"alignnone size-full wp-image-6530\" src=\"https:\/\/www.orto24.lt\/wp-content\/uploads\/2016\/03\/primlog.png\" alt=\"\" width=\"325\" height=\"227\" srcset=\"https:\/\/www.orto24.lt\/wp-content\/uploads\/2016\/03\/primlog.png 325w, https:\/\/www.orto24.lt\/wp-content\/uploads\/2016\/03\/primlog-150x105.png 150w, https:\/\/www.orto24.lt\/wp-content\/uploads\/2016\/03\/primlog-300x210.png 300w, https:\/\/www.orto24.lt\/wp-content\/uploads\/2016\/03\/primlog-24x17.png 24w, https:\/\/www.orto24.lt\/wp-content\/uploads\/2016\/03\/primlog-36x25.png 36w, https:\/\/www.orto24.lt\/wp-content\/uploads\/2016\/03\/primlog-48x34.png 48w\" sizes=\"(max-width: 325px) 100vw, 325px\" \/><\/p>\n","protected":false},"featured_media":30432,"comment_status":"open","ping_status":"closed","template":"","meta":[],"product_brand":[],"product_cat":[1101,1115,1302],"product_tag":[1414,1125,1303,1415,1304,1355,1107,1112,1113],"class_list":{"0":"post-30429","1":"product","2":"type-product","3":"status-publish","4":"has-post-thumbnail","6":"product_cat-braces","7":"product_cat-posture-correctors","8":"product_cat-splints-for-children","9":"product_tag-adjuster","10":"product_tag-back-splint","11":"product_tag-childrens","12":"product_tag-for-blades","13":"product_tag-for-child","14":"product_tag-pecs","15":"product_tag-posture-corrector","16":"product_tag-see","17":"product_tag-spider","19":"first","20":"instock","21":"featured","22":"taxable","23":"shipping-taxable","24":"purchasable","25":"product-type-variable"},"yoast_head":"<!-- This site is optimized with the Yoast SEO plugin v26.0 - https:\/\/yoast.com\/wordpress\/plugins\/seo\/ -->\n<title>MyPrim Kids Kids Posture Corrector - Ortopedini\u0173 preki\u0173 parduotuv\u0117 - orto24.lt<\/title>\n<meta name=\"description\" content=\"Children&#039;s posture corrector that mobilises the shoulder blades and ensures correct posture.\" \/>\n<meta name=\"robots\" content=\"index, follow, max-snippet:-1, max-image-preview:large, max-video-preview:-1\" \/>\n<link rel=\"canonical\" href=\"https:\/\/www.orto24.lt\/en\/produktas\/myprim-kids-kids-posture-corrector\/\" \/>\n<meta property=\"og:locale\" content=\"en_US\" \/>\n<meta property=\"og:type\" content=\"article\" \/>\n<meta property=\"og:title\" content=\"MyPrim Kids Kids Posture Corrector - Ortopedini\u0173 preki\u0173 parduotuv\u0117 - orto24.lt\" \/>\n<meta property=\"og:description\" content=\"Children&#039;s posture corrector that mobilises the shoulder blades and ensures correct posture.\" \/>\n<meta property=\"og:url\" content=\"https:\/\/www.orto24.lt\/en\/produktas\/myprim-kids-kids-posture-corrector\/\" \/>\n<meta property=\"og:site_name\" content=\"Ortopedini\u0173 preki\u0173 parduotuv\u0117 - orto24.lt\" \/>\n<meta property=\"article:publisher\" content=\"https:\/\/www.facebook.com\/mtsprendimai\/\" \/>\n<meta property=\"og:image\" content=\"https:\/\/www.orto24.lt\/wp-content\/uploads\/2020\/01\/primkids-korektorius-e1579863959863.jpg\" \/>\n\t<meta property=\"og:image:width\" content=\"990\" \/>\n\t<meta property=\"og:image:height\" content=\"1003\" \/>\n\t<meta property=\"og:image:type\" content=\"image\/jpeg\" \/>\n<meta name=\"twitter:card\" content=\"summary_large_image\" \/>\n<script type=\"application\/ld+json\" class=\"yoast-schema-graph\">{\"@context\":\"https:\/\/schema.org\",\"@graph\":[{\"@type\":\"WebPage\",\"@id\":\"https:\/\/www.orto24.lt\/en\/produktas\/myprim-kids-kids-posture-corrector\/\",\"url\":\"https:\/\/www.orto24.lt\/en\/produktas\/myprim-kids-kids-posture-corrector\/\",\"name\":\"MyPrim Kids Kids Posture Corrector - Ortopedini\u0173 preki\u0173 parduotuv\u0117 - orto24.lt\",\"isPartOf\":{\"@id\":\"https:\/\/www.orto24.lt\/en\/#website\"},\"primaryImageOfPage\":{\"@id\":\"https:\/\/www.orto24.lt\/en\/produktas\/myprim-kids-kids-posture-corrector\/#primaryimage\"},\"image\":{\"@id\":\"https:\/\/www.orto24.lt\/en\/produktas\/myprim-kids-kids-posture-corrector\/#primaryimage\"},\"thumbnailUrl\":\"https:\/\/www.orto24.lt\/wp-content\/uploads\/2020\/01\/primkids-korektorius-e1579863959863.jpg\",\"datePublished\":\"2020-01-24T09:35:16+00:00\",\"description\":\"Children's posture corrector that mobilises the shoulder blades and ensures correct posture.\",\"breadcrumb\":{\"@id\":\"https:\/\/www.orto24.lt\/en\/produktas\/myprim-kids-kids-posture-corrector\/#breadcrumb\"},\"inLanguage\":\"en-US\",\"potentialAction\":[{\"@type\":\"ReadAction\",\"target\":[\"https:\/\/www.orto24.lt\/en\/produktas\/myprim-kids-kids-posture-corrector\/\"]}]},{\"@type\":\"ImageObject\",\"inLanguage\":\"en-US\",\"@id\":\"https:\/\/www.orto24.lt\/en\/produktas\/myprim-kids-kids-posture-corrector\/#primaryimage\",\"url\":\"https:\/\/www.orto24.lt\/wp-content\/uploads\/2020\/01\/primkids-korektorius-e1579863959863.jpg\",\"contentUrl\":\"https:\/\/www.orto24.lt\/wp-content\/uploads\/2020\/01\/primkids-korektorius-e1579863959863.jpg\",\"width\":990,\"height\":1003,\"caption\":\"MyPrim Kids Posture Corrector for children\"},{\"@type\":\"BreadcrumbList\",\"@id\":\"https:\/\/www.orto24.lt\/en\/produktas\/myprim-kids-kids-posture-corrector\/#breadcrumb\",\"itemListElement\":[{\"@type\":\"ListItem\",\"position\":1,\"name\":\"Home\",\"item\":\"https:\/\/www.orto24.lt\/en\/\"},{\"@type\":\"ListItem\",\"position\":2,\"name\":\"Shop\",\"item\":\"https:\/\/www.orto24.lt\/en\/shop\/\"},{\"@type\":\"ListItem\",\"position\":3,\"name\":\"MyPrim Kids Kids Posture Corrector\"}]},{\"@type\":\"WebSite\",\"@id\":\"https:\/\/www.orto24.lt\/en\/#website\",\"url\":\"https:\/\/www.orto24.lt\/en\/\",\"name\":\"Ortopedini\u0173 preki\u0173 parduotuv\u0117 - orto24.lt\",\"description\":\"| orto24.lt\",\"potentialAction\":[{\"@type\":\"SearchAction\",\"target\":{\"@type\":\"EntryPoint\",\"urlTemplate\":\"https:\/\/www.orto24.lt\/en\/?s={search_term_string}\"},\"query-input\":{\"@type\":\"PropertyValueSpecification\",\"valueRequired\":true,\"valueName\":\"search_term_string\"}}],\"inLanguage\":\"en-US\"}]}<\/script>\n<!-- \/ Yoast SEO plugin. -->","yoast_head_json":{"title":"MyPrim Kids Kids Posture Corrector - Ortopedini\u0173 preki\u0173 parduotuv\u0117 - orto24.lt","description":"Children's posture corrector that mobilises the shoulder blades and ensures correct posture.","robots":{"index":"index","follow":"follow","max-snippet":"max-snippet:-1","max-image-preview":"max-image-preview:large","max-video-preview":"max-video-preview:-1"},"canonical":"https:\/\/www.orto24.lt\/en\/produktas\/myprim-kids-kids-posture-corrector\/","og_locale":"en_US","og_type":"article","og_title":"MyPrim Kids Kids Posture Corrector - Ortopedini\u0173 preki\u0173 parduotuv\u0117 - orto24.lt","og_description":"Children's posture corrector that mobilises the shoulder blades and ensures correct posture.","og_url":"https:\/\/www.orto24.lt\/en\/produktas\/myprim-kids-kids-posture-corrector\/","og_site_name":"Ortopedini\u0173 preki\u0173 parduotuv\u0117 - orto24.lt","article_publisher":"https:\/\/www.facebook.com\/mtsprendimai\/","og_image":[{"width":990,"height":1003,"url":"https:\/\/www.orto24.lt\/wp-content\/uploads\/2020\/01\/primkids-korektorius-e1579863959863.jpg","type":"image\/jpeg"}],"twitter_card":"summary_large_image","schema":{"@context":"https:\/\/schema.org","@graph":[{"@type":"WebPage","@id":"https:\/\/www.orto24.lt\/en\/produktas\/myprim-kids-kids-posture-corrector\/","url":"https:\/\/www.orto24.lt\/en\/produktas\/myprim-kids-kids-posture-corrector\/","name":"MyPrim Kids Kids Posture Corrector - Ortopedini\u0173 preki\u0173 parduotuv\u0117 - orto24.lt","isPartOf":{"@id":"https:\/\/www.orto24.lt\/en\/#website"},"primaryImageOfPage":{"@id":"https:\/\/www.orto24.lt\/en\/produktas\/myprim-kids-kids-posture-corrector\/#primaryimage"},"image":{"@id":"https:\/\/www.orto24.lt\/en\/produktas\/myprim-kids-kids-posture-corrector\/#primaryimage"},"thumbnailUrl":"https:\/\/www.orto24.lt\/wp-content\/uploads\/2020\/01\/primkids-korektorius-e1579863959863.jpg","datePublished":"2020-01-24T09:35:16+00:00","description":"Children's posture corrector that mobilises the shoulder blades and ensures correct posture.","breadcrumb":{"@id":"https:\/\/www.orto24.lt\/en\/produktas\/myprim-kids-kids-posture-corrector\/#breadcrumb"},"inLanguage":"en-US","potentialAction":[{"@type":"ReadAction","target":["https:\/\/www.orto24.lt\/en\/produktas\/myprim-kids-kids-posture-corrector\/"]}]},{"@type":"ImageObject","inLanguage":"en-US","@id":"https:\/\/www.orto24.lt\/en\/produktas\/myprim-kids-kids-posture-corrector\/#primaryimage","url":"https:\/\/www.orto24.lt\/wp-content\/uploads\/2020\/01\/primkids-korektorius-e1579863959863.jpg","contentUrl":"https:\/\/www.orto24.lt\/wp-content\/uploads\/2020\/01\/primkids-korektorius-e1579863959863.jpg","width":990,"height":1003,"caption":"MyPrim Kids Posture Corrector for children"},{"@type":"BreadcrumbList","@id":"https:\/\/www.orto24.lt\/en\/produktas\/myprim-kids-kids-posture-corrector\/#breadcrumb","itemListElement":[{"@type":"ListItem","position":1,"name":"Home","item":"https:\/\/www.orto24.lt\/en\/"},{"@type":"ListItem","position":2,"name":"Shop","item":"https:\/\/www.orto24.lt\/en\/shop\/"},{"@type":"ListItem","position":3,"name":"MyPrim Kids Kids Posture Corrector"}]},{"@type":"WebSite","@id":"https:\/\/www.orto24.lt\/en\/#website","url":"https:\/\/www.orto24.lt\/en\/","name":"Ortopedini\u0173 preki\u0173 parduotuv\u0117 - orto24.lt","description":"| orto24.lt","potentialAction":[{"@type":"SearchAction","target":{"@type":"EntryPoint","urlTemplate":"https:\/\/www.orto24.lt\/en\/?s={search_term_string}"},"query-input":{"@type":"PropertyValueSpecification","valueRequired":true,"valueName":"search_term_string"}}],"inLanguage":"en-US"}]}},"_links":{"self":[{"href":"https:\/\/www.orto24.lt\/en\/wp-json\/wp\/v2\/product\/30429","targetHints":{"allow":["GET"]}}],"collection":[{"href":"https:\/\/www.orto24.lt\/en\/wp-json\/wp\/v2\/product"}],"about":[{"href":"https:\/\/www.orto24.lt\/en\/wp-json\/wp\/v2\/types\/product"}],"replies":[{"embeddable":true,"href":"https:\/\/www.orto24.lt\/en\/wp-json\/wp\/v2\/comments?post=30429"}],"version-history":[{"count":0,"href":"https:\/\/www.orto24.lt\/en\/wp-json\/wp\/v2\/product\/30429\/revisions"}],"wp:featuredmedia":[{"embeddable":true,"href":"https:\/\/www.orto24.lt\/en\/wp-json\/wp\/v2\/media\/30432"}],"wp:attachment":[{"href":"https:\/\/www.orto24.lt\/en\/wp-json\/wp\/v2\/media?parent=30429"}],"wp:term":[{"taxonomy":"product_brand","embeddable":true,"href":"https:\/\/www.orto24.lt\/en\/wp-json\/wp\/v2\/product_brand?post=30429"},{"taxonomy":"product_cat","embeddable":true,"href":"https:\/\/www.orto24.lt\/en\/wp-json\/wp\/v2\/product_cat?post=30429"},{"taxonomy":"product_tag","embeddable":true,"href":"https:\/\/www.orto24.lt\/en\/wp-json\/wp\/v2\/product_tag?post=30429"}],"curies":[{"name":"wp","href":"https:\/\/api.w.org\/{rel}","templated":true}]}}