{"id":30440,"date":"2020-01-24T11:10:33","date_gmt":"2020-01-24T11:10:33","guid":{"rendered":"https:\/\/www.orto24.lt\/produktas\/myprim-kids-knee-splint\/"},"modified":"2020-01-24T11:10:33","modified_gmt":"2020-01-24T11:10:33","slug":"myprim-kids-knee-splint","status":"publish","type":"product","link":"https:\/\/www.orto24.lt\/en\/produktas\/myprim-kids-knee-splint\/","title":{"rendered":"MyPrim Kids Knee Splint"},"content":{"rendered":"<p>A children&#8217;s knee brace that centres and stabilises the kneecap and keeps the knee from twisting sideways.<\/p>\n<ul>\n<li>The removable kneecap ring stabilises and centres the kneecap.<\/li>\n<li>The size 2 splint comes with an additional silicone insert that presses on the patellar tendon to reduce pain.<\/li>\n<li>The lateral bands stabilise the knee joint and prevent the knee from moving irregularly.<\/li>\n<li>Open lower leg area.<\/li>\n<li>The texture of the inner material prevents the splint from sliding down.<\/li>\n<li>&#8220;Velcro fasteners allow you to adjust the tension of the splint as needed.<\/li>\n<li>&#8220;Friendly Skin Technology is a seamless technology that provides maximum comfort and prevents abrasions.<\/li>\n<li>Suitable for both left and right foot.<\/li>\n<li>The splint is breathable.<\/li>\n<li>Latex-free.<\/li>\n<\/ul>\n<p>&nbsp;<\/p>\n<p>Location of the road measurement:<\/p>\n<p><a href=\"https:\/\/www.orto24.lt\/wp-content\/uploads\/2020\/01\/myprim-kelias.jpg\"><img decoding=\"async\" class=\"alignnone wp-image-11678\" src=\"https:\/\/www.orto24.lt\/wp-content\/uploads\/2020\/01\/myprim-kelias.jpg\" alt=\"\" width=\"147\" height=\"156\" srcset=\"https:\/\/www.orto24.lt\/wp-content\/uploads\/2020\/01\/myprim-kelias.jpg 1000w, https:\/\/www.orto24.lt\/wp-content\/uploads\/2020\/01\/myprim-kelias-150x159.jpg 150w, https:\/\/www.orto24.lt\/wp-content\/uploads\/2020\/01\/myprim-kelias-500x529.jpg 500w, https:\/\/www.orto24.lt\/wp-content\/uploads\/2020\/01\/myprim-kelias-284x300.jpg 284w, https:\/\/www.orto24.lt\/wp-content\/uploads\/2020\/01\/myprim-kelias-969x1024.jpg 969w, https:\/\/www.orto24.lt\/wp-content\/uploads\/2020\/01\/myprim-kelias-768x812.jpg 768w, https:\/\/www.orto24.lt\/wp-content\/uploads\/2020\/01\/myprim-kelias-980x1036.jpg 980w, https:\/\/www.orto24.lt\/wp-content\/uploads\/2020\/01\/myprim-kelias-480x507.jpg 480w, https:\/\/www.orto24.lt\/wp-content\/uploads\/2020\/01\/myprim-kelias-510x539.jpg 510w\" sizes=\"(max-width: 147px) 100vw, 147px\" \/><\/a><\/p>\n<p>&nbsp;<\/p>\n<p>&nbsp;<\/p>\n<p>&nbsp;<\/p>\n<p>&nbsp;<\/p>\n<p>&nbsp;<\/p>\n","protected":false},"excerpt":{"rendered":"<p>&nbsp;<\/p>\n<p>A children&#8217;s knee brace that centres and stabilises the kneecap and keeps the knee from twisting sideways.<\/p>\n<p><img fetchpriority=\"high\" decoding=\"async\" class=\"alignnone size-full wp-image-6530\" src=\"https:\/\/www.orto24.lt\/wp-content\/uploads\/2016\/03\/primlog.png\" alt=\"\" width=\"325\" height=\"227\" srcset=\"https:\/\/www.orto24.lt\/wp-content\/uploads\/2016\/03\/primlog.png 325w, https:\/\/www.orto24.lt\/wp-content\/uploads\/2016\/03\/primlog-150x105.png 150w, https:\/\/www.orto24.lt\/wp-content\/uploads\/2016\/03\/primlog-300x210.png 300w, https:\/\/www.orto24.lt\/wp-content\/uploads\/2016\/03\/primlog-24x17.png 24w, https:\/\/www.orto24.lt\/wp-content\/uploads\/2016\/03\/primlog-36x25.png 36w, https:\/\/www.orto24.lt\/wp-content\/uploads\/2016\/03\/primlog-48x34.png 48w\" sizes=\"(max-width: 325px) 100vw, 325px\" \/><\/p>\n","protected":false},"featured_media":30442,"comment_status":"open","ping_status":"closed","template":"","meta":[],"product_brand":[],"product_cat":[1101,1201,1302],"product_tag":[1303,1352,1262,1260,1297,1416,1112],"class_list":{"0":"post-30440","1":"product","2":"type-product","3":"status-publish","4":"has-post-thumbnail","6":"product_cat-braces","7":"product_cat-knee-and-thigh-splints","8":"product_cat-splints-for-children","9":"product_tag-childrens","10":"product_tag-for-the-kneecap-2","11":"product_tag-for-the-kneecap","12":"product_tag-for-the-road","13":"product_tag-knee-splint","14":"product_tag-kneecap-splint","15":"product_tag-see","17":"first","18":"instock","19":"taxable","20":"shipping-taxable","21":"purchasable","22":"product-type-variable"},"yoast_head":"<!-- This site is optimized with the Yoast SEO plugin v26.0 - https:\/\/yoast.com\/wordpress\/plugins\/seo\/ -->\n<title>MyPrim Kids Knee Splint - Ortopedini\u0173 preki\u0173 parduotuv\u0117 - orto24.lt<\/title>\n<meta name=\"robots\" content=\"index, follow, max-snippet:-1, max-image-preview:large, max-video-preview:-1\" \/>\n<link rel=\"canonical\" href=\"https:\/\/www.orto24.lt\/en\/produktas\/myprim-kids-knee-splint\/\" \/>\n<meta property=\"og:locale\" content=\"en_US\" \/>\n<meta property=\"og:type\" content=\"article\" \/>\n<meta property=\"og:title\" content=\"MyPrim Kids Knee Splint - Ortopedini\u0173 preki\u0173 parduotuv\u0117 - orto24.lt\" \/>\n<meta property=\"og:description\" content=\"&nbsp; A children&#039;s knee brace that centres and stabilises the kneecap and keeps the knee from twisting sideways.\" \/>\n<meta property=\"og:url\" content=\"https:\/\/www.orto24.lt\/en\/produktas\/myprim-kids-knee-splint\/\" \/>\n<meta property=\"og:site_name\" content=\"Ortopedini\u0173 preki\u0173 parduotuv\u0117 - orto24.lt\" \/>\n<meta property=\"article:publisher\" content=\"https:\/\/www.facebook.com\/mtsprendimai\/\" \/>\n<meta property=\"og:image\" content=\"https:\/\/www.orto24.lt\/wp-content\/uploads\/2020\/01\/primkids-kelias1-e1579865643318.jpg\" \/>\n\t<meta property=\"og:image:width\" content=\"990\" \/>\n\t<meta property=\"og:image:height\" content=\"1003\" \/>\n\t<meta property=\"og:image:type\" content=\"image\/jpeg\" \/>\n<meta name=\"twitter:card\" content=\"summary_large_image\" \/>\n<meta name=\"twitter:label1\" content=\"Est. reading time\" \/>\n\t<meta name=\"twitter:data1\" content=\"1 minute\" \/>\n<script type=\"application\/ld+json\" class=\"yoast-schema-graph\">{\"@context\":\"https:\/\/schema.org\",\"@graph\":[{\"@type\":\"WebPage\",\"@id\":\"https:\/\/www.orto24.lt\/en\/produktas\/myprim-kids-knee-splint\/\",\"url\":\"https:\/\/www.orto24.lt\/en\/produktas\/myprim-kids-knee-splint\/\",\"name\":\"MyPrim Kids Knee Splint - Ortopedini\u0173 preki\u0173 parduotuv\u0117 - orto24.lt\",\"isPartOf\":{\"@id\":\"https:\/\/www.orto24.lt\/en\/#website\"},\"primaryImageOfPage\":{\"@id\":\"https:\/\/www.orto24.lt\/en\/produktas\/myprim-kids-knee-splint\/#primaryimage\"},\"image\":{\"@id\":\"https:\/\/www.orto24.lt\/en\/produktas\/myprim-kids-knee-splint\/#primaryimage\"},\"thumbnailUrl\":\"https:\/\/www.orto24.lt\/wp-content\/uploads\/2020\/01\/primkids-kelias1-e1579865643318.jpg\",\"datePublished\":\"2020-01-24T11:10:33+00:00\",\"breadcrumb\":{\"@id\":\"https:\/\/www.orto24.lt\/en\/produktas\/myprim-kids-knee-splint\/#breadcrumb\"},\"inLanguage\":\"en-US\",\"potentialAction\":[{\"@type\":\"ReadAction\",\"target\":[\"https:\/\/www.orto24.lt\/en\/produktas\/myprim-kids-knee-splint\/\"]}]},{\"@type\":\"ImageObject\",\"inLanguage\":\"en-US\",\"@id\":\"https:\/\/www.orto24.lt\/en\/produktas\/myprim-kids-knee-splint\/#primaryimage\",\"url\":\"https:\/\/www.orto24.lt\/wp-content\/uploads\/2020\/01\/primkids-kelias1-e1579865643318.jpg\",\"contentUrl\":\"https:\/\/www.orto24.lt\/wp-content\/uploads\/2020\/01\/primkids-kelias1-e1579865643318.jpg\",\"width\":990,\"height\":1003,\"caption\":\"MyPrim Kids Knee Splint 1\"},{\"@type\":\"BreadcrumbList\",\"@id\":\"https:\/\/www.orto24.lt\/en\/produktas\/myprim-kids-knee-splint\/#breadcrumb\",\"itemListElement\":[{\"@type\":\"ListItem\",\"position\":1,\"name\":\"Home\",\"item\":\"https:\/\/www.orto24.lt\/en\/\"},{\"@type\":\"ListItem\",\"position\":2,\"name\":\"Shop\",\"item\":\"https:\/\/www.orto24.lt\/en\/shop\/\"},{\"@type\":\"ListItem\",\"position\":3,\"name\":\"MyPrim Kids Knee Splint\"}]},{\"@type\":\"WebSite\",\"@id\":\"https:\/\/www.orto24.lt\/en\/#website\",\"url\":\"https:\/\/www.orto24.lt\/en\/\",\"name\":\"Ortopedini\u0173 preki\u0173 parduotuv\u0117 - orto24.lt\",\"description\":\"| orto24.lt\",\"potentialAction\":[{\"@type\":\"SearchAction\",\"target\":{\"@type\":\"EntryPoint\",\"urlTemplate\":\"https:\/\/www.orto24.lt\/en\/?s={search_term_string}\"},\"query-input\":{\"@type\":\"PropertyValueSpecification\",\"valueRequired\":true,\"valueName\":\"search_term_string\"}}],\"inLanguage\":\"en-US\"}]}<\/script>\n<!-- \/ Yoast SEO plugin. -->","yoast_head_json":{"title":"MyPrim Kids Knee Splint - Ortopedini\u0173 preki\u0173 parduotuv\u0117 - orto24.lt","robots":{"index":"index","follow":"follow","max-snippet":"max-snippet:-1","max-image-preview":"max-image-preview:large","max-video-preview":"max-video-preview:-1"},"canonical":"https:\/\/www.orto24.lt\/en\/produktas\/myprim-kids-knee-splint\/","og_locale":"en_US","og_type":"article","og_title":"MyPrim Kids Knee Splint - Ortopedini\u0173 preki\u0173 parduotuv\u0117 - orto24.lt","og_description":"&nbsp; A children's knee brace that centres and stabilises the kneecap and keeps the knee from twisting sideways.","og_url":"https:\/\/www.orto24.lt\/en\/produktas\/myprim-kids-knee-splint\/","og_site_name":"Ortopedini\u0173 preki\u0173 parduotuv\u0117 - orto24.lt","article_publisher":"https:\/\/www.facebook.com\/mtsprendimai\/","og_image":[{"width":990,"height":1003,"url":"https:\/\/www.orto24.lt\/wp-content\/uploads\/2020\/01\/primkids-kelias1-e1579865643318.jpg","type":"image\/jpeg"}],"twitter_card":"summary_large_image","twitter_misc":{"Est. reading time":"1 minute"},"schema":{"@context":"https:\/\/schema.org","@graph":[{"@type":"WebPage","@id":"https:\/\/www.orto24.lt\/en\/produktas\/myprim-kids-knee-splint\/","url":"https:\/\/www.orto24.lt\/en\/produktas\/myprim-kids-knee-splint\/","name":"MyPrim Kids Knee Splint - Ortopedini\u0173 preki\u0173 parduotuv\u0117 - orto24.lt","isPartOf":{"@id":"https:\/\/www.orto24.lt\/en\/#website"},"primaryImageOfPage":{"@id":"https:\/\/www.orto24.lt\/en\/produktas\/myprim-kids-knee-splint\/#primaryimage"},"image":{"@id":"https:\/\/www.orto24.lt\/en\/produktas\/myprim-kids-knee-splint\/#primaryimage"},"thumbnailUrl":"https:\/\/www.orto24.lt\/wp-content\/uploads\/2020\/01\/primkids-kelias1-e1579865643318.jpg","datePublished":"2020-01-24T11:10:33+00:00","breadcrumb":{"@id":"https:\/\/www.orto24.lt\/en\/produktas\/myprim-kids-knee-splint\/#breadcrumb"},"inLanguage":"en-US","potentialAction":[{"@type":"ReadAction","target":["https:\/\/www.orto24.lt\/en\/produktas\/myprim-kids-knee-splint\/"]}]},{"@type":"ImageObject","inLanguage":"en-US","@id":"https:\/\/www.orto24.lt\/en\/produktas\/myprim-kids-knee-splint\/#primaryimage","url":"https:\/\/www.orto24.lt\/wp-content\/uploads\/2020\/01\/primkids-kelias1-e1579865643318.jpg","contentUrl":"https:\/\/www.orto24.lt\/wp-content\/uploads\/2020\/01\/primkids-kelias1-e1579865643318.jpg","width":990,"height":1003,"caption":"MyPrim Kids Knee Splint 1"},{"@type":"BreadcrumbList","@id":"https:\/\/www.orto24.lt\/en\/produktas\/myprim-kids-knee-splint\/#breadcrumb","itemListElement":[{"@type":"ListItem","position":1,"name":"Home","item":"https:\/\/www.orto24.lt\/en\/"},{"@type":"ListItem","position":2,"name":"Shop","item":"https:\/\/www.orto24.lt\/en\/shop\/"},{"@type":"ListItem","position":3,"name":"MyPrim Kids Knee Splint"}]},{"@type":"WebSite","@id":"https:\/\/www.orto24.lt\/en\/#website","url":"https:\/\/www.orto24.lt\/en\/","name":"Ortopedini\u0173 preki\u0173 parduotuv\u0117 - orto24.lt","description":"| orto24.lt","potentialAction":[{"@type":"SearchAction","target":{"@type":"EntryPoint","urlTemplate":"https:\/\/www.orto24.lt\/en\/?s={search_term_string}"},"query-input":{"@type":"PropertyValueSpecification","valueRequired":true,"valueName":"search_term_string"}}],"inLanguage":"en-US"}]}},"_links":{"self":[{"href":"https:\/\/www.orto24.lt\/en\/wp-json\/wp\/v2\/product\/30440","targetHints":{"allow":["GET"]}}],"collection":[{"href":"https:\/\/www.orto24.lt\/en\/wp-json\/wp\/v2\/product"}],"about":[{"href":"https:\/\/www.orto24.lt\/en\/wp-json\/wp\/v2\/types\/product"}],"replies":[{"embeddable":true,"href":"https:\/\/www.orto24.lt\/en\/wp-json\/wp\/v2\/comments?post=30440"}],"version-history":[{"count":0,"href":"https:\/\/www.orto24.lt\/en\/wp-json\/wp\/v2\/product\/30440\/revisions"}],"wp:featuredmedia":[{"embeddable":true,"href":"https:\/\/www.orto24.lt\/en\/wp-json\/wp\/v2\/media\/30442"}],"wp:attachment":[{"href":"https:\/\/www.orto24.lt\/en\/wp-json\/wp\/v2\/media?parent=30440"}],"wp:term":[{"taxonomy":"product_brand","embeddable":true,"href":"https:\/\/www.orto24.lt\/en\/wp-json\/wp\/v2\/product_brand?post=30440"},{"taxonomy":"product_cat","embeddable":true,"href":"https:\/\/www.orto24.lt\/en\/wp-json\/wp\/v2\/product_cat?post=30440"},{"taxonomy":"product_tag","embeddable":true,"href":"https:\/\/www.orto24.lt\/en\/wp-json\/wp\/v2\/product_tag?post=30440"}],"curies":[{"name":"wp","href":"https:\/\/api.w.org\/{rel}","templated":true}]}}