{"id":30464,"date":"2020-01-24T12:18:18","date_gmt":"2020-01-24T12:18:18","guid":{"rendered":"https:\/\/www.orto24.lt\/produktas\/myprim-kids-hand-holder\/"},"modified":"2020-01-24T12:18:18","modified_gmt":"2020-01-24T12:18:18","slug":"myprim-kids-hand-holder","status":"publish","type":"product","link":"https:\/\/www.orto24.lt\/en\/produktas\/myprim-kids-hand-holder\/","title":{"rendered":"MyPrim Kids Hand Holder"},"content":{"rendered":"<p>A child&#8217;s arm holder that immobilises the shoulder joint.<\/p>\n<ul>\n<li>Special sports honeycomb technology material on the outside and a moisture-wicking terry fabric on the inside.<\/li>\n<li>Extra padding at the neck prevents chafing.<\/li>\n<li>Adjustable length strap and thumb loop.<\/li>\n<li>&#8220;Velcro fasteners allow you to adjust the tension of the splint as needed.<\/li>\n<li>&#8220;Friendly Skin Technology is a seamless technology that provides maximum comfort and prevents abrasions.<\/li>\n<li>Suitable for both left and right hand.<\/li>\n<li>The splint is breathable.<\/li>\n<li>Latex-free.<\/li>\n<\/ul>\n<p>&nbsp;<\/p>\n<p>Place of measurement of the hand:<\/p>\n<p><a href=\"https:\/\/www.orto24.lt\/wp-content\/uploads\/2020\/01\/myprim-ranka.jpg\"><img decoding=\"async\" class=\"alignnone wp-image-11691\" src=\"https:\/\/www.orto24.lt\/wp-content\/uploads\/2020\/01\/myprim-ranka.jpg\" alt=\"\" width=\"149\" height=\"158\" srcset=\"https:\/\/www.orto24.lt\/wp-content\/uploads\/2020\/01\/myprim-ranka.jpg 1000w, https:\/\/www.orto24.lt\/wp-content\/uploads\/2020\/01\/myprim-ranka-150x159.jpg 150w, https:\/\/www.orto24.lt\/wp-content\/uploads\/2020\/01\/myprim-ranka-500x529.jpg 500w, https:\/\/www.orto24.lt\/wp-content\/uploads\/2020\/01\/myprim-ranka-284x300.jpg 284w, https:\/\/www.orto24.lt\/wp-content\/uploads\/2020\/01\/myprim-ranka-969x1024.jpg 969w, https:\/\/www.orto24.lt\/wp-content\/uploads\/2020\/01\/myprim-ranka-768x812.jpg 768w, https:\/\/www.orto24.lt\/wp-content\/uploads\/2020\/01\/myprim-ranka-980x1036.jpg 980w, https:\/\/www.orto24.lt\/wp-content\/uploads\/2020\/01\/myprim-ranka-480x507.jpg 480w, https:\/\/www.orto24.lt\/wp-content\/uploads\/2020\/01\/myprim-ranka-510x539.jpg 510w\" sizes=\"(max-width: 149px) 100vw, 149px\" \/><\/a><\/p>\n<p>&nbsp;<\/p>\n","protected":false},"excerpt":{"rendered":"<p>&nbsp;<\/p>\n<p>A child&#8217;s arm holder that immobilises the shoulder joint.<\/p>\n<p><img fetchpriority=\"high\" decoding=\"async\" class=\"alignnone size-full wp-image-6530\" src=\"https:\/\/www.orto24.lt\/wp-content\/uploads\/2016\/03\/primlog.png\" alt=\"\" width=\"325\" height=\"227\" srcset=\"https:\/\/www.orto24.lt\/wp-content\/uploads\/2016\/03\/primlog.png 325w, https:\/\/www.orto24.lt\/wp-content\/uploads\/2016\/03\/primlog-150x105.png 150w, https:\/\/www.orto24.lt\/wp-content\/uploads\/2016\/03\/primlog-300x210.png 300w, https:\/\/www.orto24.lt\/wp-content\/uploads\/2016\/03\/primlog-24x17.png 24w, https:\/\/www.orto24.lt\/wp-content\/uploads\/2016\/03\/primlog-36x25.png 36w, https:\/\/www.orto24.lt\/wp-content\/uploads\/2016\/03\/primlog-48x34.png 48w\" sizes=\"(max-width: 325px) 100vw, 325px\" \/><\/p>\n","protected":false},"featured_media":30466,"comment_status":"open","ping_status":"closed","template":"","meta":[],"product_brand":[],"product_cat":[1101,1197,1302],"product_tag":[1300,1303,1241,1304,1196,1372,1371,1112],"class_list":{"0":"post-30464","1":"product","2":"type-product","3":"status-publish","4":"has-post-thumbnail","6":"product_cat-braces","7":"product_cat-elbow-splints","8":"product_cat-splints-for-children","9":"product_tag-arm-holder","10":"product_tag-childrens","11":"product_tag-elbows","12":"product_tag-for-child","13":"product_tag-for-elbow","14":"product_tag-for-hand","15":"product_tag-holder","16":"product_tag-see","18":"first","19":"instock","20":"taxable","21":"shipping-taxable","22":"purchasable","23":"product-type-variable"},"yoast_head":"<!-- This site is optimized with the Yoast SEO plugin v26.0 - https:\/\/yoast.com\/wordpress\/plugins\/seo\/ -->\n<title>MyPrim Kids Hand Holder - Ortopedini\u0173 preki\u0173 parduotuv\u0117 - orto24.lt<\/title>\n<meta name=\"description\" content=\"Children&#039;s arm holder that immobilises the shoulder joint.\" \/>\n<meta name=\"robots\" content=\"index, follow, max-snippet:-1, max-image-preview:large, max-video-preview:-1\" \/>\n<link rel=\"canonical\" href=\"https:\/\/www.orto24.lt\/en\/produktas\/myprim-kids-hand-holder\/\" \/>\n<meta property=\"og:locale\" content=\"en_US\" \/>\n<meta property=\"og:type\" content=\"article\" \/>\n<meta property=\"og:title\" content=\"MyPrim Kids Hand Holder - Ortopedini\u0173 preki\u0173 parduotuv\u0117 - orto24.lt\" \/>\n<meta property=\"og:description\" content=\"Children&#039;s arm holder that immobilises the shoulder joint.\" \/>\n<meta property=\"og:url\" content=\"https:\/\/www.orto24.lt\/en\/produktas\/myprim-kids-hand-holder\/\" \/>\n<meta property=\"og:site_name\" content=\"Ortopedini\u0173 preki\u0173 parduotuv\u0117 - orto24.lt\" \/>\n<meta property=\"article:publisher\" content=\"https:\/\/www.facebook.com\/mtsprendimai\/\" \/>\n<meta property=\"og:image\" content=\"https:\/\/www.orto24.lt\/wp-content\/uploads\/2020\/01\/primkids-laikiklis-e1579870052944.jpg\" \/>\n\t<meta property=\"og:image:width\" content=\"995\" \/>\n\t<meta property=\"og:image:height\" content=\"1003\" \/>\n\t<meta property=\"og:image:type\" content=\"image\/jpeg\" \/>\n<meta name=\"twitter:card\" content=\"summary_large_image\" \/>\n<script type=\"application\/ld+json\" class=\"yoast-schema-graph\">{\"@context\":\"https:\/\/schema.org\",\"@graph\":[{\"@type\":\"WebPage\",\"@id\":\"https:\/\/www.orto24.lt\/en\/produktas\/myprim-kids-hand-holder\/\",\"url\":\"https:\/\/www.orto24.lt\/en\/produktas\/myprim-kids-hand-holder\/\",\"name\":\"MyPrim Kids Hand Holder - Ortopedini\u0173 preki\u0173 parduotuv\u0117 - orto24.lt\",\"isPartOf\":{\"@id\":\"https:\/\/www.orto24.lt\/en\/#website\"},\"primaryImageOfPage\":{\"@id\":\"https:\/\/www.orto24.lt\/en\/produktas\/myprim-kids-hand-holder\/#primaryimage\"},\"image\":{\"@id\":\"https:\/\/www.orto24.lt\/en\/produktas\/myprim-kids-hand-holder\/#primaryimage\"},\"thumbnailUrl\":\"https:\/\/www.orto24.lt\/wp-content\/uploads\/2020\/01\/primkids-laikiklis-e1579870052944.jpg\",\"datePublished\":\"2020-01-24T12:18:18+00:00\",\"description\":\"Children's arm holder that immobilises the shoulder joint.\",\"breadcrumb\":{\"@id\":\"https:\/\/www.orto24.lt\/en\/produktas\/myprim-kids-hand-holder\/#breadcrumb\"},\"inLanguage\":\"en-US\",\"potentialAction\":[{\"@type\":\"ReadAction\",\"target\":[\"https:\/\/www.orto24.lt\/en\/produktas\/myprim-kids-hand-holder\/\"]}]},{\"@type\":\"ImageObject\",\"inLanguage\":\"en-US\",\"@id\":\"https:\/\/www.orto24.lt\/en\/produktas\/myprim-kids-hand-holder\/#primaryimage\",\"url\":\"https:\/\/www.orto24.lt\/wp-content\/uploads\/2020\/01\/primkids-laikiklis-e1579870052944.jpg\",\"contentUrl\":\"https:\/\/www.orto24.lt\/wp-content\/uploads\/2020\/01\/primkids-laikiklis-e1579870052944.jpg\",\"width\":995,\"height\":1003,\"caption\":\"MyPrim Kids Hand Holder\"},{\"@type\":\"BreadcrumbList\",\"@id\":\"https:\/\/www.orto24.lt\/en\/produktas\/myprim-kids-hand-holder\/#breadcrumb\",\"itemListElement\":[{\"@type\":\"ListItem\",\"position\":1,\"name\":\"Home\",\"item\":\"https:\/\/www.orto24.lt\/en\/\"},{\"@type\":\"ListItem\",\"position\":2,\"name\":\"Shop\",\"item\":\"https:\/\/www.orto24.lt\/en\/shop\/\"},{\"@type\":\"ListItem\",\"position\":3,\"name\":\"MyPrim Kids Hand Holder\"}]},{\"@type\":\"WebSite\",\"@id\":\"https:\/\/www.orto24.lt\/en\/#website\",\"url\":\"https:\/\/www.orto24.lt\/en\/\",\"name\":\"Ortopedini\u0173 preki\u0173 parduotuv\u0117 - orto24.lt\",\"description\":\"| orto24.lt\",\"potentialAction\":[{\"@type\":\"SearchAction\",\"target\":{\"@type\":\"EntryPoint\",\"urlTemplate\":\"https:\/\/www.orto24.lt\/en\/?s={search_term_string}\"},\"query-input\":{\"@type\":\"PropertyValueSpecification\",\"valueRequired\":true,\"valueName\":\"search_term_string\"}}],\"inLanguage\":\"en-US\"}]}<\/script>\n<!-- \/ Yoast SEO plugin. -->","yoast_head_json":{"title":"MyPrim Kids Hand Holder - Ortopedini\u0173 preki\u0173 parduotuv\u0117 - orto24.lt","description":"Children's arm holder that immobilises the shoulder joint.","robots":{"index":"index","follow":"follow","max-snippet":"max-snippet:-1","max-image-preview":"max-image-preview:large","max-video-preview":"max-video-preview:-1"},"canonical":"https:\/\/www.orto24.lt\/en\/produktas\/myprim-kids-hand-holder\/","og_locale":"en_US","og_type":"article","og_title":"MyPrim Kids Hand Holder - Ortopedini\u0173 preki\u0173 parduotuv\u0117 - orto24.lt","og_description":"Children's arm holder that immobilises the shoulder joint.","og_url":"https:\/\/www.orto24.lt\/en\/produktas\/myprim-kids-hand-holder\/","og_site_name":"Ortopedini\u0173 preki\u0173 parduotuv\u0117 - orto24.lt","article_publisher":"https:\/\/www.facebook.com\/mtsprendimai\/","og_image":[{"width":995,"height":1003,"url":"https:\/\/www.orto24.lt\/wp-content\/uploads\/2020\/01\/primkids-laikiklis-e1579870052944.jpg","type":"image\/jpeg"}],"twitter_card":"summary_large_image","schema":{"@context":"https:\/\/schema.org","@graph":[{"@type":"WebPage","@id":"https:\/\/www.orto24.lt\/en\/produktas\/myprim-kids-hand-holder\/","url":"https:\/\/www.orto24.lt\/en\/produktas\/myprim-kids-hand-holder\/","name":"MyPrim Kids Hand Holder - Ortopedini\u0173 preki\u0173 parduotuv\u0117 - orto24.lt","isPartOf":{"@id":"https:\/\/www.orto24.lt\/en\/#website"},"primaryImageOfPage":{"@id":"https:\/\/www.orto24.lt\/en\/produktas\/myprim-kids-hand-holder\/#primaryimage"},"image":{"@id":"https:\/\/www.orto24.lt\/en\/produktas\/myprim-kids-hand-holder\/#primaryimage"},"thumbnailUrl":"https:\/\/www.orto24.lt\/wp-content\/uploads\/2020\/01\/primkids-laikiklis-e1579870052944.jpg","datePublished":"2020-01-24T12:18:18+00:00","description":"Children's arm holder that immobilises the shoulder joint.","breadcrumb":{"@id":"https:\/\/www.orto24.lt\/en\/produktas\/myprim-kids-hand-holder\/#breadcrumb"},"inLanguage":"en-US","potentialAction":[{"@type":"ReadAction","target":["https:\/\/www.orto24.lt\/en\/produktas\/myprim-kids-hand-holder\/"]}]},{"@type":"ImageObject","inLanguage":"en-US","@id":"https:\/\/www.orto24.lt\/en\/produktas\/myprim-kids-hand-holder\/#primaryimage","url":"https:\/\/www.orto24.lt\/wp-content\/uploads\/2020\/01\/primkids-laikiklis-e1579870052944.jpg","contentUrl":"https:\/\/www.orto24.lt\/wp-content\/uploads\/2020\/01\/primkids-laikiklis-e1579870052944.jpg","width":995,"height":1003,"caption":"MyPrim Kids Hand Holder"},{"@type":"BreadcrumbList","@id":"https:\/\/www.orto24.lt\/en\/produktas\/myprim-kids-hand-holder\/#breadcrumb","itemListElement":[{"@type":"ListItem","position":1,"name":"Home","item":"https:\/\/www.orto24.lt\/en\/"},{"@type":"ListItem","position":2,"name":"Shop","item":"https:\/\/www.orto24.lt\/en\/shop\/"},{"@type":"ListItem","position":3,"name":"MyPrim Kids Hand Holder"}]},{"@type":"WebSite","@id":"https:\/\/www.orto24.lt\/en\/#website","url":"https:\/\/www.orto24.lt\/en\/","name":"Ortopedini\u0173 preki\u0173 parduotuv\u0117 - orto24.lt","description":"| orto24.lt","potentialAction":[{"@type":"SearchAction","target":{"@type":"EntryPoint","urlTemplate":"https:\/\/www.orto24.lt\/en\/?s={search_term_string}"},"query-input":{"@type":"PropertyValueSpecification","valueRequired":true,"valueName":"search_term_string"}}],"inLanguage":"en-US"}]}},"_links":{"self":[{"href":"https:\/\/www.orto24.lt\/en\/wp-json\/wp\/v2\/product\/30464","targetHints":{"allow":["GET"]}}],"collection":[{"href":"https:\/\/www.orto24.lt\/en\/wp-json\/wp\/v2\/product"}],"about":[{"href":"https:\/\/www.orto24.lt\/en\/wp-json\/wp\/v2\/types\/product"}],"replies":[{"embeddable":true,"href":"https:\/\/www.orto24.lt\/en\/wp-json\/wp\/v2\/comments?post=30464"}],"version-history":[{"count":0,"href":"https:\/\/www.orto24.lt\/en\/wp-json\/wp\/v2\/product\/30464\/revisions"}],"wp:featuredmedia":[{"embeddable":true,"href":"https:\/\/www.orto24.lt\/en\/wp-json\/wp\/v2\/media\/30466"}],"wp:attachment":[{"href":"https:\/\/www.orto24.lt\/en\/wp-json\/wp\/v2\/media?parent=30464"}],"wp:term":[{"taxonomy":"product_brand","embeddable":true,"href":"https:\/\/www.orto24.lt\/en\/wp-json\/wp\/v2\/product_brand?post=30464"},{"taxonomy":"product_cat","embeddable":true,"href":"https:\/\/www.orto24.lt\/en\/wp-json\/wp\/v2\/product_cat?post=30464"},{"taxonomy":"product_tag","embeddable":true,"href":"https:\/\/www.orto24.lt\/en\/wp-json\/wp\/v2\/product_tag?post=30464"}],"curies":[{"name":"wp","href":"https:\/\/api.w.org\/{rel}","templated":true}]}}