{"id":30483,"date":"2020-03-19T11:15:47","date_gmt":"2020-03-19T11:15:47","guid":{"rendered":"https:\/\/www.orto24.lt\/produktas\/aluminium-wand-with-led-spotlight\/"},"modified":"2020-03-19T11:15:47","modified_gmt":"2020-03-19T11:15:47","slug":"aluminium-wand-with-led-spotlight","status":"publish","type":"product","link":"https:\/\/www.orto24.lt\/en\/produktas\/aluminium-wand-with-led-spotlight\/","title":{"rendered":"Aluminium wand with LED spotlight"},"content":{"rendered":"<div class=\"heading\">\n<div class=\"heading\"><a href=\"https:\/\/www.orto24.lt\/wp-content\/uploads\/2020\/03\/Screenshot-2020-10-29-at-11.52.44.png\"><img fetchpriority=\"high\" decoding=\"async\" class=\"alignnone size-full wp-image-12266\" src=\"https:\/\/www.orto24.lt\/wp-content\/uploads\/2020\/03\/Screenshot-2020-10-29-at-11.52.44.png\" alt=\"\" width=\"338\" height=\"187\" srcset=\"https:\/\/www.orto24.lt\/wp-content\/uploads\/2020\/03\/Screenshot-2020-10-29-at-11.52.44.png 338w, https:\/\/www.orto24.lt\/wp-content\/uploads\/2020\/03\/Screenshot-2020-10-29-at-11.52.44-150x83.png 150w, https:\/\/www.orto24.lt\/wp-content\/uploads\/2020\/03\/Screenshot-2020-10-29-at-11.52.44-300x166.png 300w\" sizes=\"(max-width: 338px) 100vw, 338px\" \/><\/a><a href=\"https:\/\/www.orto24.lt\/wp-content\/uploads\/2020\/03\/Screenshot-2020-10-29-at-11.53.42.png\"><img decoding=\"async\" class=\"alignnone size-full wp-image-12267\" src=\"https:\/\/www.orto24.lt\/wp-content\/uploads\/2020\/03\/Screenshot-2020-10-29-at-11.53.42.png\" alt=\"\" width=\"187\" height=\"195\" srcset=\"https:\/\/www.orto24.lt\/wp-content\/uploads\/2020\/03\/Screenshot-2020-10-29-at-11.53.42.png 187w, https:\/\/www.orto24.lt\/wp-content\/uploads\/2020\/03\/Screenshot-2020-10-29-at-11.53.42-150x156.png 150w\" sizes=\"(max-width: 187px) 100vw, 187px\" \/><\/a><\/div>\n<div><\/div>\n<\/div>\n<table class=\"lenteletech\">\n<tbody>\n<tr>\n<td>Maximum load, kg<\/td>\n<td>100<\/td>\n<\/tr>\n<tr class=\"antras\">\n<td>Weight, kg<\/td>\n<td>0.3<\/td>\n<\/tr>\n<tr>\n<td>Overall height, cm<\/td>\n<td>74-95<\/td>\n<\/tr>\n<tr class=\"antras\">\n<td>Height adjustment positions<\/td>\n<td>10<\/td>\n<\/tr>\n<\/tbody>\n<\/table>\n<p>Batteries included: 2 pcs.<\/p>\n","protected":false},"excerpt":{"rendered":"<p>Adjustable height aluminium pole with LED spotlight. Maximum load 100 kg. <\/p>\n","protected":false},"featured_media":30484,"comment_status":"open","ping_status":"closed","template":"","meta":[],"product_brand":[],"product_cat":[1418],"product_tag":[1419],"class_list":{"0":"post-30483","1":"product","2":"type-product","3":"status-publish","4":"has-post-thumbnail","6":"product_cat-crutches-and-sticks","7":"product_tag-rods","9":"first","10":"instock","11":"taxable","12":"shipping-taxable","13":"purchasable","14":"product-type-simple"},"yoast_head":"<!-- This site is optimized with the Yoast SEO plugin v26.0 - https:\/\/yoast.com\/wordpress\/plugins\/seo\/ -->\n<title>Aluminium wand with LED spotlight - Ortopedini\u0173 preki\u0173 parduotuv\u0117 - orto24.lt<\/title>\n<meta name=\"robots\" content=\"index, follow, max-snippet:-1, max-image-preview:large, max-video-preview:-1\" \/>\n<link rel=\"canonical\" href=\"https:\/\/www.orto24.lt\/en\/produktas\/aluminium-wand-with-led-spotlight\/\" \/>\n<meta property=\"og:locale\" content=\"en_US\" \/>\n<meta property=\"og:type\" content=\"article\" \/>\n<meta property=\"og:title\" content=\"Aluminium wand with LED spotlight - Ortopedini\u0173 preki\u0173 parduotuv\u0117 - orto24.lt\" \/>\n<meta property=\"og:description\" content=\"Adjustable height aluminium pole with LED spotlight. Maximum load 100 kg.\" \/>\n<meta property=\"og:url\" content=\"https:\/\/www.orto24.lt\/en\/produktas\/aluminium-wand-with-led-spotlight\/\" \/>\n<meta property=\"og:site_name\" content=\"Ortopedini\u0173 preki\u0173 parduotuv\u0117 - orto24.lt\" \/>\n<meta property=\"article:publisher\" content=\"https:\/\/www.facebook.com\/mtsprendimai\/\" \/>\n<meta property=\"og:image\" content=\"https:\/\/www.orto24.lt\/wp-content\/uploads\/2020\/03\/kidman-led.jpg\" \/>\n\t<meta property=\"og:image:width\" content=\"1000\" \/>\n\t<meta property=\"og:image:height\" content=\"1000\" \/>\n\t<meta property=\"og:image:type\" content=\"image\/jpeg\" \/>\n<meta name=\"twitter:card\" content=\"summary_large_image\" \/>\n<script type=\"application\/ld+json\" class=\"yoast-schema-graph\">{\"@context\":\"https:\/\/schema.org\",\"@graph\":[{\"@type\":\"WebPage\",\"@id\":\"https:\/\/www.orto24.lt\/en\/produktas\/aluminium-wand-with-led-spotlight\/\",\"url\":\"https:\/\/www.orto24.lt\/en\/produktas\/aluminium-wand-with-led-spotlight\/\",\"name\":\"Aluminium wand with LED spotlight - Ortopedini\u0173 preki\u0173 parduotuv\u0117 - orto24.lt\",\"isPartOf\":{\"@id\":\"https:\/\/www.orto24.lt\/en\/#website\"},\"primaryImageOfPage\":{\"@id\":\"https:\/\/www.orto24.lt\/en\/produktas\/aluminium-wand-with-led-spotlight\/#primaryimage\"},\"image\":{\"@id\":\"https:\/\/www.orto24.lt\/en\/produktas\/aluminium-wand-with-led-spotlight\/#primaryimage\"},\"thumbnailUrl\":\"https:\/\/www.orto24.lt\/wp-content\/uploads\/2020\/03\/kidman-led.jpg\",\"datePublished\":\"2020-03-19T11:15:47+00:00\",\"breadcrumb\":{\"@id\":\"https:\/\/www.orto24.lt\/en\/produktas\/aluminium-wand-with-led-spotlight\/#breadcrumb\"},\"inLanguage\":\"en-US\",\"potentialAction\":[{\"@type\":\"ReadAction\",\"target\":[\"https:\/\/www.orto24.lt\/en\/produktas\/aluminium-wand-with-led-spotlight\/\"]}]},{\"@type\":\"ImageObject\",\"inLanguage\":\"en-US\",\"@id\":\"https:\/\/www.orto24.lt\/en\/produktas\/aluminium-wand-with-led-spotlight\/#primaryimage\",\"url\":\"https:\/\/www.orto24.lt\/wp-content\/uploads\/2020\/03\/kidman-led.jpg\",\"contentUrl\":\"https:\/\/www.orto24.lt\/wp-content\/uploads\/2020\/03\/kidman-led.jpg\",\"width\":1000,\"height\":1000,\"caption\":\"Aluminium wand with LED spotlight\"},{\"@type\":\"BreadcrumbList\",\"@id\":\"https:\/\/www.orto24.lt\/en\/produktas\/aluminium-wand-with-led-spotlight\/#breadcrumb\",\"itemListElement\":[{\"@type\":\"ListItem\",\"position\":1,\"name\":\"Home\",\"item\":\"https:\/\/www.orto24.lt\/en\/\"},{\"@type\":\"ListItem\",\"position\":2,\"name\":\"Shop\",\"item\":\"https:\/\/www.orto24.lt\/en\/shop\/\"},{\"@type\":\"ListItem\",\"position\":3,\"name\":\"Aluminium wand with LED spotlight\"}]},{\"@type\":\"WebSite\",\"@id\":\"https:\/\/www.orto24.lt\/en\/#website\",\"url\":\"https:\/\/www.orto24.lt\/en\/\",\"name\":\"Ortopedini\u0173 preki\u0173 parduotuv\u0117 - orto24.lt\",\"description\":\"| orto24.lt\",\"potentialAction\":[{\"@type\":\"SearchAction\",\"target\":{\"@type\":\"EntryPoint\",\"urlTemplate\":\"https:\/\/www.orto24.lt\/en\/?s={search_term_string}\"},\"query-input\":{\"@type\":\"PropertyValueSpecification\",\"valueRequired\":true,\"valueName\":\"search_term_string\"}}],\"inLanguage\":\"en-US\"}]}<\/script>\n<!-- \/ Yoast SEO plugin. -->","yoast_head_json":{"title":"Aluminium wand with LED spotlight - Ortopedini\u0173 preki\u0173 parduotuv\u0117 - orto24.lt","robots":{"index":"index","follow":"follow","max-snippet":"max-snippet:-1","max-image-preview":"max-image-preview:large","max-video-preview":"max-video-preview:-1"},"canonical":"https:\/\/www.orto24.lt\/en\/produktas\/aluminium-wand-with-led-spotlight\/","og_locale":"en_US","og_type":"article","og_title":"Aluminium wand with LED spotlight - Ortopedini\u0173 preki\u0173 parduotuv\u0117 - orto24.lt","og_description":"Adjustable height aluminium pole with LED spotlight. Maximum load 100 kg.","og_url":"https:\/\/www.orto24.lt\/en\/produktas\/aluminium-wand-with-led-spotlight\/","og_site_name":"Ortopedini\u0173 preki\u0173 parduotuv\u0117 - orto24.lt","article_publisher":"https:\/\/www.facebook.com\/mtsprendimai\/","og_image":[{"width":1000,"height":1000,"url":"https:\/\/www.orto24.lt\/wp-content\/uploads\/2020\/03\/kidman-led.jpg","type":"image\/jpeg"}],"twitter_card":"summary_large_image","schema":{"@context":"https:\/\/schema.org","@graph":[{"@type":"WebPage","@id":"https:\/\/www.orto24.lt\/en\/produktas\/aluminium-wand-with-led-spotlight\/","url":"https:\/\/www.orto24.lt\/en\/produktas\/aluminium-wand-with-led-spotlight\/","name":"Aluminium wand with LED spotlight - Ortopedini\u0173 preki\u0173 parduotuv\u0117 - orto24.lt","isPartOf":{"@id":"https:\/\/www.orto24.lt\/en\/#website"},"primaryImageOfPage":{"@id":"https:\/\/www.orto24.lt\/en\/produktas\/aluminium-wand-with-led-spotlight\/#primaryimage"},"image":{"@id":"https:\/\/www.orto24.lt\/en\/produktas\/aluminium-wand-with-led-spotlight\/#primaryimage"},"thumbnailUrl":"https:\/\/www.orto24.lt\/wp-content\/uploads\/2020\/03\/kidman-led.jpg","datePublished":"2020-03-19T11:15:47+00:00","breadcrumb":{"@id":"https:\/\/www.orto24.lt\/en\/produktas\/aluminium-wand-with-led-spotlight\/#breadcrumb"},"inLanguage":"en-US","potentialAction":[{"@type":"ReadAction","target":["https:\/\/www.orto24.lt\/en\/produktas\/aluminium-wand-with-led-spotlight\/"]}]},{"@type":"ImageObject","inLanguage":"en-US","@id":"https:\/\/www.orto24.lt\/en\/produktas\/aluminium-wand-with-led-spotlight\/#primaryimage","url":"https:\/\/www.orto24.lt\/wp-content\/uploads\/2020\/03\/kidman-led.jpg","contentUrl":"https:\/\/www.orto24.lt\/wp-content\/uploads\/2020\/03\/kidman-led.jpg","width":1000,"height":1000,"caption":"Aluminium wand with LED spotlight"},{"@type":"BreadcrumbList","@id":"https:\/\/www.orto24.lt\/en\/produktas\/aluminium-wand-with-led-spotlight\/#breadcrumb","itemListElement":[{"@type":"ListItem","position":1,"name":"Home","item":"https:\/\/www.orto24.lt\/en\/"},{"@type":"ListItem","position":2,"name":"Shop","item":"https:\/\/www.orto24.lt\/en\/shop\/"},{"@type":"ListItem","position":3,"name":"Aluminium wand with LED spotlight"}]},{"@type":"WebSite","@id":"https:\/\/www.orto24.lt\/en\/#website","url":"https:\/\/www.orto24.lt\/en\/","name":"Ortopedini\u0173 preki\u0173 parduotuv\u0117 - orto24.lt","description":"| orto24.lt","potentialAction":[{"@type":"SearchAction","target":{"@type":"EntryPoint","urlTemplate":"https:\/\/www.orto24.lt\/en\/?s={search_term_string}"},"query-input":{"@type":"PropertyValueSpecification","valueRequired":true,"valueName":"search_term_string"}}],"inLanguage":"en-US"}]}},"_links":{"self":[{"href":"https:\/\/www.orto24.lt\/en\/wp-json\/wp\/v2\/product\/30483","targetHints":{"allow":["GET"]}}],"collection":[{"href":"https:\/\/www.orto24.lt\/en\/wp-json\/wp\/v2\/product"}],"about":[{"href":"https:\/\/www.orto24.lt\/en\/wp-json\/wp\/v2\/types\/product"}],"replies":[{"embeddable":true,"href":"https:\/\/www.orto24.lt\/en\/wp-json\/wp\/v2\/comments?post=30483"}],"version-history":[{"count":0,"href":"https:\/\/www.orto24.lt\/en\/wp-json\/wp\/v2\/product\/30483\/revisions"}],"wp:featuredmedia":[{"embeddable":true,"href":"https:\/\/www.orto24.lt\/en\/wp-json\/wp\/v2\/media\/30484"}],"wp:attachment":[{"href":"https:\/\/www.orto24.lt\/en\/wp-json\/wp\/v2\/media?parent=30483"}],"wp:term":[{"taxonomy":"product_brand","embeddable":true,"href":"https:\/\/www.orto24.lt\/en\/wp-json\/wp\/v2\/product_brand?post=30483"},{"taxonomy":"product_cat","embeddable":true,"href":"https:\/\/www.orto24.lt\/en\/wp-json\/wp\/v2\/product_cat?post=30483"},{"taxonomy":"product_tag","embeddable":true,"href":"https:\/\/www.orto24.lt\/en\/wp-json\/wp\/v2\/product_tag?post=30483"}],"curies":[{"name":"wp","href":"https:\/\/api.w.org\/{rel}","templated":true}]}}