{"id":30504,"date":"2020-10-22T07:29:33","date_gmt":"2020-10-22T07:29:33","guid":{"rendered":"https:\/\/www.orto24.lt\/produktas\/bort-silicone-midsole-with-joint-protection\/"},"modified":"2020-10-22T07:29:33","modified_gmt":"2020-10-22T07:29:33","slug":"bort-silicone-midsole-with-joint-protection","status":"publish","type":"product","link":"https:\/\/www.orto24.lt\/en\/produktas\/bort-silicone-midsole-with-joint-protection\/","title":{"rendered":"BORT silicone midsole with joint protection"},"content":{"rendered":"<p>The silicone interdigital pad with joint protector tightly covers the painful area of the first finger joint (Hallux Valgus). Protects against Hallux Valgus deformity, shoe pressure and abrasion, and maintains the correct position of the toes. <\/p>\n<p>Recommended as a rehabilitation measure after Hallux Valgus surgery. Silicone spacers are washed with soap and water and dried with a towel. <\/p>\n<p><strong>It is recommended<\/strong> to sprinkle talcum powder on the surface to reduce sweating and sticking to the foot.<\/p>\n","protected":false},"excerpt":{"rendered":"<p>The silicone interdigital pad with joint protector tightly covers the painful area of the first finger joint (Hallux Valgus). Protects against Hallux Valgus deformity, shoe pressure and abrasion, and maintains the correct position of the toes. <\/p>\n<p><strong>Please note that the product cannot be returned or exchanged.<\/strong><\/p>\n[caption id=\"attachment_5184\" align=\"alignnone\" width=\"298\"]<img decoding=\"async\" class=\"wp-image-5184 size-full\" src=\"https:\/\/www.orto24.lt\/wp-content\/uploads\/2016\/02\/BORT_Logo_De.png\" alt=\"\" width=\"298\" height=\"89\" srcset=\"https:\/\/www.orto24.lt\/wp-content\/uploads\/2016\/02\/BORT_Logo_De.png 298w, https:\/\/www.orto24.lt\/wp-content\/uploads\/2016\/02\/BORT_Logo_De-150x45.png 150w, https:\/\/www.orto24.lt\/wp-content\/uploads\/2016\/02\/BORT_Logo_De-24x7.png 24w, https:\/\/www.orto24.lt\/wp-content\/uploads\/2016\/02\/BORT_Logo_De-36x11.png 36w, https:\/\/www.orto24.lt\/wp-content\/uploads\/2016\/02\/BORT_Logo_De-48x14.png 48w\" sizes=\"(max-width: 298px) 100vw, 298px\" \/>  Made in Germany[\/caption]\n","protected":false},"featured_media":30506,"comment_status":"open","ping_status":"closed","template":"","meta":[],"product_brand":[],"product_cat":[1155,1128,1138],"product_tag":[1129,1168,1153,1151,1132,1421,1422],"class_list":{"0":"post-30504","1":"product","2":"type-product","3":"status-publish","4":"has-post-thumbnail","6":"product_cat-for-hallux-valgus-correction","7":"product_cat-measures-for-feet","8":"product_cat-silicone-soles","9":"product_tag-bort","10":"product_tag-extender","11":"product_tag-hallux-valgus","12":"product_tag-interfingers","13":"product_tag-orthopaedics","14":"product_tag-silicone-5","15":"product_tag-tapupirstis","17":"first","18":"outofstock","19":"taxable","20":"shipping-taxable","21":"purchasable","22":"product-type-simple"},"yoast_head":"<!-- This site is optimized with the Yoast SEO plugin v26.0 - https:\/\/yoast.com\/wordpress\/plugins\/seo\/ -->\n<title>BORT silicone midsole with joint protection - Ortopedini\u0173 preki\u0173 parduotuv\u0117 - orto24.lt<\/title>\n<meta name=\"description\" content=\"The silicone interdigital pad with joint protector tightly covers the painful area of the first finger joint (Hallux Valgus).\" \/>\n<meta name=\"robots\" content=\"index, follow, max-snippet:-1, max-image-preview:large, max-video-preview:-1\" \/>\n<link rel=\"canonical\" href=\"https:\/\/www.orto24.lt\/en\/produktas\/bort-silicone-midsole-with-joint-protection\/\" \/>\n<meta property=\"og:locale\" content=\"en_US\" \/>\n<meta property=\"og:type\" content=\"article\" \/>\n<meta property=\"og:title\" content=\"BORT silicone midsole with joint protection - Ortopedini\u0173 preki\u0173 parduotuv\u0117 - orto24.lt\" \/>\n<meta property=\"og:description\" content=\"The silicone interdigital pad with joint protector tightly covers the painful area of the first finger joint (Hallux Valgus).\" \/>\n<meta property=\"og:url\" content=\"https:\/\/www.orto24.lt\/en\/produktas\/bort-silicone-midsole-with-joint-protection\/\" \/>\n<meta property=\"og:site_name\" content=\"Ortopedini\u0173 preki\u0173 parduotuv\u0117 - orto24.lt\" \/>\n<meta property=\"article:publisher\" content=\"https:\/\/www.facebook.com\/mtsprendimai\/\" \/>\n<meta property=\"og:image\" content=\"https:\/\/www.orto24.lt\/wp-content\/uploads\/2020\/10\/107140.jpg\" \/>\n\t<meta property=\"og:image:width\" content=\"500\" \/>\n\t<meta property=\"og:image:height\" content=\"500\" \/>\n\t<meta property=\"og:image:type\" content=\"image\/jpeg\" \/>\n<meta name=\"twitter:card\" content=\"summary_large_image\" \/>\n<script type=\"application\/ld+json\" class=\"yoast-schema-graph\">{\"@context\":\"https:\/\/schema.org\",\"@graph\":[{\"@type\":\"WebPage\",\"@id\":\"https:\/\/www.orto24.lt\/en\/produktas\/bort-silicone-midsole-with-joint-protection\/\",\"url\":\"https:\/\/www.orto24.lt\/en\/produktas\/bort-silicone-midsole-with-joint-protection\/\",\"name\":\"BORT silicone midsole with joint protection - Ortopedini\u0173 preki\u0173 parduotuv\u0117 - orto24.lt\",\"isPartOf\":{\"@id\":\"https:\/\/www.orto24.lt\/en\/#website\"},\"primaryImageOfPage\":{\"@id\":\"https:\/\/www.orto24.lt\/en\/produktas\/bort-silicone-midsole-with-joint-protection\/#primaryimage\"},\"image\":{\"@id\":\"https:\/\/www.orto24.lt\/en\/produktas\/bort-silicone-midsole-with-joint-protection\/#primaryimage\"},\"thumbnailUrl\":\"https:\/\/www.orto24.lt\/wp-content\/uploads\/2020\/10\/107140.jpg\",\"datePublished\":\"2020-10-22T07:29:33+00:00\",\"description\":\"The silicone interdigital pad with joint protector tightly covers the painful area of the first finger joint (Hallux Valgus).\",\"breadcrumb\":{\"@id\":\"https:\/\/www.orto24.lt\/en\/produktas\/bort-silicone-midsole-with-joint-protection\/#breadcrumb\"},\"inLanguage\":\"en-US\",\"potentialAction\":[{\"@type\":\"ReadAction\",\"target\":[\"https:\/\/www.orto24.lt\/en\/produktas\/bort-silicone-midsole-with-joint-protection\/\"]}]},{\"@type\":\"ImageObject\",\"inLanguage\":\"en-US\",\"@id\":\"https:\/\/www.orto24.lt\/en\/produktas\/bort-silicone-midsole-with-joint-protection\/#primaryimage\",\"url\":\"https:\/\/www.orto24.lt\/wp-content\/uploads\/2020\/10\/107140.jpg\",\"contentUrl\":\"https:\/\/www.orto24.lt\/wp-content\/uploads\/2020\/10\/107140.jpg\",\"width\":500,\"height\":500,\"caption\":\"BORT silicone midsole with joint protection\"},{\"@type\":\"BreadcrumbList\",\"@id\":\"https:\/\/www.orto24.lt\/en\/produktas\/bort-silicone-midsole-with-joint-protection\/#breadcrumb\",\"itemListElement\":[{\"@type\":\"ListItem\",\"position\":1,\"name\":\"Home\",\"item\":\"https:\/\/www.orto24.lt\/en\/\"},{\"@type\":\"ListItem\",\"position\":2,\"name\":\"Shop\",\"item\":\"https:\/\/www.orto24.lt\/en\/shop\/\"},{\"@type\":\"ListItem\",\"position\":3,\"name\":\"BORT silicone midsole with joint protection\"}]},{\"@type\":\"WebSite\",\"@id\":\"https:\/\/www.orto24.lt\/en\/#website\",\"url\":\"https:\/\/www.orto24.lt\/en\/\",\"name\":\"Ortopedini\u0173 preki\u0173 parduotuv\u0117 - orto24.lt\",\"description\":\"| orto24.lt\",\"potentialAction\":[{\"@type\":\"SearchAction\",\"target\":{\"@type\":\"EntryPoint\",\"urlTemplate\":\"https:\/\/www.orto24.lt\/en\/?s={search_term_string}\"},\"query-input\":{\"@type\":\"PropertyValueSpecification\",\"valueRequired\":true,\"valueName\":\"search_term_string\"}}],\"inLanguage\":\"en-US\"}]}<\/script>\n<!-- \/ Yoast SEO plugin. -->","yoast_head_json":{"title":"BORT silicone midsole with joint protection - Ortopedini\u0173 preki\u0173 parduotuv\u0117 - orto24.lt","description":"The silicone interdigital pad with joint protector tightly covers the painful area of the first finger joint (Hallux Valgus).","robots":{"index":"index","follow":"follow","max-snippet":"max-snippet:-1","max-image-preview":"max-image-preview:large","max-video-preview":"max-video-preview:-1"},"canonical":"https:\/\/www.orto24.lt\/en\/produktas\/bort-silicone-midsole-with-joint-protection\/","og_locale":"en_US","og_type":"article","og_title":"BORT silicone midsole with joint protection - Ortopedini\u0173 preki\u0173 parduotuv\u0117 - orto24.lt","og_description":"The silicone interdigital pad with joint protector tightly covers the painful area of the first finger joint (Hallux Valgus).","og_url":"https:\/\/www.orto24.lt\/en\/produktas\/bort-silicone-midsole-with-joint-protection\/","og_site_name":"Ortopedini\u0173 preki\u0173 parduotuv\u0117 - orto24.lt","article_publisher":"https:\/\/www.facebook.com\/mtsprendimai\/","og_image":[{"width":500,"height":500,"url":"https:\/\/www.orto24.lt\/wp-content\/uploads\/2020\/10\/107140.jpg","type":"image\/jpeg"}],"twitter_card":"summary_large_image","schema":{"@context":"https:\/\/schema.org","@graph":[{"@type":"WebPage","@id":"https:\/\/www.orto24.lt\/en\/produktas\/bort-silicone-midsole-with-joint-protection\/","url":"https:\/\/www.orto24.lt\/en\/produktas\/bort-silicone-midsole-with-joint-protection\/","name":"BORT silicone midsole with joint protection - Ortopedini\u0173 preki\u0173 parduotuv\u0117 - orto24.lt","isPartOf":{"@id":"https:\/\/www.orto24.lt\/en\/#website"},"primaryImageOfPage":{"@id":"https:\/\/www.orto24.lt\/en\/produktas\/bort-silicone-midsole-with-joint-protection\/#primaryimage"},"image":{"@id":"https:\/\/www.orto24.lt\/en\/produktas\/bort-silicone-midsole-with-joint-protection\/#primaryimage"},"thumbnailUrl":"https:\/\/www.orto24.lt\/wp-content\/uploads\/2020\/10\/107140.jpg","datePublished":"2020-10-22T07:29:33+00:00","description":"The silicone interdigital pad with joint protector tightly covers the painful area of the first finger joint (Hallux Valgus).","breadcrumb":{"@id":"https:\/\/www.orto24.lt\/en\/produktas\/bort-silicone-midsole-with-joint-protection\/#breadcrumb"},"inLanguage":"en-US","potentialAction":[{"@type":"ReadAction","target":["https:\/\/www.orto24.lt\/en\/produktas\/bort-silicone-midsole-with-joint-protection\/"]}]},{"@type":"ImageObject","inLanguage":"en-US","@id":"https:\/\/www.orto24.lt\/en\/produktas\/bort-silicone-midsole-with-joint-protection\/#primaryimage","url":"https:\/\/www.orto24.lt\/wp-content\/uploads\/2020\/10\/107140.jpg","contentUrl":"https:\/\/www.orto24.lt\/wp-content\/uploads\/2020\/10\/107140.jpg","width":500,"height":500,"caption":"BORT silicone midsole with joint protection"},{"@type":"BreadcrumbList","@id":"https:\/\/www.orto24.lt\/en\/produktas\/bort-silicone-midsole-with-joint-protection\/#breadcrumb","itemListElement":[{"@type":"ListItem","position":1,"name":"Home","item":"https:\/\/www.orto24.lt\/en\/"},{"@type":"ListItem","position":2,"name":"Shop","item":"https:\/\/www.orto24.lt\/en\/shop\/"},{"@type":"ListItem","position":3,"name":"BORT silicone midsole with joint protection"}]},{"@type":"WebSite","@id":"https:\/\/www.orto24.lt\/en\/#website","url":"https:\/\/www.orto24.lt\/en\/","name":"Ortopedini\u0173 preki\u0173 parduotuv\u0117 - orto24.lt","description":"| orto24.lt","potentialAction":[{"@type":"SearchAction","target":{"@type":"EntryPoint","urlTemplate":"https:\/\/www.orto24.lt\/en\/?s={search_term_string}"},"query-input":{"@type":"PropertyValueSpecification","valueRequired":true,"valueName":"search_term_string"}}],"inLanguage":"en-US"}]}},"_links":{"self":[{"href":"https:\/\/www.orto24.lt\/en\/wp-json\/wp\/v2\/product\/30504","targetHints":{"allow":["GET"]}}],"collection":[{"href":"https:\/\/www.orto24.lt\/en\/wp-json\/wp\/v2\/product"}],"about":[{"href":"https:\/\/www.orto24.lt\/en\/wp-json\/wp\/v2\/types\/product"}],"replies":[{"embeddable":true,"href":"https:\/\/www.orto24.lt\/en\/wp-json\/wp\/v2\/comments?post=30504"}],"version-history":[{"count":0,"href":"https:\/\/www.orto24.lt\/en\/wp-json\/wp\/v2\/product\/30504\/revisions"}],"wp:featuredmedia":[{"embeddable":true,"href":"https:\/\/www.orto24.lt\/en\/wp-json\/wp\/v2\/media\/30506"}],"wp:attachment":[{"href":"https:\/\/www.orto24.lt\/en\/wp-json\/wp\/v2\/media?parent=30504"}],"wp:term":[{"taxonomy":"product_brand","embeddable":true,"href":"https:\/\/www.orto24.lt\/en\/wp-json\/wp\/v2\/product_brand?post=30504"},{"taxonomy":"product_cat","embeddable":true,"href":"https:\/\/www.orto24.lt\/en\/wp-json\/wp\/v2\/product_cat?post=30504"},{"taxonomy":"product_tag","embeddable":true,"href":"https:\/\/www.orto24.lt\/en\/wp-json\/wp\/v2\/product_tag?post=30504"}],"curies":[{"name":"wp","href":"https:\/\/api.w.org\/{rel}","templated":true}]}}