{"id":30505,"date":"2020-11-09T13:28:30","date_gmt":"2020-11-09T13:28:30","guid":{"rendered":"https:\/\/www.orto24.lt\/produktas\/summer-rubber-nozzle-16-mm-black\/"},"modified":"2020-11-09T13:28:30","modified_gmt":"2020-11-09T13:28:30","slug":"summer-rubber-nozzle-16-mm-black","status":"publish","type":"product","link":"https:\/\/www.orto24.lt\/en\/produktas\/summer-rubber-nozzle-16-mm-black\/","title":{"rendered":"Summer Rubber Nozzle 16 mm black"},"content":{"rendered":"<ul>\n<li>Rubber tip suitable for wand or crutch.<\/li>\n<li>The base is reinforced with a metal plate.<\/li>\n<li>Suitable for 16 mm diameter pipe.<\/li>\n<\/ul>\n","protected":false},"excerpt":{"rendered":"<p>Rubber tip suitable for wand or crutch. Base reinforced with metal plate. Suitable for 16 mm diameter pipe.  <\/p>\n","protected":false},"featured_media":30508,"comment_status":"open","ping_status":"closed","template":"","meta":[],"product_brand":[],"product_cat":[1418],"product_tag":[1426,1425,1424,1423],"class_list":{"0":"post-30505","1":"product","2":"type-product","3":"status-publish","4":"has-post-thumbnail","6":"product_cat-crutches-and-sticks","7":"product_tag-for-rament","8":"product_tag-for-rods","9":"product_tag-nozzle","10":"product_tag-rubber","12":"first","13":"instock","14":"taxable","15":"shipping-taxable","16":"purchasable","17":"product-type-simple"},"yoast_head":"<!-- This site is optimized with the Yoast SEO plugin v26.0 - https:\/\/yoast.com\/wordpress\/plugins\/seo\/ -->\n<title>Summer Rubber Nozzle 16 mm black - Ortopedini\u0173 preki\u0173 parduotuv\u0117 - orto24.lt<\/title>\n<meta name=\"description\" content=\"Rubber tip suitable for wand or crank crutches.\" \/>\n<meta name=\"robots\" content=\"index, follow, max-snippet:-1, max-image-preview:large, max-video-preview:-1\" \/>\n<link rel=\"canonical\" href=\"https:\/\/www.orto24.lt\/en\/produktas\/summer-rubber-nozzle-16-mm-black\/\" \/>\n<meta property=\"og:locale\" content=\"en_US\" \/>\n<meta property=\"og:type\" content=\"article\" \/>\n<meta property=\"og:title\" content=\"Summer Rubber Nozzle 16 mm black - Ortopedini\u0173 preki\u0173 parduotuv\u0117 - orto24.lt\" \/>\n<meta property=\"og:description\" content=\"Rubber tip suitable for wand or crank crutches.\" \/>\n<meta property=\"og:url\" content=\"https:\/\/www.orto24.lt\/en\/produktas\/summer-rubber-nozzle-16-mm-black\/\" \/>\n<meta property=\"og:site_name\" content=\"Ortopedini\u0173 preki\u0173 parduotuv\u0117 - orto24.lt\" \/>\n<meta property=\"article:publisher\" content=\"https:\/\/www.facebook.com\/mtsprendimai\/\" \/>\n<meta property=\"og:image\" content=\"https:\/\/www.orto24.lt\/wp-content\/uploads\/2020\/11\/vasarinis-guminis-antgalis-juodas-16-mm_prekesbig19965.jpg\" \/>\n\t<meta property=\"og:image:width\" content=\"1000\" \/>\n\t<meta property=\"og:image:height\" content=\"893\" \/>\n\t<meta property=\"og:image:type\" content=\"image\/jpeg\" \/>\n<meta name=\"twitter:card\" content=\"summary_large_image\" \/>\n<script type=\"application\/ld+json\" class=\"yoast-schema-graph\">{\"@context\":\"https:\/\/schema.org\",\"@graph\":[{\"@type\":\"WebPage\",\"@id\":\"https:\/\/www.orto24.lt\/en\/produktas\/summer-rubber-nozzle-16-mm-black\/\",\"url\":\"https:\/\/www.orto24.lt\/en\/produktas\/summer-rubber-nozzle-16-mm-black\/\",\"name\":\"Summer Rubber Nozzle 16 mm black - Ortopedini\u0173 preki\u0173 parduotuv\u0117 - orto24.lt\",\"isPartOf\":{\"@id\":\"https:\/\/www.orto24.lt\/en\/#website\"},\"primaryImageOfPage\":{\"@id\":\"https:\/\/www.orto24.lt\/en\/produktas\/summer-rubber-nozzle-16-mm-black\/#primaryimage\"},\"image\":{\"@id\":\"https:\/\/www.orto24.lt\/en\/produktas\/summer-rubber-nozzle-16-mm-black\/#primaryimage\"},\"thumbnailUrl\":\"https:\/\/www.orto24.lt\/wp-content\/uploads\/2020\/11\/vasarinis-guminis-antgalis-juodas-16-mm_prekesbig19965.jpg\",\"datePublished\":\"2020-11-09T13:28:30+00:00\",\"description\":\"Rubber tip suitable for wand or crank crutches.\",\"breadcrumb\":{\"@id\":\"https:\/\/www.orto24.lt\/en\/produktas\/summer-rubber-nozzle-16-mm-black\/#breadcrumb\"},\"inLanguage\":\"en-US\",\"potentialAction\":[{\"@type\":\"ReadAction\",\"target\":[\"https:\/\/www.orto24.lt\/en\/produktas\/summer-rubber-nozzle-16-mm-black\/\"]}]},{\"@type\":\"ImageObject\",\"inLanguage\":\"en-US\",\"@id\":\"https:\/\/www.orto24.lt\/en\/produktas\/summer-rubber-nozzle-16-mm-black\/#primaryimage\",\"url\":\"https:\/\/www.orto24.lt\/wp-content\/uploads\/2020\/11\/vasarinis-guminis-antgalis-juodas-16-mm_prekesbig19965.jpg\",\"contentUrl\":\"https:\/\/www.orto24.lt\/wp-content\/uploads\/2020\/11\/vasarinis-guminis-antgalis-juodas-16-mm_prekesbig19965.jpg\",\"width\":1000,\"height\":893,\"caption\":\"Summer Rubber Nozzle 16 mm black\"},{\"@type\":\"BreadcrumbList\",\"@id\":\"https:\/\/www.orto24.lt\/en\/produktas\/summer-rubber-nozzle-16-mm-black\/#breadcrumb\",\"itemListElement\":[{\"@type\":\"ListItem\",\"position\":1,\"name\":\"Home\",\"item\":\"https:\/\/www.orto24.lt\/en\/\"},{\"@type\":\"ListItem\",\"position\":2,\"name\":\"Shop\",\"item\":\"https:\/\/www.orto24.lt\/en\/shop\/\"},{\"@type\":\"ListItem\",\"position\":3,\"name\":\"Summer Rubber Nozzle 16 mm black\"}]},{\"@type\":\"WebSite\",\"@id\":\"https:\/\/www.orto24.lt\/en\/#website\",\"url\":\"https:\/\/www.orto24.lt\/en\/\",\"name\":\"Ortopedini\u0173 preki\u0173 parduotuv\u0117 - orto24.lt\",\"description\":\"| orto24.lt\",\"potentialAction\":[{\"@type\":\"SearchAction\",\"target\":{\"@type\":\"EntryPoint\",\"urlTemplate\":\"https:\/\/www.orto24.lt\/en\/?s={search_term_string}\"},\"query-input\":{\"@type\":\"PropertyValueSpecification\",\"valueRequired\":true,\"valueName\":\"search_term_string\"}}],\"inLanguage\":\"en-US\"}]}<\/script>\n<!-- \/ Yoast SEO plugin. -->","yoast_head_json":{"title":"Summer Rubber Nozzle 16 mm black - Ortopedini\u0173 preki\u0173 parduotuv\u0117 - orto24.lt","description":"Rubber tip suitable for wand or crank crutches.","robots":{"index":"index","follow":"follow","max-snippet":"max-snippet:-1","max-image-preview":"max-image-preview:large","max-video-preview":"max-video-preview:-1"},"canonical":"https:\/\/www.orto24.lt\/en\/produktas\/summer-rubber-nozzle-16-mm-black\/","og_locale":"en_US","og_type":"article","og_title":"Summer Rubber Nozzle 16 mm black - Ortopedini\u0173 preki\u0173 parduotuv\u0117 - orto24.lt","og_description":"Rubber tip suitable for wand or crank crutches.","og_url":"https:\/\/www.orto24.lt\/en\/produktas\/summer-rubber-nozzle-16-mm-black\/","og_site_name":"Ortopedini\u0173 preki\u0173 parduotuv\u0117 - orto24.lt","article_publisher":"https:\/\/www.facebook.com\/mtsprendimai\/","og_image":[{"width":1000,"height":893,"url":"https:\/\/www.orto24.lt\/wp-content\/uploads\/2020\/11\/vasarinis-guminis-antgalis-juodas-16-mm_prekesbig19965.jpg","type":"image\/jpeg"}],"twitter_card":"summary_large_image","schema":{"@context":"https:\/\/schema.org","@graph":[{"@type":"WebPage","@id":"https:\/\/www.orto24.lt\/en\/produktas\/summer-rubber-nozzle-16-mm-black\/","url":"https:\/\/www.orto24.lt\/en\/produktas\/summer-rubber-nozzle-16-mm-black\/","name":"Summer Rubber Nozzle 16 mm black - Ortopedini\u0173 preki\u0173 parduotuv\u0117 - orto24.lt","isPartOf":{"@id":"https:\/\/www.orto24.lt\/en\/#website"},"primaryImageOfPage":{"@id":"https:\/\/www.orto24.lt\/en\/produktas\/summer-rubber-nozzle-16-mm-black\/#primaryimage"},"image":{"@id":"https:\/\/www.orto24.lt\/en\/produktas\/summer-rubber-nozzle-16-mm-black\/#primaryimage"},"thumbnailUrl":"https:\/\/www.orto24.lt\/wp-content\/uploads\/2020\/11\/vasarinis-guminis-antgalis-juodas-16-mm_prekesbig19965.jpg","datePublished":"2020-11-09T13:28:30+00:00","description":"Rubber tip suitable for wand or crank crutches.","breadcrumb":{"@id":"https:\/\/www.orto24.lt\/en\/produktas\/summer-rubber-nozzle-16-mm-black\/#breadcrumb"},"inLanguage":"en-US","potentialAction":[{"@type":"ReadAction","target":["https:\/\/www.orto24.lt\/en\/produktas\/summer-rubber-nozzle-16-mm-black\/"]}]},{"@type":"ImageObject","inLanguage":"en-US","@id":"https:\/\/www.orto24.lt\/en\/produktas\/summer-rubber-nozzle-16-mm-black\/#primaryimage","url":"https:\/\/www.orto24.lt\/wp-content\/uploads\/2020\/11\/vasarinis-guminis-antgalis-juodas-16-mm_prekesbig19965.jpg","contentUrl":"https:\/\/www.orto24.lt\/wp-content\/uploads\/2020\/11\/vasarinis-guminis-antgalis-juodas-16-mm_prekesbig19965.jpg","width":1000,"height":893,"caption":"Summer Rubber Nozzle 16 mm black"},{"@type":"BreadcrumbList","@id":"https:\/\/www.orto24.lt\/en\/produktas\/summer-rubber-nozzle-16-mm-black\/#breadcrumb","itemListElement":[{"@type":"ListItem","position":1,"name":"Home","item":"https:\/\/www.orto24.lt\/en\/"},{"@type":"ListItem","position":2,"name":"Shop","item":"https:\/\/www.orto24.lt\/en\/shop\/"},{"@type":"ListItem","position":3,"name":"Summer Rubber Nozzle 16 mm black"}]},{"@type":"WebSite","@id":"https:\/\/www.orto24.lt\/en\/#website","url":"https:\/\/www.orto24.lt\/en\/","name":"Ortopedini\u0173 preki\u0173 parduotuv\u0117 - orto24.lt","description":"| orto24.lt","potentialAction":[{"@type":"SearchAction","target":{"@type":"EntryPoint","urlTemplate":"https:\/\/www.orto24.lt\/en\/?s={search_term_string}"},"query-input":{"@type":"PropertyValueSpecification","valueRequired":true,"valueName":"search_term_string"}}],"inLanguage":"en-US"}]}},"_links":{"self":[{"href":"https:\/\/www.orto24.lt\/en\/wp-json\/wp\/v2\/product\/30505","targetHints":{"allow":["GET"]}}],"collection":[{"href":"https:\/\/www.orto24.lt\/en\/wp-json\/wp\/v2\/product"}],"about":[{"href":"https:\/\/www.orto24.lt\/en\/wp-json\/wp\/v2\/types\/product"}],"replies":[{"embeddable":true,"href":"https:\/\/www.orto24.lt\/en\/wp-json\/wp\/v2\/comments?post=30505"}],"version-history":[{"count":0,"href":"https:\/\/www.orto24.lt\/en\/wp-json\/wp\/v2\/product\/30505\/revisions"}],"wp:featuredmedia":[{"embeddable":true,"href":"https:\/\/www.orto24.lt\/en\/wp-json\/wp\/v2\/media\/30508"}],"wp:attachment":[{"href":"https:\/\/www.orto24.lt\/en\/wp-json\/wp\/v2\/media?parent=30505"}],"wp:term":[{"taxonomy":"product_brand","embeddable":true,"href":"https:\/\/www.orto24.lt\/en\/wp-json\/wp\/v2\/product_brand?post=30505"},{"taxonomy":"product_cat","embeddable":true,"href":"https:\/\/www.orto24.lt\/en\/wp-json\/wp\/v2\/product_cat?post=30505"},{"taxonomy":"product_tag","embeddable":true,"href":"https:\/\/www.orto24.lt\/en\/wp-json\/wp\/v2\/product_tag?post=30505"}],"curies":[{"name":"wp","href":"https:\/\/api.w.org\/{rel}","templated":true}]}}