{"id":30522,"date":"2020-10-29T09:32:48","date_gmt":"2020-10-29T09:32:48","guid":{"rendered":"https:\/\/www.orto24.lt\/produktas\/elbow-crutch\/"},"modified":"2020-10-29T09:32:48","modified_gmt":"2020-10-29T09:32:48","slug":"elbow-crutch","status":"publish","type":"product","link":"https:\/\/www.orto24.lt\/en\/produktas\/elbow-crutch\/","title":{"rendered":"Elbow crutch"},"content":{"rendered":"<p>Sturdy aluminium crutch with open plastic handle. Crutch size M is suitable for height 140-185 cm and size L is suitable for height 185 cm and above. The crutch is suitable for weights up to 140 kg.  <\/p>\n<p>Size M<\/p>\n<div class=\"productPageAlignment\">\n<div class=\"productDetailsTable\">\n<table class=\"lenteletech\">\n<tbody>\n<tr>\n<td>Maximum load, kg<\/td>\n<td>140<\/td>\n<\/tr>\n<tr class=\"antras\">\n<td>Weight, kg<\/td>\n<td>0.55<\/td>\n<\/tr>\n<tr>\n<td>Overall height, cm<\/td>\n<td>76-96<\/td>\n<\/tr>\n<\/tbody>\n<\/table>\n<\/div>\n<\/div>\n<div><\/div>\n<div class=\"productPageAlignment\">\n<div class=\"productDetailsTable\">\n<div><\/div>\n<div class=\"heading\">L size<\/div>\n<table class=\"lenteletech\">\n<tbody>\n<tr>\n<td>Maximum load, kg<\/td>\n<td>140<\/td>\n<\/tr>\n<tr class=\"antras\">\n<td>Weight, kg<\/td>\n<td>0.55<\/td>\n<\/tr>\n<tr>\n<td>Overall height, cm<\/td>\n<td>90-110<\/td>\n<\/tr>\n<\/tbody>\n<\/table>\n<\/div>\n<\/div>\n<div class=\"productPageAlignment\"><\/div>\n","protected":false},"excerpt":{"rendered":"<p>Sturdy aluminium crutch with open plastic handle. Crutch size M is suitable for height 140-185 cm and size L is suitable for height 185 cm and above. The crutch is suitable for weights up to 140 kg.  <\/p>\n<p>&nbsp;<\/p>\n","protected":false},"featured_media":30525,"comment_status":"open","ping_status":"closed","template":"","meta":[],"product_brand":[],"product_cat":[1418],"product_tag":[1432,1433,1434],"class_list":{"0":"post-30522","1":"product","2":"type-product","3":"status-publish","4":"has-post-thumbnail","6":"product_cat-crutches-and-sticks","7":"product_tag-crutch","8":"product_tag-crutches","9":"product_tag-elbow-crutch","11":"first","12":"instock","13":"taxable","14":"shipping-taxable","15":"purchasable","16":"product-type-variable"},"yoast_head":"<!-- This site is optimized with the Yoast SEO plugin v26.0 - https:\/\/yoast.com\/wordpress\/plugins\/seo\/ -->\n<title>Elbow crutch - Ortopedini\u0173 preki\u0173 parduotuv\u0117 - orto24.lt<\/title>\n<meta name=\"description\" content=\"Sturdy aluminium crutch with open plastic handle.\" \/>\n<meta name=\"robots\" content=\"index, follow, max-snippet:-1, max-image-preview:large, max-video-preview:-1\" \/>\n<link rel=\"canonical\" href=\"https:\/\/www.orto24.lt\/en\/produktas\/elbow-crutch\/\" \/>\n<meta property=\"og:locale\" content=\"en_US\" \/>\n<meta property=\"og:type\" content=\"article\" \/>\n<meta property=\"og:title\" content=\"Elbow crutch - Ortopedini\u0173 preki\u0173 parduotuv\u0117 - orto24.lt\" \/>\n<meta property=\"og:description\" content=\"Sturdy aluminium crutch with open plastic handle.\" \/>\n<meta property=\"og:url\" content=\"https:\/\/www.orto24.lt\/en\/produktas\/elbow-crutch\/\" \/>\n<meta property=\"og:site_name\" content=\"Ortopedini\u0173 preki\u0173 parduotuv\u0117 - orto24.lt\" \/>\n<meta property=\"article:publisher\" content=\"https:\/\/www.facebook.com\/mtsprendimai\/\" \/>\n<meta property=\"og:image\" content=\"https:\/\/www.orto24.lt\/wp-content\/uploads\/2020\/10\/220dk.jpg\" \/>\n\t<meta property=\"og:image:width\" content=\"996\" \/>\n\t<meta property=\"og:image:height\" content=\"1000\" \/>\n\t<meta property=\"og:image:type\" content=\"image\/jpeg\" \/>\n<meta name=\"twitter:card\" content=\"summary_large_image\" \/>\n<script type=\"application\/ld+json\" class=\"yoast-schema-graph\">{\"@context\":\"https:\/\/schema.org\",\"@graph\":[{\"@type\":\"WebPage\",\"@id\":\"https:\/\/www.orto24.lt\/en\/produktas\/elbow-crutch\/\",\"url\":\"https:\/\/www.orto24.lt\/en\/produktas\/elbow-crutch\/\",\"name\":\"Elbow crutch - Ortopedini\u0173 preki\u0173 parduotuv\u0117 - orto24.lt\",\"isPartOf\":{\"@id\":\"https:\/\/www.orto24.lt\/en\/#website\"},\"primaryImageOfPage\":{\"@id\":\"https:\/\/www.orto24.lt\/en\/produktas\/elbow-crutch\/#primaryimage\"},\"image\":{\"@id\":\"https:\/\/www.orto24.lt\/en\/produktas\/elbow-crutch\/#primaryimage\"},\"thumbnailUrl\":\"https:\/\/www.orto24.lt\/wp-content\/uploads\/2020\/10\/220dk.jpg\",\"datePublished\":\"2020-10-29T09:32:48+00:00\",\"description\":\"Sturdy aluminium crutch with open plastic handle.\",\"breadcrumb\":{\"@id\":\"https:\/\/www.orto24.lt\/en\/produktas\/elbow-crutch\/#breadcrumb\"},\"inLanguage\":\"en-US\",\"potentialAction\":[{\"@type\":\"ReadAction\",\"target\":[\"https:\/\/www.orto24.lt\/en\/produktas\/elbow-crutch\/\"]}]},{\"@type\":\"ImageObject\",\"inLanguage\":\"en-US\",\"@id\":\"https:\/\/www.orto24.lt\/en\/produktas\/elbow-crutch\/#primaryimage\",\"url\":\"https:\/\/www.orto24.lt\/wp-content\/uploads\/2020\/10\/220dk.jpg\",\"contentUrl\":\"https:\/\/www.orto24.lt\/wp-content\/uploads\/2020\/10\/220dk.jpg\",\"width\":996,\"height\":1000,\"caption\":\"Elbow crutch\"},{\"@type\":\"BreadcrumbList\",\"@id\":\"https:\/\/www.orto24.lt\/en\/produktas\/elbow-crutch\/#breadcrumb\",\"itemListElement\":[{\"@type\":\"ListItem\",\"position\":1,\"name\":\"Home\",\"item\":\"https:\/\/www.orto24.lt\/en\/\"},{\"@type\":\"ListItem\",\"position\":2,\"name\":\"Shop\",\"item\":\"https:\/\/www.orto24.lt\/en\/shop\/\"},{\"@type\":\"ListItem\",\"position\":3,\"name\":\"Elbow crutch\"}]},{\"@type\":\"WebSite\",\"@id\":\"https:\/\/www.orto24.lt\/en\/#website\",\"url\":\"https:\/\/www.orto24.lt\/en\/\",\"name\":\"Ortopedini\u0173 preki\u0173 parduotuv\u0117 - orto24.lt\",\"description\":\"| orto24.lt\",\"potentialAction\":[{\"@type\":\"SearchAction\",\"target\":{\"@type\":\"EntryPoint\",\"urlTemplate\":\"https:\/\/www.orto24.lt\/en\/?s={search_term_string}\"},\"query-input\":{\"@type\":\"PropertyValueSpecification\",\"valueRequired\":true,\"valueName\":\"search_term_string\"}}],\"inLanguage\":\"en-US\"}]}<\/script>\n<!-- \/ Yoast SEO plugin. -->","yoast_head_json":{"title":"Elbow crutch - Ortopedini\u0173 preki\u0173 parduotuv\u0117 - orto24.lt","description":"Sturdy aluminium crutch with open plastic handle.","robots":{"index":"index","follow":"follow","max-snippet":"max-snippet:-1","max-image-preview":"max-image-preview:large","max-video-preview":"max-video-preview:-1"},"canonical":"https:\/\/www.orto24.lt\/en\/produktas\/elbow-crutch\/","og_locale":"en_US","og_type":"article","og_title":"Elbow crutch - Ortopedini\u0173 preki\u0173 parduotuv\u0117 - orto24.lt","og_description":"Sturdy aluminium crutch with open plastic handle.","og_url":"https:\/\/www.orto24.lt\/en\/produktas\/elbow-crutch\/","og_site_name":"Ortopedini\u0173 preki\u0173 parduotuv\u0117 - orto24.lt","article_publisher":"https:\/\/www.facebook.com\/mtsprendimai\/","og_image":[{"width":996,"height":1000,"url":"https:\/\/www.orto24.lt\/wp-content\/uploads\/2020\/10\/220dk.jpg","type":"image\/jpeg"}],"twitter_card":"summary_large_image","schema":{"@context":"https:\/\/schema.org","@graph":[{"@type":"WebPage","@id":"https:\/\/www.orto24.lt\/en\/produktas\/elbow-crutch\/","url":"https:\/\/www.orto24.lt\/en\/produktas\/elbow-crutch\/","name":"Elbow crutch - Ortopedini\u0173 preki\u0173 parduotuv\u0117 - orto24.lt","isPartOf":{"@id":"https:\/\/www.orto24.lt\/en\/#website"},"primaryImageOfPage":{"@id":"https:\/\/www.orto24.lt\/en\/produktas\/elbow-crutch\/#primaryimage"},"image":{"@id":"https:\/\/www.orto24.lt\/en\/produktas\/elbow-crutch\/#primaryimage"},"thumbnailUrl":"https:\/\/www.orto24.lt\/wp-content\/uploads\/2020\/10\/220dk.jpg","datePublished":"2020-10-29T09:32:48+00:00","description":"Sturdy aluminium crutch with open plastic handle.","breadcrumb":{"@id":"https:\/\/www.orto24.lt\/en\/produktas\/elbow-crutch\/#breadcrumb"},"inLanguage":"en-US","potentialAction":[{"@type":"ReadAction","target":["https:\/\/www.orto24.lt\/en\/produktas\/elbow-crutch\/"]}]},{"@type":"ImageObject","inLanguage":"en-US","@id":"https:\/\/www.orto24.lt\/en\/produktas\/elbow-crutch\/#primaryimage","url":"https:\/\/www.orto24.lt\/wp-content\/uploads\/2020\/10\/220dk.jpg","contentUrl":"https:\/\/www.orto24.lt\/wp-content\/uploads\/2020\/10\/220dk.jpg","width":996,"height":1000,"caption":"Elbow crutch"},{"@type":"BreadcrumbList","@id":"https:\/\/www.orto24.lt\/en\/produktas\/elbow-crutch\/#breadcrumb","itemListElement":[{"@type":"ListItem","position":1,"name":"Home","item":"https:\/\/www.orto24.lt\/en\/"},{"@type":"ListItem","position":2,"name":"Shop","item":"https:\/\/www.orto24.lt\/en\/shop\/"},{"@type":"ListItem","position":3,"name":"Elbow crutch"}]},{"@type":"WebSite","@id":"https:\/\/www.orto24.lt\/en\/#website","url":"https:\/\/www.orto24.lt\/en\/","name":"Ortopedini\u0173 preki\u0173 parduotuv\u0117 - orto24.lt","description":"| orto24.lt","potentialAction":[{"@type":"SearchAction","target":{"@type":"EntryPoint","urlTemplate":"https:\/\/www.orto24.lt\/en\/?s={search_term_string}"},"query-input":{"@type":"PropertyValueSpecification","valueRequired":true,"valueName":"search_term_string"}}],"inLanguage":"en-US"}]}},"_links":{"self":[{"href":"https:\/\/www.orto24.lt\/en\/wp-json\/wp\/v2\/product\/30522","targetHints":{"allow":["GET"]}}],"collection":[{"href":"https:\/\/www.orto24.lt\/en\/wp-json\/wp\/v2\/product"}],"about":[{"href":"https:\/\/www.orto24.lt\/en\/wp-json\/wp\/v2\/types\/product"}],"replies":[{"embeddable":true,"href":"https:\/\/www.orto24.lt\/en\/wp-json\/wp\/v2\/comments?post=30522"}],"version-history":[{"count":0,"href":"https:\/\/www.orto24.lt\/en\/wp-json\/wp\/v2\/product\/30522\/revisions"}],"wp:featuredmedia":[{"embeddable":true,"href":"https:\/\/www.orto24.lt\/en\/wp-json\/wp\/v2\/media\/30525"}],"wp:attachment":[{"href":"https:\/\/www.orto24.lt\/en\/wp-json\/wp\/v2\/media?parent=30522"}],"wp:term":[{"taxonomy":"product_brand","embeddable":true,"href":"https:\/\/www.orto24.lt\/en\/wp-json\/wp\/v2\/product_brand?post=30522"},{"taxonomy":"product_cat","embeddable":true,"href":"https:\/\/www.orto24.lt\/en\/wp-json\/wp\/v2\/product_cat?post=30522"},{"taxonomy":"product_tag","embeddable":true,"href":"https:\/\/www.orto24.lt\/en\/wp-json\/wp\/v2\/product_tag?post=30522"}],"curies":[{"name":"wp","href":"https:\/\/api.w.org\/{rel}","templated":true}]}}