{"id":30535,"date":"2022-05-09T10:06:01","date_gmt":"2022-05-09T10:06:01","guid":{"rendered":"https:\/\/www.orto24.lt\/produktas\/prim-long-abdominal-splint\/"},"modified":"2022-05-09T10:06:01","modified_gmt":"2022-05-09T10:06:01","slug":"prim-long-abdominal-splint","status":"publish","type":"product","link":"https:\/\/www.orto24.lt\/en\/produktas\/prim-long-abdominal-splint\/","title":{"rendered":"PRIM long abdominal splint"},"content":{"rendered":"<p>An abdominal splint is used to strengthen the anterior abdominal wall. The brace provides balanced pressure in the abdomen. The Velcro strap helps to provide the right amount of tension and the elastic material adapts to the shape of the body.  <\/p>\n<p>The height of the railing is 32 cm.<\/p>\n<p>Material properties:<\/p>\n<ul>\n<li>antibacterial,<\/li>\n<li>allows the skin to breathe,<\/li>\n<li>latex-free.<\/li>\n<\/ul>\n<p><strong>Recommended:<\/strong><\/p>\n<ul>\n<li>After abdominal surgery,<\/li>\n<li>After giving birth,<\/li>\n<li>For abdominal hernias,<\/li>\n<li>In case of abdominal muscle weakness,<\/li>\n<li>Abdominal and peritoneal lesions,<\/li>\n<li>In case of abdominal muscle strain.<\/li>\n<\/ul>\n<p><strong>Contraindications:<\/strong><\/p>\n<ul>\n<li>peripheral circulatory disorders,<\/li>\n<li>Lymphatic disorders,<\/li>\n<li>Reduced tissue sensitivity,<\/li>\n<li>Local skin diseases,<\/li>\n<li>increased sensitivity to raw material components.<\/li>\n<\/ul>\n<p><strong>Further instructions:<\/strong><br \/>\nIt is not recommended to wear the splint at night to avoid disturbing blood circulation. Unless your doctor prescribes wearing the splint for a longer period of time. In case of numbness, it is recommended to remove the splint as soon as possible.  <\/p>\n<p>It is not recommended to use creams and ointments when using the splint, as they can damage the splint material.<\/p>\n<p>The splint is washed with soap and water, drained and left to dry.<\/p>\n<p><img decoding=\"async\" class=\"wp-image-5391 size-full\" src=\"https:\/\/www.orto24.lt\/wp-content\/uploads\/2016\/02\/nugara.jpg\" sizes=\"(max-width: 221px) 100vw, 221px\" srcset=\"https:\/\/www.orto24.lt\/wp-content\/uploads\/2016\/02\/nugara.jpg 221w, https:\/\/www.orto24.lt\/wp-content\/uploads\/2016\/02\/nugara-24x20.jpg 24w, https:\/\/www.orto24.lt\/wp-content\/uploads\/2016\/02\/nugara-36x30.jpg 36w, https:\/\/www.orto24.lt\/wp-content\/uploads\/2016\/02\/nugara-48x40.jpg 48w\" alt=\"spin\" width=\"221\" height=\"185\" aria-describedby=\"caption-attachment-5391\"><\/p>\n<div id=\"attachment_5391\" class=\"wp-caption alignnone\">\n<p id=\"caption-attachment-5391\" class=\"wp-caption-text\">To determine the size, measure the specified location<\/p>\n<\/div>\n","protected":false},"excerpt":{"rendered":"<p>An abdominal splint is used to strengthen the anterior abdominal wall. The brace provides balanced pressure in the abdomen. The Velcro strap helps to provide the right amount of tension, while the elastic material adapts to the shape of the body.  <\/p>\n<p>Height of the rail 32cm.<\/p>\n<p><img fetchpriority=\"high\" decoding=\"async\" class=\"alignnone size-full wp-image-6530\" src=\"https:\/\/www.orto24.lt\/wp-content\/uploads\/2016\/03\/primlog.png\" alt=\"primlog\" width=\"325\" height=\"227\" srcset=\"https:\/\/www.orto24.lt\/wp-content\/uploads\/2016\/03\/primlog.png 325w, https:\/\/www.orto24.lt\/wp-content\/uploads\/2016\/03\/primlog-150x105.png 150w, https:\/\/www.orto24.lt\/wp-content\/uploads\/2016\/03\/primlog-300x210.png 300w, https:\/\/www.orto24.lt\/wp-content\/uploads\/2016\/03\/primlog-24x17.png 24w, https:\/\/www.orto24.lt\/wp-content\/uploads\/2016\/03\/primlog-36x25.png 36w, https:\/\/www.orto24.lt\/wp-content\/uploads\/2016\/03\/primlog-48x34.png 48w\" sizes=\"(max-width: 325px) 100vw, 325px\" \/><\/p>\n","protected":false},"featured_media":30538,"comment_status":"open","ping_status":"closed","template":"","meta":[],"product_brand":[],"product_cat":[1251,1101],"product_tag":[1439,1443,1438,1321,1324,1437,1277,1442,1440,1112,1441],"class_list":{"0":"post-30535","1":"product","2":"type-product","3":"status-publish","4":"has-post-thumbnail","6":"product_cat-abdominal-splints","7":"product_cat-braces","8":"product_tag-abdominal-hernia","9":"product_tag-abdominal-muscle-strain","10":"product_tag-abdominal-muscles","11":"product_tag-abdominal-splint","12":"product_tag-after-abdominal-surgery","13":"product_tag-after-childbirth","14":"product_tag-for-the-abdomen","15":"product_tag-lesions-of-the-peritoneum","16":"product_tag-long-mandrel","17":"product_tag-see","18":"product_tag-weakened-muscles","20":"first","21":"instock","22":"taxable","23":"shipping-taxable","24":"purchasable","25":"product-type-variable"},"yoast_head":"<!-- This site is optimized with the Yoast SEO plugin v26.0 - https:\/\/yoast.com\/wordpress\/plugins\/seo\/ -->\n<title>PRIM long abdominal splint - Ortopedini\u0173 preki\u0173 parduotuv\u0117 - orto24.lt<\/title>\n<meta name=\"robots\" content=\"index, follow, max-snippet:-1, max-image-preview:large, max-video-preview:-1\" \/>\n<link rel=\"canonical\" href=\"https:\/\/www.orto24.lt\/en\/produktas\/prim-long-abdominal-splint\/\" \/>\n<meta property=\"og:locale\" content=\"en_US\" \/>\n<meta property=\"og:type\" content=\"article\" \/>\n<meta property=\"og:title\" content=\"PRIM long abdominal splint - Ortopedini\u0173 preki\u0173 parduotuv\u0117 - orto24.lt\" \/>\n<meta property=\"og:description\" content=\"An abdominal splint is used to strengthen the anterior abdominal wall. The brace provides balanced pressure in the abdomen. The Velcro strap helps to provide the right amount of tension, while the elastic material adapts to the shape of the body.  Height of the rail 32cm.\" \/>\n<meta property=\"og:url\" content=\"https:\/\/www.orto24.lt\/en\/produktas\/prim-long-abdominal-splint\/\" \/>\n<meta property=\"og:site_name\" content=\"Ortopedini\u0173 preki\u0173 parduotuv\u0117 - orto24.lt\" \/>\n<meta property=\"article:publisher\" content=\"https:\/\/www.facebook.com\/mtsprendimai\/\" \/>\n<meta property=\"og:image\" content=\"https:\/\/www.orto24.lt\/wp-content\/uploads\/2022\/04\/PRS604.jpg\" \/>\n\t<meta property=\"og:image:width\" content=\"570\" \/>\n\t<meta property=\"og:image:height\" content=\"567\" \/>\n\t<meta property=\"og:image:type\" content=\"image\/jpeg\" \/>\n<meta name=\"twitter:card\" content=\"summary_large_image\" \/>\n<meta name=\"twitter:label1\" content=\"Est. reading time\" \/>\n\t<meta name=\"twitter:data1\" content=\"1 minute\" \/>\n<script type=\"application\/ld+json\" class=\"yoast-schema-graph\">{\"@context\":\"https:\/\/schema.org\",\"@graph\":[{\"@type\":\"WebPage\",\"@id\":\"https:\/\/www.orto24.lt\/en\/produktas\/prim-long-abdominal-splint\/\",\"url\":\"https:\/\/www.orto24.lt\/en\/produktas\/prim-long-abdominal-splint\/\",\"name\":\"PRIM long abdominal splint - Ortopedini\u0173 preki\u0173 parduotuv\u0117 - orto24.lt\",\"isPartOf\":{\"@id\":\"https:\/\/www.orto24.lt\/en\/#website\"},\"primaryImageOfPage\":{\"@id\":\"https:\/\/www.orto24.lt\/en\/produktas\/prim-long-abdominal-splint\/#primaryimage\"},\"image\":{\"@id\":\"https:\/\/www.orto24.lt\/en\/produktas\/prim-long-abdominal-splint\/#primaryimage\"},\"thumbnailUrl\":\"https:\/\/www.orto24.lt\/wp-content\/uploads\/2022\/04\/PRS604.jpg\",\"datePublished\":\"2022-05-09T10:06:01+00:00\",\"breadcrumb\":{\"@id\":\"https:\/\/www.orto24.lt\/en\/produktas\/prim-long-abdominal-splint\/#breadcrumb\"},\"inLanguage\":\"en-US\",\"potentialAction\":[{\"@type\":\"ReadAction\",\"target\":[\"https:\/\/www.orto24.lt\/en\/produktas\/prim-long-abdominal-splint\/\"]}]},{\"@type\":\"ImageObject\",\"inLanguage\":\"en-US\",\"@id\":\"https:\/\/www.orto24.lt\/en\/produktas\/prim-long-abdominal-splint\/#primaryimage\",\"url\":\"https:\/\/www.orto24.lt\/wp-content\/uploads\/2022\/04\/PRS604.jpg\",\"contentUrl\":\"https:\/\/www.orto24.lt\/wp-content\/uploads\/2022\/04\/PRS604.jpg\",\"width\":570,\"height\":567,\"caption\":\"PRIM long abdominal splint\"},{\"@type\":\"BreadcrumbList\",\"@id\":\"https:\/\/www.orto24.lt\/en\/produktas\/prim-long-abdominal-splint\/#breadcrumb\",\"itemListElement\":[{\"@type\":\"ListItem\",\"position\":1,\"name\":\"Home\",\"item\":\"https:\/\/www.orto24.lt\/en\/\"},{\"@type\":\"ListItem\",\"position\":2,\"name\":\"Shop\",\"item\":\"https:\/\/www.orto24.lt\/en\/shop\/\"},{\"@type\":\"ListItem\",\"position\":3,\"name\":\"PRIM long abdominal splint\"}]},{\"@type\":\"WebSite\",\"@id\":\"https:\/\/www.orto24.lt\/en\/#website\",\"url\":\"https:\/\/www.orto24.lt\/en\/\",\"name\":\"Ortopedini\u0173 preki\u0173 parduotuv\u0117 - orto24.lt\",\"description\":\"| orto24.lt\",\"potentialAction\":[{\"@type\":\"SearchAction\",\"target\":{\"@type\":\"EntryPoint\",\"urlTemplate\":\"https:\/\/www.orto24.lt\/en\/?s={search_term_string}\"},\"query-input\":{\"@type\":\"PropertyValueSpecification\",\"valueRequired\":true,\"valueName\":\"search_term_string\"}}],\"inLanguage\":\"en-US\"}]}<\/script>\n<!-- \/ Yoast SEO plugin. -->","yoast_head_json":{"title":"PRIM long abdominal splint - Ortopedini\u0173 preki\u0173 parduotuv\u0117 - orto24.lt","robots":{"index":"index","follow":"follow","max-snippet":"max-snippet:-1","max-image-preview":"max-image-preview:large","max-video-preview":"max-video-preview:-1"},"canonical":"https:\/\/www.orto24.lt\/en\/produktas\/prim-long-abdominal-splint\/","og_locale":"en_US","og_type":"article","og_title":"PRIM long abdominal splint - Ortopedini\u0173 preki\u0173 parduotuv\u0117 - orto24.lt","og_description":"An abdominal splint is used to strengthen the anterior abdominal wall. The brace provides balanced pressure in the abdomen. The Velcro strap helps to provide the right amount of tension, while the elastic material adapts to the shape of the body.  Height of the rail 32cm.","og_url":"https:\/\/www.orto24.lt\/en\/produktas\/prim-long-abdominal-splint\/","og_site_name":"Ortopedini\u0173 preki\u0173 parduotuv\u0117 - orto24.lt","article_publisher":"https:\/\/www.facebook.com\/mtsprendimai\/","og_image":[{"width":570,"height":567,"url":"https:\/\/www.orto24.lt\/wp-content\/uploads\/2022\/04\/PRS604.jpg","type":"image\/jpeg"}],"twitter_card":"summary_large_image","twitter_misc":{"Est. reading time":"1 minute"},"schema":{"@context":"https:\/\/schema.org","@graph":[{"@type":"WebPage","@id":"https:\/\/www.orto24.lt\/en\/produktas\/prim-long-abdominal-splint\/","url":"https:\/\/www.orto24.lt\/en\/produktas\/prim-long-abdominal-splint\/","name":"PRIM long abdominal splint - Ortopedini\u0173 preki\u0173 parduotuv\u0117 - orto24.lt","isPartOf":{"@id":"https:\/\/www.orto24.lt\/en\/#website"},"primaryImageOfPage":{"@id":"https:\/\/www.orto24.lt\/en\/produktas\/prim-long-abdominal-splint\/#primaryimage"},"image":{"@id":"https:\/\/www.orto24.lt\/en\/produktas\/prim-long-abdominal-splint\/#primaryimage"},"thumbnailUrl":"https:\/\/www.orto24.lt\/wp-content\/uploads\/2022\/04\/PRS604.jpg","datePublished":"2022-05-09T10:06:01+00:00","breadcrumb":{"@id":"https:\/\/www.orto24.lt\/en\/produktas\/prim-long-abdominal-splint\/#breadcrumb"},"inLanguage":"en-US","potentialAction":[{"@type":"ReadAction","target":["https:\/\/www.orto24.lt\/en\/produktas\/prim-long-abdominal-splint\/"]}]},{"@type":"ImageObject","inLanguage":"en-US","@id":"https:\/\/www.orto24.lt\/en\/produktas\/prim-long-abdominal-splint\/#primaryimage","url":"https:\/\/www.orto24.lt\/wp-content\/uploads\/2022\/04\/PRS604.jpg","contentUrl":"https:\/\/www.orto24.lt\/wp-content\/uploads\/2022\/04\/PRS604.jpg","width":570,"height":567,"caption":"PRIM long abdominal splint"},{"@type":"BreadcrumbList","@id":"https:\/\/www.orto24.lt\/en\/produktas\/prim-long-abdominal-splint\/#breadcrumb","itemListElement":[{"@type":"ListItem","position":1,"name":"Home","item":"https:\/\/www.orto24.lt\/en\/"},{"@type":"ListItem","position":2,"name":"Shop","item":"https:\/\/www.orto24.lt\/en\/shop\/"},{"@type":"ListItem","position":3,"name":"PRIM long abdominal splint"}]},{"@type":"WebSite","@id":"https:\/\/www.orto24.lt\/en\/#website","url":"https:\/\/www.orto24.lt\/en\/","name":"Ortopedini\u0173 preki\u0173 parduotuv\u0117 - orto24.lt","description":"| orto24.lt","potentialAction":[{"@type":"SearchAction","target":{"@type":"EntryPoint","urlTemplate":"https:\/\/www.orto24.lt\/en\/?s={search_term_string}"},"query-input":{"@type":"PropertyValueSpecification","valueRequired":true,"valueName":"search_term_string"}}],"inLanguage":"en-US"}]}},"_links":{"self":[{"href":"https:\/\/www.orto24.lt\/en\/wp-json\/wp\/v2\/product\/30535","targetHints":{"allow":["GET"]}}],"collection":[{"href":"https:\/\/www.orto24.lt\/en\/wp-json\/wp\/v2\/product"}],"about":[{"href":"https:\/\/www.orto24.lt\/en\/wp-json\/wp\/v2\/types\/product"}],"replies":[{"embeddable":true,"href":"https:\/\/www.orto24.lt\/en\/wp-json\/wp\/v2\/comments?post=30535"}],"version-history":[{"count":0,"href":"https:\/\/www.orto24.lt\/en\/wp-json\/wp\/v2\/product\/30535\/revisions"}],"wp:featuredmedia":[{"embeddable":true,"href":"https:\/\/www.orto24.lt\/en\/wp-json\/wp\/v2\/media\/30538"}],"wp:attachment":[{"href":"https:\/\/www.orto24.lt\/en\/wp-json\/wp\/v2\/media?parent=30535"}],"wp:term":[{"taxonomy":"product_brand","embeddable":true,"href":"https:\/\/www.orto24.lt\/en\/wp-json\/wp\/v2\/product_brand?post=30535"},{"taxonomy":"product_cat","embeddable":true,"href":"https:\/\/www.orto24.lt\/en\/wp-json\/wp\/v2\/product_cat?post=30535"},{"taxonomy":"product_tag","embeddable":true,"href":"https:\/\/www.orto24.lt\/en\/wp-json\/wp\/v2\/product_tag?post=30535"}],"curies":[{"name":"wp","href":"https:\/\/api.w.org\/{rel}","templated":true}]}}