{"id":30537,"date":"2020-12-23T11:09:53","date_gmt":"2020-12-23T11:09:53","guid":{"rendered":"https:\/\/www.orto24.lt\/produktas\/prim-pulse-oximeter\/"},"modified":"2020-12-23T11:09:53","modified_gmt":"2020-12-23T11:09:53","slug":"prim-pulse-oximeter","status":"publish","type":"product","link":"https:\/\/www.orto24.lt\/en\/produktas\/prim-pulse-oximeter\/","title":{"rendered":"PRIM pulse oximeter"},"content":{"rendered":"<p>A pulse oximeter is a device that records a patient&#8217;s pulse and the oxygen saturation of arterial blood.<\/p>\n<p>PRIM is a portable pulse oximeter for non-invasive determination of functional oxygen saturation in human arterial blood (SpO2) and measurement of pulse rate. This device can be used both at home and in a medical facility, thanks to its small size and integrated fingerprint sensor. The pulse oximeter does not need to be calibrated and works accurately and reliably. Pulse oximetry is based on the absorption of light in tissues (tissue blood vessels), where light is scattered by both arterial and venous haemoglobin in the tissues between the light source and the receiver, using photometric techniques.<\/p>\n<p>In a healthy person, a normal arterial blood oxygen saturation (SpO2) level can range from 94%. up to 99%. For people with mild respiratory disease, the SpO2 can be 90%. and more. If the arterial blood oxygen saturation level falls below 90%, the heart rate will drop to 90%. the person should be supplied with supplementary oxygen.<\/p>\n<p>Having a pulse oximeter device allows you to keep track of your health status.<\/p>\n<p>The PRIM pulse oximeter is CE certified.<\/p>\n","protected":false},"excerpt":{"rendered":"<p>The PRIM pulse oximeter is a device that records the patient&#8217;s pulse and the oxygen saturation of arterial blood.<\/p>\n","protected":false},"featured_media":30542,"comment_status":"open","ping_status":"closed","template":"","meta":[],"product_brand":[],"product_cat":[1444],"product_tag":[],"class_list":{"0":"post-30537","1":"product","2":"type-product","3":"status-publish","4":"has-post-thumbnail","6":"product_cat-pulse-oximeter-thermometers","8":"first","9":"instock","10":"taxable","11":"shipping-taxable","12":"purchasable","13":"product-type-simple"},"yoast_head":"<!-- This site is optimized with the Yoast SEO plugin v26.0 - https:\/\/yoast.com\/wordpress\/plugins\/seo\/ -->\n<title>PRIM pulse oximeter - Ortopedini\u0173 preki\u0173 parduotuv\u0117 - orto24.lt<\/title>\n<meta name=\"description\" content=\"The PRIM pulse oximeter is a device that records the patient&#039;s pulse and the oxygen saturation of arterial blood.\" \/>\n<meta name=\"robots\" content=\"index, follow, max-snippet:-1, max-image-preview:large, max-video-preview:-1\" \/>\n<link rel=\"canonical\" href=\"https:\/\/www.orto24.lt\/en\/produktas\/prim-pulse-oximeter\/\" \/>\n<meta property=\"og:locale\" content=\"en_US\" \/>\n<meta property=\"og:type\" content=\"article\" \/>\n<meta property=\"og:title\" content=\"PRIM pulse oximeter - Ortopedini\u0173 preki\u0173 parduotuv\u0117 - orto24.lt\" \/>\n<meta property=\"og:description\" content=\"The PRIM pulse oximeter is a device that records the patient&#039;s pulse and the oxygen saturation of arterial blood.\" \/>\n<meta property=\"og:url\" content=\"https:\/\/www.orto24.lt\/en\/produktas\/prim-pulse-oximeter\/\" \/>\n<meta property=\"og:site_name\" content=\"Ortopedini\u0173 preki\u0173 parduotuv\u0117 - orto24.lt\" \/>\n<meta property=\"article:publisher\" content=\"https:\/\/www.facebook.com\/mtsprendimai\/\" \/>\n<meta property=\"og:image\" content=\"https:\/\/www.orto24.lt\/wp-content\/uploads\/2020\/12\/PULSI-NEGRO-logoprim-scaled.jpg\" \/>\n\t<meta property=\"og:image:width\" content=\"2560\" \/>\n\t<meta property=\"og:image:height\" content=\"1653\" \/>\n\t<meta property=\"og:image:type\" content=\"image\/jpeg\" \/>\n<meta name=\"twitter:card\" content=\"summary_large_image\" \/>\n<meta name=\"twitter:label1\" content=\"Est. reading time\" \/>\n\t<meta name=\"twitter:data1\" content=\"1 minute\" \/>\n<script type=\"application\/ld+json\" class=\"yoast-schema-graph\">{\"@context\":\"https:\/\/schema.org\",\"@graph\":[{\"@type\":\"WebPage\",\"@id\":\"https:\/\/www.orto24.lt\/en\/produktas\/prim-pulse-oximeter\/\",\"url\":\"https:\/\/www.orto24.lt\/en\/produktas\/prim-pulse-oximeter\/\",\"name\":\"PRIM pulse oximeter - Ortopedini\u0173 preki\u0173 parduotuv\u0117 - orto24.lt\",\"isPartOf\":{\"@id\":\"https:\/\/www.orto24.lt\/en\/#website\"},\"primaryImageOfPage\":{\"@id\":\"https:\/\/www.orto24.lt\/en\/produktas\/prim-pulse-oximeter\/#primaryimage\"},\"image\":{\"@id\":\"https:\/\/www.orto24.lt\/en\/produktas\/prim-pulse-oximeter\/#primaryimage\"},\"thumbnailUrl\":\"https:\/\/www.orto24.lt\/wp-content\/uploads\/2020\/12\/PULSI-NEGRO-logoprim-scaled.jpg\",\"datePublished\":\"2020-12-23T11:09:53+00:00\",\"description\":\"The PRIM pulse oximeter is a device that records the patient's pulse and the oxygen saturation of arterial blood.\",\"breadcrumb\":{\"@id\":\"https:\/\/www.orto24.lt\/en\/produktas\/prim-pulse-oximeter\/#breadcrumb\"},\"inLanguage\":\"en-US\",\"potentialAction\":[{\"@type\":\"ReadAction\",\"target\":[\"https:\/\/www.orto24.lt\/en\/produktas\/prim-pulse-oximeter\/\"]}]},{\"@type\":\"ImageObject\",\"inLanguage\":\"en-US\",\"@id\":\"https:\/\/www.orto24.lt\/en\/produktas\/prim-pulse-oximeter\/#primaryimage\",\"url\":\"https:\/\/www.orto24.lt\/wp-content\/uploads\/2020\/12\/PULSI-NEGRO-logoprim-scaled.jpg\",\"contentUrl\":\"https:\/\/www.orto24.lt\/wp-content\/uploads\/2020\/12\/PULSI-NEGRO-logoprim-scaled.jpg\",\"width\":2560,\"height\":1653,\"caption\":\"PRIM pulse oximeter\"},{\"@type\":\"BreadcrumbList\",\"@id\":\"https:\/\/www.orto24.lt\/en\/produktas\/prim-pulse-oximeter\/#breadcrumb\",\"itemListElement\":[{\"@type\":\"ListItem\",\"position\":1,\"name\":\"Home\",\"item\":\"https:\/\/www.orto24.lt\/en\/\"},{\"@type\":\"ListItem\",\"position\":2,\"name\":\"Shop\",\"item\":\"https:\/\/www.orto24.lt\/en\/shop\/\"},{\"@type\":\"ListItem\",\"position\":3,\"name\":\"PRIM pulse oximeter\"}]},{\"@type\":\"WebSite\",\"@id\":\"https:\/\/www.orto24.lt\/en\/#website\",\"url\":\"https:\/\/www.orto24.lt\/en\/\",\"name\":\"Ortopedini\u0173 preki\u0173 parduotuv\u0117 - orto24.lt\",\"description\":\"| orto24.lt\",\"potentialAction\":[{\"@type\":\"SearchAction\",\"target\":{\"@type\":\"EntryPoint\",\"urlTemplate\":\"https:\/\/www.orto24.lt\/en\/?s={search_term_string}\"},\"query-input\":{\"@type\":\"PropertyValueSpecification\",\"valueRequired\":true,\"valueName\":\"search_term_string\"}}],\"inLanguage\":\"en-US\"}]}<\/script>\n<!-- \/ Yoast SEO plugin. -->","yoast_head_json":{"title":"PRIM pulse oximeter - Ortopedini\u0173 preki\u0173 parduotuv\u0117 - orto24.lt","description":"The PRIM pulse oximeter is a device that records the patient's pulse and the oxygen saturation of arterial blood.","robots":{"index":"index","follow":"follow","max-snippet":"max-snippet:-1","max-image-preview":"max-image-preview:large","max-video-preview":"max-video-preview:-1"},"canonical":"https:\/\/www.orto24.lt\/en\/produktas\/prim-pulse-oximeter\/","og_locale":"en_US","og_type":"article","og_title":"PRIM pulse oximeter - Ortopedini\u0173 preki\u0173 parduotuv\u0117 - orto24.lt","og_description":"The PRIM pulse oximeter is a device that records the patient's pulse and the oxygen saturation of arterial blood.","og_url":"https:\/\/www.orto24.lt\/en\/produktas\/prim-pulse-oximeter\/","og_site_name":"Ortopedini\u0173 preki\u0173 parduotuv\u0117 - orto24.lt","article_publisher":"https:\/\/www.facebook.com\/mtsprendimai\/","og_image":[{"width":2560,"height":1653,"url":"https:\/\/www.orto24.lt\/wp-content\/uploads\/2020\/12\/PULSI-NEGRO-logoprim-scaled.jpg","type":"image\/jpeg"}],"twitter_card":"summary_large_image","twitter_misc":{"Est. reading time":"1 minute"},"schema":{"@context":"https:\/\/schema.org","@graph":[{"@type":"WebPage","@id":"https:\/\/www.orto24.lt\/en\/produktas\/prim-pulse-oximeter\/","url":"https:\/\/www.orto24.lt\/en\/produktas\/prim-pulse-oximeter\/","name":"PRIM pulse oximeter - Ortopedini\u0173 preki\u0173 parduotuv\u0117 - orto24.lt","isPartOf":{"@id":"https:\/\/www.orto24.lt\/en\/#website"},"primaryImageOfPage":{"@id":"https:\/\/www.orto24.lt\/en\/produktas\/prim-pulse-oximeter\/#primaryimage"},"image":{"@id":"https:\/\/www.orto24.lt\/en\/produktas\/prim-pulse-oximeter\/#primaryimage"},"thumbnailUrl":"https:\/\/www.orto24.lt\/wp-content\/uploads\/2020\/12\/PULSI-NEGRO-logoprim-scaled.jpg","datePublished":"2020-12-23T11:09:53+00:00","description":"The PRIM pulse oximeter is a device that records the patient's pulse and the oxygen saturation of arterial blood.","breadcrumb":{"@id":"https:\/\/www.orto24.lt\/en\/produktas\/prim-pulse-oximeter\/#breadcrumb"},"inLanguage":"en-US","potentialAction":[{"@type":"ReadAction","target":["https:\/\/www.orto24.lt\/en\/produktas\/prim-pulse-oximeter\/"]}]},{"@type":"ImageObject","inLanguage":"en-US","@id":"https:\/\/www.orto24.lt\/en\/produktas\/prim-pulse-oximeter\/#primaryimage","url":"https:\/\/www.orto24.lt\/wp-content\/uploads\/2020\/12\/PULSI-NEGRO-logoprim-scaled.jpg","contentUrl":"https:\/\/www.orto24.lt\/wp-content\/uploads\/2020\/12\/PULSI-NEGRO-logoprim-scaled.jpg","width":2560,"height":1653,"caption":"PRIM pulse oximeter"},{"@type":"BreadcrumbList","@id":"https:\/\/www.orto24.lt\/en\/produktas\/prim-pulse-oximeter\/#breadcrumb","itemListElement":[{"@type":"ListItem","position":1,"name":"Home","item":"https:\/\/www.orto24.lt\/en\/"},{"@type":"ListItem","position":2,"name":"Shop","item":"https:\/\/www.orto24.lt\/en\/shop\/"},{"@type":"ListItem","position":3,"name":"PRIM pulse oximeter"}]},{"@type":"WebSite","@id":"https:\/\/www.orto24.lt\/en\/#website","url":"https:\/\/www.orto24.lt\/en\/","name":"Ortopedini\u0173 preki\u0173 parduotuv\u0117 - orto24.lt","description":"| orto24.lt","potentialAction":[{"@type":"SearchAction","target":{"@type":"EntryPoint","urlTemplate":"https:\/\/www.orto24.lt\/en\/?s={search_term_string}"},"query-input":{"@type":"PropertyValueSpecification","valueRequired":true,"valueName":"search_term_string"}}],"inLanguage":"en-US"}]}},"_links":{"self":[{"href":"https:\/\/www.orto24.lt\/en\/wp-json\/wp\/v2\/product\/30537","targetHints":{"allow":["GET"]}}],"collection":[{"href":"https:\/\/www.orto24.lt\/en\/wp-json\/wp\/v2\/product"}],"about":[{"href":"https:\/\/www.orto24.lt\/en\/wp-json\/wp\/v2\/types\/product"}],"replies":[{"embeddable":true,"href":"https:\/\/www.orto24.lt\/en\/wp-json\/wp\/v2\/comments?post=30537"}],"version-history":[{"count":0,"href":"https:\/\/www.orto24.lt\/en\/wp-json\/wp\/v2\/product\/30537\/revisions"}],"wp:featuredmedia":[{"embeddable":true,"href":"https:\/\/www.orto24.lt\/en\/wp-json\/wp\/v2\/media\/30542"}],"wp:attachment":[{"href":"https:\/\/www.orto24.lt\/en\/wp-json\/wp\/v2\/media?parent=30537"}],"wp:term":[{"taxonomy":"product_brand","embeddable":true,"href":"https:\/\/www.orto24.lt\/en\/wp-json\/wp\/v2\/product_brand?post=30537"},{"taxonomy":"product_cat","embeddable":true,"href":"https:\/\/www.orto24.lt\/en\/wp-json\/wp\/v2\/product_cat?post=30537"},{"taxonomy":"product_tag","embeddable":true,"href":"https:\/\/www.orto24.lt\/en\/wp-json\/wp\/v2\/product_tag?post=30537"}],"curies":[{"name":"wp","href":"https:\/\/api.w.org\/{rel}","templated":true}]}}