{"id":30545,"date":"2020-12-23T11:25:23","date_gmt":"2020-12-23T11:25:23","guid":{"rendered":"https:\/\/www.orto24.lt\/produktas\/prim-pulse-oximeter-for-children\/"},"modified":"2020-12-23T11:25:23","modified_gmt":"2020-12-23T11:25:23","slug":"prim-pulse-oximeter-for-children","status":"publish","type":"product","link":"https:\/\/www.orto24.lt\/en\/produktas\/prim-pulse-oximeter-for-children\/","title":{"rendered":"PRIM pulse oximeter for children"},"content":{"rendered":"<p>The pulse oximeter is recommended for children aged 1 to 12 years. The device is designed to measure blood oxygen saturation (SpO2) and pulse. To take measurements, place the device on your fingertip and hold it briefly.<\/p>\n<p>In a healthy child, a normal arterial blood oxygen saturation (SpO2) level can range from 94%. up to 99%. In children with mild respiratory disease, SpO2 can be 90%. and more. If the arterial blood oxygen saturation level falls below 90%, the heart rate will drop to 90%. the child should be given supplementary oxygen.<\/p>\n<p>Having a pulse oximeter device will allow you to keep track of your child&#8217;s health status.<\/p>\n<p>The PRIM pulse oximeter is CE certified.<\/p>\n","protected":false},"excerpt":{"rendered":"<p><strong> <\/strong>The PRIM pulse oximeter for children is a device that records the child&#8217;s pulse and the oxygen saturation of the arterial blood.<\/p>\n","protected":false},"featured_media":30543,"comment_status":"open","ping_status":"closed","template":"","meta":[],"product_brand":[],"product_cat":[1444],"product_tag":[],"class_list":{"0":"post-30545","1":"product","2":"type-product","3":"status-publish","4":"has-post-thumbnail","6":"product_cat-pulse-oximeter-thermometers","8":"first","9":"instock","10":"taxable","11":"shipping-taxable","12":"purchasable","13":"product-type-simple"},"yoast_head":"<!-- This site is optimized with the Yoast SEO plugin v26.0 - https:\/\/yoast.com\/wordpress\/plugins\/seo\/ -->\n<title>PRIM pulse oximeter for children - Ortopedini\u0173 preki\u0173 parduotuv\u0117 - orto24.lt<\/title>\n<meta name=\"description\" content=\"The PRIM pulse oximeter for children is a device that records the patient&#039;s pulse and the oxygen saturation of arterial blood.\" \/>\n<meta name=\"robots\" content=\"index, follow, max-snippet:-1, max-image-preview:large, max-video-preview:-1\" \/>\n<link rel=\"canonical\" href=\"https:\/\/www.orto24.lt\/en\/produktas\/prim-pulse-oximeter-for-children\/\" \/>\n<meta property=\"og:locale\" content=\"en_US\" \/>\n<meta property=\"og:type\" content=\"article\" \/>\n<meta property=\"og:title\" content=\"PRIM pulse oximeter for children - Ortopedini\u0173 preki\u0173 parduotuv\u0117 - orto24.lt\" \/>\n<meta property=\"og:description\" content=\"The PRIM pulse oximeter for children is a device that records the patient&#039;s pulse and the oxygen saturation of arterial blood.\" \/>\n<meta property=\"og:url\" content=\"https:\/\/www.orto24.lt\/en\/produktas\/prim-pulse-oximeter-for-children\/\" \/>\n<meta property=\"og:site_name\" content=\"Ortopedini\u0173 preki\u0173 parduotuv\u0117 - orto24.lt\" \/>\n<meta property=\"article:publisher\" content=\"https:\/\/www.facebook.com\/mtsprendimai\/\" \/>\n<meta property=\"og:image\" content=\"https:\/\/www.orto24.lt\/wp-content\/uploads\/2020\/12\/pulsi-infantil-logo-frontal.jpg\" \/>\n\t<meta property=\"og:image:width\" content=\"692\" \/>\n\t<meta property=\"og:image:height\" content=\"618\" \/>\n\t<meta property=\"og:image:type\" content=\"image\/jpeg\" \/>\n<meta name=\"twitter:card\" content=\"summary_large_image\" \/>\n<meta name=\"twitter:label1\" content=\"Est. reading time\" \/>\n\t<meta name=\"twitter:data1\" content=\"1 minute\" \/>\n<script type=\"application\/ld+json\" class=\"yoast-schema-graph\">{\"@context\":\"https:\/\/schema.org\",\"@graph\":[{\"@type\":\"WebPage\",\"@id\":\"https:\/\/www.orto24.lt\/en\/produktas\/prim-pulse-oximeter-for-children\/\",\"url\":\"https:\/\/www.orto24.lt\/en\/produktas\/prim-pulse-oximeter-for-children\/\",\"name\":\"PRIM pulse oximeter for children - Ortopedini\u0173 preki\u0173 parduotuv\u0117 - orto24.lt\",\"isPartOf\":{\"@id\":\"https:\/\/www.orto24.lt\/en\/#website\"},\"primaryImageOfPage\":{\"@id\":\"https:\/\/www.orto24.lt\/en\/produktas\/prim-pulse-oximeter-for-children\/#primaryimage\"},\"image\":{\"@id\":\"https:\/\/www.orto24.lt\/en\/produktas\/prim-pulse-oximeter-for-children\/#primaryimage\"},\"thumbnailUrl\":\"https:\/\/www.orto24.lt\/wp-content\/uploads\/2020\/12\/pulsi-infantil-logo-frontal.jpg\",\"datePublished\":\"2020-12-23T11:25:23+00:00\",\"description\":\"The PRIM pulse oximeter for children is a device that records the patient's pulse and the oxygen saturation of arterial blood.\",\"breadcrumb\":{\"@id\":\"https:\/\/www.orto24.lt\/en\/produktas\/prim-pulse-oximeter-for-children\/#breadcrumb\"},\"inLanguage\":\"en-US\",\"potentialAction\":[{\"@type\":\"ReadAction\",\"target\":[\"https:\/\/www.orto24.lt\/en\/produktas\/prim-pulse-oximeter-for-children\/\"]}]},{\"@type\":\"ImageObject\",\"inLanguage\":\"en-US\",\"@id\":\"https:\/\/www.orto24.lt\/en\/produktas\/prim-pulse-oximeter-for-children\/#primaryimage\",\"url\":\"https:\/\/www.orto24.lt\/wp-content\/uploads\/2020\/12\/pulsi-infantil-logo-frontal.jpg\",\"contentUrl\":\"https:\/\/www.orto24.lt\/wp-content\/uploads\/2020\/12\/pulsi-infantil-logo-frontal.jpg\",\"width\":692,\"height\":618,\"caption\":\"PRIM children's pulse oximeter\"},{\"@type\":\"BreadcrumbList\",\"@id\":\"https:\/\/www.orto24.lt\/en\/produktas\/prim-pulse-oximeter-for-children\/#breadcrumb\",\"itemListElement\":[{\"@type\":\"ListItem\",\"position\":1,\"name\":\"Home\",\"item\":\"https:\/\/www.orto24.lt\/en\/\"},{\"@type\":\"ListItem\",\"position\":2,\"name\":\"Shop\",\"item\":\"https:\/\/www.orto24.lt\/en\/shop\/\"},{\"@type\":\"ListItem\",\"position\":3,\"name\":\"PRIM pulse oximeter for children\"}]},{\"@type\":\"WebSite\",\"@id\":\"https:\/\/www.orto24.lt\/en\/#website\",\"url\":\"https:\/\/www.orto24.lt\/en\/\",\"name\":\"Ortopedini\u0173 preki\u0173 parduotuv\u0117 - orto24.lt\",\"description\":\"| orto24.lt\",\"potentialAction\":[{\"@type\":\"SearchAction\",\"target\":{\"@type\":\"EntryPoint\",\"urlTemplate\":\"https:\/\/www.orto24.lt\/en\/?s={search_term_string}\"},\"query-input\":{\"@type\":\"PropertyValueSpecification\",\"valueRequired\":true,\"valueName\":\"search_term_string\"}}],\"inLanguage\":\"en-US\"}]}<\/script>\n<!-- \/ Yoast SEO plugin. -->","yoast_head_json":{"title":"PRIM pulse oximeter for children - Ortopedini\u0173 preki\u0173 parduotuv\u0117 - orto24.lt","description":"The PRIM pulse oximeter for children is a device that records the patient's pulse and the oxygen saturation of arterial blood.","robots":{"index":"index","follow":"follow","max-snippet":"max-snippet:-1","max-image-preview":"max-image-preview:large","max-video-preview":"max-video-preview:-1"},"canonical":"https:\/\/www.orto24.lt\/en\/produktas\/prim-pulse-oximeter-for-children\/","og_locale":"en_US","og_type":"article","og_title":"PRIM pulse oximeter for children - Ortopedini\u0173 preki\u0173 parduotuv\u0117 - orto24.lt","og_description":"The PRIM pulse oximeter for children is a device that records the patient's pulse and the oxygen saturation of arterial blood.","og_url":"https:\/\/www.orto24.lt\/en\/produktas\/prim-pulse-oximeter-for-children\/","og_site_name":"Ortopedini\u0173 preki\u0173 parduotuv\u0117 - orto24.lt","article_publisher":"https:\/\/www.facebook.com\/mtsprendimai\/","og_image":[{"width":692,"height":618,"url":"https:\/\/www.orto24.lt\/wp-content\/uploads\/2020\/12\/pulsi-infantil-logo-frontal.jpg","type":"image\/jpeg"}],"twitter_card":"summary_large_image","twitter_misc":{"Est. reading time":"1 minute"},"schema":{"@context":"https:\/\/schema.org","@graph":[{"@type":"WebPage","@id":"https:\/\/www.orto24.lt\/en\/produktas\/prim-pulse-oximeter-for-children\/","url":"https:\/\/www.orto24.lt\/en\/produktas\/prim-pulse-oximeter-for-children\/","name":"PRIM pulse oximeter for children - Ortopedini\u0173 preki\u0173 parduotuv\u0117 - orto24.lt","isPartOf":{"@id":"https:\/\/www.orto24.lt\/en\/#website"},"primaryImageOfPage":{"@id":"https:\/\/www.orto24.lt\/en\/produktas\/prim-pulse-oximeter-for-children\/#primaryimage"},"image":{"@id":"https:\/\/www.orto24.lt\/en\/produktas\/prim-pulse-oximeter-for-children\/#primaryimage"},"thumbnailUrl":"https:\/\/www.orto24.lt\/wp-content\/uploads\/2020\/12\/pulsi-infantil-logo-frontal.jpg","datePublished":"2020-12-23T11:25:23+00:00","description":"The PRIM pulse oximeter for children is a device that records the patient's pulse and the oxygen saturation of arterial blood.","breadcrumb":{"@id":"https:\/\/www.orto24.lt\/en\/produktas\/prim-pulse-oximeter-for-children\/#breadcrumb"},"inLanguage":"en-US","potentialAction":[{"@type":"ReadAction","target":["https:\/\/www.orto24.lt\/en\/produktas\/prim-pulse-oximeter-for-children\/"]}]},{"@type":"ImageObject","inLanguage":"en-US","@id":"https:\/\/www.orto24.lt\/en\/produktas\/prim-pulse-oximeter-for-children\/#primaryimage","url":"https:\/\/www.orto24.lt\/wp-content\/uploads\/2020\/12\/pulsi-infantil-logo-frontal.jpg","contentUrl":"https:\/\/www.orto24.lt\/wp-content\/uploads\/2020\/12\/pulsi-infantil-logo-frontal.jpg","width":692,"height":618,"caption":"PRIM children's pulse oximeter"},{"@type":"BreadcrumbList","@id":"https:\/\/www.orto24.lt\/en\/produktas\/prim-pulse-oximeter-for-children\/#breadcrumb","itemListElement":[{"@type":"ListItem","position":1,"name":"Home","item":"https:\/\/www.orto24.lt\/en\/"},{"@type":"ListItem","position":2,"name":"Shop","item":"https:\/\/www.orto24.lt\/en\/shop\/"},{"@type":"ListItem","position":3,"name":"PRIM pulse oximeter for children"}]},{"@type":"WebSite","@id":"https:\/\/www.orto24.lt\/en\/#website","url":"https:\/\/www.orto24.lt\/en\/","name":"Ortopedini\u0173 preki\u0173 parduotuv\u0117 - orto24.lt","description":"| orto24.lt","potentialAction":[{"@type":"SearchAction","target":{"@type":"EntryPoint","urlTemplate":"https:\/\/www.orto24.lt\/en\/?s={search_term_string}"},"query-input":{"@type":"PropertyValueSpecification","valueRequired":true,"valueName":"search_term_string"}}],"inLanguage":"en-US"}]}},"_links":{"self":[{"href":"https:\/\/www.orto24.lt\/en\/wp-json\/wp\/v2\/product\/30545","targetHints":{"allow":["GET"]}}],"collection":[{"href":"https:\/\/www.orto24.lt\/en\/wp-json\/wp\/v2\/product"}],"about":[{"href":"https:\/\/www.orto24.lt\/en\/wp-json\/wp\/v2\/types\/product"}],"replies":[{"embeddable":true,"href":"https:\/\/www.orto24.lt\/en\/wp-json\/wp\/v2\/comments?post=30545"}],"version-history":[{"count":0,"href":"https:\/\/www.orto24.lt\/en\/wp-json\/wp\/v2\/product\/30545\/revisions"}],"wp:featuredmedia":[{"embeddable":true,"href":"https:\/\/www.orto24.lt\/en\/wp-json\/wp\/v2\/media\/30543"}],"wp:attachment":[{"href":"https:\/\/www.orto24.lt\/en\/wp-json\/wp\/v2\/media?parent=30545"}],"wp:term":[{"taxonomy":"product_brand","embeddable":true,"href":"https:\/\/www.orto24.lt\/en\/wp-json\/wp\/v2\/product_brand?post=30545"},{"taxonomy":"product_cat","embeddable":true,"href":"https:\/\/www.orto24.lt\/en\/wp-json\/wp\/v2\/product_cat?post=30545"},{"taxonomy":"product_tag","embeddable":true,"href":"https:\/\/www.orto24.lt\/en\/wp-json\/wp\/v2\/product_tag?post=30545"}],"curies":[{"name":"wp","href":"https:\/\/api.w.org\/{rel}","templated":true}]}}